{"id":51539,"date":"2020-11-11T20:40:03","date_gmt":"2020-11-11T18:40:03","guid":{"rendered":"https:\/\/obera.fr\/tk-serien\/"},"modified":"2025-06-29T21:41:57","modified_gmt":"2025-06-29T19:41:57","slug":"tk-serie","status":"publish","type":"page","link":"https:\/\/obera.fr\/da\/produits\/depoussiereurs-industriels\/petits\/tk-serie\/","title":{"rendered":"TK-serien"},"content":{"rendered":"\n<p><a href=\"https:\/\/obera.fr\/da\/produits\/depoussiereurs-industriels\/smaa-industrielle-stoevopsamlere\/\" data-type=\"page\" data-id=\"393\">Sm\u00e5 st\u00f8vopsamlere<\/a> til direkte udsugning p\u00e5 bearbejdningscentre<\/p>\n\n<div class=\"wp-block-columns is-layout-flex wp-container-core-columns-is-layout-28f84493 wp-block-columns-is-layout-flex\">\n<div class=\"wp-block-column is-layout-flow wp-block-column-is-layout-flow\" style=\"flex-basis:33.33%\">\n<figure class=\"wp-block-image aligncenter size-full\"><img decoding=\"async\" width=\"600\" height=\"600\" src=\"https:\/\/obera.fr\/wp-content\/uploads\/2020\/11\/tk-series.jpg\" alt=\"TK-serien\" class=\"wp-image-1607\" srcset=\"https:\/\/obera.fr\/wp-content\/uploads\/2020\/11\/tk-series.jpg 600w, https:\/\/obera.fr\/wp-content\/uploads\/2020\/11\/tk-series-300x300.jpg 300w, https:\/\/obera.fr\/wp-content\/uploads\/2020\/11\/tk-series-150x150.jpg 150w\" sizes=\"(max-width: 600px) 100vw, 600px\" \/><\/figure>\n<\/div>\n\n\n\n<div class=\"wp-block-column is-layout-flow wp-block-column-is-layout-flow\" style=\"flex-basis:66.66%\">\n<p>De <strong>sm\u00e5 st\u00f8vsugere<\/strong> i TK-serien er designet til sporadisk brug til enkeltpunktsudsugning i mekaniske v\u00e6rksteder og metalbearbejdningsvirksomheder. Den st\u00f8vede luft renses af det reng\u00f8ringsvenlige tekstilfilter, som g\u00f8r det muligt at f\u00f8re luften tilbage til arbejdsomr\u00e5det. Takket v\u00e6re deres lille st\u00f8rrelse kan st\u00f8vopsamlerne hurtigt og nemt monteres under borde eller p\u00e5 hylder.  <\/p>\n\n\n\n<p>For at forst\u00e6rke denne installation kan man overveje at integrere en <a href=\"https:\/\/obera.fr\/da\/produits\/bras-dispositifs-captation\/capot-industriel\/\">industriel motorhjelm<\/a>. Denne motorhjelm, der er <strong>specielt designet til en industriel anvendelse,<\/strong> \u00f8ger effektiviteten af st\u00f8vopsamlingen ved at koncentrere indsugningsluftstr\u00f8mmen og beskytte det umiddelbare milj\u00f8. <\/p>\n\n\n\n<p>N\u00e5r man skal v\u00e6lge en st\u00f8vopsamler, er det vigtigt at stille sp\u00f8rgsm\u00e5let:<a href=\"https:\/\/obera.fr\/da\/vores-raad\/quel-depoussiereur-choisir-selon-type-poussiere\/\">&#8220;Hvilken st\u00f8vopsamler skal jeg v\u00e6lge?<\/a> For at besvare dette sp\u00f8rgsm\u00e5l skal der tages h\u00f8jde for en r\u00e6kke faktorer, f.eks. den genererede st\u00f8vm\u00e6ngde, partikeltypen og de specifikke forhold p\u00e5 v\u00e6rkstedet. En <strong>egnet industriel st\u00f8vopsamler <\/strong>skal v\u00e6re i stand til effektivt at h\u00e5ndtere de st\u00f8vtyper, der opst\u00e5r, og samtidig have den rigtige st\u00f8rrelse i forhold til den tilg\u00e6ngelige plads.  <\/p>\n\n\n\n<p>Et andet afg\u00f8rende aspekt er sikkerhed, is\u00e6r <a href=\"https:\/\/obera.fr\/da\/vores-raad\/procede-depoussierage-risque-explosion-incendie\/\">risikoen for eksplosion<\/a>. I milj\u00f8er, hvor der er metalst\u00f8v eller andre br\u00e6ndbare partikler, <strong>skal st\u00f8vopsamleren v\u00e6re udstyret med systemer til forebyggelse<\/strong> og beskyttelse mod eksplosion. Det indeb\u00e6rer funktioner som kontraventiler, eksplosionsundertrykkelsessystemer og design, der minimerer risikoen for gnistdannelse.  <\/p>\n\n\n\n<p>For at garantere et sikkert og rent arbejdsmilj\u00f8 er det vigtigt at v\u00e6lge den rigtige <a href=\"https:\/\/obera.fr\/da\/produits\/depoussiereurs-industriels\/\">industrielle st\u00f8vopsamler<\/a>, at supplere systemet med en industriel motorhjelm, hvis det er n\u00f8dvendigt, og at sikre, at alt udstyret er <strong>tilpasset til at minimere risici<\/strong>, is\u00e6r for eksplosion, samtidig med at st\u00f8vopsamlingseffektiviteten maksimeres.<\/p>\n\n\n\n<div class=\"wp-block-columns is-layout-flex wp-container-core-columns-is-layout-28f84493 wp-block-columns-is-layout-flex\">\n<div class=\"wp-block-column is-layout-flow wp-block-column-is-layout-flow\" style=\"flex-basis:33.34%\">\n<div class=\"wp-block-buttons is-content-justification-center is-layout-flex wp-container-core-buttons-is-layout-a89b3969 wp-block-buttons-is-layout-flex\">\n<div class=\"wp-block-button\"><a class=\"wp-block-button__link wp-element-button\" href=\"https:\/\/obera.fr\/wp-content\/uploads\/2025\/05\/brochure-tk-fr.pdf\">Download brochuren<\/a><\/div>\n<\/div>\n<\/div>\n\n\n\n<div class=\"wp-block-column is-layout-flow wp-block-column-is-layout-flow\" style=\"flex-basis:33.34%\">\n<div class=\"wp-block-buttons is-horizontal is-content-justification-center is-layout-flex wp-container-core-buttons-is-layout-03627597 wp-block-buttons-is-layout-flex\">\n<div class=\"wp-block-button has-custom-width wp-block-button__width-100\"><a class=\"wp-block-button__link wp-element-button\" href=\"https:\/\/obera.fr\/da\/kontakt-os\/\">F\u00e5 flere oplysninger<\/a><\/div>\n<\/div>\n<\/div>\n\n\n\n<div class=\"wp-block-column is-layout-flow wp-block-column-is-layout-flow\" style=\"flex-basis:33.33%\">\n<div class=\"wp-block-buttons is-content-justification-center is-layout-flex wp-container-core-buttons-is-layout-a89b3969 wp-block-buttons-is-layout-flex\">\n<div class=\"wp-block-button btn-devis-source\"><a class=\"wp-block-button__link wp-element-button\" href=\"https:\/\/obera.fr\/da\/devis\/\">Anmod om et tilbud<\/a><\/div>\n<\/div>\n\n\n<script>\r\ndocument.addEventListener('DOMContentLoaded', function() {\r\n    \/\/ 1. On cherche le titre H1 de la page\r\n    var h1 = document.querySelector('h1');\r\n    var productTitle = h1 ? h1.innerText.trim() : \"\";\r\n\r\n    \/\/ 2. On cherche les boutons via la classe CSS .btn-devis-source\r\n    var buttons = document.querySelectorAll('.btn-devis-source a');\r\n\r\n    \/\/ 3. Si on a le titre et les boutons, on ajoute le param\u00e8tre\r\n    if (buttons.length > 0 && productTitle !== \"\") {\r\n        var encodedTitle = encodeURIComponent(productTitle);\r\n\r\n        buttons.forEach(function(btn) {\r\n            var currentHref = btn.getAttribute('href');\r\n            \r\n            \/\/ S\u00e9curit\u00e9 pour ne pas ajouter le param\u00e8tre 2 fois\r\n            if (currentHref.indexOf('sujet=') === -1) {\r\n                var separator = currentHref.indexOf('?') !== -1 ? '&' : '?';\r\n                var newLink = currentHref + separator + 'sujet=' + encodedTitle;\r\n                \r\n                btn.setAttribute('href', newLink);\r\n            }\r\n        });\r\n    }\r\n});\r\n<\/script><\/div>\n<\/div>\n<\/div>\n<\/div>\n\n<figure class=\"wp-block-gallery has-nested-images columns-default wp-block-gallery-1 is-layout-flex wp-block-gallery-is-layout-flex\">\n<figure class=\"wp-block-image size-large\"><img decoding=\"async\" width=\"1024\" height=\"576\" data-id=\"1791\" src=\"https:\/\/obera.fr\/wp-content\/uploads\/2020\/11\/TK-Filtration-1024x576.jpg\" alt=\"Tk Filtrering\" class=\"wp-image-1791\" srcset=\"https:\/\/obera.fr\/wp-content\/uploads\/2020\/11\/TK-Filtration-1024x576.jpg 1024w, https:\/\/obera.fr\/wp-content\/uploads\/2020\/11\/TK-Filtration-300x169.jpg 300w, https:\/\/obera.fr\/wp-content\/uploads\/2020\/11\/TK-Filtration-768x432.jpg 768w, https:\/\/obera.fr\/wp-content\/uploads\/2020\/11\/TK-Filtration.jpg 1200w\" sizes=\"(max-width: 1024px) 100vw, 1024px\" \/><figcaption class=\"wp-element-caption\">Filtrering<\/figcaption><\/figure>\n\n\n\n<figure class=\"wp-block-image size-large\"><img decoding=\"async\" width=\"1024\" height=\"576\" data-id=\"1792\" src=\"https:\/\/obera.fr\/wp-content\/uploads\/2020\/11\/TK-tiroir-des-dechets-1024x576.jpg\" alt=\"Tk Tiroir Des Dechets\" class=\"wp-image-1792\" srcset=\"https:\/\/obera.fr\/wp-content\/uploads\/2020\/11\/TK-tiroir-des-dechets-1024x576.jpg 1024w, https:\/\/obera.fr\/wp-content\/uploads\/2020\/11\/TK-tiroir-des-dechets-300x169.jpg 300w, https:\/\/obera.fr\/wp-content\/uploads\/2020\/11\/TK-tiroir-des-dechets-768x432.jpg 768w, https:\/\/obera.fr\/wp-content\/uploads\/2020\/11\/TK-tiroir-des-dechets.jpg 1200w\" sizes=\"(max-width: 1024px) 100vw, 1024px\" \/><figcaption class=\"wp-element-caption\">Skuffen til affald<\/figcaption><\/figure>\n<\/figure>\n\n<div class=\"wp-block-columns is-layout-flex wp-container-core-columns-is-layout-28f84493 wp-block-columns-is-layout-flex\">\n<div class=\"wp-block-column is-layout-flow wp-block-column-is-layout-flow\">\n<h2 class=\"wp-block-heading has-text-align-center\">Fordele<\/h2>\n\n\n\n<ul class=\"wp-block-list\">\n<li>Lille fodaftryk takket v\u00e6re kompakt design<\/li>\n\n\n\n<li>Let at bruge<\/li>\n\n\n\n<li>Lave driftsomkostninger takket v\u00e6re reng\u00f8ringsvenligt posefilter<\/li>\n\n\n\n<li>Lav vedligeholdelse<\/li>\n\n\n\n<li>Reng\u00f8rbart, langtidsholdbart posefilter<\/li>\n\n\n\n<li>Robust skuffe til st\u00f8vopsamling<\/li>\n<\/ul>\n<\/div>\n\n\n\n<div class=\"wp-block-column is-layout-flow wp-block-column-is-layout-flow\">\n<h2 class=\"wp-block-heading has-text-align-center\">S\u00e6rlige funktioner<\/h2>\n\n\n\n<ul class=\"wp-block-list\">\n<li>Manuel reng\u00f8ring af posefilteret<\/li>\n\n\n\n<li>Station\u00e6r installation<\/li>\n<\/ul>\n<\/div>\n\n\n\n<div class=\"wp-block-column is-layout-flow wp-block-column-is-layout-flow\">\n<h2 class=\"wp-block-heading has-text-align-center\">Funktioner<\/h2>\n\n\n\n<ul class=\"wp-block-list\">\n<li>Til direkte udsugning p\u00e5 slibe-, fr\u00e6se- og afgratningsmaskiner<\/li>\n\n\n\n<li>Til sporadisk brug med sm\u00e5 m\u00e6ngder st\u00f8v<\/li>\n<\/ul>\n<\/div>\n<\/div>\n\n<h2 class=\"wp-block-heading\">Anvendelser<\/h2>\n\n<div class=\"wp-block-columns is-layout-flex wp-container-core-columns-is-layout-28f84493 wp-block-columns-is-layout-flex\">\n<div class=\"wp-block-column is-layout-flow wp-block-column-is-layout-flow\">\n<h3 class=\"wp-block-heading has-text-align-center\">Forurenende stoffer<\/h3>\n\n\n\n<hr class=\"wp-block-separator has-css-opacity is-style-wide\"\/>\n\n\n\n<div class=\"wp-block-columns is-layout-flex wp-container-core-columns-is-layout-28f84493 wp-block-columns-is-layout-flex\">\n<div class=\"wp-block-column is-layout-flow wp-block-column-is-layout-flow\">\n<figure class=\"wp-block-image aligncenter size-large\"><img decoding=\"async\" width=\"70\" height=\"70\" src=\"https:\/\/obera.fr\/wp-content\/uploads\/2020\/08\/polluants-poussieres.jpg\" alt=\"Forurenende stoffer St&#xF8;v\" class=\"wp-image-675\"\/><figcaption class=\"wp-element-caption\">St\u00f8v<\/figcaption><\/figure>\n\n\n\n<figure class=\"wp-block-image aligncenter size-large\"><img decoding=\"async\" width=\"70\" height=\"70\" src=\"https:\/\/obera.fr\/wp-content\/uploads\/2020\/08\/polluants-copeaux-bois.jpg\" alt=\"Forurenende stoffer Tr&#xE6;flis\" class=\"wp-image-674\"\/><figcaption class=\"wp-element-caption\">Chips<\/figcaption><\/figure>\n<\/div>\n\n\n\n<div class=\"wp-block-column is-layout-flow wp-block-column-is-layout-flow\">\n<figure class=\"wp-block-image aligncenter size-large\"><img decoding=\"async\" width=\"70\" height=\"70\" src=\"https:\/\/obera.fr\/wp-content\/uploads\/2020\/08\/industrie-fumees.jpg\" alt=\"R&#xF8;g i industrien\" class=\"wp-image-722\"\/><figcaption class=\"wp-element-caption\">Damp<\/figcaption><\/figure>\n<\/div>\n<\/div>\n\n\n\n<p><\/p>\n<\/div>\n\n\n\n<div class=\"wp-block-column is-layout-flow wp-block-column-is-layout-flow\">\n<h3 class=\"wp-block-heading has-text-align-center\">Industrier<\/h3>\n\n\n\n<hr class=\"wp-block-separator has-css-opacity is-style-wide\"\/>\n\n\n\n<div class=\"wp-block-columns is-layout-flex wp-container-core-columns-is-layout-28f84493 wp-block-columns-is-layout-flex\">\n<div class=\"wp-block-column is-layout-flow wp-block-column-is-layout-flow\">\n<figure class=\"wp-block-image aligncenter size-large\"><img decoding=\"async\" width=\"70\" height=\"70\" src=\"https:\/\/obera.fr\/wp-content\/uploads\/2020\/08\/industrie-metallurgie.jpg\" alt=\"Metallurgisk industri\" class=\"wp-image-673\"\/><figcaption class=\"wp-element-caption\">Metallurgi<\/figcaption><\/figure>\n<\/div>\n\n\n\n<div class=\"wp-block-column is-layout-flow wp-block-column-is-layout-flow\">\n<figure class=\"wp-block-image aligncenter size-large\"><img decoding=\"async\" width=\"70\" height=\"70\" src=\"https:\/\/obera.fr\/wp-content\/uploads\/2020\/08\/industrie-plastique.jpg\" alt=\"Plastindustrien\" class=\"wp-image-669\"\/><figcaption class=\"wp-element-caption\">Plast<\/figcaption><\/figure>\n<\/div>\n<\/div>\n<\/div>\n<\/div>\n\n<div class=\"wp-block-buttons is-horizontal is-content-justification-center is-layout-flex wp-container-core-buttons-is-layout-03627597 wp-block-buttons-is-layout-flex\">\n<div class=\"wp-block-button has-custom-width wp-block-button__width-100\"><a class=\"wp-block-button__link wp-element-button\" href=\"https:\/\/obera.fr\/da\/kontakt-os\/\">F\u00e5 flere oplysninger<\/a><\/div>\n<\/div>\n\n<h2 class=\"wp-block-heading\">Tekniske specifikationer<\/h2>\n\n<table id=\"tablepress-154\" class=\"tablepress tablepress-id-154\">\n<thead>\n<tr class=\"row-1\">\n\t<th class=\"column-1\">Appareil<\/th><td class=\"column-2\"><\/td><th class=\"column-3\">4<\/th><th class=\"column-4\">6<\/th>\n<\/tr>\n<\/thead>\n<tbody class=\"row-striping row-hover\">\n<tr class=\"row-2\">\n\t<td class=\"column-1\">D\u00e9bit<\/td><td class=\"column-2\">m3\/h<\/td><td class=\"column-3\">300<\/td><td class=\"column-4\">450<\/td>\n<\/tr>\n<tr class=\"row-3\">\n\t<td class=\"column-1\">Diam\u00e8tre d'entr\u00e9e<\/td><td class=\"column-2\">mm<\/td><td class=\"column-3\">60<\/td><td class=\"column-4\">80<\/td>\n<\/tr>\n<tr class=\"row-4\">\n\t<td class=\"column-1\">pression n\u00e9gative max<\/td><td class=\"column-2\">Pa<\/td><td class=\"column-3\">1400<\/td><td class=\"column-4\">1400<\/td>\n<\/tr>\n<tr class=\"row-5\">\n\t<td class=\"column-1\">Tension d'alimentation<\/td><td class=\"column-2\">V<\/td><td class=\"column-3\">400<\/td><td class=\"column-4\">400<\/td>\n<\/tr>\n<tr class=\"row-6\">\n\t<td class=\"column-1\">Puissance<\/td><td class=\"column-2\">kW<\/td><td class=\"column-3\">0.55<\/td><td class=\"column-4\">0.55<\/td>\n<\/tr>\n<tr class=\"row-7\">\n\t<td class=\"column-1\">Dimensions<\/td><td class=\"column-2\">l\/L\/h (mm)<\/td><td class=\"column-3\">400 x 400 x 590<\/td><td class=\"column-4\">400 x 400 x 590<\/td>\n<\/tr>\n<tr class=\"row-8\">\n\t<td class=\"column-1\">Poids<\/td><td class=\"column-2\">kg<\/td><td class=\"column-3\">40<\/td><td class=\"column-4\">40<\/td>\n<\/tr>\n<tr class=\"row-9\">\n\t<td class=\"column-1\">Niveau de Bruyance<\/td><td class=\"column-2\">dB(A)<\/td><td class=\"column-3\">68<\/td><td class=\"column-4\">68<\/td>\n<\/tr>\n<\/tbody>\n<\/table>\n\n\n<hr class=\"wp-block-separator has-css-opacity is-style-dots\"\/>\n\n<h2 class=\"wp-block-heading\">Andre sm\u00e5 st\u00f8veklude fra m\u00e6rket oberA<\/h2>\n\n<div class=\"wp-block-columns is-layout-flex wp-container-core-columns-is-layout-28f84493 wp-block-columns-is-layout-flex\">\n<div class=\"wp-block-column is-layout-flow wp-block-column-is-layout-flow\">\n<figure class=\"wp-block-image aligncenter size-medium\"><a href=\"https:\/\/obera.fr\/produits\/depoussiereurs-industriels\/petits\/jumbo\/\"><img decoding=\"async\" width=\"300\" height=\"300\" src=\"https:\/\/obera.fr\/wp-content\/uploads\/2020\/10\/jumbo-300x300.png\" alt=\"Jumbo\" class=\"wp-image-1171\" srcset=\"https:\/\/obera.fr\/wp-content\/uploads\/2020\/10\/jumbo-300x300.png 300w, https:\/\/obera.fr\/wp-content\/uploads\/2020\/10\/jumbo-150x150.png 150w, https:\/\/obera.fr\/wp-content\/uploads\/2020\/10\/jumbo.png 500w\" sizes=\"(max-width: 300px) 100vw, 300px\" \/><\/a><figcaption class=\"wp-element-caption\">Jumbo<\/figcaption><\/figure>\n<\/div>\n\n\n\n<div class=\"wp-block-column is-layout-flow wp-block-column-is-layout-flow\">\n<figure class=\"wp-block-image aligncenter size-full is-resized\"><a href=\"https:\/\/obera.fr\/produits\/depoussiereurs-industriels\/petits\/srf-t\/\"><img decoding=\"async\" width=\"600\" height=\"600\" src=\"https:\/\/obera.fr\/wp-content\/uploads\/2020\/10\/SRF-T-SF.png\" alt=\"R&#xF8;g - St&#xF8;vopsamler\" class=\"wp-image-1310\" style=\"width:300px;height:300px\" srcset=\"https:\/\/obera.fr\/wp-content\/uploads\/2020\/10\/SRF-T-SF.png 600w, https:\/\/obera.fr\/wp-content\/uploads\/2020\/10\/SRF-T-SF-300x300.png 300w, https:\/\/obera.fr\/wp-content\/uploads\/2020\/10\/SRF-T-SF-150x150.png 150w\" sizes=\"(max-width: 600px) 100vw, 600px\" \/><\/a><figcaption class=\"wp-element-caption\">SRF-T<\/figcaption><\/figure>\n<\/div>\n\n\n\n<div class=\"wp-block-column is-layout-flow wp-block-column-is-layout-flow\">\n<figure class=\"wp-block-image aligncenter size-medium\"><a href=\"https:\/\/obera.fr\/produits\/depoussiereurs-industriels\/petits\/aspiration-fumees-soudage-laser-epur-b-ex\/\"><img decoding=\"async\" width=\"300\" height=\"300\" src=\"https:\/\/obera.fr\/wp-content\/uploads\/2023\/10\/epurb-ex-1000-3000-5000-300x300.png\" alt=\"oberA epur b ex 1000 3000 5000\" class=\"wp-image-25016\" srcset=\"https:\/\/obera.fr\/wp-content\/uploads\/2023\/10\/epurb-ex-1000-3000-5000-300x300.png 300w, https:\/\/obera.fr\/wp-content\/uploads\/2023\/10\/epurb-ex-1000-3000-5000-150x150.png 150w, https:\/\/obera.fr\/wp-content\/uploads\/2023\/10\/epurb-ex-1000-3000-5000.png 600w\" sizes=\"(max-width: 300px) 100vw, 300px\" \/><\/a><figcaption class=\"wp-element-caption\">EPUR B EX 1000<\/figcaption><\/figure>\n<\/div>\n<\/div>\n\n<p><\/p>\n","protected":false},"excerpt":{"rendered":"<p>Sm\u00e5 st\u00f8vopsamlere til direkte udsugning p\u00e5 bearbejdningscentre De sm\u00e5 st\u00f8vsugere i TK-serien er designet til sporadisk brug til enkeltpunktsudsugning i mekaniske v\u00e6rksteder og metalbearbejdningsvirksomheder. Den st\u00f8vede luft renses af det reng\u00f8ringsvenlige tekstilfilter, som g\u00f8r det muligt at f\u00f8re luften tilbage til arbejdsomr\u00e5det. Takket v\u00e6re deres lille st\u00f8rrelse kan st\u00f8vopsamlerne hurtigt og nemt monteres under borde eller p\u00e5 hylder. For at forst\u00e6rke denne installation kan man overveje at integrere en industriel motorhjelm. Denne motorhjelm, der er specielt designet til en industriel anvendelse, \u00f8ger effektiviteten af st\u00f8vopsamlingen ved at koncentrere indsugningsluftstr\u00f8mmen og beskytte det umiddelbare milj\u00f8. N\u00e5r man skal v\u00e6lge en st\u00f8vopsamler, &#8230; <\/p>\n<p class=\"read-more-container\"><a title=\"TK-serien\" class=\"read-more button\" href=\"https:\/\/obera.fr\/da\/produits\/depoussiereurs-industriels\/petits\/tk-serie\/#more-51539\" aria-label=\"Read more about TK-serien\">Lire la suite<\/a><\/p>\n","protected":false},"author":4,"featured_media":50558,"parent":52081,"menu_order":0,"comment_status":"closed","ping_status":"closed","template":"","meta":{"_acf_changed":false,"_seopress_robots_primary_cat":"","_seopress_titles_title":"TK-serien: Sm\u00e5 st\u00f8vopsamlere til direkte udsugning","_seopress_titles_desc":"De sm\u00e5 st\u00f8vsugere i TK-serien er designet til one-stop-udsugning i mekaniske v\u00e6rksteder og metalforarbejdningsvirksomheder.","_seopress_robots_index":"","footnotes":""},"class_list":{"0":"post-51539","1":"page","2":"type-page","3":"status-publish","4":"has-post-thumbnail","6":"no-featured-image-padding","7":"resize-featured-image"},"acf":[],"_links":{"self":[{"href":"https:\/\/obera.fr\/da\/wp-json\/wp\/v2\/pages\/51539","targetHints":{"allow":["GET"]}}],"collection":[{"href":"https:\/\/obera.fr\/da\/wp-json\/wp\/v2\/pages"}],"about":[{"href":"https:\/\/obera.fr\/da\/wp-json\/wp\/v2\/types\/page"}],"author":[{"embeddable":true,"href":"https:\/\/obera.fr\/da\/wp-json\/wp\/v2\/users\/4"}],"replies":[{"embeddable":true,"href":"https:\/\/obera.fr\/da\/wp-json\/wp\/v2\/comments?post=51539"}],"version-history":[{"count":9,"href":"https:\/\/obera.fr\/da\/wp-json\/wp\/v2\/pages\/51539\/revisions"}],"predecessor-version":[{"id":117582,"href":"https:\/\/obera.fr\/da\/wp-json\/wp\/v2\/pages\/51539\/revisions\/117582"}],"up":[{"embeddable":true,"href":"https:\/\/obera.fr\/da\/wp-json\/wp\/v2\/pages\/52081"}],"wp:featuredmedia":[{"embeddable":true,"href":"https:\/\/obera.fr\/da\/wp-json\/wp\/v2\/media\/50558"}],"wp:attachment":[{"href":"https:\/\/obera.fr\/da\/wp-json\/wp\/v2\/media?parent=51539"}],"curies":[{"name":"wp","href":"https:\/\/api.w.org\/{rel}","templated":true}]}}