{"id":51632,"date":"2020-08-26T16:20:18","date_gmt":"2020-08-26T14:20:18","guid":{"rendered":"https:\/\/obera.fr\/oplev-obera\/"},"modified":"2025-07-21T15:04:32","modified_gmt":"2025-07-21T13:04:32","slug":"decouvrir","status":"publish","type":"page","link":"https:\/\/obera.fr\/da\/decouvrir\/","title":{"rendered":"Oplev OberA"},"content":{"rendered":"\n<h2 class=\"wp-block-heading\">Vores slogan: &#8220;OberA, garanti for <mark style=\"background-color:rgba(0, 0, 0, 0)\" class=\"has-inline-color has-global-color-8-color\">din virksomheds <\/mark> luftkvalitet!&#8221;<\/h2>\n\n<p><\/p>\n\n<p>OberA, der har base i Alsace, er ekspert i industriel luftbehandling. Fra design til fremstilling og distribution er vi til stede i hele Frankrig og Europa. Med vores \u00f8kologiske og \u00f8konomiske l\u00f8sninger, der er skr\u00e6ddersyet til dine behov, kan du nyde godt af et sundt arbejdsmilj\u00f8, der forbedrer arbejdsforholdene og \u00f8ger din virksomheds produktivitet.  <\/p>\n\n<div class=\"wp-block-columns is-layout-flex wp-container-core-columns-is-layout-28f84493 wp-block-columns-is-layout-flex\">\n<div class=\"wp-block-column is-layout-flow wp-block-column-is-layout-flow\" style=\"flex-basis:25%\"><\/div>\n\n\n\n<div class=\"wp-block-column is-layout-flow wp-block-column-is-layout-flow\" style=\"flex-basis:50%\">\n<p><\/p>\n\n\n\n<figure class=\"wp-block-video\"><video height=\"1080\" style=\"aspect-ratio: 1920 \/ 1080;\" width=\"1920\" autoplay=\"\" controls=\"\" loop=\"\" muted=\"\" poster=\"https:\/\/obera.fr\/wp-content\/uploads\/2025\/05\/capture-decran-2025-05-14-100342.png\" src=\"https:\/\/obera.fr\/wp-content\/uploads\/2025\/05\/made_in_france_obera_fr.mp4\"><\/video><\/figure>\n<\/div>\n\n\n\n<div class=\"wp-block-column is-layout-flow wp-block-column-is-layout-flow\" style=\"flex-basis:25%\"><\/div>\n<\/div>\n\n<p><\/p>\n\n<div class=\"wp-block-buttons is-content-justification-center is-layout-flex wp-container-core-buttons-is-layout-a89b3969 wp-block-buttons-is-layout-flex\">\n<div class=\"wp-block-button\"><a class=\"wp-block-button__link wp-element-button\" href=\"https:\/\/obera.fr\/da\/ils-parlent-de-nous-presse-media\/\">De taler om os<\/a><\/div>\n\n\n\n<div class=\"wp-block-button\"><a class=\"wp-block-button__link wp-element-button\" href=\"https:\/\/obera.fr\/da\/decouvrir\/salons\/\">Kommende messer<\/a><\/div>\n<\/div>\n\n<h2 class=\"wp-block-heading\">Vores mission<\/h2>\n\n<div class=\"wp-block-columns is-layout-flex wp-container-core-columns-is-layout-28f84493 wp-block-columns-is-layout-flex\">\n<div class=\"wp-block-column is-layout-flow wp-block-column-is-layout-flow\" style=\"flex-basis:66.66%\">\n<p>Som specialist i industriel luftbehandling garanterer OberA dig et sundt arbejdsmilj\u00f8, der fremmer optimale arbejdsforhold og hj\u00e6lper med at forbedre din virksomheds produktivitet.<\/p>\n\n\n\n<blockquote class=\"wp-block-quote is-layout-flow wp-block-quote-is-layout-flow\">\n<p>Din garant for luftkvalitet  <\/p>\n<\/blockquote>\n<\/div>\n\n\n\n<div class=\"wp-block-column is-layout-flow wp-block-column-is-layout-flow\" style=\"flex-basis:33.33%\">\n<figure class=\"wp-block-image aligncenter size-large is-resized\"><img decoding=\"async\" width=\"1024\" height=\"1024\" src=\"https:\/\/obera.fr\/wp-content\/uploads\/2025\/05\/ic-30-entrepot-travail-1024x1024.png\" alt=\"ic 30 lagerarbejde\" class=\"wp-image-93435\" style=\"width:259px;height:auto\" srcset=\"https:\/\/obera.fr\/wp-content\/uploads\/2025\/05\/ic-30-entrepot-travail-1024x1024.png 1024w, https:\/\/obera.fr\/wp-content\/uploads\/2025\/05\/ic-30-entrepot-travail-300x300.png 300w, https:\/\/obera.fr\/wp-content\/uploads\/2025\/05\/ic-30-entrepot-travail-150x150.png 150w, https:\/\/obera.fr\/wp-content\/uploads\/2025\/05\/ic-30-entrepot-travail-768x768.png 768w, https:\/\/obera.fr\/wp-content\/uploads\/2025\/05\/ic-30-entrepot-travail.png 1200w\" sizes=\"(max-width: 1024px) 100vw, 1024px\" \/><\/figure>\n<\/div>\n<\/div>\n\n<h3 class=\"wp-block-heading\">Forbedret luftkvalitet giver bedre sundhed og produktivitet<\/h3>\n\n<p>Hos OberA ved vi, hvor vigtigt det er at arbejde i et sundt milj\u00f8. Derfor har vi udviklet effektive og innovative l\u00f8sninger, der sikrer, at du har ren luft, forbedrer dine arbejdsforhold og \u00f8ger din produktivitet. Vores skr\u00e6ddersyede l\u00f8sninger, der er tilpasset dine specifikke behov, passer perfekt ind i dit milj\u00f8. Vores innovationer er \u00f8kologiske og \u00f8konomiske og garanterer enest\u00e5ende resultater.   <\/p>\n\n<h3 class=\"wp-block-heading\">Skr\u00e6ddersyede l\u00f8sninger til enhver situation<\/h3>\n\n<p>Vi er forpligtet til at levere skr\u00e6ddersyede l\u00f8sninger til de unikke udfordringer, du st\u00e5r over for. Uanset om du har brug for en mobil eller fast l\u00f8sning, arbejder vi t\u00e6t sammen med dig for at analysere dit arbejdsmilj\u00f8, forst\u00e5 dine specifikke behov og designe systemer til forbedring af luftkvaliteten, der passer perfekt til dine forventninger. <\/p>\n\n<h2 class=\"wp-block-heading\">OberA&#8217;s forretningsomr\u00e5der<\/h2>\n\n<p>Vi er stolte af at kunne tilbyde banebrydende produkter og tjenester, der hj\u00e6lper vores kunder med at l\u00f8se problemer med <strong>st\u00f8v, lugt, VOC&#8217;er og varme,<\/strong> samtidig med at vi skaber et sundere og mere produktivt arbejdsmilj\u00f8.<\/p>\n\n<p><\/p>\n\n<div class=\"wp-block-columns is-layout-flex wp-container-core-columns-is-layout-28f84493 wp-block-columns-is-layout-flex\">\n<div class=\"wp-block-column is-layout-flow wp-block-column-is-layout-flow\" style=\"flex-basis:25%\"><\/div>\n\n\n\n<div class=\"wp-block-column is-layout-flow wp-block-column-is-layout-flow\" style=\"flex-basis:50%\">\n<figure class=\"wp-block-video\"><video height=\"1080\" style=\"aspect-ratio: 1920 \/ 1080;\" width=\"1920\" autoplay=\"\" controls=\"\" loop=\"\" poster=\"https:\/\/obera.fr\/wp-content\/uploads\/2025\/05\/capture-decran-2025-05-13-093745.png\" src=\"https:\/\/obera.fr\/wp-content\/uploads\/2025\/05\/le-depoussierage-des-espaces-de-travail-1.mp4\"><\/video><\/figure>\n<\/div>\n\n\n\n<div class=\"wp-block-column is-layout-flow wp-block-column-is-layout-flow\" style=\"flex-basis:25%\"><\/div>\n<\/div>\n\n<p><\/p>\n\n<h2 class=\"wp-block-heading\">En stringent metode giver p\u00e5lidelige resultater<\/h2>\n\n<p>Hos OberA f\u00f8lger vi en streng metode for at garantere optimale resultater for vores kunder. F\u00f8r vi installerer vores udstyr, tilbyder vi at udf\u00f8re en <strong>st\u00f8vdiagnose<\/strong>. Denne tilgang g\u00f8r det muligt for os at bestemme niveauet og typen af st\u00f8v i dit arbejdsomr\u00e5de. Efter denne analyse <strong>anbefaler vi en l\u00f8sning, der er skr\u00e6ddersyet<\/strong> til situationen og det <strong>forventede resultat<\/strong>. N\u00e5r vi har aftalt det med dig, g\u00e5r vi i gang med at implementere l\u00f8sningen. For at kontrollere effektiviteten af den implementerede l\u00f8sning udf\u00f8res der senere <strong>endnu en m\u00e5ling<\/strong>. Hvis resultaterne svarer til de forventede, \u00e6ndrer vi ikke noget. Hvis l\u00f8sningen ikke er tilstr\u00e6kkelig effektiv, <strong>justerer<\/strong> vi den.      <\/p>\n\n<div class=\"wp-block-columns is-layout-flex wp-container-core-columns-is-layout-28f84493 wp-block-columns-is-layout-flex\">\n<div class=\"wp-block-column is-layout-flow wp-block-column-is-layout-flow\" style=\"flex-basis:25%\"><\/div>\n\n\n\n<div class=\"wp-block-column is-layout-flow wp-block-column-is-layout-flow\" style=\"flex-basis:50%\">\n<figure class=\"wp-block-video\"><video height=\"1080\" style=\"aspect-ratio: 1920 \/ 1080;\" width=\"1920\" autoplay=\"\" controls=\"\" loop=\"\" poster=\"https:\/\/obera.fr\/wp-content\/uploads\/2025\/05\/capture-decran-2025-05-13-161820.png\" src=\"https:\/\/obera.fr\/wp-content\/uploads\/2025\/05\/mesurer-disgnostiquer.mp4\"><\/video><\/figure>\n<\/div>\n\n\n\n<div class=\"wp-block-column is-layout-flow wp-block-column-is-layout-flow\" style=\"flex-basis:25%\"><\/div>\n<\/div>\n\n<p><\/p>\n\n<p>OberA er den eneste virksomhed, der tilbyder dig denne service. For at garantere en sikker og effektiv investering er det muligt at <strong>teste vores udstyr i en periode p\u00e5 1 til 3 m\u00e5neder, som kan tr\u00e6kkes fra k\u00f8bsprisen<\/strong>. Til brug i en bestemt periode eller til kortvarige behov kan du <strong>leje vores<\/strong> <strong>udstyr<\/strong> i en periode <strong>p\u00e5 12 til 63 m\u00e5neder med mulighed for at k\u00f8be det<\/strong>. <\/p>\n\n<p><\/p>\n\n<div class=\"wp-block-columns is-layout-flex wp-container-core-columns-is-layout-28f84493 wp-block-columns-is-layout-flex\">\n<div class=\"wp-block-column is-layout-flow wp-block-column-is-layout-flow\" style=\"flex-basis:25%\"><\/div>\n\n\n\n<div class=\"wp-block-column is-layout-flow wp-block-column-is-layout-flow\" style=\"flex-basis:50%\">\n<figure class=\"wp-block-video\"><video height=\"1080\" style=\"aspect-ratio: 1920 \/ 1080;\" width=\"1920\" autoplay=\"\" controls=\"\" loop=\"\" poster=\"https:\/\/obera.fr\/wp-content\/uploads\/2025\/05\/capture-decran-2025-05-13-093822.png\" src=\"https:\/\/obera.fr\/wp-content\/uploads\/2025\/05\/testez-de-1-a-3-mois-deductibles-du-prix-dacquisition.mp4\"><\/video><\/figure>\n<\/div>\n\n\n\n<div class=\"wp-block-column is-layout-flow wp-block-column-is-layout-flow\" style=\"flex-basis:25%\"><\/div>\n<\/div>\n\n<p><\/p>\n\n<h2 class=\"wp-block-heading\">Vores engagement i kundetilfredshed<\/h2>\n\n<p>Kundetilfredshed er vores h\u00f8jeste prioritet. Vi er forpligtet til at yde en enest\u00e5ende kundeservice hele vejen igennem. Vores h\u00f8jt kvalificerede tekniske\/SAV-team st\u00e5r til r\u00e5dighed for at besvare alle sp\u00f8rgsm\u00e5l, du m\u00e5tte have, for at vejlede dig i at v\u00e6lge den l\u00f8sning, der passer bedst til dine behov, og for at yde l\u00f8bende support for at sikre, at vores produkter fungerer korrekt.  <\/p>\n\n<p>Uanset om du er en industrivirksomhed, der bekymrer sig om dine medarbejderes helbred, eller en logistiker, der \u00f8nsker at optimere dit arbejdsmilj\u00f8, er OberA her for at hj\u00e6lpe dig. Oplev vores ekspertise, vores banebrydende l\u00f8sninger og vores engagement i at forbedre luftkvaliteten. Sammen kan vi skabe et sundere og mere produktivt arbejdsmilj\u00f8.  <\/p>\n\n<p>Kontakt os i dag for at dr\u00f8fte dine specifikke behov og finde ud af, hvordan OberA kan forbedre luftkvaliteten i din virksomhed.<\/p>\n\n<div class=\"wp-block-buttons is-horizontal is-content-justification-center is-layout-flex wp-container-core-buttons-is-layout-03627597 wp-block-buttons-is-layout-flex\">\n<div class=\"wp-block-button has-custom-width wp-block-button__width-100\"><a class=\"wp-block-button__link wp-element-button\" href=\"https:\/\/obera.fr\/da\/kontakt-os\/\">F\u00e5 flere oplysninger<\/a><\/div>\n<\/div>\n\n<div style=\"height:30px\" aria-hidden=\"true\" class=\"wp-block-spacer\"><\/div>\n\n<p>Oplev vores loyale <a href=\"https:\/\/obera.fr\/da\/decouvrir\/vores-kunder\/\" data-type=\"page\" data-id=\"743\">kunder<\/a>.<\/p>\n\n<p><\/p>\n","protected":false},"excerpt":{"rendered":"<p>Vores slogan: &#8220;OberA, garanti for din virksomheds luftkvalitet!&#8221; OberA, der har base i Alsace, er ekspert i industriel luftbehandling. Fra design til fremstilling og distribution er vi til stede i hele Frankrig og Europa. Med vores \u00f8kologiske og \u00f8konomiske l\u00f8sninger, der er skr\u00e6ddersyet til dine behov, kan du nyde godt af et sundt arbejdsmilj\u00f8, der forbedrer arbejdsforholdene og \u00f8ger din virksomheds produktivitet. Vores mission Som specialist i industriel luftbehandling garanterer OberA dig et sundt arbejdsmilj\u00f8, der fremmer optimale arbejdsforhold og hj\u00e6lper med at forbedre din virksomheds produktivitet. Din garant for luftkvalitet Forbedret luftkvalitet giver bedre sundhed og produktivitet Hos OberA &#8230; <\/p>\n<p class=\"read-more-container\"><a title=\"Oplev OberA\" class=\"read-more button\" href=\"https:\/\/obera.fr\/da\/decouvrir\/#more-51632\" aria-label=\"Read more about Oplev OberA\">Lire la suite<\/a><\/p>\n","protected":false},"author":4,"featured_media":84808,"parent":0,"menu_order":0,"comment_status":"closed","ping_status":"closed","template":"","meta":{"_acf_changed":false,"_seopress_robots_primary_cat":"","_seopress_titles_title":"D\u00e9couvrir oberA : La solution compl\u00e8te pour votre entreprise.","_seopress_titles_desc":"En savoir plus sur oberA, notre mission, nos m\u00e9tiers, notre m\u00e9thodologie et nos implantations g\u00e9ographiques.","_seopress_robots_index":"","footnotes":""},"class_list":{"0":"post-51632","1":"page","2":"type-page","3":"status-publish","4":"has-post-thumbnail","6":"no-featured-image-padding","7":"resize-featured-image"},"acf":[],"_links":{"self":[{"href":"https:\/\/obera.fr\/da\/wp-json\/wp\/v2\/pages\/51632","targetHints":{"allow":["GET"]}}],"collection":[{"href":"https:\/\/obera.fr\/da\/wp-json\/wp\/v2\/pages"}],"about":[{"href":"https:\/\/obera.fr\/da\/wp-json\/wp\/v2\/types\/page"}],"author":[{"embeddable":true,"href":"https:\/\/obera.fr\/da\/wp-json\/wp\/v2\/users\/4"}],"replies":[{"embeddable":true,"href":"https:\/\/obera.fr\/da\/wp-json\/wp\/v2\/comments?post=51632"}],"version-history":[{"count":12,"href":"https:\/\/obera.fr\/da\/wp-json\/wp\/v2\/pages\/51632\/revisions"}],"predecessor-version":[{"id":124558,"href":"https:\/\/obera.fr\/da\/wp-json\/wp\/v2\/pages\/51632\/revisions\/124558"}],"wp:featuredmedia":[{"embeddable":true,"href":"https:\/\/obera.fr\/da\/wp-json\/wp\/v2\/media\/84808"}],"wp:attachment":[{"href":"https:\/\/obera.fr\/da\/wp-json\/wp\/v2\/media?parent=51632"}],"curies":[{"name":"wp","href":"https:\/\/api.w.org\/{rel}","templated":true}]}}