{"id":51668,"date":"2020-08-26T16:20:46","date_gmt":"2020-08-26T14:20:46","guid":{"rendered":"https:\/\/obera.fr\/oplev-obera\/historien-om-obera\/"},"modified":"2025-05-15T10:19:06","modified_gmt":"2025-05-15T08:19:06","slug":"histoire","status":"publish","type":"page","link":"https:\/\/obera.fr\/da\/decouvrir\/histoire\/","title":{"rendered":"Historien om OberA"},"content":{"rendered":"\n<h2 class=\"wp-block-heading\">Din partner for sund luft p\u00e5 arbejdspladsen!<\/h2>\n\n<p><\/p>\n\n<figure class=\"wp-block-image alignright size-medium is-resized\"><img decoding=\"async\" width=\"300\" height=\"85\" src=\"https:\/\/obera.fr\/wp-content\/uploads\/2025\/05\/obera-logo-fr-rvb-v2-300x85.png\" alt=\"obera logo en rvb v2\" class=\"wp-image-100991\" srcset=\"https:\/\/obera.fr\/wp-content\/uploads\/2025\/05\/obera-logo-fr-rvb-v2-300x85.png 300w, https:\/\/obera.fr\/wp-content\/uploads\/2025\/05\/obera-logo-fr-rvb-v2-1024x291.png 1024w, https:\/\/obera.fr\/wp-content\/uploads\/2025\/05\/obera-logo-fr-rvb-v2-768x218.png 768w, https:\/\/obera.fr\/wp-content\/uploads\/2025\/05\/obera-logo-fr-rvb-v2-1536x437.png 1536w, https:\/\/obera.fr\/wp-content\/uploads\/2025\/05\/obera-logo-fr-rvb-v2.png 1995w\" sizes=\"(max-width: 300px) 100vw, 300px\" \/><\/figure>\n\n<p>I Frankrig er luftforurening ansvarlig for n\u00e6sten 50.000 d\u00f8dsfald om \u00e5ret. Mens udfordringerne med luftkvalitet er velkendte i bymilj\u00f8er, er de stadig stort set undervurderede p\u00e5 arbejdspladsen. Alligevel kan indeluften i virksomheder v\u00e6re <strong>10 til 50 gange mere forurenet<\/strong> end udeluften.  <\/p>\n\n<p><\/p>\n\n<p>Der er mange kilder til forurening:<\/p>\n\n<ul class=\"wp-block-list\">\n<li><strong>Emissioner i forbindelse med industrielle processer<\/strong> (dampe, r\u00f8g, oliet\u00e5ger),<\/li>\n\n\n\n<li><strong>H\u00e5ndtering og transport<\/strong> af r\u00e5varer,<\/li>\n\n\n\n<li><strong>Produkter, der anvendes i produktionen<\/strong> (VOC&#8217;er, lugte, st\u00f8v, vira osv.).<\/li>\n<\/ul>\n\n<p><\/p>\n\n<p>Disse forurenende stoffer, uanset om de er gas- eller partikelformige, har en direkte indvirkning p\u00e5 medarbejdernes sundhed, men ogs\u00e5 p\u00e5 industriens ydeevne: \u00f8get skrotning, kundeklager, lavere produktivitet og h\u00f8jere vedligeholdelsesomkostninger.<\/p>\n\n<p><\/p>\n\n<h3 class=\"wp-block-heading\">Et innovativt svar p\u00e5 kontrasterende gr\u00e6nser<\/h3>\n\n<p>Uds\u00e6ttelse for forurenende stoffer f\u00f8rer til <strong>helbredsproblemer<\/strong> og kan for\u00e5rsage sygdom hos udsatte medarbejdere. Desuden har d\u00e5rlig luftkvalitet konsekvenser for <strong>skrotningsrater<\/strong>, <strong>kundeklager<\/strong>, <strong>produktivitet<\/strong> og hyppigheden af <strong>vedligeholdelse<\/strong> af produktionsudstyr. <\/p>\n\n<p>For at behandle disse forurenende stoffer bruger vi normalt l\u00f8sninger til opsamling, st\u00f8vfjernelse og filtrering, og det er med rette. Men disse l\u00f8sninger er sj\u00e6ldent nok til helt at l\u00f8se luftkvalitetsproblemer, is\u00e6r n\u00e5r forureningen er diffus. Desuden forpligter producenter af st\u00f8vopsamlings- og filtreringsudstyr sig sj\u00e6ldent til restforureningsniveauer i omgivelserne eller til at <strong>overholde VLEP-reglerne<\/strong>.  <\/p>\n\n<p><a href=\"https:\/\/obera.fr\/da\/decouvrir\/\" data-type=\"page\" data-id=\"731\">OberA<\/a> har en <strong>innovativ og unik tilgang til <\/strong>at<strong> garantere <\/strong>dig<strong> sund luft. <\/strong>Denne tilgang er frugten af over 20 \u00e5rs erfaring inden for st\u00f8vfjernelse, filtrering og luftbehandling.  <\/p>\n\n<p><\/p>\n\n<div class=\"wp-block-buttons is-content-justification-center is-layout-flex wp-container-core-buttons-is-layout-a89b3969 wp-block-buttons-is-layout-flex\">\n<div class=\"wp-block-button\"><a class=\"wp-block-button__link wp-element-button\" href=\"https:\/\/obera.fr\/da\/produits\/\">Oplev vores udvalg af l\u00f8sninger til at garantere kvaliteten af din luft<\/a><\/div>\n<\/div>\n\n<p><\/p>\n\n<h3 class=\"wp-block-heading\">OberA, en ny vision for luftbehandling<\/h3>\n\n<p>Med over 20 \u00e5rs ekspertise inden for st\u00f8vfjernelse, filtrering og luftrensning <strong>tilbyder OberA en global, innovativ og resultatorienteret tilgang<\/strong> baseret p\u00e5 fire n\u00f8glefaser:<\/p>\n\n<ol class=\"wp-block-list\">\n<li><strong>Pr\u00e6cis diagnose<\/strong>: identifikation af forureningskilder og m\u00e5ling af partikelkoncentrationer og -st\u00f8rrelser.<\/li>\n\n\n\n<li><strong>Uforpligtende testfase<\/strong>: installation af test- eller lejeudstyr for at validere den tekniske ydeevne og garantere resultaterne.<\/li>\n\n\n\n<li><strong>Implementering af den passende l\u00f8sning<\/strong>: opsamling ved kilden, behandling af den omgivende luft (rensning), finfiltrering.<\/li>\n\n\n\n<li><strong>Overv\u00e5gning i realtid<\/strong>: kontinuerlig overv\u00e5gning af luftkvalitet og tilsluttet vedligeholdelse (Industri 4.0).<\/li>\n<\/ol>\n\n<blockquote class=\"wp-block-quote is-layout-flow wp-block-quote-is-layout-flow\">\n<p><strong>Insiderhandel er tilladt!<\/strong><\/p>\n<\/blockquote>\n\n<p>P\u00e5 den m\u00e5de investerer <a href=\"https:\/\/obera.fr\/da\/decouvrir\/vores-kunder\/\" data-type=\"page\" data-id=\"743\">OberA&#8217;s kunder<\/a> i udstyr, der garanterer dem en bedre luftkvalitet, samtidig med at de har fuld viden om resultater, investeringsomkostninger og driftsomkostninger.<\/p>\n\n<p><\/p>\n\n<div class=\"wp-block-buttons is-horizontal is-content-justification-center is-layout-flex wp-container-core-buttons-is-layout-03627597 wp-block-buttons-is-layout-flex\">\n<div class=\"wp-block-button\"><a class=\"wp-block-button__link wp-element-button\" href=\"https:\/\/obera.fr\/da\/produits\/\">Oplev vores komplette sortiment<\/a><\/div>\n<\/div>\n\n<div style=\"height:35px\" aria-hidden=\"true\" class=\"wp-block-spacer\"><\/div>\n\n<div class=\"wp-block-columns is-layout-flex wp-container-core-columns-is-layout-28f84493 wp-block-columns-is-layout-flex\">\n<div class=\"wp-block-column is-layout-flow wp-block-column-is-layout-flow\"><\/div>\n\n\n\n<div class=\"wp-block-column is-layout-flow wp-block-column-is-layout-flow\">\n<figure class=\"wp-block-video\"><video height=\"1080\" style=\"aspect-ratio: 1920 \/ 1080;\" width=\"1920\" autoplay=\"\" controls=\"\" loop=\"\" muted=\"\" poster=\"https:\/\/obera.fr\/wp-content\/uploads\/2025\/05\/capture-decran-2025-05-14-100342.png\" src=\"https:\/\/obera.fr\/wp-content\/uploads\/2025\/05\/made_in_france_obera_fr.mp4\"><\/video><\/figure>\n<\/div>\n\n\n\n<div class=\"wp-block-column is-layout-flow wp-block-column-is-layout-flow\"><\/div>\n<\/div>\n\n<p><\/p>\n\n<h3 class=\"wp-block-heading\">Invester med sikkerhed<\/h3>\n\n<p>Med OberA f\u00e5r du gavn af gennempr\u00f8vede l\u00f8sninger, der garanterer en m\u00e5lbar forbedring af luftkvaliteten <strong>med fuld gennemsigtighed i forhold til resultater, investeringer og driftsomkostninger<\/strong>.<\/p>\n\n<blockquote class=\"wp-block-quote is-layout-flow wp-block-quote-is-layout-flow\">\n<p>For sund luft er ikke en mulighed, det er et krav.<\/p>\n\n\n\n<p><\/p>\n<\/blockquote>\n","protected":false},"excerpt":{"rendered":"<p>Din partner for sund luft p\u00e5 arbejdspladsen! I Frankrig er luftforurening ansvarlig for n\u00e6sten 50.000 d\u00f8dsfald om \u00e5ret. Mens udfordringerne med luftkvalitet er velkendte i bymilj\u00f8er, er de stadig stort set undervurderede p\u00e5 arbejdspladsen. Alligevel kan indeluften i virksomheder v\u00e6re 10 til 50 gange mere forurenet end udeluften. Der er mange kilder til forurening: Disse forurenende stoffer, uanset om de er gas- eller partikelformige, har en direkte indvirkning p\u00e5 medarbejdernes sundhed, men ogs\u00e5 p\u00e5 industriens ydeevne: \u00f8get skrotning, kundeklager, lavere produktivitet og h\u00f8jere vedligeholdelsesomkostninger. Et innovativt svar p\u00e5 kontrasterende gr\u00e6nser Uds\u00e6ttelse for forurenende stoffer f\u00f8rer til helbredsproblemer og kan for\u00e5rsage &#8230; <\/p>\n<p class=\"read-more-container\"><a title=\"Historien om OberA\" class=\"read-more button\" href=\"https:\/\/obera.fr\/da\/decouvrir\/histoire\/#more-51668\" aria-label=\"Read more about Historien om OberA\">Lire la suite<\/a><\/p>\n","protected":false},"author":4,"featured_media":84808,"parent":51632,"menu_order":0,"comment_status":"closed","ping_status":"closed","template":"","meta":{"_acf_changed":false,"_seopress_robots_primary_cat":"","_seopress_titles_title":"Oplev oberA's historie i over 20 \u00e5r","_seopress_titles_desc":"Over 20 \u00e5rs erfaring med st\u00f8vfjernelse, filtrering og luftbehandling. OBERA tilbyder en innovativ og unik tilgang.","_seopress_robots_index":"","footnotes":""},"class_list":{"0":"post-51668","1":"page","2":"type-page","3":"status-publish","4":"has-post-thumbnail","6":"no-featured-image-padding","7":"resize-featured-image"},"acf":[],"_links":{"self":[{"href":"https:\/\/obera.fr\/da\/wp-json\/wp\/v2\/pages\/51668","targetHints":{"allow":["GET"]}}],"collection":[{"href":"https:\/\/obera.fr\/da\/wp-json\/wp\/v2\/pages"}],"about":[{"href":"https:\/\/obera.fr\/da\/wp-json\/wp\/v2\/types\/page"}],"author":[{"embeddable":true,"href":"https:\/\/obera.fr\/da\/wp-json\/wp\/v2\/users\/4"}],"replies":[{"embeddable":true,"href":"https:\/\/obera.fr\/da\/wp-json\/wp\/v2\/comments?post=51668"}],"version-history":[{"count":6,"href":"https:\/\/obera.fr\/da\/wp-json\/wp\/v2\/pages\/51668\/revisions"}],"predecessor-version":[{"id":101298,"href":"https:\/\/obera.fr\/da\/wp-json\/wp\/v2\/pages\/51668\/revisions\/101298"}],"up":[{"embeddable":true,"href":"https:\/\/obera.fr\/da\/wp-json\/wp\/v2\/pages\/51632"}],"wp:featuredmedia":[{"embeddable":true,"href":"https:\/\/obera.fr\/da\/wp-json\/wp\/v2\/media\/84808"}],"wp:attachment":[{"href":"https:\/\/obera.fr\/da\/wp-json\/wp\/v2\/media?parent=51668"}],"curies":[{"name":"wp","href":"https:\/\/api.w.org\/{rel}","templated":true}]}}