{"id":51684,"date":"2020-08-26T13:06:25","date_gmt":"2020-08-26T11:06:25","guid":{"rendered":"https:\/\/obera.fr\/afs-olietaagefilter\/"},"modified":"2025-06-03T13:16:26","modified_gmt":"2025-06-03T11:16:26","slug":"afs","status":"publish","type":"page","link":"https:\/\/obera.fr\/da\/produits\/filtres-brouillard-huile\/afs\/","title":{"rendered":"AFS oliet\u00e5gefilter"},"content":{"rendered":"\n<p><a href=\"https:\/\/obera.fr\/da\/produits\/filtres-brouillard-huile\/\" data-type=\"page\" data-id=\"376\">AFS-oliet\u00e5gefiltre<\/a> er den skr\u00e6ddersyede l\u00f8sning til at udstyre dine bearbejdningsmaskiner direkte eller st\u00f8vsuge dem centralt.<\/p>\n\n\n\n<p>AFS-serien d\u00e6kker <strong>sugestr\u00f8mme fra 400 til 16.000 m\u00b3\/t<\/strong>.<\/p>\n\n\n\n<h2 class=\"wp-block-heading\">Centraliserede installationer til olie- og emulsionst\u00e5ge, dampe og aerosoler<\/h2>\n\n\n\n<div class=\"wp-block-columns is-layout-flex wp-container-core-columns-is-layout-28f84493 wp-block-columns-is-layout-flex\">\n<div class=\"wp-block-column is-layout-flow wp-block-column-is-layout-flow\" style=\"flex-basis:33.33%\">\n<figure class=\"wp-block-image aligncenter size-medium\"><img decoding=\"async\" width=\"300\" height=\"300\" src=\"https:\/\/obera.fr\/wp-content\/uploads\/2020\/08\/AFS-installation-centralisee-brouillards-huiles-300x300.png\" alt=\"Afs Installation Centralisee Brouillards Huiles\" class=\"wp-image-643\" srcset=\"https:\/\/obera.fr\/wp-content\/uploads\/2020\/08\/AFS-installation-centralisee-brouillards-huiles-300x300.png 300w, https:\/\/obera.fr\/wp-content\/uploads\/2020\/08\/AFS-installation-centralisee-brouillards-huiles-150x150.png 150w, https:\/\/obera.fr\/wp-content\/uploads\/2020\/08\/AFS-installation-centralisee-brouillards-huiles.png 433w\" sizes=\"(max-width: 300px) 100vw, 300px\" \/><\/figure>\n<\/div>\n\n\n\n<div class=\"wp-block-column is-layout-flow wp-block-column-is-layout-flow\" style=\"flex-basis:66.66%\">\n<p><strong>AFS-teknologien<\/strong> best\u00e5r af 5 behandlingstrin: metalnetfiltre, polyesterfilt og AFS-Longlife-separatoren, som udg\u00f8r hjertet i behandlingen.<\/p>\n\n\n\n<p>&gt;Enhederne er udstyret med <strong>HEPA H13-type absolut terminalfiltrering<\/strong> (standardiseret effektivitet garanteret 99,95 % for partikler p\u00e5 0,3 \u00b5m). P\u00e5 grund af den meget h\u00f8je effektivitet i hovedfiltreringen har de absolutte filtre en meget lang levetid, selv ved kontinuerlig drift med 3 stationer. <\/p>\n\n\n\n<p>Forskellige konfigurationer er mulige: genbrug og genindf\u00f8ring af den filtrerede luft i bygningen eller evakuering af den filtrerede luft og indf\u00f8ring af frisk luft med genvinding af kalorierne gennem en varmeveksler. <strong>AFS-udsugningsl\u00f8sninger<\/strong> (genbrug eller varmevekslere) muligg\u00f8r maksimal genanvendelse af varmen i de udsugede luftstr\u00f8mme. <\/p>\n\n\n\n<hr class=\"wp-block-separator has-text-color has-black-color has-css-opacity has-black-background-color has-background is-style-dots\"\/>\n\n\n\n<div class=\"wp-block-columns is-layout-flex wp-container-core-columns-is-layout-28f84493 wp-block-columns-is-layout-flex\">\n<div class=\"wp-block-column is-layout-flow wp-block-column-is-layout-flow\" style=\"flex-basis:33.33%\">\n<div class=\"wp-block-buttons is-layout-flex wp-block-buttons-is-layout-flex\">\n<div class=\"wp-block-button\"><a class=\"wp-block-button__link wp-element-button\" href=\"https:\/\/obera.fr\/wp-content\/uploads\/2025\/06\/brochure-afs-en.pdf\">DOWNLOAD BROCHUREN<\/a><\/div>\n<\/div>\n<\/div>\n\n\n\n<div class=\"wp-block-column is-layout-flow wp-block-column-is-layout-flow\" style=\"flex-basis:33.34%\">\n<div class=\"wp-block-buttons is-horizontal is-content-justification-center is-layout-flex wp-container-core-buttons-is-layout-03627597 wp-block-buttons-is-layout-flex\">\n<div class=\"wp-block-button has-custom-width wp-block-button__width-100\"><a class=\"wp-block-button__link wp-element-button\" href=\"https:\/\/obera.fr\/da\/kontakt-os\/\">F\u00e5 flere oplysninger<\/a><\/div>\n<\/div>\n<\/div>\n\n\n\n<div class=\"wp-block-column is-layout-flow wp-block-column-is-layout-flow\" style=\"flex-basis:33.34%\">\n<div class=\"wp-block-buttons is-content-justification-center is-layout-flex wp-container-core-buttons-is-layout-a89b3969 wp-block-buttons-is-layout-flex\">\n<div class=\"wp-block-button btn-devis-source\"><a class=\"wp-block-button__link wp-element-button\" href=\"https:\/\/obera.fr\/da\/devis\/\">Anmod om et tilbud<\/a><\/div>\n<\/div>\n\n\n<script>\r\ndocument.addEventListener('DOMContentLoaded', function() {\r\n    \/\/ 1. On cherche le titre H1 de la page\r\n    var h1 = document.querySelector('h1');\r\n    var productTitle = h1 ? h1.innerText.trim() : \"\";\r\n\r\n    \/\/ 2. On cherche les boutons via la classe CSS .btn-devis-source\r\n    var buttons = document.querySelectorAll('.btn-devis-source a');\r\n\r\n    \/\/ 3. Si on a le titre et les boutons, on ajoute le param\u00e8tre\r\n    if (buttons.length > 0 && productTitle !== \"\") {\r\n        var encodedTitle = encodeURIComponent(productTitle);\r\n\r\n        buttons.forEach(function(btn) {\r\n            var currentHref = btn.getAttribute('href');\r\n            \r\n            \/\/ S\u00e9curit\u00e9 pour ne pas ajouter le param\u00e8tre 2 fois\r\n            if (currentHref.indexOf('sujet=') === -1) {\r\n                var separator = currentHref.indexOf('?') !== -1 ? '&' : '?';\r\n                var newLink = currentHref + separator + 'sujet=' + encodedTitle;\r\n                \r\n                btn.setAttribute('href', newLink);\r\n            }\r\n        });\r\n    }\r\n});\r\n<\/script><\/div>\n<\/div>\n\n\n\n<p><\/p>\n<\/div>\n<\/div>\n\n\n\n<h2 class=\"wp-block-heading\">Fordelene ved AFS<\/h2>\n\n\n\n<div class=\"wp-block-columns is-layout-flex wp-container-core-columns-is-layout-28f84493 wp-block-columns-is-layout-flex\">\n<div class=\"wp-block-column is-layout-flow wp-block-column-is-layout-flow\">\n<h3 class=\"wp-block-heading has-text-align-center\"><strong>Fordele<\/strong><\/h3>\n\n\n\n<ul class=\"wp-block-list\">\n<li>Let at tilslutte til produktionsmaskinen<\/li>\n\n\n\n<li>P\u00e5 maskine eller centraliseret<\/li>\n\n\n\n<li>Kompakt system<\/li>\n\n\n\n<li>5 filtreringstrin til effektiv luftbehandling<\/li>\n\n\n\n<li>V\u00e6rkt\u00f8jsfri udskiftning og vedligeholdelse af filtre<\/li>\n<\/ul>\n<\/div>\n\n\n\n<div class=\"wp-block-column is-layout-flow wp-block-column-is-layout-flow\">\n<h3 class=\"wp-block-heading has-text-align-center\"><strong>S\u00e6rlige funktioner<\/strong><\/h3>\n\n\n\n<ul class=\"wp-block-list\">\n<li>Patenteret filterudskiftningssystem uden brug af v\u00e6rkt\u00f8j<\/li>\n\n\n\n<li>Reng\u00f8ring af apparatet manuelt<\/li>\n\n\n\n<li>Mekanisk filtrering<\/li>\n<\/ul>\n<\/div>\n\n\n\n<div class=\"wp-block-column is-layout-flow wp-block-column-is-layout-flow\">\n<h3 class=\"wp-block-heading has-text-align-center\"><strong>Funktioner<\/strong><\/h3>\n\n\n\n<ul class=\"wp-block-list\">\n<li>Udsugning af oliet\u00e5ger og -emulsioner, dampe og aerosoler<\/li>\n\n\n\n<li>Kan installeres direkte p\u00e5 et NC-bearbejdningscenter eller centralt<\/li>\n<\/ul>\n<\/div>\n<\/div>\n\n\n\n<h2 class=\"wp-block-heading\">Anvendelser<\/h2>\n\n\n\n<div class=\"wp-block-columns is-layout-flex wp-container-core-columns-is-layout-28f84493 wp-block-columns-is-layout-flex\">\n<div class=\"wp-block-column is-layout-flow wp-block-column-is-layout-flow\">\n<h3 class=\"wp-block-heading has-text-align-center\">Forurenende stoffer<\/h3>\n\n\n\n<hr class=\"wp-block-separator has-css-opacity is-style-wide\"\/>\n\n\n\n<div class=\"wp-block-columns is-layout-flex wp-container-core-columns-is-layout-28f84493 wp-block-columns-is-layout-flex\">\n<div class=\"wp-block-column is-layout-flow wp-block-column-is-layout-flow\">\n<figure class=\"wp-block-image aligncenter size-large\"><img decoding=\"async\" width=\"70\" height=\"70\" src=\"https:\/\/obera.fr\/wp-content\/uploads\/2020\/08\/industrie-brouillard-huile.jpg\" alt=\"Industriens t\u00e5geolie\" class=\"wp-image-721\"\/><figcaption class=\"wp-element-caption\">Oliet\u00e5ge<\/figcaption><\/figure>\n<\/div>\n\n\n\n<div class=\"wp-block-column is-layout-flow wp-block-column-is-layout-flow\">\n<figure class=\"wp-block-image aligncenter size-large\"><img decoding=\"async\" width=\"70\" height=\"70\" src=\"https:\/\/obera.fr\/wp-content\/uploads\/2020\/08\/industrie-fumees.jpg\" alt=\"R\u00f8g i industrien\" class=\"wp-image-722\"\/><figcaption class=\"wp-element-caption\">Damp<\/figcaption><\/figure>\n\n\n\n<figure class=\"wp-block-image aligncenter size-large\"><img decoding=\"async\" width=\"70\" height=\"70\" src=\"https:\/\/obera.fr\/wp-content\/uploads\/2020\/09\/cov.png\" alt=\"Cov\" class=\"wp-image-959\"\/><figcaption class=\"wp-element-caption\">VOCS<\/figcaption><\/figure>\n<\/div>\n<\/div>\n<\/div>\n\n\n\n<div class=\"wp-block-column is-layout-flow wp-block-column-is-layout-flow\">\n<h3 class=\"wp-block-heading has-text-align-center\">Industrier<\/h3>\n\n\n\n<hr class=\"wp-block-separator has-css-opacity is-style-wide\"\/>\n\n\n\n<div class=\"wp-block-columns is-layout-flex wp-container-core-columns-is-layout-28f84493 wp-block-columns-is-layout-flex\">\n<div class=\"wp-block-column is-layout-flow wp-block-column-is-layout-flow\">\n<figure class=\"wp-block-image aligncenter size-large\"><img decoding=\"async\" width=\"70\" height=\"70\" src=\"https:\/\/obera.fr\/wp-content\/uploads\/2020\/08\/industrie-metallurgie.jpg\" alt=\"Metallurgisk industri\" class=\"wp-image-673\"\/><figcaption class=\"wp-element-caption\">Metallurgi<\/figcaption><\/figure>\n<\/div>\n\n\n\n<div class=\"wp-block-column is-layout-flow wp-block-column-is-layout-flow\"><\/div>\n<\/div>\n<\/div>\n<\/div>\n\n\n\n<div class=\"wp-block-buttons is-content-justification-center is-layout-flex wp-container-core-buttons-is-layout-a89b3969 wp-block-buttons-is-layout-flex\">\n<div class=\"wp-block-button is-style-outline is-style-outline--1\"><a class=\"wp-block-button__link wp-element-button\" href=\"https:\/\/obera.fr\/wp-content\/uploads\/2024\/02\/brochure-afs.pdf\">Download produktarket<\/a><\/div>\n<\/div>\n\n\n\n<hr class=\"wp-block-separator has-css-opacity is-style-dots\"\/>\n\n\n\n<h2 class=\"wp-block-heading\">Andre oliet\u00e5gefiltre fra m\u00e6rket OberA<\/h2>\n\n\n\n<div class=\"wp-block-columns is-layout-flex wp-container-core-columns-is-layout-28f84493 wp-block-columns-is-layout-flex\">\n<div class=\"wp-block-column is-layout-flow wp-block-column-is-layout-flow\">\n<figure class=\"wp-block-image aligncenter size-medium\"><a href=\"https:\/\/obera.fr\/produits\/filtres-brouillard-huile\/oilmac\/\"><img decoding=\"async\" width=\"300\" height=\"300\" src=\"https:\/\/obera.fr\/wp-content\/uploads\/2020\/08\/filtre-compact-OILMAC-300x300.png\" alt=\"OILMAC Kompaktfilter\" class=\"wp-image-641\" srcset=\"https:\/\/obera.fr\/wp-content\/uploads\/2020\/08\/filtre-compact-OILMAC-300x300.png 300w, https:\/\/obera.fr\/wp-content\/uploads\/2020\/08\/filtre-compact-OILMAC-150x150.png 150w, https:\/\/obera.fr\/wp-content\/uploads\/2020\/08\/filtre-compact-OILMAC.png 600w\" sizes=\"(max-width: 300px) 100vw, 300px\" \/><\/a><figcaption class=\"wp-element-caption\">OILMAC<\/figcaption><\/figure>\n<\/div>\n\n\n\n<div class=\"wp-block-column is-layout-flow wp-block-column-is-layout-flow\"><\/div>\n<\/div>\n\n\n\n<p><\/p>\n","protected":false},"excerpt":{"rendered":"<p>AFS-oliet\u00e5gefiltre er den skr\u00e6ddersyede l\u00f8sning til at udstyre dine bearbejdningsmaskiner direkte eller st\u00f8vsuge dem centralt. AFS-serien d\u00e6kker sugestr\u00f8mme fra 400 til 16.000 m\u00b3\/t. Centraliserede installationer til olie- og emulsionst\u00e5ge, dampe og aerosoler AFS-teknologien best\u00e5r af 5 behandlingstrin: metalnetfiltre, polyesterfilt og AFS-Longlife-separatoren, som udg\u00f8r hjertet i behandlingen. &gt;Enhederne er udstyret med HEPA H13-type absolut terminalfiltrering (standardiseret effektivitet garanteret 99,95 % for partikler p\u00e5 0,3 \u00b5m). P\u00e5 grund af den meget h\u00f8je effektivitet i hovedfiltreringen har de absolutte filtre en meget lang levetid, selv ved kontinuerlig drift med 3 stationer. Forskellige konfigurationer er mulige: genbrug og genindf\u00f8ring af den filtrerede luft i &#8230; <\/p>\n<p class=\"read-more-container\"><a title=\"AFS oliet\u00e5gefilter\" class=\"read-more button\" href=\"https:\/\/obera.fr\/da\/produits\/filtres-brouillard-huile\/afs\/#more-51684\" aria-label=\"Read more about AFS oliet\u00e5gefilter\">Lire la suite<\/a><\/p>\n","protected":false},"author":4,"featured_media":83735,"parent":52194,"menu_order":0,"comment_status":"closed","ping_status":"closed","template":"","meta":{"_acf_changed":false,"_seopress_robots_primary_cat":"","_seopress_titles_title":"AFS centraliserede oliet\u00e5gesystemer","_seopress_titles_desc":"AFS-oliet\u00e5gefiltre er den skr\u00e6ddersyede l\u00f8sning til at udstyre dine bearbejdningsmaskiner direkte eller st\u00f8vsuge dem centralt.","_seopress_robots_index":"","footnotes":""},"class_list":{"0":"post-51684","1":"page","2":"type-page","3":"status-publish","4":"has-post-thumbnail","6":"no-featured-image-padding","7":"resize-featured-image"},"acf":[],"_links":{"self":[{"href":"https:\/\/obera.fr\/da\/wp-json\/wp\/v2\/pages\/51684","targetHints":{"allow":["GET"]}}],"collection":[{"href":"https:\/\/obera.fr\/da\/wp-json\/wp\/v2\/pages"}],"about":[{"href":"https:\/\/obera.fr\/da\/wp-json\/wp\/v2\/types\/page"}],"author":[{"embeddable":true,"href":"https:\/\/obera.fr\/da\/wp-json\/wp\/v2\/users\/4"}],"replies":[{"embeddable":true,"href":"https:\/\/obera.fr\/da\/wp-json\/wp\/v2\/comments?post=51684"}],"version-history":[{"count":9,"href":"https:\/\/obera.fr\/da\/wp-json\/wp\/v2\/pages\/51684\/revisions"}],"predecessor-version":[{"id":107916,"href":"https:\/\/obera.fr\/da\/wp-json\/wp\/v2\/pages\/51684\/revisions\/107916"}],"up":[{"embeddable":true,"href":"https:\/\/obera.fr\/da\/wp-json\/wp\/v2\/pages\/52194"}],"wp:featuredmedia":[{"embeddable":true,"href":"https:\/\/obera.fr\/da\/wp-json\/wp\/v2\/media\/83735"}],"wp:attachment":[{"href":"https:\/\/obera.fr\/da\/wp-json\/wp\/v2\/media?parent=51684"}],"curies":[{"name":"wp","href":"https:\/\/api.w.org\/{rel}","templated":true}]}}