{"id":51742,"date":"2020-08-26T12:54:02","date_gmt":"2020-08-26T10:54:02","guid":{"rendered":"https:\/\/obera.fr\/udsugning-af-svejseroeg-og-laser-epur-b-ex\/"},"modified":"2025-08-28T10:53:20","modified_gmt":"2025-08-28T08:53:20","slug":"aspiration-fumees-soudage-laser-epur-b-ex","status":"publish","type":"page","link":"https:\/\/obera.fr\/da\/produits\/depoussiereurs-industriels\/petits\/aspiration-fumees-soudage-laser-epur-b-ex\/","title":{"rendered":"Udsugning af svejser\u00f8g og laser ePUR Ex"},"content":{"rendered":"\n<p><strong>EPUR Ex<\/strong> er en serie af 3 ATEX-certificerede<a href=\"https:\/\/obera.fr\/da\/produits\/depoussiereurs-industriels\/petits\/\" data-type=\"page\" data-id=\"393\">mobile luftudsugningssystemer<\/a>.<\/p>\n\n\n<h2 class=\"wp-block-heading\">Hvordan fungerer udsugning af svejse-\/laserr\u00f8g?<\/h2>\n\n<div class=\"wp-block-columns is-layout-flex wp-container-core-columns-is-layout-28f84493 wp-block-columns-is-layout-flex\">\n<div class=\"wp-block-column is-layout-flow wp-block-column-is-layout-flow\" style=\"flex-basis:33.33%\">\n<figure class=\"wp-block-image aligncenter size-full\"><img decoding=\"async\" width=\"600\" height=\"600\" src=\"https:\/\/obera.fr\/wp-content\/uploads\/2023\/10\/epurb-ex-1000-3000-5000.png\" alt=\"epurb ex 1000 3000 5000\" class=\"wp-image-25016\" srcset=\"https:\/\/obera.fr\/wp-content\/uploads\/2023\/10\/epurb-ex-1000-3000-5000.png 600w, https:\/\/obera.fr\/wp-content\/uploads\/2023\/10\/epurb-ex-1000-3000-5000-300x300.png 300w, https:\/\/obera.fr\/wp-content\/uploads\/2023\/10\/epurb-ex-1000-3000-5000-150x150.png 150w\" sizes=\"(max-width: 600px) 100vw, 600px\" \/><\/figure>\n<\/div>\n\n\n\n<div class=\"wp-block-column is-layout-flow wp-block-column-is-layout-flow\" style=\"flex-basis:66.66%\">\n<p>Betjeningen er enkel: Den <strong>forurenede luft suges direkte ind via en sugeslange, der er forbundet med maskinen,<\/strong> en sugearm, en udsugningsh\u00e6tte eller direkte p\u00e5 en produktionsmaskine via et netv\u00e6rk af kanaler.<\/p>\n\n\n\n<p>Den<strong>forurenede luft<\/strong> opfanges og behandles i de forskellige filtreringstrin.<\/p>\n\n\n\n<p>Den<strong>rensede luft<\/strong> ledes derefter ud fra bunden af enheden, direkte ind i arbejdsomr\u00e5det eller udenfor, ved hj\u00e6lp af et netv\u00e6rk af udst\u00f8dningskanaler.<\/p>\n\n\n\n<div style=\"height:15px\" aria-hidden=\"true\" class=\"wp-block-spacer\"><\/div>\n\n\n\n<div class=\"wp-block-columns is-layout-flex wp-container-core-columns-is-layout-28f84493 wp-block-columns-is-layout-flex\">\n<div class=\"wp-block-column is-layout-flow wp-block-column-is-layout-flow\" style=\"flex-basis:33.34%\">\n<div class=\"wp-block-buttons is-content-justification-center is-layout-flex wp-container-core-buttons-is-layout-a89b3969 wp-block-buttons-is-layout-flex\">\n<div class=\"wp-block-button\"><a class=\"wp-block-button__link wp-element-button\" href=\"https:\/\/obera.fr\/wp-content\/uploads\/2025\/04\/brochure-epur-ex-fr.pdf\">Download brochuren<\/a><\/div>\n<\/div>\n<\/div>\n\n\n\n<div class=\"wp-block-column is-layout-flow wp-block-column-is-layout-flow\" style=\"flex-basis:33.34%\">\n<div class=\"wp-block-buttons is-horizontal is-content-justification-center is-layout-flex wp-container-core-buttons-is-layout-03627597 wp-block-buttons-is-layout-flex\">\n<div class=\"wp-block-button has-custom-width wp-block-button__width-100\"><a class=\"wp-block-button__link wp-element-button\" href=\"https:\/\/obera.fr\/da\/kontakt-os\/\">F\u00e5 flere oplysninger<\/a><\/div>\n<\/div>\n<\/div>\n\n\n\n<div class=\"wp-block-column is-layout-flow wp-block-column-is-layout-flow\" style=\"flex-basis:33.33%\">\n<div class=\"wp-block-buttons is-content-justification-center is-layout-flex wp-container-core-buttons-is-layout-a89b3969 wp-block-buttons-is-layout-flex\">\n<div class=\"wp-block-button btn-devis-source\"><a class=\"wp-block-button__link wp-element-button\" href=\"https:\/\/obera.fr\/da\/devis\/\">Anmod om et tilbud<\/a><\/div>\n<\/div>\n\n\n<script>\r\ndocument.addEventListener('DOMContentLoaded', function() {\r\n    \/\/ 1. On cherche le titre H1 de la page\r\n    var h1 = document.querySelector('h1');\r\n    var productTitle = h1 ? h1.innerText.trim() : \"\";\r\n\r\n    \/\/ 2. On cherche les boutons via la classe CSS .btn-devis-source\r\n    var buttons = document.querySelectorAll('.btn-devis-source a');\r\n\r\n    \/\/ 3. Si on a le titre et les boutons, on ajoute le param\u00e8tre\r\n    if (buttons.length > 0 && productTitle !== \"\") {\r\n        var encodedTitle = encodeURIComponent(productTitle);\r\n\r\n        buttons.forEach(function(btn) {\r\n            var currentHref = btn.getAttribute('href');\r\n            \r\n            \/\/ S\u00e9curit\u00e9 pour ne pas ajouter le param\u00e8tre 2 fois\r\n            if (currentHref.indexOf('sujet=') === -1) {\r\n                var separator = currentHref.indexOf('?') !== -1 ? '&' : '?';\r\n                var newLink = currentHref + separator + 'sujet=' + encodedTitle;\r\n                \r\n                btn.setAttribute('href', newLink);\r\n            }\r\n        });\r\n    }\r\n});\r\n<\/script><\/div>\n<\/div>\n<\/div>\n<\/div>\n\n<h2 class=\"wp-block-heading\">Til hvilke form\u00e5l?<\/h2>\n\n<p>Disse udsugningsenheder er designet til at udsuge <strong>svejse-<\/strong> og <strong>lodder\u00f8g<\/strong>, <strong>st\u00f8v<\/strong>, <strong>dampe<\/strong>, <strong>opl\u00f8sningsmidler<\/strong>, <strong>gasser<\/strong>, <strong>lugte<\/strong> og alle former for gasformig <strong>forurening<\/strong>. Enhederne er p\u00e5 hjul og kan bruges til at udsuge <a href=\"https:\/\/obera.fr\/da\/produits\/depoussiereurs-industriels\/fixes\/\">faste eller mobile arbejdsstationer<\/a> (op til 3 arbejdsstationer eller produktionsmaskiner). De er kompakte og pladsbesparende og egner sig til alle typer industri. De er <a href=\"https:\/\/obera.fr\/da\/produits\/atex\/\" data-type=\"page\" data-id=\"372\">ATEX-certificerede<\/a> og designet til brug i ATEX22-zoner.  <\/p>\n\n<p><strong>EPUR Ex-serien<\/strong> er udstyret med m\u00e6tningsfiltre (som skal udskiftes, n\u00e5r de er m\u00e6ttede), hvilket betyder, at st\u00f8v- eller r\u00f8gbelastningen er relativt lav. Ved h\u00f8jere forureningsbelastning og store m\u00e6ngder st\u00f8v b\u00f8r man v\u00e6lge regenererbare (ikke-tilstoppelige) filtermedier som f.eks. <a href=\"https:\/\/obera.fr\/da\/produits\/depoussiereurs-industriels\/mobiles\/extracteur-poussiere-dustomat-4\/\" data-type=\"page\" data-id=\"440\">DUSTOMAT<\/a> eller <a href=\"https:\/\/obera.fr\/da\/produits\/depoussiereurs-industriels\/fixes\/aspiration-centralisee-industrielle-dustmac\/\" data-type=\"page\" data-id=\"467\">DUSTMAC<\/a>&#8230;.. <\/p>\n\n<div class=\"wp-block-columns is-layout-flex wp-container-core-columns-is-layout-28f84493 wp-block-columns-is-layout-flex\">\n<div class=\"wp-block-column is-layout-flow wp-block-column-is-layout-flow\">\n<h3 class=\"wp-block-heading has-text-align-center\">Forurenende stoffer<\/h3>\n\n\n\n<hr class=\"wp-block-separator has-css-opacity is-style-wide\"\/>\n\n\n\n<div class=\"wp-block-columns is-layout-flex wp-container-core-columns-is-layout-28f84493 wp-block-columns-is-layout-flex\">\n<div class=\"wp-block-column is-layout-flow wp-block-column-is-layout-flow\">\n<figure class=\"wp-block-image aligncenter size-large\"><img decoding=\"async\" width=\"70\" height=\"70\" src=\"https:\/\/obera.fr\/wp-content\/uploads\/2020\/08\/industrie-chimie.jpg\" alt=\"Kemisk industri\" class=\"wp-image-725\"\/><figcaption class=\"wp-element-caption\">Kemisk st\u00f8v<\/figcaption><\/figure>\n\n\n\n<figure class=\"wp-block-image aligncenter size-large\"><img decoding=\"async\" width=\"70\" height=\"70\" src=\"https:\/\/obera.fr\/wp-content\/uploads\/2020\/08\/industrie-odeur.jpg\" alt=\"Industriens lugt\" class=\"wp-image-723\"\/><figcaption class=\"wp-element-caption\">Lugte<\/figcaption><\/figure>\n<\/div>\n\n\n\n<div class=\"wp-block-column is-layout-flow wp-block-column-is-layout-flow\">\n<figure class=\"wp-block-image aligncenter size-large\"><img decoding=\"async\" width=\"70\" height=\"70\" src=\"https:\/\/obera.fr\/wp-content\/uploads\/2020\/08\/industrie-fumees.jpg\" alt=\"R&#xF8;g i industrien\" class=\"wp-image-722\"\/><figcaption class=\"wp-element-caption\">Damp<\/figcaption><\/figure>\n\n\n\n<figure class=\"wp-block-image aligncenter size-large\"><img decoding=\"async\" width=\"70\" height=\"70\" src=\"https:\/\/obera.fr\/wp-content\/uploads\/2020\/09\/cov.png\" alt=\"Cov\" class=\"wp-image-959\"\/><figcaption class=\"wp-element-caption\">VOCS<\/figcaption><\/figure>\n<\/div>\n<\/div>\n<\/div>\n\n\n\n<div class=\"wp-block-column is-layout-flow wp-block-column-is-layout-flow\">\n<h3 class=\"wp-block-heading has-text-align-center\">Industrier<\/h3>\n\n\n\n<hr class=\"wp-block-separator has-css-opacity is-style-wide\"\/>\n\n\n\n<p class=\"has-text-align-center\">Velegnet til alle typer industrier<\/p>\n<\/div>\n<\/div>\n\n<h2 class=\"wp-block-heading\">Hvad kendetegner ePUR Ex?<\/h2>\n\n<p><strong>ePUR Ex 1000, 3000 og 5000<\/strong> kan <strong>indeholde op til 3 trin med h\u00f8jtydende filtrering<\/strong>. Flere konfigurationer er mulige, enten 2 trin med et 13\/14 HEPA-filter og 6 kg aktivt kul. Eller i 3 trin med et f\u00f8rste filter, der kan konfigureres efter dine behov, efterfulgt af et andet filter med halvt HEPA 13\/14 og halvt aktivt kul (3 kg).  <\/p>\n\n<p>Til<strong>ePUR Ex 3000<\/strong>, den mellemste enhed i serien, finder du et f\u00f8rste filter, der kan konfigureres fuldt ud, s\u00e5 det passer til dine behov. Den anden filterkasse er et HEPA 13\/14 med et filtrerende overfladeareal p\u00e5 5,6 m\u00b2. Endelig er den tredje filterkasse en aktiv kulkassette, der vejer 6 kg. Dens maksimale flowhastighed er <strong>260 m3\/t <\/strong>(under belastning). Den vejer 65 kg og er 99 cm h\u00f8j (v\u00e6gt uden filter).    <\/p>\n\n<p><strong>ePUR Ex 5000<\/strong> udm\u00e6rker sig ved sin sugeevne med et <strong>h\u00f8jt flow p\u00e5 2800 m3\/t<\/strong>. Filtrene kan tilpasses lige s\u00e5 meget som p\u00e5 de to foreg\u00e5ende modeller. Som standard leveres apparatet med et E10-forfilter med en filteroverflade p\u00e5 19 m\u00b2 og et H14 HEPA-filter med en filteroverflade p\u00e5 20 m\u00b2.  <\/p>\n\n<p>ePUR Ex 1000 vejer 58 kg ved en h\u00f8jde p\u00e5 63 cm, og ePUR Ex 5000 vejer 240 kg ved en h\u00f8jde p\u00e5 159 cm (v\u00e6gt med filter).<\/p>\n\n<p>Deres st\u00f8jniveau under drift er relativt lavt (62db). Materialerne i rustfrit st\u00e5l g\u00f8r dem robuste og p\u00e5lidelige. De er ogs\u00e5 udstyret med en kontrolsk\u00e6rm for nem konfiguration.<\/p>\n\n<figure class=\"wp-block-table\"><table class=\"has-fixed-layout\"><thead><tr><th>Enhed<\/th><th><\/th><th>ePUR Ex 1000<\/th><th>ePUR Ex 3000<\/th><th>ePUR Ex 5000<\/th><\/tr><\/thead><tbody><tr><td>Flow<\/td><td>m3\/h<\/td><td>350<\/td><td>460<\/td><td>2.800<\/td><\/tr><tr><td>Indl\u00f8bsdiameter<\/td><td>mm<\/td><td>50<\/td><td>50<\/td><td>150<\/td><\/tr><tr><td>maks. undertryk<\/td><td>Pa<\/td><td>10 000<\/td><td>10 000<\/td><td>6000<\/td><\/tr><tr><td>Forsyningssp\u00e6nding<\/td><td>V<\/td><td>230 (eller 110)<\/td><td>230 (eller 110)<\/td><td>400<\/td><\/tr><tr><td>Kraft<\/td><td>kW<\/td><td>1.1<\/td><td>1.1<\/td><td>2.4<\/td><\/tr><tr><td>Filtrerende overflade 1. sal<\/td><td>m\u00b2<\/td><td>2.2<\/td><td>2.5<\/td><td>19<\/td><\/tr><tr><td>Filteroverflade 2. sal<\/td><td>m\u00b2<\/td><td>2.8<\/td><td>5.6<\/td><td>20<\/td><\/tr><tr><td>M\u00e6ngde af aktivt kul 3. trin<\/td><td>kg<\/td><td>3<\/td><td>5.8<\/td><td>X<\/td><\/tr><tr><td>Dimensioner<\/td><td>l\/L\/h (mm)<\/td><td>436 x 527 x 638<\/td><td>430 x 400 x 996 mm<\/td><td>780 x 970 x 1590<\/td><\/tr><tr><td>V\u00e6gt (uden filtre)<\/td><td>kg<\/td><td>58<\/td><td>65<\/td><td>240<\/td><\/tr><tr><td>St\u00f8jniveau<\/td><td>dB(A)<\/td><td>62<\/td><td>62<\/td><td>75<\/td><\/tr><\/tbody><\/table><\/figure>\n\n<h2 class=\"wp-block-heading\">Hvad er fordelene ved vores elektroniske udstyr til udsugning af svejser\u00f8g?<\/h2>\n\n<p><\/p>\n\n<div class=\"wp-block-columns is-layout-flex wp-container-core-columns-is-layout-28f84493 wp-block-columns-is-layout-flex\">\n<div class=\"wp-block-column is-layout-flow wp-block-column-is-layout-flow\" style=\"flex-basis:25%\"><\/div>\n\n\n\n<div class=\"wp-block-column is-layout-flow wp-block-column-is-layout-flow\" style=\"flex-basis:50%\">\n<figure class=\"wp-block-embed is-type-video is-provider-youtube wp-block-embed-youtube wp-embed-aspect-16-9 wp-has-aspect-ratio\"><div class=\"wp-block-embed__wrapper\">\n<iframe title=\"TRAITEMENT COV, ODEURS, POUSSI\u00c8RES ET POLLUANTS GAZEUX - ePUR EX1000 - Obera\" width=\"1200\" height=\"675\" src=\"https:\/\/www.youtube.com\/embed\/05A45bNzFEY?feature=oembed\" frameborder=\"0\" allow=\"accelerometer; autoplay; clipboard-write; encrypted-media; gyroscope; picture-in-picture; web-share\" referrerpolicy=\"strict-origin-when-cross-origin\" allowfullscreen><\/iframe>\n<\/div><\/figure>\n\n\n\n<p><\/p>\n<\/div>\n\n\n\n<div class=\"wp-block-column is-layout-flow wp-block-column-is-layout-flow\" style=\"flex-basis:25%\"><\/div>\n<\/div>\n\n<p>Der er mange fordele, men f\u00f8rst og fremmest <strong>beskyttelsen af medarbejderne<\/strong> mod de mange luftvejs- og hudsygdomme, de kan f\u00e5. En anden fordel er beskyttelsen af produktionsv\u00e6rkt\u00f8jer, hvilket betyder f\u00e6rre nedbrud og l\u00e6ngere levetid for v\u00e6rkt\u00f8jet. De forskellige tilg\u00e6ngelige filterkonfigurationer betyder, at de kan tilpasses fuldt ud til det aktuelle problem.    <\/p>\n\n<blockquote class=\"wp-block-quote is-layout-flow wp-block-quote-is-layout-flow\">\n<p>Lav driftsst\u00f8j betyder, at den kan installeres direkte i arbejdsomr\u00e5det.  <\/p>\n<\/blockquote>\n\n<p>Apparaterne er designet af robuste materialer som f.eks. rustfrit st\u00e5l for at g\u00f8re dem mere modstandsdygtige. Filtre kan skiftes hurtigt og nemt. Der anvendes <strong>elektronisk kommuterede EC-ventilatorer<\/strong> for optimeret effektivitet og trinl\u00f8s justering. Kontrolpanelet tilbyder ogs\u00e5 en bred vifte af indstillinger, herunder fjernbetjening og visning af enhedens status (tilstoppet, punkteret filter osv.) for optimal brugervenlighed. If\u00f8lge loven g\u00f8r vores enheder det muligt for dig at overholde gr\u00e6nsev\u00e6rdien for erhvervsm\u00e6ssig eksponering (OEL).    <\/p>\n\n<div class=\"wp-block-columns is-layout-flex wp-container-core-columns-is-layout-28f84493 wp-block-columns-is-layout-flex\">\n<div class=\"wp-block-column is-layout-flow wp-block-column-is-layout-flow\">\n<h3 class=\"wp-block-heading has-text-align-center\">Fordele<\/h3>\n\n\n\n<ul class=\"wp-block-list\">\n<li>3 faser af h\u00f8jtydende filtrering<\/li>\n\n\n\n<li>Lydd\u00e6mper<\/li>\n\n\n\n<li>Hurtig og nem udskiftning af filtreringstrin<\/li>\n\n\n\n<li>Mobil og pladsbesparende<\/li>\n\n\n\n<li>Kan bruges til at st\u00f8vsuge op til 3 arbejdsstationer eller produktionsmaskiner<\/li>\n<\/ul>\n<\/div>\n\n\n\n<div class=\"wp-block-column is-layout-flow wp-block-column-is-layout-flow\">\n<h3 class=\"wp-block-heading has-text-align-center\">S\u00e6rlige funktioner<\/h3>\n\n\n\n<ul class=\"wp-block-list\">\n<li>ATEX-certificering<\/li>\n\n\n\n<li>Elektronisk kommuteret EC-ventilator for optimeret effektivitet og uendelig justerbarhed<\/li>\n\n\n\n<li>Kan konfigureres med en bred vifte af tilbeh\u00f8r<\/li>\n<\/ul>\n<\/div>\n\n\n\n<div class=\"wp-block-column is-layout-flow wp-block-column-is-layout-flow\">\n<h3 class=\"wp-block-heading has-text-align-center\">Funktioner<\/h3>\n\n\n\n<ul class=\"wp-block-list\">\n<li>Forbedrer luftkvaliteten markant ved at fjerne lugt, VOC&#8217;er og andre forurenende luftarter.<\/li>\n<\/ul>\n<\/div>\n<\/div>\n\n<h2 class=\"wp-block-heading\">Hvordan v\u00e6lger jeg det rigtige st\u00f8vopsamlingssystem?<\/h2>\n\n<p>Det er vigtigt at v\u00e6lge den rigtige st\u00f8vopsamler for at undg\u00e5 for tidlig slitage, der kan f\u00f8re til funktionsfejl.<\/p>\n\n<p>ePUR Ex-serien er <strong>kraftfuld<\/strong>, <strong>enkel<\/strong>, <strong>kompakt<\/strong> og udstyret med m\u00e6tningsfiltre. Du kan frit og med omtanke v\u00e6lge kombinationen af filtreringstrin for at optimere mediets levetid. S\u00f8rg dog for, at m\u00e6tningspartikelfiltrene er velegnede til de m\u00e6ngder st\u00f8v og dampe, du \u00f8nsker at udsuge. Andre enheder f\u00e5s med regenerative filtermedier.   <\/p>\n\n<p>Hvis du selv laver research, skal du s\u00f8rge for at finde ud af, hvilken filtreringskapacitet enheden har. Det afh\u00e6nger af det forurenende stof, partikelst\u00f8rrelse, tilstand (fast eller gasformig) og koncentration. Denne research vil g\u00f8re det muligt for dig at v\u00e6lge den ideelle type filter, som st\u00f8vopsamleren skal have. For det andet skal du finde ud af, hvor kraftig enheden er, med andre ord dens flowhastighed. Igen vil enhedens flowhastighed afh\u00e6nge af m\u00e6ngden af dit forurenende stof samt overfladearealet i det rum, der skal behandles.    Jo st\u00f8rre rummet er, jo mere flow har du brug for.<\/p>\n\n<p>Det n\u00e6ste skridt er at beslutte, hvilket tilbeh\u00f8r maskinen skal udstyres med: en kanal, der er forbundet med produktionsmaskinen, eller en<a href=\"https:\/\/obera.fr\/da\/produits\/bras-dispositifs-captation\/capot-industriel\/\"> sugearm<\/a> til en arbejdsstation.<\/p>\n\n<hr class=\"wp-block-separator has-css-opacity is-style-dots\"\/>\n\n<div class=\"wp-block-buttons is-horizontal is-content-justification-center is-layout-flex wp-container-core-buttons-is-layout-03627597 wp-block-buttons-is-layout-flex\">\n<div class=\"wp-block-button has-custom-width wp-block-button__width-100\"><a class=\"wp-block-button__link wp-element-button\" href=\"https:\/\/obera.fr\/da\/kontakt-os\/\">F\u00e5 flere oplysninger<\/a><\/div>\n<\/div>\n\n<h2 class=\"wp-block-heading\">Andre sm\u00e5 st\u00f8vopsamlere fra m\u00e6rket OberA<\/h2>\n\n<div class=\"wp-block-columns is-layout-flex wp-container-core-columns-is-layout-28f84493 wp-block-columns-is-layout-flex\">\n<div class=\"wp-block-column is-layout-flow wp-block-column-is-layout-flow\">\n<figure class=\"wp-block-image aligncenter size-medium\"><a href=\"https:\/\/obera.fr\/produits\/depoussiereurs-industriels\/petits\/jumbo\/\"><img decoding=\"async\" width=\"300\" height=\"300\" src=\"https:\/\/obera.fr\/wp-content\/uploads\/2020\/10\/jumbo-300x300.png\" alt=\"Jumbo\" class=\"wp-image-1171\" srcset=\"https:\/\/obera.fr\/wp-content\/uploads\/2020\/10\/jumbo-300x300.png 300w, https:\/\/obera.fr\/wp-content\/uploads\/2020\/10\/jumbo-150x150.png 150w, https:\/\/obera.fr\/wp-content\/uploads\/2020\/10\/jumbo.png 500w\" sizes=\"(max-width: 300px) 100vw, 300px\" \/><\/a><figcaption class=\"wp-element-caption\">Jumbo<\/figcaption><\/figure>\n<\/div>\n\n\n\n<div class=\"wp-block-column is-layout-flow wp-block-column-is-layout-flow\">\n<figure class=\"wp-block-image aligncenter size-medium\"><a href=\"https:\/\/obera.fr\/produits\/depoussiereurs-industriels\/petits\/tk-serie\/\"><img decoding=\"async\" width=\"300\" height=\"300\" src=\"https:\/\/obera.fr\/wp-content\/uploads\/2020\/11\/tk-series-300x300.jpg\" alt=\"TK-serien\" class=\"wp-image-1607\" srcset=\"https:\/\/obera.fr\/wp-content\/uploads\/2020\/11\/tk-series-300x300.jpg 300w, https:\/\/obera.fr\/wp-content\/uploads\/2020\/11\/tk-series-150x150.jpg 150w, https:\/\/obera.fr\/wp-content\/uploads\/2020\/11\/tk-series.jpg 600w\" sizes=\"(max-width: 300px) 100vw, 300px\" \/><\/a><figcaption class=\"wp-element-caption\">TK Serie<\/figcaption><\/figure>\n<\/div>\n\n\n\n<div class=\"wp-block-column is-layout-flow wp-block-column-is-layout-flow\">\n<figure class=\"wp-block-image aligncenter size-medium\"><a href=\"https:\/\/obera.fr\/produits\/depoussiereurs-industriels\/petits\/srf-t\/\"><img decoding=\"async\" width=\"300\" height=\"300\" src=\"https:\/\/obera.fr\/wp-content\/uploads\/2020\/10\/SRF-T-SF-300x300.png\" alt=\"Srf T Sf\" class=\"wp-image-1310\" srcset=\"https:\/\/obera.fr\/wp-content\/uploads\/2020\/10\/SRF-T-SF-300x300.png 300w, https:\/\/obera.fr\/wp-content\/uploads\/2020\/10\/SRF-T-SF-150x150.png 150w, https:\/\/obera.fr\/wp-content\/uploads\/2020\/10\/SRF-T-SF.png 600w\" sizes=\"(max-width: 300px) 100vw, 300px\" \/><\/a><figcaption class=\"wp-element-caption\">SRF-T<\/figcaption><\/figure>\n<\/div>\n<\/div>\n","protected":false},"excerpt":{"rendered":"<p>EPUR Ex er en serie af 3 ATEX-certificeredemobile luftudsugningssystemer. Hvordan fungerer udsugning af svejse-\/laserr\u00f8g? Betjeningen er enkel: Den forurenede luft suges direkte ind via en sugeslange, der er forbundet med maskinen, en sugearm, en udsugningsh\u00e6tte eller direkte p\u00e5 en produktionsmaskine via et netv\u00e6rk af kanaler. Denforurenede luft opfanges og behandles i de forskellige filtreringstrin. Denrensede luft ledes derefter ud fra bunden af enheden, direkte ind i arbejdsomr\u00e5det eller udenfor, ved hj\u00e6lp af et netv\u00e6rk af udst\u00f8dningskanaler. Til hvilke form\u00e5l? Disse udsugningsenheder er designet til at udsuge svejse- og lodder\u00f8g, st\u00f8v, dampe, opl\u00f8sningsmidler, gasser, lugte og alle former for gasformig forurening. &#8230; <\/p>\n<p class=\"read-more-container\"><a title=\"Udsugning af svejser\u00f8g og laser ePUR Ex\" class=\"read-more button\" href=\"https:\/\/obera.fr\/da\/produits\/depoussiereurs-industriels\/petits\/aspiration-fumees-soudage-laser-epur-b-ex\/#more-51742\" aria-label=\"Read more about Udsugning af svejser\u00f8g og laser ePUR Ex\">Lire la suite<\/a><\/p>\n","protected":false},"author":4,"featured_media":83735,"parent":52081,"menu_order":0,"comment_status":"closed","ping_status":"closed","template":"","meta":{"_acf_changed":false,"_seopress_robots_primary_cat":"","_seopress_titles_title":"Udsugning af svejser\u00f8g og laser ePUR Ex oberA","_seopress_titles_desc":"ePUR Ex 1000 \/ 3000 \/ 5000 er en serie af 3 ATEX-certificerede mobile luftudsugningssystemer. oberEn lille st\u00f8vopsamler","_seopress_robots_index":"","footnotes":""},"class_list":{"0":"post-51742","1":"page","2":"type-page","3":"status-publish","4":"has-post-thumbnail","6":"no-featured-image-padding","7":"resize-featured-image"},"acf":[],"_links":{"self":[{"href":"https:\/\/obera.fr\/da\/wp-json\/wp\/v2\/pages\/51742","targetHints":{"allow":["GET"]}}],"collection":[{"href":"https:\/\/obera.fr\/da\/wp-json\/wp\/v2\/pages"}],"about":[{"href":"https:\/\/obera.fr\/da\/wp-json\/wp\/v2\/types\/page"}],"author":[{"embeddable":true,"href":"https:\/\/obera.fr\/da\/wp-json\/wp\/v2\/users\/4"}],"replies":[{"embeddable":true,"href":"https:\/\/obera.fr\/da\/wp-json\/wp\/v2\/comments?post=51742"}],"version-history":[{"count":10,"href":"https:\/\/obera.fr\/da\/wp-json\/wp\/v2\/pages\/51742\/revisions"}],"predecessor-version":[{"id":127284,"href":"https:\/\/obera.fr\/da\/wp-json\/wp\/v2\/pages\/51742\/revisions\/127284"}],"up":[{"embeddable":true,"href":"https:\/\/obera.fr\/da\/wp-json\/wp\/v2\/pages\/52081"}],"wp:featuredmedia":[{"embeddable":true,"href":"https:\/\/obera.fr\/da\/wp-json\/wp\/v2\/media\/83735"}],"wp:attachment":[{"href":"https:\/\/obera.fr\/da\/wp-json\/wp\/v2\/media?parent=51742"}],"curies":[{"name":"wp","href":"https:\/\/api.w.org\/{rel}","templated":true}]}}