{"id":51943,"date":"2020-08-26T12:41:56","date_gmt":"2020-08-26T10:41:56","guid":{"rendered":"https:\/\/obera.fr\/epur-b01-ecoprime-luftrenser-til-stoev\/"},"modified":"2025-03-07T16:43:57","modified_gmt":"2025-03-07T14:43:57","slug":"epur-b01-ecoprime-luftrenser-til-stoev","status":"publish","type":"page","link":"https:\/\/obera.fr\/da\/produits\/purificateurs-air\/epur-b01-ecoprime-luftrenser-til-stoev\/","title":{"rendered":"ePUR B01 Ecoprime luftrenser til st\u00f8v"},"content":{"rendered":"\n<p><strong>ePUR B01 Ecoprime<\/strong> est un <a href=\"https:\/\/obera.fr\/produits\/purificateurs-air\/\" data-type=\"page\" data-id=\"26\">purificateur d\u2019air professionnel<\/a> pour de petits volumes.<\/p>\n\n\n\n\n\n\n<h2 class=\"wp-block-heading\" id=\"comment-fonctionne-notre-purificateur-d-air\">Hvordan virker vores luftrenser?<\/h2>\n\n\n\n<div class=\"wp-block-columns is-layout-flex wp-container-core-columns-is-layout-28f84493 wp-block-columns-is-layout-flex\">\n<div class=\"wp-block-column is-layout-flow wp-block-column-is-layout-flow\" style=\"flex-basis:33.33%\">\n<figure class=\"wp-block-image aligncenter size-medium\"><img decoding=\"async\" width=\"300\" height=\"300\" src=\"https:\/\/obera.fr\/wp-content\/uploads\/2020\/09\/epur-b01-ecoprime-300x300.jpg\" alt=\"Epur B01 Ecoprime\" class=\"wp-image-1008\" srcset=\"https:\/\/obera.fr\/wp-content\/uploads\/2020\/09\/epur-b01-ecoprime-300x300.jpg 300w, https:\/\/obera.fr\/wp-content\/uploads\/2020\/09\/epur-b01-ecoprime-150x150.jpg 150w, https:\/\/obera.fr\/wp-content\/uploads\/2020\/09\/epur-b01-ecoprime.jpg 433w\" sizes=\"(max-width: 300px) 100vw, 300px\" \/><\/figure>\n<\/div>\n\n\n\n<div class=\"wp-block-column is-layout-flow wp-block-column-is-layout-flow\" style=\"flex-basis:66.66%\">\n<p>Det fungerer p\u00e5 en enkel m\u00e5de: Forurenet luft suges ind i toppen af enheden og passerer derefter gennem flere lag af filtrering inde i enheden, f\u00f8r den udledes i bunden direkte til dit arbejdsomr\u00e5de.<\/p>\n\n\n\n<h3 class=\"wp-block-heading\" id=\"a-quelles-utilisations-convient-il\">Hvad kan man bruge det til?<\/h3>\n\n\n\n<p>Denne <strong>luftbehandlingsenhed<\/strong> er velegnet til stort set alle typer virksomheder. Den vil v\u00e6re effektiv i sm\u00e5 og mellemstore rum, s\u00e5som kontorer, m\u00f8delokaler, fris\u00f8rsaloner, neglesaloner, hoteller, renserier, fitnesscentre, l\u00e6geklinikker, tandl\u00e6ger, EPHAD, h\u00e5ndv\u00e6rkere og skoler osv. <\/p>\n\n\n\n<div class=\"wp-block-columns is-layout-flex wp-container-core-columns-is-layout-28f84493 wp-block-columns-is-layout-flex\">\n<div class=\"wp-block-column is-layout-flow wp-block-column-is-layout-flow\" style=\"flex-basis:33.34%\">\n<div class=\"wp-block-buttons is-content-justification-center is-layout-flex wp-container-core-buttons-is-layout-a89b3969 wp-block-buttons-is-layout-flex\">\n<div class=\"wp-block-button\"><a class=\"wp-block-button__link wp-element-button\" href=\"https:\/\/obera.fr\/wp-content\/uploads\/2025\/03\/ecoprime-en.pdf\">Download brochuren<\/a><\/div>\n<\/div>\n<\/div>\n\n\n\n<div class=\"wp-block-column is-layout-flow wp-block-column-is-layout-flow\" style=\"flex-basis:33.34%\">\n<div class=\"wp-block-buttons is-horizontal is-content-justification-center is-layout-flex wp-container-core-buttons-is-layout-03627597 wp-block-buttons-is-layout-flex\">\n<div class=\"wp-block-button\"><a class=\"wp-block-button__link\" href=\"https:\/\/boutique.obera.fr\/22-acheter-purificateur-air-epur-b01-ecoprime-poussieres.html\" target=\"_blank\" rel=\"noreferrer noopener\">Acheter Epur B01 Ecoprime \u00e0 880,80\u20ac TTC<\/a><\/div>\n<\/div>\n<\/div>\n\n\n\n<div class=\"wp-block-column is-layout-flow wp-block-column-is-layout-flow\" style=\"flex-basis:33.33%\">\n<div class=\"wp-block-buttons is-content-justification-center is-layout-flex wp-container-core-buttons-is-layout-a89b3969 wp-block-buttons-is-layout-flex\">\n<div class=\"wp-block-button btn-devis-source\"><a class=\"wp-block-button__link wp-element-button\" href=\"https:\/\/obera.fr\/da\/devis\/\">Anmod om et tilbud<\/a><\/div>\n<\/div>\n\n\n<script>\r\ndocument.addEventListener('DOMContentLoaded', function() {\r\n    \/\/ 1. On cherche le titre H1 de la page\r\n    var h1 = document.querySelector('h1');\r\n    var productTitle = h1 ? h1.innerText.trim() : \"\";\r\n\r\n    \/\/ 2. On cherche les boutons via la classe CSS .btn-devis-source\r\n    var buttons = document.querySelectorAll('.btn-devis-source a');\r\n\r\n    \/\/ 3. Si on a le titre et les boutons, on ajoute le param\u00e8tre\r\n    if (buttons.length > 0 && productTitle !== \"\") {\r\n        var encodedTitle = encodeURIComponent(productTitle);\r\n\r\n        buttons.forEach(function(btn) {\r\n            var currentHref = btn.getAttribute('href');\r\n            \r\n            \/\/ S\u00e9curit\u00e9 pour ne pas ajouter le param\u00e8tre 2 fois\r\n            if (currentHref.indexOf('sujet=') === -1) {\r\n                var separator = currentHref.indexOf('?') !== -1 ? '&' : '?';\r\n                var newLink = currentHref + separator + 'sujet=' + encodedTitle;\r\n                \r\n                btn.setAttribute('href', newLink);\r\n            }\r\n        });\r\n    }\r\n});\r\n<\/script><\/div>\n<\/div>\n<\/div>\n<\/div>\n\n\n\n<h2 class=\"wp-block-heading\" id=\"quels-polluants-puis-je-traiter-avec-le-purificateur-d-air-epur-b01-ecoprime\">Hvilke forurenende stoffer kan jeg behandle med ePUR B01 Ecoprime luftrenser?<\/h2>\n\n\n\n<p>Luftrenseren ePUR B01 Ecoprime kan udstyres med forskellige filtreringskonfigurationer. Som standard inkluderer den et molekyl\u00e6rt filtreringstrin med aktivt kul til <strong>gasformige forurenende<\/strong> stoffer (VOC&#8217;er, lugte, formaldehyder osv.) og en etage med <strong>partikelfiltrering<\/strong> (HEPA klasse F m\u00e6tningsfilter til behandling af fint st\u00f8v, gasformige forurenende stoffer, lugte, VOC&#8217;er og luftb\u00e5rne vira og bakterier. <\/p>\n\n\n\n<div class=\"wp-block-buttons is-horizontal is-content-justification-center is-layout-flex wp-container-core-buttons-is-layout-03627597 wp-block-buttons-is-layout-flex\">\n<div class=\"wp-block-button has-custom-width wp-block-button__width-100\"><a class=\"wp-block-button__link wp-element-button\" href=\"https:\/\/obera.fr\/da\/kontakt-os\/\">F\u00e5 flere oplysninger<\/a><\/div>\n<\/div>\n\n\n\n<div style=\"height:20px\" aria-hidden=\"true\" class=\"wp-block-spacer\"><\/div>\n\n\n\n<div class=\"wp-block-columns is-layout-flex wp-container-core-columns-is-layout-28f84493 wp-block-columns-is-layout-flex\">\n<div class=\"wp-block-column is-layout-flow wp-block-column-is-layout-flow\">\n<h3 class=\"wp-block-heading has-text-align-center\" id=\"polluants\">Forurenende stoffer<\/h3>\n\n\n\n<hr class=\"wp-block-separator has-css-opacity is-style-wide\"\/>\n\n\n\n<div class=\"wp-block-columns is-layout-flex wp-container-core-columns-is-layout-28f84493 wp-block-columns-is-layout-flex\">\n<div class=\"wp-block-column is-layout-flow wp-block-column-is-layout-flow\">\n<figure class=\"wp-block-image aligncenter size-large\"><img decoding=\"async\" width=\"70\" height=\"70\" src=\"https:\/\/obera.fr\/wp-content\/uploads\/2020\/08\/polluants-poussieres.jpg\" alt=\"Forurenende stoffer St\u00f8v\" class=\"wp-image-675\"\/><figcaption class=\"wp-element-caption\">Forurenende stoffer St\u00f8v<\/figcaption><\/figure>\n<\/div>\n\n\n\n<div class=\"wp-block-column is-layout-flow wp-block-column-is-layout-flow\">\n<figure class=\"wp-block-image aligncenter size-large\"><img decoding=\"async\" width=\"70\" height=\"70\" src=\"https:\/\/obera.fr\/wp-content\/uploads\/2020\/10\/industrie-aerosols.jpg\" alt=\"Industri Aerosoler\" class=\"wp-image-1201\"\/><figcaption class=\"wp-element-caption\">Aerosoler<\/figcaption><\/figure>\n<\/div>\n<\/div>\n\n\n\n<p><\/p>\n<\/div>\n\n\n\n<div class=\"wp-block-column is-layout-flow wp-block-column-is-layout-flow\">\n<h3 class=\"wp-block-heading has-text-align-center\" id=\"industries\">Industrier<\/h3>\n\n\n\n<hr class=\"wp-block-separator has-css-opacity is-style-wide\"\/>\n\n\n\n<p>Den er velegnet til alle typer virksomheder og vil blive uundv\u00e6rlig i :<\/p>\n\n\n\n<ul class=\"wp-block-list\">\n<li>Kontorer og m\u00f8delokaler<\/li>\n\n\n\n<li>\u00c5bne rum<\/li>\n\n\n\n<li>H\u00e5ndv\u00e6rkere<\/li>\n\n\n\n<li>Fris\u00f8rer<\/li>\n\n\n\n<li>Neglekunst<\/li>\n\n\n\n<li>Handel med elektroniske cigaretter og e-cigaretv\u00e6sker<\/li>\n\n\n\n<li>Medicinsk praksis<\/li>\n\n\n\n<li>Tandl\u00e6ger<\/li>\n\n\n\n<li>Tandteknikere<\/li>\n\n\n\n<li>EPHAD<\/li>\n\n\n\n<li>Optikere<\/li>\n\n\n\n<li>Hoteller<\/li>\n\n\n\n<li>Restauranter<\/li>\n\n\n\n<li>Konfektionsbutikker<\/li>\n\n\n\n<li>Tryk p\u00e5<\/li>\n\n\n\n<li>Sports- og fitnessfaciliteter<\/li>\n\n\n\n<li>Primeurs<\/li>\n\n\n\n<li>B\u00f8rnehaver og skoler<\/li>\n<\/ul>\n<\/div>\n<\/div>\n\n\n\n<h2 class=\"wp-block-heading\" id=\"quelles-sont-les-caracteristiques-du-purificateur-d-air-epur-b01-ecoprime\">Hvad er funktionerne i ePUR B01 Ecoprime luftrenser?<\/h2>\n\n\n\n<figure class=\"wp-block-image alignright size-medium\"><img decoding=\"async\" width=\"300\" height=\"206\" src=\"https:\/\/obera.fr\/wp-content\/uploads\/2020\/10\/epur-ecoprime-300x206.jpg\" alt=\"Epur Ecoprime\" class=\"wp-image-1240\" srcset=\"https:\/\/obera.fr\/wp-content\/uploads\/2020\/10\/epur-ecoprime-300x206.jpg 300w, https:\/\/obera.fr\/wp-content\/uploads\/2020\/10\/epur-ecoprime-768x528.jpg 768w, https:\/\/obera.fr\/wp-content\/uploads\/2020\/10\/epur-ecoprime.jpg 900w\" sizes=\"(max-width: 300px) 100vw, 300px\" \/><figcaption class=\"wp-element-caption\">EcoPrime<\/figcaption><\/figure>\n\n\n\n<p>Denne enhed har et <strong>h\u00f8jeffektivt, kulstofimpr\u00e6gneret partikelfilter<\/strong>, der indfanger over 99,9 % af st\u00f8v og forurenende luftarter. Dens effekt er fuldt justerbar, s\u00e5 du kan tilpasse str\u00f8mningshastigheden til dine behov. Med sine kompakte m\u00e5l p\u00e5 25x25x33 cm passer den perfekt ind i selv det mindste arbejdsmilj\u00f8.    <\/p>\n\n\n\n<p>Den kan effektivt behandle forurenende stoffer fra et overfladeareal p\u00e5 op til 60 m\u00b2. Energieffektiv med en A+-klassificering p\u00e5 kun 14 W. Luftrenseren ePUR B01 Ecoprime er <strong>lydl\u00f8s<\/strong>, og dens lave st\u00f8jniveau p\u00e5 48db ved fuld effekt betyder, at du kan placere den s\u00e5 t\u00e6t p\u00e5 dig som muligt, uden at den forstyrrer dig.  <\/p>\n\n\n\n<h2 class=\"wp-block-heading\" id=\"quels-sont-ses-avantages\"><strong>Hvad er fordelene?<\/strong><\/h2>\n\n\n\n<p>For det f\u00f8rste beskytter luftrenseren medarbejderne mod fine partikler og andre forurenende gasser, hvilket hj\u00e6lper med at forebygge alle former for lunge- og hjertesygdomme. <strong>HEPA-filtrering<\/strong> eliminerer ogs\u00e5 vira, bakterier og sporer for at begr\u00e6nse epidemier for\u00e5rsaget af patogener, luftb\u00e5rne stoffer og allergener.<\/p>\n\n\n\n<p>Der er ogs\u00e5 en fordel med hensyn til reng\u00f8ringsomkostninger. Faktisk behandler enheden st\u00f8v og andre forurenende stoffer, som ellers ville s\u00e6tte sig i dit arbejdsomr\u00e5de. Desuden er den stort set vedligeholdelsesfri. Afh\u00e6ngigt af brugen og m\u00e6ngden af forurenende stoffer i rummet skal filtrene kun skiftes en gang om \u00e5ret. Denne kompakte luftrenser med sit slanke, moderne design passer nemt ind i ethvert rum.    <\/p>\n\n\n\n<p>I nogle tilf\u00e6lde bruges vores professionelle luftrensere til at overholde gr\u00e6nsev\u00e6rdierne for erhvervsm\u00e6ssig eksponering (OEL).<\/p>\n\n\n\n<div class=\"wp-block-columns is-layout-flex wp-container-core-columns-is-layout-28f84493 wp-block-columns-is-layout-flex\">\n<div class=\"wp-block-column is-layout-flow wp-block-column-is-layout-flow\">\n<h3 class=\"wp-block-heading has-text-align-center\" id=\"avantages\">Fordele<\/h3>\n\n\n\n<ul class=\"wp-block-list\">\n<li>Syntetisk HEPA-filter impr\u00e6gneret med h\u00f8jeffektivt aktivt kul.<\/li>\n\n\n\n<li>Econome: maks. 14W <\/li>\n\n\n\n<li>Maksimal effektivitet op til 60 m\u00b2.<\/li>\n<\/ul>\n<\/div>\n\n\n\n<div class=\"wp-block-column is-layout-flow wp-block-column-is-layout-flow\">\n<h3 class=\"wp-block-heading has-text-align-center\" id=\"particularites\">S\u00e6rlige funktioner<\/h3>\n\n\n\n<ul class=\"wp-block-list\">\n<li>Effekten kan justeres fra 0 til 100 %.<\/li>\n\n\n\n<li>Elegant, moderne design<\/li>\n\n\n\n<li>Kompakt 25 cm x 25 cm x 33 cm<\/li>\n\n\n\n<li>Lydd\u00e6mper: maks. 48 dB ved fuld effekt <\/li>\n<\/ul>\n<\/div>\n\n\n\n<div class=\"wp-block-column is-layout-flow wp-block-column-is-layout-flow\">\n<h3 class=\"wp-block-heading has-text-align-center\" id=\"caracteristiques\">Karakteristika<\/h3>\n\n\n\n<ul class=\"wp-block-list\">\n<li>Over 99,9 % filtrering af fine partikler og flygtige organiske forbindelser (VOC)<\/li>\n\n\n\n<li>Filtrerer vira, bakterier og sporer: hj\u00e6lper med at begr\u00e6nse epidemier for\u00e5rsaget af luftb\u00e5rne patogener<\/li>\n<\/ul>\n<\/div>\n<\/div>\n\n\n\n<div class=\"wp-block-buttons is-horizontal is-content-justification-center is-layout-flex wp-container-core-buttons-is-layout-03627597 wp-block-buttons-is-layout-flex\">\n<div class=\"wp-block-button has-custom-width wp-block-button__width-100\"><a class=\"wp-block-button__link wp-element-button\" href=\"https:\/\/obera.fr\/da\/kontakt-os\/\">F\u00e5 flere oplysninger<\/a><\/div>\n<\/div>\n\n\n\n<h2 class=\"wp-block-heading\" id=\"exemples-de-domaine-d-application-pour-le-epur-b01-ecoprime\">Eksempler p\u00e5 anvendelser af ePUR B01 Ecoprime :<\/h2>\n\n\n\n<h3 class=\"wp-block-heading\" id=\"secteur-medical-hopitaux-ehpad-veterinaires-pedicures-podologues-dentistes-et-prothesistes-dentaires-cabinets-medicaux-espaces-funeraires\">Medicinsk sektor (hospitaler, plejehjem, dyrl\u00e6ger, fodterapeuter, tandl\u00e6ger og tandteknikere, l\u00e6gepraksisser, begravelsesforretninger)<\/h3>\n\n\n\n<p>Behovene er meget forskellige:<\/p>\n\n\n\n<ul class=\"wp-block-list\">\n<li>Forbedre luftkvaliteten for at <strong>reducere luftb\u00e5ren forurening<\/strong>(vira, bakterier)<\/li>\n\n\n\n<li>Desinficerer og <strong>forhindrer spredning af vira<\/strong>, bakterier osv.<\/li>\n\n\n\n<li>Fjern irriterende lugte og <strong>neutraliser forskellige former for lugtforurening<\/strong><\/li>\n\n\n\n<li><strong>Reducering af st\u00f8vniveauer<\/strong> i st\u00f8vgenererende aktiviteter<\/li>\n<\/ul>\n\n\n\n<h2 class=\"wp-block-heading\" id=\"les-autres-purificateur-d-air-de-la-marque-obera\">Andre luftrensere fra m\u00e6rket oberA<\/h2>\n\n\n\n<div class=\"wp-block-columns is-layout-flex wp-container-core-columns-is-layout-28f84493 wp-block-columns-is-layout-flex\">\n<div class=\"wp-block-column is-layout-flow wp-block-column-is-layout-flow\">\n<figure class=\"wp-block-image aligncenter size-medium is-resized\"><a href=\"https:\/\/obera.fr\/produits\/purificateurs-air\/filtower\/\"><img decoding=\"async\" width=\"300\" height=\"300\" src=\"https:\/\/obera.fr\/wp-content\/uploads\/2020\/09\/FILTOWER-SF-300x300.png\" alt=\"Filtower Sf\" class=\"wp-image-1017\" style=\"width:150px;height:150px\" srcset=\"https:\/\/obera.fr\/wp-content\/uploads\/2020\/09\/FILTOWER-SF-300x300.png 300w, https:\/\/obera.fr\/wp-content\/uploads\/2020\/09\/FILTOWER-SF-150x150.png 150w, https:\/\/obera.fr\/wp-content\/uploads\/2020\/09\/FILTOWER-SF.png 600w\" sizes=\"(max-width: 300px) 100vw, 300px\" \/><\/a><figcaption class=\"wp-element-caption\">Filtower<\/figcaption><\/figure>\n<\/div>\n\n\n\n<div class=\"wp-block-column is-layout-flow wp-block-column-is-layout-flow\">\n<figure class=\"wp-block-image aligncenter size-medium is-resized\"><a href=\"https:\/\/obera.fr\/produits\/purificateurs-air\/professionnel-epur-ca\/\"><img decoding=\"async\" width=\"300\" height=\"300\" src=\"https:\/\/obera.fr\/wp-content\/uploads\/2020\/09\/gamme-epur-ca-300x300.jpg\" alt=\"Epur Ca-omr\u00e5de\" class=\"wp-image-1015\" style=\"width:150px;height:150px\" srcset=\"https:\/\/obera.fr\/wp-content\/uploads\/2020\/09\/gamme-epur-ca-300x300.jpg 300w, https:\/\/obera.fr\/wp-content\/uploads\/2020\/09\/gamme-epur-ca-150x150.jpg 150w, https:\/\/obera.fr\/wp-content\/uploads\/2020\/09\/gamme-epur-ca.jpg 433w\" sizes=\"(max-width: 300px) 100vw, 300px\" \/><\/a><figcaption class=\"wp-element-caption\">ePUR AC<\/figcaption><\/figure>\n<\/div>\n\n\n\n<div class=\"wp-block-column is-layout-flow wp-block-column-is-layout-flow\">\n<figure class=\"wp-block-image aligncenter size-full\"><a href=\"https:\/\/obera.fr\/produits\/purificateurs-air\/industriel-epur\/\"><img decoding=\"async\" width=\"150\" height=\"150\" src=\"https:\/\/obera.fr\/wp-content\/uploads\/2023\/05\/gamme-epur.png\" alt=\"epur-omr\u00e5de\" class=\"wp-image-22632\"\/><\/a><figcaption class=\"wp-element-caption\">EPUR<\/figcaption><\/figure>\n<\/div>\n\n\n\n<div class=\"wp-block-column is-layout-flow wp-block-column-is-layout-flow\">\n<figure class=\"wp-block-image aligncenter size-full\"><a href=\"https:\/\/obera.fr\/produits\/purificateurs-air\/purificateur-rafraichisseur-epur150-fresh\/\"><img decoding=\"async\" width=\"150\" height=\"150\" src=\"https:\/\/obera.fr\/wp-content\/uploads\/2023\/04\/epur150-fresh-4.png\" alt=\"epur150 frisk (4)\" class=\"wp-image-22427\"\/><\/a><figcaption class=\"wp-element-caption\">ePUR150 FRESH<\/figcaption><\/figure>\n<\/div>\n<\/div>\n","protected":false},"excerpt":{"rendered":"<p>ePUR B01 Ecoprime est un purificateur d\u2019air professionnel pour de petits volumes. Hvordan virker vores luftrenser? Det fungerer p\u00e5 en enkel m\u00e5de: Forurenet luft suges ind i toppen af enheden og passerer derefter gennem flere lag af filtrering inde i enheden, f\u00f8r den udledes i bunden direkte til dit arbejdsomr\u00e5de. Hvad kan man bruge det til? Denne luftbehandlingsenhed er velegnet til stort set alle typer virksomheder. Den vil v\u00e6re effektiv i sm\u00e5 og mellemstore rum, s\u00e5som kontorer, m\u00f8delokaler, fris\u00f8rsaloner, neglesaloner, hoteller, renserier, fitnesscentre, l\u00e6geklinikker, tandl\u00e6ger, EPHAD, h\u00e5ndv\u00e6rkere og skoler osv. Hvilke forurenende stoffer kan jeg behandle med ePUR B01 Ecoprime &#8230; <\/p>\n<p class=\"read-more-container\"><a title=\"ePUR B01 Ecoprime luftrenser til st\u00f8v\" class=\"read-more button\" href=\"https:\/\/obera.fr\/da\/produits\/purificateurs-air\/epur-b01-ecoprime-luftrenser-til-stoev\/#more-51943\" aria-label=\"Read more about ePUR B01 Ecoprime luftrenser til st\u00f8v\">Lire la suite<\/a><\/p>\n","protected":false},"author":4,"featured_media":83735,"parent":51948,"menu_order":0,"comment_status":"closed","ping_status":"closed","template":"","meta":{"_acf_changed":false,"_seopress_robots_primary_cat":"","_seopress_titles_title":"ePUR B01 Ecoprime luftrenser til st\u00f8v - oberA","_seopress_titles_desc":"ePUR B01 Ecoprime-luftrenseren er udstyret med forskellige filtreringskonfigurationer. Denne luftbehandlingsenhed er velegnet til alle virksomheder","_seopress_robots_index":"","footnotes":""},"class_list":{"0":"post-51943","1":"page","2":"type-page","3":"status-publish","4":"has-post-thumbnail","6":"no-featured-image-padding","7":"resize-featured-image"},"acf":[],"_links":{"self":[{"href":"https:\/\/obera.fr\/da\/wp-json\/wp\/v2\/pages\/51943","targetHints":{"allow":["GET"]}}],"collection":[{"href":"https:\/\/obera.fr\/da\/wp-json\/wp\/v2\/pages"}],"about":[{"href":"https:\/\/obera.fr\/da\/wp-json\/wp\/v2\/types\/page"}],"author":[{"embeddable":true,"href":"https:\/\/obera.fr\/da\/wp-json\/wp\/v2\/users\/4"}],"replies":[{"embeddable":true,"href":"https:\/\/obera.fr\/da\/wp-json\/wp\/v2\/comments?post=51943"}],"version-history":[{"count":2,"href":"https:\/\/obera.fr\/da\/wp-json\/wp\/v2\/pages\/51943\/revisions"}],"predecessor-version":[{"id":71723,"href":"https:\/\/obera.fr\/da\/wp-json\/wp\/v2\/pages\/51943\/revisions\/71723"}],"up":[{"embeddable":true,"href":"https:\/\/obera.fr\/da\/wp-json\/wp\/v2\/pages\/51948"}],"wp:featuredmedia":[{"embeddable":true,"href":"https:\/\/obera.fr\/da\/wp-json\/wp\/v2\/media\/83735"}],"wp:attachment":[{"href":"https:\/\/obera.fr\/da\/wp-json\/wp\/v2\/media?parent=51943"}],"curies":[{"name":"wp","href":"https:\/\/api.w.org\/{rel}","templated":true}]}}