{"id":51990,"date":"2020-08-26T12:42:28","date_gmt":"2020-08-26T10:42:28","guid":{"rendered":"https:\/\/obera.fr\/epur-box\/"},"modified":"2025-04-24T13:17:16","modified_gmt":"2025-04-24T11:17:16","slug":"aspiration-mobile-odeurs-epur-box","status":"publish","type":"page","link":"https:\/\/obera.fr\/da\/produits\/traitement-cov\/aspiration-mobile-odeurs-epur-box\/","title":{"rendered":"ePUR-BOX"},"content":{"rendered":"\n\n\n\n<h2 class=\"wp-block-heading\">Mobil udsugningsenhed til lugt og VOC&#8217;er<\/h2>\n\n\n\n<div class=\"wp-block-columns is-layout-flex wp-container-core-columns-is-layout-28f84493 wp-block-columns-is-layout-flex\">\n<div class=\"wp-block-column is-layout-flow wp-block-column-is-layout-flow\" style=\"flex-basis:33.33%\">\n<figure class=\"wp-block-image aligncenter size-full\"><img decoding=\"async\" width=\"1200\" height=\"1200\" src=\"https:\/\/obera.fr\/wp-content\/uploads\/2024\/05\/epurbox-brs.png\" alt=\"epurbox brs\" class=\"wp-image-30328\" srcset=\"https:\/\/obera.fr\/wp-content\/uploads\/2024\/05\/epurbox-brs.png 1200w, https:\/\/obera.fr\/wp-content\/uploads\/2024\/05\/epurbox-brs-300x300.png 300w, https:\/\/obera.fr\/wp-content\/uploads\/2024\/05\/epurbox-brs-1024x1024.png 1024w, https:\/\/obera.fr\/wp-content\/uploads\/2024\/05\/epurbox-brs-150x150.png 150w, https:\/\/obera.fr\/wp-content\/uploads\/2024\/05\/epurbox-brs-768x768.png 768w\" sizes=\"(max-width: 1200px) 100vw, 1200px\" \/><figcaption class=\"wp-element-caption\">ePURBOX  <\/figcaption><\/figure>\n<\/div>\n\n\n\n<div class=\"wp-block-column is-layout-flow wp-block-column-is-layout-flow\" style=\"flex-basis:66.66%\">\n<p><strong>ePUR-BOX<\/strong> er en praktisk, kompakt enhed udstyret med aktiv kulfiltrering til <a href=\"https:\/\/obera.fr\/da\/produits\/traitement-cov\/\" data-type=\"URL\" data-id=\"https:\/\/obera.fr\/produits\/traitement-cov\/\">behandling af forurenende gasser, VOC&#8217;er og lugte<\/a>.<\/p>\n\n\n\n<p>Enheden er udstyret med et forfilter til st\u00f8v og r\u00f8g. Hovedfiltreringssystemet bruger h\u00f8jeffektive patroner med aktivt kul, som kan tilpasses de forurenende stoffer, der skal behandles. Den filtrerede luft tr\u00e6kkes gennem en h\u00f8jeffektiv EC-ventilator (den nyeste teknologi med elektronisk kommutation).  <\/p>\n\n\n\n<p>Den rene luft ledes ud i bunden af enheden p\u00e5 3 sider. EPURBOX er udstyret med en 2 m lang roterende arm til effektiv opsamling ved kilden, s\u00e5 t\u00e6t som muligt p\u00e5 de forurenende emissioner. <\/p>\n\n\n\n<div class=\"wp-block-columns is-layout-flex wp-container-core-columns-is-layout-28f84493 wp-block-columns-is-layout-flex\">\n<div class=\"wp-block-column is-layout-flow wp-block-column-is-layout-flow\" style=\"flex-basis:33.34%\">\n<div class=\"wp-block-buttons is-content-justification-center is-layout-flex wp-container-core-buttons-is-layout-a89b3969 wp-block-buttons-is-layout-flex\">\n<div class=\"wp-block-button\"><a class=\"wp-block-button__link wp-element-button\" href=\"https:\/\/obera.fr\/wp-content\/uploads\/2025\/04\/brochure-epurbox-atex-brs-en.pdf\">Download brochuren<\/a><\/div>\n<\/div>\n<\/div>\n\n\n\n<div class=\"wp-block-column is-layout-flow wp-block-column-is-layout-flow\" style=\"flex-basis:33.34%\">\n<div class=\"wp-block-buttons is-horizontal is-content-justification-center is-layout-flex wp-container-core-buttons-is-layout-03627597 wp-block-buttons-is-layout-flex\">\n<div class=\"wp-block-button has-custom-width wp-block-button__width-100\"><a class=\"wp-block-button__link wp-element-button\" href=\"https:\/\/obera.fr\/da\/kontakt-os\/\">F\u00e5 flere oplysninger<\/a><\/div>\n<\/div>\n<\/div>\n\n\n\n<div class=\"wp-block-column is-layout-flow wp-block-column-is-layout-flow\" style=\"flex-basis:33.33%\">\n<div class=\"wp-block-buttons is-content-justification-center is-layout-flex wp-container-core-buttons-is-layout-a89b3969 wp-block-buttons-is-layout-flex\">\n<div class=\"wp-block-button btn-devis-source\"><a class=\"wp-block-button__link wp-element-button\" href=\"https:\/\/obera.fr\/da\/devis\/\">Anmod om et tilbud<\/a><\/div>\n<\/div>\n\n\n<script>\r\ndocument.addEventListener('DOMContentLoaded', function() {\r\n    \/\/ 1. On cherche le titre H1 de la page\r\n    var h1 = document.querySelector('h1');\r\n    var productTitle = h1 ? h1.innerText.trim() : \"\";\r\n\r\n    \/\/ 2. On cherche les boutons via la classe CSS .btn-devis-source\r\n    var buttons = document.querySelectorAll('.btn-devis-source a');\r\n\r\n    \/\/ 3. Si on a le titre et les boutons, on ajoute le param\u00e8tre\r\n    if (buttons.length > 0 && productTitle !== \"\") {\r\n        var encodedTitle = encodeURIComponent(productTitle);\r\n\r\n        buttons.forEach(function(btn) {\r\n            var currentHref = btn.getAttribute('href');\r\n            \r\n            \/\/ S\u00e9curit\u00e9 pour ne pas ajouter le param\u00e8tre 2 fois\r\n            if (currentHref.indexOf('sujet=') === -1) {\r\n                var separator = currentHref.indexOf('?') !== -1 ? '&' : '?';\r\n                var newLink = currentHref + separator + 'sujet=' + encodedTitle;\r\n                \r\n                btn.setAttribute('href', newLink);\r\n            }\r\n        });\r\n    }\r\n});\r\n<\/script><\/div>\n<\/div>\n<\/div>\n<\/div>\n\n\n\n<div class=\"wp-block-columns is-layout-flex wp-container-core-columns-is-layout-28f84493 wp-block-columns-is-layout-flex\">\n<div class=\"wp-block-column is-layout-flow wp-block-column-is-layout-flow\">\n<h3 class=\"wp-block-heading has-text-align-center\">Fordele<\/h3>\n\n\n\n<ul class=\"wp-block-list\">\n<li>Effektiv, pr\u00e6cis opsamling ved kilden<\/li>\n\n\n\n<li>Meget h\u00f8jeffektiv EC-ventilator<\/li>\n\n\n\n<li>Lydd\u00e6mper<\/li>\n\n\n\n<li>Mobil, let og nem at h\u00e5ndtere<\/li>\n\n\n\n<li>Lille fodaftryk<\/li>\n\n\n\n<li>Nem vedligeholdelse af filter<\/li>\n<\/ul>\n<\/div>\n\n\n\n<div class=\"wp-block-column is-layout-flow wp-block-column-is-layout-flow\">\n<h3 class=\"wp-block-heading has-text-align-center\">S\u00e6rlige funktioner<\/h3>\n\n\n\n<ul class=\"wp-block-list\">\n<li>H\u00f8jeffektivt aktivt kul<\/li>\n\n\n\n<li>Forfiltrering af st\u00f8v og dampe<\/li>\n\n\n\n<li>Selvb\u00e6rende sugearm med struktur uden for flowet<\/li>\n<\/ul>\n<\/div>\n\n\n\n<div class=\"wp-block-column is-layout-flow wp-block-column-is-layout-flow\">\n<h3 class=\"wp-block-heading has-text-align-center\">Funktioner<\/h3>\n\n\n\n<ul class=\"wp-block-list\">\n<li>H\u00f8j indfangningseffektivitet<\/li>\n\n\n\n<li>Valgfrit: Specifikt filter til lodning og ekstra behandling med aktivt kul.<\/li>\n<\/ul>\n<\/div>\n<\/div>\n\n\n\n<h2 class=\"wp-block-heading\">Anvendelser<\/h2>\n\n\n\n<div class=\"wp-block-columns is-layout-flex wp-container-core-columns-is-layout-28f84493 wp-block-columns-is-layout-flex\">\n<div class=\"wp-block-column is-layout-flow wp-block-column-is-layout-flow\">\n<h3 class=\"wp-block-heading has-text-align-center\">Forurenende stoffer<\/h3>\n\n\n\n<hr class=\"wp-block-separator has-css-opacity is-style-wide\"\/>\n\n\n\n<div class=\"wp-block-columns is-layout-flex wp-container-core-columns-is-layout-28f84493 wp-block-columns-is-layout-flex\">\n<div class=\"wp-block-column is-layout-flow wp-block-column-is-layout-flow\">\n<figure class=\"wp-block-image aligncenter size-large is-resized\"><img decoding=\"async\" width=\"70\" height=\"70\" src=\"https:\/\/obera.fr\/wp-content\/uploads\/2020\/08\/polluants-poussieres.jpg\" alt=\"Forurenende stoffer St\u00f8v\" class=\"wp-image-675\" style=\"width:83px;height:undefinedpx\"\/><figcaption class=\"wp-element-caption\">St\u00f8v<\/figcaption><\/figure>\n\n\n\n<figure class=\"wp-block-image aligncenter size-large is-resized\"><img decoding=\"async\" width=\"70\" height=\"70\" src=\"https:\/\/obera.fr\/wp-content\/uploads\/2020\/09\/cov.png\" alt=\"Cov\" class=\"wp-image-959\" style=\"width:83px;height:undefinedpx\"\/><figcaption class=\"wp-element-caption\">VOCS<\/figcaption><\/figure>\n<\/div>\n\n\n\n<div class=\"wp-block-column is-layout-flow wp-block-column-is-layout-flow\">\n<figure class=\"wp-block-image aligncenter size-large is-resized\"><img decoding=\"async\" width=\"70\" height=\"70\" src=\"https:\/\/obera.fr\/wp-content\/uploads\/2020\/08\/industrie-odeur.jpg\" alt=\"Industriens lugt\" class=\"wp-image-723\" style=\"width:83px;height:undefinedpx\"\/><figcaption class=\"wp-element-caption\">Lugte<\/figcaption><\/figure>\n\n\n\n<figure class=\"wp-block-image aligncenter size-large is-resized\"><img decoding=\"async\" width=\"70\" height=\"70\" src=\"https:\/\/obera.fr\/wp-content\/uploads\/2020\/08\/polluants-copeaux-bois.jpg\" alt=\"Forurenende stoffer Tr\u00e6flis\" class=\"wp-image-674\" style=\"width:83px;height:undefinedpx\"\/><figcaption class=\"wp-element-caption\">Chips<\/figcaption><\/figure>\n<\/div>\n<\/div>\n<\/div>\n\n\n\n<div class=\"wp-block-column is-layout-flow wp-block-column-is-layout-flow\">\n<h3 class=\"wp-block-heading has-text-align-center\">Industrier<\/h3>\n\n\n\n<hr class=\"wp-block-separator has-css-opacity is-style-wide\"\/>\n\n\n\n<div class=\"wp-block-columns is-layout-flex wp-container-core-columns-is-layout-28f84493 wp-block-columns-is-layout-flex\">\n<div class=\"wp-block-column is-layout-flow wp-block-column-is-layout-flow\">\n<figure class=\"wp-block-image aligncenter size-large is-resized\"><img decoding=\"async\" width=\"70\" height=\"70\" src=\"https:\/\/obera.fr\/wp-content\/uploads\/2020\/08\/industrie-metallurgie.jpg\" alt=\"Metallurgisk industri\" class=\"wp-image-673\" style=\"width:83px;height:undefinedpx\"\/><figcaption class=\"wp-element-caption\">Metallurgi<\/figcaption><\/figure>\n\n\n\n<figure class=\"wp-block-image aligncenter size-large is-resized\"><img decoding=\"async\" width=\"70\" height=\"70\" src=\"https:\/\/obera.fr\/wp-content\/uploads\/2020\/08\/industrie-plastique.jpg\" alt=\"Plastindustrien\" class=\"wp-image-669\" style=\"width:83px;height:undefinedpx\"\/><figcaption class=\"wp-element-caption\">Plast<\/figcaption><\/figure>\n<\/div>\n\n\n\n<div class=\"wp-block-column is-layout-flow wp-block-column-is-layout-flow\">\n<figure class=\"wp-block-image aligncenter size-large is-resized\"><img decoding=\"async\" width=\"70\" height=\"70\" src=\"https:\/\/obera.fr\/wp-content\/uploads\/2020\/10\/industrie-electronique.jpg\" alt=\"Elektronikindustrien\" class=\"wp-image-1283\" style=\"width:83px;height:undefinedpx\"\/><figcaption class=\"wp-element-caption\">Elektronik<\/figcaption><\/figure>\n<\/div>\n<\/div>\n<\/div>\n<\/div>\n\n\n\n<div class=\"wp-block-buttons is-horizontal is-content-justification-center is-layout-flex wp-container-core-buttons-is-layout-03627597 wp-block-buttons-is-layout-flex\">\n<div class=\"wp-block-button has-custom-width wp-block-button__width-100\"><a class=\"wp-block-button__link wp-element-button\" href=\"https:\/\/obera.fr\/da\/kontakt-os\/\">F\u00e5 flere oplysninger<\/a><\/div>\n<\/div>\n\n\n\n<h2 class=\"wp-block-heading\">Tekniske specifikationer<\/h2>\n\n\n\n<figure class=\"wp-block-table\"><table class=\"has-fixed-layout\"><thead><tr><th>Enhed<\/th><th><\/th><th>ePUR-BOX<\/th><\/tr><\/thead><tbody><tr><td>Flow<\/td><td>m3\/h<\/td><td>1 000<\/td><\/tr><tr><td>Indl\u00f8bsdiameter<\/td><td>mm<\/td><td>140<\/td><\/tr><tr><td>maks. undertryk<\/td><td>Pa<\/td><td>1 350<\/td><\/tr><tr><td>Forsyningssp\u00e6nding<\/td><td>V<\/td><td>230<\/td><\/tr><tr><td>Kraft<\/td><td>kW<\/td><td>0.5<\/td><\/tr><tr><td>M\u00e6ngde af aktivt kul<\/td><td>kg<\/td><td>13<\/td><\/tr><tr><td>Dimensioner<\/td><td>l\/L\/h (mm)<\/td><td>794 x 690 x 1 130<\/td><\/tr><tr><td>V\u00e6gt (med arme)<\/td><td>kg<\/td><td>100<\/td><\/tr><tr><td>St\u00f8jniveau<\/td><td>dB(A)<\/td><td>74<\/td><\/tr><\/tbody><\/table><\/figure>\n\n\n\n<hr class=\"wp-block-separator has-css-opacity is-style-dots\"\/>\n\n\n\n<h2 class=\"wp-block-heading\">Andre industrielle VOC- og lugtdestruktionsmidler<\/h2>\n\n\n\n<div class=\"wp-block-columns is-layout-flex wp-container-core-columns-is-layout-28f84493 wp-block-columns-is-layout-flex\">\n<div class=\"wp-block-column is-layout-flow wp-block-column-is-layout-flow\">\n<figure class=\"wp-block-image aligncenter size-medium is-resized\"><a href=\"https:\/\/obera.fr\/produits\/purificateurs-air\/professionnel-epur-ca\/\"><img decoding=\"async\" width=\"300\" height=\"300\" src=\"https:\/\/obera.fr\/wp-content\/uploads\/2022\/02\/EPUR30-CA-300x300.png\" alt=\"epur30 ca\" class=\"wp-image-8923\" style=\"width:225px;height:225px\" srcset=\"https:\/\/obera.fr\/wp-content\/uploads\/2022\/02\/EPUR30-CA-300x300.png 300w, https:\/\/obera.fr\/wp-content\/uploads\/2022\/02\/EPUR30-CA-150x150.png 150w, https:\/\/obera.fr\/wp-content\/uploads\/2022\/02\/EPUR30-CA.png 500w\" sizes=\"(max-width: 300px) 100vw, 300px\" \/><\/a><figcaption class=\"wp-element-caption\">ePUR CA<\/figcaption><\/figure>\n<\/div>\n\n\n\n<div class=\"wp-block-column is-layout-flow wp-block-column-is-layout-flow\">\n<figure class=\"wp-block-image aligncenter size-medium is-resized\"><a href=\"https:\/\/obera.fr\/produits\/traitement-cov\/filtre-anti-poussiere-epur010-b-ca\/\"><img decoding=\"async\" width=\"300\" height=\"300\" src=\"https:\/\/obera.fr\/wp-content\/uploads\/2020\/09\/ePUR010B-CA-300x300.png\" alt=\"ePUR010 B CA\" class=\"wp-image-1038\" style=\"width:225px;height:225px\" srcset=\"https:\/\/obera.fr\/wp-content\/uploads\/2020\/09\/ePUR010B-CA-300x300.png 300w, https:\/\/obera.fr\/wp-content\/uploads\/2020\/09\/ePUR010B-CA-150x150.png 150w, https:\/\/obera.fr\/wp-content\/uploads\/2020\/09\/ePUR010B-CA.png 433w\" sizes=\"(max-width: 300px) 100vw, 300px\" \/><\/a><figcaption class=\"wp-element-caption\">ePUR010 B CA<\/figcaption><\/figure>\n\n\n\n<figure class=\"wp-block-image aligncenter size-medium is-resized\"><a href=\"https:\/\/obera.fr\/produits\/traitement-cov\/filtre-atex-mobile-mobfan-4500\/\"><img decoding=\"async\" width=\"300\" height=\"300\" src=\"https:\/\/obera.fr\/wp-content\/uploads\/2022\/03\/Filtre-mobile-ATEX-MOBFAN4500-300x300.png\" alt=\"atex mobilfilter mobfan4500\" class=\"wp-image-9464\" style=\"width:225px;height:225px\" srcset=\"https:\/\/obera.fr\/wp-content\/uploads\/2022\/03\/Filtre-mobile-ATEX-MOBFAN4500-300x300.png 300w, https:\/\/obera.fr\/wp-content\/uploads\/2022\/03\/Filtre-mobile-ATEX-MOBFAN4500-150x150.png 150w, https:\/\/obera.fr\/wp-content\/uploads\/2022\/03\/Filtre-mobile-ATEX-MOBFAN4500.png 500w\" sizes=\"(max-width: 300px) 100vw, 300px\" \/><\/a><figcaption class=\"wp-element-caption\">MOBFAN 4500<\/figcaption><\/figure>\n<\/div>\n\n\n\n<div class=\"wp-block-column is-layout-flow wp-block-column-is-layout-flow\">\n<figure class=\"wp-block-image aligncenter size-medium is-resized\"><a href=\"https:\/\/obera.fr\/produits\/depoussiereurs-industriels\/petits\/aspiration-fumees-soudage-laser-epur-b-ex\/\"><img decoding=\"async\" width=\"300\" height=\"300\" src=\"https:\/\/obera.fr\/wp-content\/uploads\/2023\/10\/epurb-ex-1000-3000-5000-300x300.png\" alt=\"oberA epur b ex 1000 3000 5000\" class=\"wp-image-25016\" style=\"width:225px;height:225px\" srcset=\"https:\/\/obera.fr\/wp-content\/uploads\/2023\/10\/epurb-ex-1000-3000-5000-300x300.png 300w, https:\/\/obera.fr\/wp-content\/uploads\/2023\/10\/epurb-ex-1000-3000-5000-150x150.png 150w, https:\/\/obera.fr\/wp-content\/uploads\/2023\/10\/epurb-ex-1000-3000-5000.png 600w\" sizes=\"(max-width: 300px) 100vw, 300px\" \/><\/a><figcaption class=\"wp-element-caption\">Epur B Ex<\/figcaption><\/figure>\n<\/div>\n<\/div>\n","protected":false},"excerpt":{"rendered":"<p>Mobil udsugningsenhed til lugt og VOC&#8217;er ePUR-BOX er en praktisk, kompakt enhed udstyret med aktiv kulfiltrering til behandling af forurenende gasser, VOC&#8217;er og lugte. Enheden er udstyret med et forfilter til st\u00f8v og r\u00f8g. Hovedfiltreringssystemet bruger h\u00f8jeffektive patroner med aktivt kul, som kan tilpasses de forurenende stoffer, der skal behandles. Den filtrerede luft tr\u00e6kkes gennem en h\u00f8jeffektiv EC-ventilator (den nyeste teknologi med elektronisk kommutation). Den rene luft ledes ud i bunden af enheden p\u00e5 3 sider. EPURBOX er udstyret med en 2 m lang roterende arm til effektiv opsamling ved kilden, s\u00e5 t\u00e6t som muligt p\u00e5 de forurenende emissioner. Fordele &#8230; <\/p>\n<p class=\"read-more-container\"><a title=\"ePUR-BOX\" class=\"read-more button\" href=\"https:\/\/obera.fr\/da\/produits\/traitement-cov\/aspiration-mobile-odeurs-epur-box\/#more-51990\" aria-label=\"Read more about ePUR-BOX\">Lire la suite<\/a><\/p>\n","protected":false},"author":4,"featured_media":50558,"parent":52007,"menu_order":0,"comment_status":"closed","ping_status":"closed","template":"","meta":{"_acf_changed":false,"_seopress_robots_primary_cat":"","_seopress_titles_title":"ePUR-BOX: Mobil udsugningsenhed til lugt og VOC'er","_seopress_titles_desc":"ePUR-BOX er en praktisk, kompakt enhed med m\u00e6tningsfiltrering til lejlighedsvise svejseopgaver.","_seopress_robots_index":"","footnotes":""},"class_list":{"0":"post-51990","1":"page","2":"type-page","3":"status-publish","4":"has-post-thumbnail","6":"no-featured-image-padding","7":"resize-featured-image"},"acf":[],"_links":{"self":[{"href":"https:\/\/obera.fr\/da\/wp-json\/wp\/v2\/pages\/51990","targetHints":{"allow":["GET"]}}],"collection":[{"href":"https:\/\/obera.fr\/da\/wp-json\/wp\/v2\/pages"}],"about":[{"href":"https:\/\/obera.fr\/da\/wp-json\/wp\/v2\/types\/page"}],"author":[{"embeddable":true,"href":"https:\/\/obera.fr\/da\/wp-json\/wp\/v2\/users\/4"}],"replies":[{"embeddable":true,"href":"https:\/\/obera.fr\/da\/wp-json\/wp\/v2\/comments?post=51990"}],"version-history":[{"count":14,"href":"https:\/\/obera.fr\/da\/wp-json\/wp\/v2\/pages\/51990\/revisions"}],"predecessor-version":[{"id":88786,"href":"https:\/\/obera.fr\/da\/wp-json\/wp\/v2\/pages\/51990\/revisions\/88786"}],"up":[{"embeddable":true,"href":"https:\/\/obera.fr\/da\/wp-json\/wp\/v2\/pages\/52007"}],"wp:featuredmedia":[{"embeddable":true,"href":"https:\/\/obera.fr\/da\/wp-json\/wp\/v2\/media\/50558"}],"wp:attachment":[{"href":"https:\/\/obera.fr\/da\/wp-json\/wp\/v2\/media?parent=51990"}],"curies":[{"name":"wp","href":"https:\/\/api.w.org\/{rel}","templated":true}]}}