{"id":52007,"date":"2020-05-01T17:18:19","date_gmt":"2020-05-01T15:18:19","guid":{"rendered":"https:\/\/obera.fr\/vores-produkter\/voc-og-lugtbehandling\/"},"modified":"2025-04-22T09:35:50","modified_gmt":"2025-04-22T07:35:50","slug":"traitement-cov","status":"publish","type":"page","link":"https:\/\/obera.fr\/da\/produits\/traitement-cov\/","title":{"rendered":"VOC- og lugtbehandling"},"content":{"rendered":"\n<p>Vores <strong>industrielle VOC- og lugtdestrukt\u00f8rer<\/strong> er en r\u00e6kke udstyr, der er specielt designet til at <strong>behandle gasformige forurenende<\/strong> stoffer, s\u00e5som flygtige organiske forbindelser (VOC&#8217;er), lugte, dampe og forskellige kemiske forbindelser. Vores udstyr er velegnet til alle typer industrier. Takket v\u00e6re molekyl\u00e6r filtrering ved hj\u00e6lp af aktivt kul filtreres og indfanges forurenende stoffer ved hj\u00e6lp af adsorption.  <\/p>\n\n<p>Industrielle processer og produkter, der bruges p\u00e5 arbejdspladsen, frigiver forurenende luftarter, der almindeligvis kaldes VOC&#8217;er. Disse forurenende stoffer er generelt forbindelser, der stammer fra kulbrinter, opl\u00f8sningsmidler, svovlforbindelser osv. <\/p>\n\n<p>Hvor det er muligt, b\u00f8r flygtige organiske forbindelser (VOC&#8217;er) <strong>udvindes<\/strong>, <strong>behandles<\/strong> og derefter <strong>udledes<\/strong> til det fri.<\/p>\n\n<p>I mange tilf\u00e6lde er dette ikke muligt, og et mobilt system til opsamling af kilder eller behandling af omgivelserne t\u00e6t p\u00e5 arbejdsstationen kan reducere operat\u00f8rens eksponering betydeligt.<\/p>\n\n\n<h2 class=\"wp-block-heading\">Vores udvalg af industrielle lugt- og VOC-eliminatorer<\/h2>\n\n<div class=\"wp-block-columns is-layout-flex wp-container-core-columns-is-layout-28f84493 wp-block-columns-is-layout-flex\">\n<div class=\"wp-block-column is-layout-flow wp-block-column-is-layout-flow\">\n<h3 class=\"wp-block-heading has-text-align-center\"><a href=\"https:\/\/obera.fr\/da\/produits\/purificateurs-air\/professionnel-epur-ca\/\">EPUR CA: Milj\u00f8behandling<\/a><\/h3>\n\n\n\n<figure class=\"wp-block-image aligncenter size-medium\"><a href=\"https:\/\/obera.fr\/produits\/purificateurs-air\/professionnel-epur-ca\/\"><img decoding=\"async\" width=\"300\" height=\"300\" src=\"https:\/\/obera.fr\/wp-content\/uploads\/2020\/09\/gamme-epur-ca-300x300.jpg\" alt=\"Epur Ca-omr&#xE5;de\" class=\"wp-image-1015\" srcset=\"https:\/\/obera.fr\/wp-content\/uploads\/2020\/09\/gamme-epur-ca-300x300.jpg 300w, https:\/\/obera.fr\/wp-content\/uploads\/2020\/09\/gamme-epur-ca-150x150.jpg 150w, https:\/\/obera.fr\/wp-content\/uploads\/2020\/09\/gamme-epur-ca.jpg 433w\" sizes=\"(max-width: 300px) 100vw, 300px\" \/><\/a><figcaption class=\"wp-element-caption\">ePUR CA<\/figcaption><\/figure>\n\n\n\n<p><a href=\"https:\/\/obera.fr\/da\/produits\/purificateurs-air\/professionnel-epur-ca\/\" data-type=\"page\" data-id=\"409\">EPUR CA<\/a>, et professionelt mobilt luftbehandlingssystem, der ikke kr\u00e6ver r\u00f8rf\u00f8ring eller montering. Det er designet til opsamling i omgivelserne og bruges ofte sammen med opsamling ved kilden til at udtr\u00e6kke og filtrere VOC&#8217;er og andre forurenende gasser ved hj\u00e6lp af adsorption. Typen af aktivt kul kan v\u00e6lges fra en bred vifte, afh\u00e6ngigt af det forurenende stof, der skal behandles, for at opn\u00e5 optimal effektivitet.    <\/p>\n\n\n\n<p><a href=\"https:\/\/obera.fr\/da\/produits\/purificateurs-air\/\" data-type=\"page\" data-id=\"26\">ePUR CA-luftrensere<\/a> bruges til at behandle og reducere lugtgener i hjemmet betydeligt. Lugte fanges effektivt. <\/p>\n\n\n\n<p><\/p>\n<\/div>\n<\/div>\n\n<div class=\"wp-block-columns is-layout-flex wp-container-core-columns-is-layout-28f84493 wp-block-columns-is-layout-flex\">\n<div class=\"wp-block-column is-layout-flow wp-block-column-is-layout-flow\">\n<h3 class=\"wp-block-heading has-text-align-center\"><a href=\"https:\/\/obera.fr\/produits\/traitement-cov\/filtre-anti-poussiere-epur010-b-ca\/\">EPUR 10 B CA<\/a><\/h3>\n\n\n\n<figure class=\"wp-block-image aligncenter size-medium\"><a href=\"https:\/\/obera.fr\/produits\/traitement-cov\/filtre-anti-poussiere-epur010-b-ca\/\"><img decoding=\"async\" width=\"300\" height=\"300\" src=\"https:\/\/obera.fr\/wp-content\/uploads\/2020\/09\/ePUR010B-CA-300x300.png\" alt=\"Epur 010 b Ca\" class=\"wp-image-1038\" srcset=\"https:\/\/obera.fr\/wp-content\/uploads\/2020\/09\/ePUR010B-CA-300x300.png 300w, https:\/\/obera.fr\/wp-content\/uploads\/2020\/09\/ePUR010B-CA-150x150.png 150w, https:\/\/obera.fr\/wp-content\/uploads\/2020\/09\/ePUR010B-CA.png 433w\" sizes=\"(max-width: 300px) 100vw, 300px\" \/><\/a><figcaption class=\"wp-element-caption\">ePUR 10 B CA<\/figcaption><\/figure>\n\n\n\n<p><a href=\"https:\/\/obera.fr\/produits\/traitement-cov\/filtre-anti-poussiere-epur010-b-ca\/\" data-type=\"page\" data-id=\"426\">EPUR 10 B CA<\/a> er et <strong>professionelt mobilt system til opsamling<\/strong> og <strong>behandling af forurenende luftarter som dampe<\/strong>, <strong>VOC<\/strong> &#8216;er og <strong>lugte ved hj\u00e6lp af et aktivt kulfilter<\/strong>&#8230;  <\/p>\n\n\n\n<p>Denne enhed forbedrer ikke kun luftkvaliteten i dit arbejdsomr\u00e5de, men sikrer ogs\u00e5 overholdelse af gr\u00e6nsev\u00e6rdier for erhvervsm\u00e6ssig eksponering<a href=\"https:\/\/obera.fr\/conseils\/reglementation-vlep-evaluation-risque-chimique-lieu-de-travail\/\" data-type=\"post\" data-id=\"6575\">(OEL&#8217;er).<\/a> Den kan bruges som kildeindfangningsenhed, n\u00e5r den er udstyret med en arm. H\u00e6tten og armen fjernes nemt, og enheden bliver til en luftrenser til omgivelserne. Denne enhed kan udstyres med et eller to trin af molekyl\u00e6r filtrering (aktivt kul eller andre adsorbenter) og\/eller 1 eller 2 indledende trin af partikelfiltrering.   <\/p>\n<\/div>\n\n\n\n<div class=\"wp-block-column is-layout-flow wp-block-column-is-layout-flow\">\n<h3 class=\"wp-block-heading has-text-align-center\"><a href=\"https:\/\/obera.fr\/da\/produits\/traitement-cov\/aspiration-mobile-odeurs-epur-box\/\">EPUR-BOX<\/a><\/h3>\n\n\n\n<figure class=\"wp-block-image aligncenter size-medium is-resized\"><a href=\"https:\/\/obera.fr\/produits\/traitement-cov\/aspiration-mobile-odeurs-epur-box\/\"><img decoding=\"async\" width=\"300\" height=\"300\" src=\"https:\/\/obera.fr\/wp-content\/uploads\/2024\/05\/epurbox-brs-300x300.png\" alt=\"epurbox brs\" class=\"wp-image-30328\" style=\"object-fit:cover\" srcset=\"https:\/\/obera.fr\/wp-content\/uploads\/2024\/05\/epurbox-brs-300x300.png 300w, https:\/\/obera.fr\/wp-content\/uploads\/2024\/05\/epurbox-brs-1024x1024.png 1024w, https:\/\/obera.fr\/wp-content\/uploads\/2024\/05\/epurbox-brs-150x150.png 150w, https:\/\/obera.fr\/wp-content\/uploads\/2024\/05\/epurbox-brs-768x768.png 768w, https:\/\/obera.fr\/wp-content\/uploads\/2024\/05\/epurbox-brs.png 1200w\" sizes=\"(max-width: 300px) 100vw, 300px\" \/><\/a><figcaption class=\"wp-element-caption\">ePURBOX  <\/figcaption><\/figure>\n\n\n\n<p><a href=\"https:\/\/obera.fr\/da\/produits\/traitement-cov\/aspiration-mobile-odeurs-epur-box\/\" data-type=\"page\" data-id=\"417\">EPUR-BOX<\/a> er en <strong>kompakt<\/strong> <strong>, mobil lugtfjerner<\/strong> med m\u00e6tningsfiltrering til lejlighedsvis svejsearbejde. Et forfilter til st\u00f8v og r\u00f8g og et h\u00f8jeffektivt hovedfilter med aktivt kul, der kan tilpasses de forurenende stoffer, der skal behandles, g\u00f8r det muligt at genindf\u00f8re den filtrerede luft i arbejdsomr\u00e5det via de tre sider af den nederste del af enheden.   <\/p>\n\n\n\n<p>EPUR-BOX er <strong>udstyret med en<\/strong> to meter lang <strong>roterende arm<\/strong> til effektiv kildeindfangning. Bruges typisk i metal-, plast- og elektronikindustrien. <\/p>\n<\/div>\n<\/div>\n\n<div style=\"height:25px\" aria-hidden=\"true\" class=\"wp-block-spacer\"><\/div>\n\n<div class=\"wp-block-columns is-layout-flex wp-container-core-columns-is-layout-28f84493 wp-block-columns-is-layout-flex\">\n<div class=\"wp-block-column is-layout-flow wp-block-column-is-layout-flow\">\n<h3 class=\"wp-block-heading has-text-align-center\"><a href=\"https:\/\/obera.fr\/da\/produits\/depoussiereurs-industriels\/petits\/aspiration-fumees-soudage-laser-epur-b-ex\/\" data-type=\"page\" data-id=\"480\">EPUR B EX 1000<\/a><\/h3>\n\n\n\n<figure class=\"wp-block-image aligncenter size-medium is-resized\"><a href=\"https:\/\/obera.fr\/produits\/depoussiereurs-industriels\/petits\/aspiration-fumees-soudage-laser-epur-b-ex\/\"><img decoding=\"async\" width=\"300\" height=\"300\" src=\"https:\/\/obera.fr\/wp-content\/uploads\/2022\/02\/ePURBEX-1000-300x300.png\" alt=\"epurbex 1000\" class=\"wp-image-8921\" srcset=\"https:\/\/obera.fr\/wp-content\/uploads\/2022\/02\/ePURBEX-1000-300x300.png 300w, https:\/\/obera.fr\/wp-content\/uploads\/2022\/02\/ePURBEX-1000-150x150.png 150w, https:\/\/obera.fr\/wp-content\/uploads\/2022\/02\/ePURBEX-1000.png 500w\" sizes=\"(max-width: 300px) 100vw, 300px\" \/><\/a><\/figure>\n\n\n\n<p><a href=\"https:\/\/obera.fr\/da\/produits\/depoussiereurs-industriels\/petits\/aspiration-fumees-soudage-laser-epur-b-ex\/\" data-type=\"page\" data-id=\"480\">EPUR B Ex-st\u00f8vopsamleren<\/a> er en <strong>mobil lugt- og VOC-destruerende sugeenhed udstyret med aktive kulfiltre<\/strong>.<\/p>\n\n\n\n<p>Den er s\u00e6rligt velegnet til at udtr\u00e6kke<strong>lugtende dam<\/strong> pe <strong>og VOC<\/strong> &#8216;er fra processer, der nedbryder organiske materialer eller fordamper metaller (3D-printning, additiv fremstilling, lasergravering, lodning, limning, reng\u00f8ring med opl\u00f8sningsmidler osv.)<\/p>\n\n\n\n<p>Denne enhed har et h\u00f8jt vakuum og bruges til at opsamle luft ved kilden via en eller to sugeslanger og\/eller via en arm, der er placeret p\u00e5 enhedens topd\u00e6ksel.<\/p>\n\n\n\n<p>Den kan udstyres med 1 eller 2 trin af molekyl\u00e6r filtrering (aktivt kul) og\/eller 1 eller 2 indledende trin af partikelfiltrering. Den er st\u00f8jsvag og kraftfuld og kan st\u00f8vsuge op til tre sm\u00e5 arbejdsstationer eller sm\u00e5 produktionsmaskiner. Disse st\u00f8vopsamlere er egnede til brug i <a href=\"https:\/\/obera.fr\/da\/produits\/atex\/\" data-type=\"page\" data-id=\"372\">ATEX-zone 22.<\/a>  <\/p>\n<\/div>\n\n\n\n<div class=\"wp-block-column is-layout-flow wp-block-column-is-layout-flow\">\n<h3 class=\"wp-block-heading has-text-align-center\"><a href=\"https:\/\/obera.fr\/da\/produits\/traitement-cov\/filtre-atex-mobile-mobfan-4500\/\" data-type=\"page\" data-id=\"9461\">MOBFAN 4500<\/a><\/h3>\n\n\n\n<figure class=\"wp-block-image aligncenter size-medium is-resized\"><a href=\"https:\/\/obera.fr\/produits\/traitement-cov\/filtre-atex-mobile-mobfan-4500\/\"><img decoding=\"async\" width=\"300\" height=\"300\" src=\"https:\/\/obera.fr\/wp-content\/uploads\/2022\/03\/Filtre-mobile-ATEX-MOBFAN4500-300x300.png\" alt=\"atex mobilfilter mobfan4500\" class=\"wp-image-9464\" srcset=\"https:\/\/obera.fr\/wp-content\/uploads\/2022\/03\/Filtre-mobile-ATEX-MOBFAN4500-300x300.png 300w, https:\/\/obera.fr\/wp-content\/uploads\/2022\/03\/Filtre-mobile-ATEX-MOBFAN4500-150x150.png 150w, https:\/\/obera.fr\/wp-content\/uploads\/2022\/03\/Filtre-mobile-ATEX-MOBFAN4500.png 500w\" sizes=\"(max-width: 300px) 100vw, 300px\" \/><\/a><\/figure>\n\n\n\n<p>Det innovative <a href=\"https:\/\/obera.fr\/da\/produits\/traitement-cov\/filtre-atex-mobile-mobfan-4500\/\" data-type=\"page\" data-id=\"9461\">MOBFAN 4500 ATEX-filter med aktivt kul <\/a>er specielt designet til at behandle lugt, opl\u00f8sningsmidler, VOC&#8217;er og andre forurenende luftarter.  <\/p>\n\n\n\n<p>Apparatet tilpasser sig perfekt til dine behov, da det er muligt at tilslutte ethvert sugesystem: sugebord, sugebagplade, r\u00f8r, kanaler, sugearme osv.  <\/p>\n\n\n\n<p>Luften suges ind af en 4500 m3\/t ventilator og bl\u00e6ses direkte gennem en 36 kg tung patron fyldt med aktivt kul (18,5 kg).  <\/p>\n\n\n\n<p><strong>MOBFAN 4500 er certificeret til ATEX-st\u00f8vzone 22 og ATEX-gaszone 2.<\/strong><\/p>\n<\/div>\n<\/div>\n\n<p>Vores filtre er fremstillet af <strong>granuleret aktivt kul<\/strong>, hvilket giver dem en l\u00e6ngere levetid og g\u00f8r dem lettere. Det \u00f8ger ogs\u00e5 deres effektivitet i mods\u00e6tning til aktivt kulfiber. <\/p>\n\n<h2 class=\"wp-block-heading\">Hvordan v\u00e6lger man det rigtige lugt- og VOC-eliminatorsystem?<\/h2>\n\n<p>Det er vigtigt at v\u00e6lge det rigtige filtreringssystem, ellers kan apparatet v\u00e6re uegnet og have brug for at udskifte forbrugsstoffer for ofte, eller det kan blive slidt meget hurtigt og holde op med at fungere.<\/p>\n\n<p>Her er de vigtigste faldgruber, du skal undg\u00e5:<\/p>\n\n<ul class=\"wp-block-list\">\n<li><strong>Indsugning af forurenende luftarter med et h\u00f8jt st\u00f8vindhold<\/strong>: Hvis det er tilf\u00e6ldet, vil m\u00e6tningsforfiltrene tilstoppe meget hurtigt og kr\u00e6ve regelm\u00e6ssig vedligeholdelse. Det er derfor at foretr\u00e6kke at v\u00e6lge partikelfiltrering ved hj\u00e6lp af en reng\u00f8ringsst\u00f8vopsamler (f.eks.<a href=\"https:\/\/obera.fr\/da\/produits\/depoussiereurs-industriels\/mobiles\/extracteur-poussiere-pulverulente-dustomat-16m\/\" data-type=\"page\" data-id=\"449\">DUSTOMAT 16<\/a> eller <a href=\"https:\/\/obera.fr\/da\/produits\/depoussiereurs-industriels\/mobiles\/extracteur-poussiere-dustomat-4\/\" data-type=\"page\" data-id=\"440\">DUSTOMAT 4)<\/a> kombineret med et ekstra filtreringstrin med aktivt kul. <\/li>\n\n\n\n<li><strong>Forurenende stoffer, der er umulige eller vanskelige at behandle med aktivt kul<\/strong>: Ikke alle forurenende stoffer kan adsorberes af aktivt kul. Se listen over de vigtigste forurenende stoffer og deres adsorptionskapacitet) link til filen &#8220;Adsorptionspotentiale for forurenende stoffer&#8221;. <\/li>\n<\/ul>\n\n<p>Hvis du selv s\u00f8ger, skal du s\u00f8rge for at finde ud af <strong>enhedens filtreringskapacitet<\/strong>. Den afh\u00e6nger af det forurenende stof, dets tilstand (fast eller gasformigt) og dets m\u00e6ngde. P\u00e5 den m\u00e5de kan du v\u00e6lge, hvilken type filter st\u00f8vopsamleren skal have. For det andet skal du finde ud af enhedens effekt, med andre ord dens flowhastighed. Igen afh\u00e6nger <strong>enhedens str\u00f8mningshastighed<\/strong> af m\u00e6ngden af dit forurenende stof, men ogs\u00e5 af overfladearealet i det rum, der skal behandles. Jo st\u00f8rre rummet er, desto st\u00f8rre er den n\u00f8dvendige gennemstr\u00f8mningshastighed.    <\/p>\n\n<p>N\u00e6ste skridt er at beslutte, hvilket <strong>tilbeh\u00f8r<\/strong> der skal monteres p\u00e5 maskinen: en kanal til at forbinde med produktionsmaskinen eller en sugearm til en arbejdsstation.<\/p>\n\n<div class=\"wp-block-buttons is-horizontal is-content-justification-center is-layout-flex wp-container-core-buttons-is-layout-03627597 wp-block-buttons-is-layout-flex\">\n<div class=\"wp-block-button has-custom-width wp-block-button__width-100\"><a class=\"wp-block-button__link wp-element-button\" href=\"https:\/\/obera.fr\/da\/kontakt-os\/\">F\u00e5 flere oplysninger<\/a><\/div>\n<\/div>\n\n<p><\/p>\n\n<h2 class=\"wp-block-heading\">Hvilket kul skal jeg v\u00e6lge?<\/h2>\n\n<p>OBERA har et bredt udvalg af aktivt kul og adsorbenter, der er tilpasset de forurenende stoffer, der skal behandles.<\/p>\n\n<div class=\"wp-block-buttons is-content-justification-center is-layout-flex wp-container-core-buttons-is-layout-a89b3969 wp-block-buttons-is-layout-flex\">\n<div class=\"wp-block-button\"><a class=\"wp-block-button__link wp-element-button\" href=\"https:\/\/obera.fr\/wp-content\/uploads\/2020\/11\/52-odeurs.jpg\">Se vores aktive kul<\/a><\/div>\n<\/div>\n\n<p><\/p>\n\n<h3 class=\"wp-block-heading\">Hvordan beregner man den maksimale levetid for aktivt kul?<\/h3>\n\n<p>Det er meget sv\u00e6rt at forudsige levetiden for en ladning aktivt kul.<\/p>\n\n<p>Det kan dog forst\u00e5s, hvis den gennemsnitlige koncentration af det forurenende stof, der skal behandles, er kendt. I bedste fald har kul en kapacitet til at tilbageholde forurenende stoffer p\u00e5 50 % af dets specifikke v\u00e6gt. <\/p>\n\n<p>Kulets levetid L i driftstimer kan tiln\u00e6rmes ved hj\u00e6lp af f\u00f8lgende formel: L = (1000 x P x p \/ (Q x c)<\/p>\n\n<p>P kulstofladningens v\u00e6gt (i kg), p adsorptionspotentialet i %, Q flowhastigheden i m3\/h, c koncentrationen af det forurenende stof i g\/m3<\/p>\n\n<p>Som hovedregel er udskiftningsfrekvensen baseret p\u00e5 feedback. Ved hj\u00e6lp af timet\u00e6lleren kan du registrere en belastnings levetid og organisere periodisk forebyggende vedligeholdelse med regelm\u00e6ssige intervaller. <\/p>\n\n<h3 class=\"wp-block-heading\">Princippet om adsorption<\/h3>\n\n<p>Adsorption, som ikke m\u00e5 forveksles med absorption, er et fast stofs (adsorbent) evne til at binde visse gasser, kaldet adsorbater, til sin overflade. Denne tiltr\u00e6kning mellem adsorbent og adsorbat er generelt elektrostatisk. <\/p>\n\n<p>Adsorbenten er derfor et materiale (f.eks. aktivt kul), der i kraft af sine kemiske egenskaber er i stand til at tiltr\u00e6kke visse gasser til sin overflade.<\/p>\n\n<p><\/p>\n\n<div class=\"wp-block-columns is-layout-flex wp-container-core-columns-is-layout-28f84493 wp-block-columns-is-layout-flex\">\n<div class=\"wp-block-column is-layout-flow wp-block-column-is-layout-flow\" style=\"flex-basis:25%\"><\/div>\n\n\n\n<div class=\"wp-block-column is-layout-flow wp-block-column-is-layout-flow\" style=\"flex-basis:50%\">\n<figure class=\"wp-block-embed is-type-video is-provider-youtube wp-block-embed-youtube wp-embed-aspect-16-9 wp-has-aspect-ratio\"><div class=\"wp-block-embed__wrapper\">\n<iframe title=\"Fonctionnement charbon actif - OberA\" width=\"1200\" height=\"675\" src=\"https:\/\/www.youtube.com\/embed\/eto9V0iSJOc?feature=oembed\" frameborder=\"0\" allow=\"accelerometer; autoplay; clipboard-write; encrypted-media; gyroscope; picture-in-picture; web-share\" referrerpolicy=\"strict-origin-when-cross-origin\" allowfullscreen><\/iframe>\n<\/div><\/figure>\n<\/div>\n\n\n\n<div class=\"wp-block-column is-layout-flow wp-block-column-is-layout-flow\" style=\"flex-basis:25%\"><\/div>\n<\/div>\n\n<p><\/p>\n\n<h2 class=\"wp-block-heading\">Hvilke molekyler og lugte behandles af OberA&#8217;s VOC- og industrilugtd\u00e6mpere?<\/h2>\n\n<p>Der er forskellige kategorier af forurenende stoffer, der genererer lugt:<\/p>\n\n<ul class=\"wp-block-list\">\n<li><strong>Svovlforbindelser<\/strong> (H2S, CS2, COS, SO2, dimethyldisulfid, merkaptaner, biogas m.m.)<\/li>\n\n\n\n<li><strong>Kv\u00e6lstofforbindelser<\/strong> (NH3, aminer osv.)<\/li>\n\n\n\n<li><strong>VOC<\/strong> &#8216;er (flygtige fedtsyrer, phenoler, polycykliske aromatiske forbindelser, aldehyder, opl\u00f8sningsmidler, methylethylketon MEK, formoler, phthalater, acetoner, toluener, xylener, styrener, thioler, formaldehyder osv.)<\/li>\n<\/ul>\n\n<p>Lugte i luften i industri- og erhvervsbygninger er ofte temperaturafh\u00e6ngige. Som hovedregel g\u00e6lder det, at jo h\u00f8jere lufttemperaturen er, desto mere intens er lugten. <\/p>\n\n<h2 class=\"wp-block-heading\">I hvilke industrier finder man lugtmolekyler og VOC&#8217;er?<\/h2>\n\n<ul class=\"wp-block-list\">\n<li><strong>St\u00e5lv\u00e6rker og st\u00f8berier: <\/strong>d\u00e5rlig lugt fra slagger, VOC&#8217;er og lugt fra phenolharpikser, kernelugt osv. Det er nemt at installere en lugtdestruktor i kernev\u00e6rksteder, st\u00f8beomr\u00e5der eller endda kontrol- og overv\u00e5gningsrum i st\u00e5lv\u00e6rker. Denne l\u00f8sning til indfangning af VOC og lugt giver en enkel beskyttelse af operat\u00f8rerne i omr\u00e5det. <\/li>\n\n\n\n<li><strong>Plast: <\/strong>D\u00e5rlig lugt fra smeltet eller br\u00e6ndt plast, lugt fra st\u00f8bning og indspr\u00f8jtning, VOC&#8217;er, lugt og dampe fra harpiks og glasfiber, styrendampe, ekstruderingslugt, lugt fra smeltning af termoplastiske og termoh\u00e6rdende polymerer.<\/li>\n\n\n\n<li><strong>F\u00f8devareindustrien: <\/strong>d\u00e5rlig lugt fra madlavning<strong>, <\/strong>bagning og t\u00f8rring, stegt mad, lugt fra formaling, blanding og krydring, kaffelugt, aromatiske og farvende produktionslugte, d\u00e5rlig fiskelugt, rygelugt, d\u00e5rlig g\u00e6ring og g\u00e6rlugt.<\/li>\n\n\n\n<li><strong>Maler- og efterbehandlingsv\u00e6rksteder:<\/strong> Lugt af maling, lak, VOC&#8217;er og opl\u00f8sningsmidler osv.<\/li>\n\n\n\n<li><strong>Trykkeriv\u00e6rksteder:<\/strong> Lugt af maling, VOC og opl\u00f8sningsmidler osv.<\/li>\n\n\n\n<li><strong>V\u00e6rksteder til restaurering og konservering af kunst: <\/strong>VOC&#8217;er og lugt fra maling, opl\u00f8sningsmidler og permethrin.<\/li>\n\n\n\n<li><strong>Affald:<\/strong> D\u00e5rlig lugt fra affaldsopbevaring, d\u00e5rlig lugt fra reparationsv\u00e6rksteder for containere, sorterings- og genbrugscentre, kompostering, metanisering.<\/li>\n\n\n\n<li><strong>Renseri og t\u00f8jvask:<\/strong> Perchlorethylenlugt osv.<\/li>\n\n\n\n<li><strong>Bearbejdning:<\/strong> VOC&#8217;er og lugt af opl\u00f8sningsmidler, lugt af sk\u00e6rev\u00e6ske, lugt af oliedampe osv.<\/li>\n\n\n\n<li><strong>Tr\u00e6: <\/strong>VOC og lugt fra limning, lugt af kantlim, lugt af lakering osv.<\/li>\n\n\n\n<li><strong>Kosmetik:<\/strong> Intense lugte fra \u00e6teriske olier i produktionen, formuleringsarbejdspladser, VOC&#8217;er og lugte fra opl\u00f8sningsmidler, alkoholer og tils\u00e6tningsstoffer osv.<\/li>\n\n\n\n<li><strong>Hygiejneprodukter:<\/strong> Koncentrerede parfumelugte, lugte af \u00e6teriske olier osv.<\/li>\n\n\n\n<li><strong>Kontorer, \u00e5bne kontorlandskaber, ventev\u00e6relser, kantiner, plejehjem <\/strong>: Ubehagelige lugte i forbindelse med ventilation, tobakslugt, madlavningslugt, svedlugt osv.<\/li>\n<\/ul>\n\n<div class=\"wp-block-buttons is-horizontal is-content-justification-center is-layout-flex wp-container-core-buttons-is-layout-03627597 wp-block-buttons-is-layout-flex\">\n<div class=\"wp-block-button has-custom-width wp-block-button__width-100\"><a class=\"wp-block-button__link wp-element-button\" href=\"https:\/\/obera.fr\/da\/kontakt-os\/\">F\u00e5 flere oplysninger<\/a><\/div>\n<\/div>\n","protected":false},"excerpt":{"rendered":"<p>Vores industrielle VOC- og lugtdestrukt\u00f8rer er en r\u00e6kke udstyr, der er specielt designet til at behandle gasformige forurenende stoffer, s\u00e5som flygtige organiske forbindelser (VOC&#8217;er), lugte, dampe og forskellige kemiske forbindelser. Vores udstyr er velegnet til alle typer industrier. Takket v\u00e6re molekyl\u00e6r filtrering ved hj\u00e6lp af aktivt kul filtreres og indfanges forurenende stoffer ved hj\u00e6lp af adsorption. Industrielle processer og produkter, der bruges p\u00e5 arbejdspladsen, frigiver forurenende luftarter, der almindeligvis kaldes VOC&#8217;er. Disse forurenende stoffer er generelt forbindelser, der stammer fra kulbrinter, opl\u00f8sningsmidler, svovlforbindelser osv. Hvor det er muligt, b\u00f8r flygtige organiske forbindelser (VOC&#8217;er) udvindes, behandles og derefter udledes til det &#8230; <\/p>\n<p class=\"read-more-container\"><a title=\"VOC- og lugtbehandling\" class=\"read-more button\" href=\"https:\/\/obera.fr\/da\/produits\/traitement-cov\/#more-52007\" aria-label=\"Read more about VOC- og lugtbehandling\">Lire la suite<\/a><\/p>\n","protected":false},"author":4,"featured_media":83735,"parent":51931,"menu_order":2,"comment_status":"closed","ping_status":"closed","template":"","meta":{"_acf_changed":false,"_seopress_robots_primary_cat":"","_seopress_titles_title":"Top destructeurs d\u2019odeur industriel et traitement des COV","_seopress_titles_desc":"Les destructeurs d\u2019odeurs d'oberA sont sp\u00e9cialement d\u00e9di\u00e9s aux traitements des polluants sous forme gazeuse comme les compos\u00e9s organiques volatils (COV).","_seopress_robots_index":"","footnotes":""},"class_list":{"0":"post-52007","1":"page","2":"type-page","3":"status-publish","4":"has-post-thumbnail","6":"no-featured-image-padding","7":"resize-featured-image"},"acf":[],"_links":{"self":[{"href":"https:\/\/obera.fr\/da\/wp-json\/wp\/v2\/pages\/52007","targetHints":{"allow":["GET"]}}],"collection":[{"href":"https:\/\/obera.fr\/da\/wp-json\/wp\/v2\/pages"}],"about":[{"href":"https:\/\/obera.fr\/da\/wp-json\/wp\/v2\/types\/page"}],"author":[{"embeddable":true,"href":"https:\/\/obera.fr\/da\/wp-json\/wp\/v2\/users\/4"}],"replies":[{"embeddable":true,"href":"https:\/\/obera.fr\/da\/wp-json\/wp\/v2\/comments?post=52007"}],"version-history":[{"count":7,"href":"https:\/\/obera.fr\/da\/wp-json\/wp\/v2\/pages\/52007\/revisions"}],"predecessor-version":[{"id":75714,"href":"https:\/\/obera.fr\/da\/wp-json\/wp\/v2\/pages\/52007\/revisions\/75714"}],"up":[{"embeddable":true,"href":"https:\/\/obera.fr\/da\/wp-json\/wp\/v2\/pages\/51931"}],"wp:featuredmedia":[{"embeddable":true,"href":"https:\/\/obera.fr\/da\/wp-json\/wp\/v2\/media\/83735"}],"wp:attachment":[{"href":"https:\/\/obera.fr\/da\/wp-json\/wp\/v2\/media?parent=52007"}],"curies":[{"name":"wp","href":"https:\/\/api.w.org\/{rel}","templated":true}]}}