{"id":52036,"date":"2020-08-26T12:34:20","date_gmt":"2020-08-26T10:34:20","guid":{"rendered":"https:\/\/obera.fr\/mobile-stoevopsamlere\/"},"modified":"2025-06-30T10:04:14","modified_gmt":"2025-06-30T08:04:14","slug":"mobiles","status":"publish","type":"page","link":"https:\/\/obera.fr\/da\/produits\/depoussiereurs-industriels\/mobiles\/","title":{"rendered":"Mobile st\u00f8vopsamlere"},"content":{"rendered":"\n<p>Vores <strong>mobile st\u00f8vopsamlere<\/strong> er en r\u00e6kke kraftige <a href=\"https:\/\/obera.fr\/da\/produits\/depoussiereurs-industriels\/\" data-type=\"page\" data-id=\"31\">industrielle st\u00f8vopsamlere<\/a>, der er nemme at flytte rundt p\u00e5. Disse enheder tilpasser sig perfekt til dine omgivelser og giver optimal arbejdskomfort og garanteret effektivitet.   <\/p>\n\n<p>Disse <strong>luftbehandlingssystemer<\/strong> er designet til at blive tilsluttet direkte til produktionsmaskiner via et netv\u00e6rk af kanaler eller til at udsuge luft fra en mobil arbejdsstation ved hj\u00e6lp af en <a href=\"https:\/\/obera.fr\/da\/produits\/bras-dispositifs-captation\/capot-industriel\/\">sugearm<\/a> eller udsugningsh\u00e6tte for at opsamle alle typer st\u00f8v og store m\u00e6ngder forurenende stoffer direkte ved kilden.<\/p>\n\n\n<h2 class=\"wp-block-heading\">Vores udvalg af mobile st\u00f8vopsamlere :<\/h2>\n\n<div class=\"wp-block-columns is-layout-flex wp-container-core-columns-is-layout-28f84493 wp-block-columns-is-layout-flex\">\n<div class=\"wp-block-column is-vertically-aligned-top is-layout-flow wp-block-column-is-layout-flow\">\n<h3 class=\"wp-block-heading has-text-align-center\"><a href=\"https:\/\/obera.fr\/da\/produits\/depoussiereurs-industriels\/mobiles\/extracteur-de-poussiere-dustomat-dry\/\">DUSTOMAT DRY<\/a><\/h3>\n\n\n\n<figure class=\"wp-block-image aligncenter size-medium is-resized\"><a href=\"https:\/\/obera.fr\/produits\/depoussiereurs-industriels\/mobiles\/extracteur-de-poussiere-dustomat-dry\/\"><img decoding=\"async\" width=\"300\" height=\"300\" src=\"https:\/\/obera.fr\/wp-content\/uploads\/2023\/09\/dustomat-dry-300x300.png\" alt=\"dustomat t&#xF8;r\" class=\"wp-image-24355\" srcset=\"https:\/\/obera.fr\/wp-content\/uploads\/2023\/09\/dustomat-dry-300x300.png 300w, https:\/\/obera.fr\/wp-content\/uploads\/2023\/09\/dustomat-dry-150x150.png 150w, https:\/\/obera.fr\/wp-content\/uploads\/2023\/09\/dustomat-dry.png 320w\" sizes=\"(max-width: 300px) 100vw, 300px\" \/><\/a><figcaption class=\"wp-element-caption\">DUSTOMAT DRY<\/figcaption><\/figure>\n\n\n\n<p>DUSTOMAT DRY er et <a href=\"https:\/\/obera.fr\/da\/produits\/depoussiereurs-industriels\/mobiles\/extracteur-de-poussiere-dustomat-dry\/#more-24274\">st\u00f8vfjernelsessystem<\/a>, der er ideelt til en lang r\u00e6kke industrisektorer. Det giver mulighed for effektivt at fjerne st\u00f8vpartikler og sp\u00e5ner, enten direkte fra produktionsmaskiner eller ved tilslutning til en udsugningsh\u00e6tte, udsugningsarm eller et r\u00f8rnetv\u00e6rk. Det f\u00e5s i fire effektniveauer og er velegnet til gennemsnitlige flowomr\u00e5der fra 2000 til 3500 kubikmeter i timen.  <\/p>\n\n\n\n<p>P\u00e5 trods af sin store sugeevne er DUSTOMAT DRY bem\u00e6rkelsesv\u00e6rdig st\u00f8jsvag og energieffektiv. Den har ogs\u00e5 en forseparator, der kan opfange tunge og grove partikler. Vedligeholdelsen af dette system forenkles ved at bruge trykluft til at rense filtrene, hvilket ikke kun letter vedligeholdelsen, men ogs\u00e5 er med til at forl\u00e6nge filterets levetid.<\/p>\n\n\n\n<p class=\"has-text-align-center\">F\u00e5s i <a href=\"https:\/\/obera.fr\/da\/produits\/atex\/\">ATEX-version<\/a>.<\/p>\n<\/div>\n\n\n\n<div class=\"wp-block-column is-vertically-aligned-top is-layout-flow wp-block-column-is-layout-flow\">\n<h3 class=\"wp-block-heading has-text-align-center\"><strong><a href=\"https:\/\/obera.fr\/da\/produits\/depoussiereurs-industriels\/mobiles\/aspiration-poussiere-dustomat-10\/\">DUSTOMAT 10<\/a><\/strong><\/h3>\n\n\n\n<figure class=\"wp-block-image aligncenter size-medium is-resized\"><a href=\"https:\/\/obera.fr\/produits\/depoussiereurs-industriels\/mobiles\/aspiration-poussiere-dustomat-10\/\"><img decoding=\"async\" width=\"300\" height=\"300\" src=\"https:\/\/obera.fr\/wp-content\/uploads\/2020\/10\/extracteur-poussiere-mobile-DUSTOMAT-10-300x300.png\" alt=\"Dustomat 10 Mobil st&#xF8;vsuger\" class=\"wp-image-1306\" srcset=\"https:\/\/obera.fr\/wp-content\/uploads\/2020\/10\/extracteur-poussiere-mobile-DUSTOMAT-10-300x300.png 300w, https:\/\/obera.fr\/wp-content\/uploads\/2020\/10\/extracteur-poussiere-mobile-DUSTOMAT-10-150x150.png 150w, https:\/\/obera.fr\/wp-content\/uploads\/2020\/10\/extracteur-poussiere-mobile-DUSTOMAT-10.png 600w\" sizes=\"(max-width: 300px) 100vw, 300px\" \/><\/a><figcaption class=\"wp-element-caption\">DUSTOMAT 10<\/figcaption><\/figure>\n\n\n\n<p><a href=\"https:\/\/obera.fr\/da\/produits\/depoussiereurs-industriels\/mobiles\/aspiration-poussiere-dustomat-10\/\" data-type=\"page\" data-id=\"445\">DUSTOMAT 10-st\u00f8vopsamleren<\/a> har en h\u00f8j sugeevne. Den kan h\u00e5ndtere st\u00f8v s\u00e5vel som tr\u00e6-, plast- og metalsp\u00e5ner. Den kan tilsluttes direkte til produktionsmaskinen via et kanalnetv\u00e6rk eller ved at tilf\u00f8je en sugearm eller udsugningsh\u00e6tte.    <\/p>\n\n\n\n<p>Patronfiltre kan reng\u00f8res manuelt ved hj\u00e6lp af et roterende b\u00f8rstesystem eller automatisk ved hj\u00e6lp af en trykluftstr\u00e5le. Denne <strong>filtreringsenhed<\/strong> er ideel til brug ved individuelle arbejdsstationer, p\u00e5 en produktionsmaskine eller t\u00e6t p\u00e5 et manuelt arbejdsomr\u00e5de. Det vipbare hus og opsamlingsposen g\u00f8r det hurtigt og nemt at bortskaffe det opsamlede affald.  <\/p>\n<\/div>\n\n\n\n<div class=\"wp-block-column is-layout-flow wp-block-column-is-layout-flow\">\n<h3 class=\"wp-block-heading has-text-align-center\"><strong><a href=\"https:\/\/obera.fr\/da\/produits\/depoussiereurs-industriels\/mobiles\/extracteur-poussiere-pulverulente-dustomat-16m\/\">DUSTOMAT 16<\/a><\/strong><\/h3>\n\n\n\n<figure class=\"wp-block-image aligncenter size-medium\"><a href=\"https:\/\/obera.fr\/produits\/depoussiereurs-industriels\/mobiles\/extracteur-poussiere-pulverulente-dustomat-16m\/\"><img decoding=\"async\" width=\"300\" height=\"300\" src=\"https:\/\/obera.fr\/wp-content\/uploads\/2020\/10\/extracteur-poussiere-pulverulente-DUSTOMAT-16-300x300.png\" alt=\"Pulveriseret st&#xF8;vudsugning Dustomat 16\" class=\"wp-image-1307\" srcset=\"https:\/\/obera.fr\/wp-content\/uploads\/2020\/10\/extracteur-poussiere-pulverulente-DUSTOMAT-16-300x300.png 300w, https:\/\/obera.fr\/wp-content\/uploads\/2020\/10\/extracteur-poussiere-pulverulente-DUSTOMAT-16-150x150.png 150w, https:\/\/obera.fr\/wp-content\/uploads\/2020\/10\/extracteur-poussiere-pulverulente-DUSTOMAT-16.png 600w\" sizes=\"(max-width: 300px) 100vw, 300px\" \/><\/a><figcaption class=\"wp-element-caption\">DUSTOMAT 16<\/figcaption><\/figure>\n\n\n\n<p><strong>DUSTOMAT 16<\/strong> er udviklet til mobil brug, specielt til<a href=\"https:\/\/obera.fr\/da\/produits\/depoussiereurs-industriels\/mobiles\/extracteur-poussiere-pulverulente-dustomat-16m\/\" data-type=\"page\" data-id=\"449\">opsugning af st\u00f8v i pulverform<\/a>. Med andre ord mineralst\u00f8v (sten, grafit eller beton), plast- eller metalst\u00f8v, tr\u00e6- og metalsp\u00e5ner.   <\/p>\n\n\n\n<p><strong>St\u00f8vet<\/strong> suges op ved hj\u00e6lp af en sugearm. Filterpatronerne kan reng\u00f8res manuelt eller automatisk for at sikre en lang levetid for filterpatronerne. St\u00f8vopsamlingsposen er robust og genanvendelig, hvilket giver lave forbrugsomkostninger.  <\/p>\n<\/div>\n<\/div>\n\n<div class=\"wp-block-columns is-layout-flex wp-container-core-columns-is-layout-28f84493 wp-block-columns-is-layout-flex\">\n<div class=\"wp-block-column is-layout-flow wp-block-column-is-layout-flow\">\n<h3 class=\"wp-block-heading has-text-align-center\"><strong><strong><a href=\"https:\/\/obera.fr\/da\/produits\/depoussiereurs-industriels\/mobiles\/srf-k\/\">SRF K<\/a><\/strong><\/strong><\/h3>\n\n\n\n<figure class=\"wp-block-image aligncenter size-medium\"><a href=\"https:\/\/obera.fr\/produits\/depoussiereurs-industriels\/mobiles\/srf-k\/\"><img decoding=\"async\" width=\"240\" height=\"300\" src=\"https:\/\/obera.fr\/wp-content\/uploads\/2025\/05\/srf-k-1-240x300.png\" alt=\"SRF-K mobil st&#xF8;vopsamler\" class=\"wp-image-104035\" srcset=\"https:\/\/obera.fr\/wp-content\/uploads\/2025\/05\/srf-k-1-240x300.png 240w, https:\/\/obera.fr\/wp-content\/uploads\/2025\/05\/srf-k-1-819x1024.png 819w, https:\/\/obera.fr\/wp-content\/uploads\/2025\/05\/srf-k-1-768x960.png 768w, https:\/\/obera.fr\/wp-content\/uploads\/2025\/05\/srf-k-1.png 1080w\" sizes=\"(max-width: 240px) 100vw, 240px\" \/><\/a><figcaption class=\"wp-element-caption\">SRF-K<\/figcaption><\/figure>\n\n\n\n<p>SRF K er ogs\u00e5 en mere kraftfuld <a href=\"https:\/\/obera.fr\/da\/produits\/depoussiereurs-industriels\/mobiles\/srf-k\/\" data-type=\"page\" data-id=\"436\">svejser\u00f8gsudsugning<\/a> til engangsudsugning eller kontinuerlig udsugning. R\u00f8gen er 99,9 % filtreret, s\u00e5 den filtrerede luft kan genindf\u00f8res i arbejdsomr\u00e5det.   <\/p>\n\n\n\n<p><strong>SRF K-10<\/strong> f\u00e5s i to versioner og giver mulighed for at tilslutte en sugearm eller udsugningsh\u00e6tte, hvilket er ideelt til \u00e9n svejsestation, mens <strong>SRF K-15<\/strong> giver mulighed for at udstyre op til to sugearme og dermed h\u00e5ndtere to svejsestationer p\u00e5 samme tid.  <\/p>\n\n\n\n<p>Afh\u00e6ngigt af anvendelsen kan den (som ekstraudstyr) udstyres med aktive kulfiltre, der er designet til at udtr\u00e6kke lodder\u00f8g eller andre forurenende stoffer, der kan generere lugt. For at rense filtermediet kan disse enheder udstyres med enten et manuelt roterende afpropningssystem eller et automatisk afpropningssystem.<\/p>\n\n\n\n<p><\/p>\n<\/div>\n\n\n\n<div class=\"wp-block-column is-vertically-aligned-top is-layout-flow wp-block-column-is-layout-flow\">\n<h3 class=\"wp-block-heading has-text-align-center\"><strong><a href=\"https:\/\/obera.fr\/da\/produits\/depoussiereurs-industriels\/mobiles\/extracteur-poussiere-dustomat-4\/\">DUSTOMAT 4<\/a><\/strong><\/h3>\n\n\n\n<figure class=\"wp-block-image aligncenter size-medium\"><a href=\"https:\/\/obera.fr\/produits\/depoussiereurs-industriels\/mobiles\/extracteur-poussiere-dustomat-4\/\"><img decoding=\"async\" width=\"300\" height=\"300\" src=\"https:\/\/obera.fr\/wp-content\/uploads\/2020\/08\/extracteur-poussiere-Dustomat-4-ATEX-300x300.png\" alt=\"Dustomat 4 Atex-st&#xF8;vsuger\" class=\"wp-image-677\" srcset=\"https:\/\/obera.fr\/wp-content\/uploads\/2020\/08\/extracteur-poussiere-Dustomat-4-ATEX-300x300.png 300w, https:\/\/obera.fr\/wp-content\/uploads\/2020\/08\/extracteur-poussiere-Dustomat-4-ATEX-150x150.png 150w, https:\/\/obera.fr\/wp-content\/uploads\/2020\/08\/extracteur-poussiere-Dustomat-4-ATEX.png 600w\" sizes=\"(max-width: 300px) 100vw, 300px\" \/><\/a><figcaption class=\"wp-element-caption\">Dustomat 4<\/figcaption><\/figure>\n\n\n\n<p>DUSTOMAT 4 er en <a href=\"https:\/\/obera.fr\/da\/produits\/depoussiereurs-industriels\/mobiles\/extracteur-poussiere-dustomat-4\/\" data-type=\"page\" data-id=\"440\">st\u00f8vopsamler, der er velegnet til n\u00e6sten alle industrisektorer<\/a>. Den kan opsuge st\u00f8v og sp\u00e5ner direkte fra produktionsmaskinen, men kan ogs\u00e5 tilsluttes en udsugningsh\u00e6tte, en sugearm eller et netv\u00e6rk af kanaler. Den har to sugestyrker og er designet til at sikre en effektiv, h\u00f8jtydende luftcirkulation.   <\/p>\n\n\n\n<p>Den er <strong>lydl\u00f8s<\/strong> og bruger meget lidt energi p\u00e5 trods af sin h\u00f8je sugeevne. Den er udstyret med en forudskiller til tunge og grove partikler. Filtrene renses (afproppes) med trykluft, hvilket g\u00f8r dem lettere at vedligeholde og garanterer en lang levetid for filterpatronerne.  <\/p>\n\n\n\n<p>(F\u00e5s i <a href=\"https:\/\/obera.fr\/da\/produits\/atex\/\" data-type=\"page\" data-id=\"372\">ATEX-version<\/a>)<\/p>\n<\/div>\n\n\n\n<div class=\"wp-block-column is-layout-flow wp-block-column-is-layout-flow\">\n<h3 class=\"wp-block-heading has-text-align-center\"><a href=\"https:\/\/obera.fr\/da\/produits\/depoussiereurs-industriels\/mobiles\/na-2-2-depoussiereur-a-voie-humide\/\" data-type=\"page\" data-id=\"29480\">NA 2.2<\/a><\/h3>\n\n\n\n<figure class=\"wp-block-image aligncenter size-medium\"><a href=\"https:\/\/obera.fr\/produits\/depoussiereurs-industriels\/mobiles\/na-2-2-depoussiereur-a-voie-humide\/\"><img decoding=\"async\" width=\"300\" height=\"300\" src=\"https:\/\/obera.fr\/wp-content\/uploads\/2024\/04\/obera-na-2-2-depoussiereur-a-voie-humide-mobile-300x300.jpg\" alt=\"obera na 2 2 mobil v&#xE5;dst&#xF8;vopsamler\" class=\"wp-image-29475\" srcset=\"https:\/\/obera.fr\/wp-content\/uploads\/2024\/04\/obera-na-2-2-depoussiereur-a-voie-humide-mobile-300x300.jpg 300w, https:\/\/obera.fr\/wp-content\/uploads\/2024\/04\/obera-na-2-2-depoussiereur-a-voie-humide-mobile-150x150.jpg 150w, https:\/\/obera.fr\/wp-content\/uploads\/2024\/04\/obera-na-2-2-depoussiereur-a-voie-humide-mobile.jpg 600w\" sizes=\"(max-width: 300px) 100vw, 300px\" \/><\/a><figcaption class=\"wp-element-caption\">NA 2.2<\/figcaption><\/figure>\n<\/div>\n<\/div>\n\n<div class=\"wp-block-buttons is-horizontal is-content-justification-center is-layout-flex wp-container-core-buttons-is-layout-03627597 wp-block-buttons-is-layout-flex\">\n<div class=\"wp-block-button has-custom-width wp-block-button__width-100\"><a class=\"wp-block-button__link wp-element-button\" href=\"https:\/\/obera.fr\/da\/kontakt-os\/\">F\u00e5 flere oplysninger<\/a><\/div>\n<\/div>\n\n<h2 class=\"wp-block-heading\">Hvilke forurenende stoffer kan vores mobile afst\u00f8vningssystemer h\u00e5ndtere?<\/h2>\n\n<p>Vores <a href=\"https:\/\/obera.fr\/da\/produits\/depoussiereurs-industriels\/petits\/\">sm\u00e5 mobile st\u00f8vopsamlere<\/a> kan <strong>h\u00e5ndtere fint st\u00f8v og sp\u00e5ner<\/strong> samt oliet\u00e5ger, dampe og lugte i forskellige industrisektorer som metal, plast, tr\u00e6, mineraler, tekstiler og papir\/karton.<\/p>\n\n<p>St\u00f8v og andre forurenende stoffer skal behandles, fordi de udg\u00f8r en risiko for menneskekroppen. Ind\u00e5nding af forurenet luft kan for\u00e5rsage kr\u00e6ftfremkaldende, mutagene og reproduktionstoksiske sygdomme. Behandling af forurenet luft er afg\u00f8rende for medarbejderne, produktionskvaliteten og overholdelse af lovgivningen.<\/p>\n\n<h2 class=\"wp-block-heading\">Hvordan v\u00e6lger jeg det rigtige st\u00f8vopsamlingssystem?<\/h2>\n\n<p>Det er vigtigt at v\u00e6lge den rigtige <a href=\"https:\/\/obera.fr\/da\/produits\/depoussiereurs-industriels\/fixes\/\" data-type=\"link\" data-id=\"https:\/\/obera.fr\/produits\/depoussiereurs-industriels\/fixes\/\">station\u00e6re st\u00f8vopsamler<\/a>, fordi enheden kan blive slidt og holde op med at fungere. Dette afh\u00e6nger af det forurenende stof, dets st\u00f8rrelse, dets tilstand (fast eller gasformig) og dets m\u00e6ngde. Det g\u00f8r det muligt for dig at v\u00e6lge den type filter, som den <a href=\"https:\/\/obera.fr\/da\/produits\/depoussiereurs-industriels\/fixes\/depoussiereur-a-voie-humide-dustomat-hydro\/\" data-type=\"page\" data-id=\"15983\">v\u00e5de industrielle st\u00f8vopsamler<\/a> skal have. For det andet skal du finde ud af enhedens effekt, med andre ord dens flowhastighed. Igen vil enhedens flowhastighed afh\u00e6nge af m\u00e6ngden af dit forurenende stof, men ogs\u00e5 af overfladearealet i det rum, der skal behandles. Jo st\u00f8rre rummet er, desto st\u00f8rre er den n\u00f8dvendige gennemstr\u00f8mningshastighed.     <\/p>\n\n<p>Dern\u00e6st skal du beslutte, hvilket tilbeh\u00f8r du vil udstyre din maskine med: en kanal til at forbinde med produktionsmaskinen eller en sugearm til en arbejdsstation.<\/p>\n\n<div class=\"wp-block-buttons is-horizontal is-content-justification-center is-layout-flex wp-container-core-buttons-is-layout-03627597 wp-block-buttons-is-layout-flex\">\n<div class=\"wp-block-button has-custom-width wp-block-button__width-100\"><a class=\"wp-block-button__link wp-element-button\" href=\"https:\/\/obera.fr\/da\/kontakt-os\/\">F\u00e5 flere oplysninger<\/a><\/div>\n<\/div>\n\n<hr class=\"wp-block-separator has-css-opacity\"\/>\n\n<div class=\"wp-block-group is-layout-flow wp-block-group-is-layout-flow\">\n<h2 class=\"wp-block-heading\">Andre produkter i oberA&#8217;s sortiment af industrielle st\u00f8vopsamlere<\/h2>\n\n\n\n<div class=\"wp-block-buttons is-content-justification-center is-layout-flex wp-container-core-buttons-is-layout-a89b3969 wp-block-buttons-is-layout-flex\">\n<div class=\"wp-block-button\"><a class=\"wp-block-button__link wp-element-button\" href=\"https:\/\/obera.fr\/produits\/depoussiereurs-industriels\/fixes\/\">FASTmonterede st\u00f8vopsamlere  <\/a><\/div>\n\n\n\n<div class=\"wp-block-button\"><a class=\"wp-block-button__link wp-element-button\" href=\"https:\/\/obera.fr\/produits\/depoussiereurs-industriels\/petits\/\"> <strong>Sm\u00e5 st\u00f8vopsamlere<\/strong><\/a><\/div>\n<\/div>\n<\/div>\n","protected":false},"excerpt":{"rendered":"<p>Vores mobile st\u00f8vopsamlere er en r\u00e6kke kraftige industrielle st\u00f8vopsamlere, der er nemme at flytte rundt p\u00e5. Disse enheder tilpasser sig perfekt til dine omgivelser og giver optimal arbejdskomfort og garanteret effektivitet. Disse luftbehandlingssystemer er designet til at blive tilsluttet direkte til produktionsmaskiner via et netv\u00e6rk af kanaler eller til at udsuge luft fra en mobil arbejdsstation ved hj\u00e6lp af en sugearm eller udsugningsh\u00e6tte for at opsamle alle typer st\u00f8v og store m\u00e6ngder forurenende stoffer direkte ved kilden. Vores udvalg af mobile st\u00f8vopsamlere : DUSTOMAT DRY DUSTOMAT DRY er et st\u00f8vfjernelsessystem, der er ideelt til en lang r\u00e6kke industrisektorer. Det giver &#8230; <\/p>\n<p class=\"read-more-container\"><a title=\"Mobile st\u00f8vopsamlere\" class=\"read-more button\" href=\"https:\/\/obera.fr\/da\/produits\/depoussiereurs-industriels\/mobiles\/#more-52036\" aria-label=\"Read more about Mobile st\u00f8vopsamlere\">Lire la suite<\/a><\/p>\n","protected":false},"author":4,"featured_media":83735,"parent":52049,"menu_order":0,"comment_status":"closed","ping_status":"closed","template":"","meta":{"_acf_changed":false,"_seopress_robots_primary_cat":"","_seopress_titles_title":"DUSTOMAT, SRF-K og ePURBOX mobile st\u00f8vopsamlere - oberA","_seopress_titles_desc":"Vores mobile industrielle st\u00f8vopsamlere tilpasser sig perfekt til dit milj\u00f8 for at sikre optimal arbejdskomfort og garanteret effektivitet.","_seopress_robots_index":"","footnotes":""},"class_list":{"0":"post-52036","1":"page","2":"type-page","3":"status-publish","4":"has-post-thumbnail","6":"no-featured-image-padding","7":"resize-featured-image"},"acf":[],"_links":{"self":[{"href":"https:\/\/obera.fr\/da\/wp-json\/wp\/v2\/pages\/52036","targetHints":{"allow":["GET"]}}],"collection":[{"href":"https:\/\/obera.fr\/da\/wp-json\/wp\/v2\/pages"}],"about":[{"href":"https:\/\/obera.fr\/da\/wp-json\/wp\/v2\/types\/page"}],"author":[{"embeddable":true,"href":"https:\/\/obera.fr\/da\/wp-json\/wp\/v2\/users\/4"}],"replies":[{"embeddable":true,"href":"https:\/\/obera.fr\/da\/wp-json\/wp\/v2\/comments?post=52036"}],"version-history":[{"count":10,"href":"https:\/\/obera.fr\/da\/wp-json\/wp\/v2\/pages\/52036\/revisions"}],"predecessor-version":[{"id":117721,"href":"https:\/\/obera.fr\/da\/wp-json\/wp\/v2\/pages\/52036\/revisions\/117721"}],"up":[{"embeddable":true,"href":"https:\/\/obera.fr\/da\/wp-json\/wp\/v2\/pages\/52049"}],"wp:featuredmedia":[{"embeddable":true,"href":"https:\/\/obera.fr\/da\/wp-json\/wp\/v2\/media\/83735"}],"wp:attachment":[{"href":"https:\/\/obera.fr\/da\/wp-json\/wp\/v2\/media?parent=52036"}],"curies":[{"name":"wp","href":"https:\/\/api.w.org\/{rel}","templated":true}]}}