{"id":52081,"date":"2020-08-26T12:35:06","date_gmt":"2020-08-26T10:35:06","guid":{"rendered":"https:\/\/obera.fr\/vores-produkter\/industrielle-stoevopsamlere\/smaa-industrielle-stoevopsamlere\/"},"modified":"2025-08-29T09:24:57","modified_gmt":"2025-08-29T07:24:57","slug":"petits","status":"publish","type":"page","link":"https:\/\/obera.fr\/da\/produits\/depoussiereurs-industriels\/petits\/","title":{"rendered":"Sm\u00e5 industrielle st\u00f8vopsamlere"},"content":{"rendered":"\n\n<h2 class=\"wp-block-heading\">Hvad er en lille industriel st\u00f8vopsamler?<\/h2>\n\n<p>En lille st\u00f8vopsamler er generelt en <strong>lille luftbehandlingsenhed med en sugekapacitet p\u00e5 80 m3\/t til 500 m3\/t<\/strong>. Disse st\u00f8vopsamlere er generelt st\u00f8jsvage, mobile og nemme at flytte rundt p\u00e5, og de er generelt i stand til at opsuge en enkelt produktionsmaskine. Disse kompakte st\u00f8vopsamlere er udstyret med m\u00e6ttede filtermedier (for ePUR ex 1000\/3000) eller et manuelt aftageligt filter.  <\/p>\n\n<p>Sm\u00e5 st\u00f8vopsamlere bruges til at opsamle luft med et lavt til middelstort st\u00f8vindhold. Disse st\u00f8vopsamlere <strong>opfanger st\u00f8v og dampe<\/strong> fra lasergraveringsmaskiner, svejsestationer og sm\u00e5 vejestationer. St\u00f8vopsamlere med regenerative filtre er velegnede til fint, t\u00f8rt st\u00f8v og har en st\u00f8vopsamlingsbakke, der kan forsynes med en pose. Denne pose g\u00f8r det muligt at t\u00f8mme det opsamlede st\u00f8v nemt og rent.     <\/p>\n\n<p><a href=\"https:\/\/obera.fr\/da\/produits\/depoussiereurs-industriels\/\" data-type=\"page\" data-id=\"31\">St\u00f8vopsamlere<\/a> udstyret med m\u00e6tningsfiltre <a href=\"https:\/\/obera.fr\/da\/produits\/depoussiereurs-industriels\/petits\/aspiration-fumees-soudage-laser-epur-b-ex\/\" data-type=\"page\" data-id=\"480\">(ePUR ex-model)<\/a> er velegnede til alle typer st\u00f8v og r\u00f8g i sm\u00e5 m\u00e6ngder. Selve filteret tilbageholder og opbevarer st\u00f8vet. N\u00e5r filteret er fuldt, evakueres det ned i en s\u00e6rlig pose. Filtermedierne p\u00e5 alle vores sm\u00e5 st\u00f8vopsamlere er nemme at f\u00e5 adgang til og udskifte. Disse st\u00f8vopsamlere opfanger <strong>slibest\u00f8v<\/strong>, <strong>slibest\u00f8v<\/strong> og st\u00f8v fra <strong>doserings-<\/strong> og <strong>vejestationer<\/strong>.    <\/p>\n\n<h2 class=\"wp-block-heading\">Se alle vores sm\u00e5 kompakte st\u00f8vopsamlere:<\/h2>\n\n<p><\/p>\n\n<p><\/p>\n\n<div class=\"wp-block-columns is-layout-flex wp-container-core-columns-is-layout-28f84493 wp-block-columns-is-layout-flex\">\n<div class=\"wp-block-column is-layout-flow wp-block-column-is-layout-flow\">\n<h3 class=\"wp-block-heading has-text-align-center\">TK-SERIEN<\/h3>\n\n\n\n<figure class=\"wp-block-image aligncenter size-full is-resized\"><a href=\"https:\/\/obera.fr\/produits\/depoussiereurs-industriels\/petits\/tk-serie\/\"><img decoding=\"async\" width=\"600\" height=\"600\" src=\"https:\/\/obera.fr\/wp-content\/uploads\/2020\/11\/tk-series.jpg\" alt=\"Laboratorium - laboratorieudstyr\" class=\"wp-image-1607\" style=\"width:300px;height:300px\" srcset=\"https:\/\/obera.fr\/wp-content\/uploads\/2020\/11\/tk-series.jpg 600w, https:\/\/obera.fr\/wp-content\/uploads\/2020\/11\/tk-series-300x300.jpg 300w, https:\/\/obera.fr\/wp-content\/uploads\/2020\/11\/tk-series-150x150.jpg 150w\" sizes=\"(max-width: 600px) 100vw, 600px\" \/><\/a><figcaption class=\"wp-element-caption\">TK Serie<\/figcaption><\/figure>\n\n\n\n<p>St\u00f8vopsamlere i <a href=\"https:\/\/obera.fr\/da\/produits\/depoussiereurs-industriels\/petits\/tk-serie\/\" data-type=\"page\" data-id=\"1589\">TK-serien<\/a><strong> <\/strong>er kompakte st\u00f8vudsugere, der er designet til at udsuge sm\u00e5 m\u00e6ngder st\u00f8v til mindre eller industrielle anvendelser, og som kan tilsluttes direkte til produktionsmaskiner for at opsamle st\u00f8v ved kilden. Enheden er ideel til periodisk brug. Disse enheder er effektive til behandling af groft metalst\u00f8v, is\u00e6r fra metalslibning i smykkeindustrien. Den er meget enkel at bruge og let at flytte rundt p\u00e5 takket v\u00e6re dens st\u00f8rrelse og lave v\u00e6gt.     <\/p>\n\n\n\n<p>Den lille <strong>TK 4-st\u00f8vopsamler<\/strong> har en maksimal str\u00f8mningshastighed p\u00e5 300 m3\/t, og den lille TK 6-st\u00f8vopsamler har en str\u00f8mningshastighed p\u00e5 450 m3\/t. Den rensede luft ledes direkte ud i arbejdsomr\u00e5det. <\/p>\n<\/div>\n\n\n\n<div class=\"wp-block-column is-layout-flow wp-block-column-is-layout-flow\">\n<h3 class=\"wp-block-heading has-text-align-center\">EPUR Ex 1000-3000-5000<\/h3>\n\n\n\n<figure class=\"wp-block-image aligncenter size-medium is-resized\"><a href=\"https:\/\/obera.fr\/produits\/depoussiereurs-industriels\/petits\/aspiration-fumees-soudage-laser-epur-b-ex\/\"><img decoding=\"async\" width=\"300\" height=\"300\" src=\"https:\/\/obera.fr\/wp-content\/uploads\/2023\/10\/epurb-ex-1000-3000-5000-300x300.png\" alt=\"oberA epur b ex 1000 3000 5000\" class=\"wp-image-25016\" style=\"width:298px;height:auto\" srcset=\"https:\/\/obera.fr\/wp-content\/uploads\/2023\/10\/epurb-ex-1000-3000-5000-300x300.png 300w, https:\/\/obera.fr\/wp-content\/uploads\/2023\/10\/epurb-ex-1000-3000-5000-150x150.png 150w, https:\/\/obera.fr\/wp-content\/uploads\/2023\/10\/epurb-ex-1000-3000-5000.png 600w\" sizes=\"(max-width: 300px) 100vw, 300px\" \/><\/a><figcaption class=\"wp-element-caption\">EPUR EX 1000-3000-5000<\/figcaption><\/figure>\n\n\n\n<p><a href=\"https:\/\/obera.fr\/da\/produits\/depoussiereurs-industriels\/petits\/aspiration-fumees-soudage-laser-epur-b-ex\/\" data-type=\"page\" data-id=\"480\">EPUR Ex 1000-3000-5000-serien af st\u00f8vopsamlere<\/a><strong> <\/strong>er mobile udsugningsenheder udstyret med m\u00e6ttede filtermedier. De er s\u00e6rligt velegnede til udsugning af svejse- og lodder\u00f8g, st\u00f8v, dampe, opl\u00f8sningsmidler og gasser. Disse meget alsidige st\u00f8vopsamlere kan tilpasses stort set alle industrisektorer takket v\u00e6re deres tre filtreringstrin. Kan styres via en ber\u00f8ringssk\u00e6rm eller fjernbetjening, hvilket giver en fremragende brugervenlighed. Den er st\u00f8jsvag og kraftfuld og kan st\u00f8vsuge op til tre sm\u00e5 arbejdsstationer eller produktionsmaskiner.    <\/p>\n\n\n\n<p>Disse st\u00f8vopsamlere er velegnede til brug i ATEX-zoner.  <\/p>\n\n\n\n<p>Fordelen ved disse enheder er, at de har en h\u00f8j sugeevne (op til 10.000 Pa vakuum) og er fuldt konfigurerbare. Faktisk har de to eller tre filtreringstrin, hvis filtermedier kan tilpasses fuldt ud til st\u00f8vets finhed og farlighed (filtreringstrin fra G4 til HEPA 14). Det er ogs\u00e5 muligt at v\u00e6lge et trin med aktivt kul, der er specielt designet til at h\u00e5ndtere forurenende gasser. En elektronisk kommuteret motor kan ogs\u00e5 bruges til at variere flowhastigheden fra 0 til 100 procent. Filtrene kan udskiftes rent og sikkert ved hj\u00e6lp af et udskiftningss\u00e6t, der best\u00e5r af: filterd\u00e6ksel, luftt\u00e6t engangspose, personlig beskyttelsesmaske og engangshandsker.    <\/p>\n<\/div>\n<\/div>\n\n<p><\/p>\n\n<p><\/p>\n\n<div class=\"wp-block-columns is-layout-flex wp-container-core-columns-is-layout-28f84493 wp-block-columns-is-layout-flex\">\n<div class=\"wp-block-column is-layout-flow wp-block-column-is-layout-flow\">\n<h3 class=\"wp-block-heading has-text-align-center\"><strong>SRF-T<\/strong><\/h3>\n\n\n\n<div class=\"wp-block-columns is-layout-flex wp-container-core-columns-is-layout-28f84493 wp-block-columns-is-layout-flex\">\n<div class=\"wp-block-column is-layout-flow wp-block-column-is-layout-flow\">\n<figure class=\"wp-block-image aligncenter size-large is-resized\"><a href=\"https:\/\/obera.fr\/produits\/depoussiereurs-industriels\/petits\/srf-t\/\"><img decoding=\"async\" width=\"600\" height=\"600\" src=\"https:\/\/obera.fr\/wp-content\/uploads\/2020\/10\/SRF-T-SF.png\" alt=\"R&#xF8;g - St&#xF8;vopsamler\" class=\"wp-image-1310\" style=\"width:259px;height:259px\" srcset=\"https:\/\/obera.fr\/wp-content\/uploads\/2020\/10\/SRF-T-SF.png 600w, https:\/\/obera.fr\/wp-content\/uploads\/2020\/10\/SRF-T-SF-300x300.png 300w, https:\/\/obera.fr\/wp-content\/uploads\/2020\/10\/SRF-T-SF-150x150.png 150w\" sizes=\"(max-width: 600px) 100vw, 600px\" \/><\/a><figcaption class=\"wp-element-caption\">SRF-T<\/figcaption><\/figure>\n<\/div>\n<\/div>\n\n\n\n<p><a href=\"https:\/\/obera.fr\/da\/produits\/depoussiereurs-industriels\/petits\/srf-t\/\">SRF T er en b\u00e6rbar enhed<\/a>, der er designet til at <strong>udsuge svejser\u00f8g<\/strong>. Den har et h\u00f8jt vakuum, s\u00e5 den kan tilsluttes direkte til svejsebr\u00e6ndere for direkte behandling ved kilden. <\/p>\n\n\n\n<p>Der findes flere modeller, bl.a. <strong>SRF T-2<\/strong>, som forbinder en udsugningsarm, og <strong>SRF T-4<\/strong>, som forbinder op til to arme.  <\/p>\n\n\n\n<p>Denne enhed er s\u00e6rligt velegnet til anvendelser som skibsv\u00e6rfter, svejsestationer til sm\u00e5 dele og produktionsanl\u00e6g til biler. Filterpatronerne kan reng\u00f8res og genbruges. <\/p>\n<\/div>\n\n\n\n<div class=\"wp-block-column is-layout-flow wp-block-column-is-layout-flow\">\n<h3 class=\"wp-block-heading has-text-align-center\"><strong>JUMBO<\/strong><\/h3>\n\n\n\n<figure class=\"wp-block-image aligncenter size-large is-resized\"><a href=\"https:\/\/obera.fr\/produits\/depoussiereurs-industriels\/petits\/jumbo\/\"><img decoding=\"async\" width=\"500\" height=\"500\" src=\"https:\/\/obera.fr\/wp-content\/uploads\/2020\/12\/Jumbo2.png\" alt=\"Jumbo2\" class=\"wp-image-3839\" style=\"width:256px;height:auto\" srcset=\"https:\/\/obera.fr\/wp-content\/uploads\/2020\/12\/Jumbo2.png 500w, https:\/\/obera.fr\/wp-content\/uploads\/2020\/12\/Jumbo2-300x300.png 300w, https:\/\/obera.fr\/wp-content\/uploads\/2020\/12\/Jumbo2-150x150.png 150w\" sizes=\"(max-width: 500px) 100vw, 500px\" \/><\/a><figcaption class=\"wp-element-caption\"><a href=\"https:\/\/obera.fr\/da\/produits\/depoussiereurs-industriels\/petits\/jumbo\/\">JUMBO<\/a><\/figcaption><\/figure>\n\n\n\n<p><a href=\"https:\/\/obera.fr\/da\/produits\/depoussiereurs-industriels\/petits\/jumbo\/\">Jumbo <\/a>er en lille, omfattende st\u00f8vopsamler, der <strong>kan tilpasses en lang r\u00e6kke anvendelser<\/strong>. Desuden betyder dens flow p\u00e5 170 m3\/t og vakuum p\u00e5 2800 Pa, at den kan st\u00f8vsuge 1 til 2 arbejdsstationer.<\/p>\n\n\n\n<p>Denne lille st\u00f8vopsamler er s\u00e6rligt velegnet til opsamling af <strong>fint og groft<\/strong> st\u00f8v samt <strong>r\u00f8g, damp og lugt.<\/strong><\/p>\n\n\n\n<p>Den optager meget<strong> lidt<\/strong> gulvplads og bruger meget lidt energi. Udstyret med flere led kan den st\u00f8vsuge i forskellige positioner og<strong> tilpasse sig enhver situation<\/strong>. <\/p>\n<\/div>\n<\/div>\n\n<div class=\"wp-block-buttons is-horizontal is-content-justification-center is-layout-flex wp-container-core-buttons-is-layout-03627597 wp-block-buttons-is-layout-flex\">\n<div class=\"wp-block-button has-custom-width wp-block-button__width-100\"><a class=\"wp-block-button__link wp-element-button\" href=\"https:\/\/obera.fr\/da\/kontakt-os\/\">F\u00e5 flere oplysninger<\/a><\/div>\n<\/div>\n\n<hr class=\"wp-block-separator has-css-opacity\"\/>\n\n<div class=\"wp-block-group is-layout-flow wp-block-group-is-layout-flow\">\n<h2 class=\"wp-block-heading\">Andre serier af oberA industrielle st\u00f8vopsamlere<\/h2>\n\n\n\n<div class=\"wp-block-buttons is-content-justification-center is-layout-flex wp-container-core-buttons-is-layout-a89b3969 wp-block-buttons-is-layout-flex\">\n<div class=\"wp-block-button\"><a class=\"wp-block-button__link wp-element-button\" href=\"https:\/\/obera.fr\/produits\/depoussiereurs-industriels\/mobiles\/\">mobile st\u00f8vopsamlere  <\/a><\/div>\n\n\n\n<div class=\"wp-block-button\"><a class=\"wp-block-button__link wp-element-button\" href=\"https:\/\/obera.fr\/produits\/depoussiereurs-industriels\/fixes\/\"> Faste <strong>st\u00f8vopsamlere<\/strong><\/a><\/div>\n<\/div>\n<\/div>\n\n<p><\/p>\n","protected":false},"excerpt":{"rendered":"<p>Hvad er en lille industriel st\u00f8vopsamler? En lille st\u00f8vopsamler er generelt en lille luftbehandlingsenhed med en sugekapacitet p\u00e5 80 m3\/t til 500 m3\/t. Disse st\u00f8vopsamlere er generelt st\u00f8jsvage, mobile og nemme at flytte rundt p\u00e5, og de er generelt i stand til at opsuge en enkelt produktionsmaskine. Disse kompakte st\u00f8vopsamlere er udstyret med m\u00e6ttede filtermedier (for ePUR ex 1000\/3000) eller et manuelt aftageligt filter. Sm\u00e5 st\u00f8vopsamlere bruges til at opsamle luft med et lavt til middelstort st\u00f8vindhold. Disse st\u00f8vopsamlere opfanger st\u00f8v og dampe fra lasergraveringsmaskiner, svejsestationer og sm\u00e5 vejestationer. St\u00f8vopsamlere med regenerative filtre er velegnede til fint, t\u00f8rt st\u00f8v og &#8230; <\/p>\n<p class=\"read-more-container\"><a title=\"Sm\u00e5 industrielle st\u00f8vopsamlere\" class=\"read-more button\" href=\"https:\/\/obera.fr\/da\/produits\/depoussiereurs-industriels\/petits\/#more-52081\" aria-label=\"Read more about Sm\u00e5 industrielle st\u00f8vopsamlere\">Lire la suite<\/a><\/p>\n","protected":false},"author":4,"featured_media":103614,"parent":52049,"menu_order":0,"comment_status":"closed","ping_status":"closed","template":"","meta":{"_acf_changed":false,"_seopress_robots_primary_cat":"","_seopress_titles_title":"Sm\u00e5 st\u00f8vopsamlere EPUR B Ex, SRF-T Posefiltre og ePURBOX","_seopress_titles_desc":"Sm\u00e5 st\u00f8vopsamlere er sm\u00e5 luftbehandlingsenheder. Disse industrielle st\u00f8vopsamlere er st\u00f8jsvage, mobile og nemme at flytte. ","_seopress_robots_index":"","footnotes":""},"class_list":{"0":"post-52081","1":"page","2":"type-page","3":"status-publish","4":"has-post-thumbnail","6":"no-featured-image-padding","7":"resize-featured-image"},"acf":[],"_links":{"self":[{"href":"https:\/\/obera.fr\/da\/wp-json\/wp\/v2\/pages\/52081","targetHints":{"allow":["GET"]}}],"collection":[{"href":"https:\/\/obera.fr\/da\/wp-json\/wp\/v2\/pages"}],"about":[{"href":"https:\/\/obera.fr\/da\/wp-json\/wp\/v2\/types\/page"}],"author":[{"embeddable":true,"href":"https:\/\/obera.fr\/da\/wp-json\/wp\/v2\/users\/4"}],"replies":[{"embeddable":true,"href":"https:\/\/obera.fr\/da\/wp-json\/wp\/v2\/comments?post=52081"}],"version-history":[{"count":8,"href":"https:\/\/obera.fr\/da\/wp-json\/wp\/v2\/pages\/52081\/revisions"}],"predecessor-version":[{"id":127518,"href":"https:\/\/obera.fr\/da\/wp-json\/wp\/v2\/pages\/52081\/revisions\/127518"}],"up":[{"embeddable":true,"href":"https:\/\/obera.fr\/da\/wp-json\/wp\/v2\/pages\/52049"}],"wp:featuredmedia":[{"embeddable":true,"href":"https:\/\/obera.fr\/da\/wp-json\/wp\/v2\/media\/103614"}],"wp:attachment":[{"href":"https:\/\/obera.fr\/da\/wp-json\/wp\/v2\/media?parent=52081"}],"curies":[{"name":"wp","href":"https:\/\/api.w.org\/{rel}","templated":true}]}}