{"id":52134,"date":"2020-08-26T12:34:42","date_gmt":"2020-08-26T10:34:42","guid":{"rendered":"https:\/\/obera.fr\/vores-produkter\/industrielle-stoevopsamlere\/stationaere-stoevopsamlere\/"},"modified":"2025-07-11T11:16:48","modified_gmt":"2025-07-11T09:16:48","slug":"fixes","status":"publish","type":"page","link":"https:\/\/obera.fr\/da\/produits\/depoussiereurs-industriels\/fixes\/","title":{"rendered":"Faste st\u00f8vopsamlere"},"content":{"rendered":"\n<p>Vores <strong>faste st\u00f8vopsamlere<\/strong> er en r\u00e6kke kraftfulde installationer til afst\u00f8vning af <strong>dine v\u00e6rksteder og lagerhaller<\/strong> samt faste arbejdsstationer direkte via en udsugningsarm eller -h\u00e6tte. Vores udstyr kan <strong>h\u00e5ndtere fint st\u00f8v og sp\u00e5ner<\/strong> samt <strong>oliet\u00e5ger<\/strong>, <strong>dampe<\/strong> og <strong>lugte<\/strong> i en lang r\u00e6kke industrisektorer, herunder metal, plast, tr\u00e6, mineraler, tekstiler, kemikalier og papir\/pap. <\/p>\n\n<blockquote class=\"wp-block-quote is-layout-flow wp-block-quote-is-layout-flow\">\n<p>St\u00f8v og andre forurenende stoffer skal behandles, fordi <strong>de udg\u00f8r en risiko for menneskekroppen<\/strong>.<\/p>\n<\/blockquote>\n\n<p>Ind\u00e5nding af forurenet luft kan for\u00e5rsage sygdom, is\u00e6r n\u00e5r de <strong>forurenende stoffer er kr\u00e6ftfremkaldende<\/strong>, <strong>mutagene<\/strong> eller <strong>reproduktionstoksiske<\/strong>. Behandling af forurenet luft er afg\u00f8rende for at beskytte arbejdere og produktionsteams, men ogs\u00e5 for at garantere kvaliteten af de fremstillede produkter og selvf\u00f8lgelig for at overholde loven. <\/p>\n\n\n<h2 class=\"wp-block-heading\">Vores udvalg af kompakte centraliserede t\u00f8rre st\u00f8vopsamlere med poser eller patroner eller v\u00e5de st\u00f8vopsamlere<\/h2>\n\n<div class=\"wp-block-group is-layout-flow wp-block-group-is-layout-flow\">\n<div class=\"wp-block-columns is-layout-flex wp-container-core-columns-is-layout-28f84493 wp-block-columns-is-layout-flex\">\n<div class=\"wp-block-column is-vertically-aligned-top is-layout-flow wp-block-column-is-layout-flow\">\n<h3 class=\"wp-block-heading has-text-align-center\"><strong><a href=\"https:\/\/obera.fr\/da\/produits\/depoussiereurs-industriels\/fixes\/aspiration-centralisee-industrielle-dustmac\/\" data-type=\"URL\" data-id=\"https:\/\/obera.fr\/produits\/depoussiereurs-industriels\/fixes\/aspiration-centralisee-industrielle-dustmac\/\">DUSTMAC-serien<\/a><\/strong><\/h3>\n\n\n\n<figure class=\"wp-block-image aligncenter size-medium\"><a href=\"https:\/\/obera.fr\/produits\/depoussiereurs-industriels\/fixes\/aspiration-centralisee-industrielle-dustmac\/\"><img decoding=\"async\" width=\"300\" height=\"300\" src=\"https:\/\/obera.fr\/wp-content\/uploads\/2020\/08\/depoussiereur-centralise-filtres-a-manches-DUSTMAC-S-300x300.png\" alt=\"System - Produktdesign\" class=\"wp-image-637\" srcset=\"https:\/\/obera.fr\/wp-content\/uploads\/2020\/08\/depoussiereur-centralise-filtres-a-manches-DUSTMAC-S-300x300.png 300w, https:\/\/obera.fr\/wp-content\/uploads\/2020\/08\/depoussiereur-centralise-filtres-a-manches-DUSTMAC-S-150x150.png 150w, https:\/\/obera.fr\/wp-content\/uploads\/2020\/08\/depoussiereur-centralise-filtres-a-manches-DUSTMAC-S.png 600w\" sizes=\"(max-width: 300px) 100vw, 300px\" \/><\/a><\/figure>\n\n\n\n<p><strong>DUSTMAC S\u00e9ries<\/strong> er en <a href=\"https:\/\/obera.fr\/da\/produits\/depoussiereurs-industriels\/fixes\/aspiration-centralisee-industrielle-dustmac\/\" data-type=\"page\" data-id=\"467\">centraliseret st\u00f8vopsamler<\/a>, som takket v\u00e6re sit modul\u00e6re design kan bruges til en lang r\u00e6kke form\u00e5l. <strong>Konfigurationsmulighederne er stort set ubegr\u00e6nsede<\/strong>, s\u00e5 du kan tilpasse din enhed til dine specifikke krav og opn\u00e5 optimal effektivitet. Patronerne reng\u00f8res automatisk af en trykluftstr\u00e5le (Jet-pulse).   <\/p>\n\n\n\n<p>Dette apparat f\u00e5s i 3 serier: DUSTMAC P, DUSTMAC S og DUSTMAC F.<\/p>\n\n\n\n<p><strong>Alle DUSTMACs <\/strong>f\u00e5s i forskellige filtreringsklasser M eller H til<strong> CMR-forbindelser <\/strong>og i <strong>ATEX-st\u00f8vversion<\/strong>.<\/p>\n<\/div>\n\n\n\n<div class=\"wp-block-column is-vertically-aligned-top is-layout-flow wp-block-column-is-layout-flow\">\n<h3 class=\"wp-block-heading has-text-align-center\"><strong><a href=\"https:\/\/obera.fr\/da\/produits\/depoussiereurs-industriels\/fixes\/depoussiereur-a-voie-humide-dustomat-hydro\/\" data-type=\"page\" data-id=\"15983\">DUSTOMAT HYDRO<\/a><\/strong><\/h3>\n\n\n\n<figure class=\"wp-block-image aligncenter size-medium\"><a href=\"https:\/\/obera.fr\/produits\/depoussiereurs-industriels\/fixes\/depoussiereur-a-voie-humide-dustomat-hydro\/\"><img decoding=\"async\" width=\"300\" height=\"300\" src=\"https:\/\/obera.fr\/wp-content\/uploads\/2022\/11\/dustomat-hydro-1-300x300.png\" alt=\"dustomat hydro 1\" class=\"wp-image-15989\" srcset=\"https:\/\/obera.fr\/wp-content\/uploads\/2022\/11\/dustomat-hydro-1-300x300.png 300w, https:\/\/obera.fr\/wp-content\/uploads\/2022\/11\/dustomat-hydro-1-150x150.png 150w, https:\/\/obera.fr\/wp-content\/uploads\/2022\/11\/dustomat-hydro-1.png 600w\" sizes=\"(max-width: 300px) 100vw, 300px\" \/><\/a><\/figure>\n\n\n\n<p><strong>DUSTOMAT HYDRO<\/strong> er en ny serie af h\u00f8jtydende <a href=\"https:\/\/obera.fr\/da\/produits\/depoussiereurs-industriels\/fixes\/depoussiereur-a-voie-humide-dustomat-hydro\/\" data-type=\"page\" data-id=\"15983\">v\u00e5de st\u00f8vopsamlere<\/a>, der er specielt designet til at opsuge st\u00f8v fra en eller flere arbejdsstationer, herunder metalst\u00f8v, gnister og letant\u00e6ndeligt st\u00f8v, is\u00e6r under slibning, b\u00f8rstning, polering eller svejseprocesser.<\/p>\n\n\n\n<p>Innovativ vandudskillelsesteknologi g\u00f8r det muligt at udsuge st\u00f8v og gnister p\u00e5 en sikker m\u00e5de.  <\/p>\n\n\n\n<p>Separatorerne arbejder <strong>lydl\u00f8st <\/strong>og f\u00e5s i to effektniveauer samt i en <strong>ATEX-version<\/strong>. Takket v\u00e6re deres teknologi arbejder de nye udskillere med fuld effekt og lavt energiforbrug. <\/p>\n<\/div>\n<\/div>\n<\/div>\n\n<div class=\"wp-block-group is-layout-flow wp-block-group-is-layout-flow\">\n<div class=\"wp-block-columns is-layout-flex wp-container-core-columns-is-layout-28f84493 wp-block-columns-is-layout-flex\">\n<div class=\"wp-block-column is-layout-flow wp-block-column-is-layout-flow\">\n<h3 class=\"wp-block-heading has-text-align-center\"><a href=\"https:\/\/obera.fr\/da\/produits\/depoussiereurs-industriels\/fixes\/depoussiereur-a-sec-estmac\/\" data-type=\"URL\" data-id=\"https:\/\/obera.fr\/produits\/depoussiereurs-industriels\/fixes\/depoussiereur-a-sec-estmac\/\">ESTMAC<\/a><\/h3>\n\n\n\n<figure class=\"wp-block-image aligncenter size-medium\"><a href=\"https:\/\/obera.fr\/produits\/depoussiereurs-industriels\/fixes\/depoussiereur-a-sec-estmac\/\"><img decoding=\"async\" width=\"300\" height=\"264\" src=\"https:\/\/obera.fr\/wp-content\/uploads\/2021\/02\/Depoussiereur-fixe-ESTMAC-300x264.png\" alt=\"Estmac fastmonteret st&#xF8;vopsamler\" class=\"wp-image-4475\" srcset=\"https:\/\/obera.fr\/wp-content\/uploads\/2021\/02\/Depoussiereur-fixe-ESTMAC-300x264.png 300w, https:\/\/obera.fr\/wp-content\/uploads\/2021\/02\/Depoussiereur-fixe-ESTMAC.png 480w\" sizes=\"(max-width: 300px) 100vw, 300px\" \/><\/a><\/figure>\n\n\n\n<p><strong>ESTMAC <\/strong>er en fastmonteret, men <strong>kompakt<\/strong> <a href=\"https:\/\/obera.fr\/da\/produits\/depoussiereurs-industriels\/fixes\/depoussiereur-a-sec-estmac\/\">t\u00f8r st\u00f8vopsamler<\/a>, som er forholdsvis <strong>nem at flytte rundt p\u00e5<\/strong>. Det betyder, at den kan tilpasses en lang r\u00e6kke anvendelser.   <\/p>\n\n\n\n<p>Denne maskine er ideel til opsugning af metal- og plastst\u00f8v <strong>og sp\u00e5ner<\/strong> samt mineralst\u00f8v og kompositmaterialer.  <\/p>\n\n\n\n<p>ESTMAC findes i 2 styrker:  <\/p>\n\n\n\n<p><strong>ESTMAC 1500<\/strong> med en luftstr\u00f8m p\u00e5 1500 m3\/t ved et undertryk p\u00e5 2040 Pa og<strong> ESTMAC 1800<\/strong> med en luftstr\u00f8m p\u00e5 1800 m3\/t ved et undertryk p\u00e5 2650 Pa.<\/p>\n<\/div>\n<\/div>\n\n\n\n<div class=\"wp-block-columns is-layout-flex wp-container-core-columns-is-layout-28f84493 wp-block-columns-is-layout-flex\">\n<div class=\"wp-block-column is-layout-flow wp-block-column-is-layout-flow\"><\/div>\n<\/div>\n<\/div>\n\n<h2 class=\"wp-block-heading\"><strong>Hvordan v\u00e6lger jeg det rigtige st\u00f8vopsamlingssystem?<\/strong><\/h2>\n\n<p>Det er vigtigt at <strong>v\u00e6lge den rigtige st\u00f8vopsamler<\/strong>, ellers kan apparatet hurtigt blive slidt og holde op med at fungere. Dette afh\u00e6nger af det forurenende stof, dets st\u00f8rrelse, dets tilstand (fast eller gasformig) og dets m\u00e6ngde. P\u00e5 den m\u00e5de kan du v\u00e6lge, hvilken type filter <a href=\"https:\/\/obera.fr\/da\/produits\/depoussiereurs-industriels\/\" data-type=\"page\" data-id=\"31\">st\u00f8vopsamleren<\/a> skal have. For det andet skal du finde ud af enhedens effekt, med andre ord dens gennemstr\u00f8mningshastighed. Enhedens flowhastighed afh\u00e6nger af m\u00e6ngden af materiale, der skal suges op, de hastigheder, der skal garanteres p\u00e5 opsamlingsstedet, og de transporthastigheder, der skal garanteres i r\u00f8rsystemet til vakuummaskinernes eksisterende indl\u00f8b.    <\/p>\n\n<p>N\u00e6ste skridt er at beslutte, hvilket tilbeh\u00f8r der skal monteres p\u00e5 maskinen: en kanal til at forbinde med produktionsmaskinen, en opsamlingsenhed, et rygl\u00e6n eller endda en <a href=\"https:\/\/obera.fr\/da\/produits\/bras-dispositifs-captation\/capot-industriel\/\">sugearm<\/a> til en arbejdsstation.<\/p>\n\n<blockquote class=\"wp-block-quote is-layout-flow wp-block-quote-is-layout-flow\">\n<p>Det bedste, du kan g\u00f8re, er at <strong>sp\u00f8rge vores eksperter<\/strong>, som kan hj\u00e6lpe dig med dine projekter og tilbyde dig et produkt, der er skr\u00e6ddersyet til dine specifikke behov.<\/p>\n<\/blockquote>\n\n<div class=\"wp-block-buttons is-horizontal is-content-justification-center is-layout-flex wp-container-core-buttons-is-layout-03627597 wp-block-buttons-is-layout-flex\">\n<div class=\"wp-block-button has-custom-width wp-block-button__width-100\"><a class=\"wp-block-button__link wp-element-button\" href=\"https:\/\/obera.fr\/da\/kontakt-os\/\">F\u00e5 flere oplysninger<\/a><\/div>\n<\/div>\n\n<hr class=\"wp-block-separator has-css-opacity\"\/>\n\n<div class=\"wp-block-group is-layout-flow wp-block-group-is-layout-flow\">\n<h2 class=\"wp-block-heading\">Andre serier af oberA industrielle st\u00f8vopsamlere<\/h2>\n\n\n\n<div class=\"wp-block-columns is-layout-flex wp-container-core-columns-is-layout-28f84493 wp-block-columns-is-layout-flex\">\n<div class=\"wp-block-column is-layout-flow wp-block-column-is-layout-flow\">\n<div class=\"wp-block-buttons is-horizontal is-content-justification-center is-layout-flex wp-container-core-buttons-is-layout-03627597 wp-block-buttons-is-layout-flex\">\n<div class=\"wp-block-button\"><a class=\"wp-block-button__link wp-element-button\" href=\"https:\/\/obera.fr\/produits\/depoussiereurs-industriels\/mobiles\/\">Mobile st\u00f8vopsamlere<\/a><\/div>\n<\/div>\n<\/div>\n\n\n\n<div class=\"wp-block-column is-layout-flow wp-block-column-is-layout-flow\">\n<div class=\"wp-block-buttons is-horizontal is-content-justification-center is-layout-flex wp-container-core-buttons-is-layout-03627597 wp-block-buttons-is-layout-flex\">\n<div class=\"wp-block-button\"><a class=\"wp-block-button__link wp-element-button\" href=\"https:\/\/obera.fr\/produits\/depoussiereurs-industriels\/petits\/\">Sm\u00e5 st\u00f8vopsamlere<\/a><\/div>\n<\/div>\n<\/div>\n<\/div>\n<\/div>\n","protected":false},"excerpt":{"rendered":"<p>Vores faste st\u00f8vopsamlere er en r\u00e6kke kraftfulde installationer til afst\u00f8vning af dine v\u00e6rksteder og lagerhaller samt faste arbejdsstationer direkte via en udsugningsarm eller -h\u00e6tte. Vores udstyr kan h\u00e5ndtere fint st\u00f8v og sp\u00e5ner samt oliet\u00e5ger, dampe og lugte i en lang r\u00e6kke industrisektorer, herunder metal, plast, tr\u00e6, mineraler, tekstiler, kemikalier og papir\/pap. St\u00f8v og andre forurenende stoffer skal behandles, fordi de udg\u00f8r en risiko for menneskekroppen. Ind\u00e5nding af forurenet luft kan for\u00e5rsage sygdom, is\u00e6r n\u00e5r de forurenende stoffer er kr\u00e6ftfremkaldende, mutagene eller reproduktionstoksiske. Behandling af forurenet luft er afg\u00f8rende for at beskytte arbejdere og produktionsteams, men ogs\u00e5 for at garantere kvaliteten &#8230; <\/p>\n<p class=\"read-more-container\"><a title=\"Faste st\u00f8vopsamlere\" class=\"read-more button\" href=\"https:\/\/obera.fr\/da\/produits\/depoussiereurs-industriels\/fixes\/#more-52134\" aria-label=\"Read more about Faste st\u00f8vopsamlere\">Lire la suite<\/a><\/p>\n","protected":false},"author":4,"featured_media":103614,"parent":52049,"menu_order":0,"comment_status":"closed","ping_status":"closed","template":"","meta":{"_acf_changed":false,"_seopress_robots_primary_cat":"","_seopress_titles_title":"V\u00e5de\/t\u00f8rre faste st\u00f8vopsamlere, poser\/patroner","_seopress_titles_desc":"St\u00f8v dine v\u00e6rksteder og lagerhaller samt arbejdsstationer direkte via en udsugningsarm eller -h\u00e6tte med vores faste st\u00f8vopsamlere.","_seopress_robots_index":"","footnotes":""},"class_list":{"0":"post-52134","1":"page","2":"type-page","3":"status-publish","4":"has-post-thumbnail","6":"no-featured-image-padding","7":"resize-featured-image"},"acf":[],"_links":{"self":[{"href":"https:\/\/obera.fr\/da\/wp-json\/wp\/v2\/pages\/52134","targetHints":{"allow":["GET"]}}],"collection":[{"href":"https:\/\/obera.fr\/da\/wp-json\/wp\/v2\/pages"}],"about":[{"href":"https:\/\/obera.fr\/da\/wp-json\/wp\/v2\/types\/page"}],"author":[{"embeddable":true,"href":"https:\/\/obera.fr\/da\/wp-json\/wp\/v2\/users\/4"}],"replies":[{"embeddable":true,"href":"https:\/\/obera.fr\/da\/wp-json\/wp\/v2\/comments?post=52134"}],"version-history":[{"count":5,"href":"https:\/\/obera.fr\/da\/wp-json\/wp\/v2\/pages\/52134\/revisions"}],"predecessor-version":[{"id":121544,"href":"https:\/\/obera.fr\/da\/wp-json\/wp\/v2\/pages\/52134\/revisions\/121544"}],"up":[{"embeddable":true,"href":"https:\/\/obera.fr\/da\/wp-json\/wp\/v2\/pages\/52049"}],"wp:featuredmedia":[{"embeddable":true,"href":"https:\/\/obera.fr\/da\/wp-json\/wp\/v2\/media\/103614"}],"wp:attachment":[{"href":"https:\/\/obera.fr\/da\/wp-json\/wp\/v2\/media?parent=52134"}],"curies":[{"name":"wp","href":"https:\/\/api.w.org\/{rel}","templated":true}]}}