{"id":52147,"date":"2020-05-01T17:19:45","date_gmt":"2020-05-01T15:19:45","guid":{"rendered":"https:\/\/obera.fr\/vores-produkter\/luftanalysatorer\/"},"modified":"2025-04-22T09:39:57","modified_gmt":"2025-04-22T07:39:57","slug":"analyseurs-air","status":"publish","type":"page","link":"https:\/\/obera.fr\/da\/produits\/analyseurs-air\/","title":{"rendered":"Luftanalysatorer"},"content":{"rendered":"\n<p>OberA har et udvalg af 5 luftanalysatorer. Form\u00e5let med disse apparater er at afsl\u00f8re de forskellige luftparametre, der er til stede p\u00e5 din arbejdsplads. <\/p>\n\n\n<h2 class=\"wp-block-heading\" id=\"les-produits-de-la-gamme-obera\">Produkter i OberA-serien<\/h2>\n\n<div class=\"wp-block-columns is-layout-flex wp-container-core-columns-is-layout-28f84493 wp-block-columns-is-layout-flex\">\n<div class=\"wp-block-column is-layout-flow wp-block-column-is-layout-flow\">\n<h3 class=\"wp-block-heading has-text-align-center\" id=\"obcare\"><a href=\"https:\/\/obera.fr\/da\/produits\/analyseurs-air\/obcare-co2-sensor\/\">OBCARE<\/a><\/h3>\n\n\n\n<figure class=\"wp-block-image aligncenter size-medium is-resized\"><a href=\"https:\/\/obera.fr\/produits\/analyseurs-air\/capteur-co2-obcare\/\"><img decoding=\"async\" width=\"300\" height=\"212\" src=\"https:\/\/obera.fr\/wp-content\/uploads\/2021\/09\/Capteur_CO2_OBCARE-2-300x212.png\" alt=\"obcare co2-sensor\" class=\"wp-image-6918\" style=\"aspect-ratio:1.4180327868852458;width:216px;height:auto\" srcset=\"https:\/\/obera.fr\/wp-content\/uploads\/2021\/09\/Capteur_CO2_OBCARE-2-300x212.png 300w, https:\/\/obera.fr\/wp-content\/uploads\/2021\/09\/Capteur_CO2_OBCARE-2-768x542.png 768w, https:\/\/obera.fr\/wp-content\/uploads\/2021\/09\/Capteur_CO2_OBCARE-2.png 921w\" sizes=\"(max-width: 300px) 100vw, 300px\" \/><\/a><\/figure>\n\n\n\n<p><\/p>\n\n\n\n<p><a href=\"https:\/\/obera.fr\/da\/produits\/analyseurs-air\/obcare-co2-sensor\/\" data-type=\"page\" data-id=\"6812\"><strong>OBCARE <\/strong>er en ren C02-sensor<\/a>. Ved hj\u00e6lp af NDIR-teknologi (ikke-dispersive infrar\u00f8de sensorer) med automatisk kalibrering er m\u00e5let at angive koncentrationen i ppm i realtid (n\u00f8jagtighed \u00b1 60ppm). <\/p>\n<\/div>\n\n\n\n<div class=\"wp-block-column is-layout-flow wp-block-column-is-layout-flow\">\n<h3 class=\"wp-block-heading has-text-align-center\" id=\"compteur-de-particules\"><a href=\"https:\/\/obera.fr\/da\/produits\/analyseurs-air\/partikeltaeller\/\">Partikelt\u00e6ller<\/a><\/h3>\n\n\n\n<figure class=\"wp-block-image aligncenter size-thumbnail\"><a href=\"https:\/\/obera.fr\/produits\/analyseurs-air\/compteur-particules\/\"><img decoding=\"async\" width=\"150\" height=\"150\" src=\"https:\/\/obera.fr\/wp-content\/uploads\/2020\/08\/compteur-de-particules-150x150.png\" alt=\"Partikelm&#xE5;ler\" class=\"wp-image-714\" srcset=\"https:\/\/obera.fr\/wp-content\/uploads\/2020\/08\/compteur-de-particules-150x150.png 150w, https:\/\/obera.fr\/wp-content\/uploads\/2020\/08\/compteur-de-particules-300x300.png 300w, https:\/\/obera.fr\/wp-content\/uploads\/2020\/08\/compteur-de-particules.png 433w\" sizes=\"(max-width: 150px) 100vw, 150px\" \/><\/a><\/figure>\n\n\n\n<p><a href=\"https:\/\/obera.fr\/da\/produits\/analyseurs-air\/partikeltaeller\/\" data-type=\"page\" data-id=\"539\">OberA-partikelt\u00e6lleren<\/a> kan m\u00e5le st\u00f8vpartikler fra PM0,3 til PM10 (partikler fra 0,3um til 10um). Overv\u00e5ger temperatur fra 0\u00b0C til 50\u00b0C og relativ luftfugtighed. <\/p>\n<\/div>\n<\/div>\n\n<div style=\"height:30px\" aria-hidden=\"true\" class=\"wp-block-spacer\"><\/div>\n\n<div class=\"wp-block-buttons is-horizontal is-content-justification-center is-layout-flex wp-container-core-buttons-is-layout-03627597 wp-block-buttons-is-layout-flex\">\n<div class=\"wp-block-button has-custom-width wp-block-button__width-100\"><a class=\"wp-block-button__link wp-element-button\" href=\"https:\/\/obera.fr\/da\/kontakt-os\/\">F\u00e5 flere oplysninger<\/a><\/div>\n<\/div>\n\n<p><\/p>\n\n<h2 class=\"wp-block-heading\" id=\"pourquoi-mesurer-la-qualite-de-mon-air\">Hvorfor m\u00e5le kvaliteten af min luft?<\/h2>\n\n<p>Luft er et vigtigt element for mennesker, og det er afg\u00f8rende for medarbejdernes sundhed og trivsel, at de ind\u00e5nder sund luft. Det indeb\u00e6rer at analysere den luft, dine medarbejdere ind\u00e5nder, og beslutte, om det er v\u00e6rd at udstyre din arbejdsplads med et luftbehandlingssystem. <\/p>\n\n<p>Denne luftanalyse vil ogs\u00e5 afsl\u00f8re, hvilken type forurenende stoffer der findes p\u00e5 din arbejdsplads og deres koncentrationsniveauer, hvilket vil v\u00e6re nyttigt, n\u00e5r du skal v\u00e6lge filtreringssystem til dit luftbehandlingssystem.<\/p>\n","protected":false},"excerpt":{"rendered":"<p>OberA har et udvalg af 5 luftanalysatorer. Form\u00e5let med disse apparater er at afsl\u00f8re de forskellige luftparametre, der er til stede p\u00e5 din arbejdsplads. Produkter i OberA-serien OBCARE OBCARE er en ren C02-sensor. Ved hj\u00e6lp af NDIR-teknologi (ikke-dispersive infrar\u00f8de sensorer) med automatisk kalibrering er m\u00e5let at angive koncentrationen i ppm i realtid (n\u00f8jagtighed \u00b1 60ppm). Partikelt\u00e6ller OberA-partikelt\u00e6lleren kan m\u00e5le st\u00f8vpartikler fra PM0,3 til PM10 (partikler fra 0,3um til 10um). Overv\u00e5ger temperatur fra 0\u00b0C til 50\u00b0C og relativ luftfugtighed. Hvorfor m\u00e5le kvaliteten af min luft? Luft er et vigtigt element for mennesker, og det er afg\u00f8rende for medarbejdernes sundhed og trivsel, &#8230; <\/p>\n<p class=\"read-more-container\"><a title=\"Luftanalysatorer\" class=\"read-more button\" href=\"https:\/\/obera.fr\/da\/produits\/analyseurs-air\/#more-52147\" aria-label=\"Read more about Luftanalysatorer\">Lire la suite<\/a><\/p>\n","protected":false},"author":4,"featured_media":83735,"parent":51931,"menu_order":7,"comment_status":"closed","ping_status":"closed","template":"","meta":{"_acf_changed":false,"_seopress_robots_primary_cat":"","_seopress_titles_title":"Retrouvez tous nos analyseurs d\u2019air de la gamme oberA","_seopress_titles_desc":"OberA dispose d\u2019une gamme de 5 analyseurs d\u2019air. Ces appareils ont pour but de r\u00e9v\u00e9ler les diff\u00e9rents param\u00e8tres de l\u2019air pr\u00e9sent sur votre lieu de travail.","_seopress_robots_index":"","footnotes":""},"class_list":{"0":"post-52147","1":"page","2":"type-page","3":"status-publish","4":"has-post-thumbnail","6":"no-featured-image-padding","7":"resize-featured-image"},"acf":[],"_links":{"self":[{"href":"https:\/\/obera.fr\/da\/wp-json\/wp\/v2\/pages\/52147","targetHints":{"allow":["GET"]}}],"collection":[{"href":"https:\/\/obera.fr\/da\/wp-json\/wp\/v2\/pages"}],"about":[{"href":"https:\/\/obera.fr\/da\/wp-json\/wp\/v2\/types\/page"}],"author":[{"embeddable":true,"href":"https:\/\/obera.fr\/da\/wp-json\/wp\/v2\/users\/4"}],"replies":[{"embeddable":true,"href":"https:\/\/obera.fr\/da\/wp-json\/wp\/v2\/comments?post=52147"}],"version-history":[{"count":3,"href":"https:\/\/obera.fr\/da\/wp-json\/wp\/v2\/pages\/52147\/revisions"}],"predecessor-version":[{"id":63195,"href":"https:\/\/obera.fr\/da\/wp-json\/wp\/v2\/pages\/52147\/revisions\/63195"}],"up":[{"embeddable":true,"href":"https:\/\/obera.fr\/da\/wp-json\/wp\/v2\/pages\/51931"}],"wp:featuredmedia":[{"embeddable":true,"href":"https:\/\/obera.fr\/da\/wp-json\/wp\/v2\/media\/83735"}],"wp:attachment":[{"href":"https:\/\/obera.fr\/da\/wp-json\/wp\/v2\/media?parent=52147"}],"curies":[{"name":"wp","href":"https:\/\/api.w.org\/{rel}","templated":true}]}}