{"id":52194,"date":"2020-08-26T12:33:11","date_gmt":"2020-08-26T10:33:11","guid":{"rendered":"https:\/\/obera.fr\/vores-produkter\/olietaagefiltre\/"},"modified":"2025-04-22T09:38:33","modified_gmt":"2025-04-22T07:38:33","slug":"filtres-brouillard-huile","status":"publish","type":"page","link":"https:\/\/obera.fr\/da\/produits\/filtres-brouillard-huile\/","title":{"rendered":"Oliet\u00e5gefiltre"},"content":{"rendered":"\n<p>Et h\u00f8jtydende <strong>oliet\u00e5gefilter<\/strong> til direkte tilslutning til produktionsmaskinen.<\/p>\n\n<h2 class=\"wp-block-heading\" id=\"notre-gamme-de-filtres-a-brouillard-d-huile\">Vores udvalg af oliet\u00e5gefiltre<\/h2>\n\n<div class=\"wp-block-columns is-layout-flex wp-container-core-columns-is-layout-28f84493 wp-block-columns-is-layout-flex\">\n<div class=\"wp-block-column is-vertically-aligned-top is-layout-flow wp-block-column-is-layout-flow\">\n<h3 class=\"wp-block-heading has-text-align-center\" id=\"oilmac\"><a href=\"https:\/\/obera.fr\/da\/produits\/filtres-brouillard-huile\/oilmac\/\">Oilmac<\/a><\/h3>\n\n\n\n<figure class=\"wp-block-image aligncenter size-medium\"><a href=\"https:\/\/obera.fr\/produits\/filtres-brouillard-huile\/oilmac\/\"><img decoding=\"async\" width=\"300\" height=\"300\" src=\"https:\/\/obera.fr\/wp-content\/uploads\/2020\/08\/filtre-compact-OILMAC-300x300.png\" alt=\"Oilmac kompaktfilter\" class=\"wp-image-641\" srcset=\"https:\/\/obera.fr\/wp-content\/uploads\/2020\/08\/filtre-compact-OILMAC-300x300.png 300w, https:\/\/obera.fr\/wp-content\/uploads\/2020\/08\/filtre-compact-OILMAC-150x150.png 150w, https:\/\/obera.fr\/wp-content\/uploads\/2020\/08\/filtre-compact-OILMAC.png 600w\" sizes=\"(max-width: 300px) 100vw, 300px\" \/><\/a><\/figure>\n\n\n\n<p><strong>OILMAC <\/strong>er et <a href=\"https:\/\/obera.fr\/da\/produits\/filtres-brouillard-huile\/oilmac\/\" data-type=\"page\" data-id=\"585\">kompakt, kraftigt filter<\/a>, der kan behandle olie- og emulsionst\u00e5ge, dampe og aerosoler. Enheden installeres normalt direkte p\u00e5 produktionsmaskinen og tilsluttes via en fleksibel kanal.   <\/p>\n\n\n\n<p>Takket v\u00e6re et h\u00f8jtydende filtreringssystem i fire trin, herunder et HEPA 13 terminalfilter, filtreres partikler op til 99,95 %, og luften kan genindf\u00f8res direkte i arbejdsomr\u00e5det. Vedligeholdelsen er reduceret, fordi filtrene kan udskiftes uden brug af v\u00e6rkt\u00f8j. <\/p>\n<\/div>\n\n\n\n<div class=\"wp-block-column is-vertically-aligned-top is-layout-flow wp-block-column-is-layout-flow\">\n<h3 class=\"wp-block-heading has-text-align-center\" id=\"afs\"><a href=\"https:\/\/obera.fr\/da\/produits\/filtres-brouillard-huile\/afs\/\">AFS<\/a><\/h3>\n\n\n\n<figure class=\"wp-block-image aligncenter size-medium\"><a href=\"https:\/\/obera.fr\/produits\/filtres-brouillard-huile\/afs\/\"><img decoding=\"async\" width=\"300\" height=\"300\" src=\"https:\/\/obera.fr\/wp-content\/uploads\/2020\/08\/AFS-installation-centralisee-brouillards-huiles-300x300.png\" alt=\"Afs Installation Centralisee Brouillards Huiles\" class=\"wp-image-643\" srcset=\"https:\/\/obera.fr\/wp-content\/uploads\/2020\/08\/AFS-installation-centralisee-brouillards-huiles-300x300.png 300w, https:\/\/obera.fr\/wp-content\/uploads\/2020\/08\/AFS-installation-centralisee-brouillards-huiles-150x150.png 150w, https:\/\/obera.fr\/wp-content\/uploads\/2020\/08\/AFS-installation-centralisee-brouillards-huiles.png 433w\" sizes=\"(max-width: 300px) 100vw, 300px\" \/><\/a><\/figure>\n\n\n\n<p><strong>AFS<\/strong> er en <a href=\"https:\/\/obera.fr\/da\/produits\/filtres-brouillard-huile\/afs\/\" data-type=\"page\" data-id=\"590\">centraliseret installation til olie- og emulsionst\u00e5ge, dampe og aerosoler<\/a>. Det er en skr\u00e6ddersyet l\u00f8sning til direkte installation p\u00e5 dine bearbejdningscentre. Denne enhed har 5 filtreringstrin, herunder et absolut HEPA 13-endefilter, som garanterer en partikelfiltreringseffektivitet p\u00e5 99,95 %.    <\/p>\n\n\n\n<p>Forskellige konfigurationer er mulige: genbrug og genindf\u00f8ring af den filtrerede luft i bygningen eller evakuering af den filtrerede luft og indf\u00f8ring af frisk luft med genvinding af kalorierne gennem en varmeveksler. Begge konfigurationer g\u00f8r maksimal brug af varmen i de udsugede luftstr\u00f8mme. <\/p>\n\n\n\n<p><\/p>\n<\/div>\n<\/div>\n\n<div class=\"wp-block-buttons is-horizontal is-content-justification-center is-layout-flex wp-container-core-buttons-is-layout-03627597 wp-block-buttons-is-layout-flex\">\n<div class=\"wp-block-button has-custom-width wp-block-button__width-100\"><a class=\"wp-block-button__link wp-element-button\" href=\"https:\/\/obera.fr\/da\/kontakt-os\/\">F\u00e5 flere oplysninger<\/a><\/div>\n<\/div>\n","protected":false},"excerpt":{"rendered":"<p>Et h\u00f8jtydende oliet\u00e5gefilter til direkte tilslutning til produktionsmaskinen. Vores udvalg af oliet\u00e5gefiltre Oilmac OILMAC er et kompakt, kraftigt filter, der kan behandle olie- og emulsionst\u00e5ge, dampe og aerosoler. Enheden installeres normalt direkte p\u00e5 produktionsmaskinen og tilsluttes via en fleksibel kanal. Takket v\u00e6re et h\u00f8jtydende filtreringssystem i fire trin, herunder et HEPA 13 terminalfilter, filtreres partikler op til 99,95 %, og luften kan genindf\u00f8res direkte i arbejdsomr\u00e5det. Vedligeholdelsen er reduceret, fordi filtrene kan udskiftes uden brug af v\u00e6rkt\u00f8j. AFS AFS er en centraliseret installation til olie- og emulsionst\u00e5ge, dampe og aerosoler. Det er en skr\u00e6ddersyet l\u00f8sning til direkte installation p\u00e5 dine &#8230; <\/p>\n<p class=\"read-more-container\"><a title=\"Oliet\u00e5gefiltre\" class=\"read-more button\" href=\"https:\/\/obera.fr\/da\/produits\/filtres-brouillard-huile\/#more-52194\" aria-label=\"Read more about Oliet\u00e5gefiltre\">Lire la suite<\/a><\/p>\n","protected":false},"author":4,"featured_media":83735,"parent":51931,"menu_order":10,"comment_status":"closed","ping_status":"closed","template":"","meta":{"_acf_changed":false,"_seopress_robots_primary_cat":"","_seopress_titles_title":"Filtres \u00e0 brouillard d\u2019huile industriels - oberA","_seopress_titles_desc":"Retrouvez notre gamme de filtres \u00e0 brouillard d'huile haute performance \u00e0 connecter directement sur la machine de production, OILMAC et AFS.","_seopress_robots_index":"","footnotes":""},"class_list":{"0":"post-52194","1":"page","2":"type-page","3":"status-publish","4":"has-post-thumbnail","6":"no-featured-image-padding","7":"resize-featured-image"},"acf":[],"_links":{"self":[{"href":"https:\/\/obera.fr\/da\/wp-json\/wp\/v2\/pages\/52194","targetHints":{"allow":["GET"]}}],"collection":[{"href":"https:\/\/obera.fr\/da\/wp-json\/wp\/v2\/pages"}],"about":[{"href":"https:\/\/obera.fr\/da\/wp-json\/wp\/v2\/types\/page"}],"author":[{"embeddable":true,"href":"https:\/\/obera.fr\/da\/wp-json\/wp\/v2\/users\/4"}],"replies":[{"embeddable":true,"href":"https:\/\/obera.fr\/da\/wp-json\/wp\/v2\/comments?post=52194"}],"version-history":[{"count":5,"href":"https:\/\/obera.fr\/da\/wp-json\/wp\/v2\/pages\/52194\/revisions"}],"predecessor-version":[{"id":65848,"href":"https:\/\/obera.fr\/da\/wp-json\/wp\/v2\/pages\/52194\/revisions\/65848"}],"up":[{"embeddable":true,"href":"https:\/\/obera.fr\/da\/wp-json\/wp\/v2\/pages\/51931"}],"wp:featuredmedia":[{"embeddable":true,"href":"https:\/\/obera.fr\/da\/wp-json\/wp\/v2\/media\/83735"}],"wp:attachment":[{"href":"https:\/\/obera.fr\/da\/wp-json\/wp\/v2\/media?parent=52194"}],"curies":[{"name":"wp","href":"https:\/\/api.w.org\/{rel}","templated":true}]}}