{"id":67195,"date":"2020-05-01T17:28:48","date_gmt":"2020-05-01T15:28:48","guid":{"rendered":"https:\/\/obera.fr\/mentions-legales\/"},"modified":"2025-04-11T10:40:05","modified_gmt":"2025-04-11T08:40:05","slug":"mentions-legales","status":"publish","type":"page","link":"https:\/\/obera.fr\/da\/mentions-legales\/","title":{"rendered":"Juridisk information"},"content":{"rendered":"\n<h2 class=\"wp-block-heading\" id=\"l-annonceur\">Annonc\u00f8ren<\/h2>\n\n<p>Dette websted offentligg\u00f8res og bringes til dig af oberA, med en kapital p\u00e5 20.000 \u20ac, hvis hjemsted er 4 Rue Denis Papin 67400 Illkirch-Graffenstaden, under SIRET-nummer 832 913 487 00027, NAF-kode 4674B.<\/p>\n\n<p>Form\u00e5let med webstedet er at give dig oplysninger om annonc\u00f8ren og links til forskellige websteder. Webstedet er annonc\u00f8rens ejendom. <\/p>\n\n<p>Dette websted hostes af Navn p\u00e5 host: o2switch SAS med en kapital p\u00e5 100.000 \u20ac, Adresse: Chemin des Pardiaux, 63000 Clermont-Ferrand, SIRET: 510 909 807 00032 RCS Clermont Ferrand<\/p>\n\n<h2 class=\"wp-block-heading\" id=\"respect-des-droits-de-propriete-et-marques\">Respekt for ejendomsrettigheder og varem\u00e6rker<\/h2>\n\n<p>Alle de elementer, du ser, lytter til eller l\u00e6ser p\u00e5 webstedet, samt selve webstedet, er beskyttet af loven om ophavsret. Du m\u00e5 under ingen omst\u00e6ndigheder bruge, distribuere, kopiere, reproducere, modificere, \u00e6ndre eller overf\u00f8re webstedet eller elementer p\u00e5 webstedet, s\u00e5som p1-tekster, billeder eller lyde, uden forudg\u00e5ende skriftlig tilladelse fra annonc\u00f8ren. De varem\u00e6rker og logoer, der vises p\u00e5 webstedet, er annonc\u00f8rens ejendom eller er genstand for en tilladelse til brug. Der kan ikke gives nogen rettighed eller licens til nogen af disse elementer uden skriftlig tilladelse fra annonc\u00f8ren eller fra den tredjepart, der har rettighederne til det varem\u00e6rke eller logo, der vises p\u00e5 webstedet. Fondation Pierre Berg\u00e9 &#8211; Yves Saint Laurent forbeholder sig ret til at tage retslige skridt mod enhver kr\u00e6nkelse af sine intellektuelle ejendomsrettigheder, herunder strafferetlig forf\u00f8lgelse.    <\/p>\n\n<h2 class=\"wp-block-heading\" id=\"respect-des-images\">Respekt for billeder<\/h2>\n\n<p>De billeder eller fotografier af personer eller steder, der vises p\u00e5 webstedet, er annonc\u00f8rens ejendom og\/eller bruges af annonc\u00f8ren med samtykke fra rettighedshaverne. Brug af disse billeder eller fotografier er forbudt uden specifik og udtrykkelig tilladelse fra annonc\u00f8ren. Enhver uautoriseret brug kan resultere i en overtr\u00e6delse af ophavsret, billedrettigheder, personlige rettigheder eller andre regler, der g\u00e6lder for kommunikation eller reklame.  <\/p>\n\n<h3 class=\"wp-block-heading\">Kreditter<\/h3>\n\n<ul class=\"wp-block-list\">\n<li>Hjemmeside-design af <a href=\"https:\/\/pleaseagency.com\/\" data-type=\"link\" data-id=\"https:\/\/pleaseagency.com\/\">PLEASE CREATIVE AGENCY <\/a> <\/li>\n<\/ul>\n\n<h2 class=\"wp-block-heading\" id=\"mise-en-garde-generale\">Generel advarsel<\/h2>\n\n<p>Fondation Pierre Berg\u00e9 &#8211; Yves Saint Laurent kan ikke holdes ansvarlig for eventuelle skader, der m\u00e5tte opst\u00e5 som f\u00f8lge af adgang til eller brug af webstedet, herunder enhver forringelse eller virus, der m\u00e5tte inficere dit computerudstyr eller anden ejendom. Selv om Fondation Pierre Berg\u00e9 &#8211; Yves Saint Laurent g\u00f8r sig alle rimelige anstrengelser for at opdatere de n\u00f8jagtige oplysninger, der offentligg\u00f8res p\u00e5 webstedet, kan Fondation Pierre Berg\u00e9 &#8211; Yves Saint Laurent ikke holdes ansvarlig for eventuelle fejl eller udeladelser. <\/p>\n\n<h2 class=\"wp-block-heading\" id=\"exclusion-de-responsabilite-et-indemnisation\">Udelukkelse af ansvar og erstatning<\/h2>\n\n<p>Hverken Fondation Pierre Berg\u00e9 &#8211; Yves Saint Laurent eller nogen anden part, der er involveret i forbindelse med webstedet, kan holdes ansvarlig for nogen direkte, indirekte eller anden skade, der m\u00e5tte opst\u00e5 som f\u00f8lge af adgang til eller brug af webstedet eller oplysningerne deri. Du vil skadesl\u00f8sholde, forsvare og holde annonc\u00f8ren og dennes datterselskaber samt dennes direkt\u00f8rer, ledere, medarbejdere, repr\u00e6sentanter, licenstagere eller enhver anden, der er involveret i at skabe, producere og distribuere webstedet, fra og mod alle krav, forpligtelser, omkostninger og udgifter, der opst\u00e5r som f\u00f8lge af din overtr\u00e6delse af disse brugsbetingelser eller i forbindelse med din brug af webstedet. <\/p>\n\n<h2 class=\"wp-block-heading\" id=\"informations-personnelles\">Personlig information<\/h2>\n\n<p>Personoplysninger defineres som &#8220;oplysninger, der under en hvilken som helst form direkte eller indirekte giver mulighed for at identificere de fysiske personer, som de vedr\u00f8rer&#8221; (uddrag af artikel 4 i lov nr. 78-17 af 6. januar 1978).<\/p>\n\n<p>For eksempel :<\/p>\n\n<ul class=\"wp-block-list\">\n<li>et navn,<\/li>\n\n\n\n<li>en postadresse,<\/li>\n\n\n\n<li>et telefonnummer,<\/li>\n\n\n\n<li>en e-mailadresse.<\/li>\n<\/ul>\n\n<p>Cookies bruges til automatisk at konfigurere webstedet, n\u00e5r du logger p\u00e5, og til at forh\u00e5ndsv\u00e6lge oplysninger.<\/p>\n\n<p>Det betyder, at webstedets konfiguration er knyttet til din computer, s\u00e5 alle, der bruger din computer, har et websted, der er konfigureret p\u00e5 samme m\u00e5de.<\/p>\n\n<h2 class=\"wp-block-heading\" id=\"utilisation-de-vos-donnees-personnelles-communication-a-des-tiers\">Brug af dine personlige data &#8211; videregivelse til tredjeparter<\/h2>\n\n<p>Ved at bruge dette websted accepterer du, at vores websted bruger de personlige data om dig, som du har meddelt, eller som indsamles via driften af webstedet. Disse data er n\u00f8dvendige for at sende dig nyhedsbreve og for at give dig mulighed for at drage fordel af visse tjenester, der tilbydes af dette websted. <\/p>\n\n<p>I henhold til loven af 6. januar 1978 har du ret til at f\u00e5 adgang til, rette eller g\u00f8re indsigelse mod alle personlige data, der er indsamlet om dig. Disse rettigheder kan ud\u00f8ves ved at sende os en e-mail eller et brev til annonc\u00f8ren. <\/p>\n\n<p>Vi g\u00f8r opm\u00e6rksom p\u00e5, at vi i forbindelse med driften af webstedet automatisk indsamler oplysninger om is\u00e6r de sider p\u00e5 webstedet, der er mest interessante for dig, s\u00e5 vi kan bruge disse oplysninger til at udarbejde analyser og statistikker med henblik p\u00e5 at f\u00e5 en bedre forst\u00e5else af dine \u00f8nsker og dine interessecentre. P\u00e5 den m\u00e5de, og med forbehold for det f\u00f8lgende, kan vi sende dig information, der er m\u00e5lrettet dine interesseomr\u00e5der. Vi kan bruge cookies til dette form\u00e5l.  <\/p>\n\n<p>Vi kan med undtagelse af din e-mailadresse videregive de personoplysninger, der er indsamlet p\u00e5 denne m\u00e5de, til tredjeparter efter eget valg, s\u00e5som vores tjenesteudbydere eller leverand\u00f8rer, der bidrager til levering af de tilbudte tjenester. Kommunikationen af disse oplysninger til disse leverand\u00f8rer og tjenesteudbydere kan v\u00e6re n\u00f8dvendig for levering af tjenesterne. Du kan udtrykkeligt g\u00f8re indsigelse mod videregivelse af dine data til tredjepart via e-mail og\/eller brev til annonc\u00f8ren.  <\/p>\n\n<h2 class=\"wp-block-heading\" id=\"concernant-votre-adresse-e-mail\">Vedr\u00f8rende din e-mailadresse<\/h2>\n\n<p>Ved at give os din e-mailadresse forbeholder annonc\u00f8ren sig ret til at sende dig nyhedsbreve og oplysninger om vores produkter og tjenester via e-mail. Hvis du ikke \u00f8nsker at modtage s\u00e5danne meddelelser, kan du til enhver tid afmelde dig ved at klikke p\u00e5 det link, der er angivet til dette form\u00e5l i hvert sendt nyhedsbrev. <\/p>\n\n<p>Derudover kan vi videregive din e-mailadresse til tredjeparter, der kan sende dig uopfordrede meddelelser via e-mail, som kan v\u00e6re af interesse for dig. Du kan til enhver tid kontakte os, is\u00e6r via e-mail, for at bede os om at stoppe med at kommunikere din e-mailadresse p\u00e5 denne m\u00e5de. <\/p>\n\n<p>I overensstemmelse med fransk lov kan disse oplysninger videregives af annonc\u00f8ren til enhver fysisk person, juridisk enhed eller administrativt organ, der m\u00e5tte anmode om det.<\/p>\n\n<p>Endelig bruger annonc\u00f8ren brugerdata (uanset om de indeholder personlige oplysninger eller ej) til at oprette statistiske analyser til sine egne form\u00e5l. Da dataene fra disse analyser er aggregerede og derfor helt anonyme, kan annonc\u00f8ren overf\u00f8re eller s\u00e6lge dem til tredjeparter. <\/p>\n\n<h2 class=\"wp-block-heading\" id=\"abonnement-a-la-newsletter-l-annonceur\">Abonnement p\u00e5 annonc\u00f8rens nyhedsbrev<\/h2>\n\n<p>Via webstedet kan du abonnere p\u00e5 annonc\u00f8rens nyhedsbrev.<\/p>\n\n<p>Dette nyhedsbrev har til form\u00e5l at informere dig om annonc\u00f8rens tjenester og nye produkter.<\/p>\n\n<p>Du kan til enhver tid informere det p\u00e5g\u00e6ldende websted via e-mail om, at du ikke l\u00e6ngere \u00f8nsker at blive tilmeldt nyhedsbrevet ved at klikke p\u00e5 &#8220;Afmeld&#8221; eller en anden lignende angivelse.<\/p>\n\n<p>Betingelserne for brug af dine personlige data vil v\u00e6re de samme som p\u00e5 det p\u00e5g\u00e6ldende websted. Vi beder dig derfor om at l\u00e6se vilk\u00e5rene og betingelserne p\u00e5 det p\u00e5g\u00e6ldende websted. <\/p>\n\n<h2 class=\"wp-block-heading\" id=\"liens-externes\">Eksterne links<\/h2>\n\n<p>Annonc\u00f8ren foresl\u00e5r links fra sit websted til andre tilknyttede og ikke-tilknyttede websteder. Disse websteder er uafh\u00e6ngige af webstedet. Annonc\u00f8ren udgiver eller kontrollerer ikke disse sider. Links til disse sider udg\u00f8r p\u00e5 ingen m\u00e5de en godkendelse eller et partnerskab mellem annonc\u00f8ren og disse sider. F\u00f8lgelig kan Fondation Pierre Berg\u00e9 &#8211; Yves Saint Laurent ikke holdes ansvarlig for indhold, produkter, reklamer eller andre elementer eller tjenester, der pr\u00e6senteres p\u00e5 disse websteder. Vi minder dig om, at tilknyttede og ikke-tilknyttede websteder er underlagt deres egne brugsbetingelser og politikker for beskyttelse af personlige oplysninger.     <\/p>\n\n<h2 class=\"wp-block-heading\" id=\"droit-applicable\">G\u00e6ldende lov<\/h2>\n\n<p>Dette websted er underlagt fransk lov.<\/p>\n\n<h2 class=\"wp-block-heading\" id=\"modification-des-conditions\">\u00c6ndring af betingelser<\/h2>\n\n<p>Annonc\u00f8ren forbeholder sig ret til at \u00e6ndre eller mere generelt opdatere disse generelle vilk\u00e5r og betingelser til enhver tid og uden forudg\u00e5ende varsel. Vi opfordrer dig derfor til at konsultere dem regelm\u00e6ssigt. <\/p>\n\n<h2 class=\"wp-block-heading\" id=\"comment-nous-contacter-si-vous-avez-des-questions-sur-cette-charte\">Hvordan kan du kontakte os, hvis du har sp\u00f8rgsm\u00e5l til dette charter?<\/h2>\n\n<p>Da form\u00e5let med dette charter er at beskytte dit privatliv, vil vi v\u00e6re taknemmelige, hvis du vil fort\u00e6lle os om dine \u00f8nsker og kommentarer.<\/p>\n\n<p>Hvis du f\u00f8ler, at dine data ikke behandles i overensstemmelse med dine \u00f8nsker, n\u00e5r du bes\u00f8ger dette websted, bedes du fort\u00e6lle os det. Vi vil svare s\u00e5 hurtigt som muligt. <\/p>\n\n<p>Hvis du i fremtiden ikke \u00f8nsker at blive kontaktet efter et bes\u00f8g p\u00e5 dette websted, eller hvis du \u00f8nsker at kontrollere, rette eller opdatere eventuelle nominative oplysninger, som du har meddelt os, bedes du <a href=\"https:\/\/obera.fr\/da\/contact\/\" data-type=\"page\" data-id=\"124\">skrive<\/a> til os.<\/p>\n\n<p>Senest \u00e6ndret den 24. april 2017.<\/p>\n","protected":false},"excerpt":{"rendered":"<p>Annonc\u00f8ren Dette websted offentligg\u00f8res og bringes til dig af oberA, med en kapital p\u00e5 20.000 \u20ac, hvis hjemsted er 4 Rue Denis Papin 67400 Illkirch-Graffenstaden, under SIRET-nummer 832 913 487 00027, NAF-kode 4674B. Form\u00e5let med webstedet er at give dig oplysninger om annonc\u00f8ren og links til forskellige websteder. Webstedet er annonc\u00f8rens ejendom. Dette websted hostes af Navn p\u00e5 host: o2switch SAS med en kapital p\u00e5 100.000 \u20ac, Adresse: Chemin des Pardiaux, 63000 Clermont-Ferrand, SIRET: 510 909 807 00032 RCS Clermont Ferrand Respekt for ejendomsrettigheder og varem\u00e6rker Alle de elementer, du ser, lytter til eller l\u00e6ser p\u00e5 webstedet, samt selve webstedet, &#8230; <\/p>\n<p class=\"read-more-container\"><a title=\"Juridisk information\" class=\"read-more button\" href=\"https:\/\/obera.fr\/da\/mentions-legales\/#more-67195\" aria-label=\"Read more about Juridisk information\">Lire la suite<\/a><\/p>\n","protected":false},"author":4,"featured_media":103614,"parent":0,"menu_order":0,"comment_status":"closed","ping_status":"closed","template":"","meta":{"_acf_changed":false,"_seopress_robots_primary_cat":"","_seopress_titles_title":"oberA.fr juridisk meddelelse","_seopress_titles_desc":"Dette websted udgives og bringes til dig af oberA, et selskab med en aktiekapital p\u00e5 20.000 euro, SIRET-nummer 832 913 487 00019, NAF-kode 282514.","_seopress_robots_index":"ja","footnotes":""},"class_list":{"0":"post-67195","1":"page","2":"type-page","3":"status-publish","4":"has-post-thumbnail","6":"no-featured-image-padding","7":"resize-featured-image"},"acf":[],"_links":{"self":[{"href":"https:\/\/obera.fr\/da\/wp-json\/wp\/v2\/pages\/67195","targetHints":{"allow":["GET"]}}],"collection":[{"href":"https:\/\/obera.fr\/da\/wp-json\/wp\/v2\/pages"}],"about":[{"href":"https:\/\/obera.fr\/da\/wp-json\/wp\/v2\/types\/page"}],"author":[{"embeddable":true,"href":"https:\/\/obera.fr\/da\/wp-json\/wp\/v2\/users\/4"}],"replies":[{"embeddable":true,"href":"https:\/\/obera.fr\/da\/wp-json\/wp\/v2\/comments?post=67195"}],"version-history":[{"count":3,"href":"https:\/\/obera.fr\/da\/wp-json\/wp\/v2\/pages\/67195\/revisions"}],"predecessor-version":[{"id":79404,"href":"https:\/\/obera.fr\/da\/wp-json\/wp\/v2\/pages\/67195\/revisions\/79404"}],"wp:featuredmedia":[{"embeddable":true,"href":"https:\/\/obera.fr\/da\/wp-json\/wp\/v2\/media\/103614"}],"wp:attachment":[{"href":"https:\/\/obera.fr\/da\/wp-json\/wp\/v2\/media?parent=67195"}],"curies":[{"name":"wp","href":"https:\/\/api.w.org\/{rel}","templated":true}]}}