{"id":67312,"date":"2025-01-17T11:13:01","date_gmt":"2025-01-17T09:13:01","guid":{"rendered":"https:\/\/obera.fr\/produits\/depoussiereurs-industriels\/stoevlys\/"},"modified":"2025-07-11T11:18:51","modified_gmt":"2025-07-11T09:18:51","slug":"stoevlys","status":"publish","type":"page","link":"https:\/\/obera.fr\/da\/produits\/depoussiereurs-industriels\/stoevlys\/","title":{"rendered":"Tag kontrol over dit arbejdsmilj\u00f8 med Dustlight"},"content":{"rendered":"\n<div class=\"wp-block-columns is-layout-flex wp-container-core-columns-is-layout-28f84493 wp-block-columns-is-layout-flex\">\n<div class=\"wp-block-column is-layout-flow wp-block-column-is-layout-flow\">\n<div class=\"wp-block-media-text has-media-on-the-right is-stacked-on-mobile\" style=\"grid-template-columns:auto 33%\"><div class=\"wp-block-media-text__content\">\n<p>OberA er stolte af at kunne pr\u00e6sentere <strong>Dustlight<\/strong>, en innovativ h\u00e5ndholdt analysator, der er designet til pr\u00e6cist at registrere og analysere fint st\u00f8v.  <\/p>\n\n\n\n<p>Denne kompakte, p\u00e5lidelige og brugervenlige enhed er det ideelle v\u00e6rkt\u00f8j til fagfolk og industrifolk, der \u00f8nsker at overv\u00e5ge luftkvaliteten og identificere sv\u00e6vepartikler.<\/p>\n<\/div><figure class=\"wp-block-media-text__media\"><img decoding=\"async\" src=\"https:\/\/lh7-rt.googleusercontent.com\/docsz\/AD_4nXePsRD5Y4gAIBhHibguQOn0U6fgzh-p6iUVppCy2PUUWG4S_QIvoTfNJeagK6httptlC4XtT9kmxghV9258tIgq2J0QFwvU7BowEB_Xe_4_rgzVdEW0mM97dpA7WZj9dGkQUsTtMadi1obMqCXsxII?key=QO8r7RmlolM9MhCfcv5-73XE\" alt=\"Forebyggelse af st\u00f8vrelaterede risici | Travail-emploi.gouv.fr | Minist\u00e8re du Travail, de la Sant\u00e9, des Solidarit\u00e9s et des Familles\"\/><\/figure><\/div>\n\n\n\n<div style=\"height:41px\" aria-hidden=\"true\" class=\"wp-block-spacer\"><\/div>\n\n\n\n<div class=\"wp-block-buttons is-content-justification-center is-layout-flex wp-container-core-buttons-is-layout-a89b3969 wp-block-buttons-is-layout-flex\">\n<div class=\"wp-block-button\"><a class=\"wp-block-button__link has-text-align-center wp-element-button\" href=\"https:\/\/obera.fr\/formulaire-dustlight\/\">GRATIS 20-DAGES TEST<\/a><\/div>\n<\/div>\n<\/div>\n<\/div>\n\n<p><\/p>\n\n<p><\/p>\n\n<h2 class=\"wp-block-heading\">Beskyt dig selv mod den usynlige fare ved respirabelt st\u00f8v p\u00e5 arbejdspladsen<\/h2>\n\n<figure class=\"wp-block-image aligncenter is-resized\"><img decoding=\"async\" src=\"https:\/\/lh7-rt.googleusercontent.com\/docsz\/AD_4nXcOS0Hfg67TC29tD0YKTlwhEbY82uCB9DoKqHN4byLMiiWnWb6_cUR2kTh4CxjF9WQI7qzrJx1chS1E8L9qU3zGeBgcCaStWF9a7mYnCr73_ylzp9tDc1LItbkRpO8_Eg6aBoXNFQRLSfcDQnw1RmM?key=QO8r7RmlolM9MhCfcv5-73XE\" alt=\"Et billede, der indeholder tekst, Elektroniske enheder, Elektroniske enheder, Sk&#xE6;rmbillede&#10;&#10;Automatisk genereret beskrivelse\" style=\"width:617px;height:auto\"\/><figcaption class=\"wp-element-caption\"><strong>B\u00e6rbar analysator til fint st\u00f8v<\/strong><\/figcaption><\/figure>\n\n<p>Brug Dustlight-m\u00e5leapparatet til at m\u00e5le st\u00f8vkoncentrationen n\u00f8jagtigt.  <\/p>\n\n<p>i industrielle milj\u00f8er og beskytter dit og dine medarbejderes helbred.<\/p>\n\n<p><\/p>\n\n<p>Ind\u00e5ndingsbart fint st\u00f8v kan for\u00e5rsage alvorlige helbredsproblemer som luftvejssygdomme, hjerte-kar-problemer og kr\u00e6ft.<\/p>\n\n<p><\/p>\n\n<p>Med <strong>Dustlight<\/strong> kan du effektivt minimere disse risici ved at m\u00e5le st\u00f8veksponeringen og tr\u00e6ffe passende beskyttelsesforanstaltninger.<\/p>\n\n<p><\/p>\n\n<p><strong>Dustlight<\/strong> m\u00e5ler eksponering for st\u00f8v hvert sekund.  <\/p>\n\n<p>V\u00e6rdierne kan ses i vores smartphone og webapplikation og downloades som en rapport.  <\/p>\n\n<p><\/p>\n\n<h2 class=\"wp-block-heading\">Skab et sikkert arbejdsmilj\u00f8, og invester i dine medarbejderes sundhed med Dustlight-st\u00f8vm\u00e5leren.<\/h2>\n\n<p><\/p>\n\n<p><strong>Bare t\u00e6nd for den, og arbejd i fuld sikkerhed!<\/strong><\/p>\n\n<p><\/p>\n\n<ul class=\"wp-block-list\">\n<li><strong>Kortl\u00e6g og overv\u00e5g st\u00f8vkoncentrationer i realtid<\/strong>: <strong>PM10, PM2.5 og PM1 <\/strong> <\/li>\n\n\n\n<li><strong>G\u00f8r hurtigt folk opm\u00e6rksomme p\u00e5 behovet for at bruge \u00e5ndedr\u00e6tsv\u00e6rn<\/strong><\/li>\n\n\n\n<li><strong>Synligg\u00f8relse af risikoen for eksponering for farligt st\u00f8v (CMR)<\/strong><\/li>\n\n\n\n<li><strong>Identificere forureningskilder og g\u00f8re dem synlige, s\u00e5 de kan h\u00e5ndteres mere effektivt<\/strong><\/li>\n\n\n\n<li><strong>Beskyttelse af operat\u00f8rer p\u00e5 fabrikker og byggepladser<\/strong><\/li>\n\n\n\n<li><strong>Identifikation af respirabelt st\u00f8v<\/strong><\/li>\n\n\n\n<li><strong>Forudse lovgivningsm\u00e6ssige tiltag<\/strong><\/li>\n\n\n\n<li><strong>Valider en implementeret l\u00f8sning<\/strong><\/li>\n<\/ul>\n\n<div class=\"wp-block-media-text has-media-on-the-right is-stacked-on-mobile\" style=\"grid-template-columns:auto 20%\"><div class=\"wp-block-media-text__content\">\n<p class=\"has-text-align-center\"><strong>Innovativ l\u00f8sning  <\/strong><\/p>\n\n\n\n<p class=\"has-text-align-center\"><strong>Hj\u00e6lper med at identificere kritiske situationer i realtid,<\/strong> <strong>hj\u00e6lper med at beskytte<\/strong> <strong>arbejdernes sundhed: FOREBYGGELSE <\/strong> <\/p>\n<\/div><figure class=\"wp-block-media-text__media\"><img decoding=\"async\" src=\"https:\/\/lh7-rt.googleusercontent.com\/docsz\/AD_4nXeMFP13jbj-PgQg3zsXKleNzM21nevJo4ZMdadvv0-GNt5HN84xZQB6mAnWebn-wFPR-rT_1JpVNez2htbLY9d4Ve75JkuKUHIqs0fLQs9OeMiTljWOFxzfyO-fptezwx-JAYi4g5NCkfxQYE6Rrw?key=QO8r7RmlolM9MhCfcv5-73XE\" alt=\"Click Fast - brystb\u00e6lte\"\/><\/figure><\/div>\n\n<h3 class=\"wp-block-heading\">Enkel, p\u00e5lidelig og robust<\/h3>\n\n<p>\u00d8jeblikkelig detektion: en meget effektiv og pr\u00e6cis m\u00e5ling.<\/p>\n\n<p>Hurtig vurdering af st\u00f8vbelastning med farvet display og akustisk advarsel.<\/p>\n\n<p>Et trafiklyssystem, der giver dig en hurtig og klar indikation, n\u00e5r gr\u00e6nsev\u00e6rdierne overskrides, s\u00e5 du kan handle med det samme.<\/p>\n\n<h3 class=\"wp-block-heading\">Anvendelsesomr\u00e5der<\/h3>\n\n<ul class=\"wp-block-list\">\n<li>Tr\u00e6industrien: s\u00e6rlig algoritme til m\u00e5ling af st\u00f8v fra h\u00e5rdt og bl\u00f8dt tr\u00e6<\/li>\n\n\n\n<li>Svejsning: Overv\u00e5gning af svejser\u00f8g og metalst\u00f8v.<\/li>\n\n\n\n<li>M\u00e5ling egnet til stoffer som silica og pulver<\/li>\n\n\n\n<li>F\u00f8devareindustrien<\/li>\n\n\n\n<li>Kan konfigureres til specifikke anvendelser<\/li>\n<\/ul>\n\n<h3 class=\"wp-block-heading\">Teknologi og innovation<\/h3>\n\n<ul class=\"wp-block-list\">\n<li>Fotometrisk laser-sensor<\/li>\n\n\n\n<li>Hurtig og pr\u00e6cis partikeldetektion<\/li>\n\n\n\n<li>Beskyttelse af sensorer<\/li>\n\n\n\n<li>Filtreret luftstr\u00f8m og automatisk reng\u00f8ringssystem giver l\u00e6ngere levetid.<\/li>\n<\/ul>\n\n<h3 class=\"wp-block-heading\">Testet og godkendt<\/h3>\n\n<p>Valideret af Institut for Forskning i Farlige Stoffer (IGF)  <\/p>\n\n<p><\/p>\n\n<figure class=\"wp-block-image aligncenter is-resized\"><img decoding=\"async\" src=\"https:\/\/lh7-rt.googleusercontent.com\/docsz\/AD_4nXdpqfRaq3oGk9dAXgZ7x3rjs5SzASfAHYKydUkBgvmnTjZ5JgpSdlKbZKnVxPfWPOjTUifc5SLMAcyDv4ciV6yYT5AQcLkpX61KeDgoaoVP7TC-bwCWL_w0JA6woMYYZDAlgg7ewWyzWQmlIVx4LA?key=QO8r7RmlolM9MhCfcv5-73XE\" alt=\"Dustlight m&#xE5;ler respirabelt st&#xF8;v til overv&#xE5;gning af luftkvaliteten p&#xE5; arbejdspladsen, robust og b&#xE6;rbar til industriel brug. Gr&#xF8;n LED indikerer st&#xF8;veksponering under gr&#xE6;nsev&#xE6;rdien.\" style=\"width:458px;height:auto\"\/><\/figure>\n\n<h2 class=\"wp-block-heading\">Vigtige funktioner<\/h2>\n\n<h3 class=\"wp-block-heading\">Pr\u00e6cise m\u00e5linger<\/h3>\n\n<p>Overv\u00e5gning af PM10-, PM2,5- og PM1-st\u00f8v med en opl\u00f8sning p\u00e5 1 \u00b5g\/m\u00b3.<\/p>\n\n<h3 class=\"wp-block-heading\">Visuelt advarselssystem  <\/h3>\n\n<ul class=\"wp-block-list\">\n<li>LED-display og lyssignal (gr\u00f8n, gul, r\u00f8d) baseret p\u00e5 gr\u00e6nsev\u00e6rdier<\/li>\n\n\n\n<li>TRGS 900 (svarer til VLEP i Tyskland)<\/li>\n\n\n\n<li>Visning af aktuel belastning med respirabelt st\u00f8v<\/li>\n\n\n\n<li>Batterilevetid op til 40 timer (eco mode) + opladningsstatus<\/li>\n<\/ul>\n\n<h3 class=\"wp-block-heading\">Robusthed<\/h3>\n\n<ul class=\"wp-block-list\">\n<li>Avanceret st\u00f8vbeskyttelsesudstyr  <\/li>\n\n\n\n<li>for maksimal levetid (forfiltre, filtreret luft, selvrensende)<\/li>\n\n\n\n<li>Patenteret beskyttelsessystem til permanent rene sensorer<\/li>\n\n\n\n<li>St\u00f8vt\u00e6t opladningsstik<\/li>\n<\/ul>\n\n<h3 class=\"wp-block-heading\">Modul\u00e6r montering<\/h3>\n\n<ul class=\"wp-block-list\">\n<li>Patenteret Klick-Fast-tilpasningssystem (clips, velcrob\u00e5nd, plaster)<\/li>\n<\/ul>\n\n<h3 class=\"wp-block-heading\">Tekniske data<\/h3>\n\n<ul class=\"wp-block-list\">\n<li>M\u00e5l: 69 x 69 x 32,5 mm (uden klips)<\/li>\n\n\n\n<li>V\u00e6gt: 149 g<\/li>\n\n\n\n<li>Batteri: Litium-ion, a<\/li>\n\n\n\n<li>Beskyttelsesgrad: IP4X<\/li>\n\n\n\n<li>Driftstemperatur : -10 til +50 \u00b0C<\/li>\n\n\n\n<li>M\u00e5leomr\u00e5de: 0 &#8211; 10.000 \u00b5g\/m\u00b3.<\/li>\n\n\n\n<li>Tilknyttede tjenester<\/li>\n\n\n\n<li>Specifikke konfigurationer: Tilpasning til specifikke milj\u00f8er  <\/li>\n\n\n\n<li>(f.eks. tr\u00e6, svejsning).<\/li>\n\n\n\n<li>Vedligeholdelse: \u00c5rlig service, herunder reng\u00f8ring, rekalibrering og softwareopdateringer.<\/li>\n<\/ul>\n\n<h2 class=\"wp-block-heading\">Dustlight er nu tilg\u00e6ngelig via den nye webapplikation og smartphone-app.  <\/h2>\n\n<ul class=\"wp-block-list\">\n<li>Topmoderne m\u00e5leteknologi, der registrerer st\u00f8vniveauer p\u00e5 sekundet.  <\/li>\n\n\n\n<li>Integreret advarselssystem hj\u00e6lper med at overholde luftkvalitetsstandarderne<\/li>\n\n\n\n<li>Individuel justering af gr\u00e6nsev\u00e6rdier i applikationen og webapplikationen<\/li>\n\n\n\n<li>Lyd- og farveadvarsler, s\u00e5 snart de gr\u00e6nsev\u00e6rdier, du selv har indstillet, overskrides, s\u00e5 der kan tr\u00e6ffes beslutninger p\u00e5 et tidligt tidspunkt.<\/li>\n\n\n\n<li>Avanceret rapportering og dataanalyse &#8211; download risikovurderingsrapporter direkte &#8211; vigtig st\u00f8tte til ESG-rapportering.\n<ul class=\"wp-block-list\">\n<li>CSV- eller PDF-format<\/li>\n<\/ul>\n<\/li>\n<\/ul>\n\n<figure class=\"wp-block-image aligncenter is-resized\"><img decoding=\"async\" src=\"https:\/\/lh7-rt.googleusercontent.com\/docsz\/AD_4nXfpUeAu-RQ97rEMo0ogKOvI3id8fXZbwSMJwAgs-GtmaJ_Q5nyjpb40R12sTCs5kSWbL5tB4dLEl37jMKzpdX0-E-_fW3yQnN7Lb1c_7lYFSPlGmw0UjR5Ubi1ZHw8JTmPjIJIIkzYCGP9bS9qSE6Y?key=QO8r7RmlolM9MhCfcv5-73XE\" alt=\"Et billede, der indeholder tekst, multimedier, elektroniske enheder, software&#10;&#10;Beskrivelse genereret automatisk\" style=\"width:800px;height:auto\"\/><\/figure>\n\n<p class=\"has-text-align-center\"><strong>Bestil din Dustlight i dag  <\/strong><\/p>\n\n<p class=\"has-text-align-center\"><strong>og garanterer et mere sikkert arbejdsmilj\u00f8!<\/strong><\/p>\n\n<div class=\"wp-block-buttons is-content-justification-center is-layout-flex wp-container-core-buttons-is-layout-a89b3969 wp-block-buttons-is-layout-flex\">\n<div class=\"wp-block-button\"><a class=\"wp-block-button__link has-text-align-center wp-element-button\" href=\"https:\/\/obera.fr\/formulaire-dustlight\/\">GRATIS 20-DAGES TEST<\/a><\/div>\n<\/div>\n","protected":false},"excerpt":{"rendered":"<p>OberA er stolte af at kunne pr\u00e6sentere Dustlight, en innovativ h\u00e5ndholdt analysator, der er designet til pr\u00e6cist at registrere og analysere fint st\u00f8v. Denne kompakte, p\u00e5lidelige og brugervenlige enhed er det ideelle v\u00e6rkt\u00f8j til fagfolk og industrifolk, der \u00f8nsker at overv\u00e5ge luftkvaliteten og identificere sv\u00e6vepartikler. Beskyt dig selv mod den usynlige fare ved respirabelt st\u00f8v p\u00e5 arbejdspladsen Brug Dustlight-m\u00e5leapparatet til at m\u00e5le st\u00f8vkoncentrationen n\u00f8jagtigt. i industrielle milj\u00f8er og beskytter dit og dine medarbejderes helbred. Ind\u00e5ndingsbart fint st\u00f8v kan for\u00e5rsage alvorlige helbredsproblemer som luftvejssygdomme, hjerte-kar-problemer og kr\u00e6ft. Med Dustlight kan du effektivt minimere disse risici ved at m\u00e5le st\u00f8veksponeringen og tr\u00e6ffe &#8230; <\/p>\n<p class=\"read-more-container\"><a title=\"Tag kontrol over dit arbejdsmilj\u00f8 med Dustlight\" class=\"read-more button\" href=\"https:\/\/obera.fr\/da\/produits\/depoussiereurs-industriels\/stoevlys\/#more-67312\" aria-label=\"Read more about Tag kontrol over dit arbejdsmilj\u00f8 med Dustlight\">Lire la suite<\/a><\/p>\n","protected":false},"author":4,"featured_media":103614,"parent":52049,"menu_order":0,"comment_status":"closed","ping_status":"closed","template":"","meta":{"_acf_changed":false,"_seopress_robots_primary_cat":"","_seopress_titles_title":"Tag kontrol over dit arbejdsmilj\u00f8 med Dustlight","_seopress_titles_desc":"Oplev OberA's Dustlight, en pr\u00e6cis og kompakt h\u00e5ndholdt analysator til detektering af fint st\u00f8v. Ideel til overv\u00e5gning af luftkvalitet.","_seopress_robots_index":"","footnotes":""},"class_list":{"0":"post-67312","1":"page","2":"type-page","3":"status-publish","4":"has-post-thumbnail","6":"no-featured-image-padding","7":"resize-featured-image"},"acf":[],"_links":{"self":[{"href":"https:\/\/obera.fr\/da\/wp-json\/wp\/v2\/pages\/67312","targetHints":{"allow":["GET"]}}],"collection":[{"href":"https:\/\/obera.fr\/da\/wp-json\/wp\/v2\/pages"}],"about":[{"href":"https:\/\/obera.fr\/da\/wp-json\/wp\/v2\/types\/page"}],"author":[{"embeddable":true,"href":"https:\/\/obera.fr\/da\/wp-json\/wp\/v2\/users\/4"}],"replies":[{"embeddable":true,"href":"https:\/\/obera.fr\/da\/wp-json\/wp\/v2\/comments?post=67312"}],"version-history":[{"count":2,"href":"https:\/\/obera.fr\/da\/wp-json\/wp\/v2\/pages\/67312\/revisions"}],"predecessor-version":[{"id":121609,"href":"https:\/\/obera.fr\/da\/wp-json\/wp\/v2\/pages\/67312\/revisions\/121609"}],"up":[{"embeddable":true,"href":"https:\/\/obera.fr\/da\/wp-json\/wp\/v2\/pages\/52049"}],"wp:featuredmedia":[{"embeddable":true,"href":"https:\/\/obera.fr\/da\/wp-json\/wp\/v2\/media\/103614"}],"wp:attachment":[{"href":"https:\/\/obera.fr\/da\/wp-json\/wp\/v2\/media?parent=67312"}],"curies":[{"name":"wp","href":"https:\/\/api.w.org\/{rel}","templated":true}]}}