{"id":115369,"date":"2025-06-26T12:05:10","date_gmt":"2025-06-26T10:05:10","guid":{"rendered":"https:\/\/obera.fr\/clearbox\/"},"modified":"2025-06-26T12:09:55","modified_gmt":"2025-06-26T10:09:55","slug":"clearbox","status":"publish","type":"page","link":"https:\/\/obera.fr\/de\/clearbox\/","title":{"rendered":"Clearbox"},"content":{"rendered":"\n<div class=\"wp-block-columns is-layout-flex wp-container-core-columns-is-layout-28f84493 wp-block-columns-is-layout-flex\">\n<div class=\"wp-block-column is-layout-flow wp-block-column-is-layout-flow\" style=\"flex-basis:33.33%\">\n<figure class=\"wp-block-image aligncenter size-medium\"><img decoding=\"async\" width=\"300\" height=\"267\" src=\"https:\/\/obera.fr\/wp-content\/uploads\/2025\/06\/clearbox-300x267.png\" alt=\"clearbox\" class=\"wp-image-109012\" srcset=\"https:\/\/obera.fr\/wp-content\/uploads\/2025\/06\/clearbox-300x267.png 300w, https:\/\/obera.fr\/wp-content\/uploads\/2025\/06\/clearbox.png 534w\" sizes=\"(max-width: 300px) 100vw, 300px\" \/><figcaption class=\"wp-element-caption\">Clearbox<\/figcaption><\/figure>\n<\/div>\n\n\n\n<div class=\"wp-block-column is-layout-flow wp-block-column-is-layout-flow\" style=\"flex-basis:66.66%\">\n<p class=\"has-drop-cap\"><\/p>\n\n\n\n<hr class=\"wp-block-separator has-text-color has-black-color has-css-opacity has-black-background-color has-background is-style-dots\"\/>\n\n\n\n<div class=\"wp-block-columns is-layout-flex wp-container-core-columns-is-layout-28f84493 wp-block-columns-is-layout-flex\">\n<div class=\"wp-block-column is-layout-flow wp-block-column-is-layout-flow\" style=\"flex-basis:33.33%\">\n<div class=\"wp-block-buttons is-layout-flex wp-block-buttons-is-layout-flex\">\n<div class=\"wp-block-button\"><a class=\"wp-block-button__link wp-element-button\" href=\"https:\/\/obera.fr\/wp-content\/uploads\/2025\/06\/fr-caisson-mobile-daspiration-clearbox-1.pdf\">BROSCH\u00dcRE HERUNTERLADEN<\/a><\/div>\n<\/div>\n<\/div>\n\n\n\n<div class=\"wp-block-column is-layout-flow wp-block-column-is-layout-flow\" style=\"flex-basis:33.34%\">\n<div class=\"wp-block-buttons is-horizontal is-content-justification-center is-layout-flex wp-container-core-buttons-is-layout-03627597 wp-block-buttons-is-layout-flex\">\n<div class=\"wp-block-button\"><a class=\"wp-block-button__link wp-element-button\" href=\"https:\/\/obera.fr\/de\/contact\/\">Weitere Informationen<\/a><\/div>\n<\/div>\n<\/div>\n\n\n\n<div class=\"wp-block-column is-layout-flow wp-block-column-is-layout-flow\" style=\"flex-basis:33.34%\">\n<div class=\"wp-block-buttons is-content-justification-center is-layout-flex wp-container-core-buttons-is-layout-a89b3969 wp-block-buttons-is-layout-flex\">\n<div class=\"wp-block-button btn-devis-source\"><a class=\"wp-block-button__link wp-element-button\" href=\"https:\/\/obera.fr\/de\/angebotsanfrage\/\">Angebotsanfrage<\/a><\/div>\n<\/div>\n\n\n<script>\r\ndocument.addEventListener('DOMContentLoaded', function() {\r\n    \/\/ 1. On cherche le titre H1 de la page\r\n    var h1 = document.querySelector('h1');\r\n    var productTitle = h1 ? h1.innerText.trim() : \"\";\r\n\r\n    \/\/ 2. On cherche les boutons via la classe CSS .btn-devis-source\r\n    var buttons = document.querySelectorAll('.btn-devis-source a');\r\n\r\n    \/\/ 3. Si on a le titre et les boutons, on ajoute le param\u00e8tre\r\n    if (buttons.length > 0 && productTitle !== \"\") {\r\n        var encodedTitle = encodeURIComponent(productTitle);\r\n\r\n        buttons.forEach(function(btn) {\r\n            var currentHref = btn.getAttribute('href');\r\n            \r\n            \/\/ S\u00e9curit\u00e9 pour ne pas ajouter le param\u00e8tre 2 fois\r\n            if (currentHref.indexOf('sujet=') === -1) {\r\n                var separator = currentHref.indexOf('?') !== -1 ? '&' : '?';\r\n                var newLink = currentHref + separator + 'sujet=' + encodedTitle;\r\n                \r\n                btn.setAttribute('href', newLink);\r\n            }\r\n        });\r\n    }\r\n});\r\n<\/script><\/div>\n<\/div>\n\n\n\n<p><\/p>\n<\/div>\n<\/div>\n\n<p>Die Clearbox ist eine in Frankreich hergestellte <strong>mobile Absaugbox<\/strong> mit 5 Jahren Garantie und einem Hochleistungsfluss. Sie wurde speziell f\u00fcr die Behandlung von fl\u00fcchtigen organischen Verbindungen (VOCs), Gasen, Ger\u00fcchen, L\u00f6sungsmitteln, Staub und Rauch entwickelt.   <\/p>\n\n<p><\/p>\n\n<p>Das Geh\u00e4use bietet verschiedene Filterstufen, von 2 bis 3 Stufen, und kann nach Ihren spezifischen Anforderungen konfiguriert werden, um eine optimale Effizienz bei der<strong>Beseitigung von Schadstoffen<\/strong> zu gew\u00e4hrleisten. Sie ist mit einem G4-Vorfilter, F9- bis H14-S\u00e4ttigungsfiltern f\u00fcr Staub und Rauch sowie Aktivkohle f\u00fcr die <strong>Behandlung von Gasen und fl\u00fcchtigen organischen Verbindungen (VOC<\/strong>) ausgestattet.   <\/p>\n\n<p><\/p>\n\n<p>Dar\u00fcber hinaus ist er in drei Versionen erh\u00e4ltlich: mit einem Absaugarm, mit einem verrohrten Eingang oder als <strong>Saugtisch<\/strong>. Eine ATEX-Staubversion ist ebenfalls erh\u00e4ltlich. <\/p>\n\n<div class=\"wp-block-columns is-layout-flex wp-container-core-columns-is-layout-28f84493 wp-block-columns-is-layout-flex\">\n<div class=\"wp-block-column is-layout-flow wp-block-column-is-layout-flow\">\n<h2 class=\"wp-block-heading has-text-align-center\"><strong>Vorteile<\/strong><\/h2>\n\n\n\n<ul class=\"wp-block-list\">\n<li>Sehr hoher Ventilator<\/li>\n\n\n\n<li>Ertrag<\/li>\n\n\n\n<li>Schalld\u00e4mpfer<\/li>\n\n\n\n<li>Mobil, leicht und<br\/>wendig<\/li>\n\n\n\n<li>Geringer Platzbedarf auf<br\/>Boden<\/li>\n\n\n\n<li>Einfache Wartung<br\/>der Filter<\/li>\n\n\n\n<li>Regulierbarer Durchfluss von 0 bis<br\/>100%.<\/li>\n\n\n\n<li>Stromversorgung mit<br\/>Standard 230V Steckdose<\/li>\n<\/ul>\n<\/div>\n\n\n\n<div class=\"wp-block-column is-layout-flow wp-block-column-is-layout-flow\">\n<h2 class=\"wp-block-heading has-text-align-center\"><strong>Besonderheiten<\/strong><\/h2>\n\n\n\n<ul class=\"wp-block-list\">\n<li>Ersetzen der<\/li>\n\n\n\n<li>sehr filtrierende Medien<\/li>\n\n\n\n<li>einfach<\/li>\n\n\n\n<li>Skalierbares Ger\u00e4t und<br\/>konfigurierbar<\/li>\n\n\n\n<li>Hohe Adsorptionskapazit\u00e4t<br\/><\/li>\n\n\n\n<li>Stundenz\u00e4hler<\/li>\n\n\n\n<li>Messung<br\/>der Verschmutzung von<br\/>Filtern<\/li>\n\n\n\n<li>Einstellung des Durchflusses von<br\/>0 bis 100%.<\/li>\n\n\n\n<li>Plug &amp; Play-System<\/li>\n\n\n\n<li>ATEX-Option<br\/>Staub<\/li>\n<\/ul>\n<\/div>\n\n\n\n<div class=\"wp-block-column is-layout-flow wp-block-column-is-layout-flow\">\n<h2 class=\"wp-block-heading has-text-align-center\"><strong>Eigenschaften<\/strong><\/h2>\n\n\n\n<ul class=\"wp-block-list\">\n<li>Maximale Durchflussmenge. :<\/li>\n\n\n\n<li>2000m3\/h<\/li>\n\n\n\n<li>Installierte Leistung:<br\/>750W<\/li>\n\n\n\n<li>Stromversorgung: 230V<\/li>\n\n\n\n<li>Abmessungen: 710 x<br\/>710 x 2050<\/li>\n\n\n\n<li>Gewicht: 70 kg<\/li>\n\n\n\n<li>Ger\u00e4uschpegel:<br\/>72Db<\/li>\n<\/ul>\n<\/div>\n<\/div>\n\n<h2 class=\"wp-block-heading\">F\u00fcr welche Zwecke?<\/h2>\n\n<p>Die <strong>Clearbox ist ein handliches <\/strong>und kompaktes <strong>Ger\u00e4t <\/strong>, das gasf\u00f6rmige Schadstoffe, Ger\u00fcche, Staub und Rauch effizient erfasst und behandelt. Das Ger\u00e4t ist mit Rollen ausgestattet, so dass es <strong>sich leicht in den Arbeitsbereich integrieren<\/strong> l\u00e4sst und sowohl station\u00e4re als auch mobile Arbeitspl\u00e4tze behandelt werden k\u00f6nnen. <\/p>\n\n<p><br\/>Die Clearbox ist mit einem <strong>G4-Vorfilter, den S\u00e4ttigungsfiltern F9 bis H14 <\/strong>und bei Bedarf mit Aktivkohle ausgestattet. Er kann auch als ATEX-Staubfilter geliefert werden. Die Filter m\u00fcssen regelm\u00e4\u00dfig gewartet werden, damit das Ger\u00e4t einwandfrei funktioniert.  <\/p>\n\n<div class=\"wp-block-columns is-layout-flex wp-container-core-columns-is-layout-28f84493 wp-block-columns-is-layout-flex\">\n<div class=\"wp-block-column is-layout-flow wp-block-column-is-layout-flow\">\n<h3 class=\"wp-block-heading has-text-align-center\">Schadstoffe<\/h3>\n\n\n\n<hr class=\"wp-block-separator has-css-opacity is-style-wide\"\/>\n\n\n\n<div class=\"wp-block-columns is-layout-flex wp-container-core-columns-is-layout-28f84493 wp-block-columns-is-layout-flex\">\n<div class=\"wp-block-column is-layout-flow wp-block-column-is-layout-flow\">\n<figure class=\"wp-block-image aligncenter size-large\"><img decoding=\"async\" width=\"70\" height=\"70\" src=\"https:\/\/obera.fr\/wp-content\/uploads\/2020\/08\/industrie-fumees.jpg\" alt=\"Industrie Rauch\" class=\"wp-image-722\"\/><figcaption class=\"wp-element-caption\">Rauch<\/figcaption><\/figure>\n<\/div>\n\n\n\n<div class=\"wp-block-column is-layout-flow wp-block-column-is-layout-flow\">\n<figure class=\"wp-block-image aligncenter size-large\"><img decoding=\"async\" width=\"70\" height=\"70\" src=\"https:\/\/obera.fr\/wp-content\/uploads\/2020\/08\/polluants-poussieres.jpg\" alt=\"Schadstoffe Staub\" class=\"wp-image-675\"\/><figcaption class=\"wp-element-caption\">Staub<\/figcaption><\/figure>\n<\/div>\n<\/div>\n\n\n\n<div class=\"wp-block-columns is-layout-flex wp-container-core-columns-is-layout-28f84493 wp-block-columns-is-layout-flex\">\n<div class=\"wp-block-column is-layout-flow wp-block-column-is-layout-flow\">\n<figure class=\"wp-block-image aligncenter size-large\"><img decoding=\"async\" width=\"70\" height=\"70\" src=\"https:\/\/obera.fr\/wp-content\/uploads\/2020\/08\/industrie-odeur.jpg\" alt=\"Industrie Geruch\" class=\"wp-image-723\"\/><figcaption class=\"wp-element-caption\">Ger\u00fcche<\/figcaption><\/figure>\n<\/div>\n\n\n\n<div class=\"wp-block-column is-layout-flow wp-block-column-is-layout-flow\">\n<figure class=\"wp-block-image aligncenter size-large is-resized\"><img decoding=\"async\" width=\"70\" height=\"70\" src=\"https:\/\/obera.fr\/wp-content\/uploads\/2020\/10\/industrie-aerosols.jpg\" alt=\"Industrie Aerosole\" class=\"wp-image-1201\" style=\"width:70px;height:auto\"\/><figcaption class=\"wp-element-caption\">VOC<\/figcaption><\/figure>\n<\/div>\n<\/div>\n<\/div>\n\n\n\n<div class=\"wp-block-column is-layout-flow wp-block-column-is-layout-flow\">\n<h3 class=\"wp-block-heading has-text-align-center\">Branchen<\/h3>\n\n\n\n<hr class=\"wp-block-separator has-css-opacity is-style-wide\"\/>\n\n\n\n<div class=\"wp-block-columns is-layout-flex wp-container-core-columns-is-layout-28f84493 wp-block-columns-is-layout-flex\">\n<div class=\"wp-block-column is-layout-flow wp-block-column-is-layout-flow\" style=\"flex-basis:100%\">\n<div style=\"height:47px\" aria-hidden=\"true\" class=\"wp-block-spacer\"><\/div>\n\n\n\n<p class=\"has-text-align-center\">Geeignet f\u00fcr alle Arten von Industrien<\/p>\n<\/div>\n\n\n\n<div class=\"wp-block-column is-layout-flow wp-block-column-is-layout-flow\"><\/div>\n<\/div>\n<\/div>\n<\/div>\n\n<div class=\"wp-block-buttons is-horizontal is-content-justification-center is-layout-flex wp-container-core-buttons-is-layout-03627597 wp-block-buttons-is-layout-flex\">\n<div class=\"wp-block-button\"><a class=\"wp-block-button__link wp-element-button\" href=\"https:\/\/obera.fr\/de\/contact\/\">Weitere Informationen<\/a><\/div>\n<\/div>\n\n<h2 class=\"wp-block-heading\">Was sind die Merkmale der Clearbox?<\/h2>\n\n<p>Die Clearbox ist eine in Frankreich hergestellte <strong>mobile Staubsaugerbox<\/strong> mit 5 Jahren Garantie und einem Hochleistungsdurchsatz von 2000 m\u00b3\/h. Sie ist mit 3 Hochleistungsfiltern ausgestattet, die nach Ihren Bed\u00fcrfnissen konfiguriert werden k\u00f6nnen. Er ist in 2 Filterstufen <strong>mit einem G4-Vorfilter <\/strong>und einem S\u00e4ttigungsfilter F9 bis H14 oder in 3 Stufen mit Aktivkohle erh\u00e4ltlich.    <\/p>\n\n<p><\/p>\n\n<p>Dar\u00fcber hinaus ist er in drei Versionen erh\u00e4ltlich: mit einem Absaugarm, mit einem verrohrten Einlass oder als <strong>Saugtisch<\/strong> und kann auch als ATEX-Staubversion angepasst werden. Dank seiner hohen Adsorptionskapazit\u00e4t kann er ein Maximum an Schadstoffen entfernen.   <\/p>\n\n<p><\/p>\n\n<p>Um den einwandfreien Betrieb des Ger\u00e4tes zu gew\u00e4hrleisten, ist es wichtig, dass die Filter regelm\u00e4\u00dfig ausgetauscht werden. Ein integriertes <strong>System zur Messung der Filterverschmutzung<\/strong> zeigt den richtigen Zeitpunkt f\u00fcr den <strong>Filterwechsel<\/strong> an und der Austausch der Filtermedien ist einfach. <\/p>\n\n<p><\/p>\n\n<p>Dieses Ger\u00e4t ist ein Plug-and-Play-Ger\u00e4t, was die Installation vereinfacht. Es hat Rollen und ein <strong>besonders kompaktes Design<\/strong>, so dass es leicht zu handhaben ist und in jede Arbeitsumgebung passt. <\/p>\n\n<p><\/p>\n\n<figure class=\"wp-block-table\"><table class=\"has-fixed-layout\"><tbody><tr><td><strong>Ger\u00e4t  <\/strong><\/td><td><\/td><td><strong>Mit Arm  <\/strong><\/td><td><strong>Verrohrter Eingang  <\/strong><\/td><td><strong>Tisch<\/strong><\/td><\/tr><tr><td>Maximale Durchflussmenge  <\/td><td>m3\/h  <\/td><td>2000  <\/td><td>2500  <\/td><td>5000<\/td><\/tr><tr><td>Regulierung des Durchflusses<\/td><td>%\u00a0<\/td><td>0-100  <\/td><td>0-100  <\/td><td>0-100<\/td><\/tr><tr><td>Installierte Leistung<\/td><td>W  <\/td><td>750  <\/td><td>750  <\/td><td>750<\/td><\/tr><tr><td>Lebensmittel  <\/td><td>V  <\/td><td>230  <\/td><td>230  <\/td><td>230<\/td><\/tr><tr><td>Gesamtabmessungen (LxBxH)<\/td><td>mm  <\/td><td>710x710x2050  <\/td><td>710x710x2050  <\/td><td>710x710x2050<\/td><\/tr><tr><td>Gewicht  <\/td><td>kg  <\/td><td>70  <\/td><td>75  <\/td><td>75<\/td><\/tr><tr><td>Ger\u00e4uschpegel  <\/td><td>dB  <\/td><td>72  <\/td><td>72  <\/td><td>72<\/td><\/tr><\/tbody><\/table><\/figure>\n","protected":false},"excerpt":{"rendered":"<p>Die Clearbox ist eine in Frankreich hergestellte mobile Absaugbox mit 5 Jahren Garantie und einem Hochleistungsfluss. Sie wurde speziell f\u00fcr die Behandlung von fl\u00fcchtigen organischen Verbindungen (VOCs), Gasen, Ger\u00fcchen, L\u00f6sungsmitteln, Staub und Rauch entwickelt. Das Geh\u00e4use bietet verschiedene Filterstufen, von 2 bis 3 Stufen, und kann nach Ihren spezifischen Anforderungen konfiguriert werden, um eine optimale Effizienz bei derBeseitigung von Schadstoffen zu gew\u00e4hrleisten. Sie ist mit einem G4-Vorfilter, F9- bis H14-S\u00e4ttigungsfiltern f\u00fcr Staub und Rauch sowie Aktivkohle f\u00fcr die Behandlung von Gasen und fl\u00fcchtigen organischen Verbindungen (VOC) ausgestattet. Dar\u00fcber hinaus ist er in drei Versionen erh\u00e4ltlich: mit einem Absaugarm, mit einem &#8230; <\/p>\n<p class=\"read-more-container\"><a title=\"Clearbox\" class=\"read-more button\" href=\"https:\/\/obera.fr\/de\/clearbox\/#more-115369\" aria-label=\"Mehr Informationen \u00fcber Clearbox\">Lire la suite<\/a><\/p>\n","protected":false},"author":4,"featured_media":0,"parent":0,"menu_order":0,"comment_status":"closed","ping_status":"closed","template":"","meta":{"_acf_changed":false,"_seopress_robots_primary_cat":"","_seopress_titles_title":"Clearbox: Mobile Hochleistungssaugbox","_seopress_titles_desc":"Entdecken Sie Clearbox, die mobile Hochleistungs-Absaugbox f\u00fcr VOCs, Gase, Rauch und Staub. Hergestellt in Frankreich, 5 Jahre Garantie, konfigurierbar und kompakt. ","_seopress_robots_index":"","footnotes":""},"class_list":{"0":"post-115369","1":"page","2":"type-page","3":"status-publish","5":"no-featured-image-padding"},"acf":[],"_links":{"self":[{"href":"https:\/\/obera.fr\/de\/wp-json\/wp\/v2\/pages\/115369","targetHints":{"allow":["GET"]}}],"collection":[{"href":"https:\/\/obera.fr\/de\/wp-json\/wp\/v2\/pages"}],"about":[{"href":"https:\/\/obera.fr\/de\/wp-json\/wp\/v2\/types\/page"}],"author":[{"embeddable":true,"href":"https:\/\/obera.fr\/de\/wp-json\/wp\/v2\/users\/4"}],"replies":[{"embeddable":true,"href":"https:\/\/obera.fr\/de\/wp-json\/wp\/v2\/comments?post=115369"}],"version-history":[{"count":1,"href":"https:\/\/obera.fr\/de\/wp-json\/wp\/v2\/pages\/115369\/revisions"}],"predecessor-version":[{"id":115370,"href":"https:\/\/obera.fr\/de\/wp-json\/wp\/v2\/pages\/115369\/revisions\/115370"}],"wp:attachment":[{"href":"https:\/\/obera.fr\/de\/wp-json\/wp\/v2\/media?parent=115369"}],"curies":[{"name":"wp","href":"https:\/\/api.w.org\/{rel}","templated":true}]}}