{"id":11978,"date":"2020-05-01T17:13:12","date_gmt":"2020-05-01T15:13:12","guid":{"rendered":"https:\/\/obera.fr\/obera-entfernt-dank-seines-fachwissens-im-bereich-der-luftaufbereitung-staub-und-schadstoffe-aus-ihren-arbeitsraeumen\/"},"modified":"2026-02-10T19:52:00","modified_gmt":"2026-02-10T17:52:00","slug":"obera-entfernt-dank-seines-fachwissens-im-bereich-der-luftaufbereitung-staub-und-schadstoffe-aus-ihren-arbeitsraeumen","status":"publish","type":"page","link":"https:\/\/obera.fr\/de\/obera-entfernt-dank-seines-fachwissens-im-bereich-der-luftaufbereitung-staub-und-schadstoffe-aus-ihren-arbeitsraeumen\/","title":{"rendered":"old-OberA entfernt Staub und Schadstoffe aus Ihren Arbeitsbereichen im industriellen Umfeld"},"content":{"rendered":"\n<h2 class=\"wp-block-heading has-text-align-center\" id=\"respirez-obera-surveille-et-traite-l-air-de-votre-entreprise\">Atmen Sie !<br\/>OberA \u00fcberwacht und behandelt die Luft in Ihrem Unternehmen<\/h2>\n\n<div class=\"wp-block-columns is-layout-flex wp-container-core-columns-is-layout-28f84493 wp-block-columns-is-layout-flex\">\n<div class=\"wp-block-column is-layout-flow wp-block-column-is-layout-flow\">\n<p>Die <strong>Luftqualit\u00e4t im Unternehmen<\/strong> ist ein Thema, das immer mehr an Bedeutung gewinnt.<\/p>\n\n\n\n<p>In Industriehallen (insbesondere Logistikplattformen und Lagerhallen) ist die Luft oft <strong>mit Staub und Schadstoffen belastet<\/strong>, die aus der Aktivit\u00e4t und der Au\u00dfenluftverschmutzung stammen.<\/p>\n\n\n\n<p>Die Raumluft in Unternehmen ist in der Regel 5 bis 10 Mal st\u00e4rker verschmutzt als die Au\u00dfenluft. Diese schlechte Luftqualit\u00e4t kann die Produktqualit\u00e4t beeintr\u00e4chtigen, zu Kundenreklamationen f\u00fchren, Krankheiten verursachen oder die Produktivit\u00e4t senken.<\/p>\n\n\n\n<p>OBERA stellt Ihnen seine <strong>Expertise im Bereich der Luftbehandlung<\/strong> zur Verf\u00fcgung und bietet an:<\/p>\n\n\n\n<ul class=\"wp-block-list\">\n<li>Ger\u00e4te zur <strong>kontinuierlichen Messung der Luftqualit\u00e4t in Unternehmen<\/strong><\/li>\n\n\n\n<li><a href=\"https:\/\/obera.fr\/de\/produits\/bras-dispositifs-captation\/\">Absaugarme und Erfassungsvorrichtungen an der Quelle<\/a><\/li>\n\n\n\n<li>Ger\u00e4te zur <a href=\"https:\/\/obera.fr\/de\/produits\/depoussiereurs-industriels\/\">Entstaubung und Filtration<\/a><\/li>\n\n\n\n<li><a href=\"https:\/\/obera.fr\/de\/produits\/purificateurs-air\/\"><strong>Industrielle Luftreiniger<\/strong><\/a> zur Behandlung der Raumluft sowie <a href=\"https:\/\/obera.fr\/de\/produits\/purificateurs-air\/covid-19-anti-virus-und-bakterien-luftreiniger\/\">professionelle Luftreiniger gegen Viren und Bakterien<\/a><\/li>\n\n\n\n<li>Industrielle Luftabsauger und Ventilatoren<\/li>\n\n\n\n<li>Ein komplettes Sortiment an <a href=\"https:\/\/obera.fr\/de\/produits\/traitement-cov\/\" data-type=\"URL\" data-id=\"https:\/\/obera.fr\/produits\/traitement-cov\/\">VOC- und Geruchsbehandlungen<\/a><\/li>\n\n\n\n<li><a href=\"https:\/\/obera.fr\/de\/produits\/rafraichisseurs-air\/\"><strong>Luftk\u00fchler<\/strong><\/a> und <a href=\"https:\/\/obera.fr\/de\/produits\/analyseurs-air\/\">Luftanalyseger\u00e4te<\/a><\/li>\n\n\n\n<li><a href=\"https:\/\/obera.fr\/de\/produits\/filtres-brouillard-huile\/\">\u00d6lnebelabscheider<\/a><\/li>\n\n\n\n<li><a href=\"https:\/\/obera.fr\/de\/produits\/aspirateurs-industriels\/\">Industriesauger<\/a><\/li>\n<\/ul>\n<\/div>\n\n\n\n<div class=\"wp-block-column is-layout-flow wp-block-column-is-layout-flow\">\n<figure class=\"wp-block-gallery has-nested-images columns-4 wp-block-gallery-1 is-layout-flex wp-block-gallery-is-layout-flex\">\n<figure class=\"wp-block-image size-large\"><img decoding=\"async\" width=\"150\" height=\"150\" data-id=\"8843\" src=\"https:\/\/obera.fr\/wp-content\/uploads\/2022\/02\/Menage.png\" alt=\"Haushalte\" class=\"wp-image-8843\"\/><figcaption class=\"wp-element-caption\">Haushalte<\/figcaption><\/figure>\n\n\n\n<figure class=\"wp-block-image size-large\"><img decoding=\"async\" width=\"150\" height=\"150\" data-id=\"8844\" src=\"https:\/\/obera.fr\/wp-content\/uploads\/2022\/02\/AGROALIMENTAIRE.png\" alt=\"Lebensmittelindustrie\" class=\"wp-image-8844\"\/><figcaption class=\"wp-element-caption\">Lebensmittelindustrie<\/figcaption><\/figure>\n\n\n\n<figure class=\"wp-block-image size-large\"><img decoding=\"async\" width=\"150\" height=\"150\" data-id=\"8845\" src=\"https:\/\/obera.fr\/wp-content\/uploads\/2022\/02\/COLLECTE-DECHETS.png\" alt=\"abfallsammlung\" class=\"wp-image-8845\"\/><figcaption class=\"wp-element-caption\">Abfall<\/figcaption><\/figure>\n\n\n\n<figure class=\"wp-block-image size-large\"><img decoding=\"async\" width=\"150\" height=\"150\" data-id=\"8846\" src=\"https:\/\/obera.fr\/wp-content\/uploads\/2022\/02\/Chimie.png\" alt=\"Chemie\" class=\"wp-image-8846\"\/><figcaption class=\"wp-element-caption\">Chemie<\/figcaption><\/figure>\n\n\n\n<figure class=\"wp-block-image size-large\"><img decoding=\"async\" width=\"150\" height=\"150\" data-id=\"8847\" src=\"https:\/\/obera.fr\/wp-content\/uploads\/2022\/02\/MINERAIS.png\" alt=\"Erze\" class=\"wp-image-8847\"\/><figcaption class=\"wp-element-caption\">Erze<\/figcaption><\/figure>\n\n\n\n<figure class=\"wp-block-image size-large\"><img decoding=\"async\" width=\"150\" height=\"150\" data-id=\"8848\" src=\"https:\/\/obera.fr\/wp-content\/uploads\/2022\/02\/ODEURS.png\" alt=\"Ger&#xFC;che\" class=\"wp-image-8848\"\/><figcaption class=\"wp-element-caption\">Ger\u00fcche<\/figcaption><\/figure>\n\n\n\n<figure class=\"wp-block-image size-large\"><img decoding=\"async\" width=\"150\" height=\"150\" data-id=\"8849\" src=\"https:\/\/obera.fr\/wp-content\/uploads\/2022\/02\/Fumee.png\" alt=\"Rauch\" class=\"wp-image-8849\"\/><figcaption class=\"wp-element-caption\">Rauch<\/figcaption><\/figure>\n\n\n\n<figure class=\"wp-block-image size-large\"><img decoding=\"async\" width=\"150\" height=\"150\" data-id=\"8850\" src=\"https:\/\/obera.fr\/wp-content\/uploads\/2022\/02\/HUILE.png\" alt=\"&#xD6;l\" class=\"wp-image-8850\"\/><figcaption class=\"wp-element-caption\">\u00d6l<\/figcaption><\/figure>\n\n\n\n<figure class=\"wp-block-image size-large\"><img decoding=\"async\" width=\"150\" height=\"150\" data-id=\"8851\" src=\"https:\/\/obera.fr\/wp-content\/uploads\/2022\/02\/POUSSIERE.png\" alt=\"Staub\" class=\"wp-image-8851\"\/><figcaption class=\"wp-element-caption\">Staub<\/figcaption><\/figure>\n\n\n\n<figure class=\"wp-block-image size-large\"><img decoding=\"async\" width=\"150\" height=\"150\" data-id=\"8852\" src=\"https:\/\/obera.fr\/wp-content\/uploads\/2022\/02\/COPEAUX.png\" alt=\"Sp&#xE4;ne\" class=\"wp-image-8852\"\/><figcaption class=\"wp-element-caption\">Sp\u00e4ne<\/figcaption><\/figure>\n\n\n\n<figure class=\"wp-block-image size-large\"><img decoding=\"async\" width=\"150\" height=\"150\" data-id=\"8853\" src=\"https:\/\/obera.fr\/wp-content\/uploads\/2022\/02\/Papier-carton.png\" alt=\"Papier Karton\" class=\"wp-image-8853\"\/><figcaption class=\"wp-element-caption\">Papier\/Karton<\/figcaption><\/figure>\n\n\n\n<figure class=\"wp-block-image size-large\"><img decoding=\"async\" width=\"150\" height=\"150\" data-id=\"8854\" src=\"https:\/\/obera.fr\/wp-content\/uploads\/2022\/02\/Plastique.png\" alt=\"Kunststoff\" class=\"wp-image-8854\"\/><figcaption class=\"wp-element-caption\">Kunststoff<\/figcaption><\/figure>\n\n\n\n<figure class=\"wp-block-image size-large\"><img decoding=\"async\" width=\"150\" height=\"150\" data-id=\"8855\" src=\"https:\/\/obera.fr\/wp-content\/uploads\/2022\/02\/Textile.png\" alt=\"Textilien\" class=\"wp-image-8855\"\/><figcaption class=\"wp-element-caption\">Textilien<\/figcaption><\/figure>\n\n\n\n<figure class=\"wp-block-image size-large\"><img decoding=\"async\" width=\"150\" height=\"150\" data-id=\"8856\" src=\"https:\/\/obera.fr\/wp-content\/uploads\/2022\/02\/Travail-du-bois.png\" alt=\"Holzbearbeitung\" class=\"wp-image-8856\"\/><figcaption class=\"wp-element-caption\">Holzbearbeitung<\/figcaption><\/figure>\n\n\n\n<figure class=\"wp-block-image size-large\"><img decoding=\"async\" width=\"150\" height=\"150\" data-id=\"8857\" src=\"https:\/\/obera.fr\/wp-content\/uploads\/2022\/02\/Metalurgie.png\" alt=\"Metallurgie\" class=\"wp-image-8857\"\/><figcaption class=\"wp-element-caption\">Metallurgie<\/figcaption><\/figure>\n\n\n\n<figure class=\"wp-block-image size-thumbnail\"><img decoding=\"async\" width=\"150\" height=\"150\" data-id=\"8858\" src=\"https:\/\/obera.fr\/wp-content\/uploads\/2022\/02\/ATEX-150x150.png\" alt=\"ATEX\" class=\"wp-image-8858\"\/><figcaption class=\"wp-element-caption\">ATEX<\/figcaption><\/figure>\n<\/figure>\n<\/div>\n<\/div>\n\n<div class=\"wp-block-columns is-layout-flex wp-container-core-columns-is-layout-28f84493 wp-block-columns-is-layout-flex\">\n<div class=\"wp-block-column is-layout-flow wp-block-column-is-layout-flow\" style=\"flex-basis:100%\"><\/div>\n<\/div>\n\n<div class=\"wp-block-columns is-layout-flex wp-container-core-columns-is-layout-28f84493 wp-block-columns-is-layout-flex\">\n<div class=\"wp-block-column is-layout-flow wp-block-column-is-layout-flow\">\n[obflink-button label=&#8220;ALLE UNSERE INDUSTRIEPRODUKTE&#8220; link=&#8220;https:\/\/obera.fr\/produits\/&#8220; display=&#8220;full&#8220; size=&#8220;medium&#8220; text=&#8220;#FFFFFF&#8220; background=&#8220;#309964&#8243;]\n<\/div>\n\n\n\n<div class=\"wp-block-column is-layout-flow wp-block-column-is-layout-flow\">\n[obflink-button label=&#8220;PERS\u00d6NLICHES ANGEBOT&#8220; link=&#8220;https:\/\/obera.fr\/contact\/&#8220; display=&#8220;full&#8220; size=&#8220;medium&#8220; text=&#8220;#FFFFFF&#8220; background=&#8220;#309964&#8243;]\n<\/div>\n<\/div>\n\n<h2 class=\"wp-block-heading has-text-align-center\" id=\"nos-conseils\">Unsere Ratschl\u00e4ge<\/h2>\n\n<p><\/p>\n<ul class=\"wp-block-latest-posts__list wp-block-latest-posts\"><li><div class=\"wp-block-latest-posts__featured-image alignleft\"><img decoding=\"async\" width=\"150\" height=\"150\" src=\"https:\/\/obera.fr\/wp-content\/uploads\/2026\/05\/vlep-benzene-2026-150x150.jpg\" class=\"attachment-thumbnail size-thumbnail wp-post-image\" alt=\"AGW Benzol 2026\" style=\"max-width:100px;max-height:100px;\" \/><\/div><a class=\"wp-block-latest-posts__post-title\" href=\"https:\/\/obera.fr\/de\/ratschlage\/agw-benzol-2026-die-neuen-pflichten-und-loesungen-zur-einhaltung\/\">AGW Benzol 2026: Die neuen Pflichten und L\u00f6sungen zur Einhaltung<\/a><div class=\"wp-block-latest-posts__post-excerpt\">Die neuen Benzol-AGW, g\u00fcltig ab 2026 Der 6. April 2026 markiert einen wichtigen regulatorischen Wendepunkt f\u00fcr Benzol in Frankreich. Seit diesem Datum wurde der Arbeitsplatzgrenzwert (AGW) f\u00fcr Benzol durch das Dekret Nr. 2024-307 vom 4. April 2024, das die Richtlinie (EU) 2022\/431 umsetzt, drastisch versch\u00e4rft. Diese Ma\u00dfnahme betrifft direkt alle exponierten Industriesektoren. Hier sind die &#8230; <p class=\"read-more-container\"><a title=\"AGW Benzol 2026: Die neuen Pflichten und L\u00f6sungen zur Einhaltung\" class=\"read-more button\" href=\"https:\/\/obera.fr\/de\/ratschlage\/agw-benzol-2026-die-neuen-pflichten-und-loesungen-zur-einhaltung\/#more-155476\" aria-label=\"Mehr Informationen \u00fcber AGW Benzol 2026: Die neuen Pflichten und L\u00f6sungen zur Einhaltung\">Lire la suite<\/a><\/p><\/div><\/li>\n<li><div class=\"wp-block-latest-posts__featured-image alignleft\"><img decoding=\"async\" width=\"150\" height=\"150\" src=\"https:\/\/obera.fr\/wp-content\/uploads\/2025\/08\/extraction-materiaux-150x150.jpg\" class=\"attachment-thumbnail size-thumbnail wp-post-image\" alt=\"Materialgewinnung\" style=\"max-width:100px;max-height:100px;\" \/><\/div><a class=\"wp-block-latest-posts__post-title\" href=\"https:\/\/obera.fr\/de\/gewinnung-von-materialien\/absaug-und-entstaubungsloesungen-fuer-die-materialgewinnung\/\">Absaug- und Entstaubungsl\u00f6sungen f\u00fcr die Materialgewinnung<\/a><div class=\"wp-block-latest-posts__post-excerpt\">Die Materialgewinnung erzeugt zwangsl\u00e4ufig R\u00fcckst\u00e4nde, die unbedingt kontrolliert werden m\u00fcssen, um die Gesundheit und Sicherheit der Arbeitnehmer zu sch\u00fctzen.<\/div><\/li>\n<li><div class=\"wp-block-latest-posts__featured-image alignleft\"><img decoding=\"async\" width=\"150\" height=\"150\" src=\"https:\/\/obera.fr\/wp-content\/uploads\/2025\/08\/electricite-electronique-150x150.jpg\" class=\"attachment-thumbnail size-thumbnail wp-post-image\" alt=\"Elektronische Elektrik\" style=\"max-width:100px;max-height:100px;\" \/><\/div><a class=\"wp-block-latest-posts__post-title\" href=\"https:\/\/obera.fr\/de\/elektronik-elektrizitat\/absaug-und-filtrationsloesungen-von-obera-fuer-die-elektronikindustrie\/\">Absaug- und Filtrationsl\u00f6sungen von oberA f\u00fcr die Elektronikindustrie<\/a><div class=\"wp-block-latest-posts__post-excerpt\">In der Elektronikindustrie wirkt sich die Luftqualit\u00e4t direkt auf die Zuverl\u00e4ssigkeit der Komponenten und die Gesundheit der Bediener aus.<\/div><\/li>\n<li><div class=\"wp-block-latest-posts__featured-image alignleft\"><img decoding=\"async\" width=\"150\" height=\"150\" src=\"https:\/\/obera.fr\/wp-content\/uploads\/2025\/08\/restaurateurs-oeuvre-art-150x150.jpg\" class=\"attachment-thumbnail size-thumbnail wp-post-image\" alt=\"Restauratoren von Kunstwerken\" style=\"max-width:100px;max-height:100px;\" \/><\/div><a class=\"wp-block-latest-posts__post-title\" href=\"https:\/\/obera.fr\/de\/restauratoren-von-kunstwerken-und-kunstler\/die-bedeutung-von-absaugung-und-filterung-im-kuenstlerischen-umfeld\/\">Die Bedeutung von Absaugung und Filterung im k\u00fcnstlerischen Umfeld<\/a><div class=\"wp-block-latest-posts__post-excerpt\">Die Restaurierung von Kunstwerken und k\u00fcnstlerisches Schaffen setzen Fachleute t\u00e4glich L\u00f6sungsmitteln, Harzen und Feinstaub aus, die unbedingt beherrscht werden m\u00fcssen.<\/div><\/li>\n<li><div class=\"wp-block-latest-posts__featured-image alignleft\"><img decoding=\"async\" width=\"150\" height=\"150\" src=\"https:\/\/obera.fr\/wp-content\/uploads\/2025\/08\/armee-defense-150x150.jpg\" class=\"attachment-thumbnail size-thumbnail wp-post-image\" alt=\"Armee Verteidigung\" style=\"max-width:100px;max-height:100px;\" \/><\/div><a class=\"wp-block-latest-posts__post-title\" href=\"https:\/\/obera.fr\/de\/armee-und-verteidigung\/loesungen-zur-absaugung-und-filterung-von-schadstoffen-fuer-den-militaersektor\/\">L\u00f6sungen zur Absaugung und Filterung von Schadstoffen f\u00fcr den Milit\u00e4rsektor<\/a><div class=\"wp-block-latest-posts__post-excerpt\">Milit\u00e4rische Infrastrukturen erfordern eine absolute Kontrolle der Arbeitsumgebung, um die Gesundheit der Bediener und die Langlebigkeit der taktischen Ausr\u00fcstung zu sch\u00fctzen.<\/div><\/li>\n<li><div class=\"wp-block-latest-posts__featured-image alignleft\"><img decoding=\"async\" width=\"150\" height=\"150\" src=\"https:\/\/obera.fr\/wp-content\/uploads\/2025\/06\/masque-classique-150x150.webp\" class=\"attachment-thumbnail size-thumbnail wp-post-image\" alt=\"klassische Maske\" style=\"max-width:100px;max-height:100px;\" \/><\/div><a class=\"wp-block-latest-posts__post-title\" href=\"https:\/\/obera.fr\/de\/sante\/obera-loesungen-fuer-absaugung-filtration-und-luftreinigung-fuer-die-gesundheit\/\">OberA L\u00f6sungen f\u00fcr Absaugung, Filtration und Luftreinigung f\u00fcr die Gesundheit<\/a><div class=\"wp-block-latest-posts__post-excerpt\">Die Verbesserung der Innenraumluftqualit\u00e4t ist zu einer zentralen Herausforderung der \u00f6ffentlichen Gesundheit geworden, um Mitarbeitende in jeder industriellen oder terti\u00e4ren Umgebung zu sch\u00fctzen.<\/div><\/li>\n<\/ul>\n<div style=\"height:20px\" aria-hidden=\"true\" class=\"wp-block-spacer\"><\/div>\n\n[obflink-button label=&#8220;Weitere Tipps lesen&#8220; link=&#8220;https:\/\/obera.fr\/conseils\/&#8220; display=&#8220;full&#8220; size=&#8220;medium&#8220; text=&#8220;#FFFFFF&#8220; background=&#8220;#309964&#8243;]\n\n<div style=\"height:45px\" aria-hidden=\"true\" class=\"wp-block-spacer\"><\/div>\n\n<h2 class=\"wp-block-heading has-text-align-center\" id=\"ils-nous-font-confiance\">Sie vertrauen uns<\/h2>\n\n<div class=\"wp-block-group alignfull is-layout-flow wp-block-group-is-layout-flow\">\n<div class=\"wp-block-group alignfull is-layout-flow wp-block-group-is-layout-flow\">\n<figure class=\"wp-block-gallery aligncenter has-nested-images columns-6 wp-block-gallery-2 is-layout-flex wp-block-gallery-is-layout-flex\">\n<figure class=\"wp-block-image size-full\"><img decoding=\"async\" width=\"150\" height=\"150\" data-id=\"8867\" src=\"https:\/\/obera.fr\/wp-content\/uploads\/2022\/02\/Sans-titre-2022-02-17T105934.516.png\" alt=\"AIRBUS\" class=\"wp-image-8867\"\/><\/figure>\n\n\n\n<figure class=\"wp-block-image size-full\"><img decoding=\"async\" width=\"150\" height=\"150\" data-id=\"8868\" src=\"https:\/\/obera.fr\/wp-content\/uploads\/2022\/02\/Sans-titre-2022-02-17T114934.999.png\" alt=\"SEB\" class=\"wp-image-8868\"\/><\/figure>\n\n\n\n<figure class=\"wp-block-image size-full\"><img decoding=\"async\" width=\"150\" height=\"150\" data-id=\"8869\" src=\"https:\/\/obera.fr\/wp-content\/uploads\/2022\/02\/Sans-titre-2022-02-17T114716.476.png\" alt=\"NAVAL GROUP\" class=\"wp-image-8869\"\/><\/figure>\n\n\n\n<figure class=\"wp-block-image size-full\"><img decoding=\"async\" width=\"150\" height=\"150\" data-id=\"8871\" src=\"https:\/\/obera.fr\/wp-content\/uploads\/2022\/02\/Sans-titre-2022-02-17T115057.399.png\" alt=\"THALES\" class=\"wp-image-8871\"\/><\/figure>\n\n\n\n<figure class=\"wp-block-image size-full\"><img decoding=\"async\" width=\"150\" height=\"150\" data-id=\"8876\" src=\"https:\/\/obera.fr\/wp-content\/uploads\/2022\/02\/Sans-titre-2022-02-17T115625.323.png\" alt=\"COCA COLA\" class=\"wp-image-8876\"\/><\/figure>\n\n\n\n<figure class=\"wp-block-image size-full\"><img decoding=\"async\" width=\"150\" height=\"150\" data-id=\"8875\" src=\"https:\/\/obera.fr\/wp-content\/uploads\/2022\/02\/Sans-titre-2022-02-17T115541.486.png\" alt=\"MICHELIN\" class=\"wp-image-8875\"\/><\/figure>\n\n\n\n<figure class=\"wp-block-image size-full\"><img decoding=\"async\" width=\"150\" height=\"150\" data-id=\"8872\" src=\"https:\/\/obera.fr\/wp-content\/uploads\/2022\/02\/Sans-titre-2022-02-17T115216.211.png\" alt=\"MARS\" class=\"wp-image-8872\"\/><\/figure>\n\n\n\n<figure class=\"wp-block-image size-full\"><img decoding=\"async\" width=\"150\" height=\"150\" data-id=\"8877\" src=\"https:\/\/obera.fr\/wp-content\/uploads\/2022\/02\/Sans-titre-2022-02-17T115803.016.png\" alt=\"YVES ROCHER\" class=\"wp-image-8877\"\/><\/figure>\n\n\n\n<figure class=\"wp-block-image size-full\"><img decoding=\"async\" width=\"150\" height=\"150\" data-id=\"8878\" src=\"https:\/\/obera.fr\/wp-content\/uploads\/2022\/02\/Sans-titre-2022-02-17T115859.670.png\" alt=\"ARCELOR MITTAL\" class=\"wp-image-8878\"\/><\/figure>\n\n\n\n<figure class=\"wp-block-image size-full\"><img decoding=\"async\" width=\"150\" height=\"150\" data-id=\"8874\" src=\"https:\/\/obera.fr\/wp-content\/uploads\/2022\/02\/Sans-titre-2022-02-17T115450.564.png\" alt=\"IMERYS\" class=\"wp-image-8874\"\/><\/figure>\n\n\n\n<figure class=\"wp-block-image size-full\"><img decoding=\"async\" width=\"150\" height=\"150\" data-id=\"8873\" src=\"https:\/\/obera.fr\/wp-content\/uploads\/2022\/02\/Sans-titre-2022-02-17T115322.781.png\" alt=\"SAFRAN\" class=\"wp-image-8873\"\/><\/figure>\n\n\n\n<figure class=\"wp-block-image size-full\"><img decoding=\"async\" width=\"150\" height=\"150\" data-id=\"8870\" src=\"https:\/\/obera.fr\/wp-content\/uploads\/2022\/02\/Sans-titre-2022-02-17T114839.016.png\" alt=\"NESTLE\" class=\"wp-image-8870\"\/><\/figure>\n\n\n\n<figure class=\"wp-block-image size-thumbnail\"><img decoding=\"async\" width=\"150\" height=\"150\" data-id=\"8879\" src=\"https:\/\/obera.fr\/wp-content\/uploads\/2022\/02\/Sans-titre-2022-02-17T120512.984.png\" alt=\"TEFAL\" class=\"wp-image-8879\"\/><\/figure>\n\n\n\n<figure class=\"wp-block-image size-thumbnail\"><img decoding=\"async\" width=\"150\" height=\"150\" data-id=\"8880\" src=\"https:\/\/obera.fr\/wp-content\/uploads\/2022\/02\/Sans-titre-2022-02-17T120429.147.png\" alt=\"FAUCHON PARIS\" class=\"wp-image-8880\"\/><\/figure>\n\n\n\n<figure class=\"wp-block-image size-thumbnail\"><img decoding=\"async\" width=\"150\" height=\"150\" data-id=\"8881\" src=\"https:\/\/obera.fr\/wp-content\/uploads\/2022\/02\/Sans-titre-2022-02-17T120337.619.png\" alt=\"VINCI\" class=\"wp-image-8881\"\/><\/figure>\n\n\n\n<figure class=\"wp-block-image size-thumbnail\"><img decoding=\"async\" width=\"150\" height=\"150\" data-id=\"8882\" src=\"https:\/\/obera.fr\/wp-content\/uploads\/2022\/02\/Sans-titre-2022-02-17T120300.624.png\" alt=\"BENETEAU\" class=\"wp-image-8882\"\/><\/figure>\n\n\n\n<figure class=\"wp-block-image size-thumbnail\"><img decoding=\"async\" width=\"150\" height=\"150\" data-id=\"8883\" src=\"https:\/\/obera.fr\/wp-content\/uploads\/2022\/02\/Sans-titre-2022-02-17T120117.079.png\" alt=\"ARVATO BERTELSMANN\" class=\"wp-image-8883\"\/><\/figure>\n\n\n\n<figure class=\"wp-block-image size-thumbnail\"><img decoding=\"async\" width=\"150\" height=\"150\" data-id=\"8884\" src=\"https:\/\/obera.fr\/wp-content\/uploads\/2022\/02\/Sans-titre-2022-02-17T120949.788.png\" alt=\"AMCOR\" class=\"wp-image-8884\"\/><\/figure>\n<\/figure>\n<\/div>\n<\/div>\n\n[obflink-button label=&#8220;Andere Kunden vertrauen uns&#8220; link=&#8220;https:\/\/obera.fr\/decouvrir\/nos-clients\/&#8220; display=&#8220;full&#8220; size=&#8220;medium&#8220; text=&#8220;#FFFFFF&#8220; background=&#8220;#309964&#8243;]\n\n<p><\/p>\n","protected":false},"excerpt":{"rendered":"<p>Atmen Sie !OberA \u00fcberwacht und behandelt die Luft in Ihrem Unternehmen Die Luftqualit\u00e4t im Unternehmen ist ein Thema, das immer mehr an Bedeutung gewinnt. In Industriehallen (insbesondere Logistikplattformen und Lagerhallen) ist die Luft oft mit Staub und Schadstoffen belastet, die aus der Aktivit\u00e4t und der Au\u00dfenluftverschmutzung stammen. Die Raumluft in Unternehmen ist in der Regel 5 bis 10 Mal st\u00e4rker verschmutzt als die Au\u00dfenluft. Diese schlechte Luftqualit\u00e4t kann die Produktqualit\u00e4t beeintr\u00e4chtigen, zu Kundenreklamationen f\u00fchren, Krankheiten verursachen oder die Produktivit\u00e4t senken. OBERA stellt Ihnen seine Expertise im Bereich der Luftbehandlung zur Verf\u00fcgung und bietet an: [obflink-button label=&#8220;ALLE UNSERE INDUSTRIEPRODUKTE&#8220; link=&#8220;https:\/\/obera.fr\/produits\/&#8220; display=&#8220;full&#8220; &#8230; <\/p>\n<p class=\"read-more-container\"><a title=\"old-OberA entfernt Staub und Schadstoffe aus Ihren Arbeitsbereichen im industriellen Umfeld\" class=\"read-more button\" href=\"https:\/\/obera.fr\/de\/obera-entfernt-dank-seines-fachwissens-im-bereich-der-luftaufbereitung-staub-und-schadstoffe-aus-ihren-arbeitsraeumen\/#more-11978\" aria-label=\"Mehr Informationen \u00fcber old-OberA entfernt Staub und Schadstoffe aus Ihren Arbeitsbereichen im industriellen Umfeld\">Lire la suite<\/a><\/p>\n","protected":false},"author":4,"featured_media":26321,"parent":0,"menu_order":0,"comment_status":"closed","ping_status":"closed","template":"","meta":{"_acf_changed":false,"_seopress_robots_primary_cat":"","_seopress_titles_title":"oberA \u2013 Die L\u00f6sung f\u00fcr eine bessere Luftqualit\u00e4t im Unternehmen","_seopress_titles_desc":"oberA entfernt Staub und Schadstoffe aus Ihren Arbeitsbereichen dank seiner Expertise in der Luftbehandlung: Luftreiniger, Analyseger\u00e4te, Entstauber oder Luftabsauger","_seopress_robots_index":"","_seopress_analysis_target_kw":"","footnotes":""},"class_list":{"0":"post-11978","1":"page","2":"type-page","3":"status-publish","4":"has-post-thumbnail","6":"no-featured-image-padding","7":"resize-featured-image"},"acf":[],"_links":{"self":[{"href":"https:\/\/obera.fr\/de\/wp-json\/wp\/v2\/pages\/11978","targetHints":{"allow":["GET"]}}],"collection":[{"href":"https:\/\/obera.fr\/de\/wp-json\/wp\/v2\/pages"}],"about":[{"href":"https:\/\/obera.fr\/de\/wp-json\/wp\/v2\/types\/page"}],"author":[{"embeddable":true,"href":"https:\/\/obera.fr\/de\/wp-json\/wp\/v2\/users\/4"}],"replies":[{"embeddable":true,"href":"https:\/\/obera.fr\/de\/wp-json\/wp\/v2\/comments?post=11978"}],"version-history":[{"count":7,"href":"https:\/\/obera.fr\/de\/wp-json\/wp\/v2\/pages\/11978\/revisions"}],"predecessor-version":[{"id":143028,"href":"https:\/\/obera.fr\/de\/wp-json\/wp\/v2\/pages\/11978\/revisions\/143028"}],"wp:featuredmedia":[{"embeddable":true,"href":"https:\/\/obera.fr\/de\/wp-json\/wp\/v2\/media\/26321"}],"wp:attachment":[{"href":"https:\/\/obera.fr\/de\/wp-json\/wp\/v2\/media?parent=11978"}],"curies":[{"name":"wp","href":"https:\/\/api.w.org\/{rel}","templated":true}]}}