{"id":11980,"date":"2022-05-26T12:57:17","date_gmt":"2022-05-26T10:57:17","guid":{"rendered":"https:\/\/obera.fr\/stationaere-und-mobile-industrielle-luftkuehler\/adiabatischer-luftkuehler-ecoclim-12-22-und-30\/"},"modified":"2025-02-26T12:19:47","modified_gmt":"2025-02-26T10:19:47","slug":"adiabatischer-luftkuehler-ecoclim","status":"publish","type":"page","link":"https:\/\/obera.fr\/de\/produits\/rafraichisseurs-air\/adiabatischer-luftkuehler-ecoclim\/","title":{"rendered":"Filter Adiabatischer Luftk\u00fchler ecoCLIM 22 und 30"},"content":{"rendered":"\n<p>Die beiden Produkte der Serie <strong>EcoCLIM<\/strong> sind einfach zu bedienende, mobile, kosteng\u00fcnstige und umweltfreundliche adiabatische <a href=\"https:\/\/obera.fr\/de\/produits\/rafraichisseurs-air\/\">Luftk\u00fchlungsfilter<\/a>.<\/p>\n\n\n\n\n\n\n<h2 class=\"wp-block-heading\">Wie funktionieren adiabatische Luftk\u00fchlungsfilter?<\/h2>\n\n\n\n<div class=\"wp-block-columns are-vertically-aligned-center is-layout-flex wp-container-core-columns-is-layout-28f84493 wp-block-columns-is-layout-flex\">\n<div class=\"wp-block-column is-vertically-aligned-center is-layout-flow wp-block-column-is-layout-flow\" style=\"flex-basis:33.33%\">\n<figure class=\"wp-block-image size-full\"><img decoding=\"async\" width=\"600\" height=\"600\" src=\"https:\/\/obera.fr\/wp-content\/uploads\/2023\/02\/filtre-rafraichisseur-ecoclim-22-30.png\" alt=\"Adiabatische Luftk\u00fchlungsfilter ecoClim 22 und 30\" class=\"wp-image-18609\" srcset=\"https:\/\/obera.fr\/wp-content\/uploads\/2023\/02\/filtre-rafraichisseur-ecoclim-22-30.png 600w, https:\/\/obera.fr\/wp-content\/uploads\/2023\/02\/filtre-rafraichisseur-ecoclim-22-30-300x300.png 300w, https:\/\/obera.fr\/wp-content\/uploads\/2023\/02\/filtre-rafraichisseur-ecoclim-22-30-150x150.png 150w\" sizes=\"(max-width: 600px) 100vw, 600px\" \/><\/figure>\n\n\n\n<div class=\"wp-block-buttons is-horizontal is-content-justification-center is-layout-flex wp-container-core-buttons-is-layout-03627597 wp-block-buttons-is-layout-flex\"><\/div>\n<\/div>\n\n\n\n<div class=\"wp-block-column is-vertically-aligned-center is-layout-flow wp-block-column-is-layout-flow\" style=\"flex-basis:66.66%\">\n<p>Die Funktionsweise ist einfach: Ein <strong>Axial-Wendelventilator<\/strong> an der R\u00fcckseite des adiabatischen Luftk\u00fchlers saugt die warme Luft durch das Ger\u00e4t.<\/p>\n\n\n\n<p>Die Luft durchl\u00e4uft eine <strong>G4-Filterschicht<\/strong> und dann eine <strong>K\u00fchlplatte<\/strong> aus Wabenstruktur, die st\u00e4ndig mit Wasser versorgt und getr\u00e4nkt wird (Wabentyp). Beim Durchgang durch die Alveolen verdampft die hei\u00dfe Luft das Wasser. Diese <strong>Verdunstung <\/strong>verbraucht Energie, die der durchstr\u00f6menden Luft entzogen wird. Es ist dieses Ph\u00e4nomen, das die Lufttemperatur senkt und daf\u00fcr sorgt, dass <strong>10 bis 20 \u00b0C<\/strong> k\u00fchlere Luft ausgesto\u00dfen wird. <\/p>\n\n\n\n<h3 class=\"wp-block-heading\">In welchen F\u00e4llen kann man diese adiabatischen Luftk\u00fchler einsetzen ?<\/h3>\n\n\n\n<p>Diese Ger\u00e4te k\u00f6nnen <strong>in allen Arten von Industrien eingesetzt<\/strong> werden, um einen Raum oder direkt einen Arbeitsplatz in der N\u00e4he einer gro\u00dfen W\u00e4rmequelle zu k\u00fchlen (\u00d6fen, Spritzgussmaschinen, Trockenkammern&#8230;.<\/p>\n\n\n\n<p>Damit <a href=\"https:\/\/obera.fr\/de\/ratschlage\/rafraichissement-adiabatique-confort-thermique-naturel\/\" data-type=\"URL\" data-id=\"https:\/\/obera.fr\/conseils\/rafraichissement-adiabatique-confort-thermique-naturel\/\">adiabatische Luftk\u00fchler richtig funktionieren<\/a>, muss der Raum bel\u00fcftet werden, um die feuchte Luft zu verdr\u00e4ngen und warme, trockene Luft in das Ger\u00e4t zu bringen. <\/p>\n\n\n\n<hr class=\"wp-block-separator has-css-opacity is-style-dots\"\/>\n<\/div>\n<\/div>\n\n\n\n<h2 class=\"wp-block-heading\">Welche Eigenschaften haben diese Ger\u00e4te ?<\/h2>\n\n\n\n<div class=\"wp-block-columns is-layout-flex wp-container-core-columns-is-layout-28f84493 wp-block-columns-is-layout-flex\">\n<div class=\"wp-block-column is-layout-flow wp-block-column-is-layout-flow\" style=\"flex-basis:33.33%\">\n<figure class=\"wp-block-image aligncenter size-full\"><img decoding=\"async\" width=\"600\" height=\"600\" src=\"https:\/\/obera.fr\/wp-content\/uploads\/2023\/02\/filtre-rafraichisseur-ecoclim-22-30-de-face.png\" alt=\"filter k\u00fchlung ecoclim 22 30 von vorne\" class=\"wp-image-18633\" srcset=\"https:\/\/obera.fr\/wp-content\/uploads\/2023\/02\/filtre-rafraichisseur-ecoclim-22-30-de-face.png 600w, https:\/\/obera.fr\/wp-content\/uploads\/2023\/02\/filtre-rafraichisseur-ecoclim-22-30-de-face-300x300.png 300w, https:\/\/obera.fr\/wp-content\/uploads\/2023\/02\/filtre-rafraichisseur-ecoclim-22-30-de-face-150x150.png 150w\" sizes=\"(max-width: 600px) 100vw, 600px\" \/><\/figure>\n<\/div>\n\n\n\n<div class=\"wp-block-column is-vertically-aligned-center is-layout-flow wp-block-column-is-layout-flow\" style=\"flex-basis:66.66%\">\n<p>Die EcoCLIM sind <strong>adiabatische Luftk\u00fchlungsfilter mit drei Geschwindigkeiten<\/strong>. Sie sind mit einem vorgeschalteten <strong>G4-Vorfilter<\/strong> ausgestattet, um den in der Luft enthaltenen Staub zu behandeln. <\/p>\n\n\n\n<p>In Bezug auf den ecoCLIM 22 <strong>betr\u00e4gt<\/strong> seine F\u00f6rdermenge 22000 m3\/h. Das Fassungsverm\u00f6gen des <strong>Tanks betr\u00e4gt ebenfalls 120 L<\/strong> bei einem <strong>Wasserverbrauch von 12-18 L\/h<\/strong>, was eine Betriebsdauer von ca. 7 Arbeitsstunden erm\u00f6glicht. Ebenfalls auf Rollen, mit einem Gewicht von 68 kg ist er sehr stabil. <\/p>\n\n\n\n<p>Der Luftk\u00fchler ecoCLIM 30 hat mit <strong>30000 m3\/h<\/strong> den h\u00f6chsten Luftdurchsatz in der Produktreihe. Der <strong>Tank hat ein Fassungsverm\u00f6gen von 200 Litern <\/strong>und einen <strong>Wasserverbrauch von 10 bis 15 Litern pro Stunde<\/strong>, was eine Laufzeit von mehr als 10 Stunden ergibt. Sein Gewicht betr\u00e4gt 105 kg, was das Ger\u00e4t jedoch nicht daran hindert, dank der ebenfalls ausgestatteten Rollen wendig zu sein. <\/p>\n<\/div>\n<\/div>\n\n\n\n<p>F\u00fcr einen optimalen Komfort sind unsere adiabatischen Luftk\u00fchler<strong>mit einem Bedienfeld ausgestattet, mit dem Sie die Temperatur<\/strong> und den <strong>Wasserfluss steuern<\/strong>oder auch die Abschaltung <strong>programmieren k\u00f6nnen<\/strong>. Ihr Ger\u00e4uschpegel betr\u00e4gt 66 Dezibel und ist damit niedriger als der eines Staubsaugers (76db). Im Inneren der Ger\u00e4te befindet sich eine UV-Lampe, die das K\u00fchlwasser sterilisiert und so gesunde Luft ausst\u00f6\u00dft.   <\/p>\n\n\n\n<p>Die Bef\u00fcllung des Wassertanks kann manuell oder automatisch durch Anschluss eines Wasserzulaufs erfolgen. Bei der automatischen Wasserzufuhr ist ein H\u00f6chststandventil vorhanden, um ein \u00dcberlaufen zu verhindern und Ihnen einen kontinuierlichen Betrieb ohne Nachverfolgung und in aller Ruhe zu erm\u00f6glichen. <\/p>\n\n\n\n<div style=\"height:25px\" aria-hidden=\"true\" class=\"wp-block-spacer\"><\/div>\n\n\n\n<h3 class=\"wp-block-heading has-text-align-center\">INDUSTRIES<\/h3>\n\n\n\n<div class=\"wp-block-columns is-layout-flex wp-container-core-columns-is-layout-28f84493 wp-block-columns-is-layout-flex\">\n<div class=\"wp-block-column is-layout-flow wp-block-column-is-layout-flow\">\n<hr class=\"wp-block-separator has-css-opacity is-style-wide\"\/>\n\n\n\n<div class=\"wp-block-columns is-layout-flex wp-container-core-columns-is-layout-28f84493 wp-block-columns-is-layout-flex\">\n<div class=\"wp-block-column is-layout-flow wp-block-column-is-layout-flow\">\n<figure class=\"wp-block-image aligncenter size-large\"><img decoding=\"async\" width=\"70\" height=\"70\" src=\"https:\/\/obera.fr\/wp-content\/uploads\/2020\/08\/industrie-textile.jpg\" alt=\"Textilindustrie\" class=\"wp-image-671\"\/><figcaption class=\"wp-element-caption\">Textilien<\/figcaption><\/figure>\n\n\n\n<figure class=\"wp-block-image aligncenter size-large\"><img decoding=\"async\" width=\"70\" height=\"70\" src=\"https:\/\/obera.fr\/wp-content\/uploads\/2020\/08\/industrie-chimie.jpg\" alt=\"Chemische Industrie\" class=\"wp-image-725\"\/><figcaption class=\"wp-element-caption\">Chemie\/Petrochemie<\/figcaption><\/figure>\n\n\n\n<figure class=\"wp-block-image aligncenter size-large\"><img decoding=\"async\" width=\"70\" height=\"70\" src=\"https:\/\/obera.fr\/wp-content\/uploads\/2020\/08\/industrie-agroalimentaire.jpg\" alt=\"Lebensmittel- und Getr\u00e4nkeindustrie\" class=\"wp-image-727\"\/><figcaption class=\"wp-element-caption\">Lebensmittelindustrie<\/figcaption><\/figure>\n<\/div>\n\n\n\n<div class=\"wp-block-column is-layout-flow wp-block-column-is-layout-flow\">\n<figure class=\"wp-block-image aligncenter size-large\"><img decoding=\"async\" width=\"70\" height=\"70\" src=\"https:\/\/obera.fr\/wp-content\/uploads\/2020\/08\/industrie-minerai.jpg\" alt=\"Erzindustrie\" class=\"wp-image-724\"\/><figcaption class=\"wp-element-caption\">Erze<\/figcaption><\/figure>\n\n\n\n<figure class=\"wp-block-image aligncenter size-large\"><img decoding=\"async\" width=\"70\" height=\"70\" src=\"https:\/\/obera.fr\/wp-content\/uploads\/2020\/08\/industrie-dechets.jpg\" alt=\"Abfallindustrie\" class=\"wp-image-726\"\/><figcaption class=\"wp-element-caption\">Sammeln und Sortieren von M\u00fcll<\/figcaption><\/figure>\n<\/div>\n<\/div>\n<\/div>\n\n\n\n<div class=\"wp-block-column is-layout-flow wp-block-column-is-layout-flow\">\n<hr class=\"wp-block-separator has-css-opacity is-style-wide\"\/>\n\n\n\n<div class=\"wp-block-columns is-layout-flex wp-container-core-columns-is-layout-28f84493 wp-block-columns-is-layout-flex\">\n<div class=\"wp-block-column is-layout-flow wp-block-column-is-layout-flow\">\n<figure class=\"wp-block-image aligncenter size-large\"><img decoding=\"async\" width=\"70\" height=\"70\" src=\"https:\/\/obera.fr\/wp-content\/uploads\/2020\/08\/industrie-metallurgie.jpg\" alt=\"Metallindustrie\" class=\"wp-image-673\"\/><figcaption class=\"wp-element-caption\">Metallurgie<\/figcaption><\/figure>\n\n\n\n<figure class=\"wp-block-image aligncenter size-large\"><img decoding=\"async\" width=\"70\" height=\"70\" src=\"https:\/\/obera.fr\/wp-content\/uploads\/2020\/08\/industrie-plastique.jpg\" alt=\"Kunststoffindustire\" class=\"wp-image-669\"\/><figcaption class=\"wp-element-caption\">Kunststoff<\/figcaption><\/figure>\n<\/div>\n\n\n\n<div class=\"wp-block-column is-layout-flow wp-block-column-is-layout-flow\">\n<figure class=\"wp-block-image aligncenter size-large\"><img decoding=\"async\" width=\"70\" height=\"70\" src=\"https:\/\/obera.fr\/wp-content\/uploads\/2020\/08\/industrie-bois.jpg\" alt=\"Holzindustrie\" class=\"wp-image-672\"\/><figcaption class=\"wp-element-caption\">Holzbearbeitung<\/figcaption><\/figure>\n\n\n\n<figure class=\"wp-block-image aligncenter size-large\"><img decoding=\"async\" width=\"70\" height=\"70\" src=\"https:\/\/obera.fr\/wp-content\/uploads\/2020\/08\/industrie-papier-carton.jpg\" alt=\"Industrie Papier Karton\" class=\"wp-image-670\"\/><figcaption class=\"wp-element-caption\">Papier\/Karton<\/figcaption><\/figure>\n<\/div>\n<\/div>\n<\/div>\n<\/div>\n\n\n\n<table id=\"tablepress-EcoCLIM\" class=\"tablepress tablepress-id-EcoCLIM\">\n<thead>\n<tr class=\"row-1\">\n\t<th class=\"column-1\">Appareil<\/th><td class=\"column-2\"><\/td><th class=\"column-3\">EcoCLIM 22<\/th><th class=\"column-4\">EcoCLIM 30<\/th>\n<\/tr>\n<\/thead>\n<tbody class=\"row-striping row-hover\">\n<tr class=\"row-2\">\n\t<td class=\"column-1\">D\u00e9bit<\/td><td class=\"column-2\">m3\/h<\/td><td class=\"column-3\">22 000<\/td><td class=\"column-4\">30 000<\/td>\n<\/tr>\n<tr class=\"row-3\">\n\t<td class=\"column-1\">Nombre de vitesse<\/td><td class=\"column-2\"><\/td><td class=\"column-3\">3<\/td><td class=\"column-4\">3<\/td>\n<\/tr>\n<tr class=\"row-4\">\n\t<td class=\"column-1\">Tension d'alimentation<\/td><td class=\"column-2\">V<\/td><td class=\"column-3\">230<\/td><td class=\"column-4\">230<\/td>\n<\/tr>\n<tr class=\"row-5\">\n\t<td class=\"column-1\">Puissance monophase<\/td><td class=\"column-2\">kW<\/td><td class=\"column-3\">0,80<\/td><td class=\"column-4\">1,05<\/td>\n<\/tr>\n<tr class=\"row-6\">\n\t<td class=\"column-1\">Dimensions<\/td><td class=\"column-2\">l\/L\/h (mm)<\/td><td class=\"column-3\"> 1130 x 690 x 1640 <\/td><td class=\"column-4\">1580 x 750 x 1820<\/td>\n<\/tr>\n<tr class=\"row-7\">\n\t<td class=\"column-1\">Poids<\/td><td class=\"column-2\">kg<\/td><td class=\"column-3\">68<\/td><td class=\"column-4\">130<\/td>\n<\/tr>\n<tr class=\"row-8\">\n\t<td class=\"column-1\">Niveau de Bruyance<\/td><td class=\"column-2\">dB(A)<\/td><td class=\"column-3\">66<\/td><td class=\"column-4\">66<\/td>\n<\/tr>\n<tr class=\"row-9\">\n\t<td class=\"column-1\">Surface trait\u00e9e<\/td><td class=\"column-2\">m\u00b2<\/td><td class=\"column-3\">150 \u00e0 250<\/td><td class=\"column-4\">200 \u00e0 400<\/td>\n<\/tr>\n<tr class=\"row-10\">\n\t<td class=\"column-1\">Capacit\u00e9 r\u00e9servoir<\/td><td class=\"column-2\">L<\/td><td class=\"column-3\">120<\/td><td class=\"column-4\">200<\/td>\n<\/tr>\n<tr class=\"row-11\">\n\t<td class=\"column-1\">Consommation d'eau<\/td><td class=\"column-2\">L\/h<\/td><td class=\"column-3\">12 \u00e0 18<\/td><td class=\"column-4\">10 \u00e0 15<\/td>\n<\/tr>\n<\/tbody>\n<\/table>\n\n\n\n\n<div class=\"wp-block-buttons is-horizontal is-content-justification-center is-layout-flex wp-container-core-buttons-is-layout-03627597 wp-block-buttons-is-layout-flex\">\n<div class=\"wp-block-button\"><a class=\"wp-block-button__link wp-element-button\" href=\"https:\/\/obera.fr\/wp-content\/uploads\/2023\/03\/catalogue-filtre-rafraichisseur-ecoclim-2023.pdf\">Produktblatt herunterladen<\/a><\/div>\n<\/div>\n\n\n\n<h2 class=\"wp-block-heading\">Die Vorteile eines adiabatischen Luftk\u00fchlers<\/h2>\n\n\n\n<p>Im Gegensatz zu <strong>herk\u00f6mmlichen Klimaanlagen<\/strong> erfolgt die K\u00fchlung der Luft auf nat\u00fcrliche und angenehme Weise. Mit unserem Ger\u00e4t k\u00f6nnen Sie <strong>Luft in einen Raum blasen, um die gesamte Arbeitsatmosph\u00e4re zu erfrischen<\/strong>. Sie k\u00f6nnen aber auch k\u00fchle Zonen nur dort schaffen, wo Ihre Mitarbeiter arbeiten, ohne einen K\u00e4ltereiz zu verursachen, der Krankheiten wie Erk\u00e4ltungen, Bronchitis usw. hervorrufen k\u00f6nnte.<\/p>\n\n\n\n<p>Eine<strong> G4-Vorfilter<\/strong> wird vor der Wabenplatte angebracht, um neben frischer Luft auch eine gesunde und staubfreie Luft f\u00fcr die Bediener zu gew\u00e4hrleisten.<\/p>\n\n\n\n<p>Ein weiterer wichtiger Aspekt ist, dass unser Ger\u00e4t im Vergleich zu energieintensiven Klimaanlagen <strong>nur sehr wenig Strom verbraucht<\/strong> (90% bis 80% weniger). Das Ger\u00e4t muss nicht installiert werden, daher fallen keine zus\u00e4tzlichen Kosten an. Ausgestattet mit Rollen, kann es also dorthin bewegt werden, wohin Sie wollen. <\/p>\n\n\n\n<p>Adiabatische Luftk\u00fchler m\u00fcssen nicht \u00fcberwacht werden und verf\u00fcgen \u00fcber eine automatische Wasserzufuhr mit einem Ventil f\u00fcr den maximalen Wasserstand und einem Sensor f\u00fcr den minimalen Wasserstand. Das dicke Filtermedium besteht aus Zellen, die gro\u00df genug sind, um einen maximalen Luftstrom durchzulassen. Au\u00dferdem wird das Wasser an einer UV-Lampe vorbeigef\u00fchrt, die es sterilisiert, sodass Sie saubere und gesunde Luft ohne Bakterien und Viren erhalten.<\/p>\n\n\n\n<div class=\"wp-block-columns is-layout-flex wp-container-core-columns-is-layout-28f84493 wp-block-columns-is-layout-flex\">\n<div class=\"wp-block-column is-layout-flow wp-block-column-is-layout-flow\">\n<h3 class=\"wp-block-heading has-text-align-center\">Vorteile<\/h3>\n\n\n\n<ul class=\"wp-block-list\">\n<li>Plug &amp; Play<\/li>\n\n\n\n<li>Leistungsstark und leise<\/li>\n\n\n\n<li>Leicht und mobil auf Rollen<\/li>\n\n\n\n<li>Sehr geringer Verbrauch: Sie verbrauchen nur 10 bis 20% von dem, was eine herk\u00f6mmliche Klimaanlage verbraucht (gesch\u00e4tzte t\u00e4gliche Kosten f\u00fcr 120m2: Wasser + Strom = 1,10\u20ac\/d *).<\/li>\n\n\n\n<li>UV-Lampe zur Entkeimung des K\u00fchlwassers<\/li>\n<\/ul>\n<\/div>\n\n\n\n<div class=\"wp-block-column is-layout-flow wp-block-column-is-layout-flow\">\n<h3 class=\"wp-block-heading has-text-align-center\">Besonderheiten<\/h3>\n\n\n\n<ul class=\"wp-block-list\">\n<li>Kosteng\u00fcnstig : Keine Installationskosten und der Wechsel der Filtermedien ist in wenigen Minuten und kosteng\u00fcnstig erledigt.<\/li>\n\n\n\n<li>Keine Montage von Rohrleitungen oder Abluftkan\u00e4len erforderlich.<\/li>\n\n\n\n<li>Standard 220V-Steckdose<\/li>\n\n\n\n<li>Vorfilter G4 Grobstaub<\/li>\n<\/ul>\n<\/div>\n\n\n\n<div class=\"wp-block-column is-layout-flow wp-block-column-is-layout-flow\">\n<h3 class=\"wp-block-heading has-text-align-center\">Eigenschaften<\/h3>\n\n\n\n<ul class=\"wp-block-list\">\n<li>Filtert einen Teil des Staubs und der Gase durch das filternde\/befeuchtende Medium.<\/li>\n\n\n\n<li>Verbreitet eine angenehme Frische ohne &#8222;K\u00e4lteeffekt&#8220;.<\/li>\n<\/ul>\n<\/div>\n<\/div>\n\n\n\n<div class=\"wp-block-buttons is-horizontal is-content-justification-center is-layout-flex wp-container-core-buttons-is-layout-03627597 wp-block-buttons-is-layout-flex\">\n<div class=\"wp-block-button\"><a class=\"wp-block-button__link wp-element-button\" href=\"https:\/\/obera.fr\/de\/contact\/\">Weitere Informationen<\/a><\/div>\n<\/div>\n\n\n\n<h2 class=\"wp-block-heading\">Entdecken Sie die station\u00e4ren adiabatischen K\u00fchler<\/h2>\n\n\n\n<div class=\"wp-block-columns is-layout-flex wp-container-core-columns-is-layout-28f84493 wp-block-columns-is-layout-flex\">\n<div class=\"wp-block-column is-vertically-aligned-center is-layout-flow wp-block-column-is-layout-flow\">\n<figure class=\"wp-block-image aligncenter size-full is-resized\"><a href=\"https:\/\/obera.fr\/de\/produits\/rafraichisseurs-air\/biocool-fester-verdunstungslufterfrischer\/\"><img decoding=\"async\" width=\"300\" height=\"300\" src=\"https:\/\/obera.fr\/wp-content\/uploads\/2021\/12\/BIOCOOL-15.png\" alt=\"biocool 15\" class=\"wp-image-7801\" style=\"width:300px;height:300px\" srcset=\"https:\/\/obera.fr\/wp-content\/uploads\/2021\/12\/BIOCOOL-15.png 300w, https:\/\/obera.fr\/wp-content\/uploads\/2021\/12\/BIOCOOL-15-150x150.png 150w\" sizes=\"(max-width: 300px) 100vw, 300px\" \/><\/a><figcaption class=\"wp-element-caption\">BIOCOOL 15<\/figcaption><\/figure>\n<\/div>\n\n\n\n<div class=\"wp-block-column is-vertically-aligned-center is-layout-flow wp-block-column-is-layout-flow\">\n<figure class=\"wp-block-image aligncenter size-full is-resized\"><a href=\"https:\/\/obera.fr\/de\/produits\/rafraichisseurs-air\/biocool-fester-verdunstungslufterfrischer\/\"><img decoding=\"async\" width=\"300\" height=\"300\" src=\"https:\/\/obera.fr\/wp-content\/uploads\/2021\/12\/BIOCOOL-18.png\" alt=\"biocool 18\" class=\"wp-image-7802\" style=\"width:300px;height:300px\" srcset=\"https:\/\/obera.fr\/wp-content\/uploads\/2021\/12\/BIOCOOL-18.png 300w, https:\/\/obera.fr\/wp-content\/uploads\/2021\/12\/BIOCOOL-18-150x150.png 150w\" sizes=\"(max-width: 300px) 100vw, 300px\" \/><\/a><figcaption class=\"wp-element-caption\">BIOCOOL 18<\/figcaption><\/figure>\n<\/div>\n\n\n\n<div class=\"wp-block-column is-vertically-aligned-center is-layout-flow wp-block-column-is-layout-flow\">\n<figure class=\"wp-block-image aligncenter size-full is-resized\"><a href=\"https:\/\/obera.fr\/de\/produits\/rafraichisseurs-air\/biocool-fester-verdunstungslufterfrischer\/\"><img decoding=\"async\" width=\"300\" height=\"300\" src=\"https:\/\/obera.fr\/wp-content\/uploads\/2021\/12\/BIOCOOL-30.png\" alt=\"biocool 30\" class=\"wp-image-7803\" style=\"width:300px;height:300px\" srcset=\"https:\/\/obera.fr\/wp-content\/uploads\/2021\/12\/BIOCOOL-30.png 300w, https:\/\/obera.fr\/wp-content\/uploads\/2021\/12\/BIOCOOL-30-150x150.png 150w\" sizes=\"(max-width: 300px) 100vw, 300px\" \/><\/a><figcaption class=\"wp-element-caption\">BIOCOOL 30<\/figcaption><\/figure>\n\n\n\n<p><\/p>\n<\/div>\n<\/div>\n\n\n\n<p><\/p>\n","protected":false},"excerpt":{"rendered":"<p>Die beiden Produkte der Serie EcoCLIM sind einfach zu bedienende, mobile, kosteng\u00fcnstige und umweltfreundliche adiabatische Luftk\u00fchlungsfilter. Wie funktionieren adiabatische Luftk\u00fchlungsfilter? Die Funktionsweise ist einfach: Ein Axial-Wendelventilator an der R\u00fcckseite des adiabatischen Luftk\u00fchlers saugt die warme Luft durch das Ger\u00e4t. Die Luft durchl\u00e4uft eine G4-Filterschicht und dann eine K\u00fchlplatte aus Wabenstruktur, die st\u00e4ndig mit Wasser versorgt und getr\u00e4nkt wird (Wabentyp). Beim Durchgang durch die Alveolen verdampft die hei\u00dfe Luft das Wasser. Diese Verdunstung verbraucht Energie, die der durchstr\u00f6menden Luft entzogen wird. Es ist dieses Ph\u00e4nomen, das die Lufttemperatur senkt und daf\u00fcr sorgt, dass 10 bis 20 \u00b0C k\u00fchlere Luft ausgesto\u00dfen wird. &#8230; <\/p>\n<p class=\"read-more-container\"><a title=\"Filter Adiabatischer Luftk\u00fchler ecoCLIM 22 und 30\" class=\"read-more button\" href=\"https:\/\/obera.fr\/de\/produits\/rafraichisseurs-air\/adiabatischer-luftkuehler-ecoclim\/#more-11980\" aria-label=\"Mehr Informationen \u00fcber Filter Adiabatischer Luftk\u00fchler ecoCLIM 22 und 30\">Lire la suite<\/a><\/p>\n","protected":false},"author":4,"featured_media":12399,"parent":11976,"menu_order":0,"comment_status":"closed","ping_status":"closed","template":"","meta":{"_acf_changed":false,"_seopress_robots_primary_cat":"","_seopress_titles_title":"Adiabatische K\u00fchlfilter ecoCLIM 22 und 30","_seopress_titles_desc":"Die Serie EcoCLIM steht f\u00fcr adiabatische Luftk\u00fchler, die mit einer G4-Vorfilterung ausgestattet sind. Sie sind einfach zu bedienen, mobil, wirtschaftlich und umweltfreundlich.","_seopress_robots_index":"","_seopress_analysis_target_kw":"","footnotes":""},"class_list":{"0":"post-11980","1":"page","2":"type-page","3":"status-publish","4":"has-post-thumbnail","6":"no-featured-image-padding","7":"resize-featured-image"},"acf":[],"_links":{"self":[{"href":"https:\/\/obera.fr\/de\/wp-json\/wp\/v2\/pages\/11980","targetHints":{"allow":["GET"]}}],"collection":[{"href":"https:\/\/obera.fr\/de\/wp-json\/wp\/v2\/pages"}],"about":[{"href":"https:\/\/obera.fr\/de\/wp-json\/wp\/v2\/types\/page"}],"author":[{"embeddable":true,"href":"https:\/\/obera.fr\/de\/wp-json\/wp\/v2\/users\/4"}],"replies":[{"embeddable":true,"href":"https:\/\/obera.fr\/de\/wp-json\/wp\/v2\/comments?post=11980"}],"version-history":[{"count":6,"href":"https:\/\/obera.fr\/de\/wp-json\/wp\/v2\/pages\/11980\/revisions"}],"predecessor-version":[{"id":66354,"href":"https:\/\/obera.fr\/de\/wp-json\/wp\/v2\/pages\/11980\/revisions\/66354"}],"up":[{"embeddable":true,"href":"https:\/\/obera.fr\/de\/wp-json\/wp\/v2\/pages\/11976"}],"wp:featuredmedia":[{"embeddable":true,"href":"https:\/\/obera.fr\/de\/wp-json\/wp\/v2\/media\/12399"}],"wp:attachment":[{"href":"https:\/\/obera.fr\/de\/wp-json\/wp\/v2\/media?parent=11980"}],"curies":[{"name":"wp","href":"https:\/\/api.w.org\/{rel}","templated":true}]}}