{"id":12637,"date":"2022-05-21T10:30:19","date_gmt":"2022-05-21T08:30:19","guid":{"rendered":"https:\/\/obera.fr\/produkte\/stationaere-und-mobile-industrielle-luftkuehler\/biocool-fester-verdunstungslufterfrischer\/"},"modified":"2025-12-30T12:01:54","modified_gmt":"2025-12-30T10:01:54","slug":"biocool-fester-verdunstungslufterfrischer","status":"publish","type":"page","link":"https:\/\/obera.fr\/de\/produits\/rafraichisseurs-air\/biocool-fester-verdunstungslufterfrischer\/","title":{"rendered":"BIOCOOL Verdunstungs-Luftk\u00fchler"},"content":{"rendered":"\n<p>Die 3 Ger\u00e4te der <strong>BIOCOOL-<\/strong> Reihe sind station\u00e4re, wirtschaftliche und \u00f6kologische adiabate Luftk\u00fchler.<\/p>\n\n\n\n<h2 class=\"wp-block-heading\">Wie funktionieren station\u00e4re adiabate Luftk\u00fchler?<\/h2>\n\n\n\n<div class=\"wp-block-columns are-vertically-aligned-center is-layout-flex wp-container-core-columns-is-layout-28f84493 wp-block-columns-is-layout-flex\">\n<div class=\"wp-block-column is-vertically-aligned-center is-layout-flow wp-block-column-is-layout-flow\" style=\"flex-basis:33.33%\">\n<figure class=\"wp-block-image aligncenter size-medium is-resized\"><img decoding=\"async\" width=\"300\" height=\"300\" src=\"https:\/\/obera.fr\/wp-content\/uploads\/2021\/12\/Rafraichisseurs-bio-1-300x300.png\" alt=\"organische K\u00fchler 1\" class=\"wp-image-7768\" style=\"width:300px;height:300px\" srcset=\"https:\/\/obera.fr\/wp-content\/uploads\/2021\/12\/Rafraichisseurs-bio-1-300x300.png 300w, https:\/\/obera.fr\/wp-content\/uploads\/2021\/12\/Rafraichisseurs-bio-1-150x150.png 150w, https:\/\/obera.fr\/wp-content\/uploads\/2021\/12\/Rafraichisseurs-bio-1.png 500w\" sizes=\"(max-width: 300px) 100vw, 300px\" \/><figcaption class=\"wp-element-caption\">Feste adiabatische Luftk\u00fchler<\/figcaption><\/figure>\n\n\n\n<div class=\"wp-block-buttons is-horizontal is-content-justification-center is-layout-flex wp-container-core-buttons-is-layout-03627597 wp-block-buttons-is-layout-flex\">\n<div class=\"wp-block-button\"><a class=\"wp-block-button__link wp-element-button\" href=\"https:\/\/obera.fr\/de\/contact\/\">Weitere Informationen<\/a><\/div>\n<\/div>\n<\/div>\n\n\n\n<div class=\"wp-block-column is-vertically-aligned-center is-layout-flow wp-block-column-is-layout-flow\" style=\"flex-basis:66.66%\">\n<p>Nach dem gleichen Prinzip wie bei unseren mobilen adiabatischen Luftk\u00fchlern wird die hei\u00dfe Au\u00dfenluft mittels eines leisen und leistungsstarken Ventilators in die K\u00fchleinheit gesaugt und durch mit Wasser impr\u00e4gnierte Filtermedien geleitet, wobei sie durch den Prozess der nat\u00fcrlichen Verdunstung einen Teil der W\u00e4rme aufnimmt, die sorgt f\u00fcr das Gef\u00fchl einer k\u00fchlen Brise.<\/p>\n\n\n\n<p>Die Temperatur der Zuluft schwankt zwischen <strong>4 \u00baC und 12 \u00baC<\/strong> weniger als die Au\u00dfentemperatur, wodurch die Luft zwischen etwa 20 und 25 \u00baC str\u00f6mt. Die Maschine hat Systeme und Automatismen<br>die den Wartungsaufwand minimieren und das System flexibel f\u00fcr die Anpassung an jede Anwendung machen. <\/p>\n\n\n\n<h3 class=\"wp-block-heading\">In welchen F\u00e4llen kann man diese adiabatischen Luftk\u00fchler einsetzen ?<\/h3>\n\n\n\n<p>Fest installierte adiabatische Luftk\u00fchler k\u00f6nnen <strong>in allen Arten von Industrien verwendet<\/strong> werden, um einen gro\u00dfen Raum oder mehrere Arbeitspl\u00e4tze in der N\u00e4he einer W\u00e4rmequelle (\u00d6fen, Spritzgussmaschine, Ofen usw.) zu k\u00fchlen.<\/p>\n\n\n\n<h3 class=\"wp-block-heading\">EIN NACHHALTIGES SYSTEM<\/h3>\n\n\n\n<p>Die Bio-Klimaanlage ist eine K\u00fchlmethode, die nicht nur <strong>sehr sparsam<\/strong> , sondern auch <strong>gesund und \u00f6kologisch<\/strong> ist. Dieses System erm\u00f6glicht die st\u00e4ndige Erneuerung der Luft, verbessert ihre Qualit\u00e4t und Reinheit bei der Einf\u00fchrung in den Raum und leitet schlechte Ger\u00fcche, D\u00e4mpfe und Gase nach au\u00dfen ab, wodurch die Zug\u00e4nge offen bleiben .<\/p>\n<\/div>\n<\/div>\n\n\n\n<figure class=\"wp-block-image aligncenter size-full is-resized\"><img decoding=\"async\" width=\"1000\" height=\"400\" src=\"https:\/\/obera.fr\/wp-content\/uploads\/2021\/12\/Sans-titre.jpg\" alt=\"Obcoole Referenzen\" class=\"wp-image-7790\" style=\"width:925px;height:370px\" srcset=\"https:\/\/obera.fr\/wp-content\/uploads\/2021\/12\/Sans-titre.jpg 1000w, https:\/\/obera.fr\/wp-content\/uploads\/2021\/12\/Sans-titre-300x120.jpg 300w, https:\/\/obera.fr\/wp-content\/uploads\/2021\/12\/Sans-titre-768x307.jpg 768w\" sizes=\"(max-width: 1000px) 100vw, 1000px\" \/><\/figure>\n\n\n\n<h2 class=\"wp-block-heading\">Welche Eigenschaften haben diese station\u00e4ren adiabaten Luftk\u00fchler? <\/h2>\n\n\n\n<p>Es gibt 3 Ger\u00e4te im Bereich der station\u00e4ren adiabaten Luftk\u00fchler: <\/p>\n\n\n\n<p><strong>BIOCOOL 15<\/strong> ist mit einem <strong>Inverter-Axiall\u00fcfter<\/strong> ausgestattet, der es ihm erm\u00f6glicht, seine Geschwindigkeit und Leistung durch Anpassung an Temperatur\u00e4nderungen zu regulieren. So schaltet sich der L\u00fcfter bei zu hoher Temperatur ein und reduziert die Intensit\u00e4t bei milderen Umgebungstemperaturen. Sein Nenndurchfluss betr\u00e4gt <strong>15.000 m3\/h<\/strong> bei einem maximalen Verbrauch von <strong>1,2 kW<\/strong> . Sein maximales Einsatzgewicht betr\u00e4gt <strong>115 kg<\/strong> . BIOCOOL 15 ist nur im Seitenauslass erh\u00e4ltlich.<\/p>\n\n\n\n<p><strong>BIOCOOL 18<\/strong> verf\u00fcgt \u00fcber einen Einphasenmotor mit variablem Durchfluss, der ihm einen Nenndurchfluss von <strong>18.000 m3\/h<\/strong> verleiht. Genau wie BIOCOOL 15 ist es mit einem <strong>Inverter-Axiall\u00fcfter<\/strong> ausgestattet. Sein maximales Einsatzgewicht betr\u00e4gt <strong>110 kg<\/strong> . OBCOOL18 ist mit Ausgang unten, oben und seitlich erh\u00e4ltlich.<\/p>\n\n\n\n<p><strong>BIOCOOL 30<\/strong> wird von einem Drehstrommotor mit variablem Durchfluss angetrieben, der einen Nenndurchfluss von <strong>30.000 m3\/h<\/strong> erzeugt. Sein maximaler Verbrauch betr\u00e4gt <strong>3KW<\/strong> bei einem Gebrauchsgewicht von <strong>175kg<\/strong> . BIOCOOL 30 ist nur im Bodenablass erh\u00e4ltlich.<\/p>\n\n\n\n<div class=\"wp-block-columns is-layout-flex wp-container-core-columns-is-layout-28f84493 wp-block-columns-is-layout-flex\">\n<div class=\"wp-block-column is-layout-flow wp-block-column-is-layout-flow\">\n<figure class=\"wp-block-image aligncenter size-full is-resized\"><img decoding=\"async\" width=\"300\" height=\"300\" src=\"https:\/\/obera.fr\/wp-content\/uploads\/2021\/12\/BIOCOOL-15.png\" alt=\"biocool 15\" class=\"wp-image-7801\" style=\"width:222px;height:222px\" srcset=\"https:\/\/obera.fr\/wp-content\/uploads\/2021\/12\/BIOCOOL-15.png 300w, https:\/\/obera.fr\/wp-content\/uploads\/2021\/12\/BIOCOOL-15-150x150.png 150w\" sizes=\"(max-width: 300px) 100vw, 300px\" \/><figcaption class=\"wp-element-caption\">BIOCOOL 15<\/figcaption><\/figure>\n<\/div>\n\n\n\n<div class=\"wp-block-column is-layout-flow wp-block-column-is-layout-flow\">\n<figure class=\"wp-block-image aligncenter size-full is-resized\"><img decoding=\"async\" width=\"300\" height=\"300\" src=\"https:\/\/obera.fr\/wp-content\/uploads\/2021\/12\/BIOCOOL-18.png\" alt=\"biocool 18\" class=\"wp-image-7802\" style=\"width:225px;height:225px\" srcset=\"https:\/\/obera.fr\/wp-content\/uploads\/2021\/12\/BIOCOOL-18.png 300w, https:\/\/obera.fr\/wp-content\/uploads\/2021\/12\/BIOCOOL-18-150x150.png 150w\" sizes=\"(max-width: 300px) 100vw, 300px\" \/><figcaption class=\"wp-element-caption\">BIOCOOL 18<\/figcaption><\/figure>\n<\/div>\n\n\n\n<div class=\"wp-block-column is-layout-flow wp-block-column-is-layout-flow\">\n<figure class=\"wp-block-image aligncenter size-full is-resized\"><img decoding=\"async\" width=\"300\" height=\"300\" src=\"https:\/\/obera.fr\/wp-content\/uploads\/2021\/12\/BIOCOOL-30.png\" alt=\"biocool 30\" class=\"wp-image-7803\" style=\"width:225px;height:225px\" srcset=\"https:\/\/obera.fr\/wp-content\/uploads\/2021\/12\/BIOCOOL-30.png 300w, https:\/\/obera.fr\/wp-content\/uploads\/2021\/12\/BIOCOOL-30-150x150.png 150w\" sizes=\"(max-width: 300px) 100vw, 300px\" \/><figcaption class=\"wp-element-caption\">BIOCOOL 30<\/figcaption><\/figure>\n<\/div>\n<\/div>\n\n\n\n<h3 class=\"wp-block-heading has-text-align-center\">INDUSTRIES<\/h3>\n\n\n\n<p class=\"has-text-align-center\">Das BIOCOOL-Sortiment feststehender adiabatischer Luftk\u00fchler ist f\u00fcr praktisch alle Arten von Industrien und gro\u00dfen Arbeitsr\u00e4umen geeignet.<\/p>\n\n\n\n<div class=\"wp-block-columns are-vertically-aligned-center is-layout-flex wp-container-core-columns-is-layout-28f84493 wp-block-columns-is-layout-flex\">\n<div class=\"wp-block-column is-vertically-aligned-center is-layout-flow wp-block-column-is-layout-flow\">\n<div class=\"wp-block-columns is-layout-flex wp-container-core-columns-is-layout-28f84493 wp-block-columns-is-layout-flex\">\n<div class=\"wp-block-column is-layout-flow wp-block-column-is-layout-flow\">\n<figure class=\"wp-block-image aligncenter size-full\"><img decoding=\"async\" width=\"70\" height=\"70\" src=\"https:\/\/obera.fr\/wp-content\/uploads\/2021\/03\/industrie-agroalimentaire.jpg\" alt=\"Nahrungsmittelindustrie\" class=\"wp-image-4966\"\/><figcaption class=\"wp-element-caption\">Lebensmittelindustrie<\/figcaption><\/figure>\n\n\n\n<figure class=\"wp-block-image aligncenter size-full\"><img decoding=\"async\" width=\"70\" height=\"70\" src=\"https:\/\/obera.fr\/wp-content\/uploads\/2021\/03\/industrie-plastique.jpg\" alt=\"Kunststoffindustrie\" class=\"wp-image-4976\"\/><figcaption class=\"wp-element-caption\">Kunststoff<\/figcaption><\/figure>\n<\/div>\n\n\n\n<div class=\"wp-block-column is-layout-flow wp-block-column-is-layout-flow\">\n<figure class=\"wp-block-image aligncenter size-full is-resized\"><img decoding=\"async\" width=\"70\" height=\"70\" src=\"https:\/\/obera.fr\/wp-content\/uploads\/2021\/03\/industrie-metallurgie-1.jpg\" alt=\"Metallindustrie\" class=\"wp-image-4975\" style=\"width:70px;height:70px\"\/><figcaption class=\"wp-element-caption\">Metallurgie<\/figcaption><\/figure>\n\n\n\n<figure class=\"wp-block-image aligncenter size-full\"><img decoding=\"async\" width=\"70\" height=\"70\" src=\"https:\/\/obera.fr\/wp-content\/uploads\/2020\/08\/industrie-dechets.jpg\" alt=\"Produktmarke\" class=\"wp-image-726\"\/><figcaption class=\"wp-element-caption\">M\u00fcll sammeln und sortieren<\/figcaption><\/figure>\n<\/div>\n<\/div>\n<\/div>\n\n\n\n<div class=\"wp-block-column is-vertically-aligned-center is-layout-flow wp-block-column-is-layout-flow\">\n<div class=\"wp-block-columns is-layout-flex wp-container-core-columns-is-layout-28f84493 wp-block-columns-is-layout-flex\">\n<div class=\"wp-block-column is-layout-flow wp-block-column-is-layout-flow\">\n<figure class=\"wp-block-image aligncenter size-full\"><img decoding=\"async\" width=\"70\" height=\"70\" src=\"https:\/\/obera.fr\/wp-content\/uploads\/2021\/03\/industrie-textile.jpg\" alt=\"Textilindustrie\" class=\"wp-image-4980\"\/><figcaption class=\"wp-element-caption\">Textilien<\/figcaption><\/figure>\n\n\n\n<figure class=\"wp-block-image aligncenter size-full is-resized\"><img decoding=\"async\" width=\"70\" height=\"70\" src=\"https:\/\/obera.fr\/wp-content\/uploads\/2021\/03\/industrie-minerai.jpg\" alt=\"Erzindustrie\" class=\"wp-image-4977\" style=\"width:70px;height:70px\"\/><figcaption class=\"wp-element-caption\">Erze<\/figcaption><\/figure>\n<\/div>\n\n\n\n<div class=\"wp-block-column is-layout-flow wp-block-column-is-layout-flow\">\n<figure class=\"wp-block-image aligncenter size-full\"><img decoding=\"async\" width=\"70\" height=\"70\" src=\"https:\/\/obera.fr\/wp-content\/uploads\/2021\/03\/industrie-bois.jpg\" alt=\"Holzindustrie\" class=\"wp-image-4979\"\/><figcaption class=\"wp-element-caption\">Holzbearbeitung<\/figcaption><\/figure>\n\n\n\n<figure class=\"wp-block-image aligncenter size-full\"><img decoding=\"async\" width=\"70\" height=\"70\" src=\"https:\/\/obera.fr\/wp-content\/uploads\/2021\/03\/industrie-papier-carton.jpg\" alt=\"Kartonpapierindustrie\" class=\"wp-image-4982\"\/><figcaption class=\"wp-element-caption\">Papier\/Karton<\/figcaption><\/figure>\n<\/div>\n<\/div>\n<\/div>\n<\/div>\n\n\n\n<div class=\"wp-block-buttons is-horizontal is-content-justification-center is-layout-flex wp-container-core-buttons-is-layout-03627597 wp-block-buttons-is-layout-flex\">\n<div class=\"wp-block-button\"><a class=\"wp-block-button__link no-border-radius wp-element-button\" href=\"https:\/\/obera.fr\/wp-content\/uploads\/2021\/12\/Catalogue_OberA_biocool_FR.pdf\"> Laden Sie das Produktblatt herunter <\/a><\/div>\n<\/div>\n\n\n\n<h2 class=\"wp-block-heading\">Die Vorteile eines festen adiabaten Luftk\u00fchlers<\/h2>\n\n\n\n<p>Im Gegensatz zu herk\u00f6mmlichen Klimaanlagen k\u00fchlt die Luft nat\u00fcrlich und angenehm. Unser Angebot an station\u00e4ren adiabatischen Luftk\u00fchlern bl\u00e4st Luft in einen Raum oder ein Geb\u00e4ude, um die gesamte Arbeitsatmosph\u00e4re zu erfrischen, ohne K\u00e4lteeinbr\u00fcche zu verursachen, die zu Erk\u00e4ltungen, Bronchitis und anderen Krankheiten f\u00fchren k\u00f6nnen. <\/p>\n\n\n\n<p>Ein weiterer wichtiger Aspekt ist, dass unsere Ger\u00e4te im Vergleich zu sehr energieintensiven Klimaanlagen sehr wenig Energie verbrauchen (80 % weniger).<\/p>\n\n\n\n<h3 class=\"wp-block-heading\">Gewinne <\/h3>\n\n\n\n<div class=\"wp-block-columns is-layout-flex wp-container-core-columns-is-layout-28f84493 wp-block-columns-is-layout-flex\">\n<div class=\"wp-block-column is-layout-flow wp-block-column-is-layout-flow\">\n<ul class=\"wp-block-list\">\n<li>Reduziert die Temperatur je nach \u00e4u\u00dferen Bedingungen zwischen 7\u00b0C und 20\u00b0C<\/li>\n\n\n\n<li>Verbraucht 80 % weniger als herk\u00f6mmliche Klimaanlagen<\/li>\n\n\n\n<li>Erm\u00f6glicht zonenweises K\u00fchlen<\/li>\n<\/ul>\n<\/div>\n\n\n\n<div class=\"wp-block-column is-layout-flow wp-block-column-is-layout-flow\">\n<ul class=\"wp-block-list\">\n<li>Verbessert die Produktivit\u00e4t<\/li>\n\n\n\n<li>Erneuert 100 % der Au\u00dfenluft, gefiltert und frisch<\/li>\n\n\n\n<li>Verbessert die Luftqualit\u00e4t durch Entfernung von Ger\u00fcchen, Staub und D\u00e4mpfen<\/li>\n<\/ul>\n<\/div>\n\n\n\n<div class=\"wp-block-column is-layout-flow wp-block-column-is-layout-flow\">\n<ul class=\"wp-block-list\">\n<li>Keine Schlie\u00dfpflicht von T\u00fcren und Fenstern<\/li>\n\n\n\n<li>Reduziert statische Elektrizit\u00e4t<\/li>\n<\/ul>\n<\/div>\n<\/div>\n\n\n\n<h3 class=\"wp-block-heading\">M\u00d6GLICHKEIT<\/h3>\n\n\n\n<div class=\"wp-block-columns are-vertically-aligned-center is-layout-flex wp-container-core-columns-is-layout-28f84493 wp-block-columns-is-layout-flex\">\n<div class=\"wp-block-column is-vertically-aligned-center is-layout-flow wp-block-column-is-layout-flow\" style=\"flex-basis:33.33%\">\n<figure class=\"wp-block-image aligncenter size-full is-resized\"><img decoding=\"async\" width=\"423\" height=\"198\" src=\"https:\/\/obera.fr\/wp-content\/uploads\/2021\/12\/NETTOYANT-OZONE-2.jpg\" alt=\"Ozonreiniger\" class=\"wp-image-7776\" style=\"width:387px;height:181px\" srcset=\"https:\/\/obera.fr\/wp-content\/uploads\/2021\/12\/NETTOYANT-OZONE-2.jpg 423w, https:\/\/obera.fr\/wp-content\/uploads\/2021\/12\/NETTOYANT-OZONE-2-300x140.jpg 300w\" sizes=\"(max-width: 423px) 100vw, 423px\" \/><\/figure>\n<\/div>\n\n\n\n<div class=\"wp-block-column is-vertically-aligned-center is-layout-flow wp-block-column-is-layout-flow\">\n<p><strong>WASSERREINIGUNGSMANAGEMENT MIT OZON-ANTIMIKROBIELLER TECHNOLOGIE<\/strong><\/p>\n\n\n\n<p>Das integrierte Ozonsystem <strong>(optional)<\/strong> erm\u00f6glicht es, wie zahlreiche Studien belegen, die Anzahl der Mikroben im Wasser ab der ersten Betriebsstunde vermeintlich zu reduzieren und nach 3-4 Stunden vollst\u00e4ndig zu eliminieren<\/p>\n<\/div>\n<\/div>\n\n\n\n<h2 class=\"wp-block-heading\">Innovation bei Komponenten<\/h2>\n\n\n\n<div class=\"wp-block-columns are-vertically-aligned-center is-layout-flex wp-container-core-columns-is-layout-28f84493 wp-block-columns-is-layout-flex\">\n<div class=\"wp-block-column is-vertically-aligned-center is-layout-flow wp-block-column-is-layout-flow\">\n<figure class=\"wp-block-image aligncenter size-full is-resized\"><img decoding=\"async\" width=\"500\" height=\"500\" src=\"https:\/\/obera.fr\/wp-content\/uploads\/2021\/12\/Innovations-composants-biocool.png\" alt=\"Innovationen Biocool-Komponenten\" class=\"wp-image-7759\" style=\"width:421px;height:421px\" srcset=\"https:\/\/obera.fr\/wp-content\/uploads\/2021\/12\/Innovations-composants-biocool.png 500w, https:\/\/obera.fr\/wp-content\/uploads\/2021\/12\/Innovations-composants-biocool-300x300.png 300w, https:\/\/obera.fr\/wp-content\/uploads\/2021\/12\/Innovations-composants-biocool-150x150.png 150w\" sizes=\"(max-width: 500px) 100vw, 500px\" \/><\/figure>\n<\/div>\n\n\n\n<div class=\"wp-block-column is-vertically-aligned-center is-layout-flow wp-block-column-is-layout-flow\" style=\"flex-basis:600px\">\n<p><strong>VORFILTER<\/strong><\/p>\n\n\n\n<p>Die seitlichen Vorfilter (optional) gew\u00e4hrleisten die Aufrechterhaltung der Befeuchtungsmedien, wenn die Ger\u00e4te in Umgebungen mit verschmutzter oder verbrauchter Luft (M\u00fccken, Kiefernnadeln usw.) arbeiten.<\/p>\n\n\n\n<p><strong>OFFENER DURCHGANG WASSERVERTEILUNG<\/strong><\/p>\n\n\n\n<p>Die Wasserverteilung ist kontinuierlich und vollst\u00e4ndig ausgeglichen \u00fcber alle K\u00fchlmedien. Die konstante Wasserverteilung sorgt daf\u00fcr, dass die S\u00e4ttigung der Medien optimal erhalten bleibt und somit die K\u00fchlwirkung maximiert wird.<\/p>\n\n\n\n<p><strong>AUTOMATISCHER KANALVERSCHLUSS<\/strong><\/p>\n\n\n\n<p>Das Schlie\u00dfen wird aktiviert, wenn der K\u00fchler nicht in Betrieb ist. Das verhindert Staub- und Schmutzansammlungen im Winter und stoppt auch den \u201eKamineffekt\u201c, der verhindert, dass warme Luft entweicht oder kalte Luft von au\u00dfen eindringt.<\/p>\n\n\n\n<p><strong>SCHNELLVERBINDER<\/strong><\/p>\n\n\n\n<p>Die Schnellkupplungen bringen ein Plus an allgemeiner Qualit\u00e4t der Ausr\u00fcstung. Sie erleichtern nicht nur die Wartung und den Austausch von Komponenten, sondern sind auch mit den weltweit f\u00fchrenden Herstellern kompatibel.<\/p>\n\n\n\n<p><strong>EXTERNER ANSCHLUSS<\/strong><\/p>\n\n\n\n<p>Externer Netzschalter mit eingebauter Sicherung zum Schutz des Ger\u00e4tes und zur Gew\u00e4hrleistung sicherer Wartungsarbeiten.<\/p>\n<\/div>\n<\/div>\n\n\n\n<h2 class=\"wp-block-heading\">Ein fortschrittliches Kontrollsystem<\/h2>\n\n\n\n<div class=\"wp-block-columns is-layout-flex wp-container-core-columns-is-layout-28f84493 wp-block-columns-is-layout-flex\">\n<div class=\"wp-block-column is-vertically-aligned-center is-layout-flow wp-block-column-is-layout-flow\" style=\"flex-basis:33.33%\">\n<figure class=\"wp-block-image aligncenter size-full is-resized\"><img decoding=\"async\" width=\"221\" height=\"144\" src=\"https:\/\/obera.fr\/wp-content\/uploads\/2021\/12\/panneau-controle-OBCOOL.jpg\" alt=\"Obcooles Bedienfeld\" class=\"wp-image-7779\" style=\"width:221px;height:144px\"\/><figcaption class=\"wp-element-caption\">BIOCOOL-Bedienfeld<\/figcaption><\/figure>\n<\/div>\n\n\n\n<div class=\"wp-block-column is-layout-flow wp-block-column-is-layout-flow\" style=\"flex-basis:66.66%\">\n<p>Das fortschrittliche Steuersystem verf\u00fcgt \u00fcber <strong>3 voreingestellte Programmiermodi<\/strong> je nach Luftfeuchtigkeit und\/oder Temperatur. Das <strong>Vork\u00fchlsystem<\/strong> verhindert das Einbringen hei\u00dfer Luft vor der Inbetriebnahme der Ger\u00e4te. Es ist m\u00f6glich und ratsam, <strong>die Medien vor dem Abschalten zu trocknen<\/strong> , um die Hygiene der <strong>BIOCOOLs<\/strong> zu maximieren. <\/p>\n\n\n\n<p>Ein externer Sensor ist vorhanden, um die <strong>Temperatur und Luftfeuchtigkeit<\/strong> des Arbeitsbereichs anzuzeigen. Es ist m\u00f6glich, eine <strong>t\u00e4gliche Programmierung vorzunehmen<\/strong> und die verschiedenen Betriebsparameter bei Stromausfall zu <strong>speichern<\/strong> . <\/p>\n\n\n\n<p>Steuern Sie mit der <strong>Fernbedienung<\/strong> einzeln oder in Gruppen, wo immer Sie wollen, die fest installierten adiabaten K\u00fchleinheiten. Das Kontrollsystem erm\u00f6glicht es sogar <strong>, eventuelle Fehler und deren Ursachen zu identifizieren<\/strong> . <\/p>\n<\/div>\n<\/div>\n\n\n\n<div class=\"wp-block-buttons is-horizontal is-content-justification-center is-layout-flex wp-container-core-buttons-is-layout-03627597 wp-block-buttons-is-layout-flex\">\n<div class=\"wp-block-button\"><a class=\"wp-block-button__link wp-element-button\" href=\"https:\/\/obera.fr\/de\/contact\/\">Weitere Informationen<\/a><\/div>\n<\/div>\n\n\n\n<h2 class=\"wp-block-heading\">Entdecken Sie mobile adiabatische K\u00fchler<\/h2>\n\n\n\n<div class=\"wp-block-columns is-layout-flex wp-container-core-columns-is-layout-28f84493 wp-block-columns-is-layout-flex\">\n<div class=\"wp-block-column is-layout-flow wp-block-column-is-layout-flow\"><\/div>\n\n\n\n<div class=\"wp-block-column is-layout-flow wp-block-column-is-layout-flow\"><\/div>\n\n\n\n<div class=\"wp-block-column is-vertically-aligned-center is-layout-flow wp-block-column-is-layout-flow\"><\/div>\n<\/div>\n","protected":false},"excerpt":{"rendered":"<p>Die 3 Ger\u00e4te der BIOCOOL- Reihe sind station\u00e4re, wirtschaftliche und \u00f6kologische adiabate Luftk\u00fchler. Wie funktionieren station\u00e4re adiabate Luftk\u00fchler? Nach dem gleichen Prinzip wie bei unseren mobilen adiabatischen Luftk\u00fchlern wird die hei\u00dfe Au\u00dfenluft mittels eines leisen und leistungsstarken Ventilators in die K\u00fchleinheit gesaugt und durch mit Wasser impr\u00e4gnierte Filtermedien geleitet, wobei sie durch den Prozess der nat\u00fcrlichen Verdunstung einen Teil der W\u00e4rme aufnimmt, die sorgt f\u00fcr das Gef\u00fchl einer k\u00fchlen Brise. Die Temperatur der Zuluft schwankt zwischen 4 \u00baC und 12 \u00baC weniger als die Au\u00dfentemperatur, wodurch die Luft zwischen etwa 20 und 25 \u00baC str\u00f6mt. Die Maschine hat Systeme und &#8230; <\/p>\n<p class=\"read-more-container\"><a title=\"BIOCOOL Verdunstungs-Luftk\u00fchler\" class=\"read-more button\" href=\"https:\/\/obera.fr\/de\/produits\/rafraichisseurs-air\/biocool-fester-verdunstungslufterfrischer\/#more-12637\" aria-label=\"Mehr Informationen \u00fcber BIOCOOL Verdunstungs-Luftk\u00fchler\">Lire la suite<\/a><\/p>\n","protected":false},"author":4,"featured_media":11304,"parent":11976,"menu_order":0,"comment_status":"closed","ping_status":"closed","template":"","meta":{"_acf_changed":false,"_seopress_robots_primary_cat":"","_seopress_titles_title":"Adiabatische Luftk\u00fchler BIOCOOL 15\/18\/30","_seopress_titles_desc":"Entdecken Sie die Produktreihe der adiabatischen BIOCOOL-Luftk\u00fchler, ideal zur nat\u00fcrlichen und wirtschaftlichen K\u00fchlung gro\u00dfer Arbeitsbereiche.","_seopress_robots_index":"","footnotes":""},"class_list":{"0":"post-12637","1":"page","2":"type-page","3":"status-publish","4":"has-post-thumbnail","6":"no-featured-image-padding","7":"resize-featured-image"},"acf":[],"_links":{"self":[{"href":"https:\/\/obera.fr\/de\/wp-json\/wp\/v2\/pages\/12637","targetHints":{"allow":["GET"]}}],"collection":[{"href":"https:\/\/obera.fr\/de\/wp-json\/wp\/v2\/pages"}],"about":[{"href":"https:\/\/obera.fr\/de\/wp-json\/wp\/v2\/types\/page"}],"author":[{"embeddable":true,"href":"https:\/\/obera.fr\/de\/wp-json\/wp\/v2\/users\/4"}],"replies":[{"embeddable":true,"href":"https:\/\/obera.fr\/de\/wp-json\/wp\/v2\/comments?post=12637"}],"version-history":[{"count":3,"href":"https:\/\/obera.fr\/de\/wp-json\/wp\/v2\/pages\/12637\/revisions"}],"predecessor-version":[{"id":136419,"href":"https:\/\/obera.fr\/de\/wp-json\/wp\/v2\/pages\/12637\/revisions\/136419"}],"up":[{"embeddable":true,"href":"https:\/\/obera.fr\/de\/wp-json\/wp\/v2\/pages\/11976"}],"wp:featuredmedia":[{"embeddable":true,"href":"https:\/\/obera.fr\/de\/wp-json\/wp\/v2\/media\/11304"}],"wp:attachment":[{"href":"https:\/\/obera.fr\/de\/wp-json\/wp\/v2\/media?parent=12637"}],"curies":[{"name":"wp","href":"https:\/\/api.w.org\/{rel}","templated":true}]}}