{"id":13295,"date":"2020-08-26T16:20:18","date_gmt":"2020-08-26T14:20:18","guid":{"rendered":"https:\/\/obera.fr\/entdecken-sie-obera-2\/"},"modified":"2024-10-07T12:12:59","modified_gmt":"2024-10-07T10:12:59","slug":"entdecken-sie-obera-2","status":"publish","type":"page","link":"https:\/\/obera.fr\/de\/entdecken-sie-obera-2\/","title":{"rendered":"Entdecken Sie oberA"},"content":{"rendered":"\n<h2 class=\"wp-block-heading\">Unser Slogan: \u201eEntfernen Sie Staub und Schadstoffe von Ihren Arbeitspl\u00e4tzen!\u201c<\/h2>\n\n<p><a href=\"https:\/\/obera.fr\/decouvrir\/histoire\/\" data-type=\"page\" data-id=\"735\">OberA<\/a> mit Sitz im Elsass entwickelt und vertreibt station\u00e4re und mobile Ger\u00e4te zur Entstaubung, Luftreinigung und Luftk\u00fchlung. Als Experte f\u00fcr industrielle Luftbehandlung liefert oberA Ihnen nicht nur ein Produkt, sondern all sein Know-how und eine echte \u00dcberwachung der Qualit\u00e4t Ihrer Luft w\u00e4hrend des gesamten Projekts, um Ihnen ein Ergebnis zu garantieren. <\/p>\n\n<div class=\"wp-block-buttons is-content-justification-center is-layout-flex wp-container-core-buttons-is-layout-a89b3969 wp-block-buttons-is-layout-flex\">\n<div class=\"wp-block-button\"><a class=\"wp-block-button__link\" href=\"https:\/\/obera.fr\/ils-parlent-de-nous-presse-media\/\">Sie sprechen \u00fcber uns<\/a><\/div>\n\n\n\n<div class=\"wp-block-button\"><a class=\"wp-block-button__link\" href=\"https:\/\/obera.fr\/decouvrir\/salons\/\">Die n\u00e4chsten Messen<\/a><\/div>\n<\/div>\n\n<h2 class=\"wp-block-heading\">Unsere Aufgabe<\/h2>\n\n<div class=\"wp-block-columns are-vertically-aligned-center is-layout-flex wp-container-core-columns-is-layout-28f84493 wp-block-columns-is-layout-flex\">\n<div class=\"wp-block-column is-vertically-aligned-center is-layout-flow wp-block-column-is-layout-flow\">\n<figure class=\"wp-block-image size-large is-resized\"><img decoding=\"async\" src=\"https:\/\/obera.fr\/wp-content\/uploads\/2020\/11\/34-dustomat-4-1024x576.jpg\" alt=\"Staubsammler - Staub\" class=\"wp-image-1659\" width=\"512\" height=\"288\" srcset=\"https:\/\/obera.fr\/wp-content\/uploads\/2020\/11\/34-dustomat-4-1024x576.jpg 1024w, https:\/\/obera.fr\/wp-content\/uploads\/2020\/11\/34-dustomat-4-300x169.jpg 300w, https:\/\/obera.fr\/wp-content\/uploads\/2020\/11\/34-dustomat-4-768x432.jpg 768w, https:\/\/obera.fr\/wp-content\/uploads\/2020\/11\/34-dustomat-4.jpg 1200w\" sizes=\"(max-width: 512px) 100vw, 512px\" \/><\/figure><\/div>\n\n\n\n<div class=\"wp-block-column is-vertically-aligned-center is-layout-flow wp-block-column-is-layout-flow\">\n<p>oberA ist Experte f\u00fcr Luftqualit\u00e4t f\u00fcr Profis und hilft Ihnen, Ihre Mitarbeiter zu sch\u00fctzen, ihren Komfort und ihre Produktivit\u00e4t zu verbessern, indem es ihnen gesunde Luft garantiert.<\/p>\n\n\n\n<blockquote class=\"wp-block-quote is-layout-flow wp-block-quote-is-layout-flow\"><p>Ihr Garant f\u00fcr Luftqualit\u00e4t<\/p><\/blockquote>\n<\/div>\n<\/div>\n\n<h2 class=\"wp-block-heading\">Berufe von oberA<\/h2>\n\n<div class=\"wp-block-image\"><figure class=\"aligncenter size-full\"><img decoding=\"async\" width=\"406\" height=\"304\" src=\"https:\/\/obera.fr\/wp-content\/uploads\/2022\/05\/Les-metiers-doberA.png\" alt=\"die Dobera-Trades\" class=\"wp-image-12478\" srcset=\"https:\/\/obera.fr\/wp-content\/uploads\/2022\/05\/Les-metiers-doberA.png 406w, https:\/\/obera.fr\/wp-content\/uploads\/2022\/05\/Les-metiers-doberA-300x225.png 300w\" sizes=\"(max-width: 406px) 100vw, 406px\" \/><\/figure><\/div>\n\n<h2 class=\"wp-block-heading\">Unsere Methodik<\/h2>\n\n<p>Wir schlagen vor, zun\u00e4chst eine <strong>Messung<\/strong> sowie eine <strong>Staubungsdiagnose<\/strong> durchzuf\u00fchren. Dies dient dazu, die Menge und Art des Staubs in Ihrem Arbeitsbereich zu bestimmen. Nach dieser Analyse <strong>empfehlen wir eine der Situation angepasste L\u00f6sung<\/strong> sowie ein <strong>erwartetes Ergebnis<\/strong> . Nach der Validierung mit Ihnen fahren wir mit der <strong>Einrichtung der L\u00f6sung<\/strong> fort . Um die Wirksamkeit der implementierten L\u00f6sung zu verifizieren, wird sp\u00e4ter eine <strong>zweite Messung<\/strong> durchgef\u00fchrt. Wenn die Ergebnisse den erwarteten entsprechen, \u00e4ndern wir nichts, wenn es nicht ausreichend effektiv ist, passen wir <strong>unsere L\u00f6sung<\/strong> an. <\/p>\n\n<div class=\"wp-block-image\"><figure class=\"aligncenter size-full\"><img decoding=\"async\" width=\"684\" height=\"247\" src=\"https:\/\/obera.fr\/wp-content\/uploads\/2022\/05\/Capture-decran-2022-05-03-162613.jpg\" alt=\"Screenshot 2022 05 03 162613\" class=\"wp-image-12434\" srcset=\"https:\/\/obera.fr\/wp-content\/uploads\/2022\/05\/Capture-decran-2022-05-03-162613.jpg 684w, https:\/\/obera.fr\/wp-content\/uploads\/2022\/05\/Capture-decran-2022-05-03-162613-300x108.jpg 300w\" sizes=\"(max-width: 684px) 100vw, 684px\" \/><\/figure><\/div>\n\n<p>Nur OberA bietet es Ihnen an, um eine sichere und effektive Investition zu garantieren, ist es m\u00f6glich, <strong>unsere Ger\u00e4te \u00fcber einen Zeitraum von 1 bis 3 Monaten zu testen,<\/strong> der vom Kaufpreis abgezogen werden kann. F\u00fcr die Nutzung \u00fcber einen festgelegten Zeitraum oder f\u00fcr kurzfristigen Bedarf besteht die M\u00f6glichkeit, <strong>unsere Ger\u00e4te f\u00fcr einen Zeitraum von 12 bis 63 Monaten mit Kaufoption zu mieten<\/strong> . <\/p>\n\n<div class=\"wp-block-image\"><figure class=\"aligncenter size-full is-resized\"><img decoding=\"async\" src=\"https:\/\/obera.fr\/wp-content\/uploads\/2022\/05\/Capture-decran-2022-05-03-162509.jpg\" alt=\"Unsere Methodik\" class=\"wp-image-12431\" width=\"553\" height=\"212\" srcset=\"https:\/\/obera.fr\/wp-content\/uploads\/2022\/05\/Capture-decran-2022-05-03-162509.jpg 644w, https:\/\/obera.fr\/wp-content\/uploads\/2022\/05\/Capture-decran-2022-05-03-162509-300x115.jpg 300w\" sizes=\"(max-width: 553px) 100vw, 553px\" \/><\/figure><\/div>\n\n<h3 class=\"has-text-align-center wp-block-heading\">Minimieren Sie die Risiken Ihrer Investition, <strong>kaufen Sie ein Ergebnis!<\/strong> <\/h3>\n\n<div style=\"height:30px\" aria-hidden=\"true\" class=\"wp-block-spacer\"><\/div>\n\n<h2 class=\"wp-block-heading\">Unsere Stellpl\u00e4tze<\/h2>\n\n<div class=\"wp-block-columns is-layout-flex wp-container-core-columns-is-layout-28f84493 wp-block-columns-is-layout-flex\">\n<div class=\"wp-block-column is-vertically-aligned-top is-layout-flow wp-block-column-is-layout-flow\" style=\"flex-basis:33.33%\">\n<h3 class=\"wp-block-heading\">Frankreich<\/h3>\n\n\n\n<p><strong>OberA Nord und Region Paris<\/strong> : 01 84 21 48 81<\/p>\n\n\n\n<p><strong>OberA Nordost<\/strong> : 03 67 10 66 75<\/p>\n\n\n\n<p><strong>OberA S\u00fcdost<\/strong> : 04 28 39 04 05<\/p>\n\n\n\n<p><strong>OberA S\u00fcdwest<\/strong> : 05 86 22 06 82<\/p>\n\n\n\n<hr class=\"wp-block-separator\"\/>\n\n\n\n<h3 class=\"wp-block-heading\">EUROPA<\/h3>\n\n\n\n<p><strong>OberA Belgien<\/strong> : 07 88 37 75 16<\/p>\n\n\n\n<p><strong>OberA Deutschland<\/strong> : +49 176 311 83 081<\/p>\n<\/div>\n\n\n\n<div class=\"wp-block-column is-layout-flow wp-block-column-is-layout-flow\" style=\"flex-basis:66.66%\">\n<figure class=\"wp-block-image size-full\"><img decoding=\"async\" width=\"1000\" height=\"900\" src=\"https:\/\/obera.fr\/wp-content\/uploads\/2022\/05\/OberA-SUD-OUEST.png\" alt=\"oberA Stellpl&#xE4;tze\" class=\"wp-image-12442\" srcset=\"https:\/\/obera.fr\/wp-content\/uploads\/2022\/05\/OberA-SUD-OUEST.png 1000w, https:\/\/obera.fr\/wp-content\/uploads\/2022\/05\/OberA-SUD-OUEST-300x270.png 300w, https:\/\/obera.fr\/wp-content\/uploads\/2022\/05\/OberA-SUD-OUEST-768x691.png 768w\" sizes=\"(max-width: 1000px) 100vw, 1000px\" \/><\/figure><\/div>\n<\/div>\n\n<p>Entdecken Sie unsere treuen <a href=\"https:\/\/obera.fr\/decouvrir\/nos-clients\/\" data-type=\"page\" data-id=\"743\">Kunden<\/a> .<\/p>\n","protected":false},"excerpt":{"rendered":"<p>Unser Slogan: \u201eEntfernen Sie Staub und Schadstoffe von Ihren Arbeitspl\u00e4tzen!\u201c OberA mit Sitz im Elsass entwickelt und vertreibt station\u00e4re und mobile Ger\u00e4te zur Entstaubung, Luftreinigung und Luftk\u00fchlung. Als Experte f\u00fcr industrielle Luftbehandlung liefert oberA Ihnen nicht nur ein Produkt, sondern all sein Know-how und eine echte \u00dcberwachung der Qualit\u00e4t Ihrer Luft w\u00e4hrend des gesamten Projekts, um Ihnen ein Ergebnis zu garantieren. Unsere Aufgabe oberA ist Experte f\u00fcr Luftqualit\u00e4t f\u00fcr Profis und hilft Ihnen, Ihre Mitarbeiter zu sch\u00fctzen, ihren Komfort und ihre Produktivit\u00e4t zu verbessern, indem es ihnen gesunde Luft garantiert. Ihr Garant f\u00fcr Luftqualit\u00e4t Berufe von oberA Unsere Methodik Wir &#8230; <\/p>\n<p class=\"read-more-container\"><a title=\"Entdecken Sie oberA\" class=\"read-more button\" href=\"https:\/\/obera.fr\/de\/entdecken-sie-obera-2\/#more-13295\" aria-label=\"Mehr Informationen \u00fcber Entdecken Sie oberA\">Lire la suite<\/a><\/p>\n","protected":false},"author":4,"featured_media":10734,"parent":0,"menu_order":0,"comment_status":"closed","ping_status":"closed","template":"","meta":{"_acf_changed":false,"_seopress_robots_primary_cat":"","_seopress_titles_title":"Entdecken Sie oberA","_seopress_titles_desc":"Erfahren Sie mehr \u00fcber oberA, unsere Mission, unsere Gesch\u00e4fte, unsere Methodik und unsere geografischen Standorte.","_seopress_robots_index":"","footnotes":""},"class_list":{"0":"post-13295","1":"page","2":"type-page","3":"status-publish","4":"has-post-thumbnail","6":"no-featured-image-padding","7":"resize-featured-image"},"acf":[],"_links":{"self":[{"href":"https:\/\/obera.fr\/de\/wp-json\/wp\/v2\/pages\/13295","targetHints":{"allow":["GET"]}}],"collection":[{"href":"https:\/\/obera.fr\/de\/wp-json\/wp\/v2\/pages"}],"about":[{"href":"https:\/\/obera.fr\/de\/wp-json\/wp\/v2\/types\/page"}],"author":[{"embeddable":true,"href":"https:\/\/obera.fr\/de\/wp-json\/wp\/v2\/users\/4"}],"replies":[{"embeddable":true,"href":"https:\/\/obera.fr\/de\/wp-json\/wp\/v2\/comments?post=13295"}],"version-history":[{"count":1,"href":"https:\/\/obera.fr\/de\/wp-json\/wp\/v2\/pages\/13295\/revisions"}],"predecessor-version":[{"id":13297,"href":"https:\/\/obera.fr\/de\/wp-json\/wp\/v2\/pages\/13295\/revisions\/13297"}],"wp:featuredmedia":[{"embeddable":true,"href":"https:\/\/obera.fr\/de\/wp-json\/wp\/v2\/media\/10734"}],"wp:attachment":[{"href":"https:\/\/obera.fr\/de\/wp-json\/wp\/v2\/media?parent=13295"}],"curies":[{"name":"wp","href":"https:\/\/api.w.org\/{rel}","templated":true}]}}