{"id":147970,"date":"2026-03-13T17:59:04","date_gmt":"2026-03-13T15:59:04","guid":{"rendered":"https:\/\/obera.fr\/unsere-dienstleistungen-loesungen-fuer-industrielle-luftbehandlung-von-obera\/"},"modified":"2026-03-13T18:49:55","modified_gmt":"2026-03-13T16:49:55","slug":"unsere-dienstleistungen-loesungen-fuer-industrielle-luftbehandlung-von-obera","status":"publish","type":"page","link":"https:\/\/obera.fr\/de\/unsere-dienstleistungen-loesungen-fuer-industrielle-luftbehandlung-von-obera\/","title":{"rendered":"Unsere Dienstleistungen: L\u00f6sungen f\u00fcr industrielle Luftbehandlung von OberA"},"content":{"rendered":"\n<p id=\"p-rc_b230b3a183c4bbff-19\">Bei OberA begleiten wir Sie bei der Optimierung Ihrer Arbeitsumgebungen mit L\u00f6sungen f\u00fcr die Luftqualit\u00e4t<sup><\/sup><sup><\/sup><sup><\/sup><sup><\/sup>. Ob Sie finanzielle Flexibilit\u00e4t, vollst\u00e4ndiges Outsourcing oder eine sorgf\u00e4ltige Wartung ben\u00f6tigen \u2013 unsere <strong>technische Expertise garantiert Ihnen<\/strong> sichere, leistungsstarke und den gesetzlichen Anforderungen entsprechende Industrieabl\u00e4ufe<sup><\/sup><sup><\/sup><sup><\/sup><sup><\/sup><sup><\/sup><sup><\/sup><sup><\/sup><sup><\/sup>.<\/p>\n\n<h2 class=\"wp-block-heading\">ClearAir 360\u00b0: Luftreinigung nach Quadratmetern abgerechnet<\/h2>\n\n<p id=\"p-rc_b230b3a183c4bbff-20\">Dieser innovative Service verwandelt reine Luft in einen echten Leistungshebel, ohne dass <strong>eine anf\u00e4ngliche finanzielle Investition erforderlich ist<\/strong>. Durch die gezielte Bek\u00e4mpfung von Feinstaub (unter 10 \u00b5m) und \u00d6lnebel ist unser Ziel, die Schadstoffkonzentration um das Zehnfache zu reduzieren, um weniger als 10 % der gesetzlichen AGW-Werte zu erreichen. <\/p>\n\n<p id=\"p-rc_b230b3a183c4bbff-20\">Das Angebot umfasst eine kostenlose Erstdiagnose im Wert von 600 \u20ac, gefolgt von einer proaktiven Wartung mit Austauschservice innerhalb von 72 Stunden im St\u00f6rungsfall. In den ersten drei Monaten wird der Service mit <strong>1 \u20ac pro Quadratmeter<\/strong> behandelter Luft berechnet, einschlie\u00dflich Filter, bevor auf ein monatliches Abonnement umgestellt wird, das an Ihren tats\u00e4chlichen Verbrauch angepasst ist. Ein vernetztes Monitoring erm\u00f6glicht die kontinuierliche \u00dcberwachung der Wirksamkeit, um Ihre Mitarbeiter dauerhaft zu sch\u00fctzen und die Lebensdauer Ihrer Maschinen zu verl\u00e4ngern.  <\/p>\n\n<div class=\"wp-block-buttons is-content-justification-center is-layout-flex wp-container-core-buttons-is-layout-a89b3969 wp-block-buttons-is-layout-flex\">\n<div class=\"wp-block-button\"><a class=\"wp-block-button__link wp-element-button\" href=\"https:\/\/obera.fr\/clearair-360\/\">ClearAir 360\u00b0 entdecken<\/a><\/div>\n<\/div>\n\n<h2 class=\"wp-block-heading\">Vermietung von Industrieger\u00e4ten: Flexibilit\u00e4t und Kostenkontrolle<\/h2>\n\n<p id=\"p-rc_b230b3a183c4bbff-22\">Die Vermietung von Luftbehandlungsger\u00e4ten ist die ideale L\u00f6sung, um Ihre Ressourcen an die Schwankungen Ihrer Projekte anzupassen und gleichzeitig <strong>Ihre Unternehmenskasse zu schonen<\/strong><sup><\/sup><sup><\/sup><sup><\/sup><sup><\/sup>. Wenn Sie sich nach einer Mietdauer von 3 bis 6 Monaten f\u00fcr den Kauf der getesteten Maschine entscheiden, wird der Betrag der gezahlten Mieten vollst\u00e4ndig vom endg\u00fcltigen Kaufpreis abgezogen<sup><\/sup><sup><\/sup><sup><\/sup><sup><\/sup>.<\/p>\n\n<div class=\"wp-block-buttons is-content-justification-center is-layout-flex wp-container-core-buttons-is-layout-a89b3969 wp-block-buttons-is-layout-flex\">\n<div class=\"wp-block-button\"><a class=\"wp-block-button__link wp-element-button\" href=\"https:\/\/obera.fr\/de\/location-appareil-industriel\/\">Mieten Sie Ihre Ger\u00e4te mit oberA<\/a><\/div>\n<\/div>\n\n<h3 class=\"wp-block-heading\">Das Zen-Angebot: Mobile Luftreiniger schl\u00fcsselfertig<\/h3>\n\n<p id=\"p-rc_b230b3a183c4bbff-23\">Mit der ePUR-Reihe profitieren Sie von einem sofort einsatzbereiten Filtersystem zur Reinigung Ihrer Werkst\u00e4tten, <strong>ohne dass eine feste Installation erforderlich ist<\/strong><sup><\/sup><sup><\/sup><sup><\/sup><sup><\/sup>. Diese Dienstleistung umfasst eine pers\u00f6nliche technische Begleitung, von der ma\u00dfgeschneiderten Dimensionierung des Ger\u00e4ts bis zur Beratung zu Filtern, und erleichtert so Ihre HSE-Konformit\u00e4t<sup><\/sup><sup><\/sup><sup><\/sup><sup><\/sup>.<\/p>\n\n<h3 class=\"wp-block-heading\">Das Saisonangebot: Adiabatische K\u00fchlung im Sommer<\/h3>\n\n<p id=\"p-rc_b230b3a183c4bbff-24\">Angesichts steigender Temperaturen, die Ihre Teams beeintr\u00e4chtigen, setzen wir umgehend industrielle Luftk\u00fchler ein, um <strong>eine optimale Produktivit\u00e4t aufrechtzuerhalten<\/strong><sup><\/sup>. Diese tempor\u00e4re Miete umfasst Inbetriebnahme, technische Unterst\u00fctzung und Wartung und garantiert hervorragende Arbeitsbedingungen ohne langfristige Investition <sup><\/sup><sup><\/sup><sup><\/sup><sup><\/sup><sup><\/sup><sup><\/sup><sup><\/sup><sup><\/sup><sup><\/sup>.<\/p>\n\n<h3 class=\"wp-block-heading\">Das Angebot ohne Verpflichtung: Freier Zugang zu 50 Referenzen<\/h3>\n\n<p id=\"p-rc_b230b3a183c4bbff-25\">F\u00fcr Produktionsnotf\u00e4lle oder saisonale Spitzen w\u00e4hlen Sie aus unseren Entstaubern, Luftreinigern oder Absaugtischen <strong>ohne Mindestvertragslaufzeit<\/strong><sup><\/sup>. Unsere Techniker liefern, installieren und warten die Ger\u00e4te und bieten Ihnen vollst\u00e4ndige Kostenkontrolle durch die M\u00f6glichkeit, den Vertrag jederzeit anzupassen oder zu beenden <sup><\/sup><sup><\/sup><sup><\/sup><sup><\/sup><sup><\/sup><sup><\/sup><sup><\/sup><sup><\/sup><sup><\/sup>.<\/p>\n\n<h2 class=\"wp-block-heading\">Wartung und Einwinterung<\/h2>\n\n<p id=\"p-rc_b230b3a183c4bbff-26\">Um Ausf\u00e4lle bei der ersten Hitzewelle zu vermeiden, erm\u00f6glicht unser technischer Revisionsservice in der Werkstatt die Erhaltung der <strong>f\u00fcnfj\u00e4hrigen Herstellergarantie<\/strong> Ihrer Ger\u00e4te<sup><\/sup>. Die vollst\u00e4ndige Intervention umfasst eine strukturelle Pr\u00fcfung, eine Hochdruckreinigung mit Entkalkung des internen Kreislaufs und die sorgf\u00e4ltige \u00dcberpr\u00fcfung des UV-Sterilisationssystems<sup><\/sup>. Diese j\u00e4hrliche Grundwartung erm\u00f6glicht insbesondere eine Reduzierung des Energieverbrauchs Ihrer Ger\u00e4te um 15 %<sup><\/sup>.  <\/p>\n\n<p id=\"p-rc_b230b3a183c4bbff-27\">Am Ende der Sommersaison schaffen Sie Platz in Ihren Lagern, indem Sie uns die logistische Verwaltung Ihrer Maschinen durch eine <strong>sichere und gesch\u00fctzte Lagerung<\/strong> anvertrauen<sup><\/sup><sup><\/sup><sup><\/sup><sup><\/sup><sup><\/sup><sup><\/sup><sup><\/sup><sup><\/sup><sup><\/sup>. Ihre Ger\u00e4te werden vor Frost, Feuchtigkeit und Staub gesch\u00fctzt aufbewahrt und Ihnen dann revidiert und betriebsbereit mit Beginn des Fr\u00fchlings zur\u00fcckgegeben<sup><\/sup>.<\/p>\n\n<div class=\"wp-block-buttons is-content-justification-center is-layout-flex wp-container-core-buttons-is-layout-a89b3969 wp-block-buttons-is-layout-flex\">\n<div class=\"wp-block-button\"><a class=\"wp-block-button__link wp-element-button\" href=\"https:\/\/obera.fr\/maintenance-hivernage-rafraichisseurs-air-maximiser-duree-de-vie\/\">Ihre Luftk\u00fchler langfristig erhalten<\/a><\/div>\n<\/div>\n","protected":false},"excerpt":{"rendered":"<p>Bei OberA begleiten wir Sie bei der Optimierung Ihrer Arbeitsumgebungen mit L\u00f6sungen f\u00fcr die Luftqualit\u00e4t. Ob Sie finanzielle Flexibilit\u00e4t, vollst\u00e4ndiges Outsourcing oder eine sorgf\u00e4ltige Wartung ben\u00f6tigen \u2013 unsere technische Expertise garantiert Ihnen sichere, leistungsstarke und den gesetzlichen Anforderungen entsprechende Industrieabl\u00e4ufe. ClearAir 360\u00b0: Luftreinigung nach Quadratmetern abgerechnet Dieser innovative Service verwandelt reine Luft in einen echten Leistungshebel, ohne dass eine anf\u00e4ngliche finanzielle Investition erforderlich ist. Durch die gezielte Bek\u00e4mpfung von Feinstaub (unter 10 \u00b5m) und \u00d6lnebel ist unser Ziel, die Schadstoffkonzentration um das Zehnfache zu reduzieren, um weniger als 10 % der gesetzlichen AGW-Werte zu erreichen. Das Angebot umfasst eine kostenlose &#8230; <\/p>\n<p class=\"read-more-container\"><a title=\"Unsere Dienstleistungen: L\u00f6sungen f\u00fcr industrielle Luftbehandlung von OberA\" class=\"read-more button\" href=\"https:\/\/obera.fr\/de\/unsere-dienstleistungen-loesungen-fuer-industrielle-luftbehandlung-von-obera\/#more-147970\" aria-label=\"Mehr Informationen \u00fcber Unsere Dienstleistungen: L\u00f6sungen f\u00fcr industrielle Luftbehandlung von OberA\">Lire la suite<\/a><\/p>\n","protected":false},"author":4,"featured_media":103618,"parent":0,"menu_order":0,"comment_status":"closed","ping_status":"closed","template":"","meta":{"_acf_changed":false,"_seopress_robots_primary_cat":"","_seopress_titles_title":"Unsere Dienstleistungen: L\u00f6sungen f\u00fcr industrielle Luftbehandlung von OberA","_seopress_titles_desc":"Bei OberA begleiten wir Sie bei der Optimierung Ihrer Arbeitsumgebungen mit L\u00f6sungen f\u00fcr die Luftqualit\u00e4t.","_seopress_robots_index":"","_seopress_analysis_target_kw":"","footnotes":""},"class_list":{"0":"post-147970","1":"page","2":"type-page","3":"status-publish","4":"has-post-thumbnail","6":"no-featured-image-padding","7":"resize-featured-image"},"acf":[],"_links":{"self":[{"href":"https:\/\/obera.fr\/de\/wp-json\/wp\/v2\/pages\/147970","targetHints":{"allow":["GET"]}}],"collection":[{"href":"https:\/\/obera.fr\/de\/wp-json\/wp\/v2\/pages"}],"about":[{"href":"https:\/\/obera.fr\/de\/wp-json\/wp\/v2\/types\/page"}],"author":[{"embeddable":true,"href":"https:\/\/obera.fr\/de\/wp-json\/wp\/v2\/users\/4"}],"replies":[{"embeddable":true,"href":"https:\/\/obera.fr\/de\/wp-json\/wp\/v2\/comments?post=147970"}],"version-history":[{"count":1,"href":"https:\/\/obera.fr\/de\/wp-json\/wp\/v2\/pages\/147970\/revisions"}],"predecessor-version":[{"id":147971,"href":"https:\/\/obera.fr\/de\/wp-json\/wp\/v2\/pages\/147970\/revisions\/147971"}],"wp:featuredmedia":[{"embeddable":true,"href":"https:\/\/obera.fr\/de\/wp-json\/wp\/v2\/media\/103618"}],"wp:attachment":[{"href":"https:\/\/obera.fr\/de\/wp-json\/wp\/v2\/media?parent=147970"}],"curies":[{"name":"wp","href":"https:\/\/api.w.org\/{rel}","templated":true}]}}