{"id":31319,"date":"2020-08-26T16:20:46","date_gmt":"2020-08-26T14:20:46","guid":{"rendered":"https:\/\/obera.fr\/entdecken-sie-obera\/die-geschichte-von-obera\/"},"modified":"2025-05-15T10:19:14","modified_gmt":"2025-05-15T08:19:14","slug":"histoire","status":"publish","type":"page","link":"https:\/\/obera.fr\/de\/decouvrir\/histoire\/","title":{"rendered":"Die Geschichte von OberA"},"content":{"rendered":"\n<h2 class=\"wp-block-heading\">Ihr Partner f\u00fcr gesunde Luft in Unternehmen!<\/h2>\n\n<p><\/p>\n\n<figure class=\"wp-block-image alignright size-medium is-resized\"><img decoding=\"async\" width=\"300\" height=\"85\" src=\"https:\/\/obera.fr\/wp-content\/uploads\/2025\/05\/obera-logo-fr-rvb-v2-300x85.png\" alt=\"obera logo de rvb v2\" class=\"wp-image-100991\" srcset=\"https:\/\/obera.fr\/wp-content\/uploads\/2025\/05\/obera-logo-fr-rvb-v2-300x85.png 300w, https:\/\/obera.fr\/wp-content\/uploads\/2025\/05\/obera-logo-fr-rvb-v2-1024x291.png 1024w, https:\/\/obera.fr\/wp-content\/uploads\/2025\/05\/obera-logo-fr-rvb-v2-768x218.png 768w, https:\/\/obera.fr\/wp-content\/uploads\/2025\/05\/obera-logo-fr-rvb-v2-1536x437.png 1536w, https:\/\/obera.fr\/wp-content\/uploads\/2025\/05\/obera-logo-fr-rvb-v2.png 1995w\" sizes=\"(max-width: 300px) 100vw, 300px\" \/><\/figure>\n\n<p>In Frankreich ist die Luftverschmutzung f\u00fcr fast 50.000 Todesf\u00e4lle pro Jahr verantwortlich. W\u00e4hrend die Herausforderungen der Luftqualit\u00e4t in st\u00e4dtischen Gebieten gut bekannt sind, werden sie in Arbeitsumgebungen noch weitgehend untersch\u00e4tzt. Die Luft in Innenr\u00e4umen von Unternehmen kann jedoch <strong>10- bis 50-mal st\u00e4rker verschmutzt<\/strong> sein als die Au\u00dfenluft.  <\/p>\n\n<p><\/p>\n\n<p>Die Quellen der Umweltverschmutzung sind vielf\u00e4ltig:<\/p>\n\n<ul class=\"wp-block-list\">\n<li><strong>Emissionen aus industriellen Prozessen<\/strong> (D\u00e4mpfe, Rauch, \u00d6lnebel),<\/li>\n\n\n\n<li><strong>Umschlag und Transport<\/strong> von Rohstoffen,<\/li>\n\n\n\n<li><strong>In der Produktion verwendete Produkte<\/strong> (VOCs, Ger\u00fcche, Staub, Viren&#8230;).<\/li>\n<\/ul>\n\n<p><\/p>\n\n<p>Diese Schadstoffe, ob gasf\u00f6rmig oder partikelf\u00f6rmig, wirken sich direkt auf die Gesundheit der Mitarbeiter aus, aber auch auf die industrielle Leistung: mehr Ausschuss, Kundenreklamationen, geringere Produktivit\u00e4t und h\u00f6here Wartungskosten.<\/p>\n\n<p><\/p>\n\n<h3 class=\"wp-block-heading\">Eine innovative Antwort auf kontrastierende Grenzen<\/h3>\n\n<p>Die Exposition gegen\u00fcber Schadstoffen f\u00fchrt zu <strong>Gesundheitsproblemen<\/strong> und kann bei den exponierten Arbeitnehmern zu Krankheiten f\u00fchren. Dar\u00fcber hinaus hat eine schlechte Luftqualit\u00e4t Auswirkungen auf <strong>Ausschussraten<\/strong>, <strong>Kundenreklamationen<\/strong>, <strong>Produktivit\u00e4t<\/strong> und <strong>Wartungsh\u00e4ufigkeit<\/strong> der Produktionsanlagen. <\/p>\n\n<p>Um diese Schadstoffe zu behandeln, werden in der Regel zu Recht L\u00f6sungen zur Erfassung, Entstaubung und Filterung eingesetzt. Diese L\u00f6sungen reichen jedoch selten aus, um Luftqualit\u00e4tsprobleme vollst\u00e4ndig zu l\u00f6sen, vor allem wenn die Luftverschmutzung diffus ist. Au\u00dferdem verpflichten sich die Hersteller von Entstaubungs- und Filterger\u00e4ten nur selten zu Restverschmutzungsgraden in der Umgebung oder zur <strong>Einhaltung der PMWS-Regelung<\/strong>.  <\/p>\n\n<p><a href=\"https:\/\/obera.fr\/de\/decouvrir\/\" data-type=\"page\" data-id=\"731\">OberA<\/a> bietet einen <strong>innovativen und einzigartigen Ansatz <\/strong>, um Ihnen eine<strong> gesunde Luft zu garantieren <\/strong>. Dieser Ansatz ist das Ergebnis von mehr als 20 Jahren Erfahrung auf dem Gebiet der Entstaubung, Filtration und Luftbehandlung.  <\/p>\n\n<p><\/p>\n\n<div class=\"wp-block-buttons is-content-justification-center is-layout-flex wp-container-core-buttons-is-layout-a89b3969 wp-block-buttons-is-layout-flex\">\n<div class=\"wp-block-button\"><a class=\"wp-block-button__link wp-element-button\" href=\"https:\/\/obera.fr\/de\/produits\/\">Entdecken Sie unser Angebot an L\u00f6sungen zur Sicherung Ihrer Luftqualit\u00e4t<\/a><\/div>\n<\/div>\n\n<p><\/p>\n\n<h3 class=\"wp-block-heading\">OberA, eine neue Vision der Luftbehandlung<\/h3>\n\n<p>Mit mehr als 20 Jahren Erfahrung in den Bereichen Entstaubung, Filtration und Luftreinigung <strong>bietet OberA einen umfassenden, innovativen und ergebnisorientierten Ansatz<\/strong>, der auf vier Schl\u00fcsseletappen beruht:<\/p>\n\n<ol class=\"wp-block-list\">\n<li><strong>Genaue Diagnose<\/strong>: Identifizierung der Verschmutzungsquellen und Messung der Konzentrationen und Partikelgr\u00f6\u00dfen.<\/li>\n\n\n\n<li><strong>Unverbindliche Testphase<\/strong>: Bereitstellung von Test- oder Mietausr\u00fcstung zur Validierung der technischen Leistung und zur Gew\u00e4hrleistung der Ergebnisse.<\/li>\n\n\n\n<li><strong>Einsatz der geeigneten L\u00f6sung<\/strong>: Erfassung an der Quelle, Behandlung der Umgebungsluft (Reinigung), Feinfilterung.<\/li>\n\n\n\n<li><strong>Echtzeit\u00fcberwachung<\/strong>: kontinuierliche \u00dcberwachung der Luftqualit\u00e4t und vernetzte Wartung (Industrie 4.0).<\/li>\n<\/ol>\n\n<blockquote class=\"wp-block-quote is-layout-flow wp-block-quote-is-layout-flow\">\n<p><strong>Insiderhandel erlaubt!<\/strong><\/p>\n<\/blockquote>\n\n<p>So investieren die <a href=\"https:\/\/obera.fr\/de\/decouvrir\/nos-clients\/\" data-type=\"page\" data-id=\"743\">Kunden von OberA<\/a> in Ger\u00e4te, die ihnen eine bessere Luftqualit\u00e4t garantieren, w\u00e4hrend sie die Ergebnisse, Investitionskosten und Betriebskosten genau kennen.<\/p>\n\n<p><\/p>\n\n<div class=\"wp-block-buttons is-horizontal is-content-justification-center is-layout-flex wp-container-core-buttons-is-layout-03627597 wp-block-buttons-is-layout-flex\">\n<div class=\"wp-block-button\"><a class=\"wp-block-button__link wp-element-button\" href=\"https:\/\/obera.fr\/de\/produits\/\">Entdecken Sie unser komplettes Angebot<\/a><\/div>\n<\/div>\n\n<div style=\"height:35px\" aria-hidden=\"true\" class=\"wp-block-spacer\"><\/div>\n\n<div class=\"wp-block-columns is-layout-flex wp-container-core-columns-is-layout-28f84493 wp-block-columns-is-layout-flex\">\n<div class=\"wp-block-column is-layout-flow wp-block-column-is-layout-flow\"><\/div>\n\n\n\n<div class=\"wp-block-column is-layout-flow wp-block-column-is-layout-flow\">\n<figure class=\"wp-block-video\"><video height=\"1080\" style=\"aspect-ratio: 1920 \/ 1080;\" width=\"1920\" autoplay=\"\" controls=\"\" loop=\"\" muted=\"\" poster=\"https:\/\/obera.fr\/wp-content\/uploads\/2025\/05\/capture-decran-2025-05-14-100342.png\" src=\"https:\/\/obera.fr\/wp-content\/uploads\/2025\/05\/made_in_france_obera_fr.mp4\"><\/video><\/figure>\n<\/div>\n\n\n\n<div class=\"wp-block-column is-layout-flow wp-block-column-is-layout-flow\"><\/div>\n<\/div>\n\n<p><\/p>\n\n<h3 class=\"wp-block-heading\">Mit Sicherheit investieren<\/h3>\n\n<p>Mit OberA profitieren Sie von bew\u00e4hrten L\u00f6sungen, die eine messbare Verbesserung der Luftqualit\u00e4t garantieren, <strong>mit voller Transparenz \u00fcber die Ergebnisse, Investitions- und Betriebskosten<\/strong>.<\/p>\n\n<blockquote class=\"wp-block-quote is-layout-flow wp-block-quote-is-layout-flow\">\n<p>Weil gesunde Luft keine Option, sondern ein Erfordernis ist.<\/p>\n\n\n\n<p><\/p>\n<\/blockquote>\n","protected":false},"excerpt":{"rendered":"<p>Ihr Partner f\u00fcr gesunde Luft in Unternehmen! In Frankreich ist die Luftverschmutzung f\u00fcr fast 50.000 Todesf\u00e4lle pro Jahr verantwortlich. W\u00e4hrend die Herausforderungen der Luftqualit\u00e4t in st\u00e4dtischen Gebieten gut bekannt sind, werden sie in Arbeitsumgebungen noch weitgehend untersch\u00e4tzt. Die Luft in Innenr\u00e4umen von Unternehmen kann jedoch 10- bis 50-mal st\u00e4rker verschmutzt sein als die Au\u00dfenluft. Die Quellen der Umweltverschmutzung sind vielf\u00e4ltig: Diese Schadstoffe, ob gasf\u00f6rmig oder partikelf\u00f6rmig, wirken sich direkt auf die Gesundheit der Mitarbeiter aus, aber auch auf die industrielle Leistung: mehr Ausschuss, Kundenreklamationen, geringere Produktivit\u00e4t und h\u00f6here Wartungskosten. Eine innovative Antwort auf kontrastierende Grenzen Die Exposition gegen\u00fcber Schadstoffen f\u00fchrt &#8230; <\/p>\n<p class=\"read-more-container\"><a title=\"Die Geschichte von OberA\" class=\"read-more button\" href=\"https:\/\/obera.fr\/de\/decouvrir\/histoire\/#more-31319\" aria-label=\"Mehr Informationen \u00fcber Die Geschichte von OberA\">Lire la suite<\/a><\/p>\n","protected":false},"author":4,"featured_media":84812,"parent":13296,"menu_order":0,"comment_status":"closed","ping_status":"closed","template":"","meta":{"_acf_changed":false,"_seopress_robots_primary_cat":"","_seopress_titles_title":"Entdecken Sie die Geschichte von oberA seit mehr als 20 Jahren","_seopress_titles_desc":"Mehr als 20 Jahre Erfahrung auf dem Gebiet der Entstaubung, Filtration und Luftbehandlung. OBERA bietet einen innovativen und einzigartigen Ansatz.","_seopress_robots_index":"","footnotes":""},"class_list":{"0":"post-31319","1":"page","2":"type-page","3":"status-publish","4":"has-post-thumbnail","6":"no-featured-image-padding","7":"resize-featured-image"},"acf":[],"_links":{"self":[{"href":"https:\/\/obera.fr\/de\/wp-json\/wp\/v2\/pages\/31319","targetHints":{"allow":["GET"]}}],"collection":[{"href":"https:\/\/obera.fr\/de\/wp-json\/wp\/v2\/pages"}],"about":[{"href":"https:\/\/obera.fr\/de\/wp-json\/wp\/v2\/types\/page"}],"author":[{"embeddable":true,"href":"https:\/\/obera.fr\/de\/wp-json\/wp\/v2\/users\/4"}],"replies":[{"embeddable":true,"href":"https:\/\/obera.fr\/de\/wp-json\/wp\/v2\/comments?post=31319"}],"version-history":[{"count":8,"href":"https:\/\/obera.fr\/de\/wp-json\/wp\/v2\/pages\/31319\/revisions"}],"predecessor-version":[{"id":101296,"href":"https:\/\/obera.fr\/de\/wp-json\/wp\/v2\/pages\/31319\/revisions\/101296"}],"up":[{"embeddable":true,"href":"https:\/\/obera.fr\/de\/wp-json\/wp\/v2\/pages\/13296"}],"wp:featuredmedia":[{"embeddable":true,"href":"https:\/\/obera.fr\/de\/wp-json\/wp\/v2\/media\/84812"}],"wp:attachment":[{"href":"https:\/\/obera.fr\/de\/wp-json\/wp\/v2\/media?parent=31319"}],"curies":[{"name":"wp","href":"https:\/\/api.w.org\/{rel}","templated":true}]}}