{"id":31340,"date":"2022-10-15T01:42:46","date_gmt":"2022-10-14T23:42:46","guid":{"rendered":"https:\/\/obera.fr\/produkte\/arme-und-aufnahmegeraete\/"},"modified":"2025-04-22T09:36:59","modified_gmt":"2025-04-22T07:36:59","slug":"bras-dispositifs-captation","status":"publish","type":"page","link":"https:\/\/obera.fr\/de\/produits\/bras-dispositifs-captation\/","title":{"rendered":"Arme und Aufnahmeger\u00e4te"},"content":{"rendered":"\n<p>Unsere <strong>industrielle Absaug- und Erfassungsausr\u00fcstung<\/strong> besteht aus Absaug- und Erfassungsarmen, Absaugtischen, Absaugr\u00fcckw\u00e4nden und verschiedenen Lufterfassungs- und Absaughauben. Diese industriellen Abluftsysteme erm\u00f6glichen eine effiziente und pr\u00e4zise Absaugung und Abscheidung von Schadstoffen direkt an der Quelle. <\/p>\n\n\n<h2 class=\"wp-block-heading\">In unserem Angebot an industriellen Absaug- und Auffangvorrichtungen<\/h2>\n\n<div class=\"wp-block-columns is-layout-flex wp-container-core-columns-is-layout-28f84493 wp-block-columns-is-layout-flex\">\n<div class=\"wp-block-column is-layout-flow wp-block-column-is-layout-flow\">\n<h3 class=\"wp-block-heading has-text-align-center\">Laborarm <br\/>Industrieller Arm<\/h3>\n\n\n\n<figure class=\"wp-block-image aligncenter size-medium is-resized\"><a href=\"https:\/\/obera.fr\/produits\/bras-dispositifs-captation\/bras-de-laboratoire\/\"><img decoding=\"async\" width=\"300\" height=\"300\" src=\"https:\/\/obera.fr\/wp-content\/uploads\/2022\/12\/bras-laboratoire-fumees-gar-odeur-600x600-1-300x300.png\" alt=\"Laborarm Rauchgarage Geruch 600x600 1\" class=\"wp-image-16559\" srcset=\"https:\/\/obera.fr\/wp-content\/uploads\/2022\/12\/bras-laboratoire-fumees-gar-odeur-600x600-1-300x300.png 300w, https:\/\/obera.fr\/wp-content\/uploads\/2022\/12\/bras-laboratoire-fumees-gar-odeur-600x600-1-150x150.png 150w, https:\/\/obera.fr\/wp-content\/uploads\/2022\/12\/bras-laboratoire-fumees-gar-odeur-600x600-1.png 600w\" sizes=\"(max-width: 300px) 100vw, 300px\" \/><\/a><figcaption class=\"wp-element-caption\">Laborarm<\/figcaption><\/figure>\n\n\n\n<p>Unser Sortiment an <a href=\"https:\/\/obera.fr\/de\/produits\/bras-dispositifs-captation\/bras-de-laboratoire\/\" data-type=\"page\" data-id=\"497\">Laborarmen<\/a> ist die ideale L\u00f6sung f\u00fcr das Absaugen und Auffangen von Rauch und D\u00e4mpfen an festen Arbeitspl\u00e4tzen (Labortisch, Labor). Sie sind sehr handlich und k\u00f6nnen leicht in der N\u00e4he der Verschmutzungsquelle positioniert werden. Unser Sortiment an Laborarmen kann mit verschiedenen Zubeh\u00f6rteilen wie Wandhalterungen, runden oder rechteckigen Hauben geliefert werden.<\/p>\n\n\n\n<p>Unsere Laborarme sind erh\u00e4ltlich in :<\/p>\n\n\n\n<ul class=\"wp-block-list\">\n<li>Aluminium, f\u00fcr die meisten Anwendungen.<\/li>\n\n\n\n<li>Antistatisch (ATEX), f\u00fcr sensible und explosive Umgebungen.<\/li>\n\n\n\n<li>Korrosionsschutz, f\u00fcr korrosive Umgebungen.<\/li>\n<\/ul>\n\n\n\n<p>Die industriellen Absaug- und Auffangarme k\u00f6nnen auch an die <a href=\"https:\/\/obera.fr\/de\/produits\/atex\/\">ATEX-Normen<\/a> angepasst werden (optional), wenn sie in explosiver Atmosph\u00e4re aufgestellt werden oder wenn sie explosive Mischungen absaugen.<\/p>\n<\/div>\n\n\n\n<div class=\"wp-block-column is-layout-flow wp-block-column-is-layout-flow\">\n<h3 class=\"wp-block-heading has-text-align-center\">Absaugarm ovale Haube <br\/>und rechteckige Haube<\/h3>\n\n\n\n<figure class=\"wp-block-image aligncenter size-medium is-resized\"><a href=\"https:\/\/obera.fr\/produits\/bras-dispositifs-captation\/bras-hotte-ovale-rectangulaire\/\"><img decoding=\"async\" width=\"300\" height=\"300\" src=\"https:\/\/obera.fr\/wp-content\/uploads\/2022\/12\/bras-laboratoire-industriel-fumees-poussieres-600x600-2-300x300.png\" alt=\"arm f&#xFC;r industrielles labor rauch staub 600x600 2\" class=\"wp-image-16562\" srcset=\"https:\/\/obera.fr\/wp-content\/uploads\/2022\/12\/bras-laboratoire-industriel-fumees-poussieres-600x600-2-300x300.png 300w, https:\/\/obera.fr\/wp-content\/uploads\/2022\/12\/bras-laboratoire-industriel-fumees-poussieres-600x600-2-150x150.png 150w, https:\/\/obera.fr\/wp-content\/uploads\/2022\/12\/bras-laboratoire-industriel-fumees-poussieres-600x600-2.png 600w\" sizes=\"(max-width: 300px) 100vw, 300px\" \/><\/a><figcaption class=\"wp-element-caption\">Aufnahmearm<\/figcaption><\/figure>\n\n\n\n<p>Unsere <strong>industriellen Absaug- und Aufnahmearme<\/strong>, die mit einer <a href=\"https:\/\/obera.fr\/de\/produits\/bras-dispositifs-captation\/industrielle-absaugarme\/\" data-type=\"URL\" data-id=\"https:\/\/obera.fr\/produits\/bras-dispositifs-captation\/bras-hotte-ovale-rectangulaire\/\">ovalen oder rechteckigen Haube<\/a> erh\u00e4ltlich sind. Diese industriellen Absaug- und Auffangarme sind ideal zum Auffangen von Staub und Sp\u00e4nen, Schwei\u00dfrauch, D\u00e4mpfen, Gasen, Ger\u00fcchen und \u00d6lnebel.<\/p>\n\n\n\n<p>Sie lassen sich einfach an ein Auffangnetz, einen <a href=\"https:\/\/obera.fr\/de\/produits\/depoussiereurs-industriels\/mobil\/aspiration-poussiere-dustomat-10\/\">mobilen Staub<\/a> abscheider, einen <a href=\"https:\/\/obera.fr\/de\/produits\/depoussiereurs-industriels\/\">industriellen Staubabscheider<\/a> oder eine zentrale Staubsauganlage anschlie\u00dfen.<\/p>\n\n\n\n<p>Mit Luftfedern ausgestattet, sind sie sehr wendig und k\u00f6nnen leicht in der N\u00e4he der Schadstoffe positioniert werden. F\u00fcr optimalen Komfort und Effizienz sind die industriellen Absaug- und Auffangarme in einer gro\u00dfen Auswahl an L\u00e4ngen und Durchmessern erh\u00e4ltlich. <\/p>\n\n\n\n<p>Die \u00e4u\u00dfere Pantographenstruktur schr\u00e4nkt den Fluss in der Rohrleitung nicht ein und bietet eine gro\u00dfe Robustheit und Man\u00f6vrierf\u00e4higkeit. Die industriellen Auffang- und Absaugarme sind in Durchmessern von 50 bis 200 erh\u00e4ltlich und haben einen Aktionsradius von 1,50 bis 8 Metern. <\/p>\n\n\n\n<div style=\"height:45px\" aria-hidden=\"true\" class=\"wp-block-spacer\"><\/div>\n<\/div>\n<\/div>\n\n<div class=\"wp-block-columns is-layout-flex wp-container-core-columns-is-layout-28f84493 wp-block-columns-is-layout-flex\">\n<div class=\"wp-block-column is-layout-flow wp-block-column-is-layout-flow\">\n<h3 class=\"wp-block-heading has-text-align-center\">Industrielle Saugbacken<\/h3>\n\n\n\n<figure class=\"wp-block-image aligncenter size-medium is-resized\"><a href=\"https:\/\/obera.fr\/produits\/bras-dispositifs-captation\/dosserets-aspirants\/\"><img decoding=\"async\" width=\"300\" height=\"300\" src=\"https:\/\/obera.fr\/wp-content\/uploads\/2022\/12\/dosserets-apirants-600x600-1-300x300.png\" alt=\"Apirante-R&#xFC;ckenlehnen 600x600 1\" class=\"wp-image-16565\" style=\"object-fit:cover;width:150px;height:150px\" srcset=\"https:\/\/obera.fr\/wp-content\/uploads\/2022\/12\/dosserets-apirants-600x600-1-300x300.png 300w, https:\/\/obera.fr\/wp-content\/uploads\/2022\/12\/dosserets-apirants-600x600-1-150x150.png 150w, https:\/\/obera.fr\/wp-content\/uploads\/2022\/12\/dosserets-apirants-600x600-1.png 600w\" sizes=\"(max-width: 300px) 100vw, 300px\" \/><\/a><figcaption class=\"wp-element-caption\">Dosserets  <\/figcaption><\/figure>\n\n\n\n<p>Unser Angebot an <a href=\"https:\/\/obera.fr\/de\/produits\/bras-dispositifs-captation\/dosserets-aspirants\/\" data-type=\"URL\" data-id=\"https:\/\/obera.fr\/produits\/bras-dispositifs-captation\/dosserets-aspirants\/\">industriellen Saugr\u00fcckw\u00e4nden<\/a>,<strong> <\/strong>die &#8222;W\u00e4nde&#8220; mit Schlitzen darstellen, saugt die vom Bediener erzeugten Schadstoffe direkt vor ihm ab. Diese Backsplashes sind sehr effektiv bei der Behandlung von D\u00e4mpfen, Gasen, Staub oder Rauch. <\/p>\n\n\n\n<p>Zwei Seitenschirme und ein horizontales Visier k\u00f6nnen ebenfalls hinzugef\u00fcgt werden, um den Bediener in seinem Arbeitsbereich einzuschlie\u00dfen und die Absaugung und Erfassung effizienter zu gestalten.<\/p>\n\n\n\n<p>Das Ziel ist, dass <strong>die angesaugte Luft hinter dem Bediener eintritt und vor ihm angesaugt wird<\/strong>, so dass seine Atemwege nicht mit dem Staub oder dem Schadstoff in Ber\u00fchrung kommen, den man einfangen will.<\/p>\n\n\n\n<p>Unsere Absaughauben werden in der Regel an ein bestehendes Absaugsystem, einen festen oder mobilen industriellen Staubabscheider, einen industriellen Absaugventilator oder einen industriellen Staubsauger angeschlossen. Die Reinigung der industriellen Saugr\u00fcckw\u00e4nde ist einfach und schnell. Sie sind in lackiertem Stahl oder in verschiedenen industriellen oder lebensmittelechten Edelstahlsorten erh\u00e4ltlich.  <\/p>\n\n\n\n<div style=\"height:69px\" aria-hidden=\"true\" class=\"wp-block-spacer\"><\/div>\n<\/div>\n\n\n\n<div class=\"wp-block-column is-layout-flow wp-block-column-is-layout-flow\">\n<h3 class=\"wp-block-heading has-text-align-center\">Industrielle Saugtische<\/h3>\n\n\n\n<figure class=\"wp-block-image aligncenter size-medium is-resized\"><a href=\"https:\/\/obera.fr\/produits\/tables-aspirantes\/table-aspirante-a-at\/\"><img decoding=\"async\" width=\"300\" height=\"300\" src=\"https:\/\/obera.fr\/wp-content\/uploads\/2022\/12\/tables-aspirantes-aat-300x300.jpg\" alt=\"a&amp;amp;at-Absaugtische\" class=\"wp-image-16617\" style=\"object-fit:cover;width:150px;height:150px\" srcset=\"https:\/\/obera.fr\/wp-content\/uploads\/2022\/12\/tables-aspirantes-aat-300x300.jpg 300w, https:\/\/obera.fr\/wp-content\/uploads\/2022\/12\/tables-aspirantes-aat-150x150.jpg 150w, https:\/\/obera.fr\/wp-content\/uploads\/2022\/12\/tables-aspirantes-aat.jpg 600w\" sizes=\"(max-width: 300px) 100vw, 300px\" \/><\/a><figcaption class=\"wp-element-caption\">Saugtische<\/figcaption><\/figure>\n\n\n\n<p>Unser Sortiment an <a href=\"https:\/\/obera.fr\/de\/produits\/saugtische\/\" data-type=\"URL\" data-id=\"https:\/\/obera.fr\/produits\/bras-dispositifs-captation\/tables-aspirantes\/\">industriellen Saugtischen<\/a> wurde speziell entwickelt, um Schleifstaub, Schleifstaub, Schwei\u00dfrauch sowie D\u00e4mpfe, L\u00f6sungsmittel und fl\u00fcchtige organische Verbindungen, die beim Leimen oder Lackieren entstehen, effizient abzusaugen. Dies ist die ideale L\u00f6sung f\u00fcr einen gesunden und sicheren Arbeitsplatz f\u00fcr den Bediener.  <\/p>\n\n\n\n<p>Unsere <strong>industriellen Saugtische<\/strong> k\u00f6nnen an einen Ventilator, einen mobilen Staubsauger oder ein zentrales industrielles Saugsystem angeschlossen werden. Unsere Industrietische k\u00f6nnen mit einer saugf\u00e4higen R\u00fcckenlehne und ausklappbaren Seitenwangen gew\u00e4hlt werden. Die robuste, industrielle Konstruktion macht sie sehr sto\u00dffest und erm\u00f6glicht die Anbringung eines industriellen Schraubstocks oder eines Drehtellers. Die Bodenplatte kann aus Industriegitterrosten, Holzlatten oder Kunstfaserplatten ausgew\u00e4hlt werden. Die Tische sind mit einer Sammelschublade f\u00fcr groben Industriestaub ausgestattet, um zu verhindern, dass dieser von der Absauganlage eingesaugt wird.    <\/p>\n\n\n\n<div style=\"height:45px\" aria-hidden=\"true\" class=\"wp-block-spacer\"><\/div>\n<\/div>\n<\/div>\n\n<div class=\"wp-block-columns is-layout-flex wp-container-core-columns-is-layout-28f84493 wp-block-columns-is-layout-flex\">\n<div class=\"wp-block-column is-layout-flow wp-block-column-is-layout-flow\">\n<h3 class=\"wp-block-heading has-text-align-center\">Rechteckige industrielle Abzugshauben<\/h3>\n\n\n\n<figure class=\"wp-block-image aligncenter size-full is-resized\"><a href=\"https:\/\/obera.fr\/produits\/bras-dispositifs-captation\/hotte-rectangulaire\/\"><img decoding=\"async\" width=\"1280\" height=\"1280\" src=\"https:\/\/obera.fr\/wp-content\/uploads\/2024\/06\/hotte-de-captation-rectangulaire-industrielle-600x600-1.png\" alt=\"Rechteckige industrielle Dunstabzugshaube 600x600 1\" class=\"wp-image-31483\" style=\"object-fit:cover;width:182px;height:auto\" srcset=\"https:\/\/obera.fr\/wp-content\/uploads\/2024\/06\/hotte-de-captation-rectangulaire-industrielle-600x600-1.png 1280w, https:\/\/obera.fr\/wp-content\/uploads\/2024\/06\/hotte-de-captation-rectangulaire-industrielle-600x600-1-300x300.png 300w, https:\/\/obera.fr\/wp-content\/uploads\/2024\/06\/hotte-de-captation-rectangulaire-industrielle-600x600-1-1024x1024.png 1024w, https:\/\/obera.fr\/wp-content\/uploads\/2024\/06\/hotte-de-captation-rectangulaire-industrielle-600x600-1-150x150.png 150w, https:\/\/obera.fr\/wp-content\/uploads\/2024\/06\/hotte-de-captation-rectangulaire-industrielle-600x600-1-768x768.png 768w\" sizes=\"(max-width: 1280px) 100vw, 1280px\" \/><\/a><figcaption class=\"wp-element-caption\">Rechteckige Erfassungshaube <\/figcaption><\/figure>\n\n\n\n<p>Unser Sortiment an <a href=\"https:\/\/obera.fr\/de\/produits\/bras-dispositifs-captation\/hotte-rectangulaire\/\" data-type=\"URL\" data-id=\"https:\/\/obera.fr\/produits\/bras-dispositifs-captation\/hotte-rectangulaire\/\">rechteckigen Industriehauben<\/a> ist ideal, um Rauch, Staub und andere gasf\u00f6rmige Schadstoffe direkt an der Quelle zu erfassen. <\/p>\n\n\n\n<p>Diese <strong>Industriehauben<\/strong> sind in zwei Gr\u00f6\u00dfen erh\u00e4ltlich (500&#215;500 und 600&#215;600). <\/p>\n\n\n\n<p>Sie passen perfekt zu unseren industriellen Absaug- und Aufnahmearmen oder k\u00f6nnen unabh\u00e4ngig davon einen Arbeitsplatz ausstatten.<\/p>\n<\/div>\n\n\n\n<div class=\"wp-block-column is-layout-flow wp-block-column-is-layout-flow\">\n<h3 class=\"wp-block-heading has-text-align-center\">Modulare Abzugshauben <br\/>f\u00fcr die Industrie<\/h3>\n\n\n\n<figure class=\"wp-block-image aligncenter size-full is-resized\"><a href=\"https:\/\/obera.fr\/de\/produits\/bras-dispositifs-captation\/hotte-modulaire\/\"><img decoding=\"async\" width=\"1200\" height=\"1200\" src=\"https:\/\/obera.fr\/wp-content\/uploads\/2024\/12\/1.jpg\" alt=\"Modulare Haube\" class=\"wp-image-56959\" style=\"object-fit:cover;width:150px;height:150px\" srcset=\"https:\/\/obera.fr\/wp-content\/uploads\/2024\/12\/1.jpg 1200w, https:\/\/obera.fr\/wp-content\/uploads\/2024\/12\/1-300x300.jpg 300w, https:\/\/obera.fr\/wp-content\/uploads\/2024\/12\/1-1024x1024.jpg 1024w, https:\/\/obera.fr\/wp-content\/uploads\/2024\/12\/1-150x150.jpg 150w, https:\/\/obera.fr\/wp-content\/uploads\/2024\/12\/1-768x768.jpg 768w, https:\/\/obera.fr\/wp-content\/uploads\/2024\/12\/1-400x400.jpg 400w, https:\/\/obera.fr\/wp-content\/uploads\/2024\/12\/1-600x600.jpg 600w\" sizes=\"(max-width: 1200px) 100vw, 1200px\" \/><\/a><figcaption class=\"wp-element-caption\">Modulare Erfassungshaube<\/figcaption><\/figure>\n\n\n\n<p>Unser Angebot an modularen industriellen <a href=\"https:\/\/obera.fr\/de\/produits\/bras-dispositifs-captation\/hotte-modulaire\/\" data-type=\"URL\" data-id=\"https:\/\/obera.fr\/produits\/bras-dispositifs-captation\/hotte-modulaire\/\">Ablufthauben<\/a> umfasst eine breite Palette an Gr\u00f6\u00dfen (von 950mm x 950mm bis 3.950mm x 1.950mm) und Ansaugvolumenstr\u00f6men von 1.000 m3\/h bis 20.000 m3\/h. Die gro\u00dfe Auswahl an verf\u00fcgbaren Gr\u00f6\u00dfen macht es einfach, eine Maschine, einen Arbeitsplatz oder einen industriellen Schwei\u00dfroboter einzuschlie\u00dfen, zu umschlie\u00dfen oder abzudecken.  <\/p>\n\n\n\n<p>Diese <strong>modularen Industriehauben<\/strong> k\u00f6nnen an die meisten Konfigurationen angepasst werden und bieten eine optimale Absaugqualit\u00e4t und Erfassung von Rauch und Staub. Unsere Abzugshauben sind die ideale L\u00f6sung f\u00fcr die Erfassung und Absaugung aller Arten von gasf\u00f6rmigen Schadstoffen, Staub und Industrieabgasen. Sie k\u00f6nnen leicht in der N\u00e4he von Schadstoffemissionen positioniert werden. Es ist auch m\u00f6glich, St\u00fctzf\u00fc\u00dfe und Schmutzf\u00e4nger (optional) hinzuzuf\u00fcgen, um offene Fl\u00e4chen zu reduzieren und die Sauggeschwindigkeit in den gew\u00fcnschten Bereichen zu erh\u00f6hen.    <\/p>\n\n\n\n<p>F\u00fcr die Metallindustrie k\u00f6nnen unsere modularen Abzugshauben mit einem Vorabscheider f\u00fcr gl\u00fchende Partikel ausgestattet werden.<\/p>\n\n\n\n<div style=\"height:45px\" aria-hidden=\"true\" class=\"wp-block-spacer\"><\/div>\n<\/div>\n<\/div>\n\n<div class=\"wp-block-columns is-layout-flex wp-container-core-columns-is-layout-28f84493 wp-block-columns-is-layout-flex\">\n<div class=\"wp-block-column is-layout-flow wp-block-column-is-layout-flow\">\n<h3 class=\"wp-block-heading has-text-align-center\">INDUSTRIELLE ABSAUGHAUBEN UND <br\/>F\u00dcR DIE AUFNAHME.<\/h3>\n\n\n\n<figure class=\"wp-block-image aligncenter size-medium is-resized\"><a href=\"https:\/\/obera.fr\/produits\/bras-dispositifs-captation\/capot-industriel\/\"><img decoding=\"async\" width=\"300\" height=\"300\" src=\"https:\/\/obera.fr\/wp-content\/uploads\/2022\/12\/capot-daspiration-et-de-captation-600x600-1-300x300.png\" alt=\"Absaug- und Auffanghaube 600x600 1\" class=\"wp-image-16550\" style=\"width:150px\" srcset=\"https:\/\/obera.fr\/wp-content\/uploads\/2022\/12\/capot-daspiration-et-de-captation-600x600-1-300x300.png 300w, https:\/\/obera.fr\/wp-content\/uploads\/2022\/12\/capot-daspiration-et-de-captation-600x600-1-150x150.png 150w, https:\/\/obera.fr\/wp-content\/uploads\/2022\/12\/capot-daspiration-et-de-captation-600x600-1.png 600w\" sizes=\"(max-width: 300px) 100vw, 300px\" \/><\/a><figcaption class=\"wp-element-caption\">Saug- und Fanghaube<\/figcaption><\/figure>\n\n\n\n<p>Unser Sortiment an <a href=\"https:\/\/obera.fr\/de\/produits\/bras-dispositifs-captation\/capot-industriel\/\" data-type=\"URL\" data-id=\"https:\/\/obera.fr\/produits\/bras-dispositifs-captation\/capot-industriel\/\">industriellen<\/a> Absaug- und Auffanghauben ist die ideale L\u00f6sung, um Arbeitspl\u00e4tze oder Industriemaschinen mit einer effizienten und pr\u00e4zisen Absaugung auszustatten.<\/p>\n\n\n\n<p>Unsere <strong>industriellen Absaug- und Auffang<\/strong> hauben sind in verschiedenen Gr\u00f6\u00dfen und Formen erh\u00e4ltlich und passen sich perfekt an Ihr Problem mit Rauch, Staub, Sp\u00e4nen und anderen gasf\u00f6rmigen Schadstoffen an.<\/p>\n\n\n\n<p>Unser Sortiment an industriellen Ringen f\u00fcr die Videoerfassung erm\u00f6glicht die Anpassung an verschiedene Erfassungskonfigurationen.<\/p>\n<\/div>\n\n\n\n<div class=\"wp-block-column is-layout-flow wp-block-column-is-layout-flow\">\n<h3 class=\"wp-block-heading has-text-align-center\">ringf\u00f6rmige Erfassung <br\/>Ringe von pouyes<\/h3>\n\n\n\n<p><\/p>\n\n\n\n<figure class=\"wp-block-image aligncenter size-medium is-resized\"><a href=\"https:\/\/obera.fr\/produits\/bras-dispositifs-captation\/anneaux-de-pouyes\/\"><img decoding=\"async\" width=\"300\" height=\"300\" src=\"https:\/\/obera.fr\/wp-content\/uploads\/2022\/12\/anneaux-de-pouyes-600x600-1-300x300.png\" alt=\"M&#xFC;lltonnenringe 600x600 1\" class=\"wp-image-16553\" style=\"width:124px;height:auto\" srcset=\"https:\/\/obera.fr\/wp-content\/uploads\/2022\/12\/anneaux-de-pouyes-600x600-1-300x300.png 300w, https:\/\/obera.fr\/wp-content\/uploads\/2022\/12\/anneaux-de-pouyes-600x600-1-150x150.png 150w, https:\/\/obera.fr\/wp-content\/uploads\/2022\/12\/anneaux-de-pouyes-600x600-1.png 600w\" sizes=\"(max-width: 300px) 100vw, 300px\" \/><\/a><figcaption class=\"wp-element-caption\">Ringf\u00f6rmiger Einfang Beulenringe<\/figcaption><\/figure>\n\n\n\n<p>Die <a href=\"https:\/\/obera.fr\/de\/produits\/bras-dispositifs-captation\/anneaux-de-pouyes\/\" data-type=\"page\" data-id=\"14477\">OberA-Puderringe<\/a> wurden entwickelt, um Schadstoffe, die beim Be- und Entladen von Sch\u00fcttg\u00fctern, Pulvern oder Feinstaub entstehen, direkt an der Quelle abzufangen. Ihr Design erm\u00f6glicht eine einfache Reinigung.<\/p>\n<\/div>\n<\/div>\n\n<p><\/p>\n\n<h2 class=\"wp-block-heading\">In welchen Industriezweigen nutzen Sie unsere Ger\u00e4te?<\/h2>\n\n<p>Unsere industriellen Absaug- und Aufnahmeger\u00e4te k\u00f6nnen in <strong>einer Vielzahl von Branchen<\/strong> eingesetzt werden, wie z.B. :<\/p>\n\n<div class=\"wp-block-columns is-layout-flex wp-container-core-columns-is-layout-28f84493 wp-block-columns-is-layout-flex\">\n<div class=\"wp-block-column is-layout-flow wp-block-column-is-layout-flow\">\n<ul class=\"wp-block-list\">\n<li>Chemische Industrie<\/li>\n\n\n\n<li>Die Lebensmittelindustrie<\/li>\n\n\n\n<li>Pharmazeutische Industrie<\/li>\n<\/ul>\n<\/div>\n\n\n\n<div class=\"wp-block-column is-layout-flow wp-block-column-is-layout-flow\">\n<ul class=\"wp-block-list\">\n<li>Metallverarbeitende Industrie<\/li>\n\n\n\n<li>Die kunststoffverarbeitende Industrie<\/li>\n\n\n\n<li>Die Holzindustrie<\/li>\n<\/ul>\n<\/div>\n\n\n\n<div class=\"wp-block-column is-layout-flow wp-block-column-is-layout-flow\">\n<ul class=\"wp-block-list\">\n<li>Elektronische Industrie<\/li>\n\n\n\n<li>usw.<\/li>\n<\/ul>\n<\/div>\n<\/div>\n\n<p><\/p>\n\n<h2 class=\"wp-block-heading\">Warum sollte man ein System zur Absaugung und Erfassung an der Quelle der Luftreinigung oder Luftreinigung in R\u00e4umen vorziehen?<\/h2>\n\n<p><br\/>Wenn m\u00f6glich, sollte die Absaugung und Erfassung an der Quelle bevorzugt werden. Dies verhindert, dass sich Schadstoffe im Arbeitsbereich verbreiten und ausbreiten und sch\u00fctzt so die Arbeiter am besten. Wenn die Erfassung von Schadstoffen oder Staub an der Quelle nicht m\u00f6glich ist, oder wenn eine Vielzahl von Staubquellen die Erfassung an der Quelle unm\u00f6glich macht, ist eine Luftreinigungsl\u00f6sung f\u00fcr die Umgebung zu w\u00e4hlen.    <\/p>\n\n<p>In einigen F\u00e4llen kann die Luftbehandlung in der Umgebung eine bestehende Erfassung und Absaugung an der Quelle wirksam erg\u00e4nzen, um die Schadstoffkonzentrationen am Arbeitsplatz deutlich zu reduzieren, insbesondere wenn es sich um Staub oder gasf\u00f6rmige Schadstoffe handelt, die als CMR eingestuft sind.<\/p>\n\n<h2 class=\"wp-block-heading\">Wie w\u00e4hlt man ein industrielles Absaug- und Auffangsystem aus?<\/h2>\n\n<p>Es ist wichtig, dass Sie <strong>das industrielle Absaug- und Sammelsystem richtig ausw\u00e4hlen<\/strong>, da dies zu einer geringeren Effizienz der Luftbehandlung f\u00fchren kann. Wenn Sie Ihre Suche selbst durchf\u00fchren, sollten Sie sich \u00fcber die verschiedenen Aspekte informieren: <\/p>\n\n<ul class=\"wp-block-list\">\n<li>Die Geschwindigkeit, mit der Staub und Schadstoffe effizient aufgefangen werden k\u00f6nnen,<\/li>\n\n\n\n<li>Die Entfernung zwischen der Quelle der Schadstoffe und der gew\u00e4hlten Auffangvorrichtung,<\/li>\n\n\n\n<li>Die <a href=\"https:\/\/obera.fr\/de\/conseils\/comment-calculer-debit-air-systeme-aspiration\/\">erforderliche Saugleistung<\/a>,<\/li>\n\n\n\n<li>Der Druckverlust der Aufnahmevorrichtung,<\/li>\n\n\n\n<li>Der Druck und der verf\u00fcgbare Luftstrom Ihres Staubabscheiders oder Ihrer vorhandenen Absauganlage.<\/li>\n<\/ul>\n\n<p>Wenden Sie sich an unsere Experten, die Sie bei der L\u00f6sung Ihrer Probleme unterst\u00fctzen und Ihnen ein geeignetes Produkt vorschlagen k\u00f6nnen.<\/p>\n\n<div class=\"wp-block-buttons is-horizontal is-content-justification-center is-layout-flex wp-container-core-buttons-is-layout-03627597 wp-block-buttons-is-layout-flex\">\n<div class=\"wp-block-button\"><a class=\"wp-block-button__link wp-element-button\" href=\"https:\/\/obera.fr\/de\/contact\/\">Weitere Informationen<\/a><\/div>\n<\/div>\n","protected":false},"excerpt":{"rendered":"<p>Unsere industrielle Absaug- und Erfassungsausr\u00fcstung besteht aus Absaug- und Erfassungsarmen, Absaugtischen, Absaugr\u00fcckw\u00e4nden und verschiedenen Lufterfassungs- und Absaughauben. Diese industriellen Abluftsysteme erm\u00f6glichen eine effiziente und pr\u00e4zise Absaugung und Abscheidung von Schadstoffen direkt an der Quelle. In unserem Angebot an industriellen Absaug- und Auffangvorrichtungen Laborarm Industrieller Arm Unser Sortiment an Laborarmen ist die ideale L\u00f6sung f\u00fcr das Absaugen und Auffangen von Rauch und D\u00e4mpfen an festen Arbeitspl\u00e4tzen (Labortisch, Labor). Sie sind sehr handlich und k\u00f6nnen leicht in der N\u00e4he der Verschmutzungsquelle positioniert werden. Unser Sortiment an Laborarmen kann mit verschiedenen Zubeh\u00f6rteilen wie Wandhalterungen, runden oder rechteckigen Hauben geliefert werden. Unsere Laborarme sind &#8230; <\/p>\n<p class=\"read-more-container\"><a title=\"Arme und Aufnahmeger\u00e4te\" class=\"read-more button\" href=\"https:\/\/obera.fr\/de\/produits\/bras-dispositifs-captation\/#more-31340\" aria-label=\"Mehr Informationen \u00fcber Arme und Aufnahmeger\u00e4te\">Lire la suite<\/a><\/p>\n","protected":false},"author":4,"featured_media":83739,"parent":11999,"menu_order":0,"comment_status":"closed","ping_status":"closed","template":"","meta":{"_acf_changed":false,"_seopress_robots_primary_cat":"","_seopress_titles_title":"Bras et dispositifs de captation: tables, dosserets, hottes aspirantes","_seopress_titles_desc":"Notre gamme est compos\u00e9e de bras d\u2019aspiration et captation, de tables aspirantes, de dosserets aspirants et d'hottes de captation et d\u2019extraction d\u2019air.","_seopress_robots_index":"","_seopress_analysis_target_kw":"","footnotes":""},"class_list":{"0":"post-31340","1":"page","2":"type-page","3":"status-publish","4":"has-post-thumbnail","6":"no-featured-image-padding","7":"resize-featured-image"},"acf":[],"_links":{"self":[{"href":"https:\/\/obera.fr\/de\/wp-json\/wp\/v2\/pages\/31340","targetHints":{"allow":["GET"]}}],"collection":[{"href":"https:\/\/obera.fr\/de\/wp-json\/wp\/v2\/pages"}],"about":[{"href":"https:\/\/obera.fr\/de\/wp-json\/wp\/v2\/types\/page"}],"author":[{"embeddable":true,"href":"https:\/\/obera.fr\/de\/wp-json\/wp\/v2\/users\/4"}],"replies":[{"embeddable":true,"href":"https:\/\/obera.fr\/de\/wp-json\/wp\/v2\/comments?post=31340"}],"version-history":[{"count":7,"href":"https:\/\/obera.fr\/de\/wp-json\/wp\/v2\/pages\/31340\/revisions"}],"predecessor-version":[{"id":70923,"href":"https:\/\/obera.fr\/de\/wp-json\/wp\/v2\/pages\/31340\/revisions\/70923"}],"up":[{"embeddable":true,"href":"https:\/\/obera.fr\/de\/wp-json\/wp\/v2\/pages\/11999"}],"wp:featuredmedia":[{"embeddable":true,"href":"https:\/\/obera.fr\/de\/wp-json\/wp\/v2\/media\/83739"}],"wp:attachment":[{"href":"https:\/\/obera.fr\/de\/wp-json\/wp\/v2\/media?parent=31340"}],"curies":[{"name":"wp","href":"https:\/\/api.w.org\/{rel}","templated":true}]}}