{"id":31388,"date":"2024-05-07T15:48:45","date_gmt":"2024-05-07T13:48:45","guid":{"rendered":"https:\/\/obera.fr\/produkte\/mobile-absaugkaesten\/"},"modified":"2025-11-15T06:43:51","modified_gmt":"2025-11-15T04:43:51","slug":"caissons-mobiles-aspiration","status":"publish","type":"page","link":"https:\/\/obera.fr\/de\/produits\/caissons-mobiles-aspiration\/","title":{"rendered":"Mobile Absaugk\u00e4sten"},"content":{"rendered":"\n\n<h2 class=\"wp-block-heading\">Was ist eine mobile Absaugbox?<\/h2>\n\n<p>Eine mobile Absaugbox, auch mobile<strong> Filterbox oder mobile Absaugeinheit<\/strong> oder mobile Filtereinheit genannt, ist im Allgemeinen ein kleines mobiles Ger\u00e4t, mit dem Schadstoffe an der Quelle abgesaugt und gefiltert werden k\u00f6nnen. Er ist in der Regel mit einem <a href=\"https:\/\/obera.fr\/de\/produits\/bras-dispositifs-captation\/capot-industriel\/\">Aufnahmearm am Ger\u00e4t<\/a> oder einem verrohrten Eingang ausgestattet, an den ein oder mehrere Saugschl\u00e4uche angeschlossen werden k\u00f6nnen, die mit einer Maschine, einer Abzugshaube, einem <strong>kleinen Saugtisch<\/strong> oder dezentralen Armen verbunden sind. <\/p>\n\n<p><\/p>\n\n<div class=\"wp-block-columns is-layout-flex wp-container-core-columns-is-layout-28f84493 wp-block-columns-is-layout-flex\">\n<div class=\"wp-block-column is-layout-flow wp-block-column-is-layout-flow\" style=\"flex-basis:66.66%\">\n<p>Die mobilen Saugk\u00e4sten bestehen aus einem Sammelarm oder einem verrohrten Einlass, einem mehrstufigen Kasten, S\u00e4ttigungsfiltern und einem <strong>Zentrifugalventilator, der in der Regel einphasig<\/strong> ist. Die Container sind mit Rollen ausgestattet, so dass sie leicht bewegt werden k\u00f6nnen. Die Luft, die von der Aufnahmevorrichtung (Arm, Tisch, &#8230;) angesaugt wird, tritt in das Geh\u00e4use ein und durchl\u00e4uft immer feinere mechanische Filterstufen, eine oder mehrere molekulare Filterstufen (Aktivkohle) und schlie\u00dflich eine hocheffiziente HEPA-Filterung, wenn das <strong>angesaugte Produkt gef\u00e4hrlich ist und eine HEPA-Filterung erfordert <\/strong>, um die Luft sauber in das Geb\u00e4ude abzugeben.  <\/p>\n\n\n\n<p><\/p>\n<\/div>\n\n\n\n<div class=\"wp-block-column is-layout-flow wp-block-column-is-layout-flow\" style=\"flex-basis:33.33%\">\n<figure class=\"wp-block-image aligncenter size-large is-resized\"><img decoding=\"async\" width=\"1024\" height=\"549\" src=\"https:\/\/obera.fr\/wp-content\/uploads\/2025\/03\/charbon-actif-purple-1024x549.png\" alt=\"Aktivkohle purple\" class=\"wp-image-76468\" style=\"width:269px;height:auto\" srcset=\"https:\/\/obera.fr\/wp-content\/uploads\/2025\/03\/charbon-actif-purple-1024x549.png 1024w, https:\/\/obera.fr\/wp-content\/uploads\/2025\/03\/charbon-actif-purple-300x161.png 300w, https:\/\/obera.fr\/wp-content\/uploads\/2025\/03\/charbon-actif-purple-768x412.png 768w, https:\/\/obera.fr\/wp-content\/uploads\/2025\/03\/charbon-actif-purple.png 1200w\" sizes=\"(max-width: 1024px) 100vw, 1024px\" \/><\/figure>\n<\/div>\n<\/div>\n\n<p>Die Absaugk\u00e4sten gibt es mit sehr geringen Volumenstr\u00f6men von 80-300 m3\/h f\u00fcr feine Absaugungen am Arbeitsplatz (Kleben, L\u00f6ten, Elektronikl\u00f6ten, sorgf\u00e4ltiges Schleifen oder Schleifen&#8230;) bis hin zu Volumenstr\u00f6men von 3.000 m3\/h f\u00fcr die Absaugung mehrerer Arbeitspl\u00e4tze mit einem einzigen Kasten oder f\u00fcr gr\u00f6\u00dfere abzusaugende Arbeitsfl\u00e4chen (Absaugerr\u00fccken, gr\u00f6\u00dfere Absaugarme). Die <strong>Geh\u00e4use sind in der Regel mit einem Potentiometer ausgestattet <\/strong>, mit dem die Ansaugleistung des Zentrifugalventilators an den Ansaugbedarf angepasst werden kann. <\/p>\n\n<p>Mobile Absaugboxen erm\u00f6glichen die Absaugung von Schadstoffen wie Rauch, Staub, gasf\u00f6rmigen Schadstoffen, D\u00e4mpfen, L\u00f6sungsmitteln, VOCs oder Ger\u00fcchen. Das Prinzip des Kastens erm\u00f6glicht es, <strong>mehrere aufeinanderfolgende Filterstufen \u00fcbereinander<\/strong> zu schichten, so dass die Filterung von   <\/p>\n\n<h2 class=\"wp-block-heading\" id=\"a-quelles-utilisations-conviennent-elles\">Unser Angebot an mobilen Absaugboxen  <\/h2>\n\n<div style=\"height:37px\" aria-hidden=\"true\" class=\"wp-block-spacer\"><\/div>\n\n<div class=\"wp-block-columns is-layout-flex wp-container-core-columns-is-layout-28f84493 wp-block-columns-is-layout-flex\">\n<div class=\"wp-block-column is-layout-flow wp-block-column-is-layout-flow\">\n<h3 class=\"wp-block-heading has-text-align-center\">ePURBox ATEX<\/h3>\n\n\n\n<p class=\"has-text-align-center\"><strong>Modularit\u00e4t und Vielseitigkeit<\/strong><\/p>\n\n\n\n<p class=\"has-text-align-center\">Behandlung von Staub, Rauch, D\u00e4mpfen und L\u00f6sungsmitteln.<\/p>\n\n\n\n<figure class=\"wp-block-image aligncenter size-medium is-resized\"><a href=\"https:\/\/obera.fr\/de\/produits\/caissons-mobiles-aspiration\/epurbox-atex\/#more-115628\"><img decoding=\"async\" width=\"300\" height=\"300\" src=\"https:\/\/obera.fr\/wp-content\/uploads\/2025\/10\/visuel-epurbox-brs-logo-atex-300x300.png\" alt=\"Bild EpurBox BRS Atex Logo\" class=\"wp-image-130378\" style=\"width:315px;height:auto\" srcset=\"https:\/\/obera.fr\/wp-content\/uploads\/2025\/10\/visuel-epurbox-brs-logo-atex-300x300.png 300w, https:\/\/obera.fr\/wp-content\/uploads\/2025\/10\/visuel-epurbox-brs-logo-atex-1024x1024.png 1024w, https:\/\/obera.fr\/wp-content\/uploads\/2025\/10\/visuel-epurbox-brs-logo-atex-150x150.png 150w, https:\/\/obera.fr\/wp-content\/uploads\/2025\/10\/visuel-epurbox-brs-logo-atex-768x768.png 768w, https:\/\/obera.fr\/wp-content\/uploads\/2025\/10\/visuel-epurbox-brs-logo-atex.png 1200w\" sizes=\"(max-width: 300px) 100vw, 300px\" \/><\/a><\/figure>\n\n\n\n<p class=\"has-text-align-center\">Max. Durchfluss 1200 m3\/h &#8211; Rohr- oder Armauslass<\/p>\n<\/div>\n\n\n\n<div class=\"wp-block-column is-layout-flow wp-block-column-is-layout-flow\">\n<h3 class=\"wp-block-heading has-text-align-center\">Clearbox<\/h3>\n\n\n\n<p class=\"has-text-align-center\">Behandlung von Rauch, D\u00e4mpfen und L\u00f6sungsmitteln<\/p>\n\n\n\n<figure class=\"wp-block-image aligncenter size-medium is-resized\"><a href=\"https:\/\/obera.fr\/de\/produits\/caissons-mobiles-aspiration\/clearbox\/\"><img decoding=\"async\" width=\"300\" height=\"300\" src=\"https:\/\/obera.fr\/wp-content\/uploads\/2025\/10\/visuel-clearbox-brs-300x300.png\" alt=\"Bild Clearbox BRS\" class=\"wp-image-129934\" style=\"object-fit:cover;width:335px;height:auto\" srcset=\"https:\/\/obera.fr\/wp-content\/uploads\/2025\/10\/visuel-clearbox-brs-300x300.png 300w, https:\/\/obera.fr\/wp-content\/uploads\/2025\/10\/visuel-clearbox-brs-1024x1024.png 1024w, https:\/\/obera.fr\/wp-content\/uploads\/2025\/10\/visuel-clearbox-brs-150x150.png 150w, https:\/\/obera.fr\/wp-content\/uploads\/2025\/10\/visuel-clearbox-brs-768x768.png 768w, https:\/\/obera.fr\/wp-content\/uploads\/2025\/10\/visuel-clearbox-brs.png 1200w\" sizes=\"(max-width: 300px) 100vw, 300px\" \/><\/a><\/figure>\n\n\n\n<p class=\"has-text-align-center\">Max. Durchflussmenge 2000m3\/h<\/p>\n<\/div>\n<\/div>\n\n<div style=\"height:58px\" aria-hidden=\"true\" class=\"wp-block-spacer\"><\/div>\n\n<div style=\"height:58px\" aria-hidden=\"true\" class=\"wp-block-spacer\"><\/div>\n\n<div class=\"wp-block-columns is-layout-flex wp-container-core-columns-is-layout-28f84493 wp-block-columns-is-layout-flex\">\n<div class=\"wp-block-column is-layout-flow wp-block-column-is-layout-flow\">\n<h3 class=\"wp-block-heading has-text-align-center\">ePUR EX<\/h3>\n\n\n\n<p class=\"has-text-align-center\">Behandlung von Rauch, D\u00e4mpfen und L\u00f6sungsmitteln<\/p>\n\n\n\n<figure class=\"wp-block-image aligncenter size-medium is-resized\"><a href=\"https:\/\/obera.fr\/de\/produits\/depoussiereurs-industriels\/petits\/aspiration-fumees-soudage-laser-epur-b-ex\/\"><img decoding=\"async\" width=\"300\" height=\"300\" src=\"https:\/\/obera.fr\/wp-content\/uploads\/2023\/10\/epurb-ex-1000-3000-5000-300x300.png\" alt=\"oberA epur b ex 1000 3000 5000\" class=\"wp-image-25016\" style=\"object-fit:cover\" srcset=\"https:\/\/obera.fr\/wp-content\/uploads\/2023\/10\/epurb-ex-1000-3000-5000-300x300.png 300w, https:\/\/obera.fr\/wp-content\/uploads\/2023\/10\/epurb-ex-1000-3000-5000-150x150.png 150w, https:\/\/obera.fr\/wp-content\/uploads\/2023\/10\/epurb-ex-1000-3000-5000.png 600w\" sizes=\"(max-width: 300px) 100vw, 300px\" \/><\/a><\/figure>\n\n\n\n<p class=\"has-text-align-center\">Max. Durchfluss 350 &#8211; 2800 m3\/h<\/p>\n<\/div>\n\n\n\n<div class=\"wp-block-column is-layout-flow wp-block-column-is-layout-flow\">\n<h3 class=\"wp-block-heading has-text-align-center\">Jumbo<\/h3>\n\n\n\n<p class=\"has-text-align-center\">Behandlung von Rauch, D\u00e4mpfen und L\u00f6sungsmitteln<\/p>\n\n\n\n<figure class=\"wp-block-image aligncenter size-full is-resized\"><a href=\"https:\/\/obera.fr\/de\/produits\/depoussiereurs-industriels\/petits\/jumbo\/\"><img decoding=\"async\" width=\"500\" height=\"500\" src=\"https:\/\/obera.fr\/wp-content\/uploads\/2020\/10\/jumbo.png\" alt=\"Jumbo\" class=\"wp-image-1171\" style=\"width:302px;height:auto\" srcset=\"https:\/\/obera.fr\/wp-content\/uploads\/2020\/10\/jumbo.png 500w, https:\/\/obera.fr\/wp-content\/uploads\/2020\/10\/jumbo-300x300.png 300w, https:\/\/obera.fr\/wp-content\/uploads\/2020\/10\/jumbo-150x150.png 150w\" sizes=\"(max-width: 500px) 100vw, 500px\" \/><\/a><\/figure>\n\n\n\n<p class=\"has-text-align-center\">Durchflussmenge 170 m3\/h<\/p>\n<\/div>\n<\/div>\n\n<div style=\"height:58px\" aria-hidden=\"true\" class=\"wp-block-spacer\"><\/div>\n\n<div class=\"wp-block-columns is-layout-flex wp-container-core-columns-is-layout-28f84493 wp-block-columns-is-layout-flex\">\n<div class=\"wp-block-column is-layout-flow wp-block-column-is-layout-flow\">\n<h3 class=\"wp-block-heading has-text-align-center\">ePUR010 CA<\/h3>\n\n\n\n<p class=\"has-text-align-center\">Behandlung von Rauch, D\u00e4mpfen und L\u00f6sungsmitteln<\/p>\n\n\n\n<figure class=\"wp-block-image aligncenter size-medium is-resized\"><a href=\"https:\/\/obera.fr\/de\/produits\/traitement-cov\/filtre-anti-poussiere-epur010-b-ca\/\"><img decoding=\"async\" width=\"221\" height=\"300\" src=\"https:\/\/obera.fr\/wp-content\/uploads\/2022\/02\/EPUR010-B-CA-221x300.png\" alt=\"epur010 b ca\" class=\"wp-image-8919\" style=\"object-fit:cover;width:239px;height:auto\" srcset=\"https:\/\/obera.fr\/wp-content\/uploads\/2022\/02\/EPUR010-B-CA-221x300.png 221w, https:\/\/obera.fr\/wp-content\/uploads\/2022\/02\/EPUR010-B-CA-753x1024.png 753w, https:\/\/obera.fr\/wp-content\/uploads\/2022\/02\/EPUR010-B-CA-768x1044.png 768w, https:\/\/obera.fr\/wp-content\/uploads\/2022\/02\/EPUR010-B-CA-1130x1536.png 1130w, https:\/\/obera.fr\/wp-content\/uploads\/2022\/02\/EPUR010-B-CA-1507x2048.png 1507w, https:\/\/obera.fr\/wp-content\/uploads\/2022\/02\/EPUR010-B-CA.png 1788w\" sizes=\"(max-width: 221px) 100vw, 221px\" \/><\/a><\/figure>\n\n\n\n<p class=\"has-text-align-center\">Max. Durchfluss 150 m3\/h<\/p>\n<\/div>\n<\/div>\n\n<p class=\"has-text-align-center\"><\/p>\n\n<p><\/p>\n\n<div class=\"wp-block-buttons is-horizontal is-content-justification-center is-layout-flex wp-container-core-buttons-is-layout-03627597 wp-block-buttons-is-layout-flex\">\n<div class=\"wp-block-button\"><a class=\"wp-block-button__link wp-element-button\" href=\"https:\/\/obera.fr\/de\/contact\/\">Weitere Informationen<\/a><\/div>\n<\/div>\n\n<h2 class=\"wp-block-heading\">Warum sollten Sie eine mobile Absaugbox verwenden?<\/h2>\n\n<p>Eine mobile Absaugbox wird normalerweise verwendet, um <strong>Schadstoffe an einem Arbeitsplatz zu erfassen<\/strong>. Die mobile Filterbox kann leicht von einer Station zur anderen bewegt werden. Wenn der Kunde nicht \u00fcber ein Staubsaugernetz in der N\u00e4he verf\u00fcgt, ist es einfacher, eine mobile Staubsaugerbox aufzustellen, als ein Rohrleitungsnetz von einer zentralen Staubsaugeranlage aus zu verlegen. Ebenso ist es oft schwierig,<strong>die Schadstoffe nach au\u00dfen<\/strong> zu leiten. Die mobile Kammer erm\u00f6glicht es, die<strong>Schadstoffe<\/strong> dort zu erfassen, wo sie entstehen, sie zu filtern und die behandelte Luft in der Zone selbst auszusto\u00dfen. Es ist wichtig, die Filterung an die Schadstoffe anzupassen und insbesondere eine hocheffiziente HEPA-Filterung H13 oder H14 zu w\u00e4hlen, wenn CMR-Verbindungen gefiltert werden sollen. Die meisten mobilen Filterboxen k\u00f6nnen<strong> mit einem<\/strong> verrohrten<strong> Frischluftauslass ausgestattet<\/strong> werden, wenn der Kunde die Frischluft nach au\u00dfen abf\u00fchren m\u00f6chte.     <\/p>\n\n<h2 class=\"wp-block-heading\">Welche Anwendungen werden von mobilen Filterboxen abgedeckt?<\/h2>\n\n<div class=\"wp-block-columns is-layout-flex wp-container-core-columns-is-layout-28f84493 wp-block-columns-is-layout-flex\">\n<div class=\"wp-block-column is-layout-flow wp-block-column-is-layout-flow\" style=\"flex-basis:33.33%\">\n<figure class=\"wp-block-image aligncenter size-large is-resized\"><img decoding=\"async\" width=\"1024\" height=\"1024\" src=\"https:\/\/obera.fr\/wp-content\/uploads\/2025\/03\/2-1024x1024.png\" alt=\"OberA-L&#xF6;sung\" class=\"wp-image-77618\" style=\"width:271px;height:auto\" srcset=\"https:\/\/obera.fr\/wp-content\/uploads\/2025\/03\/2-1024x1024.png 1024w, https:\/\/obera.fr\/wp-content\/uploads\/2025\/03\/2-300x300.png 300w, https:\/\/obera.fr\/wp-content\/uploads\/2025\/03\/2-150x150.png 150w, https:\/\/obera.fr\/wp-content\/uploads\/2025\/03\/2-768x768.png 768w, https:\/\/obera.fr\/wp-content\/uploads\/2025\/03\/2.png 1200w\" sizes=\"(max-width: 1024px) 100vw, 1024px\" \/><\/figure>\n<\/div>\n\n\n\n<div class=\"wp-block-column is-layout-flow wp-block-column-is-layout-flow\" style=\"flex-basis:66.66%\">\n<ul class=\"wp-block-list\">\n<li><strong>Mobile Absaugk\u00e4sten <\/strong>werden in der Regel in den folgenden Anwendungen eingesetzt:<\/li>\n\n\n\n<li>L\u00f6ten, Schwei\u00dfen, Hartl\u00f6ten, Elektronikindustrie<\/li>\n\n\n\n<li>Laboratorien, Handhabung, Dosierung, Umf\u00fcllen von fl\u00fcssigen Chemikalien, Harzen oder Pulvern<\/li>\n\n\n\n<li>Juwelierwaren<\/li>\n\n\n\n<li>Lasermaschine (Schneiden von Kartons, Kunststoffen, &#8230;.)<\/li>\n\n\n\n<li>Additive Fertigung (3D-Maschine,&#8230;)<\/li>\n\n\n\n<li><strong>Klebestellen<\/strong><\/li>\n\n\n\n<li>Reinigung, Entfettung von Teilen ;<\/li>\n\n\n\n<li>Restaurierung von Kunstwerken, Vernissage<\/li>\n\n\n\n<li><strong>Schleifen, Schleifen, Beizen, Polieren<\/strong>, Entgraten von kleinen Teilen aus Metall, Verbundstoffen oder Kunststoffen<\/li>\n<\/ul>\n<\/div>\n<\/div>\n\n<h2 class=\"wp-block-heading\">Wie w\u00e4hlt man einen mobilen Staubsaugerkasten?<\/h2>\n\n<p>Um <strong>den richtigen Staubsaugerkasten auszuw\u00e4hlen<\/strong>, m\u00fcssen Sie zun\u00e4chst die Art der Schadstoffe, die behandelt werden sollen, validieren. Wenn es sich nur um Staub oder Rauch handelt, sind mechanische Filterstufen ausreichend. Wenn D\u00e4mpfe, L\u00f6sungsmittel oder VOCs behandelt werden m\u00fcssen, sollten Aktivkohlefilter verwendet werden. Immer h\u00e4ufiger erzeugen Prozesse beides, da die Erhitzung des <g id=\"gid_1\">Materials dieses verdampfen l\u00e4sst und Schadstoffe<\/g> in Form von Rauch (Feststoffe) und Gasen (meist VOCs) ausst\u00f6\u00dft. In diesem Fall sollten Partikelfilterstufen (mechanische Filter) und Molekularfilterstufen (Aktivkohle) kombiniert werden.    <\/p>\n\n<p>Wenn die Schadstoffe giftig sind, sollte au\u00dferdem eine geeignete HEPA-Filterung gew\u00e4hlt werden. Wenn die Ger\u00e4te explosive St\u00e4ube oder Gase absaugen sollen, muss <strong>ein ATEX-Ger\u00e4t gew\u00e4hlt werden, das den Gefahren angemessen<\/strong> ist. <\/p>\n\n<p>Die Saugleistung ist nat\u00fcrlich entscheidend f\u00fcr die Wahl des Ger\u00e4ts. Wir k\u00f6nnen Ihnen helfen, dies zu bestimmen. <\/p>\n\n<h2 class=\"wp-block-heading\">Betriebs- und Wartungskosten<\/h2>\n\n<p>Die <strong>mobilen Absaugk\u00e4sten<\/strong> sind mit S\u00e4ttigungsfiltern ausgestattet. Je nach Korngr\u00f6\u00dfe des zu behandelnden Staubs und Rauchs muss die richtige Filterkombination gew\u00e4hlt werden. <\/p>\n\n<p>Je effektiver die Filter sind, desto h\u00f6her ist ihr Preis. Das Ziel ist es daher, die<strong> oberen Etagen<\/strong> so weit wie m\u00f6glich zu s\u00e4ttigen<strong>, um die<\/strong> pr\u00e4zisesten<strong> Filter zu erhalten<\/strong>. Wenn m\u00f6glich, sollten Sie die Vorfilterstufen erh\u00f6hen (z.B. G4, M6, F9&#8230; um die hocheffizienten HEPA-Filter H13 oder H14 zu sch\u00fctzen). Die Lebensdauer der Filter h\u00e4ngt von der Menge der Schadstoffe, der Betriebszeit und der Korngr\u00f6\u00dfenverteilung der Schadstoffe ab. In einigen F\u00e4llen ist eine Messung m\u00f6glich, um die geeigneten Filterstufen auszuw\u00e4hlen.    <\/p>\n","protected":false},"excerpt":{"rendered":"<p>Was ist eine mobile Absaugbox? Eine mobile Absaugbox, auch mobile Filterbox oder mobile Absaugeinheit oder mobile Filtereinheit genannt, ist im Allgemeinen ein kleines mobiles Ger\u00e4t, mit dem Schadstoffe an der Quelle abgesaugt und gefiltert werden k\u00f6nnen. Er ist in der Regel mit einem Aufnahmearm am Ger\u00e4t oder einem verrohrten Eingang ausgestattet, an den ein oder mehrere Saugschl\u00e4uche angeschlossen werden k\u00f6nnen, die mit einer Maschine, einer Abzugshaube, einem kleinen Saugtisch oder dezentralen Armen verbunden sind. Die mobilen Saugk\u00e4sten bestehen aus einem Sammelarm oder einem verrohrten Einlass, einem mehrstufigen Kasten, S\u00e4ttigungsfiltern und einem Zentrifugalventilator, der in der Regel einphasig ist. Die Container &#8230; <\/p>\n<p class=\"read-more-container\"><a title=\"Mobile Absaugk\u00e4sten\" class=\"read-more button\" href=\"https:\/\/obera.fr\/de\/produits\/caissons-mobiles-aspiration\/#more-31388\" aria-label=\"Mehr Informationen \u00fcber Mobile Absaugk\u00e4sten\">Lire la suite<\/a><\/p>\n","protected":false},"author":4,"featured_media":83739,"parent":11999,"menu_order":0,"comment_status":"closed","ping_status":"closed","template":"","meta":{"_acf_changed":false,"_seopress_robots_primary_cat":"","_seopress_titles_title":"Mobile Absaugboxen oberA","_seopress_titles_desc":"Unser Sortiment an mobilen Absaugboxen: ePURBox: Modularit\u00e4t und Vielseitigkeit, ePUR010 B CA, Jumbo und EPUR B EX","_seopress_robots_index":"","_seopress_analysis_target_kw":"","footnotes":""},"class_list":{"0":"post-31388","1":"page","2":"type-page","3":"status-publish","4":"has-post-thumbnail","6":"no-featured-image-padding","7":"resize-featured-image"},"acf":[],"_links":{"self":[{"href":"https:\/\/obera.fr\/de\/wp-json\/wp\/v2\/pages\/31388","targetHints":{"allow":["GET"]}}],"collection":[{"href":"https:\/\/obera.fr\/de\/wp-json\/wp\/v2\/pages"}],"about":[{"href":"https:\/\/obera.fr\/de\/wp-json\/wp\/v2\/types\/page"}],"author":[{"embeddable":true,"href":"https:\/\/obera.fr\/de\/wp-json\/wp\/v2\/users\/4"}],"replies":[{"embeddable":true,"href":"https:\/\/obera.fr\/de\/wp-json\/wp\/v2\/comments?post=31388"}],"version-history":[{"count":15,"href":"https:\/\/obera.fr\/de\/wp-json\/wp\/v2\/pages\/31388\/revisions"}],"predecessor-version":[{"id":131961,"href":"https:\/\/obera.fr\/de\/wp-json\/wp\/v2\/pages\/31388\/revisions\/131961"}],"up":[{"embeddable":true,"href":"https:\/\/obera.fr\/de\/wp-json\/wp\/v2\/pages\/11999"}],"wp:featuredmedia":[{"embeddable":true,"href":"https:\/\/obera.fr\/de\/wp-json\/wp\/v2\/media\/83739"}],"wp:attachment":[{"href":"https:\/\/obera.fr\/de\/wp-json\/wp\/v2\/media?parent=31388"}],"curies":[{"name":"wp","href":"https:\/\/api.w.org\/{rel}","templated":true}]}}