{"id":31421,"date":"2020-10-19T23:22:37","date_gmt":"2020-10-19T21:22:37","guid":{"rendered":"https:\/\/obera.fr\/produkte\/arme-und-aufnahmegeraete\/rechteckige-industrielle-kapselhaube\/"},"modified":"2025-11-15T06:43:02","modified_gmt":"2025-11-15T04:43:02","slug":"hotte-rectangulaire","status":"publish","type":"page","link":"https:\/\/obera.fr\/de\/produits\/bras-dispositifs-captation\/hotte-rectangulaire\/","title":{"rendered":"Rechteckige industrielle Kapselhaube"},"content":{"rendered":"\n<h2 class=\"wp-block-heading\">Unser Angebot an rechteckigen Dunstabzugshauben<\/h2>\n\n<div class=\"wp-block-columns is-layout-flex wp-container-core-columns-is-layout-28f84493 wp-block-columns-is-layout-flex\">\n<div class=\"wp-block-column is-layout-flow wp-block-column-is-layout-flow\" style=\"flex-basis:33.33%\">\n<figure class=\"wp-block-image aligncenter size-full\"><img decoding=\"async\" width=\"1200\" height=\"1200\" src=\"https:\/\/obera.fr\/wp-content\/uploads\/2024\/06\/image-hotte-captation.jpg\" alt=\"Bild Abzugshaube Aufnahme\" class=\"wp-image-31878\" srcset=\"https:\/\/obera.fr\/wp-content\/uploads\/2024\/06\/image-hotte-captation.jpg 1200w, https:\/\/obera.fr\/wp-content\/uploads\/2024\/06\/image-hotte-captation-300x300.jpg 300w, https:\/\/obera.fr\/wp-content\/uploads\/2024\/06\/image-hotte-captation-1024x1024.jpg 1024w, https:\/\/obera.fr\/wp-content\/uploads\/2024\/06\/image-hotte-captation-150x150.jpg 150w, https:\/\/obera.fr\/wp-content\/uploads\/2024\/06\/image-hotte-captation-768x768.jpg 768w\" sizes=\"(max-width: 1200px) 100vw, 1200px\" \/><figcaption class=\"wp-element-caption\">Rechteckige industrielle Kapselhaube<\/figcaption><\/figure>\n<\/div>\n\n\n\n<div class=\"wp-block-column is-layout-flow wp-block-column-is-layout-flow\" style=\"flex-basis:66.66%\">\n<p>Die <strong>rechteckigen Abzugshauben von OBERA<\/strong> sind ideal, um Staub, Rauch und gasf\u00f6rmige Schadstoffe an der Quelle abzuscheiden. Es gibt auch <a href=\"https:\/\/obera.fr\/de\/produits\/bras-dispositifs-captation\/hotte-modulaire\/\">modulare Abzugshauben<\/a>, die f\u00fcr diese Situationen geeignet sind.  <\/p>\n\n\n\n<p>Die OBERA Industrie-Dunstabzugshauben werden an ein Auffangnetz oder an einen Staubabscheider angeschlossen. Sie sind in zwei verschiedenen Gr\u00f6\u00dfen erh\u00e4ltlich und eignen sich f\u00fcr die meisten Aufnahmekonfigurationen.<\/p>\n\n\n\n<p>Die Verwendung von gelenkigen<a href=\"https:\/\/obera.fr\/de\/produits\/bras-dispositifs-captation\/\"> Fangarmen<\/a> verbessert die Flexibilit\u00e4t und Effizienz bei der Erfassung von Schadstoffen, selbst in schwer zug\u00e4nglichen Bereichen. Die <a href=\"https:\/\/obera.fr\/de\/produits\/bras-dispositifs-captation\/capot-industriel\/\">Industriehaube<\/a> wurde entwickelt, um den anspruchsvollsten Umgebungen standzuhalten und bietet einen besseren Schutz und eine l\u00e4ngere Lebensdauer der Ger\u00e4te. Diese Eigenschaften machen die OBERA Hauben zu einer kompletten und zuverl\u00e4ssigen L\u00f6sung f\u00fcr das Luftqualit\u00e4tsmanagement in industriellen Umgebungen.<\/p>\n\n\n\n<hr class=\"wp-block-separator has-text-color has-black-color has-css-opacity has-black-background-color has-background is-style-dots\"\/>\n\n\n\n<div class=\"wp-block-columns is-layout-flex wp-container-core-columns-is-layout-28f84493 wp-block-columns-is-layout-flex\">\n<div class=\"wp-block-column is-layout-flow wp-block-column-is-layout-flow\" style=\"flex-basis:50%\">\n<div class=\"wp-block-buttons is-horizontal is-content-justification-center is-layout-flex wp-container-core-buttons-is-layout-03627597 wp-block-buttons-is-layout-flex\">\n<div class=\"wp-block-button\"><a class=\"wp-block-button__link wp-element-button\" href=\"https:\/\/obera.fr\/de\/contact\/\">Weitere Informationen<\/a><\/div>\n<\/div>\n<\/div>\n\n\n\n<div class=\"wp-block-column is-layout-flow wp-block-column-is-layout-flow\" style=\"flex-basis:50%\">\n<div class=\"wp-block-buttons is-content-justification-center is-layout-flex wp-container-core-buttons-is-layout-a89b3969 wp-block-buttons-is-layout-flex\">\n<div class=\"wp-block-button btn-devis-source\"><a class=\"wp-block-button__link wp-element-button\" href=\"https:\/\/obera.fr\/de\/angebotsanfrage\/\">Angebotsanfrage<\/a><\/div>\n<\/div>\n\n\n<script>\r\ndocument.addEventListener('DOMContentLoaded', function() {\r\n    \/\/ 1. On cherche le titre H1 de la page\r\n    var h1 = document.querySelector('h1');\r\n    var productTitle = h1 ? h1.innerText.trim() : \"\";\r\n\r\n    \/\/ 2. On cherche les boutons via la classe CSS .btn-devis-source\r\n    var buttons = document.querySelectorAll('.btn-devis-source a');\r\n\r\n    \/\/ 3. Si on a le titre et les boutons, on ajoute le param\u00e8tre\r\n    if (buttons.length > 0 && productTitle !== \"\") {\r\n        var encodedTitle = encodeURIComponent(productTitle);\r\n\r\n        buttons.forEach(function(btn) {\r\n            var currentHref = btn.getAttribute('href');\r\n            \r\n            \/\/ S\u00e9curit\u00e9 pour ne pas ajouter le param\u00e8tre 2 fois\r\n            if (currentHref.indexOf('sujet=') === -1) {\r\n                var separator = currentHref.indexOf('?') !== -1 ? '&' : '?';\r\n                var newLink = currentHref + separator + 'sujet=' + encodedTitle;\r\n                \r\n                btn.setAttribute('href', newLink);\r\n            }\r\n        });\r\n    }\r\n});\r\n<\/script><\/div>\n<\/div>\n<\/div>\n<\/div>\n\n<h2 class=\"wp-block-heading\">Die Vorteile<\/h2>\n\n<div class=\"wp-block-columns is-layout-flex wp-container-core-columns-is-layout-28f84493 wp-block-columns-is-layout-flex\">\n<div class=\"wp-block-column is-layout-flow wp-block-column-is-layout-flow\">\n<h3 class=\"wp-block-heading has-text-align-center\"><strong>Vorteile<\/strong><\/h3>\n\n\n\n<ul class=\"wp-block-list\">\n<li>F\u00fcr die perfekte Erfassung von Rauch, L\u00f6sungsmitteln und Staub an der Quelle<\/li>\n\n\n\n<li>Absaugung von einem oder mehreren Arbeitspl\u00e4tzen<\/li>\n\n\n\n<li>Zum Anschluss an ein Auffangnetz oder einen Staubabscheider.<\/li>\n<\/ul>\n<\/div>\n\n\n\n<div class=\"wp-block-column is-layout-flow wp-block-column-is-layout-flow\">\n<h3 class=\"wp-block-heading has-text-align-center\"><strong>Besonderheiten<\/strong><\/h3>\n\n\n\n<ul class=\"wp-block-list\">\n<li>Einfach zu entwerfen<\/li>\n\n\n\n<li>Einfach zu implementieren<\/li>\n<\/ul>\n<\/div>\n\n\n\n<div class=\"wp-block-column is-layout-flow wp-block-column-is-layout-flow\">\n<h3 class=\"wp-block-heading has-text-align-center\"><strong>Eigenschaften<\/strong><\/h3>\n\n\n\n<ul class=\"wp-block-list\">\n<li>Zwei Gr\u00f6\u00dfen zur Auswahl<\/li>\n\n\n\n<li>Einfach zu bedienen und zu bewegen<\/li>\n\n\n\n<li>Nahe an der Quelle saugen<\/li>\n<\/ul>\n<\/div>\n<\/div>\n\n<h2 class=\"wp-block-heading\">Anwendungen<\/h2>\n\n<div class=\"wp-block-columns is-layout-flex wp-container-core-columns-is-layout-28f84493 wp-block-columns-is-layout-flex\">\n<div class=\"wp-block-column is-layout-flow wp-block-column-is-layout-flow\">\n<h3 class=\"wp-block-heading has-text-align-center\">Schadstoffe<\/h3>\n\n\n\n<hr class=\"wp-block-separator has-css-opacity is-style-wide\"\/>\n\n\n\n<div class=\"wp-block-columns is-layout-flex wp-container-core-columns-is-layout-28f84493 wp-block-columns-is-layout-flex\">\n<div class=\"wp-block-column is-layout-flow wp-block-column-is-layout-flow\">\n<figure class=\"wp-block-image aligncenter size-large\"><img decoding=\"async\" width=\"70\" height=\"70\" src=\"https:\/\/obera.fr\/wp-content\/uploads\/2020\/08\/polluants-poussieres.jpg\" alt=\"Schadstoffe Staub\" class=\"wp-image-675\"\/><figcaption class=\"wp-element-caption\">Rauch<\/figcaption><\/figure>\n\n\n\n<figure class=\"wp-block-image aligncenter size-large\"><img decoding=\"async\" width=\"70\" height=\"70\" src=\"https:\/\/obera.fr\/wp-content\/uploads\/2020\/08\/industrie-odeur.jpg\" alt=\"Industrie Geruch\" class=\"wp-image-723\"\/><figcaption class=\"wp-element-caption\">Ger\u00fcche<\/figcaption><\/figure>\n\n\n\n<figure class=\"wp-block-image aligncenter size-large\"><img decoding=\"async\" width=\"70\" height=\"70\" src=\"https:\/\/obera.fr\/wp-content\/uploads\/2020\/08\/industrie-brouillard-huile.jpg\" alt=\"Industrie Nebel &#xD6;l\" class=\"wp-image-721\"\/><figcaption class=\"wp-element-caption\">\u00d6lnebel<\/figcaption><\/figure>\n<\/div>\n\n\n\n<div class=\"wp-block-column is-layout-flow wp-block-column-is-layout-flow\">\n<figure class=\"wp-block-image aligncenter size-large\"><img decoding=\"async\" width=\"70\" height=\"70\" src=\"https:\/\/obera.fr\/wp-content\/uploads\/2020\/08\/industrie-fumees.jpg\" alt=\"Industrie Rauch\" class=\"wp-image-722\"\/><figcaption class=\"wp-element-caption\">Rauch<\/figcaption><\/figure>\n\n\n\n<figure class=\"wp-block-image aligncenter size-large\"><img decoding=\"async\" width=\"70\" height=\"70\" src=\"https:\/\/obera.fr\/wp-content\/uploads\/2020\/09\/cov.png\" alt=\"Cov\" class=\"wp-image-959\"\/><figcaption class=\"wp-element-caption\">VOC<\/figcaption><\/figure>\n<\/div>\n<\/div>\n\n\n\n<p><\/p>\n<\/div>\n\n\n\n<div class=\"wp-block-column is-layout-flow wp-block-column-is-layout-flow\">\n<h3 class=\"wp-block-heading has-text-align-center\">Branchen<\/h3>\n\n\n\n<hr class=\"wp-block-separator has-css-opacity is-style-wide\"\/>\n\n\n\n<div class=\"wp-block-columns is-layout-flex wp-container-core-columns-is-layout-28f84493 wp-block-columns-is-layout-flex\">\n<div class=\"wp-block-column is-layout-flow wp-block-column-is-layout-flow\">\n<figure class=\"wp-block-image aligncenter size-large\"><img decoding=\"async\" width=\"70\" height=\"70\" src=\"https:\/\/obera.fr\/wp-content\/uploads\/2020\/08\/industrie-metallurgie.jpg\" alt=\"Metallindustrie\" class=\"wp-image-673\"\/><figcaption class=\"wp-element-caption\">Metallurgie<\/figcaption><\/figure>\n\n\n\n<figure class=\"wp-block-image aligncenter size-large\"><img decoding=\"async\" width=\"70\" height=\"70\" src=\"https:\/\/obera.fr\/wp-content\/uploads\/2020\/08\/industrie-chimie.jpg\" alt=\"Chemische Industrie\" class=\"wp-image-725\"\/><figcaption class=\"wp-element-caption\">Chemie\/Petrochemie<\/figcaption><\/figure>\n\n\n\n<figure class=\"wp-block-image aligncenter size-large\"><img decoding=\"async\" width=\"70\" height=\"70\" src=\"https:\/\/obera.fr\/wp-content\/uploads\/2020\/08\/industrie-textile.jpg\" alt=\"Textilindustrie\" class=\"wp-image-671\"\/><figcaption class=\"wp-element-caption\">Textilien<\/figcaption><\/figure>\n\n\n\n<figure class=\"wp-block-image aligncenter size-large\"><img decoding=\"async\" width=\"70\" height=\"70\" src=\"https:\/\/obera.fr\/wp-content\/uploads\/2020\/08\/industrie-minerai.jpg\" alt=\"Erzindustrie\" class=\"wp-image-724\"\/><figcaption class=\"wp-element-caption\">Erze<\/figcaption><\/figure>\n<\/div>\n\n\n\n<div class=\"wp-block-column is-layout-flow wp-block-column-is-layout-flow\">\n<figure class=\"wp-block-image aligncenter size-large\"><img decoding=\"async\" width=\"70\" height=\"70\" src=\"https:\/\/obera.fr\/wp-content\/uploads\/2020\/08\/industrie-plastique.jpg\" alt=\"Kunststoffindustire\" class=\"wp-image-669\"\/><figcaption class=\"wp-element-caption\">Kunststoff<\/figcaption><\/figure>\n\n\n\n<figure class=\"wp-block-image aligncenter size-large\"><img decoding=\"async\" width=\"70\" height=\"70\" src=\"https:\/\/obera.fr\/wp-content\/uploads\/2020\/08\/industrie-bois.jpg\" alt=\"Holzindustrie\" class=\"wp-image-672\"\/><figcaption class=\"wp-element-caption\">Holzbearbeitung<\/figcaption><\/figure>\n\n\n\n<figure class=\"wp-block-image aligncenter size-large\"><img decoding=\"async\" width=\"70\" height=\"70\" src=\"https:\/\/obera.fr\/wp-content\/uploads\/2020\/08\/industrie-papier-carton.jpg\" alt=\"Industrie Papier Karton\" class=\"wp-image-670\"\/><figcaption class=\"wp-element-caption\">Papier\/Karton<\/figcaption><\/figure>\n\n\n\n<figure class=\"wp-block-image aligncenter size-large\"><img decoding=\"async\" width=\"70\" height=\"70\" src=\"https:\/\/obera.fr\/wp-content\/uploads\/2020\/08\/industrie-dechets.jpg\" alt=\"Abfallindustrie\" class=\"wp-image-726\"\/><figcaption class=\"wp-element-caption\">Sammeln und Sortieren von M\u00fcll<\/figcaption><\/figure>\n<\/div>\n<\/div>\n<\/div>\n<\/div>\n\n<h2 class=\"wp-block-heading\">Technische Merkmale<\/h2>\n\n<figure class=\"wp-block-table\"><table class=\"has-fixed-layout\"><tbody><tr><td>Rechteckige Hauben<\/td><td>500&#215;500<\/td><td>600&#215;600<\/td><\/tr><tr><td>Material<\/td><td>Aluminium<\/td><td>Aluminium<\/td><\/tr><tr><td>Gewicht (Kg)<\/td><td>2,7<\/td><td>3<\/td><\/tr><tr><td>Anschluss (mm)<\/td><td>\u00f8 150 Standard (andere Durchmesser verf\u00fcgbar)<\/td><td>\u00f8 160 Standard (andere Durchmesser verf\u00fcgbar)<\/td><\/tr><\/tbody><\/table><\/figure>\n\n<div class=\"wp-block-buttons is-horizontal is-content-justification-center is-layout-flex wp-container-core-buttons-is-layout-03627597 wp-block-buttons-is-layout-flex\">\n<div class=\"wp-block-button\"><a class=\"wp-block-button__link wp-element-button\" href=\"https:\/\/obera.fr\/de\/contact\/\">Weitere Informationen<\/a><\/div>\n<\/div>\n\n<hr class=\"wp-block-separator has-css-opacity is-style-dots\"\/>\n\n<h2 class=\"wp-block-heading\">Weitere Produkte von OberA in Bezug auf Absaugung und Erfassung<\/h2>\n\n<div class=\"wp-block-columns is-layout-flex wp-container-core-columns-is-layout-28f84493 wp-block-columns-is-layout-flex\">\n<div class=\"wp-block-column is-layout-flow wp-block-column-is-layout-flow\">\n<figure class=\"wp-block-image aligncenter size-thumbnail is-resized\"><a href=\"https:\/\/obera.fr\/de\/produits\/bras-dispositifs-captation\/industrielle-absaugarme\/\"><img decoding=\"async\" width=\"150\" height=\"150\" src=\"https:\/\/obera.fr\/wp-content\/uploads\/2020\/09\/Bras-SF-150x150.jpg\" alt=\"Absaugarm\" class=\"wp-image-969\" style=\"object-fit:cover;width:120px;height:120px\" srcset=\"https:\/\/obera.fr\/wp-content\/uploads\/2020\/09\/Bras-SF-150x150.jpg 150w, https:\/\/obera.fr\/wp-content\/uploads\/2020\/09\/Bras-SF-300x300.jpg 300w, https:\/\/obera.fr\/wp-content\/uploads\/2020\/09\/Bras-SF.jpg 433w\" sizes=\"(max-width: 150px) 100vw, 150px\" \/><\/a><figcaption class=\"wp-element-caption\">Absaugarm<\/figcaption><\/figure>\n<\/div>\n\n\n\n<div class=\"wp-block-column is-layout-flow wp-block-column-is-layout-flow\">\n<figure class=\"wp-block-image aligncenter size-thumbnail is-resized\"><a href=\"https:\/\/obera.fr\/de\/produits\/bras-dispositifs-captation\/bras-de-laboratoire\/\"><img decoding=\"async\" width=\"150\" height=\"150\" src=\"https:\/\/obera.fr\/wp-content\/uploads\/2020\/11\/22-bras-de-labo-150x150.jpg\" alt=\"Laborarm\" class=\"wp-image-1662\" style=\"object-fit:cover;width:120px;height:120px\" srcset=\"https:\/\/obera.fr\/wp-content\/uploads\/2020\/11\/22-bras-de-labo-150x150.jpg 150w, https:\/\/obera.fr\/wp-content\/uploads\/2020\/11\/22-bras-de-labo-300x300.jpg 300w, https:\/\/obera.fr\/wp-content\/uploads\/2020\/11\/22-bras-de-labo-1024x1024.jpg 1024w, https:\/\/obera.fr\/wp-content\/uploads\/2020\/11\/22-bras-de-labo-768x768.jpg 768w, https:\/\/obera.fr\/wp-content\/uploads\/2020\/11\/22-bras-de-labo.jpg 1500w\" sizes=\"(max-width: 150px) 100vw, 150px\" \/><\/a><figcaption class=\"wp-element-caption\">Laborarm<\/figcaption><\/figure>\n<\/div>\n\n\n\n<div class=\"wp-block-column is-layout-flow wp-block-column-is-layout-flow\">\n<figure class=\"wp-block-image aligncenter size-thumbnail is-resized\"><a href=\"https:\/\/obera.fr\/de\/produits\/bras-dispositifs-captation\/dosserets-aspirants\/\"><img decoding=\"async\" width=\"150\" height=\"150\" src=\"https:\/\/obera.fr\/wp-content\/uploads\/2020\/10\/Dosserets-oberA-150x150.png\" alt=\"Obera Backsplashes\" class=\"wp-image-1174\" style=\"object-fit:cover;width:120px;height:120px\"\/><\/a><figcaption class=\"wp-element-caption\">Spritzer absaugen<\/figcaption><\/figure>\n<\/div>\n\n\n\n<div class=\"wp-block-column is-layout-flow wp-block-column-is-layout-flow\">\n<figure class=\"wp-block-image aligncenter size-thumbnail is-resized\"><a href=\"https:\/\/obera.fr\/de\/produits\/bras-dispositifs-captation\/anneaux-de-pouyes\/\"><img decoding=\"async\" width=\"150\" height=\"150\" src=\"https:\/\/obera.fr\/wp-content\/uploads\/2022\/09\/Anneau-de-pouyes-2-150x150.jpg\" alt=\"Ringe von Pouyes\" class=\"wp-image-14482\" style=\"object-fit:cover;width:120px;height:120px\" srcset=\"https:\/\/obera.fr\/wp-content\/uploads\/2022\/09\/Anneau-de-pouyes-2-150x150.jpg 150w, https:\/\/obera.fr\/wp-content\/uploads\/2022\/09\/Anneau-de-pouyes-2-300x300.jpg 300w, https:\/\/obera.fr\/wp-content\/uploads\/2022\/09\/Anneau-de-pouyes-2.jpg 500w\" sizes=\"(max-width: 150px) 100vw, 150px\" \/><\/a><figcaption class=\"wp-element-caption\">Ringe von Pouyes<\/figcaption><\/figure>\n<\/div>\n<\/div>\n\n<div class=\"wp-block-columns is-layout-flex wp-container-core-columns-is-layout-28f84493 wp-block-columns-is-layout-flex\">\n<div class=\"wp-block-column is-layout-flow wp-block-column-is-layout-flow\">\n<figure class=\"wp-block-image aligncenter size-thumbnail is-resized\"><a href=\"https:\/\/obera.fr\/de\/produits\/tables-aspirantes\/\"><img decoding=\"async\" width=\"150\" height=\"150\" src=\"https:\/\/obera.fr\/wp-content\/uploads\/2020\/10\/table-SF-150x150.png\" alt=\"Saugtische\" class=\"wp-image-1179\" style=\"object-fit:cover;width:120px;height:120px\" srcset=\"https:\/\/obera.fr\/wp-content\/uploads\/2020\/10\/table-SF-150x150.png 150w, https:\/\/obera.fr\/wp-content\/uploads\/2020\/10\/table-SF-300x300.png 300w, https:\/\/obera.fr\/wp-content\/uploads\/2020\/10\/table-SF.png 433w\" sizes=\"(max-width: 150px) 100vw, 150px\" \/><\/a><figcaption class=\"wp-element-caption\">Saugtische<\/figcaption><\/figure>\n<\/div>\n\n\n\n<div class=\"wp-block-column is-layout-flow wp-block-column-is-layout-flow\">\n<figure class=\"wp-block-image aligncenter size-thumbnail is-resized\"><img decoding=\"async\" width=\"150\" height=\"150\" src=\"https:\/\/obera.fr\/wp-content\/uploads\/2024\/06\/hotte-de-captation-modulaire-600x600-1-150x150.png\" alt=\"Modulare Kapselhaube 600x600 1\" class=\"wp-image-31479\" style=\"object-fit:cover;width:120px;height:120px\" srcset=\"https:\/\/obera.fr\/wp-content\/uploads\/2024\/06\/hotte-de-captation-modulaire-600x600-1-150x150.png 150w, https:\/\/obera.fr\/wp-content\/uploads\/2024\/06\/hotte-de-captation-modulaire-600x600-1-300x300.png 300w, https:\/\/obera.fr\/wp-content\/uploads\/2024\/06\/hotte-de-captation-modulaire-600x600-1-1024x1024.png 1024w, https:\/\/obera.fr\/wp-content\/uploads\/2024\/06\/hotte-de-captation-modulaire-600x600-1-768x768.png 768w, https:\/\/obera.fr\/wp-content\/uploads\/2024\/06\/hotte-de-captation-modulaire-600x600-1.png 1280w\" sizes=\"(max-width: 150px) 100vw, 150px\" \/><figcaption class=\"wp-element-caption\">Modulare Hauben<\/figcaption><\/figure>\n<\/div>\n\n\n\n<div class=\"wp-block-column is-layout-flow wp-block-column-is-layout-flow\">\n<figure class=\"wp-block-image aligncenter size-full is-resized\"><a href=\"https:\/\/obera.fr\/de\/produits\/bras-dispositifs-captation\/capot-industriel\/\"><img decoding=\"async\" width=\"150\" height=\"150\" src=\"https:\/\/obera.fr\/wp-content\/uploads\/2020\/10\/capots.png\" alt=\"Absaughauben\" class=\"wp-image-1173\" style=\"object-fit:cover;width:120px;height:120px\"\/><\/a><figcaption class=\"wp-element-caption\">Saug- und Fanghaube<\/figcaption><\/figure>\n<\/div>\n\n\n\n<div class=\"wp-block-column is-layout-flow wp-block-column-is-layout-flow\"><\/div>\n<\/div>\n","protected":false},"excerpt":{"rendered":"<p>Unser Angebot an rechteckigen Dunstabzugshauben Die rechteckigen Abzugshauben von OBERA sind ideal, um Staub, Rauch und gasf\u00f6rmige Schadstoffe an der Quelle abzuscheiden. Es gibt auch modulare Abzugshauben, die f\u00fcr diese Situationen geeignet sind. Die OBERA Industrie-Dunstabzugshauben werden an ein Auffangnetz oder an einen Staubabscheider angeschlossen. Sie sind in zwei verschiedenen Gr\u00f6\u00dfen erh\u00e4ltlich und eignen sich f\u00fcr die meisten Aufnahmekonfigurationen. Die Verwendung von gelenkigen Fangarmen verbessert die Flexibilit\u00e4t und Effizienz bei der Erfassung von Schadstoffen, selbst in schwer zug\u00e4nglichen Bereichen. Die Industriehaube wurde entwickelt, um den anspruchsvollsten Umgebungen standzuhalten und bietet einen besseren Schutz und eine l\u00e4ngere Lebensdauer der Ger\u00e4te. Diese &#8230; <\/p>\n<p class=\"read-more-container\"><a title=\"Rechteckige industrielle Kapselhaube\" class=\"read-more button\" href=\"https:\/\/obera.fr\/de\/produits\/bras-dispositifs-captation\/hotte-rectangulaire\/#more-31421\" aria-label=\"Mehr Informationen \u00fcber Rechteckige industrielle Kapselhaube\">Lire la suite<\/a><\/p>\n","protected":false},"author":4,"featured_media":83739,"parent":31340,"menu_order":0,"comment_status":"closed","ping_status":"closed","template":"","meta":{"_acf_changed":false,"_seopress_robots_primary_cat":"","_seopress_titles_title":"Rechteckige industrielle Kapuzenhaube oberA","_seopress_titles_desc":"Die rechteckigen Abzugshauben oberA sind ideal f\u00fcr die Erfassung von Staub, Rauch und gasf\u00f6rmigen Schadstoffen an der Quelle.","_seopress_robots_index":"","footnotes":""},"class_list":{"0":"post-31421","1":"page","2":"type-page","3":"status-publish","4":"has-post-thumbnail","6":"no-featured-image-padding","7":"resize-featured-image"},"acf":[],"_links":{"self":[{"href":"https:\/\/obera.fr\/de\/wp-json\/wp\/v2\/pages\/31421","targetHints":{"allow":["GET"]}}],"collection":[{"href":"https:\/\/obera.fr\/de\/wp-json\/wp\/v2\/pages"}],"about":[{"href":"https:\/\/obera.fr\/de\/wp-json\/wp\/v2\/types\/page"}],"author":[{"embeddable":true,"href":"https:\/\/obera.fr\/de\/wp-json\/wp\/v2\/users\/4"}],"replies":[{"embeddable":true,"href":"https:\/\/obera.fr\/de\/wp-json\/wp\/v2\/comments?post=31421"}],"version-history":[{"count":9,"href":"https:\/\/obera.fr\/de\/wp-json\/wp\/v2\/pages\/31421\/revisions"}],"predecessor-version":[{"id":131955,"href":"https:\/\/obera.fr\/de\/wp-json\/wp\/v2\/pages\/31421\/revisions\/131955"}],"up":[{"embeddable":true,"href":"https:\/\/obera.fr\/de\/wp-json\/wp\/v2\/pages\/31340"}],"wp:featuredmedia":[{"embeddable":true,"href":"https:\/\/obera.fr\/de\/wp-json\/wp\/v2\/media\/83739"}],"wp:attachment":[{"href":"https:\/\/obera.fr\/de\/wp-json\/wp\/v2\/media?parent=31421"}],"curies":[{"name":"wp","href":"https:\/\/api.w.org\/{rel}","templated":true}]}}