{"id":31426,"date":"2021-03-09T13:26:35","date_gmt":"2021-03-09T11:26:35","guid":{"rendered":"https:\/\/obera.fr\/produkte\/saugtische\/360-absaugtisch\/"},"modified":"2025-06-30T10:10:22","modified_gmt":"2025-06-30T08:10:22","slug":"table-rotative-360","status":"publish","type":"page","link":"https:\/\/obera.fr\/de\/produits\/saugtische\/table-rotative-360\/","title":{"rendered":"360\u00b0-Absaugtisch"},"content":{"rendered":"\n\n<h2 class=\"wp-block-heading\" id=\"table-d-extraction-rotative\">Rotierender Extraktionstisch<\/h2>\n\n<div class=\"wp-block-columns is-layout-flex wp-container-core-columns-is-layout-28f84493 wp-block-columns-is-layout-flex\">\n<div class=\"wp-block-column is-layout-flow wp-block-column-is-layout-flow\" style=\"flex-basis:33.33%\">\n<figure class=\"wp-block-image aligncenter size-large\"><img decoding=\"async\" width=\"1024\" height=\"1024\" src=\"https:\/\/obera.fr\/wp-content\/uploads\/2025\/01\/image-table-aspirante-rotative-1024x1024.jpg\" alt=\"Bild rotierender Saugtisch\" class=\"wp-image-57698\" srcset=\"https:\/\/obera.fr\/wp-content\/uploads\/2025\/01\/image-table-aspirante-rotative-1024x1024.jpg 1024w, https:\/\/obera.fr\/wp-content\/uploads\/2025\/01\/image-table-aspirante-rotative-300x300.jpg 300w, https:\/\/obera.fr\/wp-content\/uploads\/2025\/01\/image-table-aspirante-rotative-150x150.jpg 150w, https:\/\/obera.fr\/wp-content\/uploads\/2025\/01\/image-table-aspirante-rotative-768x768.jpg 768w, https:\/\/obera.fr\/wp-content\/uploads\/2025\/01\/image-table-aspirante-rotative-400x400.jpg 400w, https:\/\/obera.fr\/wp-content\/uploads\/2025\/01\/image-table-aspirante-rotative-600x600.jpg 600w, https:\/\/obera.fr\/wp-content\/uploads\/2025\/01\/image-table-aspirante-rotative.jpg 1200w\" sizes=\"(max-width: 1024px) 100vw, 1024px\" \/><figcaption class=\"wp-element-caption\">\nBild rotierender Saugtisch<\/figcaption><\/figure>\n<\/div>\n\n\n\n<div class=\"wp-block-column is-layout-flow wp-block-column-is-layout-flow\" style=\"flex-basis:66.66%\">\n<p>Der 360\u00b0-Extraktionstisch eignet sich besonders f\u00fcr mechanische und thermische Trennverfahren. Die Funktion, den Tisch um seine eigene Achse zu drehen, gibt dem Benutzer vollen Zugang zu seinem Werkst\u00fcck und reduziert das l\u00e4stige Umkleben.  <\/p>\n\n\n\n<p>Dank des optimierten Luftstroms und der flexiblen Haube \u00fcber dem Arbeitsbereich sch\u00fctzt der 360\u00b0-Saugtisch die Mitarbeiter effektiv vor Staub und Rauch.  <\/p>\n\n\n\n<p>Der Tisch ist ergonomisch konstruiert und kann auf Wunsch in der H\u00f6he verstellt werden, was f\u00fcr sichere und angenehme Arbeitsbedingungen sorgt.<\/p>\n\n\n\n<div style=\"height:30px\" aria-hidden=\"true\" class=\"wp-block-spacer\"><\/div>\n\n\n\n<div class=\"wp-block-columns is-layout-flex wp-container-core-columns-is-layout-28f84493 wp-block-columns-is-layout-flex\">\n<div class=\"wp-block-column is-layout-flow wp-block-column-is-layout-flow\" style=\"flex-basis:33.33%\">\n<div class=\"wp-block-buttons is-layout-flex wp-block-buttons-is-layout-flex\">\n<div class=\"wp-block-button\"><a class=\"wp-block-button__link wp-element-button\" href=\"https:\/\/obera.fr\/wp-content\/uploads\/2025\/04\/brochure-table-aspirante-rotative-.pdf\">BROSCH\u00dcRE HERUNTERLADEN<\/a><\/div>\n<\/div>\n<\/div>\n\n\n\n<div class=\"wp-block-column is-layout-flow wp-block-column-is-layout-flow\" style=\"flex-basis:33.34%\">\n<div class=\"wp-block-buttons is-horizontal is-content-justification-center is-layout-flex wp-container-core-buttons-is-layout-03627597 wp-block-buttons-is-layout-flex\">\n<div class=\"wp-block-button\"><a class=\"wp-block-button__link wp-element-button\" href=\"https:\/\/obera.fr\/de\/contact\/\">Weitere Informationen<\/a><\/div>\n<\/div>\n<\/div>\n\n\n\n<div class=\"wp-block-column is-layout-flow wp-block-column-is-layout-flow\" style=\"flex-basis:33.34%\">\n<div class=\"wp-block-buttons is-content-justification-center is-layout-flex wp-container-core-buttons-is-layout-a89b3969 wp-block-buttons-is-layout-flex\">\n<div class=\"wp-block-button btn-devis-source\"><a class=\"wp-block-button__link wp-element-button\" href=\"https:\/\/obera.fr\/de\/angebotsanfrage\/\">Angebotsanfrage<\/a><\/div>\n<\/div>\n\n\n<script>\r\ndocument.addEventListener('DOMContentLoaded', function() {\r\n    \/\/ 1. On cherche le titre H1 de la page\r\n    var h1 = document.querySelector('h1');\r\n    var productTitle = h1 ? h1.innerText.trim() : \"\";\r\n\r\n    \/\/ 2. On cherche les boutons via la classe CSS .btn-devis-source\r\n    var buttons = document.querySelectorAll('.btn-devis-source a');\r\n\r\n    \/\/ 3. Si on a le titre et les boutons, on ajoute le param\u00e8tre\r\n    if (buttons.length > 0 && productTitle !== \"\") {\r\n        var encodedTitle = encodeURIComponent(productTitle);\r\n\r\n        buttons.forEach(function(btn) {\r\n            var currentHref = btn.getAttribute('href');\r\n            \r\n            \/\/ S\u00e9curit\u00e9 pour ne pas ajouter le param\u00e8tre 2 fois\r\n            if (currentHref.indexOf('sujet=') === -1) {\r\n                var separator = currentHref.indexOf('?') !== -1 ? '&' : '?';\r\n                var newLink = currentHref + separator + 'sujet=' + encodedTitle;\r\n                \r\n                btn.setAttribute('href', newLink);\r\n            }\r\n        });\r\n    }\r\n});\r\n<\/script><\/div>\n<\/div>\n<\/div>\n<\/div>\n\n<p><\/p>\n\n<div class=\"wp-block-columns is-layout-flex wp-container-core-columns-is-layout-28f84493 wp-block-columns-is-layout-flex\">\n<div class=\"wp-block-column is-layout-flow wp-block-column-is-layout-flow\">\n<h3 class=\"wp-block-heading has-text-align-center\" id=\"avantages\">VORTEILE<\/h3>\n\n\n\n<ul class=\"wp-block-list\">\n<li>Mehr Effizienz bei der Bearbeitung von Teilen<\/li>\n\n\n\n<li>Zeitersparnis  <\/li>\n\n\n\n<li>Hohe Ergonomie<\/li>\n\n\n\n<li>Verringerung der Umweltverschmutzung am Arbeitsplatz<\/li>\n\n\n\n<li>Optimierte Sicherheit am Arbeitsplatz<\/li>\n<\/ul>\n<\/div>\n\n\n\n<div class=\"wp-block-column is-layout-flow wp-block-column-is-layout-flow\">\n<h3 class=\"wp-block-heading has-text-align-center\" id=\"particularites\">Besonderheiten<\/h3>\n\n\n\n<ul class=\"wp-block-list\">\n<li>Faltbare Seitenwand (ohne Haube)<\/li>\n\n\n\n<li>Raum von allen Seiten zug\u00e4nglich (bis zu 360 Grad)<\/li>\n\n\n\n<li>Maximale Breite des Raumes: 900mm (mit geschlossenen W\u00e4nden)<\/li>\n\n\n\n<li>Ben\u00f6tigt ca. 2500 m3\/h Luftvolumen<\/li>\n\n\n\n<li>Saugd\u00fcse im vorderen Bereich<\/li>\n\n\n\n<li>Einstellbarer Anschlag<\/li>\n<\/ul>\n<\/div>\n\n\n\n<div class=\"wp-block-column is-layout-flow wp-block-column-is-layout-flow\">\n<h3 class=\"wp-block-heading has-text-align-center\" id=\"caracteristiques\">Eigenschaften<\/h3>\n\n\n\n<ul class=\"wp-block-list\">\n<li>Stufenlose elektrische H\u00f6henverstellung (980 bis 1800 mm)<\/li>\n\n\n\n<li>Metallgitter oder Schraubstock<\/li>\n\n\n\n<li>Magnetische Schutzbacken<\/li>\n\n\n\n<li>Beleuchtung<\/li>\n\n\n\n<li>Individuelle Plattform<\/li>\n\n\n\n<li>ATEX-konform  <\/li>\n<\/ul>\n\n\n\n<p><\/p>\n<\/div>\n<\/div>\n\n<div class=\"wp-block-buttons is-content-justification-center is-layout-flex wp-container-core-buttons-is-layout-a89b3969 wp-block-buttons-is-layout-flex\">\n<div class=\"wp-block-button\"><a class=\"wp-block-button__link wp-element-button\" href=\"https:\/\/obera.fr\/wp-content\/uploads\/2024\/02\/brochure-table-aspirante-rotative-.pdf\">Dokumentation herunterladen<\/a><\/div>\n<\/div>\n\n<h3 class=\"wp-block-heading\" id=\"quels-polluants-traiter-sur-notre-table-aspirante\">Welche Schadstoffe werden auf unserem Saugtisch behandelt?<\/h3>\n\n<p>Unser <a href=\"https:\/\/obera.fr\/de\/produits\/tables-aspirantes\/\">360\u00b0-Saugtisch<\/a> kann eine Vielzahl von Schadstoffen behandeln, vor allem schwere Schadstoffe, die zu Sedimenten neigen.  <\/p>\n\n<p>Zum Beispiel Metallstaub, Schwei\u00dfrauch, Kunststoffsp\u00e4ne, mineralischer Staub, Betonstaub, D\u00e4mpfe und Verbundmaterialien.<\/p>\n\n<h2 class=\"wp-block-heading\" id=\"a-quelles-utilisations-convient-elle\">F\u00fcr welche Zwecke ist er geeignet?<\/h2>\n\n<p>Diese Schadstoffe entstehen gr\u00f6\u00dftenteils bei Prozessen wie Schwei\u00dfen, L\u00f6ten, S\u00e4gen, Schneiden, Schleifen, Polieren, Zerspanen, Fr\u00e4sen oder auch bei der Trennung von Materialien. Diese Prozesse finden in Industrien wie Metallurgie, Kunststoffverarbeitung, Holzverarbeitung, Textilverarbeitung, Mineralien, Chemie\/Petrochemie und Papier\/Karton statt.<\/p>\n\n<div class=\"wp-block-columns is-layout-flex wp-container-core-columns-is-layout-28f84493 wp-block-columns-is-layout-flex\">\n<div class=\"wp-block-column is-layout-flow wp-block-column-is-layout-flow\">\n<h3 class=\"wp-block-heading has-text-align-center\" id=\"polluants\">POLLUANTE<\/h3>\n\n\n\n<div class=\"wp-block-columns is-layout-flex wp-container-core-columns-is-layout-28f84493 wp-block-columns-is-layout-flex\">\n<div class=\"wp-block-column is-layout-flow wp-block-column-is-layout-flow\">\n<figure class=\"wp-block-image aligncenter size-large\"><img decoding=\"async\" width=\"70\" height=\"70\" src=\"https:\/\/obera.fr\/wp-content\/uploads\/2021\/03\/polluants-poussieres-1.jpg\" alt=\"staubige Schadstoffe 1\" class=\"wp-image-4969\"\/><figcaption class=\"wp-element-caption\">Staub<\/figcaption><\/figure>\n\n\n\n<figure class=\"wp-block-image aligncenter size-large\"><img decoding=\"async\" width=\"70\" height=\"70\" src=\"https:\/\/obera.fr\/wp-content\/uploads\/2021\/03\/industrie-fumees.jpg\" alt=\"Rauchindustrie\" class=\"wp-image-4971\"\/><figcaption class=\"wp-element-caption\">Rauch<\/figcaption><\/figure>\n\n\n\n<figure class=\"wp-block-image aligncenter size-large\"><img decoding=\"async\" width=\"70\" height=\"70\" src=\"https:\/\/obera.fr\/wp-content\/uploads\/2021\/03\/industrie-brouillard-huile.jpg\" alt=\"Industrie Nebel &#xD6;l\" class=\"wp-image-4973\"\/><figcaption class=\"wp-element-caption\">\u00d6lnebel<\/figcaption><\/figure>\n<\/div>\n\n\n\n<div class=\"wp-block-column is-layout-flow wp-block-column-is-layout-flow\">\n<figure class=\"wp-block-image aligncenter size-large\"><img decoding=\"async\" width=\"70\" height=\"70\" src=\"https:\/\/obera.fr\/wp-content\/uploads\/2021\/03\/polluants-copeaux-bois.jpg\" alt=\"Schadstoffe aus Holzsp&#xE4;nen\" class=\"wp-image-4970\"\/><figcaption class=\"wp-element-caption\">Sp\u00e4ne<\/figcaption><\/figure>\n\n\n\n<figure class=\"wp-block-image aligncenter size-large\"><img decoding=\"async\" width=\"70\" height=\"70\" src=\"https:\/\/obera.fr\/wp-content\/uploads\/2021\/03\/industrie-odeur-2.jpg\" alt=\"Industrie Geruch 2\" class=\"wp-image-4972\"\/><figcaption class=\"wp-element-caption\">Ger\u00fcche<\/figcaption><\/figure>\n\n\n\n<figure class=\"wp-block-image aligncenter size-large\"><img decoding=\"async\" width=\"70\" height=\"70\" src=\"https:\/\/obera.fr\/wp-content\/uploads\/2021\/03\/cov.jpg\" alt=\"cov\" class=\"wp-image-4974\"\/><figcaption class=\"wp-element-caption\">VOC<\/figcaption><\/figure>\n<\/div>\n<\/div>\n<\/div>\n\n\n\n<div class=\"wp-block-column is-layout-flow wp-block-column-is-layout-flow\">\n<h3 class=\"wp-block-heading has-text-align-center\" id=\"industries\">Branchen<\/h3>\n\n\n\n<div class=\"wp-block-columns is-layout-flex wp-container-core-columns-is-layout-28f84493 wp-block-columns-is-layout-flex\">\n<div class=\"wp-block-column is-layout-flow wp-block-column-is-layout-flow\">\n<figure class=\"wp-block-image aligncenter size-large\"><img decoding=\"async\" width=\"70\" height=\"70\" src=\"https:\/\/obera.fr\/wp-content\/uploads\/2021\/03\/industrie-metallurgie-1.jpg\" alt=\"Metallverarbeitende Industrie 1\" class=\"wp-image-4975\"\/><figcaption class=\"wp-element-caption\">Metallurgie<\/figcaption><\/figure>\n\n\n\n<figure class=\"wp-block-image aligncenter size-large\"><img decoding=\"async\" width=\"70\" height=\"70\" src=\"https:\/\/obera.fr\/wp-content\/uploads\/2021\/03\/industrie-plastique.jpg\" alt=\"Kunststoffindustrie\" class=\"wp-image-4976\"\/><figcaption class=\"wp-element-caption\">Kunststoff<\/figcaption><\/figure>\n\n\n\n<figure class=\"wp-block-image aligncenter size-large\"><img decoding=\"async\" width=\"70\" height=\"70\" src=\"https:\/\/obera.fr\/wp-content\/uploads\/2021\/03\/industrie-minerai.jpg\" alt=\"Erzindustrie\" class=\"wp-image-4977\"\/><figcaption class=\"wp-element-caption\">Erze<\/figcaption><\/figure>\n\n\n\n<figure class=\"wp-block-image aligncenter size-large\"><img decoding=\"async\" width=\"70\" height=\"70\" src=\"https:\/\/obera.fr\/wp-content\/uploads\/2021\/03\/industrie-dechets.jpg\" alt=\"Industrie Abfall\" class=\"wp-image-4978\"\/><figcaption class=\"wp-element-caption\">Sammeln und Sortieren von M\u00fcll<\/figcaption><\/figure>\n<\/div>\n\n\n\n<div class=\"wp-block-column is-layout-flow wp-block-column-is-layout-flow\">\n<figure class=\"wp-block-image aligncenter size-large\"><img decoding=\"async\" width=\"70\" height=\"70\" src=\"https:\/\/obera.fr\/wp-content\/uploads\/2021\/03\/industrie-bois.jpg\" alt=\"Holzindustrie\" class=\"wp-image-4979\"\/><figcaption class=\"wp-element-caption\">Holzbearbeitung<\/figcaption><\/figure>\n\n\n\n<figure class=\"wp-block-image aligncenter size-large\"><img decoding=\"async\" width=\"70\" height=\"70\" src=\"https:\/\/obera.fr\/wp-content\/uploads\/2021\/03\/industrie-textile.jpg\" alt=\"Textilindustrie\" class=\"wp-image-4980\"\/><figcaption class=\"wp-element-caption\">Textilien<\/figcaption><\/figure>\n\n\n\n<figure class=\"wp-block-image aligncenter size-large\"><img decoding=\"async\" width=\"70\" height=\"70\" src=\"https:\/\/obera.fr\/wp-content\/uploads\/2021\/03\/industrie-chimie-1.jpg\" alt=\"Chemische Industrie 1\" class=\"wp-image-4981\"\/><figcaption class=\"wp-element-caption\">Chemie\/Petrochemie<\/figcaption><\/figure>\n\n\n\n<figure class=\"wp-block-image aligncenter size-large\"><img decoding=\"async\" width=\"70\" height=\"70\" src=\"https:\/\/obera.fr\/wp-content\/uploads\/2021\/03\/industrie-papier-carton.jpg\" alt=\"Kartonpapierindustrie\" class=\"wp-image-4982\"\/><figcaption class=\"wp-element-caption\">Papier\/Karton<\/figcaption><\/figure>\n\n\n\n<p><\/p>\n<\/div>\n<\/div>\n\n\n\n<p><\/p>\n<\/div>\n<\/div>\n\n<h2 class=\"wp-block-heading\" id=\"les-autres-produits-de-captation-et-d-aspiration-obera\">Die anderen OberA-Absaugtische<\/h2>\n\n<div class=\"wp-block-columns is-layout-flex wp-container-core-columns-is-layout-28f84493 wp-block-columns-is-layout-flex\">\n<div class=\"wp-block-column is-layout-flow wp-block-column-is-layout-flow\">\n<figure class=\"wp-block-image aligncenter size-medium is-resized\"><a href=\"https:\/\/obera.fr\/produits\/tables-aspirantes\/table-aspirante-a-at\/\"><img decoding=\"async\" width=\"300\" height=\"300\" src=\"https:\/\/obera.fr\/wp-content\/uploads\/2020\/10\/table-SF-300x300.png\" alt=\"Saugtische\" class=\"wp-image-1179\" style=\"width:auto;height:150px\" srcset=\"https:\/\/obera.fr\/wp-content\/uploads\/2020\/10\/table-SF-300x300.png 300w, https:\/\/obera.fr\/wp-content\/uploads\/2020\/10\/table-SF-150x150.png 150w, https:\/\/obera.fr\/wp-content\/uploads\/2020\/10\/table-SF.png 433w\" sizes=\"(max-width: 300px) 100vw, 300px\" \/><\/a><figcaption class=\"wp-element-caption\">Downdraft-Tisch<\/figcaption><\/figure>\n<\/div>\n\n\n\n<div class=\"wp-block-column is-layout-flow wp-block-column-is-layout-flow\">\n<figure class=\"wp-block-image aligncenter size-full\"><a href=\"https:\/\/obera.fr\/produits\/tables-aspirantes\/table-autonome\/\"><img decoding=\"async\" width=\"150\" height=\"150\" src=\"https:\/\/obera.fr\/wp-content\/uploads\/2022\/06\/Sans-titre-2022-06-07T101130.850.png\" alt=\"Autonome Saugtische\" class=\"wp-image-13083\"\/><\/a><figcaption class=\"wp-element-caption\">Autonomer Saugtisch<\/figcaption><\/figure>\n<\/div>\n\n\n\n<div class=\"wp-block-column is-layout-flow wp-block-column-is-layout-flow\">\n<figure class=\"wp-block-image aligncenter size-medium is-resized\"><img decoding=\"async\" width=\"300\" height=\"300\" src=\"https:\/\/obera.fr\/wp-content\/uploads\/2024\/05\/epurbox-tsp-300x300.png\" alt=\"epurbox tsp\" class=\"wp-image-30348\" style=\"width:auto;height:150px\" srcset=\"https:\/\/obera.fr\/wp-content\/uploads\/2024\/05\/epurbox-tsp-300x300.png 300w, https:\/\/obera.fr\/wp-content\/uploads\/2024\/05\/epurbox-tsp-1024x1024.png 1024w, https:\/\/obera.fr\/wp-content\/uploads\/2024\/05\/epurbox-tsp-150x150.png 150w, https:\/\/obera.fr\/wp-content\/uploads\/2024\/05\/epurbox-tsp-768x768.png 768w, https:\/\/obera.fr\/wp-content\/uploads\/2024\/05\/epurbox-tsp.png 1200w\" sizes=\"(max-width: 300px) 100vw, 300px\" \/><figcaption class=\"wp-element-caption\">ePURBOX Atex<\/figcaption><\/figure>\n<\/div>\n<\/div>\n","protected":false},"excerpt":{"rendered":"<p>Rotierender Extraktionstisch Der 360\u00b0-Extraktionstisch eignet sich besonders f\u00fcr mechanische und thermische Trennverfahren. Die Funktion, den Tisch um seine eigene Achse zu drehen, gibt dem Benutzer vollen Zugang zu seinem Werkst\u00fcck und reduziert das l\u00e4stige Umkleben. Dank des optimierten Luftstroms und der flexiblen Haube \u00fcber dem Arbeitsbereich sch\u00fctzt der 360\u00b0-Saugtisch die Mitarbeiter effektiv vor Staub und Rauch. Der Tisch ist ergonomisch konstruiert und kann auf Wunsch in der H\u00f6he verstellt werden, was f\u00fcr sichere und angenehme Arbeitsbedingungen sorgt. VORTEILE Besonderheiten Eigenschaften Welche Schadstoffe werden auf unserem Saugtisch behandelt? Unser 360\u00b0-Saugtisch kann eine Vielzahl von Schadstoffen behandeln, vor allem schwere Schadstoffe, die &#8230; <\/p>\n<p class=\"read-more-container\"><a title=\"360\u00b0-Absaugtisch\" class=\"read-more button\" href=\"https:\/\/obera.fr\/de\/produits\/saugtische\/table-rotative-360\/#more-31426\" aria-label=\"Mehr Informationen \u00fcber 360\u00b0-Absaugtisch\">Lire la suite<\/a><\/p>\n","protected":false},"author":4,"featured_media":83739,"parent":154250,"menu_order":0,"comment_status":"closed","ping_status":"closed","template":"","meta":{"_acf_changed":false,"_seopress_robots_primary_cat":"","_seopress_titles_title":"360\u00b0-Saugtisch oder rotierender Extraktionstisch oberA","_seopress_titles_desc":"Der 360\u00b0-Extraktionstisch eignet sich besonders f\u00fcr mechanische und thermische Trennverfahren. Sie sch\u00fctzt die Angestellten wirksam.","_seopress_robots_index":"","footnotes":""},"class_list":{"0":"post-31426","1":"page","2":"type-page","3":"status-publish","4":"has-post-thumbnail","6":"no-featured-image-padding","7":"resize-featured-image"},"acf":[],"_links":{"self":[{"href":"https:\/\/obera.fr\/de\/wp-json\/wp\/v2\/pages\/31426","targetHints":{"allow":["GET"]}}],"collection":[{"href":"https:\/\/obera.fr\/de\/wp-json\/wp\/v2\/pages"}],"about":[{"href":"https:\/\/obera.fr\/de\/wp-json\/wp\/v2\/types\/page"}],"author":[{"embeddable":true,"href":"https:\/\/obera.fr\/de\/wp-json\/wp\/v2\/users\/4"}],"replies":[{"embeddable":true,"href":"https:\/\/obera.fr\/de\/wp-json\/wp\/v2\/comments?post=31426"}],"version-history":[{"count":9,"href":"https:\/\/obera.fr\/de\/wp-json\/wp\/v2\/pages\/31426\/revisions"}],"predecessor-version":[{"id":117786,"href":"https:\/\/obera.fr\/de\/wp-json\/wp\/v2\/pages\/31426\/revisions\/117786"}],"up":[{"embeddable":true,"href":"https:\/\/obera.fr\/de\/wp-json\/wp\/v2\/pages\/154250"}],"wp:featuredmedia":[{"embeddable":true,"href":"https:\/\/obera.fr\/de\/wp-json\/wp\/v2\/media\/83739"}],"wp:attachment":[{"href":"https:\/\/obera.fr\/de\/wp-json\/wp\/v2\/media?parent=31426"}],"curies":[{"name":"wp","href":"https:\/\/api.w.org\/{rel}","templated":true}]}}