{"id":31455,"date":"2020-08-26T12:41:56","date_gmt":"2020-08-26T10:41:56","guid":{"rendered":"https:\/\/obera.fr\/ecoprime-epur-b01-staub-luftreiniger\/"},"modified":"2026-02-10T18:16:03","modified_gmt":"2026-02-10T16:16:03","slug":"ecoprime-epur-b01-staub-luftreiniger","status":"publish","type":"page","link":"https:\/\/obera.fr\/de\/produits\/purificateurs-air\/ecoprime-epur-b01-staub-luftreiniger\/","title":{"rendered":"Ecoprime ePUR B01 Staub Luftreiniger"},"content":{"rendered":"\n<p><strong>ePUR B01 Ecoprime<\/strong> ist ein <a href=\"https:\/\/obera.fr\/de\/produits\/purificateurs-air\/\" data-type=\"page\" data-id=\"26\">professioneller Luftreiniger<\/a> f\u00fcr kleine Volumen.<\/p>\n\n\n<h2 class=\"wp-block-heading\" id=\"comment-fonctionne-notre-purificateur-d-air\">Wie funktioniert unser Luftreiniger?<\/h2>\n\n<div class=\"wp-block-columns is-layout-flex wp-container-core-columns-is-layout-28f84493 wp-block-columns-is-layout-flex\">\n<div class=\"wp-block-column is-layout-flow wp-block-column-is-layout-flow\" style=\"flex-basis:33.33%\">\n<figure class=\"wp-block-image aligncenter size-medium\"><img decoding=\"async\" width=\"300\" height=\"300\" src=\"https:\/\/obera.fr\/wp-content\/uploads\/2020\/09\/epur-b01-ecoprime-300x300.jpg\" alt=\"Epur B01 Ecoprime\" class=\"wp-image-1008\" srcset=\"https:\/\/obera.fr\/wp-content\/uploads\/2020\/09\/epur-b01-ecoprime-300x300.jpg 300w, https:\/\/obera.fr\/wp-content\/uploads\/2020\/09\/epur-b01-ecoprime-150x150.jpg 150w, https:\/\/obera.fr\/wp-content\/uploads\/2020\/09\/epur-b01-ecoprime.jpg 433w\" sizes=\"(max-width: 300px) 100vw, 300px\" \/><\/figure>\n<\/div>\n\n\n\n<div class=\"wp-block-column is-layout-flow wp-block-column-is-layout-flow\" style=\"flex-basis:66.66%\">\n<p>Die verschmutzte Luft wird von oben angesaugt, durchl\u00e4uft dann mehrere Filterschichten im Inneren des Ger\u00e4ts und wird dann unten direkt in Ihren Arbeitsbereich abgegeben.<\/p>\n\n\n\n<h3 class=\"wp-block-heading\" id=\"a-quelles-utilisations-convient-il\">F\u00fcr welche Zwecke ist es geeignet?<\/h3>\n\n\n\n<p>Diese <strong>Luftbehandlungsanlage<\/strong> ist praktisch f\u00fcr alle Arten von Unternehmen geeignet. Er wird in kleinen und mittelgro\u00dfen R\u00e4umen wie B\u00fcros, Konferenzr\u00e4umen, Friseursalons, Nagelstudios, Hotels, Reinigungen, Fitnessstudios, Arztpraxen, Zahnarztpraxen, Pflegeheimen, Handwerkern, Schulen usw. wirksam sein.<\/p>\n\n\n\n<div class=\"wp-block-columns is-layout-flex wp-container-core-columns-is-layout-28f84493 wp-block-columns-is-layout-flex\">\n<div class=\"wp-block-column is-layout-flow wp-block-column-is-layout-flow\" style=\"flex-basis:33.34%\">\n<div class=\"wp-block-buttons is-content-justification-center is-layout-flex wp-container-core-buttons-is-layout-a89b3969 wp-block-buttons-is-layout-flex\">\n<div class=\"wp-block-button\"><a class=\"wp-block-button__link wp-element-button\" href=\"https:\/\/obera.fr\/wp-content\/uploads\/2023\/10\/brochure-ecoprime.pdf\">Brosch\u00fcre herunterladen<\/a><\/div>\n<\/div>\n<\/div>\n\n\n\n<div class=\"wp-block-column is-layout-flow wp-block-column-is-layout-flow\" style=\"flex-basis:33.33%\"><\/div>\n\n\n\n<div class=\"wp-block-column is-layout-flow wp-block-column-is-layout-flow\" style=\"flex-basis:33.33%\">\n<div class=\"wp-block-buttons is-content-justification-center is-layout-flex wp-container-core-buttons-is-layout-a89b3969 wp-block-buttons-is-layout-flex\">\n<div class=\"wp-block-button btn-devis-source\"><a class=\"wp-block-button__link wp-element-button\" href=\"https:\/\/obera.fr\/de\/angebotsanfrage\/\">Angebotsanfrage<\/a><\/div>\n<\/div>\n\n\n<script>\r\ndocument.addEventListener('DOMContentLoaded', function() {\r\n    \/\/ 1. On cherche le titre H1 de la page\r\n    var h1 = document.querySelector('h1');\r\n    var productTitle = h1 ? h1.innerText.trim() : \"\";\r\n\r\n    \/\/ 2. On cherche les boutons via la classe CSS .btn-devis-source\r\n    var buttons = document.querySelectorAll('.btn-devis-source a');\r\n\r\n    \/\/ 3. Si on a le titre et les boutons, on ajoute le param\u00e8tre\r\n    if (buttons.length > 0 && productTitle !== \"\") {\r\n        var encodedTitle = encodeURIComponent(productTitle);\r\n\r\n        buttons.forEach(function(btn) {\r\n            var currentHref = btn.getAttribute('href');\r\n            \r\n            \/\/ S\u00e9curit\u00e9 pour ne pas ajouter le param\u00e8tre 2 fois\r\n            if (currentHref.indexOf('sujet=') === -1) {\r\n                var separator = currentHref.indexOf('?') !== -1 ? '&' : '?';\r\n                var newLink = currentHref + separator + 'sujet=' + encodedTitle;\r\n                \r\n                btn.setAttribute('href', newLink);\r\n            }\r\n        });\r\n    }\r\n});\r\n<\/script><\/div>\n<\/div>\n<\/div>\n<\/div>\n\n<h2 class=\"wp-block-heading\" id=\"quels-polluants-puis-je-traiter-avec-le-purificateur-d-air-epur-b01-ecoprime\">Welche Schadstoffe kann ich mit dem Ecoprime ePUR B01 Luftreiniger behandeln?<\/h2>\n\n<p>Der Ecoprime ePUR B01 Luftreiniger kann mit verschiedenen Filterkonfigurationen ausgestattet werden. Standardm\u00e4\u00dfig enth\u00e4lt er eine molekulare Filterstufe mit Aktivkohle f\u00fcr <strong>gasf\u00f6rmige Schadstoffe<\/strong> (VOCs, Ger\u00fcche, Formaldehyde,&#8230;) und eine <strong>Partikelfilterstufe<\/strong> (S\u00e4ttigungsfilter Klasse F bis HEPA) zur Behandlung von Feinstaub, gasf\u00f6rmigen Schadstoffen, Ger\u00fcchen, VOCs sowie Viren und Bakterien in der Luft.<\/p>\n\n<div class=\"wp-block-buttons is-horizontal is-content-justification-center is-layout-flex wp-container-core-buttons-is-layout-03627597 wp-block-buttons-is-layout-flex\">\n<div class=\"wp-block-button\"><a class=\"wp-block-button__link wp-element-button\" href=\"https:\/\/obera.fr\/de\/contact\/\">Weitere Informationen<\/a><\/div>\n<\/div>\n\n<div style=\"height:20px\" aria-hidden=\"true\" class=\"wp-block-spacer\"><\/div>\n\n<div class=\"wp-block-columns is-layout-flex wp-container-core-columns-is-layout-28f84493 wp-block-columns-is-layout-flex\">\n<div class=\"wp-block-column is-layout-flow wp-block-column-is-layout-flow\">\n<h3 class=\"wp-block-heading has-text-align-center\" id=\"polluants\">Schadstoffe<\/h3>\n\n\n\n<hr class=\"wp-block-separator has-css-opacity is-style-wide\"\/>\n\n\n\n<div class=\"wp-block-columns is-layout-flex wp-container-core-columns-is-layout-28f84493 wp-block-columns-is-layout-flex\">\n<div class=\"wp-block-column is-layout-flow wp-block-column-is-layout-flow\">\n<figure class=\"wp-block-image aligncenter size-large\"><img decoding=\"async\" width=\"70\" height=\"70\" src=\"https:\/\/obera.fr\/wp-content\/uploads\/2020\/08\/polluants-poussieres.jpg\" alt=\"Schadstoffe: Staub\" class=\"wp-image-675\"\/><figcaption class=\"wp-element-caption\">Staub<\/figcaption><\/figure>\n<\/div>\n\n\n\n<div class=\"wp-block-column is-layout-flow wp-block-column-is-layout-flow\">\n<figure class=\"wp-block-image aligncenter size-large\"><img decoding=\"async\" width=\"70\" height=\"70\" src=\"https:\/\/obera.fr\/wp-content\/uploads\/2020\/10\/industrie-aerosols.jpg\" alt=\"Industrie Aerosole\" class=\"wp-image-1201\"\/><figcaption class=\"wp-element-caption\">Aerosole<\/figcaption><\/figure>\n<\/div>\n<\/div>\n\n\n\n<p><\/p>\n<\/div>\n\n\n\n<div class=\"wp-block-column is-layout-flow wp-block-column-is-layout-flow\">\n<h3 class=\"wp-block-heading has-text-align-center\" id=\"industries\">Branchen<\/h3>\n\n\n\n<hr class=\"wp-block-separator has-css-opacity is-style-wide\"\/>\n\n\n\n<p>Geeignet f\u00fcr alle Arten von Unternehmen und unverzichtbar in :<\/p>\n\n\n\n<ul class=\"wp-block-list\">\n<li>B\u00fcros und Konferenzr\u00e4ume<\/li>\n\n\n\n<li>Open Space<\/li>\n\n\n\n<li>Handwerker<\/li>\n\n\n\n<li>Friseure<\/li>\n\n\n\n<li>Nagelpflege<\/li>\n\n\n\n<li>Handel mit elektronischen Zigaretten und fl\u00fcssigen E-Zigaretten<\/li>\n\n\n\n<li>Arztpraxen<\/li>\n\n\n\n<li>Zahn\u00e4rzte<\/li>\n\n\n\n<li>Zahntechniker<\/li>\n\n\n\n<li>EPHAD<\/li>\n\n\n\n<li>Optiker<\/li>\n\n\n\n<li>Hotels<\/li>\n\n\n\n<li>Restaurants<\/li>\n\n\n\n<li>Bekleidungsgesch\u00e4fte<\/li>\n\n\n\n<li>Pressing<\/li>\n\n\n\n<li>Sport- und Fitnessr\u00e4ume<\/li>\n\n\n\n<li>Primeurs<\/li>\n\n\n\n<li>Kinderg\u00e4rten und Schulen<\/li>\n<\/ul>\n<\/div>\n<\/div>\n\n<h2 class=\"wp-block-heading\" id=\"quelles-sont-les-caracteristiques-du-purificateur-d-air-epur-b01-ecoprime\">Was sind die Merkmale des Ecoprime ePUR B01 Luftreinigers?<\/h2>\n\n<figure class=\"wp-block-image alignright size-medium\"><img decoding=\"async\" width=\"300\" height=\"206\" src=\"https:\/\/obera.fr\/wp-content\/uploads\/2020\/10\/epur-ecoprime-300x206.jpg\" alt=\"Epur Ecoprime\" class=\"wp-image-1240\" srcset=\"https:\/\/obera.fr\/wp-content\/uploads\/2020\/10\/epur-ecoprime-300x206.jpg 300w, https:\/\/obera.fr\/wp-content\/uploads\/2020\/10\/epur-ecoprime-768x528.jpg 768w, https:\/\/obera.fr\/wp-content\/uploads\/2020\/10\/epur-ecoprime.jpg 900w\" sizes=\"(max-width: 300px) 100vw, 300px\" \/><figcaption class=\"wp-element-caption\">EcoPrime<\/figcaption><\/figure>\n\n<p>Das Ger\u00e4t verf\u00fcgt \u00fcber einen <strong>hocheffizienten Partikelfilter, der mit Kohle impr\u00e4gniert<\/strong> ist und mehr als 99,9% des Staubs und der gasf\u00f6rmigen Schadstoffe abf\u00e4ngt. Die Leistung ist vollst\u00e4ndig einstellbar und erm\u00f6glicht es, den Durchfluss nach Bedarf anzupassen. Mit seinen kompakten Abmessungen von 25x25x33cm passt er auch in ein kleines Arbeitsumfeld.  <\/p>\n\n<p>Er kann Schadstoffe auf einer Fl\u00e4che von bis zu 60m\u00b2 effektiv behandeln. Der Energieverbrauch ist mit A+ klassifiziert und betr\u00e4gt nur 14 Watt. Der Ecoprime ePUR B01 Luftreiniger ist <strong>leise<\/strong>. Sein niedriger Ger\u00e4uschpegel von 48db bei voller Leistung erm\u00f6glicht es Ihnen, den Luftreiniger so nah wie m\u00f6glich bei sich aufzustellen, ohne dass er Sie st\u00f6rt.<\/p>\n\n<h2 class=\"wp-block-heading\" id=\"quels-sont-ses-avantages\"><strong>Was sind seine Vorteile?<\/strong><\/h2>\n\n<p>Zun\u00e4chst einmal sch\u00fctzt der Luftreiniger die Mitarbeiter vor Feinstaub und anderen gasf\u00f6rmigen Schadstoffen, wodurch alle Arten von Lungen- und Herzkrankheiten vermieden werden k\u00f6nnen. Die <strong>HEPA-Filterung<\/strong> entfernt auch Viren, Bakterien und Sporen, um Epidemien durch Krankheitserreger, luftgetragene Erreger und Allergene zu begrenzen.<\/p>\n\n<p>Es gibt auch einen Vorteil in Bezug auf die Reinigungskosten. Das Ger\u00e4t behandelt Staub und andere Schadstoffe, die sich ansonsten in Ihrem Arbeitsbereich absetzen w\u00fcrden. Dar\u00fcber hinaus ist er nahezu wartungsfrei. Abh\u00e4ngig von der Nutzung und dem Schadstoffgehalt im Raum m\u00fcssen die Filter nur einmal j\u00e4hrlich ausgetauscht werden. Dieser kompakte Luftreiniger mit seinem modernen und klaren Design wird sich leicht an Ihren Raum anpassen.<\/p>\n\n<p>In einigen F\u00e4llen wird unser professioneller Luftreiniger verwendet, um den Arbeitsplatzgrenzwert (AGW) einzuhalten.<\/p>\n\n<div class=\"wp-block-columns is-layout-flex wp-container-core-columns-is-layout-28f84493 wp-block-columns-is-layout-flex\">\n<div class=\"wp-block-column is-layout-flow wp-block-column-is-layout-flow\">\n<h3 class=\"wp-block-heading has-text-align-center\" id=\"avantages\">Vorteile<\/h3>\n\n\n\n<ul class=\"wp-block-list\">\n<li>Synthetischer HEPA-Filter, der mit hochwirksamer Aktivkohle impr\u00e4gniert ist.<\/li>\n\n\n\n<li>Sparsam: max. 14W<\/li>\n\n\n\n<li>Maximale Effizienz bis zu 60m\u00b2.<\/li>\n<\/ul>\n<\/div>\n\n\n\n<div class=\"wp-block-column is-layout-flow wp-block-column-is-layout-flow\">\n<h3 class=\"wp-block-heading has-text-align-center\" id=\"particularites\">Besonderheiten<\/h3>\n\n\n\n<ul class=\"wp-block-list\">\n<li>Leistung einstellbar von 0 bis 100%<\/li>\n\n\n\n<li>Modernes, schlichtes Design<\/li>\n\n\n\n<li>Kompakt 25cm x 25cm x 33cm<\/li>\n\n\n\n<li>Schalld\u00e4mpfer: max. 48 dB bei voller Lautst\u00e4rke<\/li>\n<\/ul>\n<\/div>\n\n\n\n<div class=\"wp-block-column is-layout-flow wp-block-column-is-layout-flow\">\n<h3 class=\"wp-block-heading has-text-align-center\" id=\"caracteristiques\">Eigenschaften<\/h3>\n\n\n\n<ul class=\"wp-block-list\">\n<li>Eine Filtration von mehr als 99,9% bei Feinstaub und fl\u00fcchtigen organischen Verbindungen (VOC)<\/li>\n\n\n\n<li>Filtert Viren, Bakterien und Sporen: begrenzt Epidemien durch luftgetragene Krankheitserreger<\/li>\n<\/ul>\n<\/div>\n<\/div>\n\n<div class=\"wp-block-buttons is-horizontal is-content-justification-center is-layout-flex wp-container-core-buttons-is-layout-03627597 wp-block-buttons-is-layout-flex\">\n<div class=\"wp-block-button\"><a class=\"wp-block-button__link wp-element-button\" href=\"https:\/\/obera.fr\/de\/contact\/\">Weitere Informationen<\/a><\/div>\n<\/div>\n\n<h2 class=\"wp-block-heading\" id=\"exemples-de-domaine-d-application-pour-le-epur-b01-ecoprime\">Beispiele f\u00fcr Anwendungsbereiche von ePUR B01 Ecoprime :<\/h2>\n\n<h3 class=\"wp-block-heading\" id=\"secteur-medical-hopitaux-ehpad-veterinaires-pedicures-podologues-dentistes-et-prothesistes-dentaires-cabinets-medicaux-espaces-funeraires\">Medizinischer Sektor (Krankenh\u00e4user, Pflegeheime, Tier\u00e4rzte, Fu\u00dfpfleger, Podologen, Zahn\u00e4rzte und Zahntechniker, Arztpraxen, Beerdigungsinstitute)<\/h3>\n\n<p>Die Bed\u00fcrfnisse sind unterschiedlich:<\/p>\n\n<ul class=\"wp-block-list\">\n<li>Verbesserung der Luftqualit\u00e4t zur <strong>Reduzierung der luft\u00fcbertragenen Kontamination<\/strong>(Viren, Bakterien)<\/li>\n\n\n\n<li>Desinfizieren und <strong>Verhindern der Verbreitung von Viren<\/strong>, Bakterien etc.<\/li>\n\n\n\n<li>Beseitigung von Geruchsbel\u00e4stigungen und <strong>Neutralisierung der verschiedenen Geruchsbel\u00e4stigungen<\/strong><\/li>\n\n\n\n<li><strong>Reduzierung des Staubniveaus<\/strong> bei staubproduzierenden Aktivit\u00e4ten<\/li>\n<\/ul>\n\n<h2 class=\"wp-block-heading\" id=\"les-autres-purificateur-d-air-de-la-marque-obera\">Die anderen Luftreiniger der Marke oberA<\/h2>\n\n<div class=\"wp-block-columns is-layout-flex wp-container-core-columns-is-layout-28f84493 wp-block-columns-is-layout-flex\">\n<div class=\"wp-block-column is-layout-flow wp-block-column-is-layout-flow\">\n<figure class=\"wp-block-image aligncenter size-full is-resized\"><a href=\"https:\/\/obera.fr\/produits\/purificateurs-air\/filtower\/\"><img decoding=\"async\" width=\"184\" height=\"300\" src=\"https:\/\/obera.fr\/wp-content\/uploads\/2026\/01\/image-filtower.png\" alt=\"Bild Filtower\" class=\"wp-image-138903\" style=\"object-fit:contain;width:150px;height:150px\"\/><\/a><figcaption class=\"wp-element-caption\">Filtower<\/figcaption><\/figure>\n<\/div>\n\n\n\n<div class=\"wp-block-column is-layout-flow wp-block-column-is-layout-flow\">\n<figure class=\"wp-block-image aligncenter size-medium is-resized\"><a href=\"https:\/\/obera.fr\/produits\/purificateurs-air\/professionnel-epur-ca\/\"><img decoding=\"async\" width=\"300\" height=\"300\" src=\"https:\/\/obera.fr\/wp-content\/uploads\/2026\/01\/image-epur-ca-300x300.png\" alt=\"Bild ePUR ca\" class=\"wp-image-138874\" style=\"width:150px;height:150px\" srcset=\"https:\/\/obera.fr\/wp-content\/uploads\/2026\/01\/image-epur-ca-300x300.png 300w, https:\/\/obera.fr\/wp-content\/uploads\/2026\/01\/image-epur-ca-1024x1024.png 1024w, https:\/\/obera.fr\/wp-content\/uploads\/2026\/01\/image-epur-ca-150x150.png 150w, https:\/\/obera.fr\/wp-content\/uploads\/2026\/01\/image-epur-ca-768x768.png 768w, https:\/\/obera.fr\/wp-content\/uploads\/2026\/01\/image-epur-ca.png 1200w\" sizes=\"(max-width: 300px) 100vw, 300px\" \/><\/a><figcaption class=\"wp-element-caption\">ePUR CA<\/figcaption><\/figure>\n<\/div>\n\n\n\n<div class=\"wp-block-column is-layout-flow wp-block-column-is-layout-flow\">\n<figure class=\"wp-block-image aligncenter size-full is-resized\"><a href=\"https:\/\/obera.fr\/produits\/purificateurs-air\/industriel-epur\/\"><img decoding=\"async\" width=\"1200\" height=\"1200\" src=\"https:\/\/obera.fr\/wp-content\/uploads\/2026\/01\/image-gamme-epur.png\" alt=\"Bild ePUR-Reihe\" class=\"wp-image-138868\" style=\"width:180px;height:auto\" srcset=\"https:\/\/obera.fr\/wp-content\/uploads\/2026\/01\/image-gamme-epur.png 1200w, https:\/\/obera.fr\/wp-content\/uploads\/2026\/01\/image-gamme-epur-300x300.png 300w, https:\/\/obera.fr\/wp-content\/uploads\/2026\/01\/image-gamme-epur-1024x1024.png 1024w, https:\/\/obera.fr\/wp-content\/uploads\/2026\/01\/image-gamme-epur-150x150.png 150w, https:\/\/obera.fr\/wp-content\/uploads\/2026\/01\/image-gamme-epur-768x768.png 768w\" sizes=\"(max-width: 1200px) 100vw, 1200px\" \/><\/a><figcaption class=\"wp-element-caption\">ePUR<\/figcaption><\/figure>\n<\/div>\n\n\n\n<div class=\"wp-block-column is-layout-flow wp-block-column-is-layout-flow\">\n<figure class=\"wp-block-image aligncenter size-full\"><a href=\"https:\/\/obera.fr\/produits\/purificateurs-air\/purificateur-rafraichisseur-epur150-fresh\/\"><img decoding=\"async\" width=\"150\" height=\"150\" src=\"https:\/\/obera.fr\/wp-content\/uploads\/2023\/04\/epur150-fresh-4.png\" alt=\"epur150 fresh (4)\" class=\"wp-image-22427\"\/><\/a><figcaption class=\"wp-element-caption\">ePUR150 FRESH<\/figcaption><\/figure>\n<\/div>\n<\/div>\n","protected":false},"excerpt":{"rendered":"<p>ePUR B01 Ecoprime ist ein professioneller Luftreiniger f\u00fcr kleine Volumen. Wie funktioniert unser Luftreiniger? Die verschmutzte Luft wird von oben angesaugt, durchl\u00e4uft dann mehrere Filterschichten im Inneren des Ger\u00e4ts und wird dann unten direkt in Ihren Arbeitsbereich abgegeben. F\u00fcr welche Zwecke ist es geeignet? Diese Luftbehandlungsanlage ist praktisch f\u00fcr alle Arten von Unternehmen geeignet. Er wird in kleinen und mittelgro\u00dfen R\u00e4umen wie B\u00fcros, Konferenzr\u00e4umen, Friseursalons, Nagelstudios, Hotels, Reinigungen, Fitnessstudios, Arztpraxen, Zahnarztpraxen, Pflegeheimen, Handwerkern, Schulen usw. wirksam sein. Welche Schadstoffe kann ich mit dem Ecoprime ePUR B01 Luftreiniger behandeln? Der Ecoprime ePUR B01 Luftreiniger kann mit verschiedenen Filterkonfigurationen ausgestattet werden. Standardm\u00e4\u00dfig &#8230; <\/p>\n<p class=\"read-more-container\"><a title=\"Ecoprime ePUR B01 Staub Luftreiniger\" class=\"read-more button\" href=\"https:\/\/obera.fr\/de\/produits\/purificateurs-air\/ecoprime-epur-b01-staub-luftreiniger\/#more-31455\" aria-label=\"Mehr Informationen \u00fcber Ecoprime ePUR B01 Staub Luftreiniger\">Lire la suite<\/a><\/p>\n","protected":false},"author":4,"featured_media":83739,"parent":32366,"menu_order":0,"comment_status":"closed","ping_status":"closed","template":"","meta":{"_acf_changed":false,"_seopress_robots_primary_cat":"","_seopress_titles_title":"Purificateur d\u2019air poussi\u00e8re l\u2019ePUR B01 Ecoprime - oberA","_seopress_titles_desc":"Le purificateur d\u2019air ePUR B01 Ecoprime est \u00e9quip\u00e9 de diff\u00e9rentes configurations de filtration. Cet appareil de traitement d\u2019air convient \u00e0 toutes les entreprises","_seopress_robots_index":"","footnotes":""},"class_list":{"0":"post-31455","1":"page","2":"type-page","3":"status-publish","4":"has-post-thumbnail","6":"no-featured-image-padding","7":"resize-featured-image"},"acf":[],"_links":{"self":[{"href":"https:\/\/obera.fr\/de\/wp-json\/wp\/v2\/pages\/31455","targetHints":{"allow":["GET"]}}],"collection":[{"href":"https:\/\/obera.fr\/de\/wp-json\/wp\/v2\/pages"}],"about":[{"href":"https:\/\/obera.fr\/de\/wp-json\/wp\/v2\/types\/page"}],"author":[{"embeddable":true,"href":"https:\/\/obera.fr\/de\/wp-json\/wp\/v2\/users\/4"}],"replies":[{"embeddable":true,"href":"https:\/\/obera.fr\/de\/wp-json\/wp\/v2\/comments?post=31455"}],"version-history":[{"count":4,"href":"https:\/\/obera.fr\/de\/wp-json\/wp\/v2\/pages\/31455\/revisions"}],"predecessor-version":[{"id":141959,"href":"https:\/\/obera.fr\/de\/wp-json\/wp\/v2\/pages\/31455\/revisions\/141959"}],"up":[{"embeddable":true,"href":"https:\/\/obera.fr\/de\/wp-json\/wp\/v2\/pages\/32366"}],"wp:featuredmedia":[{"embeddable":true,"href":"https:\/\/obera.fr\/de\/wp-json\/wp\/v2\/media\/83739"}],"wp:attachment":[{"href":"https:\/\/obera.fr\/de\/wp-json\/wp\/v2\/media?parent=31455"}],"curies":[{"name":"wp","href":"https:\/\/api.w.org\/{rel}","templated":true}]}}