{"id":31463,"date":"2022-10-10T09:41:03","date_gmt":"2022-10-10T07:41:03","guid":{"rendered":"https:\/\/obera.fr\/erfrischender-luftreiniger-epur150-fresh\/"},"modified":"2026-02-05T18:16:37","modified_gmt":"2026-02-05T16:16:37","slug":"purificateur-rafraichisseur-epur150-fresh","status":"publish","type":"page","link":"https:\/\/obera.fr\/de\/produits\/purificateurs-air\/purificateur-rafraichisseur-epur150-fresh\/","title":{"rendered":"K\u00fchlender Luftreiniger ePUR150 FRESH"},"content":{"rendered":"\n<h2 class=\"wp-block-heading\">Reinigen und K\u00fchlen<\/h2>\n\n<p>Der k\u00fchlende industrielle Luftreiniger <strong>ePUR150 FRESH<\/strong> ist ideal zum Reinigen und K\u00fchlen aller Arten von Arbeitsbereichen, von Industriehallen, Hotspots usw. auf v\u00f6llig nat\u00fcrliche Weise mit geringem Energieverbrauch.<\/p>\n\n<h2 class=\"wp-block-heading\">Wie funktioniert es?<\/h2>\n\n<div class=\"wp-block-columns is-layout-flex wp-container-core-columns-is-layout-28f84493 wp-block-columns-is-layout-flex\">\n<div class=\"wp-block-column is-vertically-aligned-top is-layout-flow wp-block-column-is-layout-flow\" style=\"flex-basis:33.33%\">\n<figure class=\"wp-block-image aligncenter size-full is-resized\"><img decoding=\"async\" width=\"700\" height=\"700\" src=\"https:\/\/obera.fr\/wp-content\/uploads\/2023\/04\/epur150-fresh-3.png\" alt=\"epur150 fresh 3\" class=\"wp-image-22417\" style=\"width:350px\" srcset=\"https:\/\/obera.fr\/wp-content\/uploads\/2023\/04\/epur150-fresh-3.png 700w, https:\/\/obera.fr\/wp-content\/uploads\/2023\/04\/epur150-fresh-3-300x300.png 300w, https:\/\/obera.fr\/wp-content\/uploads\/2023\/04\/epur150-fresh-3-150x150.png 150w\" sizes=\"(max-width: 700px) 100vw, 700px\" \/><\/figure>\n\n\n\n<div class=\"wp-block-columns is-layout-flex wp-container-core-columns-is-layout-28f84493 wp-block-columns-is-layout-flex\">\n<div class=\"wp-block-column is-layout-flow wp-block-column-is-layout-flow\">\n<figure class=\"wp-block-image alignright size-thumbnail is-resized\"><img decoding=\"async\" width=\"150\" height=\"150\" src=\"https:\/\/obera.fr\/wp-content\/uploads\/2023\/10\/design-sans-titre-36-150x150.png\" alt=\"Design ohne Titel 36\" class=\"wp-image-24781\" style=\"object-fit:cover;width:80px;height:80px\" srcset=\"https:\/\/obera.fr\/wp-content\/uploads\/2023\/10\/design-sans-titre-36-150x150.png 150w, https:\/\/obera.fr\/wp-content\/uploads\/2023\/10\/design-sans-titre-36.png 300w\" sizes=\"(max-width: 150px) 100vw, 150px\" \/><\/figure>\n<\/div>\n\n\n\n<div class=\"wp-block-column is-layout-flow wp-block-column-is-layout-flow\">\n<figure class=\"wp-block-image alignleft size-full is-resized\"><img decoding=\"async\" width=\"300\" height=\"300\" src=\"https:\/\/obera.fr\/wp-content\/uploads\/2023\/10\/design-sans-titre-37.png\" alt=\"Design ohne Titel 37\" class=\"wp-image-24784\" style=\"object-fit:cover;width:80px;height:80px\" srcset=\"https:\/\/obera.fr\/wp-content\/uploads\/2023\/10\/design-sans-titre-37.png 300w, https:\/\/obera.fr\/wp-content\/uploads\/2023\/10\/design-sans-titre-37-150x150.png 150w\" sizes=\"(max-width: 300px) 100vw, 300px\" \/><\/figure>\n<\/div>\n<\/div>\n<\/div>\n\n\n\n<div class=\"wp-block-column is-vertically-aligned-center is-layout-flow wp-block-column-is-layout-flow\" style=\"flex-basis:66.66%\">\n<p>Das grundlegende Funktionsprinzip ist das Ansaugen von Luft, die durch <strong>mehrere Filterstufen (G4\/F8)<\/strong> geleitet wird. Bei gro\u00dfer Hitze k\u00f6nnen die vorhandenen Stegplatten befeuchtet werden, wodurch der Arbeitsbereich mit sauberer Luft <strong>gek\u00fchlt<\/strong> wird.<\/p>\n\n\n\n<p>Die <strong>gereinigte und\/oder gek\u00fchlte<\/strong> Luft wird in den Raum geblasen, um eine optimale Luftqualit\u00e4t und thermischen Komfort zu erreichen.<\/p>\n\n\n\n<p>Der k\u00fchlende industrielle Luftreiniger hat einen Luftdurchsatz von <strong>15.000 m3\/h<\/strong>, mit einem verf\u00fcgbaren Druck bei einem maximalen Durchfluss von <strong>100 Pa<\/strong>. Die Kapazit\u00e4t ist f\u00fcr R\u00e4ume von <strong>70m\u00b2 bis 400m\u00b2<\/strong> geeignet.<\/p>\n\n\n\n<div class=\"wp-block-columns is-layout-flex wp-container-core-columns-is-layout-28f84493 wp-block-columns-is-layout-flex\">\n<div class=\"wp-block-column is-layout-flow wp-block-column-is-layout-flow\">\n<div class=\"wp-block-buttons is-horizontal is-content-justification-center is-layout-flex wp-container-core-buttons-is-layout-03627597 wp-block-buttons-is-layout-flex\">\n<div class=\"wp-block-button\"><a class=\"wp-block-button__link wp-element-button\" href=\"https:\/\/obera.fr\/de\/contact\/\">Weitere Informationen<\/a><\/div>\n<\/div>\n<\/div>\n\n\n\n<div class=\"wp-block-column is-layout-flow wp-block-column-is-layout-flow\">\n<div class=\"wp-block-buttons is-layout-flex wp-block-buttons-is-layout-flex\">\n<div class=\"wp-block-button\"><a class=\"wp-block-button__link wp-element-button\" href=\"https:\/\/obera.fr\/wp-content\/uploads\/2025\/05\/catalogue-obera-2025-epur150.pdf\">Brosch\u00fcre herunterladen<\/a><\/div>\n<\/div>\n<\/div>\n\n\n\n<div class=\"wp-block-column is-layout-flow wp-block-column-is-layout-flow\">\n<div class=\"wp-block-buttons is-content-justification-center is-layout-flex wp-container-core-buttons-is-layout-a89b3969 wp-block-buttons-is-layout-flex\">\n<div class=\"wp-block-button btn-devis-source\"><a class=\"wp-block-button__link wp-element-button\" href=\"https:\/\/obera.fr\/de\/angebotsanfrage\/\">Angebotsanfrage<\/a><\/div>\n<\/div>\n\n\n<script>\r\ndocument.addEventListener('DOMContentLoaded', function() {\r\n    \/\/ 1. On cherche le titre H1 de la page\r\n    var h1 = document.querySelector('h1');\r\n    var productTitle = h1 ? h1.innerText.trim() : \"\";\r\n\r\n    \/\/ 2. On cherche les boutons via la classe CSS .btn-devis-source\r\n    var buttons = document.querySelectorAll('.btn-devis-source a');\r\n\r\n    \/\/ 3. Si on a le titre et les boutons, on ajoute le param\u00e8tre\r\n    if (buttons.length > 0 && productTitle !== \"\") {\r\n        var encodedTitle = encodeURIComponent(productTitle);\r\n\r\n        buttons.forEach(function(btn) {\r\n            var currentHref = btn.getAttribute('href');\r\n            \r\n            \/\/ S\u00e9curit\u00e9 pour ne pas ajouter le param\u00e8tre 2 fois\r\n            if (currentHref.indexOf('sujet=') === -1) {\r\n                var separator = currentHref.indexOf('?') !== -1 ? '&' : '?';\r\n                var newLink = currentHref + separator + 'sujet=' + encodedTitle;\r\n                \r\n                btn.setAttribute('href', newLink);\r\n            }\r\n        });\r\n    }\r\n});\r\n<\/script><\/div>\n<\/div>\n<\/div>\n<\/div>\n\n<div style=\"height:20px\" aria-hidden=\"true\" class=\"wp-block-spacer\"><\/div>\n\n<h3 class=\"wp-block-heading\">Welche Vorteile bietet es?<\/h3>\n\n<p>Der Luftreiniger <strong>ePUR150 FRESH<\/strong> bietet viele Vorteile, einschlie\u00dflich der Verbesserung der Luftqualit\u00e4t. Sein Hauptziel ist der Schutz der Arbeitnehmer vor Fein- und Grobstaub, um die Entwicklung von Lungen- oder Herzkrankheiten zu verhindern.<\/p>\n\n<p>Neben der Verbesserung der Luftqualit\u00e4t kann der<strong>ePUR150 FRESH<\/strong> auch als K\u00fchlung bei hohen Temperaturen eingesetzt werden. Durch das Flie\u00dfen des Wassers \u00fcber die Stegplatten kann die gereinigte Luft gek\u00fchlt werden, wodurch die Luft in den Arbeitsr\u00e4umen abgek\u00fchlt wird.<\/p>\n\n<p>Ein Energiegewinn ist ebenfalls zu ber\u00fccksichtigen. Der vom Ger\u00e4t erzeugte Luftstrom konditioniert den Arbeitsbereich, indem er die warme Luft von oben nach unten leitet.<\/p>\n\n<h3 class=\"wp-block-heading\">ePUR150 FRESH in K\u00fcrze <\/h3>\n\n<div class=\"wp-block-columns is-layout-flex wp-container-core-columns-is-layout-28f84493 wp-block-columns-is-layout-flex\">\n<div class=\"wp-block-column is-layout-flow wp-block-column-is-layout-flow\">\n<ul class=\"wp-block-list\">\n<li>Luftreiniger, der als K\u00fchler umwandelbar ist<\/li>\n\n\n\n<li>Schnelles \u00d6ffnen der Paneele mit Halbrundverschl\u00fcssen<\/li>\n\n\n\n<li>K\u00fchler: erfordert keine \u00dcberwachung dank automatischer Wasserversorgung<\/li>\n\n\n\n<li>Leistungsstark und ger\u00e4uscharm<\/li>\n\n\n\n<li>Sehr geringer Energieverbrauch<\/li>\n<\/ul>\n<\/div>\n\n\n\n<div class=\"wp-block-column is-layout-flow wp-block-column-is-layout-flow\">\n<ul class=\"wp-block-list\">\n<li>Anpassung der Filter (G4 \/ F8)<\/li>\n\n\n\n<li>Plug &amp; Play: einfacher und schneller Anschluss<\/li>\n\n\n\n<li>Keine Montage, keine Absaugkan\u00e4le<\/li>\n\n\n\n<li>Mobil und stabil dank Nylonr\u00e4dern mit Bremsen<\/li>\n\n\n\n<li>Manuelles Ablasssystem<\/li>\n\n\n\n<li>Einfache Reinigung<\/li>\n<\/ul>\n<\/div>\n<\/div>\n\n<h2 class=\"wp-block-heading\">Zusammensetzung des ePUR150 FRESH Luftreinigers<\/h2>\n\n<div class=\"wp-block-columns is-layout-flex wp-container-core-columns-is-layout-28f84493 wp-block-columns-is-layout-flex\">\n<div class=\"wp-block-column is-layout-flow wp-block-column-is-layout-flow\">\n<ul class=\"wp-block-list\">\n<li>Wasserbeh\u00e4lter und Dach aus dickem Polypropylen mit UV-Schutz.<\/li>\n\n\n\n<li>Eckpfosten aus Edelstahl AISI-304.<\/li>\n\n\n\n<li>K\u00fchlere Paneele Typ 5090, 100 mm dick.<\/li>\n\n\n\n<li>Ansauggitter ofenlackiert (Polyesterlack RAL 7035 grau).<\/li>\n\n\n\n<li>Zentrifugalventilatorgruppe aus verzinktem Stahl.<\/li>\n\n\n\n<li>Lagerschutzabdeckung zur Vermeidung von Oxidation.<\/li>\n<\/ul>\n\n\n\n<p><\/p>\n<\/div>\n\n\n\n<div class=\"wp-block-column is-layout-flow wp-block-column-is-layout-flow\">\n<ul class=\"wp-block-list\">\n<li>Nylonr\u00e4der mit Bremsen f\u00fcr einfachen Transport und Installation.<\/li>\n\n\n\n<li>Manuelles Ablasssystem mit korrosionsbest\u00e4ndigem Ventil.<\/li>\n\n\n\n<li>10m Schlauch mit Schnellkupplung.<\/li>\n\n\n\n<li>Schalttafel 1-Gang oder variable Geschwindigkeit.<\/li>\n\n\n\n<li>Hydraulische und elektrische Installation werkseitig angeschlossen.<\/li>\n\n\n\n<li>M\u00f6glichkeit der Lieferung von Edelstahlpaneelen.<\/li>\n<\/ul>\n<\/div>\n<\/div>\n\n<div class=\"wp-block-buttons is-content-justification-center is-layout-flex wp-container-core-buttons-is-layout-a89b3969 wp-block-buttons-is-layout-flex\">\n<div class=\"wp-block-button\"><a class=\"wp-block-button__link wp-element-button\" href=\"https:\/\/obera.fr\/wp-content\/uploads\/2025\/05\/catalogue-obera-2025-epur150.pdf\">Brosch\u00fcre herunterladen<\/a><\/div>\n<\/div>\n\n<h3 class=\"wp-block-heading\"><strong>Konstruktive Details<\/strong><\/h3>\n\n<div class=\"wp-block-columns is-layout-flex wp-container-core-columns-is-layout-28f84493 wp-block-columns-is-layout-flex\">\n<div class=\"wp-block-column is-layout-flow wp-block-column-is-layout-flow\">\n<figure class=\"wp-block-image aligncenter size-full is-resized\"><img decoding=\"async\" width=\"600\" height=\"600\" src=\"https:\/\/obera.fr\/wp-content\/uploads\/2022\/10\/Panneau-alevolaire.jpg\" alt=\"Wabenplatte\" class=\"wp-image-14984\" style=\"width:150px;height:150px\" srcset=\"https:\/\/obera.fr\/wp-content\/uploads\/2022\/10\/Panneau-alevolaire.jpg 600w, https:\/\/obera.fr\/wp-content\/uploads\/2022\/10\/Panneau-alevolaire-300x300.jpg 300w, https:\/\/obera.fr\/wp-content\/uploads\/2022\/10\/Panneau-alevolaire-150x150.jpg 150w\" sizes=\"(max-width: 600px) 100vw, 600px\" \/><figcaption class=\"wp-element-caption\">Wabenplatte<\/figcaption><\/figure>\n<\/div>\n\n\n\n<div class=\"wp-block-column is-layout-flow wp-block-column-is-layout-flow\">\n<figure class=\"wp-block-image aligncenter size-full is-resized\"><img decoding=\"async\" width=\"600\" height=\"600\" src=\"https:\/\/obera.fr\/wp-content\/uploads\/2022\/10\/Diffuseur-dair-1.jpg\" alt=\"Luftdiffusor\" class=\"wp-image-14981\" style=\"width:150px;height:150px\" srcset=\"https:\/\/obera.fr\/wp-content\/uploads\/2022\/10\/Diffuseur-dair-1.jpg 600w, https:\/\/obera.fr\/wp-content\/uploads\/2022\/10\/Diffuseur-dair-1-300x300.jpg 300w, https:\/\/obera.fr\/wp-content\/uploads\/2022\/10\/Diffuseur-dair-1-150x150.jpg 150w\" sizes=\"(max-width: 600px) 100vw, 600px\" \/><figcaption class=\"wp-element-caption\">Luftdiffusor<\/figcaption><\/figure>\n<\/div>\n\n\n\n<div class=\"wp-block-column is-layout-flow wp-block-column-is-layout-flow\">\n<figure class=\"wp-block-image aligncenter size-full is-resized\"><img decoding=\"async\" width=\"600\" height=\"600\" src=\"https:\/\/obera.fr\/wp-content\/uploads\/2022\/10\/Tuyau-10m-avec-raccord.jpg\" alt=\"10m Schlauch mit Anschluss\" class=\"wp-image-14978\" style=\"width:150px;height:150px\" srcset=\"https:\/\/obera.fr\/wp-content\/uploads\/2022\/10\/Tuyau-10m-avec-raccord.jpg 600w, https:\/\/obera.fr\/wp-content\/uploads\/2022\/10\/Tuyau-10m-avec-raccord-300x300.jpg 300w, https:\/\/obera.fr\/wp-content\/uploads\/2022\/10\/Tuyau-10m-avec-raccord-150x150.jpg 150w\" sizes=\"(max-width: 600px) 100vw, 600px\" \/><figcaption class=\"wp-element-caption\">10m Schlauch mit Anschluss<\/figcaption><\/figure>\n<\/div>\n\n\n\n<div class=\"wp-block-column is-layout-flow wp-block-column-is-layout-flow\">\n<figure class=\"wp-block-image aligncenter size-full is-resized\"><img decoding=\"async\" width=\"600\" height=\"600\" src=\"https:\/\/obera.fr\/wp-content\/uploads\/2022\/10\/Pompe-a-eau.jpg\" alt=\"Wasserpumpe\" class=\"wp-image-14975\" style=\"width:150px;height:150px\" srcset=\"https:\/\/obera.fr\/wp-content\/uploads\/2022\/10\/Pompe-a-eau.jpg 600w, https:\/\/obera.fr\/wp-content\/uploads\/2022\/10\/Pompe-a-eau-300x300.jpg 300w, https:\/\/obera.fr\/wp-content\/uploads\/2022\/10\/Pompe-a-eau-150x150.jpg 150w\" sizes=\"(max-width: 600px) 100vw, 600px\" \/><figcaption class=\"wp-element-caption\">Wasserpumpe<\/figcaption><\/figure>\n<\/div>\n\n\n\n<div class=\"wp-block-column is-vertically-aligned-bottom is-layout-flow wp-block-column-is-layout-flow\">\n<figure class=\"wp-block-image aligncenter size-medium is-resized\"><img decoding=\"async\" width=\"300\" height=\"257\" src=\"https:\/\/obera.fr\/wp-content\/uploads\/2023\/01\/prefiltre-g4-3-300x257.png\" alt=\"Vorfilter G4 3\" class=\"wp-image-18378\" style=\"width:150px;height:129px\" srcset=\"https:\/\/obera.fr\/wp-content\/uploads\/2023\/01\/prefiltre-g4-3-300x257.png 300w, https:\/\/obera.fr\/wp-content\/uploads\/2023\/01\/prefiltre-g4-3.png 350w\" sizes=\"(max-width: 300px) 100vw, 300px\" \/><figcaption class=\"wp-element-caption\">Vorfilter G4 und Hauptfilter bis F8<\/figcaption><\/figure>\n<\/div>\n<\/div>\n\n<h2 class=\"wp-block-heading\">Industrielle Luftreiniger entdecken<\/h2>\n\n<div class=\"wp-block-columns is-layout-flex wp-container-core-columns-is-layout-28f84493 wp-block-columns-is-layout-flex\">\n<div class=\"wp-block-column is-layout-flow wp-block-column-is-layout-flow\">\n<figure class=\"wp-block-image aligncenter size-medium is-resized\"><a href=\"https:\/\/obera.fr\/de\/produits\/purificateurs-air\/industriel-epur\/\"><img decoding=\"async\" width=\"300\" height=\"300\" src=\"https:\/\/obera.fr\/wp-content\/uploads\/2026\/01\/image-gamme-epur-300x300.png\" alt=\"Bild ePUR-Reihe\" class=\"wp-image-138868\" style=\"width:225px;height:225px\" srcset=\"https:\/\/obera.fr\/wp-content\/uploads\/2026\/01\/image-gamme-epur-300x300.png 300w, https:\/\/obera.fr\/wp-content\/uploads\/2026\/01\/image-gamme-epur-1024x1024.png 1024w, https:\/\/obera.fr\/wp-content\/uploads\/2026\/01\/image-gamme-epur-150x150.png 150w, https:\/\/obera.fr\/wp-content\/uploads\/2026\/01\/image-gamme-epur-768x768.png 768w, https:\/\/obera.fr\/wp-content\/uploads\/2026\/01\/image-gamme-epur.png 1200w\" sizes=\"(max-width: 300px) 100vw, 300px\" \/><\/a><figcaption class=\"wp-element-caption\">oberA ePUR-Reihe<\/figcaption><\/figure>\n<\/div>\n\n\n\n<div class=\"wp-block-column is-layout-flow wp-block-column-is-layout-flow\">\n<figure class=\"wp-block-image aligncenter size-medium is-resized\"><a href=\"https:\/\/obera.fr\/de\/produits\/purificateurs-air\/ecoprime-epur-b01-staub-luftreiniger\/\"><img decoding=\"async\" width=\"300\" height=\"300\" src=\"https:\/\/obera.fr\/wp-content\/uploads\/2023\/02\/ecoprime-300x300.png\" alt=\"ecoprime\" class=\"wp-image-19002\" style=\"width:225px;height:225px\" srcset=\"https:\/\/obera.fr\/wp-content\/uploads\/2023\/02\/ecoprime-300x300.png 300w, https:\/\/obera.fr\/wp-content\/uploads\/2023\/02\/ecoprime-150x150.png 150w, https:\/\/obera.fr\/wp-content\/uploads\/2023\/02\/ecoprime.png 500w\" sizes=\"(max-width: 300px) 100vw, 300px\" \/><\/a><figcaption class=\"wp-element-caption\">ePUR B01 ecoPRIME<\/figcaption><\/figure>\n<\/div>\n\n\n\n<div class=\"wp-block-column is-layout-flow wp-block-column-is-layout-flow\">\n<figure class=\"wp-block-image aligncenter size-full is-resized\"><a href=\"https:\/\/obera.fr\/de\/produits\/purificateurs-air\/filtower\/\"><img decoding=\"async\" width=\"184\" height=\"300\" src=\"https:\/\/obera.fr\/wp-content\/uploads\/2026\/01\/image-filtower.png\" alt=\"Bild Filtower\" class=\"wp-image-138903\" style=\"object-fit:contain;width:225px;height:225px\"\/><\/a><figcaption class=\"wp-element-caption\">Filtower<\/figcaption><\/figure>\n<\/div>\n\n\n\n<div class=\"wp-block-column is-layout-flow wp-block-column-is-layout-flow\">\n<figure class=\"wp-block-image aligncenter size-medium is-resized\"><a href=\"https:\/\/obera.fr\/de\/produits\/purificateurs-air\/professionnel-epur-ca\/\"><img decoding=\"async\" width=\"300\" height=\"300\" src=\"https:\/\/obera.fr\/wp-content\/uploads\/2026\/01\/image-epur-ca-300x300.png\" alt=\"Bild ePUR ca\" class=\"wp-image-138874\" style=\"width:225px;height:225px\" srcset=\"https:\/\/obera.fr\/wp-content\/uploads\/2026\/01\/image-epur-ca-300x300.png 300w, https:\/\/obera.fr\/wp-content\/uploads\/2026\/01\/image-epur-ca-1024x1024.png 1024w, https:\/\/obera.fr\/wp-content\/uploads\/2026\/01\/image-epur-ca-150x150.png 150w, https:\/\/obera.fr\/wp-content\/uploads\/2026\/01\/image-epur-ca-768x768.png 768w, https:\/\/obera.fr\/wp-content\/uploads\/2026\/01\/image-epur-ca.png 1200w\" sizes=\"(max-width: 300px) 100vw, 300px\" \/><\/a><figcaption class=\"wp-element-caption\">ePUR CA<\/figcaption><\/figure>\n<\/div>\n<\/div>\n","protected":false},"excerpt":{"rendered":"<p>Reinigen und K\u00fchlen Der k\u00fchlende industrielle Luftreiniger ePUR150 FRESH ist ideal zum Reinigen und K\u00fchlen aller Arten von Arbeitsbereichen, von Industriehallen, Hotspots usw. auf v\u00f6llig nat\u00fcrliche Weise mit geringem Energieverbrauch. Wie funktioniert es? Das grundlegende Funktionsprinzip ist das Ansaugen von Luft, die durch mehrere Filterstufen (G4\/F8) geleitet wird. Bei gro\u00dfer Hitze k\u00f6nnen die vorhandenen Stegplatten befeuchtet werden, wodurch der Arbeitsbereich mit sauberer Luft gek\u00fchlt wird. Die gereinigte und\/oder gek\u00fchlte Luft wird in den Raum geblasen, um eine optimale Luftqualit\u00e4t und thermischen Komfort zu erreichen. Der k\u00fchlende industrielle Luftreiniger hat einen Luftdurchsatz von 15.000 m3\/h, mit einem verf\u00fcgbaren Druck bei einem &#8230; <\/p>\n<p class=\"read-more-container\"><a title=\"K\u00fchlender Luftreiniger ePUR150 FRESH\" class=\"read-more button\" href=\"https:\/\/obera.fr\/de\/produits\/purificateurs-air\/purificateur-rafraichisseur-epur150-fresh\/#more-31463\" aria-label=\"Mehr Informationen \u00fcber K\u00fchlender Luftreiniger ePUR150 FRESH\">Lire la suite<\/a><\/p>\n","protected":false},"author":4,"featured_media":83739,"parent":32366,"menu_order":0,"comment_status":"closed","ping_status":"closed","template":"","meta":{"_acf_changed":false,"_seopress_robots_primary_cat":"","_seopress_titles_title":"K\u00fchlender Luftreiniger ePUR150 FRESH","_seopress_titles_desc":"Entdecken Sie unser einzigartiges Luftreinigungsger\u00e4t, das auch die M\u00f6glichkeit bietet, Ihren Arbeitsplatz zu k\u00fchlen.","_seopress_robots_index":"Ja","footnotes":""},"class_list":{"0":"post-31463","1":"page","2":"type-page","3":"status-publish","4":"has-post-thumbnail","6":"no-featured-image-padding","7":"resize-featured-image"},"acf":[],"_links":{"self":[{"href":"https:\/\/obera.fr\/de\/wp-json\/wp\/v2\/pages\/31463","targetHints":{"allow":["GET"]}}],"collection":[{"href":"https:\/\/obera.fr\/de\/wp-json\/wp\/v2\/pages"}],"about":[{"href":"https:\/\/obera.fr\/de\/wp-json\/wp\/v2\/types\/page"}],"author":[{"embeddable":true,"href":"https:\/\/obera.fr\/de\/wp-json\/wp\/v2\/users\/4"}],"replies":[{"embeddable":true,"href":"https:\/\/obera.fr\/de\/wp-json\/wp\/v2\/comments?post=31463"}],"version-history":[{"count":12,"href":"https:\/\/obera.fr\/de\/wp-json\/wp\/v2\/pages\/31463\/revisions"}],"predecessor-version":[{"id":140637,"href":"https:\/\/obera.fr\/de\/wp-json\/wp\/v2\/pages\/31463\/revisions\/140637"}],"up":[{"embeddable":true,"href":"https:\/\/obera.fr\/de\/wp-json\/wp\/v2\/pages\/32366"}],"wp:featuredmedia":[{"embeddable":true,"href":"https:\/\/obera.fr\/de\/wp-json\/wp\/v2\/media\/83739"}],"wp:attachment":[{"href":"https:\/\/obera.fr\/de\/wp-json\/wp\/v2\/media?parent=31463"}],"curies":[{"name":"wp","href":"https:\/\/api.w.org\/{rel}","templated":true}]}}