{"id":31749,"date":"2020-08-26T12:43:50","date_gmt":"2020-08-26T10:43:50","guid":{"rendered":"https:\/\/obera.fr\/produkte\/behandlung-von-vocs-und-geruechen\/industrieller-staub-geruchs-und-voc-filter-epur010-b-ca\/"},"modified":"2025-12-30T12:05:09","modified_gmt":"2025-12-30T10:05:09","slug":"filtre-anti-poussiere-epur010-b-ca","status":"publish","type":"page","link":"https:\/\/obera.fr\/de\/produits\/traitement-cov\/filtre-anti-poussiere-epur010-b-ca\/","title":{"rendered":"Industrieller Staub-, Geruchs- und VOC-Filter ePUR010 B CA"},"content":{"rendered":"\n<p>Unser <strong>industrieller Staub- und VOC-Filter ePUR010 B CA<\/strong> ist eine mobile Absaugbox mit Aktivkohle, die einen Luftstrom mit Staub, Feinstaub und gasf\u00f6rmigen Schadstoffen behandeln kann.<\/p>\n\n\n<h2 class=\"wp-block-heading\" id=\"comment-fonctionne-notre-appareil\"><strong>Wie funktioniert unser Ger\u00e4t?<\/strong><\/h2>\n\n<div class=\"wp-block-columns is-layout-flex wp-container-core-columns-is-layout-28f84493 wp-block-columns-is-layout-flex\">\n<div class=\"wp-block-column is-layout-flow wp-block-column-is-layout-flow\" style=\"flex-basis:33.33%\">\n<figure class=\"wp-block-image aligncenter size-full\"><img decoding=\"async\" width=\"1200\" height=\"1200\" src=\"https:\/\/obera.fr\/wp-content\/uploads\/2025\/10\/epur-10-b-ca-2.png\" alt=\"epur 10 b ca\" class=\"wp-image-130793\" srcset=\"https:\/\/obera.fr\/wp-content\/uploads\/2025\/10\/epur-10-b-ca-2.png 1200w, https:\/\/obera.fr\/wp-content\/uploads\/2025\/10\/epur-10-b-ca-2-300x300.png 300w\" sizes=\"(max-width: 1200px) 100vw, 1200px\" \/><figcaption class=\"wp-element-caption\">ePUR010 B CA<\/figcaption><\/figure>\n<\/div>\n\n\n\n<div class=\"wp-block-column is-layout-flow wp-block-column-is-layout-flow\" style=\"flex-basis:66.66%\">\n<p>Die Funktionsweise dieses Industriefilters ist einfach: Die verunreinigte Luft wird an der Quelle \u00fcber <strong>einen Schlauch, einen Kanal, einen Absaugarm oder eine Ablufthaube<\/strong> erfasst. Das System ist mit 2 oder 3 Filterstufen ausgestattet. Partikel und Staub werden von den ersten beiden konfigurierbaren Filterstufen (Vorfilter, konfigurierbar von G3 bis F7) und einem Hauptfilter (konfigurierbar von F8 bis zur absoluten HEPA-Filterung H14) zur\u00fcckgehalten.  <\/p>\n\n\n\n<p>Die <strong>\n  <a href=\"https:\/\/obera.fr\/de\/produits\/traitement-cov\/\" data-type=\"URL\" data-id=\"https:\/\/obera.fr\/produits\/traitement-cov\/\">gasf\u00f6rmige Schadstoffe, Ger\u00fcche und fl\u00fcchtige organische Verbindungen (VOCs).<\/a>\n<\/strong> werden durch einen Aktivkohle-Endfilter behandelt. Die gereinigte Luft wird dann an der Unterseite des Ger\u00e4ts in den Arbeitsbereich abgegeben. Die Verschmutzung der ersten beiden Filterstufen (Vorfilter und Hauptfilter) wird mit Hilfe einer Druckverlustmessung \u00fcberwacht.<\/p>\n\n\n\n<p>Wenn der Verschmutzungsgrad den eingestellten Schwellenwert (Druckverlust) \u00fcberschreitet, leuchtet eine rote Alarmleuchte auf, um anzuzeigen, dass die Filtermedien ausgetauscht werden m\u00fcssen. Dieses industrielle Filtersystem ist mit einem <strong>elektronisch gesteuerten Hochleistungsventilator<\/strong> ausgestattet, der den Luftstrom von 0 bis 100% regulieren kann.<\/p>\n\n\n\n<hr class=\"wp-block-separator has-css-opacity is-style-dots\"\/>\n\n\n\n<div class=\"wp-block-columns is-layout-flex wp-container-core-columns-is-layout-28f84493 wp-block-columns-is-layout-flex\">\n<div class=\"wp-block-column is-layout-flow wp-block-column-is-layout-flow\" style=\"flex-basis:33.33%\">\n<div class=\"wp-block-buttons is-layout-flex wp-block-buttons-is-layout-flex\">\n<div class=\"wp-block-button\"><a class=\"wp-block-button__link wp-element-button\" href=\"https:\/\/obera.fr\/wp-content\/uploads\/2025\/04\/brochure-epur-10-bca.pdf\">BROSCH\u00dcRE HERUNTERLADEN<\/a><\/div>\n<\/div>\n<\/div>\n\n\n\n<div class=\"wp-block-column is-layout-flow wp-block-column-is-layout-flow\" style=\"flex-basis:33.34%\">\n<div class=\"wp-block-buttons is-horizontal is-content-justification-center is-layout-flex wp-container-core-buttons-is-layout-03627597 wp-block-buttons-is-layout-flex\">\n<div class=\"wp-block-button\"><a class=\"wp-block-button__link wp-element-button\" href=\"https:\/\/obera.fr\/de\/contact\/\">Weitere Informationen<\/a><\/div>\n<\/div>\n<\/div>\n\n\n\n<div class=\"wp-block-column is-layout-flow wp-block-column-is-layout-flow\" style=\"flex-basis:33.34%\">\n<div class=\"wp-block-buttons is-content-justification-center is-layout-flex wp-container-core-buttons-is-layout-a89b3969 wp-block-buttons-is-layout-flex\">\n<div class=\"wp-block-button btn-devis-source\"><a class=\"wp-block-button__link wp-element-button\" href=\"https:\/\/obera.fr\/de\/angebotsanfrage\/\">Angebotsanfrage<\/a><\/div>\n<\/div>\n\n\n<script>\r\ndocument.addEventListener('DOMContentLoaded', function() {\r\n    \/\/ 1. On cherche le titre H1 de la page\r\n    var h1 = document.querySelector('h1');\r\n    var productTitle = h1 ? h1.innerText.trim() : \"\";\r\n\r\n    \/\/ 2. On cherche les boutons via la classe CSS .btn-devis-source\r\n    var buttons = document.querySelectorAll('.btn-devis-source a');\r\n\r\n    \/\/ 3. Si on a le titre et les boutons, on ajoute le param\u00e8tre\r\n    if (buttons.length > 0 && productTitle !== \"\") {\r\n        var encodedTitle = encodeURIComponent(productTitle);\r\n\r\n        buttons.forEach(function(btn) {\r\n            var currentHref = btn.getAttribute('href');\r\n            \r\n            \/\/ S\u00e9curit\u00e9 pour ne pas ajouter le param\u00e8tre 2 fois\r\n            if (currentHref.indexOf('sujet=') === -1) {\r\n                var separator = currentHref.indexOf('?') !== -1 ? '&' : '?';\r\n                var newLink = currentHref + separator + 'sujet=' + encodedTitle;\r\n                \r\n                btn.setAttribute('href', newLink);\r\n            }\r\n        });\r\n    }\r\n});\r\n<\/script><\/div>\n<\/div>\n<\/div>\n<\/div>\n\n<h2 class=\"wp-block-heading\" id=\"quels-polluants-traiter-avec-notre-filtre-industriel-anti-poussiere-odeurs-et-cov\">Welche Schadstoffe k\u00f6nnen mit unserem Industriefilter gegen Staub, Ger\u00fcche und VOCs behandelt werden?<\/h2>\n\n<p>Der ePUR010 B CA wurde speziell f\u00fcr die <strong>kombinierte Behandlung von Staub, Ger\u00fcchen, Rauch, VOCs und anderen gasf\u00f6rmigen Schadstoffen<\/strong> entwickelt.<\/p>\n\n<blockquote class=\"wp-block-quote is-layout-flow wp-block-quote-is-layout-flow\">\n<p>Lesen Sie auch: <a href=\"https:\/\/obera.fr\/de\/ratschlage\/traitement-odeurs-industrielles\/\" data-type=\"post\" data-id=\"8636\">Wie behandelt man Industrieger\u00fcche und VOCs<\/a>?<\/p>\n<\/blockquote>\n\n<h2 class=\"wp-block-heading\" id=\"pour-quelles-utilisations-est-prevu-notre-appareil-de-filtration-anti-poussiere-odeurs-et-cov\">F\u00fcr welche Zwecke ist unser Staub-, Geruchs- und VOC-Filterger\u00e4t vorgesehen?<\/h2>\n\n<p>Es eignet sich perfekt f\u00fcr <strong>alle Arten von Industrien<\/strong> und hat sich bereits in der <strong>Elektronikindustrie<\/strong>, der <strong>Lederindustrie<\/strong>, der <strong>Luxus-<\/strong> und Bekleidungsindustrie, der <strong>Kosmetikindustrie<\/strong>, der <strong>Schmuckindustrie<\/strong> und dem <strong>Juwelierbereich<\/strong>, in <strong>Laboratorien<\/strong>, im <strong>Bildungsbereich<\/strong>, im <strong>Museumsbereich<\/strong> und in <strong>Kunstrestaurierungswerkst\u00e4tten<\/strong> sowie in Industrien f\u00fcr Prozesse wie:<\/p>\n\n<ul class=\"wp-block-list\">\n<li>Laserrauch<\/li>\n\n\n\n<li>Verkleben<\/li>\n\n\n\n<li>Vernissage<\/li>\n\n\n\n<li>Reinigung mit L\u00f6sungsmitteln<\/li>\n\n\n\n<li>Beizen<\/li>\n\n\n\n<li>Polieren<\/li>\n\n\n\n<li>Entgraten, etc.<\/li>\n<\/ul>\n\n<div class=\"wp-block-columns is-layout-flex wp-container-core-columns-is-layout-28f84493 wp-block-columns-is-layout-flex\">\n<div class=\"wp-block-column is-layout-flow wp-block-column-is-layout-flow\">\n<h3 class=\"wp-block-heading has-text-align-center\" id=\"polluants\">Schadstoffe<\/h3>\n\n\n\n<hr class=\"wp-block-separator has-css-opacity is-style-wide\"\/>\n\n\n\n<div class=\"wp-block-columns is-layout-flex wp-container-core-columns-is-layout-28f84493 wp-block-columns-is-layout-flex\">\n<div class=\"wp-block-column is-layout-flow wp-block-column-is-layout-flow\">\n<figure class=\"wp-block-image aligncenter size-large\"><img decoding=\"async\" width=\"70\" height=\"70\" src=\"https:\/\/obera.fr\/wp-content\/uploads\/2020\/08\/polluants-poussieres.jpg\" alt=\"Schadstoffe Staub\" class=\"wp-image-675\"\/><figcaption class=\"wp-element-caption\">Chemischer Staub<\/figcaption><\/figure>\n\n\n\n<figure class=\"wp-block-image aligncenter size-large\"><img decoding=\"async\" width=\"70\" height=\"70\" src=\"https:\/\/obera.fr\/wp-content\/uploads\/2020\/08\/industrie-fumees.jpg\" alt=\"Industrie Rauch\" class=\"wp-image-722\"\/><figcaption class=\"wp-element-caption\">Rauch<\/figcaption><\/figure>\n<\/div>\n\n\n\n<div class=\"wp-block-column is-layout-flow wp-block-column-is-layout-flow\">\n<figure class=\"wp-block-image aligncenter size-large\"><img decoding=\"async\" width=\"70\" height=\"70\" src=\"https:\/\/obera.fr\/wp-content\/uploads\/2020\/10\/industrie-aerosols.jpg\" alt=\"Industrie Aerosole\" class=\"wp-image-1201\"\/><figcaption class=\"wp-element-caption\">VOC<\/figcaption><\/figure>\n\n\n\n<figure class=\"wp-block-image aligncenter size-large\"><img decoding=\"async\" width=\"70\" height=\"70\" src=\"https:\/\/obera.fr\/wp-content\/uploads\/2020\/08\/industrie-odeur.jpg\" alt=\"Industrie Geruch\" class=\"wp-image-723\"\/><figcaption class=\"wp-element-caption\">Ger\u00fcche<\/figcaption><\/figure>\n<\/div>\n<\/div>\n<\/div>\n\n\n\n<div class=\"wp-block-column is-layout-flow wp-block-column-is-layout-flow\">\n<h3 class=\"wp-block-heading has-text-align-center\" id=\"industries\">Branchen<\/h3>\n\n\n\n<hr class=\"wp-block-separator has-css-opacity is-style-wide\"\/>\n\n\n\n<div class=\"wp-block-columns is-layout-flex wp-container-core-columns-is-layout-28f84493 wp-block-columns-is-layout-flex\">\n<div class=\"wp-block-column is-layout-flow wp-block-column-is-layout-flow\">\n<figure class=\"wp-block-image aligncenter size-large\"><img decoding=\"async\" width=\"70\" height=\"70\" src=\"https:\/\/obera.fr\/wp-content\/uploads\/2020\/08\/industrie-metallurgie.jpg\" alt=\"Metallindustrie\" class=\"wp-image-673\"\/><figcaption class=\"wp-element-caption\">Metallurgie<\/figcaption><\/figure>\n\n\n\n<figure class=\"wp-block-image aligncenter size-large\"><img decoding=\"async\" width=\"70\" height=\"70\" src=\"https:\/\/obera.fr\/wp-content\/uploads\/2020\/08\/industrie-bois.jpg\" alt=\"Holzindustrie\" class=\"wp-image-672\"\/><figcaption class=\"wp-element-caption\">Holzbearbeitung<\/figcaption><\/figure>\n<\/div>\n\n\n\n<div class=\"wp-block-column is-layout-flow wp-block-column-is-layout-flow\">\n<figure class=\"wp-block-image aligncenter size-large\"><img decoding=\"async\" width=\"70\" height=\"70\" src=\"https:\/\/obera.fr\/wp-content\/uploads\/2020\/08\/industrie-chimie.jpg\" alt=\"Chemische Industrie\" class=\"wp-image-725\"\/><figcaption class=\"wp-element-caption\">Chemie\/Petrochemie<\/figcaption><\/figure>\n<\/div>\n<\/div>\n<\/div>\n<\/div>\n\n<h2 class=\"wp-block-heading\" id=\"quelles-sont-les-caracteristiques-de-notre-filtre-anti-poussiere-odeurs-et-cov-industriel\">Was sind die Eigenschaften unseres industriellen Staub-, Geruchs- und VOC-Filters?<\/h2>\n\n<p>Unser <strong>industrieller Staub-, Geruchs- und VOC-Filter<\/strong> ist so konzipiert, dass er eine gute Saugleistung bietet, so dass er ohne Arm bis zu 1000 m3\/h und mit einem Arm bis zu 150 m3\/h bew\u00e4ltigen kann. Der Ger\u00e4uschpegel im Betrieb ist besonders niedrig (63 dB).<\/p>\n\n<p>Er besteht aus einer Vorfilterstufe und zwei Filterstufen (1 Hauptfilter f\u00fcr Staub + 1 Hauptfilter f\u00fcr Aktivkohle). Partikelfiltermedien sind S\u00e4ttigungsfilter, daher sollten sie ausgetauscht werden, wenn sie ges\u00e4ttigt sind. Wenn die Staubmenge zu gro\u00df ist, kann diese Art von Filtermedien ungeeignet sein, so dass Sie ein Modell mit einem Abreinigungssystem und regenerierbaren Filtermedien w\u00e4hlen sollten.<\/p>\n\n<p>Die m\u00f6glichen Filterkonfigurationen auf diesem Ger\u00e4t sind wie folgt:<\/p>\n\n<div class=\"wp-block-columns is-layout-flex wp-container-core-columns-is-layout-28f84493 wp-block-columns-is-layout-flex\">\n<div class=\"wp-block-column is-layout-flow wp-block-column-is-layout-flow\">\n<h3 class=\"wp-block-heading\" id=\"prefiltration\">Vorfiltration<\/h3>\n\n\n\n<ul class=\"wp-block-list\">\n<li><strong>Luftfilter ISO Coarse 50%<\/strong> (Effizienz alte Filterklasse G3) Waschbares Metallgeflecht aus Aluminium oder Stahl, besonders geeignet f\u00fcr \u00d6le, Fette und klebrigen Staub oder zur Funkenabscheidung.<\/li>\n\n\n\n<li><strong>Luftfilter ISO Coarse 90% bis ISO PM10 85%<\/strong> (Effizienz ehemals Filterklasse G4, M5 und F7) Filter und Rahmen aus Polyesterfasern. Diese Luftfilter trennen Staub, feine und grobe Partikel ab und sch\u00fctzen so die Filter in den folgenden Etagen.<\/li>\n<\/ul>\n<\/div>\n\n\n\n<div class=\"wp-block-column is-layout-flow wp-block-column-is-layout-flow\">\n<h3 class=\"wp-block-heading\" id=\"filtre-principal-1\">Hauptfilter 1<\/h3>\n\n\n\n<ul class=\"wp-block-list\">\n<li><strong>Luftfilter ISO PM1 65% bis ISO PM1 85%<\/strong> (alte Filterklasse F8 und F9) Filter aus 100% Polyester, vollst\u00e4ndig recycelbar, erm\u00f6glicht eine effiziente Filtration ohne m\u00f6gliche Freisetzung von Glasfasern.<\/li>\n\n\n\n<li><strong>Hochwirksamer Luftfilter<\/strong> (absolute HEPA-Filtereffizienz E11 bis H14) f\u00fcr eine effektive Filtration von ultrafeinen Partikeln und m\u00f6glicherweise CMR-Staub. Die E11-Filter haben einen sehr geringen Druckverlust und bestehen zu 100% aus Polyester, um eine gesunde Luft ohne die Freisetzung von Glasfaserpartikeln zu gew\u00e4hrleisten. \u00dcber E11 sind die absoluten Filter aus Glasfasern.<\/li>\n<\/ul>\n\n\n\n<h3 class=\"wp-block-heading\" id=\"filtre-principal-2\">Hauptfilter 2<\/h3>\n\n\n\n<ul class=\"wp-block-list\">\n<li>Es steht eine <strong>breite Palette an hochwirksamen Adsorbentien<\/strong> zur Verf\u00fcgung, um eine Vielzahl von VOCs, Ger\u00fcchen und anderen gasf\u00f6rmigen Schadstoffen zu behandeln. Sie k\u00f6nnen von einer Aktivkohlef\u00fcllung von 6,5 kg bis 15 kg profitieren. Die Patronen sind wiederverwendbar und recycelbar.<\/li>\n<\/ul>\n<\/div>\n<\/div>\n\n<p>Die Vorfilterstufe trennt grobe Partikel ab und sch\u00fctzt so den Aktivkohle-Hauptfilter. W\u00e4hlen Sie die Art der Aktivkohle je nach den zu behandelnden Schadstoffen selbst aus, um eine optimale Wirkung zu erzielen. Das Ger\u00e4t ist auf Rollen montiert und wiegt nur 20 kg, was eine gute Man\u00f6vrierf\u00e4higkeit gew\u00e4hrleistet.<\/p>\n\n<p>Der ePUR 10 B CA Staub-, Geruchs- und VOC-Filter ist ein <strong>leichtes<\/strong> (vollst\u00e4ndig aus Aluminium), mobiles (auf Rollen) <strong>Industriesystem<\/strong>, das leicht in der N\u00e4he der Produktionsanlagen positioniert werden kann, um die Schadstoffe an der Quelle zu erfassen und so die Luft in der N\u00e4he des Bedieners zu reinigen.<\/p>\n\n<figure class=\"wp-block-table\"><table class=\"has-fixed-layout\"><thead><tr><th>Ger\u00e4t<\/th><th><\/th><th>ePUR010B CA<br\/>Mit Arm<\/th><th>ePUR010B CA<br\/>Ohne Arm<\/th><\/tr><\/thead><tbody><tr><td>Durchflussmenge<\/td><td>m3\/h<\/td><td>150<\/td><td>1 000<\/td><\/tr><tr><td>Intensit\u00e4t<\/td><td>A<\/td><td>0.7<\/td><td>0.7<\/td><\/tr><tr><td>Versorgungsspannung<\/td><td>V<\/td><td>230<\/td><td>230<\/td><\/tr><tr><td>Leistung<\/td><td>kW<\/td><td>0.08<\/td><td>0.08<\/td><\/tr><tr><td>Abmessungen<\/td><td>l\/L\/h (mm)<\/td><td>660 x 370 x 780<\/td><td>660 x 370 x 780<\/td><\/tr><tr><td>Ladung Aktivkohle<\/td><td>kg<\/td><td>7.5<\/td><td>7.5<\/td><\/tr><tr><td>Ger\u00e4uschpegel<\/td><td>dB(A)<\/td><td>63<\/td><td>63<\/td><\/tr><\/tbody><\/table><\/figure>\n\n<div class=\"wp-block-buttons is-horizontal is-content-justification-center is-layout-flex wp-container-core-buttons-is-layout-03627597 wp-block-buttons-is-layout-flex\">\n<div class=\"wp-block-button\"><a class=\"wp-block-button__link wp-element-button\" href=\"https:\/\/obera.fr\/wp-content\/uploads\/2024\/02\/brochure-epur-10-bca.pdf\">Produktdatenblatt herunterladen<\/a><\/div>\n<\/div>\n\n<h2 class=\"wp-block-heading\" id=\"quels-sont-les-avantages-de-notre-filtre-anti-poussiere-odeurs-et-cov-industriel\">Was sind die Vorteile unseres industriellen Staub-, Geruchs- und VOC-Filters?<\/h2>\n\n<p>Diese Filtersysteme erm\u00f6glichen eine deutliche Verbesserung der Luftqualit\u00e4t an Arbeitspl\u00e4tzen und damit eine Reduzierung des Expositionsrisikos f\u00fcr Arbeitnehmer. Ein weiterer Vorteil ist der <strong>Schutz von Produktionsmaschinen<\/strong>, der zu <strong>weniger Ausf\u00e4llen<\/strong> und damit zu einer l\u00e4ngeren Lebensdauer f\u00fchrt.  <\/p>\n\n<blockquote class=\"wp-block-quote is-layout-flow wp-block-quote-is-layout-flow\">\n<p>Diese Luftbehandlungssysteme sind <strong>besonders leise<\/strong>, so dass sie direkt im Arbeitsbereich aufgestellt werden k\u00f6nnen.  <\/p>\n<\/blockquote>\n\n<p>Der Vorfilter sch\u00fctzt den Aktivkohle-Hauptfilter vor groben Partikeln und sorgt so f\u00fcr eine lange Lebensdauer. Der Filterwechsel erfolgt sehr schnell und einfach mit einem einzigen Sechskantschl\u00fcssel. Mit seinen R\u00e4dern und einem Gewicht von 20 kg ist er sehr wendig. Unsere Ger\u00e4te erm\u00f6glichen es Ihnen, den Arbeitsplatzgrenzwert<a href=\"https:\/\/obera.fr\/de\/ratschlage\/reglementation-vlep-evaluation-risque-chimique-lieu-de-travail\/\" data-type=\"post\" data-id=\"6575\">(<\/a>AGW) einzuhalten und <a href=\"https:\/\/obera.fr\/de\/ratschlage\/qualite-l-air-interieur-critere-essentiel-industrie\/\" data-type=\"post\" data-id=\"5884\">die Luftqualit\u00e4t zu verbessern<\/a>.<\/p>\n\n<div class=\"wp-block-columns is-layout-flex wp-container-core-columns-is-layout-28f84493 wp-block-columns-is-layout-flex\">\n<div class=\"wp-block-column is-layout-flow wp-block-column-is-layout-flow\">\n<h3 class=\"wp-block-heading has-text-align-center\" id=\"avantages\">Vorteile<\/h3>\n\n\n\n<ul class=\"wp-block-list\">\n<li>Plug &amp; Play: Sie stecken es ein und es funktioniert sofort<\/li>\n\n\n\n<li>Leistungsstark und ger\u00e4uscharm<\/li>\n\n\n\n<li>Keine Montage und keine Absaugkan\u00e4le<\/li>\n\n\n\n<li>Dank seiner Rollen leicht zu bewegen<\/li>\n\n\n\n<li>Sehr geringer Verbrauch (sie verbrauchen weniger als ein Haushaltsstaubsauger)<\/li>\n<\/ul>\n<\/div>\n\n\n\n<div class=\"wp-block-column is-layout-flow wp-block-column-is-layout-flow\">\n<h3 class=\"wp-block-heading has-text-align-center\" id=\"particularites\">Besonderheiten<\/h3>\n\n\n\n<ul class=\"wp-block-list\">\n<li>Kartuschen mit Aktivkohle, die entsprechend der zu behandelnden Schadstoffe ausgew\u00e4hlt wird.<\/li>\n\n\n\n<li>Wiederverwendbare und recycelbare Patronen<\/li>\n\n\n\n<li>Wechseln Sie die Filtermedien selbst in 5 Minuten und mit nur einem Inbusschl\u00fcssel<\/li>\n\n\n\n<li>Anschluss an eine Standard-220V-Steckdose<\/li>\n<\/ul>\n<\/div>\n\n\n\n<div class=\"wp-block-column is-layout-flow wp-block-column-is-layout-flow\">\n<h3 class=\"wp-block-heading has-text-align-center\" id=\"caracteristiques\">Eigenschaften<\/h3>\n\n\n\n<ul class=\"wp-block-list\">\n<li>Erhebliche Verbesserung der Luftqualit\u00e4t in Produktionshallen als Erg\u00e4nzung zu bestehenden Einrichtungen.<\/li>\n\n\n\n<li>f\u00e4ngt Schadstoffe an der Quelle auf<\/li>\n\n\n\n<li>Kann mit verschiedenen Hauben oder modularen Hauben ausgestattet werden.<\/li>\n<\/ul>\n<\/div>\n<\/div>\n\n<div class=\"wp-block-buttons is-horizontal is-content-justification-center is-layout-flex wp-container-core-buttons-is-layout-03627597 wp-block-buttons-is-layout-flex\">\n<div class=\"wp-block-button\"><a class=\"wp-block-button__link wp-element-button\" href=\"https:\/\/obera.fr\/de\/contact\/\">Weitere Informationen<\/a><\/div>\n<\/div>\n\n<h2 class=\"wp-block-heading\" id=\"les-autres-produits-de-traitement-des-polluants-gazeux-obera\">Weitere oberA-Produkte zur Behandlung gasf\u00f6rmiger Schadstoffe<\/h2>\n\n<div class=\"wp-block-columns is-layout-flex wp-container-core-columns-is-layout-28f84493 wp-block-columns-is-layout-flex\">\n<div class=\"wp-block-column is-layout-flow wp-block-column-is-layout-flow\">\n<figure class=\"wp-block-image aligncenter size-medium is-resized\"><a href=\"https:\/\/obera.fr\/de\/produits\/traitement-cov\/aspiration-mobile-odeurs-epur-box\/\"><img decoding=\"async\" width=\"300\" height=\"300\" src=\"https:\/\/obera.fr\/wp-content\/uploads\/2025\/10\/visuel-epurbox-brs-logo-atex-300x300.png\" alt=\"Bild EpurBox BRS Atex Logo\" class=\"wp-image-130378\" srcset=\"https:\/\/obera.fr\/wp-content\/uploads\/2025\/10\/visuel-epurbox-brs-logo-atex-300x300.png 300w, https:\/\/obera.fr\/wp-content\/uploads\/2025\/10\/visuel-epurbox-brs-logo-atex-1024x1024.png 1024w, https:\/\/obera.fr\/wp-content\/uploads\/2025\/10\/visuel-epurbox-brs-logo-atex-150x150.png 150w, https:\/\/obera.fr\/wp-content\/uploads\/2025\/10\/visuel-epurbox-brs-logo-atex-768x768.png 768w, https:\/\/obera.fr\/wp-content\/uploads\/2025\/10\/visuel-epurbox-brs-logo-atex.png 1200w\" sizes=\"(max-width: 300px) 100vw, 300px\" \/><\/a><figcaption class=\"wp-element-caption\">EPUR-BOX<\/figcaption><\/figure>\n\n\n\n<figure class=\"wp-block-image aligncenter size-full is-resized\"><a href=\"https:\/\/obera.fr\/de\/produits\/purificateurs-air\/professionnel-epur-ca\/\"><img decoding=\"async\" width=\"1200\" height=\"1200\" src=\"https:\/\/obera.fr\/wp-content\/uploads\/2025\/10\/epur-b-ca.png\" alt=\"epur b ca\" class=\"wp-image-130721\" srcset=\"https:\/\/obera.fr\/wp-content\/uploads\/2025\/10\/epur-b-ca.png 1200w, https:\/\/obera.fr\/wp-content\/uploads\/2025\/10\/epur-b-ca-300x300.png 300w, https:\/\/obera.fr\/wp-content\/uploads\/2025\/10\/epur-b-ca-1024x1024.png 1024w, https:\/\/obera.fr\/wp-content\/uploads\/2025\/10\/epur-b-ca-150x150.png 150w, https:\/\/obera.fr\/wp-content\/uploads\/2025\/10\/epur-b-ca-768x768.png 768w\" sizes=\"(max-width: 1200px) 100vw, 1200px\" \/><\/a><figcaption class=\"wp-element-caption\">ePUR CA<\/figcaption><\/figure>\n<\/div>\n\n\n\n<div class=\"wp-block-column is-layout-flow wp-block-column-is-layout-flow\">\n<figure class=\"wp-block-image aligncenter size-full is-resized\"><a href=\"https:\/\/obera.fr\/de\/produits\/depoussiereurs-industriels\/petits\/aspiration-fumees-soudage-laser-epur-b-ex\/\"><img decoding=\"async\" width=\"600\" height=\"600\" src=\"https:\/\/obera.fr\/wp-content\/uploads\/2023\/10\/epurb-ex-1000-3000-5000.png\" alt=\"oberA epur b ex 1000 3000 5000\" class=\"wp-image-25016\" srcset=\"https:\/\/obera.fr\/wp-content\/uploads\/2023\/10\/epurb-ex-1000-3000-5000.png 600w, https:\/\/obera.fr\/wp-content\/uploads\/2023\/10\/epurb-ex-1000-3000-5000-300x300.png 300w, https:\/\/obera.fr\/wp-content\/uploads\/2023\/10\/epurb-ex-1000-3000-5000-150x150.png 150w\" sizes=\"(max-width: 600px) 100vw, 600px\" \/><\/a><figcaption class=\"wp-element-caption\">ePUR B EX<\/figcaption><\/figure>\n<\/div>\n\n\n\n<div class=\"wp-block-column is-layout-flow wp-block-column-is-layout-flow\">\n<figure class=\"wp-block-image aligncenter size-full is-resized\"><a href=\"https:\/\/obera.fr\/de\/produits\/traitement-cov\/filtre-atex-mobile-mobfan-4500\/\"><img decoding=\"async\" width=\"500\" height=\"500\" src=\"https:\/\/obera.fr\/wp-content\/uploads\/2022\/03\/Filtre-mobile-ATEX-MOBFAN4500.png\" alt=\"mobfan4500 mobiler atex-filter\" class=\"wp-image-9464\" srcset=\"https:\/\/obera.fr\/wp-content\/uploads\/2022\/03\/Filtre-mobile-ATEX-MOBFAN4500.png 500w, https:\/\/obera.fr\/wp-content\/uploads\/2022\/03\/Filtre-mobile-ATEX-MOBFAN4500-300x300.png 300w, https:\/\/obera.fr\/wp-content\/uploads\/2022\/03\/Filtre-mobile-ATEX-MOBFAN4500-150x150.png 150w\" sizes=\"(max-width: 500px) 100vw, 500px\" \/><\/a><figcaption class=\"wp-element-caption\">MOBFAN 4500<\/figcaption><\/figure>\n<\/div>\n<\/div>\n\n<p><\/p>\n","protected":false},"excerpt":{"rendered":"<p>Unser industrieller Staub- und VOC-Filter ePUR010 B CA ist eine mobile Absaugbox mit Aktivkohle, die einen Luftstrom mit Staub, Feinstaub und gasf\u00f6rmigen Schadstoffen behandeln kann. Wie funktioniert unser Ger\u00e4t? Die Funktionsweise dieses Industriefilters ist einfach: Die verunreinigte Luft wird an der Quelle \u00fcber einen Schlauch, einen Kanal, einen Absaugarm oder eine Ablufthaube erfasst. Das System ist mit 2 oder 3 Filterstufen ausgestattet. Partikel und Staub werden von den ersten beiden konfigurierbaren Filterstufen (Vorfilter, konfigurierbar von G3 bis F7) und einem Hauptfilter (konfigurierbar von F8 bis zur absoluten HEPA-Filterung H14) zur\u00fcckgehalten. Die gasf\u00f6rmige Schadstoffe, Ger\u00fcche und fl\u00fcchtige organische Verbindungen (VOCs). werden &#8230; <\/p>\n<p class=\"read-more-container\"><a title=\"Industrieller Staub-, Geruchs- und VOC-Filter ePUR010 B CA\" class=\"read-more button\" href=\"https:\/\/obera.fr\/de\/produits\/traitement-cov\/filtre-anti-poussiere-epur010-b-ca\/#more-31749\" aria-label=\"Mehr Informationen \u00fcber Industrieller Staub-, Geruchs- und VOC-Filter ePUR010 B CA\">Lire la suite<\/a><\/p>\n","protected":false},"author":4,"featured_media":83739,"parent":31740,"menu_order":0,"comment_status":"closed","ping_status":"closed","template":"","meta":{"_acf_changed":false,"_seopress_robots_primary_cat":"","_seopress_titles_title":"Industriefilter ePUR010 B CA Staub-, Geruchs- \/ VOC-Filter","_seopress_titles_desc":"Der Industriefilter ePUR010 B CA ist eine mobile Absaugbox mit Aktivkohle, die Luft behandelt, die mit Staub, Feinstaub und gasf\u00f6rmigen Schadstoffen belastet ist.","_seopress_robots_index":"","footnotes":""},"class_list":{"0":"post-31749","1":"page","2":"type-page","3":"status-publish","4":"has-post-thumbnail","6":"no-featured-image-padding","7":"resize-featured-image"},"acf":[],"_links":{"self":[{"href":"https:\/\/obera.fr\/de\/wp-json\/wp\/v2\/pages\/31749","targetHints":{"allow":["GET"]}}],"collection":[{"href":"https:\/\/obera.fr\/de\/wp-json\/wp\/v2\/pages"}],"about":[{"href":"https:\/\/obera.fr\/de\/wp-json\/wp\/v2\/types\/page"}],"author":[{"embeddable":true,"href":"https:\/\/obera.fr\/de\/wp-json\/wp\/v2\/users\/4"}],"replies":[{"embeddable":true,"href":"https:\/\/obera.fr\/de\/wp-json\/wp\/v2\/comments?post=31749"}],"version-history":[{"count":15,"href":"https:\/\/obera.fr\/de\/wp-json\/wp\/v2\/pages\/31749\/revisions"}],"predecessor-version":[{"id":136810,"href":"https:\/\/obera.fr\/de\/wp-json\/wp\/v2\/pages\/31749\/revisions\/136810"}],"up":[{"embeddable":true,"href":"https:\/\/obera.fr\/de\/wp-json\/wp\/v2\/pages\/31740"}],"wp:featuredmedia":[{"embeddable":true,"href":"https:\/\/obera.fr\/de\/wp-json\/wp\/v2\/media\/83739"}],"wp:attachment":[{"href":"https:\/\/obera.fr\/de\/wp-json\/wp\/v2\/media?parent=31749"}],"curies":[{"name":"wp","href":"https:\/\/api.w.org\/{rel}","templated":true}]}}