{"id":31764,"date":"2020-08-26T12:34:42","date_gmt":"2020-08-26T10:34:42","guid":{"rendered":"https:\/\/obera.fr\/stationaere-staubabscheider\/"},"modified":"2026-02-06T13:14:29","modified_gmt":"2026-02-06T11:14:29","slug":"fest","status":"publish","type":"page","link":"https:\/\/obera.fr\/de\/produits\/depoussiereurs-industriels\/fest\/","title":{"rendered":"Station\u00e4re Staubabscheider"},"content":{"rendered":"\n<p>Unsere <strong>station\u00e4ren Ent<\/strong> stauber sind eine Reihe von leistungsstarken Anlagen zur <strong>Entstaubung Ihrer Werkst\u00e4tten und Lagerhallen<\/strong> sowie von festen Arbeitspl\u00e4tzen, direkt \u00fcber einen Absaugarm oder eine Absaughaube. Unsere Ger\u00e4te sind in der Lage, <strong>Feinstaub und Sp\u00e4ne<\/strong>, aber auch <strong>\u00d6lnebel<\/strong>, <strong>Rauch<\/strong> und <strong>Ger\u00fcche<\/strong> in den verschiedenen Industriezweigen wie Metall, Kunststoff, Holz, Mineralien, Textilien, Chemie oder Papier\/Pappe zu behandeln. <\/p>\n\n<blockquote class=\"wp-block-quote is-layout-flow wp-block-quote-is-layout-flow\">\n<p>Staub und andere Schadstoffe m\u00fcssen behandelt werden, da <strong>sie eine Gefahr f\u00fcr den menschlichen K\u00f6rper darstellen<\/strong>.<\/p>\n<\/blockquote>\n\n<p>Das Einatmen verschmutzter Luft kann zu Krankheiten f\u00fchren, insbesondere wenn es sich um <strong>krebserregende<\/strong>, <strong>mutagene<\/strong> und <strong>reprotoxische<\/strong> <strong>Schadstoffe<\/strong> handelt. Die Behandlung verschmutzter Luft ist wichtig f\u00fcr den Schutz der Arbeiter und der Produktionsteams, f\u00fcr die Qualit\u00e4t der hergestellten Produkte und nat\u00fcrlich f\u00fcr die Einhaltung der Gesetze. <\/p>\n\n\n<h2 class=\"wp-block-heading\">Unser Angebot an kompakten, zentralen Trocken-, Nass- oder Patronenentstaubungsanlagen.<\/h2>\n\n<div class=\"wp-block-group is-layout-flow wp-block-group-is-layout-flow\">\n<div class=\"wp-block-columns is-layout-flex wp-container-core-columns-is-layout-28f84493 wp-block-columns-is-layout-flex\">\n<div class=\"wp-block-column is-vertically-aligned-top is-layout-flow wp-block-column-is-layout-flow\">\n<h3 class=\"wp-block-heading has-text-align-center\"><strong><a href=\"https:\/\/obera.fr\/de\/produits\/depoussiereurs-industriels\/fest\/aspiration-centralisee-industrielle-dustmac\/\" data-type=\"URL\" data-id=\"https:\/\/obera.fr\/produits\/depoussiereurs-industriels\/fixes\/aspiration-centralisee-industrielle-dustmac\/\">DUSTMAC Serie<\/a><\/strong><\/h3>\n\n\n\n<figure class=\"wp-block-image aligncenter size-medium\"><a href=\"https:\/\/obera.fr\/de\/produits\/depoussiereurs-industriels\/fest\/aspiration-centralisee-industrielle-dustmac\/\"><img decoding=\"async\" width=\"300\" height=\"300\" src=\"https:\/\/obera.fr\/wp-content\/uploads\/2020\/08\/depoussiereur-centralise-filtres-a-manches-DUSTMAC-S-300x300.png\" alt=\"System - Produktdesign\" class=\"wp-image-637\" srcset=\"https:\/\/obera.fr\/wp-content\/uploads\/2020\/08\/depoussiereur-centralise-filtres-a-manches-DUSTMAC-S-300x300.png 300w, https:\/\/obera.fr\/wp-content\/uploads\/2020\/08\/depoussiereur-centralise-filtres-a-manches-DUSTMAC-S-150x150.png 150w, https:\/\/obera.fr\/wp-content\/uploads\/2020\/08\/depoussiereur-centralise-filtres-a-manches-DUSTMAC-S.png 600w\" sizes=\"(max-width: 300px) 100vw, 300px\" \/><\/a><\/figure>\n\n\n\n<p>Die <strong>DUSTMAC-Serie<\/strong> ist ein <a href=\"https:\/\/obera.fr\/de\/produits\/depoussiereurs-industriels\/fest\/aspiration-centralisee-industrielle-dustmac\/\" data-type=\"page\" data-id=\"467\">zentraler Staubabscheider<\/a>, der aufgrund seines modularen Aufbaus f\u00fcr eine Vielzahl von Anwendungen eingesetzt werden kann. <strong>Die Konfigurationsm\u00f6glichkeiten sind nahezu unbegrenzt<\/strong>, so dass Sie das Ger\u00e4t vollst\u00e4ndig an Ihre Problematik anpassen k\u00f6nnen, um eine optimale Effizienz zu erzielen. Die Reinigung der Patronen erfolgt automatisch durch Druckluft (Jet-Pulse).  <\/p>\n\n\n\n<p>Dieses Ger\u00e4t ist in drei Produktreihen erh\u00e4ltlich: DUSTMAC P, DUSTMAC S und DUSTMAC F. Die Produktreihe DUSTMAC F ist in drei Produktreihen erh\u00e4ltlich: DUSTMAC P, DUSTMAC S und DUSTMAC F.<\/p>\n\n\n\n<p><strong>Alle DUSTMACs <\/strong>sind in verschiedenen Filterklassen M oder H f\u00fcr<strong> CMR-Verbindungen <\/strong>und in einer <strong>ATEX-Staubversion<\/strong> erh\u00e4ltlich.<\/p>\n<\/div>\n\n\n\n<div class=\"wp-block-column is-vertically-aligned-top is-layout-flow wp-block-column-is-layout-flow\">\n<h3 class=\"wp-block-heading has-text-align-center\"><strong><a href=\"https:\/\/obera.fr\/de\/produits\/depoussiereurs-industriels\/fest\/depoussiereur-a-voie-humide-dustomat-hydro\/\" data-type=\"page\" data-id=\"15983\">DUSTOMAT HYDRO<\/a><\/strong><\/h3>\n\n\n\n<figure class=\"wp-block-image aligncenter size-medium\"><a href=\"https:\/\/obera.fr\/de\/produits\/depoussiereurs-industriels\/fest\/depoussiereur-a-voie-humide-dustomat-hydro\/\"><img decoding=\"async\" width=\"300\" height=\"300\" src=\"https:\/\/obera.fr\/wp-content\/uploads\/2022\/11\/dustomat-hydro-1-300x300.png\" alt=\"dustomat hydro 1\" class=\"wp-image-15989\" srcset=\"https:\/\/obera.fr\/wp-content\/uploads\/2022\/11\/dustomat-hydro-1-300x300.png 300w, https:\/\/obera.fr\/wp-content\/uploads\/2022\/11\/dustomat-hydro-1-150x150.png 150w, https:\/\/obera.fr\/wp-content\/uploads\/2022\/11\/dustomat-hydro-1.png 600w\" sizes=\"(max-width: 300px) 100vw, 300px\" \/><\/a><\/figure>\n\n\n\n<p><strong>DUSTOMAT HYDRO<\/strong> ist eine neue Serie von leistungsstarken <a href=\"https:\/\/obera.fr\/de\/produits\/depoussiereurs-industriels\/fest\/depoussiereur-a-voie-humide-dustomat-hydro\/\" data-type=\"page\" data-id=\"15983\">Nassabscheidern<\/a>, die speziell f\u00fcr die Absaugung von einer oder mehreren Stationen entwickelt wurden. Sie eignen sich u.a. f\u00fcr Metallstaub, Funkenflug und leicht entflammbaren Staub, z.B. beim Schleifen, B\u00fcrsten, Polieren oder Schwei\u00dfen.<\/p>\n\n\n\n<p>Die innovative Wasserabscheider-Technologie erm\u00f6glicht eine sichere Absaugung von Staub und Funken.  <\/p>\n\n\n\n<p>Die Separatoren arbeiten <strong>ger\u00e4uschlos <\/strong>und sind in zwei Leistungsstufen sowie als <strong>ATEX-Version<\/strong> erh\u00e4ltlich. Dank ihrer Technologie arbeiten die neuen Separatoren mit voller Leistung bei geringem Energieverbrauch. <\/p>\n<\/div>\n<\/div>\n<\/div>\n\n<div class=\"wp-block-group is-layout-flow wp-block-group-is-layout-flow\">\n<div class=\"wp-block-columns is-layout-flex wp-container-core-columns-is-layout-28f84493 wp-block-columns-is-layout-flex\">\n<div class=\"wp-block-column is-layout-flow wp-block-column-is-layout-flow\">\n<h3 class=\"wp-block-heading has-text-align-center\"><a href=\"https:\/\/obera.fr\/de\/produits\/depoussiereurs-industriels\/fest\/depoussiereur-a-sec-estmac\/\" data-type=\"URL\" data-id=\"https:\/\/obera.fr\/produits\/depoussiereurs-industriels\/fixes\/depoussiereur-a-sec-estmac\/\">MAGEN<\/a><\/h3>\n\n\n\n<figure class=\"wp-block-image aligncenter size-medium\"><a href=\"https:\/\/obera.fr\/de\/produits\/depoussiereurs-industriels\/fest\/depoussiereur-a-sec-estmac\/\"><img decoding=\"async\" width=\"300\" height=\"264\" src=\"https:\/\/obera.fr\/wp-content\/uploads\/2021\/02\/Depoussiereur-fixe-ESTMAC-300x264.png\" alt=\"Estmac Fester Staubsammler\" class=\"wp-image-4475\" srcset=\"https:\/\/obera.fr\/wp-content\/uploads\/2021\/02\/Depoussiereur-fixe-ESTMAC-300x264.png 300w, https:\/\/obera.fr\/wp-content\/uploads\/2021\/02\/Depoussiereur-fixe-ESTMAC.png 480w\" sizes=\"(max-width: 300px) 100vw, 300px\" \/><\/a><\/figure>\n\n\n\n<p><strong>ESTMAC <\/strong>ist ein station\u00e4rer, aber <strong>kompakter<\/strong> <a href=\"https:\/\/obera.fr\/de\/produits\/depoussiereurs-industriels\/fest\/depoussiereur-a-sec-estmac\/\">Trockenstaubsauger<\/a>, der relativ <strong>einfach zu transportieren<\/strong> ist. Dieser Staubabscheider ist daher f\u00fcr eine Vielzahl von Anwendungen geeignet.  <\/p>\n\n\n\n<p>Dieses Ger\u00e4t ist ideal zum Aufsaugen von <strong>Staub und Sp\u00e4nen<\/strong> aus Metall, Kunststoff, aber auch von mineralischen St\u00e4uben und Verbundwerkstoffen.  <\/p>\n\n\n\n<p>ESTMAC gibt es in 2 St\u00e4rken:  <\/p>\n\n\n\n<p><strong>ESTMAC 1500<\/strong> mit einem Luftdurchsatz von 1500 m3\/h bei einem Unterdruck von 2040 Pa und<strong> ESTMAC 1800<\/strong> mit einem Luftdurchsatz von 1800 m3\/h bei einem Unterdruck von 2650 Pa.<\/p>\n\n\n\n<div style=\"height:25px\" aria-hidden=\"true\" class=\"wp-block-spacer\"><\/div>\n\n\n\n<div class=\"wp-block-columns is-layout-flex wp-container-core-columns-is-layout-28f84493 wp-block-columns-is-layout-flex\">\n<div class=\"wp-block-column is-layout-flow wp-block-column-is-layout-flow\" style=\"flex-basis:60%\">\n<h3 class=\"wp-block-heading\">Mieten Sie Ihre gebrauchsfertigen station\u00e4ren Entstauber<\/h3>\n\n\n\n<p>Werden Sie aktiv ohne CAPEX mit der<strong> Miete von station\u00e4ren OberA-Entstaubern<\/strong>. Unsere zentralen Anlagen verarbeiten Sp\u00e4ne, Feinst\u00e4ube, \u00d6lnebel, D\u00e4mpfe und Ger\u00fcche direkt an der Quelle (Absaugarme\/Absaughauben) oder \u00fcber ein Kanalnetz. Je nach Ihrem Risiko konfigurieren wir die passende Technologie: DUSTMAC (Trockenverfahren mit Patronen\/Schl\u00e4uchen, Jet-Pulse), DUSTOMAT HYDRO (Nassverfahren f\u00fcr Funken und brennbare St\u00e4ube) oder ESTMAC. ATEX-Optionen, Filterklassen M\/H und ma\u00dfgeschneiderte L\u00f6sungen f\u00fcr Metall, Holz, Chemie, Textil, Papier\/Karton usw. sind verf\u00fcgbar.   <\/p>\n\n\n\n<p><\/p>\n\n\n\n<p>Was den Service betrifft, so ist<strong> alles schl\u00fcsselfertig<\/strong>: Audit und Dimensionierung (Volumenstr\u00f6me, Transportgeschwindigkeiten, Erfassungspunkte), Inbetriebnahme, inklusive Wartung und Filter\u00fcberwachung. Entwickelt sich Ihre Produktion weiter? Wir passen die Anlage an (Kapazit\u00e4tserh\u00f6hung\/-reduzierung, Hinzuf\u00fcgen von Erfassungspunkten). Und wenn Sie die Ausr\u00fcstung dauerhaft nutzen m\u00f6chten,<strong> Kaufoption mit Mietanrechnung.<\/strong>   <\/p>\n\n\n\n<p><\/p>\n\n\n\n<div class=\"wp-block-buttons is-content-justification-center is-layout-flex wp-container-core-buttons-is-layout-a89b3969 wp-block-buttons-is-layout-flex\">\n<div class=\"wp-block-button\"><a class=\"wp-block-button__link wp-element-button\" href=\"https:\/\/obera.fr\/de\/location-sans-engagement\/\">Mietangebot anfordern<\/a><\/div>\n<\/div>\n<\/div>\n\n\n\n<div class=\"wp-block-column is-vertically-aligned-center is-layout-flow wp-block-column-is-layout-flow\" style=\"flex-basis:30%\">\n<figure class=\"wp-block-image aligncenter size-full\"><img decoding=\"async\" width=\"480\" height=\"423\" src=\"https:\/\/obera.fr\/wp-content\/uploads\/2021\/02\/Depoussiereur-fixe-ESTMAC.png\" alt=\"Estmac Fester Staubsammler\" class=\"wp-image-4475\" srcset=\"https:\/\/obera.fr\/wp-content\/uploads\/2021\/02\/Depoussiereur-fixe-ESTMAC.png 480w, https:\/\/obera.fr\/wp-content\/uploads\/2021\/02\/Depoussiereur-fixe-ESTMAC-300x264.png 300w\" sizes=\"(max-width: 480px) 100vw, 480px\" \/><\/figure>\n<\/div>\n<\/div>\n<\/div>\n<\/div>\n\n\n\n<div class=\"wp-block-columns is-layout-flex wp-container-core-columns-is-layout-28f84493 wp-block-columns-is-layout-flex\">\n<div class=\"wp-block-column is-layout-flow wp-block-column-is-layout-flow\"><\/div>\n<\/div>\n<\/div>\n\n<h2 class=\"wp-block-heading\"><strong>Wie w\u00e4hlt man das richtige Entstaubungssystem?<\/strong><\/h2>\n\n<p>Es ist wichtig, dass Sie <strong>den richtigen Staubabscheider ausw\u00e4hlen<\/strong>, da das Ger\u00e4t sonst schnell verschlei\u00dfen und nicht mehr funktionieren kann. Wenn Sie Ihre Suche selbst durchf\u00fchren, sollten Sie sich zun\u00e4chst \u00fcber die Filterkapazit\u00e4t des Ger\u00e4ts informieren, die von Ihrem Schadstoff, seiner Gr\u00f6\u00dfe, seinem Zustand (fest oder gasf\u00f6rmig) und seiner Menge abh\u00e4ngt. Dies erm\u00f6glicht Ihnen, die Art des Filters auszuw\u00e4hlen, den der <a href=\"https:\/\/obera.fr\/de\/produits\/depoussiereurs-industriels\/\" data-type=\"page\" data-id=\"31\"> Staubsauger<\/a> haben soll. Zweitens sollten Sie sich \u00fcber die Leistung des Ger\u00e4ts informieren, d.h. \u00fcber die F\u00f6rdermenge. Der Durchsatz des Ger\u00e4ts h\u00e4ngt von der Menge des aufzusaugenden Materials ab, von den Geschwindigkeiten, die am Aufnahmepunkt garantiert werden m\u00fcssen, oder von den Transportgeschwindigkeiten, die in den Rohrleitungen an den vorhandenen Ausl\u00e4ssen der Absaugmaschinen garantiert werden m\u00fcssen.    <\/p>\n\n<p>Es ist wichtig, dass Sie wissen, mit welchem Zubeh\u00f6r Sie Ihre Maschine ausstatten wollen, z.B. mit einem Kanal f\u00fcr die Verbindung zur Produktionsmaschine, einer Aufnahmevorrichtung, einer R\u00fcckenlehne oder einem <a href=\"https:\/\/obera.fr\/de\/produits\/bras-dispositifs-captation\/capot-industriel\/\">Absaugarm<\/a> f\u00fcr einen Arbeitsplatz.<\/p>\n\n<blockquote class=\"wp-block-quote is-layout-flow wp-block-quote-is-layout-flow\">\n<p>Am besten lassen Sie sich <strong>von unseren Experten<\/strong> beraten, die Sie bei Ihren Projekten unterst\u00fctzen und Ihnen ein Produkt vorschlagen k\u00f6nnen, das f\u00fcr Ihr Problem geeignet ist.<\/p>\n<\/blockquote>\n\n<div class=\"wp-block-buttons is-horizontal is-content-justification-center is-layout-flex wp-container-core-buttons-is-layout-03627597 wp-block-buttons-is-layout-flex\">\n<div class=\"wp-block-button\"><a class=\"wp-block-button__link wp-element-button\" href=\"https:\/\/obera.fr\/de\/contact\/\">Weitere Informationen<\/a><\/div>\n<\/div>\n\n<hr class=\"wp-block-separator has-css-opacity\"\/>\n\n<div class=\"wp-block-group is-layout-flow wp-block-group-is-layout-flow\">\n<h2 class=\"wp-block-heading\">Andere Sortimente von oberA Industriestaubabscheidern<\/h2>\n\n\n\n<div class=\"wp-block-columns is-layout-flex wp-container-core-columns-is-layout-28f84493 wp-block-columns-is-layout-flex\">\n<div class=\"wp-block-column is-layout-flow wp-block-column-is-layout-flow\">\n<div class=\"wp-block-buttons is-horizontal is-content-justification-center is-layout-flex wp-container-core-buttons-is-layout-03627597 wp-block-buttons-is-layout-flex\">\n<div class=\"wp-block-button\"><a class=\"wp-block-button__link wp-element-button\" href=\"https:\/\/obera.fr\/de\/produits\/depoussiereurs-industriels\/mobil\/\">Mobile Staubsammler<\/a><\/div>\n<\/div>\n<\/div>\n\n\n\n<div class=\"wp-block-column is-layout-flow wp-block-column-is-layout-flow\">\n<div class=\"wp-block-buttons is-horizontal is-content-justification-center is-layout-flex wp-container-core-buttons-is-layout-03627597 wp-block-buttons-is-layout-flex\">\n<div class=\"wp-block-button\"><a class=\"wp-block-button__link wp-element-button\" href=\"https:\/\/obera.fr\/de\/produits\/depoussiereurs-industriels\/petits\/\">Kleine Staubf\u00e4nger<\/a><\/div>\n<\/div>\n<\/div>\n<\/div>\n<\/div>\n","protected":false},"excerpt":{"rendered":"<p>Unsere station\u00e4ren Ent stauber sind eine Reihe von leistungsstarken Anlagen zur Entstaubung Ihrer Werkst\u00e4tten und Lagerhallen sowie von festen Arbeitspl\u00e4tzen, direkt \u00fcber einen Absaugarm oder eine Absaughaube. Unsere Ger\u00e4te sind in der Lage, Feinstaub und Sp\u00e4ne, aber auch \u00d6lnebel, Rauch und Ger\u00fcche in den verschiedenen Industriezweigen wie Metall, Kunststoff, Holz, Mineralien, Textilien, Chemie oder Papier\/Pappe zu behandeln. Staub und andere Schadstoffe m\u00fcssen behandelt werden, da sie eine Gefahr f\u00fcr den menschlichen K\u00f6rper darstellen. Das Einatmen verschmutzter Luft kann zu Krankheiten f\u00fchren, insbesondere wenn es sich um krebserregende, mutagene und reprotoxische Schadstoffe handelt. Die Behandlung verschmutzter Luft ist wichtig f\u00fcr den &#8230; <\/p>\n<p class=\"read-more-container\"><a title=\"Station\u00e4re Staubabscheider\" class=\"read-more button\" href=\"https:\/\/obera.fr\/de\/produits\/depoussiereurs-industriels\/fest\/#more-31764\" aria-label=\"Mehr Informationen \u00fcber Station\u00e4re Staubabscheider\">Lire la suite<\/a><\/p>\n","protected":false},"author":4,"featured_media":103618,"parent":32379,"menu_order":0,"comment_status":"closed","ping_status":"closed","template":"","meta":{"_acf_changed":false,"_seopress_robots_primary_cat":"","_seopress_titles_title":"Station\u00e4re Trocken-\/Nass-Staubabscheider, Schl\u00e4uche\/Kartuschen","_seopress_titles_desc":"Entstauben Sie Ihre Werkst\u00e4tten und Lagerhallen sowie Arbeitspl\u00e4tze direkt \u00fcber einen Arm oder eine Absaughaube mit unseren station\u00e4ren Entstaubern.","_seopress_robots_index":"","footnotes":""},"class_list":{"0":"post-31764","1":"page","2":"type-page","3":"status-publish","4":"has-post-thumbnail","6":"no-featured-image-padding","7":"resize-featured-image"},"acf":[],"_links":{"self":[{"href":"https:\/\/obera.fr\/de\/wp-json\/wp\/v2\/pages\/31764","targetHints":{"allow":["GET"]}}],"collection":[{"href":"https:\/\/obera.fr\/de\/wp-json\/wp\/v2\/pages"}],"about":[{"href":"https:\/\/obera.fr\/de\/wp-json\/wp\/v2\/types\/page"}],"author":[{"embeddable":true,"href":"https:\/\/obera.fr\/de\/wp-json\/wp\/v2\/users\/4"}],"replies":[{"embeddable":true,"href":"https:\/\/obera.fr\/de\/wp-json\/wp\/v2\/comments?post=31764"}],"version-history":[{"count":11,"href":"https:\/\/obera.fr\/de\/wp-json\/wp\/v2\/pages\/31764\/revisions"}],"predecessor-version":[{"id":141484,"href":"https:\/\/obera.fr\/de\/wp-json\/wp\/v2\/pages\/31764\/revisions\/141484"}],"up":[{"embeddable":true,"href":"https:\/\/obera.fr\/de\/wp-json\/wp\/v2\/pages\/32379"}],"wp:featuredmedia":[{"embeddable":true,"href":"https:\/\/obera.fr\/de\/wp-json\/wp\/v2\/media\/103618"}],"wp:attachment":[{"href":"https:\/\/obera.fr\/de\/wp-json\/wp\/v2\/media?parent=31764"}],"curies":[{"name":"wp","href":"https:\/\/api.w.org\/{rel}","templated":true}]}}