{"id":31786,"date":"2021-02-02T16:59:47","date_gmt":"2021-02-02T14:59:47","guid":{"rendered":"https:\/\/obera.fr\/stationaere-staubabscheider\/estmac-trockenstaubabscheider\/"},"modified":"2025-04-25T15:10:16","modified_gmt":"2025-04-25T13:10:16","slug":"depoussiereur-a-sec-estmac","status":"publish","type":"page","link":"https:\/\/obera.fr\/de\/produits\/depoussiereurs-industriels\/fest\/depoussiereur-a-sec-estmac\/","title":{"rendered":"ESTMAC Trockenstaubabscheider"},"content":{"rendered":"\n<p>ESTMAC ist eine Serie <a href=\"https:\/\/obera.fr\/de\/produits\/depoussiereurs-industriels\/\" data-type=\"page\" data-id=\"389\">station\u00e4rer, kompakter Staubabscheider<\/a>, die eine kosteng\u00fcnstige L\u00f6sung f\u00fcr die Absaugung von <strong>Staub und Sp\u00e4nen<\/strong> in kleinen und mittleren Mengen bieten.  <\/p>\n\n<h2 class=\"wp-block-heading\" id=\"qu-est-ce-que-le-depoussiereur-estmac\">Was ist der ESTMAC Entstauber?<\/h2>\n\n<div class=\"wp-block-columns is-layout-flex wp-container-core-columns-is-layout-28f84493 wp-block-columns-is-layout-flex\">\n<div class=\"wp-block-column is-layout-flow wp-block-column-is-layout-flow\" style=\"flex-basis:33.33%\">\n<figure class=\"wp-block-image aligncenter size-medium\"><img decoding=\"async\" width=\"300\" height=\"264\" src=\"https:\/\/obera.fr\/wp-content\/uploads\/2021\/02\/Depoussiereur-fixe-ESTMAC-300x264.png\" alt=\"Estmac Fester Staubsammler\" class=\"wp-image-4475\" srcset=\"https:\/\/obera.fr\/wp-content\/uploads\/2021\/02\/Depoussiereur-fixe-ESTMAC-300x264.png 300w, https:\/\/obera.fr\/wp-content\/uploads\/2021\/02\/Depoussiereur-fixe-ESTMAC.png 480w\" sizes=\"(max-width: 300px) 100vw, 300px\" \/><\/figure>\n<\/div>\n\n\n\n<div class=\"wp-block-column is-vertically-aligned-center is-layout-flow wp-block-column-is-layout-flow\" style=\"flex-basis:66.66%\">\n<p>Staubabscheider entfernen <strong>trockenen und rieselnden Staub<\/strong> und bieten eine breite Palette von Anwendungen in vielen Sektoren.  <\/p>\n\n\n\n<p>Dank ihrer <strong>kompakten Abmessungen<\/strong> k\u00f6nnen die ESTMAC-Trockenstaubsauger flexibel an wechselnden Orten aufgestellt werden.<\/p>\n\n\n\n<p>Sie sind mit <strong>reinigbaren Filterpatronen der Staubklasse &#8222;M&#8220;<\/strong> ausgestattet, die einer <strong>Partikelabscheidungseffizienz von 99,9%<\/strong> entsprechen. Der integrierte Vorabscheider verl\u00e4ngert die Lebensdauer der Filterpatronen, indem er grobe Partikel bereits im Vorfeld abscheidet. Dies reduziert die Belastung der Filter, die nur die feinsten St\u00e4ube herausfiltern m\u00fcssen.  <\/p>\n\n\n\n<p>Der mobile Staubfangbeh\u00e4lter kann zur<strong> einfachen<\/strong> und sicheren<strong> Entfernung von Schmutz<\/strong> verwendet werden. Die schallged\u00e4mmte L\u00fcftungseinheit ist so konzipiert, dass sie <strong>einen maximalen Luftstrom bei minimalem Ger\u00e4uschpegel<\/strong> hat. Dies gew\u00e4hrleistet ein niedriges Betriebsger\u00e4usch.  <\/p>\n<\/div>\n<\/div>\n\n<div class=\"wp-block-columns is-layout-flex wp-container-core-columns-is-layout-28f84493 wp-block-columns-is-layout-flex\">\n<div class=\"wp-block-column is-layout-flow wp-block-column-is-layout-flow\" style=\"flex-basis:33.33%\"><\/div>\n\n\n\n<div class=\"wp-block-column is-layout-flow wp-block-column-is-layout-flow\" style=\"flex-basis:33.34%\">\n<div class=\"wp-block-buttons is-horizontal is-content-justification-center is-layout-flex wp-container-core-buttons-is-layout-03627597 wp-block-buttons-is-layout-flex\">\n<div class=\"wp-block-button\"><a class=\"wp-block-button__link wp-element-button\" href=\"https:\/\/obera.fr\/de\/contact\/\">Weitere Informationen<\/a><\/div>\n<\/div>\n\n\n\n<p><\/p>\n\n\n\n<div class=\"wp-block-buttons is-content-justification-center is-layout-flex wp-container-core-buttons-is-layout-a89b3969 wp-block-buttons-is-layout-flex\">\n<div class=\"wp-block-button\"><a class=\"wp-block-button__link wp-element-button\" href=\"https:\/\/obera.fr\/wp-content\/uploads\/2025\/04\/brochure-estmac.pdf\">BROSCH\u00dcRE HERUNTERLADEN<\/a><\/div>\n<\/div>\n<\/div>\n\n\n\n<div class=\"wp-block-column is-layout-flow wp-block-column-is-layout-flow\" style=\"flex-basis:33.34%\">\n<div class=\"wp-block-buttons is-content-justification-center is-layout-flex wp-container-core-buttons-is-layout-a89b3969 wp-block-buttons-is-layout-flex\">\n<div class=\"wp-block-button btn-devis-source\"><a class=\"wp-block-button__link wp-element-button\" href=\"https:\/\/obera.fr\/de\/angebotsanfrage\/\">Angebotsanfrage<\/a><\/div>\n<\/div>\n\n\n<script>\r\ndocument.addEventListener('DOMContentLoaded', function() {\r\n    \/\/ 1. On cherche le titre H1 de la page\r\n    var h1 = document.querySelector('h1');\r\n    var productTitle = h1 ? h1.innerText.trim() : \"\";\r\n\r\n    \/\/ 2. On cherche les boutons via la classe CSS .btn-devis-source\r\n    var buttons = document.querySelectorAll('.btn-devis-source a');\r\n\r\n    \/\/ 3. Si on a le titre et les boutons, on ajoute le param\u00e8tre\r\n    if (buttons.length > 0 && productTitle !== \"\") {\r\n        var encodedTitle = encodeURIComponent(productTitle);\r\n\r\n        buttons.forEach(function(btn) {\r\n            var currentHref = btn.getAttribute('href');\r\n            \r\n            \/\/ S\u00e9curit\u00e9 pour ne pas ajouter le param\u00e8tre 2 fois\r\n            if (currentHref.indexOf('sujet=') === -1) {\r\n                var separator = currentHref.indexOf('?') !== -1 ? '&' : '?';\r\n                var newLink = currentHref + separator + 'sujet=' + encodedTitle;\r\n                \r\n                btn.setAttribute('href', newLink);\r\n            }\r\n        });\r\n    }\r\n});\r\n<\/script><\/div>\n<\/div>\n\n<h2 class=\"wp-block-heading\" id=\"pour-quelles-utilisations\">F\u00fcr welche Zwecke?<\/h2>\n\n<p>Die <a href=\"https:\/\/obera.fr\/de\/produits\/depoussiereurs-industriels\/kleine-industrielle-staubabscheider\/\">kleinen Entstauber<\/a><strong> <\/strong>sind f\u00fcr die effiziente Absaugung von kleinen bis mittleren Mengen von Metallstaub und -sp\u00e4nen, Kunststoffstaub und -sp\u00e4nen, Mineralstaub, Schwebestaub und Staub von Verbundwerkstoffen konzipiert.<\/p>\n\n<blockquote class=\"wp-block-quote is-layout-flow wp-block-quote-is-layout-flow\">\n<p>Diese station\u00e4ren Staubabsaugungen k\u00f6nnen direkt mit <strong>einem oder mehreren Arbeitspl\u00e4tzen<\/strong> oder <strong>einer oder mehreren Produktionsmaschinen<\/strong> verbunden werden. Sie k\u00f6nnen auch mit einem <strong> <\/strong><a href=\"https:\/\/obera.fr\/de\/produits\/bras-dispositifs-captation\/capot-industriel\/\">Absaugarm<\/a> im Falle einer Quellenabsaugung.<\/p>\n<\/blockquote>\n\n<p>Diese Schadstoffe entstehen in der Regel beim S\u00e4gen, Schneiden, Bearbeiten, Fr\u00e4sen, Schleifen, Polieren oder bei der Trennung oder Dekantierung von Material.  <\/p>\n\n<div class=\"wp-block-columns is-layout-flex wp-container-core-columns-is-layout-28f84493 wp-block-columns-is-layout-flex\">\n<div class=\"wp-block-column is-layout-flow wp-block-column-is-layout-flow\">\n<h3 class=\"wp-block-heading has-text-align-center\" id=\"polluants\">POLLUANTE<\/h3>\n\n\n\n<hr class=\"wp-block-separator has-css-opacity aligncenter is-style-wide\"\/>\n\n\n\n<div style=\"height:20px\" aria-hidden=\"true\" class=\"wp-block-spacer\"><\/div>\n\n\n\n<div class=\"wp-block-columns is-layout-flex wp-container-core-columns-is-layout-28f84493 wp-block-columns-is-layout-flex\">\n<div class=\"wp-block-column is-layout-flow wp-block-column-is-layout-flow\">\n<figure class=\"wp-block-image aligncenter size-large\"><img decoding=\"async\" width=\"70\" height=\"70\" src=\"https:\/\/obera.fr\/wp-content\/uploads\/2020\/08\/polluants-poussieres.jpg\" alt=\"Meter - Produkt\" class=\"wp-image-675\"\/><figcaption class=\"wp-element-caption\">Staub<\/figcaption><\/figure>\n<\/div>\n\n\n\n<div class=\"wp-block-column is-layout-flow wp-block-column-is-layout-flow\">\n<figure class=\"wp-block-image aligncenter size-large\"><img decoding=\"async\" width=\"70\" height=\"70\" src=\"https:\/\/obera.fr\/wp-content\/uploads\/2020\/08\/polluants-copeaux-bois.jpg\" alt=\"Illustration - Vektorgrafiken\" class=\"wp-image-674\"\/><figcaption class=\"wp-element-caption\">Sp\u00e4ne<\/figcaption><\/figure>\n<\/div>\n<\/div>\n<\/div>\n\n\n\n<div class=\"wp-block-column is-layout-flow wp-block-column-is-layout-flow\">\n<h3 class=\"wp-block-heading has-text-align-center\" id=\"industries\">INDUSTRIES<\/h3>\n\n\n\n<hr class=\"wp-block-separator has-css-opacity aligncenter is-style-wide\"\/>\n\n\n\n<div style=\"height:20px\" aria-hidden=\"true\" class=\"wp-block-spacer\"><\/div>\n\n\n\n<div class=\"wp-block-columns is-layout-flex wp-container-core-columns-is-layout-28f84493 wp-block-columns-is-layout-flex\">\n<div class=\"wp-block-column is-layout-flow wp-block-column-is-layout-flow\">\n<figure class=\"wp-block-image aligncenter size-large\"><img decoding=\"async\" width=\"70\" height=\"70\" src=\"https:\/\/obera.fr\/wp-content\/uploads\/2020\/08\/industrie-metallurgie.jpg\" alt=\"Metallurgie\" class=\"wp-image-673\"\/><figcaption class=\"wp-element-caption\">Metallurgie<\/figcaption><\/figure>\n\n\n\n<figure class=\"wp-block-image aligncenter size-large\"><img decoding=\"async\" width=\"70\" height=\"70\" src=\"https:\/\/obera.fr\/wp-content\/uploads\/2020\/08\/industrie-plastique.jpg\" alt=\"Kunststoff\" class=\"wp-image-669\"\/><figcaption class=\"wp-element-caption\">Kunststoff<\/figcaption><\/figure>\n\n\n\n<figure class=\"wp-block-image aligncenter size-large is-resized\"><img decoding=\"async\" width=\"100\" height=\"100\" src=\"https:\/\/obera.fr\/wp-content\/uploads\/2020\/11\/29-materiaux-composites.jpg\" alt=\"Kompositmaterialien\" class=\"wp-image-1671\"\/><figcaption class=\"wp-element-caption\">Kompositmaterialien<\/figcaption><\/figure>\n<\/div>\n\n\n\n<div class=\"wp-block-column is-layout-flow wp-block-column-is-layout-flow\">\n<figure class=\"wp-block-image aligncenter size-large\"><img decoding=\"async\" width=\"70\" height=\"70\" src=\"https:\/\/obera.fr\/wp-content\/uploads\/2020\/08\/industrie-bois.jpg\" alt=\"Holzbearbeitung\" class=\"wp-image-672\"\/><figcaption class=\"wp-element-caption\">Holzbearbeitung<\/figcaption><\/figure>\n\n\n\n<figure class=\"wp-block-image aligncenter size-large\"><img decoding=\"async\" width=\"70\" height=\"70\" src=\"https:\/\/obera.fr\/wp-content\/uploads\/2020\/08\/industrie-minerai.jpg\" alt=\"Erze\" class=\"wp-image-724\"\/><figcaption class=\"wp-element-caption\">Erze<\/figcaption><\/figure>\n\n\n\n<p><\/p>\n<\/div>\n<\/div>\n<\/div>\n<\/div>\n\n<h2 class=\"wp-block-heading\" id=\"quelles-sont-les-caracteristiques\">Was sind die Merkmale?<\/h2>\n\n<p>Diese Reihe von industriellen Staubabscheidern ist als station\u00e4re Version konzipiert, kann aber<strong> leicht bewegt<\/strong> werden. Der Luftdurchsatz von bis zu <strong>1800 m3\/h <\/strong>erm\u00f6glicht eine mittlere Menge an Staub und Sp\u00e4nen. Die ESTMAC-Serie ist in zwei Modellen erh\u00e4ltlich:  <\/p>\n\n<ul class=\"wp-block-list\">\n<li>Staubf\u00e4nger <strong>ESTMAC 1500<\/strong> f\u00fcr einen Luftdurchsatz von 1500 m3\/h.<\/li>\n\n\n\n<li>Staubf\u00e4nger <strong>ESTMAC 1800<\/strong> f\u00fcr einen Luftdurchsatz von 1800 m3\/h.  <\/li>\n<\/ul>\n\n<p>Diese Staubabscheider haben ein gutes Verh\u00e4ltnis von Leistung zu Betriebsger\u00e4usch bei einem <strong>schallged\u00e4mpften Design<\/strong> der L\u00fcftungseinheit. Die ESTMAC-Produktreihe ist auch in der Klasse H erh\u00e4ltlich, was die Behandlung von <strong>gef\u00e4hrlichen St\u00e4uben <\/strong>(CMR) erm\u00f6glicht. In diesem Fall ist das Ger\u00e4t mit einer zus\u00e4tzlichen S\u00e4ttigungsfilterstufe der <strong>Klasse H14<\/strong> ausgestattet.  <\/p>\n\n<p>Es ist auch m\u00f6glich, einen zus\u00e4tzlichen Funkenvorabscheider hinzuzuf\u00fcgen (optional).<\/p>\n\n<div class=\"wp-block-columns is-layout-flex wp-container-core-columns-is-layout-28f84493 wp-block-columns-is-layout-flex\">\n<div class=\"wp-block-column is-layout-flow wp-block-column-is-layout-flow\" style=\"flex-basis:33.33%\">\n<figure class=\"wp-block-image alignleft size-medium\"><img decoding=\"async\" width=\"300\" height=\"169\" src=\"https:\/\/obera.fr\/wp-content\/uploads\/2021\/02\/Decolmatage-filtre-ESTMAC-300x169.png\" alt=\"Estmac Filterreinigung\" class=\"wp-image-4478\" srcset=\"https:\/\/obera.fr\/wp-content\/uploads\/2021\/02\/Decolmatage-filtre-ESTMAC-300x169.png 300w, https:\/\/obera.fr\/wp-content\/uploads\/2021\/02\/Decolmatage-filtre-ESTMAC-1024x575.png 1024w, https:\/\/obera.fr\/wp-content\/uploads\/2021\/02\/Decolmatage-filtre-ESTMAC-768x432.png 768w, https:\/\/obera.fr\/wp-content\/uploads\/2021\/02\/Decolmatage-filtre-ESTMAC-1536x863.png 1536w, https:\/\/obera.fr\/wp-content\/uploads\/2021\/02\/Decolmatage-filtre-ESTMAC.png 1920w\" sizes=\"(max-width: 300px) 100vw, 300px\" \/><figcaption class=\"wp-element-caption\">Manuelle Rotationsabreinigung<\/figcaption><\/figure>\n<\/div>\n\n\n\n<div class=\"wp-block-column is-vertically-aligned-center is-layout-flow wp-block-column-is-layout-flow\" style=\"flex-basis:66.66%\">\n<p class=\"has-text-align-left\">Die Modelle der ESTMAC-Staubabscheider verf\u00fcgen \u00fcber ein <strong>rotierendes manuelles Filterreinigungssystem<\/strong>. Der Filter wird \u00fcber eine rotierende D\u00fcse, die mit dem Druckluftbeh\u00e4lter verbunden ist, gleichm\u00e4\u00dfig ausgeblasen. <\/p>\n<\/div>\n<\/div>\n\n<figure class=\"wp-block-table\"><table class=\"has-fixed-layout\"><thead><tr><th>Ger\u00e4t<\/th><th><\/th><th>ESTMAC 1500<\/th><th>ESTMAC 1800<\/th><\/tr><\/thead><tbody><tr><td>Durchflussmenge<\/td><td>m3\/h<\/td><td>1 500<\/td><td>1 800<\/td><\/tr><tr><td>Durchmesser des Eingangs<\/td><td>mm<\/td><td>160<\/td><td>160<\/td><\/tr><tr><td>max. negativer Druck<\/td><td>Pa<\/td><td>2 040<\/td><td>2 650<\/td><\/tr><tr><td>Versorgungsspannung<\/td><td>V<\/td><td>400<\/td><td>400<\/td><\/tr><tr><td>Leistung<\/td><td>kW<\/td><td>1.1<\/td><td>2.2<\/td><\/tr><tr><td>Filterfl\u00e4che<\/td><td>m\u00b2<\/td><td>7.5<\/td><td>15<\/td><\/tr><tr><td>Kapazit\u00e4t der Staubsammelstelle<\/td><td>l<\/td><td>40<\/td><td>40<\/td><\/tr><tr><td>Abmessungen<\/td><td>l\/L\/h (mm)<\/td><td>650 x 707 x 1490<\/td><td>650 x 707 x 1490<\/td><\/tr><tr><td>Gewicht<\/td><td>kg<\/td><td>170<\/td><td>180<\/td><\/tr><tr><td>Ger\u00e4uschpegel<\/td><td>dB(A)<\/td><td>71,3<\/td><td>73.3<\/td><\/tr><\/tbody><\/table><\/figure>\n\n<div class=\"wp-block-buttons is-horizontal is-content-justification-center is-layout-flex wp-container-core-buttons-is-layout-03627597 wp-block-buttons-is-layout-flex\">\n<div class=\"wp-block-button\"><a class=\"wp-block-button__link wp-element-button\" href=\"https:\/\/obera.fr\/wp-content\/uploads\/2025\/04\/brochure-estmac.pdf\">Produktdatenblatt herunterladen<\/a><\/div>\n<\/div>\n\n<h3 class=\"wp-block-heading\" id=\"quels-sont-les-avantages\">WAS SIND DIE VORTEILE?<\/h3>\n\n<p>Die station\u00e4ren ESTMAC-Staubabscheider sind einfach zu bedienen und zu warten. Dar\u00fcber hinaus k\u00f6nnen sie trotz ihres Status als &#8222;station\u00e4re Staubf\u00e4nger&#8220; ohne gro\u00dfen Aufwand bewegt werden.   <\/p>\n\n<p>Seine Stahlblechkonstruktion macht ihn zu einem robusten Entstauber und gew\u00e4hrleistet eine lange Lebensdauer. Das schallisolierte Design der L\u00fcftereinheiten garantiert ein niedriges Betriebsger\u00e4usch von 71 bis 74 dB. <\/p>\n\n<p>Das manuelle, rotierende Filterreinigungssystem verl\u00e4ngert die Lebensdauer der Filterpatronen und reduziert so die Kosten f\u00fcr Wartung und Verbrauchsmaterial.  <\/p>\n\n<blockquote class=\"wp-block-quote is-layout-flow wp-block-quote-is-layout-flow\">\n<p>Der abnehmbare Staubfangbeh\u00e4lter erm\u00f6glicht eine einfache und sichere Entsorgung des Staubs.<\/p>\n<\/blockquote>\n\n<p>Die station\u00e4ren Staubabscheider k\u00f6nnen mit einem absoluten HEPA-Filter der Klasse H ausgestattet werden, der zur Verbesserung der Luftqualit\u00e4t und zur Einhaltung der Arbeitsplatzgrenzwerte<a href=\"https:\/\/obera.fr\/conseils\/reglementation-vlep-evaluation-risque-chimique-lieu-de-travail\/\" data-type=\"post\" data-id=\"6575\">(<\/a>AGW) beitr\u00e4gt.<\/p>\n\n<div class=\"wp-block-columns is-layout-flex wp-container-core-columns-is-layout-28f84493 wp-block-columns-is-layout-flex\">\n<div class=\"wp-block-column is-layout-flow wp-block-column-is-layout-flow\">\n<h4 class=\"wp-block-heading has-text-align-center\" id=\"avantages\"><strong>Vorteile<\/strong><\/h4>\n\n\n\n<ul class=\"wp-block-list\">\n<li>Geeignet f\u00fcr den Einsatz an verschiedenen, wechselnden Orten<\/li>\n\n\n\n<li>Einfache und sichere Staubentfernung<\/li>\n\n\n\n<li>Geringe Betriebs- und Folgekosten<\/li>\n\n\n\n<li>Robustes Design aus Stahlblech f\u00fcr eine lange Lebensdauer<\/li>\n\n\n\n<li>Geringes Betriebsger\u00e4usch<\/li>\n\n\n\n<li>Verwendung von Filterpatronen, die nach der Staubklasse &#8222;M&#8220; getestet wurden<\/li>\n\n\n\n<li>Einfacher Gebrauch und Wartung<\/li>\n<\/ul>\n<\/div>\n\n\n\n<div class=\"wp-block-column is-layout-flow wp-block-column-is-layout-flow\">\n<h4 class=\"wp-block-heading has-text-align-center\" id=\"particularites\"><strong>Besonderheiten<\/strong><\/h4>\n\n\n\n<ul class=\"wp-block-list\">\n<li>Integrierter Prallabscheider f\u00fcr Grobstaub<\/li>\n\n\n\n<li>Sondermodelle<\/li>\n\n\n\n<li>Reinigung der Filter mit einer manuellen Rotationsd\u00fcse<\/li>\n\n\n\n<li>Schallged\u00e4mmtes L\u00fcftergeh\u00e4use<\/li>\n\n\n\n<li>Hochleistungs-Zentrifugalventilator auf der Reinluftseite<\/li>\n\n\n\n<li>Herausnehmbare und bewegliche Staubschublade mit einem Fassungsverm\u00f6gen von ca. 40 l<\/li>\n<\/ul>\n<\/div>\n\n\n\n<div class=\"wp-block-column is-layout-flow wp-block-column-is-layout-flow\">\n<h4 class=\"wp-block-heading has-text-align-center\" id=\"caracteristiques\"><strong>Eigenschaften<\/strong><\/h4>\n\n\n\n<ul class=\"wp-block-list\">\n<li>Ideal f\u00fcr Einzelarbeitspl\u00e4tze und\/oder Produktionsmaschinen<\/li>\n\n\n\n<li>Saugt Staub und Sp\u00e4ne aus Holz, Kunststoffen, Metall und Verbundwerkstoffen auf.<\/li>\n\n\n\n<li>Filterklasse H (optional) f\u00fcr die Behandlung von gef\u00e4hrlichen St\u00e4uben (CMR)<\/li>\n\n\n\n<li>M\u00f6glichkeit, einen Absaugarm anzubringen<\/li>\n<\/ul>\n<\/div>\n<\/div>\n\n<h3 class=\"wp-block-heading\" id=\"en-option\">Optional<\/h3>\n\n<div class=\"wp-block-columns is-layout-flex wp-container-core-columns-is-layout-28f84493 wp-block-columns-is-layout-flex\">\n<div class=\"wp-block-column is-layout-flow wp-block-column-is-layout-flow\">\n<figure class=\"wp-block-image aligncenter size-large\"><img decoding=\"async\" width=\"100\" height=\"100\" src=\"https:\/\/obera.fr\/wp-content\/uploads\/2020\/08\/certificat-poussieres-classe-H.jpg\" alt=\"Staubsammler - Staubsauger\" class=\"wp-image-666\"\/><figcaption class=\"wp-element-caption\">Staubzertifikat Klasse H gem\u00e4\u00df EN 60-335-2-69<\/figcaption><\/figure>\n<\/div>\n\n\n\n<div class=\"wp-block-column is-layout-flow wp-block-column-is-layout-flow\">\n<figure class=\"wp-block-image aligncenter size-large\"><img decoding=\"async\" width=\"100\" height=\"100\" src=\"https:\/\/obera.fr\/wp-content\/uploads\/2020\/08\/pre-separateur.jpg\" alt=\"Staubsammler - Staub\" class=\"wp-image-683\"\/><figcaption class=\"wp-element-caption\">Zus\u00e4tzlicher Vorseparator f\u00fcr Funken und Sp\u00e4ne<\/figcaption><\/figure>\n<\/div>\n\n\n\n<div class=\"wp-block-column is-layout-flow wp-block-column-is-layout-flow\">\n<figure class=\"wp-block-image aligncenter size-large\"><img decoding=\"async\" width=\"100\" height=\"100\" src=\"https:\/\/obera.fr\/wp-content\/uploads\/2020\/09\/Charbon-actif-100x100-1.jpg\" alt=\"Kohle - Kohlebergwerk\" class=\"wp-image-963\"\/><figcaption class=\"wp-element-caption\">Aktivkohlefilter<\/figcaption><\/figure>\n<\/div>\n<\/div>\n\n<h3 class=\"wp-block-heading\" id=\"accessoires\">Zubeh\u00f6r<\/h3>\n\n<div class=\"wp-block-columns is-layout-flex wp-container-core-columns-is-layout-28f84493 wp-block-columns-is-layout-flex\">\n<div class=\"wp-block-column is-layout-flow wp-block-column-is-layout-flow\">\n<figure class=\"wp-block-image aligncenter size-full\"><img decoding=\"async\" width=\"100\" height=\"100\" src=\"https:\/\/obera.fr\/wp-content\/uploads\/2020\/08\/accessoires-adaptateur-de-gaines.jpg\" alt=\"Rohr - Rohr\" class=\"wp-image-664\"\/><figcaption class=\"wp-element-caption\">Mantel-Adapter<\/figcaption><\/figure>\n<\/div>\n\n\n\n<div class=\"wp-block-column is-layout-flow wp-block-column-is-layout-flow\">\n<figure class=\"wp-block-image aligncenter size-full\"><img decoding=\"async\" width=\"100\" height=\"100\" src=\"https:\/\/obera.fr\/wp-content\/uploads\/2020\/08\/accessoires-gaines.jpg\" alt=\"Staubabscheider - Filterung\" class=\"wp-image-665\"\/><figcaption class=\"wp-element-caption\">H\u00fcllen<\/figcaption><\/figure>\n<\/div>\n\n\n\n<div class=\"wp-block-column is-layout-flow wp-block-column-is-layout-flow\">\n<figure class=\"wp-block-image aligncenter size-full\"><img decoding=\"async\" width=\"100\" height=\"100\" src=\"https:\/\/obera.fr\/wp-content\/uploads\/2020\/08\/accessoires-bras.jpg\" alt=\"Staubabscheider - Schwei&#xDF;en\" class=\"wp-image-662\"\/><figcaption class=\"wp-element-caption\">Arm<\/figcaption><\/figure>\n<\/div>\n\n\n\n<div class=\"wp-block-column is-layout-flow wp-block-column-is-layout-flow\">\n<figure class=\"wp-block-image aligncenter size-full\"><img decoding=\"async\" width=\"100\" height=\"100\" src=\"https:\/\/obera.fr\/wp-content\/uploads\/2020\/08\/accessoires-hotte.jpg\" alt=\"Staubabscheider - Filter\" class=\"wp-image-663\"\/><figcaption class=\"wp-element-caption\">Dunstabzugshaube<\/figcaption><\/figure>\n<\/div>\n<\/div>\n\n<div class=\"wp-block-buttons is-horizontal is-content-justification-center is-layout-flex wp-container-core-buttons-is-layout-03627597 wp-block-buttons-is-layout-flex\">\n<div class=\"wp-block-button\"><a class=\"wp-block-button__link wp-element-button\" href=\"https:\/\/obera.fr\/de\/contact\/\">Weitere Informationen<\/a><\/div>\n<\/div>\n\n<h2 class=\"wp-block-heading\" id=\"les-autres-depoussiereurs-fixes-de-la-marque-obera\">Andere station\u00e4re Staubf\u00e4nger der Marke oberA<\/h2>\n\n<div class=\"wp-block-columns is-layout-flex wp-container-core-columns-is-layout-28f84493 wp-block-columns-is-layout-flex\">\n<div class=\"wp-block-column is-layout-flow wp-block-column-is-layout-flow\">\n<figure class=\"wp-block-image aligncenter size-full is-resized\"><a href=\"https:\/\/obera.fr\/produits\/depoussiereurs-industriels\/fixes\/depoussiereur-a-voie-humide-dustomat-hydro\/\"><img decoding=\"async\" width=\"500\" height=\"500\" src=\"https:\/\/obera.fr\/wp-content\/uploads\/2023\/02\/dustomat-hydro.png\" alt=\"dustomat hydro\" class=\"wp-image-19014\" srcset=\"https:\/\/obera.fr\/wp-content\/uploads\/2023\/02\/dustomat-hydro.png 500w, https:\/\/obera.fr\/wp-content\/uploads\/2023\/02\/dustomat-hydro-300x300.png 300w, https:\/\/obera.fr\/wp-content\/uploads\/2023\/02\/dustomat-hydro-150x150.png 150w\" sizes=\"(max-width: 500px) 100vw, 500px\" \/><\/a><figcaption class=\"wp-element-caption\">Dustomat Hydro<\/figcaption><\/figure>\n<\/div>\n\n\n\n<div class=\"wp-block-column is-layout-flow wp-block-column-is-layout-flow\">\n<figure class=\"wp-block-image aligncenter size-large is-resized\"><a href=\"https:\/\/obera.fr\/produits\/depoussiereurs-industriels\/fixes\/aspiration-centralisee-industrielle-dustmac\/\"><img decoding=\"async\" width=\"600\" height=\"600\" src=\"https:\/\/obera.fr\/wp-content\/uploads\/2020\/08\/depoussiereur-centralise-filtres-a-manches-DUSTMAC-S.png\" alt=\"System - Produktdesign\" class=\"wp-image-637\" srcset=\"https:\/\/obera.fr\/wp-content\/uploads\/2020\/08\/depoussiereur-centralise-filtres-a-manches-DUSTMAC-S.png 600w, https:\/\/obera.fr\/wp-content\/uploads\/2020\/08\/depoussiereur-centralise-filtres-a-manches-DUSTMAC-S-300x300.png 300w, https:\/\/obera.fr\/wp-content\/uploads\/2020\/08\/depoussiereur-centralise-filtres-a-manches-DUSTMAC-S-150x150.png 150w\" sizes=\"(max-width: 600px) 100vw, 600px\" \/><\/a><figcaption class=\"wp-element-caption\">STAUBMAC<\/figcaption><\/figure>\n<\/div>\n\n\n\n<div class=\"wp-block-column is-layout-flow wp-block-column-is-layout-flow\"><\/div>\n<\/div>\n","protected":false},"excerpt":{"rendered":"<p>ESTMAC ist eine Serie station\u00e4rer, kompakter Staubabscheider, die eine kosteng\u00fcnstige L\u00f6sung f\u00fcr die Absaugung von Staub und Sp\u00e4nen in kleinen und mittleren Mengen bieten. Was ist der ESTMAC Entstauber? Staubabscheider entfernen trockenen und rieselnden Staub und bieten eine breite Palette von Anwendungen in vielen Sektoren. Dank ihrer kompakten Abmessungen k\u00f6nnen die ESTMAC-Trockenstaubsauger flexibel an wechselnden Orten aufgestellt werden. Sie sind mit reinigbaren Filterpatronen der Staubklasse &#8222;M&#8220; ausgestattet, die einer Partikelabscheidungseffizienz von 99,9% entsprechen. Der integrierte Vorabscheider verl\u00e4ngert die Lebensdauer der Filterpatronen, indem er grobe Partikel bereits im Vorfeld abscheidet. Dies reduziert die Belastung der Filter, die nur die feinsten St\u00e4ube &#8230; <\/p>\n<p class=\"read-more-container\"><a title=\"ESTMAC Trockenstaubabscheider\" class=\"read-more button\" href=\"https:\/\/obera.fr\/de\/produits\/depoussiereurs-industriels\/fest\/depoussiereur-a-sec-estmac\/#more-31786\" aria-label=\"Mehr Informationen \u00fcber ESTMAC Trockenstaubabscheider\">Lire la suite<\/a><\/p>\n","protected":false},"author":4,"featured_media":31620,"parent":31764,"menu_order":0,"comment_status":"closed","ping_status":"closed","template":"","meta":{"_acf_changed":false,"_seopress_robots_primary_cat":"","_seopress_titles_title":"Hier finden Sie den station\u00e4ren Trockenentstauber ESTMAC von OberA","_seopress_titles_desc":"ESTMAC ist eine Serie station\u00e4rer, kompakter Staubabscheider, die effektiv Sp\u00e4ne und trockenen, rieselnden Staub absaugen k\u00f6nnen.","_seopress_robots_index":"","footnotes":""},"class_list":{"0":"post-31786","1":"page","2":"type-page","3":"status-publish","4":"has-post-thumbnail","6":"no-featured-image-padding","7":"resize-featured-image"},"acf":[],"_links":{"self":[{"href":"https:\/\/obera.fr\/de\/wp-json\/wp\/v2\/pages\/31786","targetHints":{"allow":["GET"]}}],"collection":[{"href":"https:\/\/obera.fr\/de\/wp-json\/wp\/v2\/pages"}],"about":[{"href":"https:\/\/obera.fr\/de\/wp-json\/wp\/v2\/types\/page"}],"author":[{"embeddable":true,"href":"https:\/\/obera.fr\/de\/wp-json\/wp\/v2\/users\/4"}],"replies":[{"embeddable":true,"href":"https:\/\/obera.fr\/de\/wp-json\/wp\/v2\/comments?post=31786"}],"version-history":[{"count":13,"href":"https:\/\/obera.fr\/de\/wp-json\/wp\/v2\/pages\/31786\/revisions"}],"predecessor-version":[{"id":92128,"href":"https:\/\/obera.fr\/de\/wp-json\/wp\/v2\/pages\/31786\/revisions\/92128"}],"up":[{"embeddable":true,"href":"https:\/\/obera.fr\/de\/wp-json\/wp\/v2\/pages\/31764"}],"wp:featuredmedia":[{"embeddable":true,"href":"https:\/\/obera.fr\/de\/wp-json\/wp\/v2\/media\/31620"}],"wp:attachment":[{"href":"https:\/\/obera.fr\/de\/wp-json\/wp\/v2\/media?parent=31786"}],"curies":[{"name":"wp","href":"https:\/\/api.w.org\/{rel}","templated":true}]}}