{"id":31801,"date":"2022-11-23T11:48:48","date_gmt":"2022-11-23T09:48:48","guid":{"rendered":"https:\/\/obera.fr\/stationaere-staubabscheider\/dustomat-hydro-stationaerer-nass-staubabscheider\/"},"modified":"2025-04-25T14:33:36","modified_gmt":"2025-04-25T12:33:36","slug":"depoussiereur-a-voie-humide-dustomat-hydro","status":"publish","type":"page","link":"https:\/\/obera.fr\/de\/produits\/depoussiereurs-industriels\/fest\/depoussiereur-a-voie-humide-dustomat-hydro\/","title":{"rendered":"DUSTOMAT HYDRO : Station\u00e4rer Nass-Staubabscheider"},"content":{"rendered":"\n<p>Entdecken Sie unser Sortiment an <strong>DUSTOMAT HYDRO Nassabscheidern<\/strong>, die Leistung und Effizienz bei der Entfernung von leicht entz\u00fcndlichen Stoffen bieten.<\/p>\n\n\n\n<h2 class=\"wp-block-heading\">Industrieller Staubabscheider DUSTOMAT HYDRO: Wie funktioniert er und wie wird er eingesetzt?<\/h2>\n\n\n\n<div class=\"wp-block-columns is-layout-flex wp-container-core-columns-is-layout-28f84493 wp-block-columns-is-layout-flex\">\n<div class=\"wp-block-column is-layout-flow wp-block-column-is-layout-flow\" style=\"flex-basis:33.33%\">\n<figure class=\"wp-block-image aligncenter size-full is-resized\"><img decoding=\"async\" width=\"600\" height=\"600\" src=\"https:\/\/obera.fr\/wp-content\/uploads\/2022\/11\/dustomat-hydro-1.png\" alt=\"dustomat hydro 1\" class=\"wp-image-15989\" style=\"width:300px;height:300px\" srcset=\"https:\/\/obera.fr\/wp-content\/uploads\/2022\/11\/dustomat-hydro-1.png 600w, https:\/\/obera.fr\/wp-content\/uploads\/2022\/11\/dustomat-hydro-1-300x300.png 300w, https:\/\/obera.fr\/wp-content\/uploads\/2022\/11\/dustomat-hydro-1-150x150.png 150w\" sizes=\"(max-width: 600px) 100vw, 600px\" \/><\/figure>\n<\/div>\n\n\n\n<div class=\"wp-block-column is-vertically-aligned-center is-layout-flow wp-block-column-is-layout-flow\" style=\"flex-basis:66.66%\">\n<p>Die Hauptst\u00e4rke der DUSTOMAT HYDRO-Serie liegt in der <strong>innovativen, mehrstufigen Abscheidetechnologie zur Erfassung von Staub und Funken<\/strong>. Die verunreinigte Luft wird von einem Ventilator angesaugt, der in den Staubf\u00e4nger integriert ist. Die Luftgeschwindigkeit wird reduziert, so dass die schweren Partikel in einen Auffangbeh\u00e4lter fallen k\u00f6nnen. Die Luft wird dann durch einen <strong>Hydrozyklon<\/strong> geleitet, der die Zentrifugalkraft nutzt, um feine Partikel aus dem Wasser zu entfernen. Diese Partikel werden im Wasser eingefangen und die Funken werden gek\u00fchlt, um sie unsch\u00e4dlich zu machen. In einem letzten Filterschritt werden die letzten Feinstaubpartikel aufgefangen, so dass die Luft sauber austritt. Diese Filtrationstechnologie garantiert eine hohe Abscheideleistung von bis zu 99,995%.      <\/p>\n\n\n\n<p>F\u00fcr welche Zwecke? Die <strong>Nassabscheider<\/strong> der DUSTOMAT HYDRO Serie sind f\u00fcr die Absaugung von leicht entz\u00fcndlichen Stoffen oder bei Arbeitsprozessen mit Funkenflug konzipiert. Sie eignen sich f\u00fcr Absaugsysteme mit einer oder mehreren Stationen f\u00fcr Metallst\u00e4ube, z.B. beim <strong>Schleifen<\/strong>, <strong>B\u00fcrsten<\/strong> und <strong>Polieren<\/strong>. Der DUSTOMAT HYDRO entspricht auch der ATEX-Norm f\u00fcr den effizienten und sicheren Einsatz in explosionsgef\u00e4hrdeten Umgebungen. Diese <a href=\"https:\/\/obera.fr\/de\/produits\/depoussiereurs-industriels\/fest\/\" data-type=\"page\" data-id=\"389\">station\u00e4ren Nassabscheider<\/a> werden in der<strong>Metallindustrie<\/strong>, der <strong>chemischen<\/strong><strong>Industrie<\/strong>, der <strong>Lebensmittelindustrie<\/strong> und <strong>der Holz- und Handwerksindustrie<\/strong> eingesetzt.<\/p>\n\n\n\n<div class=\"wp-block-columns is-layout-flex wp-container-core-columns-is-layout-28f84493 wp-block-columns-is-layout-flex\">\n<div class=\"wp-block-column is-layout-flow wp-block-column-is-layout-flow\" style=\"flex-basis:33.33%\">\n<div class=\"wp-block-buttons is-layout-flex wp-block-buttons-is-layout-flex\">\n<div class=\"wp-block-button\"><a class=\"wp-block-button__link wp-element-button\" href=\"https:\/\/obera.fr\/wp-content\/uploads\/2025\/04\/brochure-dustomat-hydro-de.pdf\">BROSCH\u00dcRE HERUNTERLADEN<\/a><\/div>\n<\/div>\n<\/div>\n\n\n\n<div class=\"wp-block-column is-layout-flow wp-block-column-is-layout-flow\" style=\"flex-basis:33.34%\">\n<div class=\"wp-block-buttons is-horizontal is-content-justification-center is-layout-flex wp-container-core-buttons-is-layout-03627597 wp-block-buttons-is-layout-flex\">\n<div class=\"wp-block-button\"><a class=\"wp-block-button__link wp-element-button\" href=\"https:\/\/obera.fr\/de\/contact\/\">Weitere Informationen<\/a><\/div>\n<\/div>\n<\/div>\n\n\n\n<div class=\"wp-block-column is-layout-flow wp-block-column-is-layout-flow\" style=\"flex-basis:33.34%\">\n<div class=\"wp-block-buttons is-content-justification-center is-layout-flex wp-container-core-buttons-is-layout-a89b3969 wp-block-buttons-is-layout-flex\">\n<div class=\"wp-block-button btn-devis-source\"><a class=\"wp-block-button__link wp-element-button\" href=\"https:\/\/obera.fr\/de\/angebotsanfrage\/\">Angebotsanfrage<\/a><\/div>\n<\/div>\n\n\n<script>\r\ndocument.addEventListener('DOMContentLoaded', function() {\r\n    \/\/ 1. On cherche le titre H1 de la page\r\n    var h1 = document.querySelector('h1');\r\n    var productTitle = h1 ? h1.innerText.trim() : \"\";\r\n\r\n    \/\/ 2. On cherche les boutons via la classe CSS .btn-devis-source\r\n    var buttons = document.querySelectorAll('.btn-devis-source a');\r\n\r\n    \/\/ 3. Si on a le titre et les boutons, on ajoute le param\u00e8tre\r\n    if (buttons.length > 0 && productTitle !== \"\") {\r\n        var encodedTitle = encodeURIComponent(productTitle);\r\n\r\n        buttons.forEach(function(btn) {\r\n            var currentHref = btn.getAttribute('href');\r\n            \r\n            \/\/ S\u00e9curit\u00e9 pour ne pas ajouter le param\u00e8tre 2 fois\r\n            if (currentHref.indexOf('sujet=') === -1) {\r\n                var separator = currentHref.indexOf('?') !== -1 ? '&' : '?';\r\n                var newLink = currentHref + separator + 'sujet=' + encodedTitle;\r\n                \r\n                btn.setAttribute('href', newLink);\r\n            }\r\n        });\r\n    }\r\n});\r\n<\/script><\/div>\n<\/div>\n<\/div>\n<\/div>\n\n\n\n<div style=\"height:30px\" aria-hidden=\"true\" class=\"wp-block-spacer\"><\/div>\n\n\n\n<h2 class=\"wp-block-heading\">Die Eigenschaften der DUSTOMAT HYDRO Nass-Staubabscheider<\/h2>\n\n\n\n<p>Die DUSTOMAT HYDRO-Serie umfasst <strong>4 Modelle von Nassabscheidern<\/strong> mit einer Leistung <strong>von 2.300 bis 10.000 m3\/h<\/strong>. Die DUSTOMAT HYDRO-Serie umfasst <strong>4 Modelle von Nassabscheidern<\/strong> mit einer Leistung <strong>von 2.300 bis 10.000 m3\/h<\/strong>. Alle bieten eine breite Palette von Anwendungen f\u00fcr die Absaugung von Metallsp\u00e4nen, Schwei\u00dfrauch, Aluminium-, Stahl- und Titanstaub, die Absaugung von explosiven Materialien ( <a href=\"https:\/\/obera.fr\/conseils\/zone-atex-norme-atex-bases-protection-contre-risque-explosion\/\" data-type=\"post\" data-id=\"17925\">ATEX-konform<\/a>, optional) und funkenspr\u00fchenden Metallst\u00e4uben. Diese Vielseitigkeit macht die Serie besonders effektiv beim Absaugen von Partikeln, die beim Schleifen, Polieren, S\u00e4gen, Fr\u00e4sen oder Schwei\u00dfen entstehen.<\/p>\n\n\n\n<p>Der DUSTOMAT HYDRO ist ein Staubabscheider, der sich an die Bed\u00fcrfnisse der Industrie anpassen kann. Neben der ATEX-Konformit\u00e4t kann optional eine spezielle Lackierung und eine variable Position des <strong>Ansaugrohrs<\/strong> hinzugef\u00fcgt werden. Sie haben auch die Wahl zwischen verschiedenen Filtermedien (z.B. HEPA H 14 Filter f\u00fcr krebserregende Partikel). Dar\u00fcber hinaus sind Staubabscheider in der Lage, die Luft zu reinigen. <strong><a href=\"https:\/\/obera.fr\/de\/produits\/depoussiereurs-industriels\/\" data-type=\"page\" data-id=\"31\">Industriestaubsauger<\/a><\/strong> dieser Serie \u00fcber zwei Leistungsstufen, ein konfigurierbares Filtersystem (bis zu 4 Filterstufen) und Sensoren, die die Wasserf\u00fcllung automatisch regulieren.   <\/p>\n\n\n\n<p>Ein weiteres Merkmal der DUSTOMAT HYDRO-Serie <strong>sind die geringen Wartungskosten<\/strong>, da das Filtersystem f\u00fcr Feinstaubpartikel nachgeschaltet ist.<\/p>\n\n\n\n<blockquote class=\"wp-block-quote is-layout-flow wp-block-quote-is-layout-flow\">\n<p>Die innovative DUSTOMAT HYDRO Technologie: Das auf einem Hydrozyklon basierende Abscheidesystem macht Funken sowie brennbaren Staub fast v\u00f6llig unsch\u00e4dlich und das bereits in der ersten Filterstufe (Abscheidegrad 98,7%). Selbst kleinste Partikelfraktionen von \u2265 15 \u00b5m werden in der Wasserwirbelkammer sicher gebunden, wodurch OberA die Qualit\u00e4t der Vorabscheidung auf ein h\u00f6heres Niveau heben kann. Die Nutzer profitieren von einem bedeutenden Effekt: Die Filtermedien des nachfolgenden Trockenabscheidesystems werden geschont, was zu einer l\u00e4ngeren Lebensdauer und geringeren Folgekosten f\u00fchrt.  <\/p>\n<\/blockquote>\n\n\n\n<div class=\"wp-block-columns is-layout-flex wp-container-core-columns-is-layout-28f84493 wp-block-columns-is-layout-flex\">\n<div class=\"wp-block-column is-layout-flow wp-block-column-is-layout-flow\">\n<h3 class=\"wp-block-heading has-text-align-center\" id=\"industries\">Branchen<\/h3>\n\n\n\n<hr class=\"wp-block-separator has-css-opacity is-style-wide\"\/>\n\n\n\n<div class=\"wp-block-columns is-layout-flex wp-container-core-columns-is-layout-28f84493 wp-block-columns-is-layout-flex\">\n<div class=\"wp-block-column is-layout-flow wp-block-column-is-layout-flow\">\n<figure class=\"wp-block-image aligncenter size-full\"><img decoding=\"async\" width=\"150\" height=\"150\" src=\"https:\/\/obera.fr\/wp-content\/uploads\/2022\/02\/Metalurgie.png\" alt=\"Metallurgie\" class=\"wp-image-8857\"\/><figcaption class=\"wp-element-caption\">Metallurgie<\/figcaption><\/figure>\n\n\n\n<figure class=\"wp-block-image aligncenter size-full\"><img decoding=\"async\" width=\"150\" height=\"150\" src=\"https:\/\/obera.fr\/wp-content\/uploads\/2022\/02\/Textile.png\" alt=\"Textilien\" class=\"wp-image-8855\"\/><figcaption class=\"wp-element-caption\">Textilien<\/figcaption><\/figure>\n<\/div>\n\n\n\n<div class=\"wp-block-column is-layout-flow wp-block-column-is-layout-flow\">\n<figure class=\"wp-block-image aligncenter size-full\"><img decoding=\"async\" width=\"150\" height=\"150\" src=\"https:\/\/obera.fr\/wp-content\/uploads\/2022\/02\/Chimie.png\" alt=\"Chemie\" class=\"wp-image-8846\"\/><figcaption class=\"wp-element-caption\">Chemie<\/figcaption><\/figure>\n\n\n\n<figure class=\"wp-block-image aligncenter size-full\"><img decoding=\"async\" width=\"150\" height=\"150\" src=\"https:\/\/obera.fr\/wp-content\/uploads\/2022\/02\/Plastique.png\" alt=\"Kunststoff\" class=\"wp-image-8854\"\/><figcaption class=\"wp-element-caption\">Kunststoff<\/figcaption><\/figure>\n<\/div>\n\n\n\n<div class=\"wp-block-column is-layout-flow wp-block-column-is-layout-flow\">\n<figure class=\"wp-block-image aligncenter size-full\"><img decoding=\"async\" width=\"150\" height=\"150\" src=\"https:\/\/obera.fr\/wp-content\/uploads\/2022\/02\/MINERAIS.png\" alt=\"Erze\" class=\"wp-image-8847\"\/><figcaption class=\"wp-element-caption\">Erze<\/figcaption><\/figure>\n\n\n\n<figure class=\"wp-block-image aligncenter size-full\"><img decoding=\"async\" width=\"150\" height=\"150\" src=\"https:\/\/obera.fr\/wp-content\/uploads\/2022\/02\/Papier-carton.png\" alt=\"Papier Karton\" class=\"wp-image-8853\"\/><figcaption class=\"wp-element-caption\">Papier\/Karton<\/figcaption><\/figure>\n<\/div>\n\n\n\n<div class=\"wp-block-column is-layout-flow wp-block-column-is-layout-flow\">\n<figure class=\"wp-block-image aligncenter size-full\"><img decoding=\"async\" width=\"150\" height=\"150\" src=\"https:\/\/obera.fr\/wp-content\/uploads\/2022\/02\/AGROALIMENTAIRE.png\" alt=\"Lebensmittelindustrie\" class=\"wp-image-8844\"\/><figcaption class=\"wp-element-caption\">Lebensmittelindustrie<\/figcaption><\/figure>\n<\/div>\n<\/div>\n<\/div>\n<\/div>\n\n\n\n<figure class=\"wp-block-table\"><table class=\"has-fixed-layout\"><tbody><tr><td><\/td><td><\/td><td><strong>DUSTOMAT HYDRO 2300<\/strong><\/td><td><strong>DUSTOMAT HYDRO 3500<\/strong><\/td><td><strong>DUSTOMAT HYDRO 6000<\/strong><\/td><td><strong>DUSTOMAT HYDRO 10000<\/strong><\/td><\/tr><tr><td>Durchflussmenge<\/td><td>m3\/h<\/td><td>2 300<\/td><td>3 500<\/td><td>6 000<\/td><td>10 000<\/td><\/tr><tr><td>Max. Unterdruck<\/td><td>Pa<\/td><td>2 500<\/td><td>3 400<\/td><td>3 950<\/td><td>4 800<\/td><\/tr><tr><td>Leistung<\/td><td>kW<\/td><td>3<\/td><td>5,5<\/td><td>7.5<\/td><td>15<\/td><\/tr><tr><td>Durchmesser des Eingangs<\/td><td>mm<\/td><td>180<\/td><td>224<\/td><td>280<\/td><td>400<\/td><\/tr><tr><td>Wasseranschluss<\/td><td>Zoll<\/td><td>3\/4<\/td><td>3\/4<\/td><td>3\/4<\/td><td>3\/4<\/td><\/tr><tr><td>Abmessungen<\/td><td>l\/L\/h (mm)<\/td><td>850x850x2600<\/td><td>850x850x2600<\/td><td>1350 x 1550 x 3400<\/td><td>1350 x 1550 x 3400<\/td><\/tr><tr><td>Ger\u00e4uschpegel<\/td><td>dB(A)<\/td><td>70*<\/td><td>72*<\/td><td>73.4<\/td><td>76.1<\/td><\/tr><tr><td>Gewicht<\/td><td>kg<\/td><td>340<\/td><td>380<\/td><td>750<\/td><td>870<\/td><\/tr><\/tbody><\/table><\/figure>\n\n\n\n<p>* ohne Schalld\u00e4mmungspaket: 75 db(A)<\/p>\n\n\n\n<div class=\"wp-block-columns is-layout-flex wp-container-core-columns-is-layout-28f84493 wp-block-columns-is-layout-flex\">\n<div class=\"wp-block-column is-layout-flow wp-block-column-is-layout-flow\"><\/div>\n\n\n\n<div class=\"wp-block-column is-layout-flow wp-block-column-is-layout-flow\">\n<div class=\"wp-block-buttons is-content-justification-center is-layout-flex wp-container-core-buttons-is-layout-a89b3969 wp-block-buttons-is-layout-flex\">\n<div class=\"wp-block-button btn-devis-source\"><a class=\"wp-block-button__link wp-element-button\" href=\"https:\/\/obera.fr\/de\/angebotsanfrage\/\">Angebotsanfrage<\/a><\/div>\n<\/div>\n\n\n<script>\r\ndocument.addEventListener('DOMContentLoaded', function() {\r\n    \/\/ 1. On cherche le titre H1 de la page\r\n    var h1 = document.querySelector('h1');\r\n    var productTitle = h1 ? h1.innerText.trim() : \"\";\r\n\r\n    \/\/ 2. On cherche les boutons via la classe CSS .btn-devis-source\r\n    var buttons = document.querySelectorAll('.btn-devis-source a');\r\n\r\n    \/\/ 3. Si on a le titre et les boutons, on ajoute le param\u00e8tre\r\n    if (buttons.length > 0 && productTitle !== \"\") {\r\n        var encodedTitle = encodeURIComponent(productTitle);\r\n\r\n        buttons.forEach(function(btn) {\r\n            var currentHref = btn.getAttribute('href');\r\n            \r\n            \/\/ S\u00e9curit\u00e9 pour ne pas ajouter le param\u00e8tre 2 fois\r\n            if (currentHref.indexOf('sujet=') === -1) {\r\n                var separator = currentHref.indexOf('?') !== -1 ? '&' : '?';\r\n                var newLink = currentHref + separator + 'sujet=' + encodedTitle;\r\n                \r\n                btn.setAttribute('href', newLink);\r\n            }\r\n        });\r\n    }\r\n});\r\n<\/script><\/div>\n\n\n\n<div class=\"wp-block-column is-layout-flow wp-block-column-is-layout-flow\">\n<div class=\"wp-block-buttons is-content-justification-center is-layout-flex wp-container-core-buttons-is-layout-a89b3969 wp-block-buttons-is-layout-flex\">\n<div class=\"wp-block-button\"><a class=\"wp-block-button__link wp-element-button\" href=\"https:\/\/obera.fr\/wp-content\/uploads\/2025\/04\/brochure-dustomat-hydro-de.pdf\">Brosch\u00fcre herunterladen<\/a><\/div>\n<\/div>\n<\/div>\n\n\n\n<div class=\"wp-block-column is-layout-flow wp-block-column-is-layout-flow\"><\/div>\n<\/div>\n\n\n\n<h2 class=\"wp-block-heading\">DUSTOMAT HYDRO: Was sind seine Vorteile?  <\/h2>\n\n\n\n<p>Die Entstauber der DUSTOMAT HYDRO Serie sind die Antwort auf <strong>die ersten Probleme der Luftqualit\u00e4t in der Industrie<\/strong>, indem sie die Gesundheit und Sicherheit der Produktionsmitarbeiter verbessern. Die Entscheidung f\u00fcr einen nassen <strong>Entstauber<\/strong> schafft eine ges\u00fcndere und angenehmere Arbeitsumgebung und erf\u00fcllt die geltenden Umweltstandards. Um den Komfort der Nutzer zu erh\u00f6hen, sind die Modelle dieser Serie kompakt und leise. Um Platzprobleme zu l\u00f6sen, kann das Ger\u00e4t innen oder au\u00dfen aufgestellt werden.<\/p>\n\n\n\n<p>Die innovative Hydrozyklon-Technologie sorgt auf zweierlei Weise f\u00fcr mehr <strong>Sicherheit<\/strong> am Arbeitsplatz: Sie reduziert das Risiko von Staubbr\u00e4nden und verhindert, dass sich der Staub auf den Ger\u00e4ten ansammelt und die Maschinen besch\u00e4digt.<\/p>\n\n\n\n<p><strong>Das System ist so konzipiert, dass es wenig Wasser verbraucht<\/strong>, was zu Einsparungen bei Ihrer Energierechnung f\u00fchrt.<\/p>\n\n\n\n<div class=\"wp-block-columns is-layout-flex wp-container-core-columns-is-layout-28f84493 wp-block-columns-is-layout-flex\">\n<div class=\"wp-block-column is-layout-flow wp-block-column-is-layout-flow\">\n<h3 class=\"wp-block-heading\">Vorteile :<\/h3>\n\n\n\n<ul class=\"wp-block-list\">\n<li>Mehr Sicherheit auch in explosiven Umgebungen ;<\/li>\n\n\n\n<li>Geringer Energie- und Wasserverbrauch durch Wasserregulierung;<\/li>\n\n\n\n<li>Einfache Bedienung mit Touchscreen ;<\/li>\n\n\n\n<li>Einfach zu bedienen und zu warten,<strong> <\/strong>niedrige Betriebskosten.<\/li>\n<\/ul>\n<\/div>\n\n\n\n<div class=\"wp-block-column is-layout-flow wp-block-column-is-layout-flow\">\n<h3 class=\"wp-block-heading\">Besonderheiten :<\/h3>\n\n\n\n<ul class=\"wp-block-list\">\n<li>Ein hochleistungsf\u00e4higes, mehrstufiges System zur Abscheidung von Feinstaub, brennbarem Staub und Funkenflug;<\/li>\n\n\n\n<li>Trennsch\u00e4rfe bis zu 99,995% ;<\/li>\n\n\n\n<li>Einzel- oder Mehrplatzabsaugung.<\/li>\n<\/ul>\n<\/div>\n\n\n\n<div class=\"wp-block-column is-layout-flow wp-block-column-is-layout-flow\">\n<h3 class=\"wp-block-heading\">Merkmale :<\/h3>\n\n\n\n<ul class=\"wp-block-list\">\n<li>Entspricht der ATEX-Norm ;<\/li>\n\n\n\n<li>Leiser Betrieb ;<\/li>\n\n\n\n<li>Optional: Rezirkulationsbetrieb (Reduzierung der Heizkosten).<\/li>\n<\/ul>\n<\/div>\n<\/div>\n\n\n\n<div class=\"wp-block-columns is-layout-flex wp-container-core-columns-is-layout-28f84493 wp-block-columns-is-layout-flex\">\n<div class=\"wp-block-column is-layout-flow wp-block-column-is-layout-flow\">\n<figure class=\"wp-block-image size-full is-resized\"><img decoding=\"async\" width=\"600\" height=\"600\" src=\"https:\/\/obera.fr\/wp-content\/uploads\/2022\/11\/norme-atex.jpg\" alt=\"Atex-Standard\" class=\"wp-image-15992\" style=\"width:300px;height:300px\" srcset=\"https:\/\/obera.fr\/wp-content\/uploads\/2022\/11\/norme-atex.jpg 600w, https:\/\/obera.fr\/wp-content\/uploads\/2022\/11\/norme-atex-300x300.jpg 300w, https:\/\/obera.fr\/wp-content\/uploads\/2022\/11\/norme-atex-150x150.jpg 150w\" sizes=\"(max-width: 600px) 100vw, 600px\" \/><\/figure>\n<\/div>\n\n\n\n<div class=\"wp-block-column is-layout-flow wp-block-column-is-layout-flow\">\n<figure class=\"wp-block-image size-full is-resized\"><img decoding=\"async\" width=\"600\" height=\"600\" src=\"https:\/\/obera.fr\/wp-content\/uploads\/2022\/11\/dustomat-hydro-2.jpg\" alt=\"dustomat hydro 2\" class=\"wp-image-15995\" style=\"width:300px;height:300px\" srcset=\"https:\/\/obera.fr\/wp-content\/uploads\/2022\/11\/dustomat-hydro-2.jpg 600w, https:\/\/obera.fr\/wp-content\/uploads\/2022\/11\/dustomat-hydro-2-300x300.jpg 300w, https:\/\/obera.fr\/wp-content\/uploads\/2022\/11\/dustomat-hydro-2-150x150.jpg 150w\" sizes=\"(max-width: 600px) 100vw, 600px\" \/><\/figure>\n<\/div>\n\n\n\n<div class=\"wp-block-column is-layout-flow wp-block-column-is-layout-flow\">\n<figure class=\"wp-block-image size-full is-resized\"><img decoding=\"async\" width=\"600\" height=\"600\" src=\"https:\/\/obera.fr\/wp-content\/uploads\/2022\/11\/vanne-de-vidange.jpg\" alt=\"Ablassventil\" class=\"wp-image-15998\" style=\"width:300px;height:300px\" srcset=\"https:\/\/obera.fr\/wp-content\/uploads\/2022\/11\/vanne-de-vidange.jpg 600w, https:\/\/obera.fr\/wp-content\/uploads\/2022\/11\/vanne-de-vidange-300x300.jpg 300w, https:\/\/obera.fr\/wp-content\/uploads\/2022\/11\/vanne-de-vidange-150x150.jpg 150w\" sizes=\"(max-width: 600px) 100vw, 600px\" \/><\/figure>\n<\/div>\n<\/div>\n\n\n\n<div class=\"wp-block-buttons is-content-justification-center is-layout-flex wp-container-core-buttons-is-layout-a89b3969 wp-block-buttons-is-layout-flex\">\n<div class=\"wp-block-button\"><a class=\"wp-block-button__link wp-element-button\" href=\"https:\/\/obera.fr\/de\/contact\/\">Testen des DUSTOMAT HYDRO<\/a><\/div>\n<\/div>\n","protected":false},"excerpt":{"rendered":"<p>Entdecken Sie unser Sortiment an DUSTOMAT HYDRO Nassabscheidern, die Leistung und Effizienz bei der Entfernung von leicht entz\u00fcndlichen Stoffen bieten. Industrieller Staubabscheider DUSTOMAT HYDRO: Wie funktioniert er und wie wird er eingesetzt? Die Hauptst\u00e4rke der DUSTOMAT HYDRO-Serie liegt in der innovativen, mehrstufigen Abscheidetechnologie zur Erfassung von Staub und Funken. Die verunreinigte Luft wird von einem Ventilator angesaugt, der in den Staubf\u00e4nger integriert ist. Die Luftgeschwindigkeit wird reduziert, so dass die schweren Partikel in einen Auffangbeh\u00e4lter fallen k\u00f6nnen. Die Luft wird dann durch einen Hydrozyklon geleitet, der die Zentrifugalkraft nutzt, um feine Partikel aus dem Wasser zu entfernen. Diese Partikel werden &#8230; <\/p>\n<p class=\"read-more-container\"><a title=\"DUSTOMAT HYDRO : Station\u00e4rer Nass-Staubabscheider\" class=\"read-more button\" href=\"https:\/\/obera.fr\/de\/produits\/depoussiereurs-industriels\/fest\/depoussiereur-a-voie-humide-dustomat-hydro\/#more-31801\" aria-label=\"Mehr Informationen \u00fcber DUSTOMAT HYDRO : Station\u00e4rer Nass-Staubabscheider\">Lire la suite<\/a><\/p>\n","protected":false},"author":4,"featured_media":83739,"parent":31764,"menu_order":0,"comment_status":"closed","ping_status":"closed","template":"","meta":{"_acf_changed":false,"_seopress_robots_primary_cat":"","_seopress_titles_title":"DUSTOMAT HYDRO Nass-Entstauber von oberA","_seopress_titles_desc":"Entdecken Sie unser Sortiment an DUSTOMAT HYDRO Nassabscheidern, die Leistung und Effizienz bei der Entfernung von leicht entz\u00fcndlichen Stoffen bieten.","_seopress_robots_index":"","footnotes":""},"class_list":{"0":"post-31801","1":"page","2":"type-page","3":"status-publish","4":"has-post-thumbnail","6":"no-featured-image-padding","7":"resize-featured-image"},"acf":[],"_links":{"self":[{"href":"https:\/\/obera.fr\/de\/wp-json\/wp\/v2\/pages\/31801","targetHints":{"allow":["GET"]}}],"collection":[{"href":"https:\/\/obera.fr\/de\/wp-json\/wp\/v2\/pages"}],"about":[{"href":"https:\/\/obera.fr\/de\/wp-json\/wp\/v2\/types\/page"}],"author":[{"embeddable":true,"href":"https:\/\/obera.fr\/de\/wp-json\/wp\/v2\/users\/4"}],"replies":[{"embeddable":true,"href":"https:\/\/obera.fr\/de\/wp-json\/wp\/v2\/comments?post=31801"}],"version-history":[{"count":8,"href":"https:\/\/obera.fr\/de\/wp-json\/wp\/v2\/pages\/31801\/revisions"}],"predecessor-version":[{"id":91948,"href":"https:\/\/obera.fr\/de\/wp-json\/wp\/v2\/pages\/31801\/revisions\/91948"}],"up":[{"embeddable":true,"href":"https:\/\/obera.fr\/de\/wp-json\/wp\/v2\/pages\/31764"}],"wp:featuredmedia":[{"embeddable":true,"href":"https:\/\/obera.fr\/de\/wp-json\/wp\/v2\/media\/83739"}],"wp:attachment":[{"href":"https:\/\/obera.fr\/de\/wp-json\/wp\/v2\/media?parent=31801"}],"curies":[{"name":"wp","href":"https:\/\/api.w.org\/{rel}","templated":true}]}}