{"id":31814,"date":"2020-08-26T12:34:20","date_gmt":"2020-08-26T10:34:20","guid":{"rendered":"https:\/\/obera.fr\/mobile-staubsammler\/"},"modified":"2026-02-06T13:18:08","modified_gmt":"2026-02-06T11:18:08","slug":"mobil","status":"publish","type":"page","link":"https:\/\/obera.fr\/de\/produits\/depoussiereurs-industriels\/mobil\/","title":{"rendered":"Mobile Staubsammler"},"content":{"rendered":"\n<p>Unsere <strong>mobilen Entstauber<\/strong> bilden eine Reihe von leistungsstarken und leicht zu bewegenden <a href=\"https:\/\/obera.fr\/de\/produits\/depoussiereurs-industriels\/\" data-type=\"page\" data-id=\"31\">Industrie-Entstaubern<\/a>. Diese Ger\u00e4te passen sich perfekt an Ihre Umgebung an f\u00fcr optimalen Arbeitskomfort und garantierte Effizienz. <\/p>\n\n<p>Diese <strong>Luftbehandlungsanlagen<\/strong> sind daf\u00fcr vorgesehen, direkt \u00fcber ein Kanalsystem an Produktionsmaschinen angeschlossen zu werden oder einen mobilen Arbeitsplatz mithilfe eines <a href=\"https:\/\/obera.fr\/de\/produits\/bras-dispositifs-captation\/capot-industriel\/\">Absaugarms<\/a> oder einer Absaughaube abzusaugen, um alle Arten von St\u00e4uben und Schadstoffen in gro\u00dfen Mengen direkt an der Quelle zu erfassen.<\/p>\n\n\n<h2 class=\"wp-block-heading\">Unsere Produktpalette an mobilen Entstaubern:<\/h2>\n\n<div class=\"wp-block-columns is-layout-flex wp-container-core-columns-is-layout-28f84493 wp-block-columns-is-layout-flex\">\n<div class=\"wp-block-column is-vertically-aligned-top is-layout-flow wp-block-column-is-layout-flow\">\n<h3 class=\"wp-block-heading has-text-align-center\"><a href=\"https:\/\/obera.fr\/de\/produits\/depoussiereurs-industriels\/mobil\/extracteur-de-poussiere-dustomat-dry\/\">DUSTOMAT DRY<\/a><\/h3>\n\n\n\n<figure class=\"wp-block-image aligncenter size-medium is-resized\"><a href=\"https:\/\/obera.fr\/de\/produits\/depoussiereurs-industriels\/mobil\/extracteur-de-poussiere-dustomat-dry\/\"><img decoding=\"async\" width=\"300\" height=\"300\" src=\"https:\/\/obera.fr\/wp-content\/uploads\/2023\/09\/dustomat-dry-300x300.png\" alt=\"dustomat dry\" class=\"wp-image-24355\" srcset=\"https:\/\/obera.fr\/wp-content\/uploads\/2023\/09\/dustomat-dry-300x300.png 300w, https:\/\/obera.fr\/wp-content\/uploads\/2023\/09\/dustomat-dry-150x150.png 150w, https:\/\/obera.fr\/wp-content\/uploads\/2023\/09\/dustomat-dry.png 320w\" sizes=\"(max-width: 300px) 100vw, 300px\" \/><\/a><figcaption class=\"wp-element-caption\">DUSTOMAT DRY<\/figcaption><\/figure>\n\n\n\n<p>Der DUSTOMAT DRY ist ein <a href=\"https:\/\/obera.fr\/de\/produits\/depoussiereurs-industriels\/mobil\/extracteur-de-poussiere-dustomat-dry\/#more-24274\">Entstaubungssystem<\/a>, das perfekt f\u00fcr eine Vielzahl von Industriesektoren geeignet ist. Er bietet die M\u00f6glichkeit, Staubpartikel und Sp\u00e4ne effizient zu entfernen, sei es direkt von Produktionsmaschinen oder durch den Anschluss an eine Absaughaube, einen Absaugarm oder ein Rohrsystem. Erh\u00e4ltlich in vier Leistungsstufen, eignet er sich f\u00fcr mittlere Durchflussbereiche von 2.000 bis 3.500 Kubikmetern pro Stunde.<\/p>\n\n\n\n<p>Obwohl seine Saugleistung betr\u00e4chtlich ist, bleibt der DUSTOMAT DRY bemerkenswert leise und energieeffizient. Er ist zudem mit einem Vorabscheider ausgestattet, der schwere und grobe Partikel erfassen kann. Die Wartung dieses Systems wird durch die Filterreinigung mittels Druckluftstrahl vereinfacht, was nicht nur die Instandhaltung erleichtert, sondern auch zur Verl\u00e4ngerung der Filterlebensdauer beitr\u00e4gt.<\/p>\n\n\n\n<p class=\"has-text-align-center\">Erh\u00e4ltlich in <a href=\"https:\/\/obera.fr\/de\/produits\/atex\/\">ATEX<\/a>-Ausf\u00fchrung.<\/p>\n<\/div>\n\n\n\n<div class=\"wp-block-column is-vertically-aligned-top is-layout-flow wp-block-column-is-layout-flow\">\n<h3 class=\"wp-block-heading has-text-align-center\"><strong><a href=\"https:\/\/obera.fr\/de\/produits\/depoussiereurs-industriels\/mobil\/aspiration-poussiere-dustomat-10\/\">DUSTOMAT 10<\/a><\/strong><\/h3>\n\n\n\n<figure class=\"wp-block-image aligncenter size-medium is-resized\"><a href=\"https:\/\/obera.fr\/de\/produits\/depoussiereurs-industriels\/mobil\/aspiration-poussiere-dustomat-10\/\"><img decoding=\"async\" width=\"300\" height=\"300\" src=\"https:\/\/obera.fr\/wp-content\/uploads\/2020\/10\/extracteur-poussiere-mobile-DUSTOMAT-10-300x300.png\" alt=\"Mobiler Staubsauger Dustomat 10\" class=\"wp-image-1306\" srcset=\"https:\/\/obera.fr\/wp-content\/uploads\/2020\/10\/extracteur-poussiere-mobile-DUSTOMAT-10-300x300.png 300w, https:\/\/obera.fr\/wp-content\/uploads\/2020\/10\/extracteur-poussiere-mobile-DUSTOMAT-10-150x150.png 150w, https:\/\/obera.fr\/wp-content\/uploads\/2020\/10\/extracteur-poussiere-mobile-DUSTOMAT-10.png 600w\" sizes=\"(max-width: 300px) 100vw, 300px\" \/><\/a><figcaption class=\"wp-element-caption\">DUSTOMAT 10<\/figcaption><\/figure>\n\n\n\n<p>Der <a href=\"https:\/\/obera.fr\/de\/produits\/depoussiereurs-industriels\/mobil\/aspiration-poussiere-dustomat-10\/\" data-type=\"page\" data-id=\"445\">Entstauber DUSTOMAT 10<\/a> mit hoher Saugleistung. Er ist in der Lage, sowohl St\u00e4ube als auch Holz-, Kunststoff- und Metallsp\u00e4ne zu verarbeiten. Die Erfassung erfolgt entweder durch direkten Anschluss an die Produktionsmaschine \u00fcber ein Kanalsystem oder durch Hinzuf\u00fcgen eines Absaugarms oder einer Absaughaube. <\/p>\n\n\n\n<p>Die Reinigung der Patronenfilter kann manuell mit einem rotierenden B\u00fcrstensystem oder automatisch mit einem Druckluftstrahl erfolgen. Dieses <strong>Filterger\u00e4t<\/strong> ist ideal f\u00fcr Einzelarbeitspl\u00e4tze, Produktionsmaschinen oder in der N\u00e4he von Handarbeitspl\u00e4tzen. Das kippbare Geh\u00e4use und der Fangsack erm\u00f6glichen eine einfache und schnelle Entsorgung des gesammelten Abfalls.  <\/p>\n<\/div>\n\n\n\n<div class=\"wp-block-column is-layout-flow wp-block-column-is-layout-flow\">\n<h3 class=\"wp-block-heading has-text-align-center\"><strong><a href=\"https:\/\/obera.fr\/de\/produits\/depoussiereurs-industriels\/mobil\/extracteur-poussiere-pulverulente-dustomat-16m\/\">DUSTOMAT 16<\/a><\/strong><\/h3>\n\n\n\n<figure class=\"wp-block-image aligncenter size-medium\"><a href=\"https:\/\/obera.fr\/de\/produits\/depoussiereurs-industriels\/mobil\/extracteur-poussiere-pulverulente-dustomat-16m\/\"><img decoding=\"async\" width=\"300\" height=\"300\" src=\"https:\/\/obera.fr\/wp-content\/uploads\/2020\/10\/extracteur-poussiere-pulverulente-DUSTOMAT-16-300x300.png\" alt=\"Staubabsaugung Dustomat 16\" class=\"wp-image-1307\" srcset=\"https:\/\/obera.fr\/wp-content\/uploads\/2020\/10\/extracteur-poussiere-pulverulente-DUSTOMAT-16-300x300.png 300w, https:\/\/obera.fr\/wp-content\/uploads\/2020\/10\/extracteur-poussiere-pulverulente-DUSTOMAT-16-150x150.png 150w, https:\/\/obera.fr\/wp-content\/uploads\/2020\/10\/extracteur-poussiere-pulverulente-DUSTOMAT-16.png 600w\" sizes=\"(max-width: 300px) 100vw, 300px\" \/><\/a><figcaption class=\"wp-element-caption\">DUSTOMAT 16<\/figcaption><\/figure>\n\n\n\n<p><strong>DUSTOMAT 16<\/strong> ist ein Ger\u00e4t, das f\u00fcr hochmobile Arbeiten und speziell f\u00fcr die <a href=\"https:\/\/obera.fr\/de\/produits\/depoussiereurs-industriels\/mobil\/extracteur-poussiere-pulverulente-dustomat-16m\/\" data-type=\"page\" data-id=\"449\">Absaugung von pulverf\u00f6rmigen St\u00e4uben<\/a> entwickelt wurde. Das hei\u00dft, mineralische St\u00e4ube (Stein, Graphit oder Beton), Kunststoff- oder Metallst\u00e4ube, Holz- und Metallsp\u00e4ne. <\/p>\n\n\n\n<p>Die Absaugung<strong>des Staubs<\/strong> erfolgt mit einem Absaugarm. Die Reinigung der Filterpatronen kann manuell oder automatisch erfolgen, um eine lange Lebensdauer der Filterpatronen zu gew\u00e4hrleisten. Der Staubfangsack ist robust und wiederverwendbar, so dass die Kosten f\u00fcr Verbrauchsmaterial gering sind.  <\/p>\n<\/div>\n<\/div>\n\n<div class=\"wp-block-columns is-layout-flex wp-container-core-columns-is-layout-28f84493 wp-block-columns-is-layout-flex\">\n<div class=\"wp-block-column is-layout-flow wp-block-column-is-layout-flow\">\n<h3 class=\"wp-block-heading has-text-align-center\"><strong><strong><a href=\"https:\/\/obera.fr\/de\/produits\/depoussiereurs-industriels\/mobil\/srf-k\/\">SRF K<\/a><\/strong><\/strong><\/h3>\n\n\n\n<figure class=\"wp-block-image aligncenter size-medium\"><a href=\"https:\/\/obera.fr\/de\/produits\/depoussiereurs-industriels\/mobil\/srf-k\/\"><img decoding=\"async\" width=\"240\" height=\"300\" src=\"https:\/\/obera.fr\/wp-content\/uploads\/2025\/05\/srf-k-1-240x300.png\" alt=\"Mobiler Entstauber SRF-K\" class=\"wp-image-104035\" srcset=\"https:\/\/obera.fr\/wp-content\/uploads\/2025\/05\/srf-k-1-240x300.png 240w, https:\/\/obera.fr\/wp-content\/uploads\/2025\/05\/srf-k-1-819x1024.png 819w, https:\/\/obera.fr\/wp-content\/uploads\/2025\/05\/srf-k-1-768x960.png 768w, https:\/\/obera.fr\/wp-content\/uploads\/2025\/05\/srf-k-1.png 1080w\" sizes=\"(max-width: 240px) 100vw, 240px\" \/><\/a><figcaption class=\"wp-element-caption\">SRF-K<\/figcaption><\/figure>\n\n\n\n<p>Der SRF K ist auch ein leistungsst\u00e4rkerer <a href=\"https:\/\/obera.fr\/de\/produits\/depoussiereurs-industriels\/mobil\/srf-k\/\" data-type=\"page\" data-id=\"436\">Schwei\u00dfrauchabsauger<\/a>, der eine punktuelle oder kontinuierliche Absaugung erm\u00f6glicht. Die D\u00e4mpfe werden zu 99,9 % gefiltert, wodurch die gefilterte Luft in den Arbeitsbereich zur\u00fcckgef\u00fchrt werden kann. <\/p>\n\n\n\n<p>Erh\u00e4ltlich in zwei Versionen: der <strong>SRF K-10<\/strong>, der den Anschluss eines Absaugarms oder einer Absaughaube erm\u00f6glicht, ideal f\u00fcr einen Schwei\u00dfarbeitsplatz, und der <strong>SRF K-15<\/strong>, der bis zu zwei Absaugarme aufnehmen kann und somit zwei Schwei\u00dfarbeitspl\u00e4tze gleichzeitig bedient. <\/p>\n\n\n\n<p>Je nach Anwendung kann er (optional) mit Aktivkohlefiltern ausgestattet werden, die f\u00fcr die Absaugung von L\u00f6trauch oder anderen geruchsverursachenden Schadstoffen konzipiert sind. Zur Reinigung der Filtermedien k\u00f6nnen diese Ger\u00e4te entweder mit einem manuellen Rotationsabreinigungssystem oder einem automatischen Abreinigungssystem ausgestattet werden.<\/p>\n\n\n\n<p><\/p>\n<\/div>\n\n\n\n<div class=\"wp-block-column is-vertically-aligned-top is-layout-flow wp-block-column-is-layout-flow\">\n<h3 class=\"wp-block-heading has-text-align-center\"><strong><a href=\"https:\/\/obera.fr\/de\/produits\/depoussiereurs-industriels\/mobil\/extracteur-poussiere-dustomat-4\/\">DUSTOMAT 4<\/a><\/strong><\/h3>\n\n\n\n<figure class=\"wp-block-image aligncenter size-medium\"><a href=\"https:\/\/obera.fr\/de\/produits\/depoussiereurs-industriels\/mobil\/extracteur-poussiere-dustomat-4\/\"><img decoding=\"async\" width=\"300\" height=\"300\" src=\"https:\/\/obera.fr\/wp-content\/uploads\/2020\/08\/extracteur-poussiere-Dustomat-4-ATEX-300x300.png\" alt=\"Staubabsauger Dustomat 4 Atex\" class=\"wp-image-677\" srcset=\"https:\/\/obera.fr\/wp-content\/uploads\/2020\/08\/extracteur-poussiere-Dustomat-4-ATEX-300x300.png 300w, https:\/\/obera.fr\/wp-content\/uploads\/2020\/08\/extracteur-poussiere-Dustomat-4-ATEX-150x150.png 150w, https:\/\/obera.fr\/wp-content\/uploads\/2020\/08\/extracteur-poussiere-Dustomat-4-ATEX.png 600w\" sizes=\"(max-width: 300px) 100vw, 300px\" \/><\/a><figcaption class=\"wp-element-caption\">Dustomat 4<\/figcaption><\/figure>\n\n\n\n<p>Der DUSTOMAT 4 ist ein <a href=\"https:\/\/obera.fr\/de\/produits\/depoussiereurs-industriels\/mobil\/extracteur-poussiere-dustomat-4\/\" data-type=\"page\" data-id=\"440\">Entstauber, der f\u00fcr nahezu alle Industriesektoren geeignet ist<\/a>. Er kann St\u00e4ube und Sp\u00e4ne direkt von der Produktionsmaschine absaugen, aber auch an eine Absaughaube, einen Absaugarm oder ein Kanalsystem angeschlossen werden. Mit zwei Saugleistungsstufen wurde er so konzipiert, dass er eine effiziente und leistungsstarke Luftzirkulation gew\u00e4hrleistet. <\/p>\n\n\n\n<p>Er ist <strong>leise<\/strong> und verbraucht trotz seiner hohen Saugkraft sehr wenig Energie. Er ist mit einem Vorabscheider f\u00fcr grobe und schwere Partikel ausgestattet. Die Reinigung der Filter (Cleaning) erfolgt durch Druckluft, was die Wartung erleichtert und die Lebensdauer der Filterpatronen garantiert.  <\/p>\n\n\n\n<p>(Erh\u00e4ltlich in <a href=\"https:\/\/obera.fr\/de\/produits\/atex\/\" data-type=\"page\" data-id=\"372\">ATEX<\/a>-Ausf\u00fchrung)<\/p>\n<\/div>\n\n\n\n<div class=\"wp-block-column is-layout-flow wp-block-column-is-layout-flow\">\n<h3 class=\"wp-block-heading has-text-align-center\"><a href=\"https:\/\/obera.fr\/de\/produits\/depoussiereurs-industriels\/mobil\/na-2-2-depoussiereur-a-voie-humide\/\" data-type=\"page\" data-id=\"29480\">NA 2.2<\/a><\/h3>\n\n\n\n<figure class=\"wp-block-image aligncenter size-medium\"><a href=\"https:\/\/obera.fr\/de\/produits\/depoussiereurs-industriels\/mobil\/na-2-2-depoussiereur-a-voie-humide\/\"><img decoding=\"async\" width=\"300\" height=\"300\" src=\"https:\/\/obera.fr\/wp-content\/uploads\/2024\/04\/obera-na-2-2-depoussiereur-a-voie-humide-mobile-300x300.jpg\" alt=\"obera na 2 2 mobiler nasser Staubabscheider\" class=\"wp-image-29475\" srcset=\"https:\/\/obera.fr\/wp-content\/uploads\/2024\/04\/obera-na-2-2-depoussiereur-a-voie-humide-mobile-300x300.jpg 300w, https:\/\/obera.fr\/wp-content\/uploads\/2024\/04\/obera-na-2-2-depoussiereur-a-voie-humide-mobile-150x150.jpg 150w, https:\/\/obera.fr\/wp-content\/uploads\/2024\/04\/obera-na-2-2-depoussiereur-a-voie-humide-mobile.jpg 600w\" sizes=\"(max-width: 300px) 100vw, 300px\" \/><\/a><figcaption class=\"wp-element-caption\">NA 2.2<\/figcaption><\/figure>\n<\/div>\n<\/div>\n\n<div class=\"wp-block-buttons is-horizontal is-content-justification-center is-layout-flex wp-container-core-buttons-is-layout-03627597 wp-block-buttons-is-layout-flex\">\n<div class=\"wp-block-button\"><a class=\"wp-block-button__link wp-element-button\" href=\"https:\/\/obera.fr\/de\/contact\/\">Weitere Informationen<\/a><\/div>\n<\/div>\n\n<div style=\"height:42px\" aria-hidden=\"true\" class=\"wp-block-spacer\"><\/div>\n\n<div class=\"wp-block-columns is-layout-flex wp-container-core-columns-is-layout-28f84493 wp-block-columns-is-layout-flex\">\n<div class=\"wp-block-column is-layout-flow wp-block-column-is-layout-flow\" style=\"flex-basis:60%\">\n<h3 class=\"wp-block-heading\">Schl\u00fcsselfertiger Mietservice f\u00fcr Ihre Entstaubungsbed\u00fcrfnisse<\/h3>\n\n\n\n<p>Werden Sie agil mit der <strong>Miete von mobilen OberA Entstaubern<\/strong>. Direkt an Ihre Maschinen, Hauben oder Absaugarme angeschlossen, erfassen unsere Systeme St\u00e4ube, Sp\u00e4ne, D\u00e4mpfe, \u00d6lnebel und Ger\u00fcche direkt an der Quelle. Je nach Anwendung setzen wir die passende Technologie ein: Jet-Pulse-Patronen\/Schl\u00e4uche, manuelles B\u00fcrsten\/Rotieren oder Nassverfahren f\u00fcr <strong>Metallst\u00e4ube und Funken<\/strong> (ATEX-Versionen verf\u00fcgbar). Angepasste Durchflussmengen vom Einzelarbeitsplatz bis zu Mehrplatzlinien.   <\/p>\n\n\n\n<p><\/p>\n\n\n\n<p>Im Betrieb ist alles darauf ausgelegt, Ihnen <strong>Zeit zu sparen<\/strong>: schnelle Inbetriebnahme, Wartung inklusive, Verbrauchsmaterialien werden \u00fcberwacht und die Ger\u00e4teflotte kann w\u00e4hrend des Projekts angepasst werden (Leistungssteigerung\/-reduzierung, Hinzuf\u00fcgen von Erfassungspunkten). <strong>Flexible Vertr\u00e4ge<\/strong> (kurz-\/langfristig, mehrere Standorte) und Kaufoption mit Mietanrechnung m\u00f6glich.<\/p>\n\n\n\n<p><\/p>\n\n\n\n<div class=\"wp-block-buttons is-content-justification-center is-layout-flex wp-container-core-buttons-is-layout-a89b3969 wp-block-buttons-is-layout-flex\">\n<div class=\"wp-block-button\"><a class=\"wp-block-button__link wp-element-button\" href=\"https:\/\/obera.fr\/de\/location-sans-engagement\/\">Mobilen Entstauber mieten<\/a><\/div>\n<\/div>\n<\/div>\n\n\n\n<div class=\"wp-block-column is-vertically-aligned-center is-layout-flow wp-block-column-is-layout-flow\" style=\"flex-basis:30%\">\n<figure class=\"wp-block-image aligncenter size-full\"><img decoding=\"async\" width=\"500\" height=\"500\" src=\"https:\/\/obera.fr\/wp-content\/uploads\/2025\/02\/dustomat-dry-sans-fond.png\" alt=\"Dustomat Dry ohne Boden\" class=\"wp-image-59961\" srcset=\"https:\/\/obera.fr\/wp-content\/uploads\/2025\/02\/dustomat-dry-sans-fond.png 500w, https:\/\/obera.fr\/wp-content\/uploads\/2025\/02\/dustomat-dry-sans-fond-300x300.png 300w, https:\/\/obera.fr\/wp-content\/uploads\/2025\/02\/dustomat-dry-sans-fond-150x150.png 150w, https:\/\/obera.fr\/wp-content\/uploads\/2025\/02\/dustomat-dry-sans-fond-400x400.png 400w\" sizes=\"(max-width: 500px) 100vw, 500px\" \/><\/figure>\n<\/div>\n<\/div>\n\n<div style=\"height:45px\" aria-hidden=\"true\" class=\"wp-block-spacer\"><\/div>\n\n<h2 class=\"wp-block-heading\">Welche Schadstoffe k\u00f6nnen unsere mobilen Entstaubungssysteme behandeln?<\/h2>\n\n<p>Unsere <a href=\"https:\/\/obera.fr\/de\/produits\/depoussiereurs-industriels\/petits\/\">kleinen mobilen Entstauber<\/a> sind in der Lage, <strong>Feinst\u00e4ube und Sp\u00e4ne<\/strong>, aber auch \u00d6lnebel, D\u00e4mpfe und Ger\u00fcche in verschiedenen Industriezweigen wie Metall, Kunststoff, Holz, Mineralien, Textil oder Papier\/Karton zu behandeln.<\/p>\n\n<p>St\u00e4ube und andere Schadstoffe m\u00fcssen behandelt werden, da sie ein Risiko f\u00fcr den menschlichen K\u00f6rper darstellen. Das Einatmen von verschmutzter Luft kann krebserregende, mutagene und reproduktionstoxische Krankheiten verursachen. Es ist f\u00fcr die Arbeiter, die Produktionsqualit\u00e4t, aber auch zur Einhaltung der Gesetze unerl\u00e4sslich, die verschmutzte Luft zu behandeln.<\/p>\n\n<h2 class=\"wp-block-heading\">Wie w\u00e4hlt man das richtige Entstaubungssystem?<\/h2>\n\n<p>Es ist wichtig, den richtigen <a href=\"https:\/\/obera.fr\/de\/produits\/depoussiereurs-industriels\/fest\/\" data-type=\"link\" data-id=\"https:\/\/obera.fr\/produits\/depoussiereurs-industriels\/fixes\/\">station\u00e4ren Entstauber<\/a> zu w\u00e4hlen, da das Ger\u00e4t verschlei\u00dfen und nicht mehr funktionieren kann. Wenn Sie selbst recherchieren, m\u00fcssen Sie sich zun\u00e4chst \u00fcber die Filterkapazit\u00e4ten des Ger\u00e4ts informieren. Dies h\u00e4ngt von Ihrem Schadstoff, seiner Gr\u00f6\u00dfe, seinem Zustand (fest oder gasf\u00f6rmig) und seiner Menge ab. Dies erm\u00f6glicht Ihnen die Auswahl des Filtertyps, den der <a href=\"https:\/\/obera.fr\/de\/produits\/depoussiereurs-industriels\/fest\/depoussiereur-a-voie-humide-dustomat-hydro\/\" data-type=\"page\" data-id=\"15983\">industrielle Nassentstauber<\/a> besitzen sollte. Als N\u00e4chstes m\u00fcssen Sie sich \u00fcber die Leistung des Ger\u00e4ts, d.h. seinen Durchfluss, informieren. Der Durchfluss des Ger\u00e4ts h\u00e4ngt wiederum von der Menge Ihres Schadstoffs, aber auch von der Gr\u00f6\u00dfe des zu behandelnden Raumes ab. Je gr\u00f6\u00dfer der Raum, desto mehr Durchfluss wird ben\u00f6tigt.<\/p>\n\n<p>Danach m\u00fcssen Sie wissen, welches Zubeh\u00f6r Sie f\u00fcr Ihre Maschine ben\u00f6tigen: einen Kanal zum Anschluss an die Produktionsmaschine oder einen Absaugarm f\u00fcr einen Arbeitsplatz.<\/p>\n\n<div class=\"wp-block-buttons is-horizontal is-content-justification-center is-layout-flex wp-container-core-buttons-is-layout-03627597 wp-block-buttons-is-layout-flex\">\n<div class=\"wp-block-button\"><a class=\"wp-block-button__link wp-element-button\" href=\"https:\/\/obera.fr\/de\/contact\/\">Weitere Informationen<\/a><\/div>\n<\/div>\n\n<hr class=\"wp-block-separator has-css-opacity\"\/>\n\n<div class=\"wp-block-group is-layout-flow wp-block-group-is-layout-flow\">\n<h2 class=\"wp-block-heading\">Weitere Produkte aus der oberA Industrie-Entstauber-Reihe<\/h2>\n\n\n\n<div class=\"wp-block-buttons is-content-justification-center is-layout-flex wp-container-core-buttons-is-layout-a89b3969 wp-block-buttons-is-layout-flex\">\n<div class=\"wp-block-button\"><a class=\"wp-block-button__link wp-element-button\" href=\"https:\/\/obera.fr\/de\/produits\/depoussiereurs-industriels\/fest\/\">Station\u00e4re Entstauber <\/a><\/div>\n\n\n\n<div class=\"wp-block-button\"><a class=\"wp-block-button__link wp-element-button\" href=\"https:\/\/obera.fr\/de\/produits\/depoussiereurs-industriels\/petits\/\"> <strong>Kleine Staubsammler<\/strong><\/a><\/div>\n<\/div>\n<\/div>\n","protected":false},"excerpt":{"rendered":"<p>Unsere mobilen Entstauber bilden eine Reihe von leistungsstarken und leicht zu bewegenden Industrie-Entstaubern. Diese Ger\u00e4te passen sich perfekt an Ihre Umgebung an f\u00fcr optimalen Arbeitskomfort und garantierte Effizienz. Diese Luftbehandlungsanlagen sind daf\u00fcr vorgesehen, direkt \u00fcber ein Kanalsystem an Produktionsmaschinen angeschlossen zu werden oder einen mobilen Arbeitsplatz mithilfe eines Absaugarms oder einer Absaughaube abzusaugen, um alle Arten von St\u00e4uben und Schadstoffen in gro\u00dfen Mengen direkt an der Quelle zu erfassen. Unsere Produktpalette an mobilen Entstaubern: DUSTOMAT DRY Der DUSTOMAT DRY ist ein Entstaubungssystem, das perfekt f\u00fcr eine Vielzahl von Industriesektoren geeignet ist. Er bietet die M\u00f6glichkeit, Staubpartikel und Sp\u00e4ne effizient zu &#8230; <\/p>\n<p class=\"read-more-container\"><a title=\"Mobile Staubsammler\" class=\"read-more button\" href=\"https:\/\/obera.fr\/de\/produits\/depoussiereurs-industriels\/mobil\/#more-31814\" aria-label=\"Mehr Informationen \u00fcber Mobile Staubsammler\">Lire la suite<\/a><\/p>\n","protected":false},"author":4,"featured_media":83739,"parent":32379,"menu_order":0,"comment_status":"closed","ping_status":"closed","template":"","meta":{"_acf_changed":false,"_seopress_robots_primary_cat":"","_seopress_titles_title":"Mobile Entstauber DUSTOMAT, SRF-K und ePURBOX - oberA","_seopress_titles_desc":"Unsere mobilen Industrie-Entstauber passen sich perfekt an Ihre Umgebung an f\u00fcr optimalen Arbeitskomfort und garantierte Effizienz.","_seopress_robots_index":"","_seopress_analysis_target_kw":"d\u00e9poussi\u00e9reurs mobiles","footnotes":""},"class_list":{"0":"post-31814","1":"page","2":"type-page","3":"status-publish","4":"has-post-thumbnail","6":"no-featured-image-padding","7":"resize-featured-image"},"acf":[],"_links":{"self":[{"href":"https:\/\/obera.fr\/de\/wp-json\/wp\/v2\/pages\/31814","targetHints":{"allow":["GET"]}}],"collection":[{"href":"https:\/\/obera.fr\/de\/wp-json\/wp\/v2\/pages"}],"about":[{"href":"https:\/\/obera.fr\/de\/wp-json\/wp\/v2\/types\/page"}],"author":[{"embeddable":true,"href":"https:\/\/obera.fr\/de\/wp-json\/wp\/v2\/users\/4"}],"replies":[{"embeddable":true,"href":"https:\/\/obera.fr\/de\/wp-json\/wp\/v2\/comments?post=31814"}],"version-history":[{"count":13,"href":"https:\/\/obera.fr\/de\/wp-json\/wp\/v2\/pages\/31814\/revisions"}],"predecessor-version":[{"id":141569,"href":"https:\/\/obera.fr\/de\/wp-json\/wp\/v2\/pages\/31814\/revisions\/141569"}],"up":[{"embeddable":true,"href":"https:\/\/obera.fr\/de\/wp-json\/wp\/v2\/pages\/32379"}],"wp:featuredmedia":[{"embeddable":true,"href":"https:\/\/obera.fr\/de\/wp-json\/wp\/v2\/media\/83739"}],"wp:attachment":[{"href":"https:\/\/obera.fr\/de\/wp-json\/wp\/v2\/media?parent=31814"}],"curies":[{"name":"wp","href":"https:\/\/api.w.org\/{rel}","templated":true}]}}