{"id":32043,"date":"2020-08-26T12:54:02","date_gmt":"2020-08-26T10:54:02","guid":{"rendered":"https:\/\/obera.fr\/absaugung-von-schweiss-und-laserrauch-epur-b-ex\/"},"modified":"2026-03-02T12:25:06","modified_gmt":"2026-03-02T10:25:06","slug":"aspiration-fumees-soudage-laser-epur-b-ex","status":"publish","type":"page","link":"https:\/\/obera.fr\/de\/produits\/depoussiereurs-industriels\/petits\/aspiration-fumees-soudage-laser-epur-b-ex\/","title":{"rendered":"Absaugung von Schwei\u00df- und Laserrauch ePUR Ex"},"content":{"rendered":"\n<p><strong>EPUR Ex<\/strong> ist eine Serie von 3<a href=\"https:\/\/obera.fr\/de\/produits\/depoussiereurs-industriels\/petits\/\" data-type=\"page\" data-id=\"393\">mobilen<\/a> ATEX-zertifizierten Abluftsystemen.<\/p>\n\n\n<h2 class=\"wp-block-heading\">Wie funktioniert die Rauchabsaugung beim Schwei\u00dfen\/Lasern?<\/h2>\n\n<div class=\"wp-block-columns is-layout-flex wp-container-core-columns-is-layout-28f84493 wp-block-columns-is-layout-flex\">\n<div class=\"wp-block-column is-layout-flow wp-block-column-is-layout-flow\" style=\"flex-basis:33.33%\">\n<figure class=\"wp-block-image aligncenter size-full is-resized\"><img decoding=\"async\" width=\"670\" height=\"713\" src=\"https:\/\/obera.fr\/wp-content\/uploads\/2026\/02\/output-4-modifie.png\" alt=\"Mobiler Filterkasten ePUR EX&#10;\" class=\"wp-image-144056\" style=\"aspect-ratio:0.9397256050562663;width:313px;height:auto\" srcset=\"https:\/\/obera.fr\/wp-content\/uploads\/2026\/02\/output-4-modifie.png 670w, https:\/\/obera.fr\/wp-content\/uploads\/2026\/02\/output-4-modifie-282x300.png 282w\" sizes=\"(max-width: 670px) 100vw, 670px\" \/><\/figure>\n<\/div>\n\n\n\n<div class=\"wp-block-column is-layout-flow wp-block-column-is-layout-flow\" style=\"flex-basis:66.66%\">\n<p>Die Funktionsweise ist einfach, <strong>die verschmutzte Luft wird direkt \u00fcber einen an der Maschine angeschlossenen Saugschlauch<\/strong>, einen Absaugarm, eine Absaughaube oder direkt an einer Produktionsmaschine \u00fcber ein Kanalnetz <strong>abgesaugt<\/strong>.<\/p>\n\n\n\n<p>Die<strong>verunreinigte Luft<\/strong> wird aufgefangen und durch die verschiedenen Filterstufen aufbereitet.<\/p>\n\n\n\n<p>Die<strong>gereinigte Luft<\/strong> wird dann an der Unterseite des Ger\u00e4ts direkt in den Arbeitsbereich oder \u00fcber ein Netzwerk von Abluftkan\u00e4len ins Freie geleitet.<\/p>\n\n\n\n<div style=\"height:15px\" aria-hidden=\"true\" class=\"wp-block-spacer\"><\/div>\n\n\n\n<div class=\"wp-block-columns is-layout-flex wp-container-core-columns-is-layout-28f84493 wp-block-columns-is-layout-flex\">\n<div class=\"wp-block-column is-layout-flow wp-block-column-is-layout-flow\" style=\"flex-basis:33.34%\">\n<div class=\"wp-block-buttons is-content-justification-center is-layout-flex wp-container-core-buttons-is-layout-a89b3969 wp-block-buttons-is-layout-flex\">\n<div class=\"wp-block-button\"><a class=\"wp-block-button__link wp-element-button\" href=\"https:\/\/obera.fr\/wp-content\/uploads\/2025\/04\/brochure-epur-ex-fr.pdf\">Brosch\u00fcre herunterladen<\/a><\/div>\n<\/div>\n<\/div>\n\n\n\n<div class=\"wp-block-column is-layout-flow wp-block-column-is-layout-flow\" style=\"flex-basis:33.34%\">\n<div class=\"wp-block-buttons is-horizontal is-content-justification-center is-layout-flex wp-container-core-buttons-is-layout-03627597 wp-block-buttons-is-layout-flex\">\n<div class=\"wp-block-button\"><a class=\"wp-block-button__link wp-element-button\" href=\"https:\/\/obera.fr\/de\/contact\/\">Weitere Informationen<\/a><\/div>\n<\/div>\n<\/div>\n\n\n\n<div class=\"wp-block-column is-layout-flow wp-block-column-is-layout-flow\" style=\"flex-basis:33.33%\">\n<div class=\"wp-block-buttons is-content-justification-center is-layout-flex wp-container-core-buttons-is-layout-a89b3969 wp-block-buttons-is-layout-flex\">\n<div class=\"wp-block-button btn-devis-source\"><a class=\"wp-block-button__link wp-element-button\" href=\"https:\/\/obera.fr\/de\/angebotsanfrage\/\">Angebotsanfrage<\/a><\/div>\n<\/div>\n\n\n<script>\r\ndocument.addEventListener('DOMContentLoaded', function() {\r\n    \/\/ 1. On cherche le titre H1 de la page\r\n    var h1 = document.querySelector('h1');\r\n    var productTitle = h1 ? h1.innerText.trim() : \"\";\r\n\r\n    \/\/ 2. On cherche les boutons via la classe CSS .btn-devis-source\r\n    var buttons = document.querySelectorAll('.btn-devis-source a');\r\n\r\n    \/\/ 3. Si on a le titre et les boutons, on ajoute le param\u00e8tre\r\n    if (buttons.length > 0 && productTitle !== \"\") {\r\n        var encodedTitle = encodeURIComponent(productTitle);\r\n\r\n        buttons.forEach(function(btn) {\r\n            var currentHref = btn.getAttribute('href');\r\n            \r\n            \/\/ S\u00e9curit\u00e9 pour ne pas ajouter le param\u00e8tre 2 fois\r\n            if (currentHref.indexOf('sujet=') === -1) {\r\n                var separator = currentHref.indexOf('?') !== -1 ? '&' : '?';\r\n                var newLink = currentHref + separator + 'sujet=' + encodedTitle;\r\n                \r\n                btn.setAttribute('href', newLink);\r\n            }\r\n        });\r\n    }\r\n});\r\n<\/script><\/div>\n<\/div>\n<\/div>\n<\/div>\n\n<p><\/p>\n\n<h2 class=\"wp-block-heading\">F\u00fcr welche Zwecke?<\/h2>\n\n<p>Diese Absaugk\u00e4sten wurden f\u00fcr die Absaugung <strong>von Schwei\u00dfrauch<\/strong>, <strong>L\u00f6trauch<\/strong>, <strong>Staub<\/strong>, <strong>D\u00e4mpfen<\/strong>, <strong>L\u00f6sungsmitteln<\/strong>, <strong>Gasen<\/strong>, <strong>Ger\u00fcchen<\/strong> und allen Arten von gasf\u00f6rmigen <strong>Schadstoffen<\/strong> entwickelt. Die Ger\u00e4te sind auf Rollen und k\u00f6nnen sowohl <a href=\"https:\/\/obera.fr\/de\/produits\/depoussiereurs-industriels\/fest\/\">feste<\/a> als auch mobile Arbeitspl\u00e4tze (bis zu 3 Arbeitspl\u00e4tze oder Produktionsmaschinen) absaugen. Sie sind kompakt und platzsparend und eignen sich f\u00fcr alle Arten von Industriebetrieben. Sie sind <a href=\"https:\/\/obera.fr\/de\/produits\/atex\/\" data-type=\"page\" data-id=\"372\">ATEX-zertifiziert und f\u00fcr den Einsatz in ATEX22-Zonen<\/a> vorgesehen.  <\/p>\n\n<p>Die <strong>EPUR Ex-Serie<\/strong> ist mit S\u00e4ttigungsfiltern ausgestattet, die ausgetauscht werden m\u00fcssen, wenn sie ges\u00e4ttigt sind, was bedeutet, dass die Staub- oder Rauchbelastung relativ gering ist. Bei h\u00f6heren Schadstoffbelastungen und gro\u00dfen Staubmengen sollten regenerierbare (abreinigbare) Filtermedien wie die <a href=\"https:\/\/obera.fr\/de\/produits\/depoussiereurs-industriels\/mobil\/extracteur-poussiere-dustomat-4\/\" data-type=\"page\" data-id=\"440\">DUSTOMAT-<\/a> oder <a href=\"https:\/\/obera.fr\/de\/produits\/depoussiereurs-industriels\/fest\/aspiration-centralisee-industrielle-dustmac\/\" data-type=\"page\" data-id=\"467\">DUSTMAC-Reihe<\/a>&#8230;. bevorzugt werden. <\/p>\n\n<div class=\"wp-block-columns is-layout-flex wp-container-core-columns-is-layout-28f84493 wp-block-columns-is-layout-flex\">\n<div class=\"wp-block-column is-layout-flow wp-block-column-is-layout-flow\">\n<h3 class=\"wp-block-heading has-text-align-center\">Schadstoffe<\/h3>\n\n\n\n<hr class=\"wp-block-separator has-css-opacity is-style-wide\"\/>\n\n\n\n<div class=\"wp-block-columns is-layout-flex wp-container-core-columns-is-layout-28f84493 wp-block-columns-is-layout-flex\">\n<div class=\"wp-block-column is-layout-flow wp-block-column-is-layout-flow\">\n<figure class=\"wp-block-image aligncenter size-large\"><img decoding=\"async\" width=\"70\" height=\"70\" src=\"https:\/\/obera.fr\/wp-content\/uploads\/2020\/08\/industrie-chimie.jpg\" alt=\"Chemische Industrie\" class=\"wp-image-725\"\/><figcaption class=\"wp-element-caption\">Chemischer Staub<\/figcaption><\/figure>\n\n\n\n<figure class=\"wp-block-image aligncenter size-large\"><img decoding=\"async\" width=\"70\" height=\"70\" src=\"https:\/\/obera.fr\/wp-content\/uploads\/2020\/08\/industrie-odeur.jpg\" alt=\"Industrie Geruch\" class=\"wp-image-723\"\/><figcaption class=\"wp-element-caption\">Ger\u00fcche<\/figcaption><\/figure>\n<\/div>\n\n\n\n<div class=\"wp-block-column is-layout-flow wp-block-column-is-layout-flow\">\n<figure class=\"wp-block-image aligncenter size-large\"><img decoding=\"async\" width=\"70\" height=\"70\" src=\"https:\/\/obera.fr\/wp-content\/uploads\/2020\/08\/industrie-fumees.jpg\" alt=\"Industrie Rauch\" class=\"wp-image-722\"\/><figcaption class=\"wp-element-caption\">Rauch<\/figcaption><\/figure>\n\n\n\n<figure class=\"wp-block-image aligncenter size-large\"><img decoding=\"async\" width=\"70\" height=\"70\" src=\"https:\/\/obera.fr\/wp-content\/uploads\/2020\/09\/cov.png\" alt=\"Cov\" class=\"wp-image-959\"\/><figcaption class=\"wp-element-caption\">VOC<\/figcaption><\/figure>\n<\/div>\n<\/div>\n<\/div>\n\n\n\n<div class=\"wp-block-column is-layout-flow wp-block-column-is-layout-flow\">\n<h3 class=\"wp-block-heading has-text-align-center\">Branchen<\/h3>\n\n\n\n<hr class=\"wp-block-separator has-css-opacity is-style-wide\"\/>\n\n\n\n<p class=\"has-text-align-center\">Geeignet f\u00fcr alle Arten von Industrien<\/p>\n<\/div>\n<\/div>\n\n<h2 class=\"wp-block-heading\">Was sind die Merkmale von ePUR Ex?<\/h2>\n\n<p>Die <strong>ePUR Ex 1000, 3000 und 5000<\/strong> k\u00f6nnen <strong>bis zu 3 Hochleistungs-Filterstufen enthalten<\/strong>. Es sind verschiedene Konfigurationen m\u00f6glich, entweder zweistufig mit einem HEPA-Filter 13\/14, der von 6 kg Aktivkohle begleitet wird. Entweder dreistufig mit einem ersten Filter, der entsprechend Ihrer Problematik konfiguriert werden kann, gefolgt von einem weiteren Filter, der halb HEPA 13\/14 und halb Aktivkohle (3 kg) enth\u00e4lt.  <\/p>\n\n<p>F\u00fcr<strong>ePUR Ex 3000<\/strong>, das mittlere Ger\u00e4t in der Reihe, finden Sie einen ersten Filter, der vollst\u00e4ndig auf Ihre Bed\u00fcrfnisse konfiguriert werden kann. Die zweite Filterbox ist ein HEPA 13\/14 mit einer Filterfl\u00e4che von 5,6m\u00b2. Die dritte Filterkassette ist eine 6 kg Aktivkohlekassette. Der maximale Durchfluss betr\u00e4gt <strong>260 m3\/h <\/strong>(unter Last). Er wiegt 65 kg und ist 99 cm hoch (Gewicht ohne Filter).    <\/p>\n\n<p>Der Unterschied zwischen dem<strong>ePUR Ex 5000 und dem ePUR Ex 5000<\/strong> liegt in der <strong>Saugleistung<\/strong>. Die Filter sind genauso anpassbar wie bei den beiden vorherigen Ger\u00e4ten. Standardm\u00e4\u00dfig wird das Ger\u00e4t mit einem Vorfilter E10 mit einer Filterfl\u00e4che von 19m\u00b2 und einem HEPA-Filter H14 mit einer Filterfl\u00e4che von 20m\u00b2 geliefert.  <\/p>\n\n<p>Der ePUR Ex 1000 wiegt 58 kg bei einer H\u00f6he von 63 cm und der ePUR Ex 5000 wiegt 240 kg bei einer H\u00f6he von 159 cm (Gewicht mit Filter).<\/p>\n\n<p>Der Ger\u00e4uschpegel im Betrieb ist relativ niedrig (62db). Die Materialien aus Edelstahl machen sie robust und zuverl\u00e4ssig. Sie sind auch mit einem Kontrollbildschirm ausgestattet, um die Einstellungen einfach zu machen.<\/p>\n\n<figure class=\"wp-block-table\"><table class=\"has-fixed-layout\"><thead><tr><th>Ger\u00e4t<\/th><th><\/th><th>ePUR Ex 1000<\/th><th>ePUR Ex 3000<\/th><th>ePUR Ex 5000<\/th><\/tr><\/thead><tbody><tr><td>Durchflussmenge<\/td><td>m3\/h<\/td><td>350<\/td><td>460<\/td><td>2.800<\/td><\/tr><tr><td>Durchmesser des Eingangs<\/td><td>mm<\/td><td>50<\/td><td>50<\/td><td>150<\/td><\/tr><tr><td>max. negativer Druck<\/td><td>Pa<\/td><td>10 000<\/td><td>10 000<\/td><td>6000<\/td><\/tr><tr><td>Versorgungsspannung<\/td><td>V<\/td><td>230 (oder 110)<\/td><td>230 (oder 110)<\/td><td>400<\/td><\/tr><tr><td>Leistung<\/td><td>kW<\/td><td>1.1<\/td><td>1.1<\/td><td>2.4<\/td><\/tr><tr><td>Filterfl\u00e4che 1. Stock<\/td><td>m\u00b2<\/td><td>2.2<\/td><td>2.5<\/td><td>19<\/td><\/tr><tr><td>Filterfl\u00e4che 2. Stock<\/td><td>m\u00b2<\/td><td>2.8<\/td><td>5.6<\/td><td>20<\/td><\/tr><tr><td>Menge der Aktivkohle 3.<\/td><td>kg<\/td><td>3<\/td><td>5.8<\/td><td>X<\/td><\/tr><tr><td>Abmessungen<\/td><td>l\/L\/h (mm)<\/td><td>436 x 527 x 638<\/td><td>430 x 400 x 996<\/td><td>780 x 970 x 1590<\/td><\/tr><tr><td>Gewicht (ohne Filter)<\/td><td>kg<\/td><td>58<\/td><td>65<\/td><td>240<\/td><\/tr><tr><td>Ger\u00e4uschpegel<\/td><td>dB(A)<\/td><td>62<\/td><td>62<\/td><td>75<\/td><\/tr><\/tbody><\/table><\/figure>\n\n<h2 class=\"wp-block-heading\">Was sind die Vorteile unserer Ger\u00e4te f\u00fcr die Absaugung von Rauch beim elektronischen Schwei\u00dfen?<\/h2>\n\n<p><\/p>\n\n<div class=\"wp-block-columns is-layout-flex wp-container-core-columns-is-layout-28f84493 wp-block-columns-is-layout-flex\">\n<div class=\"wp-block-column is-layout-flow wp-block-column-is-layout-flow\" style=\"flex-basis:25%\"><\/div>\n\n\n\n<div class=\"wp-block-column is-layout-flow wp-block-column-is-layout-flow\" style=\"flex-basis:50%\">\n<figure class=\"wp-block-embed is-type-video is-provider-youtube wp-block-embed-youtube wp-embed-aspect-16-9 wp-has-aspect-ratio\"><div class=\"wp-block-embed__wrapper\">\n<iframe title=\"TRAITEMENT COV, ODEURS, POUSSI\u00c8RES ET POLLUANTS GAZEUX - ePUR EX1000 - Obera\" width=\"1200\" height=\"675\" src=\"https:\/\/www.youtube.com\/embed\/05A45bNzFEY?feature=oembed&#038;enablejsapi=1&#038;origin=https:\/\/obera.fr\" frameborder=\"0\" allow=\"accelerometer; autoplay; clipboard-write; encrypted-media; gyroscope; picture-in-picture; web-share\" referrerpolicy=\"strict-origin-when-cross-origin\" allowfullscreen><\/iframe>\n<\/div><\/figure>\n\n\n\n<p><\/p>\n<\/div>\n\n\n\n<div class=\"wp-block-column is-layout-flow wp-block-column-is-layout-flow\" style=\"flex-basis:25%\"><\/div>\n<\/div>\n\n<p>Es gibt viele Vorteile, vor allem aber den <strong>Schutz der Arbeitnehmer<\/strong> vor den vielen Atemwegs- und Hauterkrankungen, denen sie ausgesetzt sind. Ein weiterer Vorteil ist der Schutz der Produktionsmittel, der zu weniger Ausf\u00e4llen und damit zu einer l\u00e4ngeren Lebensdauer f\u00fchrt. Die verschiedenen m\u00f6glichen Filterkonfigurationen erm\u00f6glichen eine vollst\u00e4ndige Anpassung an das jeweilige Problem.    <\/p>\n\n<blockquote class=\"wp-block-quote is-layout-flow wp-block-quote-is-layout-flow\">\n<p>Das geringe Betriebsger\u00e4usch erm\u00f6glicht eine direkte Installation im Arbeitsbereich.  <\/p>\n<\/blockquote>\n\n<p>Die Ger\u00e4te wurden unter Verwendung von robusten Materialien wie Edelstahl entworfen, um sie widerstandsf\u00e4higer zu machen. Die Filter k\u00f6nnen schnell und einfach ausgetauscht werden. <strong>Elektronisch gesteuerte EC-Ventilatoren<\/strong> sorgen f\u00fcr einen optimierten Wirkungsgrad und eine unbegrenzte Einstellbarkeit. Das Bedienfeld erm\u00f6glicht auch zahlreiche Einstellungen, wie z.B. die Fernbedienung und die Anzeige des Ger\u00e4tezustands (Verschmutzung, durchl\u00f6cherter Filter, etc.) f\u00fcr einen optimalen Benutzerkomfort. Unsere Ger\u00e4te erm\u00f6glichen Ihnen die Einhaltung der Arbeitsplatzgrenzwerte (AGW).    <\/p>\n\n<div class=\"wp-block-columns is-layout-flex wp-container-core-columns-is-layout-28f84493 wp-block-columns-is-layout-flex\">\n<div class=\"wp-block-column is-layout-flow wp-block-column-is-layout-flow\">\n<h3 class=\"wp-block-heading has-text-align-center\">Vorteile<\/h3>\n\n\n\n<ul class=\"wp-block-list\">\n<li>3-stufige Hochleistungsfilterung<\/li>\n\n\n\n<li>Schalld\u00e4mpfer<\/li>\n\n\n\n<li>Einfaches und schnelles Auswechseln der Filterstufen<\/li>\n\n\n\n<li>Mobil und platzsparend<\/li>\n\n\n\n<li>Kann f\u00fcr die Absaugung von bis zu 3 Arbeitspl\u00e4tzen oder Produktionsmaschinen verwendet werden.<\/li>\n<\/ul>\n<\/div>\n\n\n\n<div class=\"wp-block-column is-layout-flow wp-block-column-is-layout-flow\">\n<h3 class=\"wp-block-heading has-text-align-center\">Besonderheiten<\/h3>\n\n\n\n<ul class=\"wp-block-list\">\n<li>ATEX-Zertifizierung<\/li>\n\n\n\n<li>Elektronisch geschalteter EC-L\u00fcfter f\u00fcr optimierte Effizienz und unbegrenzte Einstellm\u00f6glichkeiten<\/li>\n\n\n\n<li>Konfigurierbar mit einer breiten Palette von Zubeh\u00f6rteilen<\/li>\n<\/ul>\n<\/div>\n\n\n\n<div class=\"wp-block-column is-layout-flow wp-block-column-is-layout-flow\">\n<h3 class=\"wp-block-heading has-text-align-center\">Eigenschaften<\/h3>\n\n\n\n<ul class=\"wp-block-list\">\n<li>Erhebliche Verbesserung der Luftqualit\u00e4t durch die Beseitigung von Ger\u00fcchen, VOCs und anderen gasf\u00f6rmigen Schadstoffen.<\/li>\n<\/ul>\n<\/div>\n<\/div>\n\n<h2 class=\"wp-block-heading\">Wie w\u00e4hlt man das richtige Entstaubungssystem?<\/h2>\n\n<p>Es ist wichtig, den richtigen Staubabscheider zu w\u00e4hlen, um vorzeitigen Verschlei\u00df zu vermeiden, der zu Fehlfunktionen f\u00fchren kann.<\/p>\n\n<p>Die Ger\u00e4te der ePUR Ex-Reihe sind <strong>leistungsstark<\/strong>, <strong>einfach<\/strong>, <strong>kompakt<\/strong> und mit S\u00e4ttigungsfiltern ausgestattet. Die Kombination der Filterstufen kann frei und sinnvoll gew\u00e4hlt werden, um die Lebensdauer der Medien zu optimieren. Stellen Sie jedoch sicher, dass die S\u00e4ttigungspartikelfilter f\u00fcr die Menge an Staub und Rauch, die Sie absaugen m\u00f6chten, geeignet sind. Andere Ger\u00e4te sind mit regenerierbaren Filtermedien erh\u00e4ltlich.   <\/p>\n\n<p>Dies h\u00e4ngt von der Art des Schadstoffes, der Partikelgr\u00f6\u00dfe, dem Zustand (fest oder gasf\u00f6rmig) und der Konzentration ab. Diese Suche erm\u00f6glicht es Ihnen, den idealen Filtertyp auszuw\u00e4hlen, den der Staubabscheider haben sollte. Zweitens sollten Sie sich nach der Leistung des Ger\u00e4ts erkundigen, d.h. nach der F\u00f6rdermenge. Die Durchflussrate des Ger\u00e4ts h\u00e4ngt wiederum von der Menge des Schadstoffs ab, aber auch von der Gr\u00f6\u00dfe des zu behandelnden Raums. Je gr\u00f6\u00dfer der Raum, desto mehr Durchsatz ist erforderlich.    <\/p>\n\n<p>Es ist wichtig zu wissen, mit welchem Zubeh\u00f6r die Maschine ausgestattet werden soll: ein Kanal, der die Produktionsmaschine verbindet, oder ein<a href=\"https:\/\/obera.fr\/de\/produits\/bras-dispositifs-captation\/capot-industriel\/\"> Absaugarm<\/a> f\u00fcr einen Arbeitsplatz.<\/p>\n\n<hr class=\"wp-block-separator has-css-opacity is-style-dots\"\/>\n\n<div class=\"wp-block-buttons is-horizontal is-content-justification-center is-layout-flex wp-container-core-buttons-is-layout-03627597 wp-block-buttons-is-layout-flex\">\n<div class=\"wp-block-button\"><a class=\"wp-block-button__link wp-element-button\" href=\"https:\/\/obera.fr\/de\/contact\/\">Weitere Informationen<\/a><\/div>\n<\/div>\n\n<h2 class=\"wp-block-heading\">Weitere kleine Modelle von Staubabscheidern der Marke OberA<\/h2>\n\n<div class=\"wp-block-columns is-layout-flex wp-container-core-columns-is-layout-28f84493 wp-block-columns-is-layout-flex\">\n<div class=\"wp-block-column is-layout-flow wp-block-column-is-layout-flow\">\n<figure class=\"wp-block-image aligncenter size-medium\"><a href=\"https:\/\/obera.fr\/de\/produits\/depoussiereurs-industriels\/petits\/jumbo\/\"><img decoding=\"async\" width=\"300\" height=\"300\" src=\"https:\/\/obera.fr\/wp-content\/uploads\/2020\/10\/jumbo-300x300.png\" alt=\"Jumbo\" class=\"wp-image-1171\" srcset=\"https:\/\/obera.fr\/wp-content\/uploads\/2020\/10\/jumbo-300x300.png 300w, https:\/\/obera.fr\/wp-content\/uploads\/2020\/10\/jumbo-150x150.png 150w, https:\/\/obera.fr\/wp-content\/uploads\/2020\/10\/jumbo.png 500w\" sizes=\"(max-width: 300px) 100vw, 300px\" \/><\/a><figcaption class=\"wp-element-caption\">Jumbo<\/figcaption><\/figure>\n<\/div>\n\n\n\n<div class=\"wp-block-column is-layout-flow wp-block-column-is-layout-flow\">\n<figure class=\"wp-block-image aligncenter size-medium\"><a href=\"https:\/\/obera.fr\/de\/produits\/depoussiereurs-industriels\/petits\/tk-serie\/\"><img decoding=\"async\" width=\"300\" height=\"300\" src=\"https:\/\/obera.fr\/wp-content\/uploads\/2020\/11\/tk-series-300x300.jpg\" alt=\"TK-Serie\" class=\"wp-image-1607\" srcset=\"https:\/\/obera.fr\/wp-content\/uploads\/2020\/11\/tk-series-300x300.jpg 300w, https:\/\/obera.fr\/wp-content\/uploads\/2020\/11\/tk-series-150x150.jpg 150w, https:\/\/obera.fr\/wp-content\/uploads\/2020\/11\/tk-series.jpg 600w\" sizes=\"(max-width: 300px) 100vw, 300px\" \/><\/a><figcaption class=\"wp-element-caption\">TK Serie<\/figcaption><\/figure>\n<\/div>\n\n\n\n<div class=\"wp-block-column is-layout-flow wp-block-column-is-layout-flow\">\n<figure class=\"wp-block-image aligncenter size-medium\"><a href=\"https:\/\/obera.fr\/de\/produits\/depoussiereurs-industriels\/petits\/srf-t\/\"><img decoding=\"async\" width=\"300\" height=\"300\" src=\"https:\/\/obera.fr\/wp-content\/uploads\/2020\/10\/SRF-T-SF-300x300.png\" alt=\"Srf T Sf\" class=\"wp-image-1310\" srcset=\"https:\/\/obera.fr\/wp-content\/uploads\/2020\/10\/SRF-T-SF-300x300.png 300w, https:\/\/obera.fr\/wp-content\/uploads\/2020\/10\/SRF-T-SF-150x150.png 150w, https:\/\/obera.fr\/wp-content\/uploads\/2020\/10\/SRF-T-SF.png 600w\" sizes=\"(max-width: 300px) 100vw, 300px\" \/><\/a><figcaption class=\"wp-element-caption\">SRF-T<\/figcaption><\/figure>\n<\/div>\n<\/div>\n","protected":false},"excerpt":{"rendered":"<p>EPUR Ex ist eine Serie von 3mobilen ATEX-zertifizierten Abluftsystemen. Wie funktioniert die Rauchabsaugung beim Schwei\u00dfen\/Lasern? Die Funktionsweise ist einfach, die verschmutzte Luft wird direkt \u00fcber einen an der Maschine angeschlossenen Saugschlauch, einen Absaugarm, eine Absaughaube oder direkt an einer Produktionsmaschine \u00fcber ein Kanalnetz abgesaugt. Dieverunreinigte Luft wird aufgefangen und durch die verschiedenen Filterstufen aufbereitet. Diegereinigte Luft wird dann an der Unterseite des Ger\u00e4ts direkt in den Arbeitsbereich oder \u00fcber ein Netzwerk von Abluftkan\u00e4len ins Freie geleitet. F\u00fcr welche Zwecke? Diese Absaugk\u00e4sten wurden f\u00fcr die Absaugung von Schwei\u00dfrauch, L\u00f6trauch, Staub, D\u00e4mpfen, L\u00f6sungsmitteln, Gasen, Ger\u00fcchen und allen Arten von gasf\u00f6rmigen Schadstoffen entwickelt. &#8230; <\/p>\n<p class=\"read-more-container\"><a title=\"Absaugung von Schwei\u00df- und Laserrauch ePUR Ex\" class=\"read-more button\" href=\"https:\/\/obera.fr\/de\/produits\/depoussiereurs-industriels\/petits\/aspiration-fumees-soudage-laser-epur-b-ex\/#more-32043\" aria-label=\"Mehr Informationen \u00fcber Absaugung von Schwei\u00df- und Laserrauch ePUR Ex\">Lire la suite<\/a><\/p>\n","protected":false},"author":4,"featured_media":83739,"parent":32040,"menu_order":0,"comment_status":"closed","ping_status":"closed","template":"","meta":{"_acf_changed":false,"_seopress_robots_primary_cat":"","_seopress_titles_title":"Absaugung von Schwei\u00df- und Laserrauch ePUR Ex oberA","_seopress_titles_desc":"ePUR Ex 1000 \/ 3000 \/ 5000 ist eine Serie von 3 mobilen ATEX-zertifizierten Abluftsystemen. Kleiner Staubf\u00e4nger der Marke oberA","_seopress_robots_index":"","footnotes":""},"class_list":{"0":"post-32043","1":"page","2":"type-page","3":"status-publish","4":"has-post-thumbnail","6":"no-featured-image-padding","7":"resize-featured-image"},"acf":[],"_links":{"self":[{"href":"https:\/\/obera.fr\/de\/wp-json\/wp\/v2\/pages\/32043","targetHints":{"allow":["GET"]}}],"collection":[{"href":"https:\/\/obera.fr\/de\/wp-json\/wp\/v2\/pages"}],"about":[{"href":"https:\/\/obera.fr\/de\/wp-json\/wp\/v2\/types\/page"}],"author":[{"embeddable":true,"href":"https:\/\/obera.fr\/de\/wp-json\/wp\/v2\/users\/4"}],"replies":[{"embeddable":true,"href":"https:\/\/obera.fr\/de\/wp-json\/wp\/v2\/comments?post=32043"}],"version-history":[{"count":16,"href":"https:\/\/obera.fr\/de\/wp-json\/wp\/v2\/pages\/32043\/revisions"}],"predecessor-version":[{"id":145571,"href":"https:\/\/obera.fr\/de\/wp-json\/wp\/v2\/pages\/32043\/revisions\/145571"}],"up":[{"embeddable":true,"href":"https:\/\/obera.fr\/de\/wp-json\/wp\/v2\/pages\/32040"}],"wp:featuredmedia":[{"embeddable":true,"href":"https:\/\/obera.fr\/de\/wp-json\/wp\/v2\/media\/83739"}],"wp:attachment":[{"href":"https:\/\/obera.fr\/de\/wp-json\/wp\/v2\/media?parent=32043"}],"curies":[{"name":"wp","href":"https:\/\/api.w.org\/{rel}","templated":true}]}}