{"id":32096,"date":"2024-04-01T13:32:19","date_gmt":"2024-04-01T11:32:19","guid":{"rendered":"https:\/\/obera.fr\/produkte\/stationaere-und-mobile-industrielle-luftkuehler\/verdunstungsluftkuehler-ic-12-22-und-30\/verdunstungsfilter-luftkuehler-ic22\/"},"modified":"2025-12-30T12:00:35","modified_gmt":"2025-12-30T10:00:35","slug":"ic22-filtrant-par-evaporation","status":"publish","type":"page","link":"https:\/\/obera.fr\/de\/produits\/rafraichisseurs-air\/rafraichisseurs-par-evaporation-ic\/ic22-filtrant-par-evaporation\/","title":{"rendered":"Verdunstungsfilter-Luftk\u00fchler IC22"},"content":{"rendered":"\n<p>Der umweltfreundliche und wirtschaftliche <strong>Verdunstungsfilter-Luftk\u00fchler<\/strong> ist ideal, um in Ihren Arbeitsr\u00e4umen eine k\u00fchlere Luft von etwa 10 bis 20\u00b0C zu erzeugen.<\/p>\n\n<h2 class=\"wp-block-heading\">OberA Verdunstungsfilter-Luftk\u00fchler: Wie funktioniert er?<\/h2>\n\n<div class=\"wp-block-columns is-layout-flex wp-container-core-columns-is-layout-28f84493 wp-block-columns-is-layout-flex\">\n<div class=\"wp-block-column is-vertically-aligned-top is-layout-flow wp-block-column-is-layout-flow\" style=\"flex-basis:50%\">\n<figure class=\"wp-block-image aligncenter size-full is-resized\"><img decoding=\"async\" width=\"600\" height=\"600\" src=\"https:\/\/obera.fr\/wp-content\/uploads\/2024\/02\/ic22-carre.jpg\" alt=\"Verdunstungsfilter-Luftk&#xFC;hler IC22\" class=\"wp-image-28148\" style=\"width:370px;height:auto\" srcset=\"https:\/\/obera.fr\/wp-content\/uploads\/2024\/02\/ic22-carre.jpg 600w, https:\/\/obera.fr\/wp-content\/uploads\/2024\/02\/ic22-carre-300x300.jpg 300w, https:\/\/obera.fr\/wp-content\/uploads\/2024\/02\/ic22-carre-150x150.jpg 150w\" sizes=\"(max-width: 600px) 100vw, 600px\" \/><figcaption class=\"wp-element-caption\">IC 22<\/figcaption><\/figure>\n<\/div>\n\n\n\n<div class=\"wp-block-column is-vertically-aligned-center is-layout-flow wp-block-column-is-layout-flow\" style=\"flex-basis:66.66%\">\n<p>Die IC22 Verdunstungsk\u00fchler haben Wabenplatten, die st\u00e4ndig mit Wasser getr\u00e4nkt sind. Der Axialventilator an der R\u00fcckseite des Ger\u00e4ts saugt die warme Luft an und leitet sie durch die K\u00fchlpaneele. Warme Luft verdampft und k\u00fchlt sich ab, wenn sie mit Wasser in Ber\u00fchrung kommt. Dieses Ph\u00e4nomen wird als &#8220; <strong>K\u00fchleffekt<\/strong> &#8220; bezeichnet und kann die Temperatur der angesaugten Luft auf bis zu 20\u00b0C senken. Die k\u00fchlere und gefilterte Luft wird dann durch das Ger\u00e4t gedr\u00fcckt und zirkuliert im Arbeitsbereich. Es ist wichtig, dass der Raum bel\u00fcftet ist, um eine gute Luftzirkulation zu erm\u00f6glichen, Feuchtigkeit zu entfernen und neue warme Luft zuzuf\u00fchren, die von dem <strong>mobilen K\u00fchler<\/strong> gefiltert wird. Je w\u00e4rmer die Luft ist, desto besser ist die K\u00fchlung.<\/p>\n\n\n\n<p>Der <a href=\"https:\/\/obera.fr\/de\/produits\/rafraichisseurs-air\/rafraichisseurs-par-evaporation-ic\/\" data-type=\"page\" data-id=\"18698\">adiabatische Luftk\u00fchler IC ist f\u00fcr<\/a> den Einsatz in der Industrie, <strong>in<\/strong> Logistiklagern und in der Landwirtschaft bestimmt. Er eignet sich sowohl f\u00fcr die K\u00fchlung der Arbeitspl\u00e4tze von Mitarbeitern als auch f\u00fcr die K\u00fchlung eines Raumes. Er ist besonders beliebt in Fabriken, Garagen, Lagerhallen, Werkst\u00e4tten, Gew\u00e4chsh\u00e4usern und Lagerh\u00e4usern.<\/p>\n\n\n\n<div class=\"wp-block-columns is-layout-flex wp-container-core-columns-is-layout-28f84493 wp-block-columns-is-layout-flex\">\n<div class=\"wp-block-column is-layout-flow wp-block-column-is-layout-flow\" style=\"flex-basis:33.33%\">\n<div class=\"wp-block-buttons is-layout-flex wp-block-buttons-is-layout-flex\">\n<div class=\"wp-block-button\"><a class=\"wp-block-button__link wp-element-button\" href=\"https:\/\/obera.fr\/wp-content\/uploads\/2025\/04\/brochure-ic-22-fr.pdf\">BROSCH\u00dcRE HERUNTERLADEN<\/a><\/div>\n<\/div>\n<\/div>\n\n\n\n<div class=\"wp-block-column is-layout-flow wp-block-column-is-layout-flow\" style=\"flex-basis:33.34%\">\n<div class=\"wp-block-buttons is-horizontal is-content-justification-center is-layout-flex wp-container-core-buttons-is-layout-03627597 wp-block-buttons-is-layout-flex\">\n<div class=\"wp-block-button\"><a class=\"wp-block-button__link wp-element-button\" href=\"https:\/\/obera.fr\/de\/contact\/\">Weitere Informationen<\/a><\/div>\n<\/div>\n\n\n\n<p><\/p>\n<\/div>\n\n\n\n<div class=\"wp-block-column is-layout-flow wp-block-column-is-layout-flow\" style=\"flex-basis:33.34%\">\n<div class=\"wp-block-buttons is-content-justification-center is-layout-flex wp-container-core-buttons-is-layout-a89b3969 wp-block-buttons-is-layout-flex\">\n<div class=\"wp-block-button btn-devis-source\"><a class=\"wp-block-button__link wp-element-button\" href=\"https:\/\/obera.fr\/de\/angebotsanfrage\/\">Angebotsanfrage<\/a><\/div>\n<\/div>\n\n\n<script>\r\ndocument.addEventListener('DOMContentLoaded', function() {\r\n    \/\/ 1. On cherche le titre H1 de la page\r\n    var h1 = document.querySelector('h1');\r\n    var productTitle = h1 ? h1.innerText.trim() : \"\";\r\n\r\n    \/\/ 2. On cherche les boutons via la classe CSS .btn-devis-source\r\n    var buttons = document.querySelectorAll('.btn-devis-source a');\r\n\r\n    \/\/ 3. Si on a le titre et les boutons, on ajoute le param\u00e8tre\r\n    if (buttons.length > 0 && productTitle !== \"\") {\r\n        var encodedTitle = encodeURIComponent(productTitle);\r\n\r\n        buttons.forEach(function(btn) {\r\n            var currentHref = btn.getAttribute('href');\r\n            \r\n            \/\/ S\u00e9curit\u00e9 pour ne pas ajouter le param\u00e8tre 2 fois\r\n            if (currentHref.indexOf('sujet=') === -1) {\r\n                var separator = currentHref.indexOf('?') !== -1 ? '&' : '?';\r\n                var newLink = currentHref + separator + 'sujet=' + encodedTitle;\r\n                \r\n                btn.setAttribute('href', newLink);\r\n            }\r\n        });\r\n    }\r\n});\r\n<\/script><\/div>\n<\/div>\n<\/div>\n<\/div>\n\n<div class=\"wp-block-columns is-layout-flex wp-container-core-columns-is-layout-28f84493 wp-block-columns-is-layout-flex\">\n<div class=\"wp-block-column is-layout-flow wp-block-column-is-layout-flow\" style=\"flex-basis:25%\"><\/div>\n\n\n\n<div class=\"wp-block-column is-layout-flow wp-block-column-is-layout-flow\" style=\"flex-basis:50%\">\n<figure class=\"wp-block-embed is-type-video is-provider-youtube wp-block-embed-youtube wp-embed-aspect-16-9 wp-has-aspect-ratio\"><div class=\"wp-block-embed__wrapper\">\n<iframe title=\"Rafraichisseur d&#039;air - Gamme IC - OberA\" width=\"1200\" height=\"675\" src=\"https:\/\/www.youtube.com\/embed\/NG-Ssy2oM70?feature=oembed&#038;enablejsapi=1&#038;origin=https:\/\/obera.fr\" frameborder=\"0\" allow=\"accelerometer; autoplay; clipboard-write; encrypted-media; gyroscope; picture-in-picture; web-share\" referrerpolicy=\"strict-origin-when-cross-origin\" allowfullscreen><\/iframe>\n<\/div><\/figure>\n\n\n\n<p><\/p>\n<\/div>\n\n\n\n<div class=\"wp-block-column is-layout-flow wp-block-column-is-layout-flow\" style=\"flex-basis:25%\"><\/div>\n<\/div>\n\n<h2 class=\"wp-block-heading\">Was sind die Merkmale des IC22 Luftk\u00fchlers?<\/h2>\n\n<p>Der mobile Verdunstungsluftk\u00fchler IC22 verf\u00fcgt \u00fcber 3 Geschwindigkeitsstufen, um die Kontrolle \u00fcber die Leistung zu behalten und sich den Bed\u00fcrfnissen des Teams anzupassen. Das Bedienfeld erm\u00f6glicht unter anderem die Konfiguration der Blasrichtung des Ger\u00e4ts, die Wasserbehandlung \u00fcber einen Ionisator und die Aktivierung des Wasserflusses \u00fcber das Filtermedium.<\/p>\n\n<p>Er ist leistungsstark und hat einen Durchfluss von 22.000 m3\/h, was eine maximale Fl\u00e4che von 250 m2 k\u00fchlt. Der Wassertank kann bis zu 130 l Wasser aufnehmen, was eine optimale Betriebszeit ohne Unterbrechung gew\u00e4hrleistet, um einen gro\u00dfen Raum abzudecken.<\/p>\n\n<p>Ein weiterer technischer Vorteil ist, dass ein <strong>Luftk\u00fchler einen geringen Wasser- und Stromverbrauch<\/strong> hat. Der Wasserverbrauch liegt zwischen 10 und 15 L\/Stunde. Ein Ger\u00e4t, das viel leistungsf\u00e4higer als ein Luftbefeuchter oder ein Bel\u00fcftungssystem ist, um Ihre gro\u00dfen R\u00e4ume zu k\u00fchlen.<\/p>\n\n<p>Der IC22 Luftk\u00fchler ist mobil und stabil. Es wiegt <strong>50 kg<\/strong> und verf\u00fcgt \u00fcber weiche Rollen, so dass Sie es nach Belieben bewegen k\u00f6nnen. Im Lieferumfang ist eine Fernbedienung enthalten, mit der Sie das Ger\u00e4t bequem aus der Ferne bedienen k\u00f6nnen.<\/p>\n\n<blockquote class=\"wp-block-quote is-layout-flow wp-block-quote-is-layout-flow\">\n<figure class=\"wp-block-image aligncenter size-full\"><img decoding=\"async\" width=\"290\" height=\"98\" src=\"https:\/\/obera.fr\/wp-content\/uploads\/2025\/02\/green-modern-marketing-logo.png\" alt=\"green modern marketing logo\" class=\"wp-image-61494\"\/><\/figure>\n\n\n\n<p>G4-Filter: Der IC22 Verdunstungsk\u00fchler ist mit einem G4-Luftfilter ausgestattet, um die Luftqualit\u00e4t zu verbessern. Ein klarer Vorteil f\u00fcr die Gesundheit der Mitarbeiter und die Gew\u00e4hrleistung der Leistungsf\u00e4higkeit der Maschinen. Au\u00dferdem wird dadurch die Lebensdauer des K\u00fchlers verl\u00e4ngert, da er weniger mit Schmutz und Staub belastet wird.<\/p>\n<\/blockquote>\n\n<div class=\"wp-block-columns is-layout-flex wp-container-core-columns-is-layout-28f84493 wp-block-columns-is-layout-flex\">\n<div class=\"wp-block-column is-layout-flow wp-block-column-is-layout-flow\"><\/div>\n\n\n\n<div class=\"wp-block-column is-layout-flow wp-block-column-is-layout-flow\"><\/div>\n\n\n\n<div class=\"wp-block-column is-layout-flow wp-block-column-is-layout-flow\"><\/div>\n<\/div>\n\n<h3 class=\"wp-block-heading has-text-align-center\">INDUSTRIES<\/h3>\n\n<div class=\"wp-block-columns is-layout-flex wp-container-core-columns-is-layout-28f84493 wp-block-columns-is-layout-flex\">\n<div class=\"wp-block-column is-layout-flow wp-block-column-is-layout-flow\">\n<hr class=\"wp-block-separator has-alpha-channel-opacity\"\/>\n\n\n\n<div class=\"wp-block-columns is-layout-flex wp-container-core-columns-is-layout-28f84493 wp-block-columns-is-layout-flex\">\n<div class=\"wp-block-column is-layout-flow wp-block-column-is-layout-flow\">\n<figure class=\"wp-block-image aligncenter size-thumbnail is-resized\"><img decoding=\"async\" width=\"150\" height=\"150\" src=\"https:\/\/obera.fr\/wp-content\/uploads\/2022\/02\/Textile-150x150.png\" alt=\"Textilien\" class=\"wp-image-8855\"\/><figcaption class=\"wp-element-caption\">Textilien<\/figcaption><\/figure>\n\n\n\n<figure class=\"wp-block-image aligncenter size-thumbnail is-resized\"><img decoding=\"async\" width=\"150\" height=\"150\" src=\"https:\/\/obera.fr\/wp-content\/uploads\/2022\/02\/Plastique-150x150.png\" alt=\"Kunststoff\" class=\"wp-image-8854\"\/><figcaption class=\"wp-element-caption\">Kunststoff<\/figcaption><\/figure>\n\n\n\n<figure class=\"wp-block-image aligncenter size-thumbnail is-resized\"><img decoding=\"async\" width=\"150\" height=\"150\" src=\"https:\/\/obera.fr\/wp-content\/uploads\/2023\/02\/sans-titre-2023-02-14t104609.147-150x150.png\" alt=\"Logistik\" class=\"wp-image-18825\"\/><figcaption class=\"wp-element-caption\">Logistik<\/figcaption><\/figure>\n<\/div>\n\n\n\n<div class=\"wp-block-column is-layout-flow wp-block-column-is-layout-flow\">\n<figure class=\"wp-block-image aligncenter size-thumbnail is-resized\"><img decoding=\"async\" width=\"150\" height=\"150\" src=\"https:\/\/obera.fr\/wp-content\/uploads\/2022\/02\/MINERAIS-150x150.png\" alt=\"Erze\" class=\"wp-image-8847\"\/><figcaption class=\"wp-element-caption\">Erze<\/figcaption><\/figure>\n\n\n\n<figure class=\"wp-block-image aligncenter size-thumbnail is-resized\"><img decoding=\"async\" width=\"150\" height=\"150\" src=\"https:\/\/obera.fr\/wp-content\/uploads\/2022\/02\/Metalurgie-150x150.png\" alt=\"Metallurgie\" class=\"wp-image-8857\"\/><figcaption class=\"wp-element-caption\">Metallurgie<\/figcaption><\/figure>\n\n\n\n<figure class=\"wp-block-image aligncenter size-thumbnail is-resized\"><img decoding=\"async\" width=\"150\" height=\"150\" src=\"https:\/\/obera.fr\/wp-content\/uploads\/2023\/02\/sans-titre-2023-02-14t102211.641-150x150.png\" alt=\"Landwirtschaft\" class=\"wp-image-18828\"\/><figcaption class=\"wp-element-caption\">Landwirtschaft<\/figcaption><\/figure>\n<\/div>\n<\/div>\n<\/div>\n\n\n\n<div class=\"wp-block-column is-layout-flow wp-block-column-is-layout-flow\">\n<hr class=\"wp-block-separator has-alpha-channel-opacity\"\/>\n\n\n\n<div class=\"wp-block-columns is-layout-flex wp-container-core-columns-is-layout-28f84493 wp-block-columns-is-layout-flex\">\n<div class=\"wp-block-column is-layout-flow wp-block-column-is-layout-flow\">\n<figure class=\"wp-block-image aligncenter size-thumbnail is-resized\"><img decoding=\"async\" width=\"150\" height=\"150\" src=\"https:\/\/obera.fr\/wp-content\/uploads\/2022\/02\/Chimie-150x150.png\" alt=\"Chemie\" class=\"wp-image-8846\"\/><figcaption class=\"wp-element-caption\">Chemie<\/figcaption><\/figure>\n\n\n\n<figure class=\"wp-block-image aligncenter size-thumbnail is-resized\"><img decoding=\"async\" width=\"150\" height=\"150\" src=\"https:\/\/obera.fr\/wp-content\/uploads\/2022\/02\/Travail-du-bois-150x150.png\" alt=\"Holzbearbeitung\" class=\"wp-image-8856\"\/><figcaption class=\"wp-element-caption\">Holzbearbeitung<\/figcaption><\/figure>\n\n\n\n<figure class=\"wp-block-image aligncenter size-thumbnail is-resized\"><img decoding=\"async\" width=\"150\" height=\"150\" src=\"https:\/\/obera.fr\/wp-content\/uploads\/2023\/02\/sans-titre-2023-02-14t101920.185-150x150.png\" alt=\"Luftfahrt\" class=\"wp-image-18831\"\/><figcaption class=\"wp-element-caption\">Luftfahrt<\/figcaption><\/figure>\n<\/div>\n\n\n\n<div class=\"wp-block-column is-layout-flow wp-block-column-is-layout-flow\">\n<figure class=\"wp-block-image aligncenter size-thumbnail is-resized\"><img decoding=\"async\" width=\"150\" height=\"150\" src=\"https:\/\/obera.fr\/wp-content\/uploads\/2022\/02\/AGROALIMENTAIRE-150x150.png\" alt=\"Lebensmittelindustrie\" class=\"wp-image-8844\"\/><figcaption class=\"wp-element-caption\">Lebensmittelindustrie<\/figcaption><\/figure>\n\n\n\n<figure class=\"wp-block-image aligncenter size-thumbnail is-resized\"><img decoding=\"async\" width=\"150\" height=\"150\" src=\"https:\/\/obera.fr\/wp-content\/uploads\/2022\/02\/Papier-carton-150x150.png\" alt=\"Papier Karton\" class=\"wp-image-8853\"\/><figcaption class=\"wp-element-caption\">Papier\/Karton<\/figcaption><\/figure>\n\n\n\n<figure class=\"wp-block-image aligncenter size-thumbnail is-resized\"><img decoding=\"async\" width=\"150\" height=\"150\" src=\"https:\/\/obera.fr\/wp-content\/uploads\/2023\/02\/sans-titre-2023-02-14t101712.416-150x150.png\" alt=\"Automobil\" class=\"wp-image-18834\"\/><figcaption class=\"wp-element-caption\">Automobil<\/figcaption><\/figure>\n<\/div>\n<\/div>\n<\/div>\n<\/div>\n\n<figure class=\"wp-block-table\"><table class=\"has-fixed-layout\"><tbody><tr><td>Durchflussmenge<\/td><td>m3\/h<\/td><td>22 000<\/td><\/tr><tr><td>Anzahl der Geschwindigkeiten<\/td><td><\/td><td>3<\/td><\/tr><tr><td>Spannung<\/td><td>V<\/td><td>230<\/td><\/tr><tr><td>Nominale Stromst\u00e4rke<\/td><td>A<\/td><td>2.8<\/td><\/tr><tr><td>Leistung<\/td><td>W<\/td><td>640<\/td><\/tr><tr><td>Abmessungen<\/td><td>l\/L\/h (mm)<\/td><td>1120 x 640 x 1600<\/td><\/tr><tr><td>Gewicht<\/td><td>kg<\/td><td>50<\/td><\/tr><tr><td>Ger\u00e4uschpegel<\/td><td>dB(A)<\/td><td>58\/64\/68<\/td><\/tr><tr><td>Behandelte Fl\u00e4che<\/td><td>m\u00b2<\/td><td>150 \u00e0 250<\/td><\/tr><tr><td>Kapazit\u00e4t des Tanks<\/td><td>L<\/td><td>130<\/td><\/tr><tr><td>Wasserverbrauch<\/td><td>L\/h<\/td><td>10 \u00e0 15<\/td><\/tr><\/tbody><\/table><\/figure>\n\n<div class=\"wp-block-columns is-layout-flex wp-container-core-columns-is-layout-28f84493 wp-block-columns-is-layout-flex\">\n<div class=\"wp-block-column is-layout-flow wp-block-column-is-layout-flow\">\n<div class=\"wp-block-buttons is-content-justification-center is-layout-flex wp-container-core-buttons-is-layout-a89b3969 wp-block-buttons-is-layout-flex\">\n<div class=\"wp-block-button\"><a class=\"wp-block-button__link wp-element-button\" href=\"https:\/\/obera.fr\/wp-content\/uploads\/2025\/04\/brochure-ic-22-fr.pdf\">BROSCH\u00dcRE HERUNTERLADEN<\/a><\/div>\n<\/div>\n<\/div>\n\n\n\n<div class=\"wp-block-column is-layout-flow wp-block-column-is-layout-flow\">\n<div class=\"wp-block-buttons is-horizontal is-content-justification-center is-layout-flex wp-container-core-buttons-is-layout-03627597 wp-block-buttons-is-layout-flex\">\n<div class=\"wp-block-button\"><a class=\"wp-block-button__link wp-element-button\" href=\"https:\/\/obera.fr\/de\/contact\/\">Weitere Informationen<\/a><\/div>\n<\/div>\n<\/div>\n<\/div>\n\n<blockquote class=\"wp-block-quote is-layout-flow wp-block-quote-is-layout-flow\">\n<p>Gut zu wissen: <strong>OberA bietet sowohl neue als auch gebrauchte Ger\u00e4te zum Verkauf<\/strong> an. Gebrauchte Produkte werden repariert, \u00fcberholt und neuwertig gemacht und haben eine einj\u00e4hrige Garantie. Jedes gebrauchte Produkt hat eine Klassifizierung: Klasse A (fast neu), Klasse B (mittlerer Zustand mit leichten Abnutzungserscheinungen) und Klasse C (schlechterer Zustand, aber nur \u00e4sthetisch). Unser Online-Shop garantiert eine sichere Bezahlung und eine schnelle Lieferung der Produkte.<\/p>\n<\/blockquote>\n\n<h2 class=\"wp-block-heading\">Verdunstungsk\u00fchler: die Vorteile des Modells IC22<\/h2>\n\n<p>Das Design des IC22 Luftk\u00fchlers macht ihn zu einem besonders <strong>komfortablen<\/strong> Ger\u00e4t <strong>f\u00fcr Ihre Mitarbeiter<\/strong>. Er tr\u00e4gt wesentlich zu ihrem Wohlbefinden bei, indem er frische Luft ohne K\u00e4lteeffekt verbreitet. Mit einem Ger\u00e4uschpegel von 66 dB(A) ist das Ger\u00e4t leise, ohne Kompromisse bei der Leistung einzugehen. Durch seine Wendigkeit k\u00f6nnen die Teams ihn nach Belieben bewegen, um eine angenehme Raumluft zu genie\u00dfen.<\/p>\n\n<p>Die erzeugte Luftfeuchtigkeit (5% bis 10%) tr\u00e4gt ebenfalls zur Schonung Ihrer Ger\u00e4te bei. Diese Eigenschaft <strong>eignet sich<\/strong> besonders <strong>f\u00fcr Gew\u00e4chsh\u00e4user oder landwirtschaftliche R\u00e4ume<\/strong> mit Ger\u00e4ten und Produkten, die empfindlich auf Hitze und trockene Luft reagieren.<\/p>\n\n<p>Auf der Investitionsseite verbraucht dieser <a href=\"https:\/\/obera.fr\/de\/produits\/rafraichisseurs-air\/\" data-type=\"page\" data-id=\"368\">adiabatische Luftk\u00fchler<\/a> bis zu 80% weniger Energie als ein herk\u00f6mmliches Klimager\u00e4t. Denn neben dem Stromverbrauch <strong>verwendet ein K\u00fchler einen Kompressor und ein K\u00e4ltemittel, um die Umgebungsluft zu k\u00fchlen<\/strong>, die zudem eine weniger umweltfreundliche Komponente ist.<\/p>\n\n<div class=\"wp-block-columns is-layout-flex wp-container-core-columns-is-layout-28f84493 wp-block-columns-is-layout-flex\">\n<div class=\"wp-block-column is-layout-flow wp-block-column-is-layout-flow\">\n<h3 class=\"wp-block-heading\">Vorteile :<\/h3>\n\n\n\n<ul class=\"wp-block-list\">\n<li>Umweltfreundlich ;<\/li>\n\n\n\n<li>Leicht zu handhabende mobile Ger\u00e4te ;<\/li>\n\n\n\n<li>Die Menge, mit der R\u00e4ume von 250 m2 gek\u00fchlt werden k\u00f6nnen;<\/li>\n\n\n\n<li>Plug &amp; Play.<\/li>\n<\/ul>\n<\/div>\n\n\n\n<div class=\"wp-block-column is-layout-flow wp-block-column-is-layout-flow\">\n<h3 class=\"wp-block-heading\">Besonderheiten :<\/h3>\n\n\n\n<ul class=\"wp-block-list\">\n<li>Energiesparend (Wasser und Strom) ;<\/li>\n\n\n\n<li>Staubfilterung (G4-Filter) ;<\/li>\n\n\n\n<li>Timerfunktion f\u00fcr automatisches Starten und Ausschalten<\/li>\n\n\n\n<li>Keine Montage von Rohrleitungen und Abluftkan\u00e4len;<\/li>\n\n\n\n<li>Keine Installationskosten.<\/li>\n<\/ul>\n<\/div>\n\n\n\n<div class=\"wp-block-column is-layout-flow wp-block-column-is-layout-flow\">\n<h3 class=\"wp-block-heading\">Merkmale :<\/h3>\n\n\n\n<ul class=\"wp-block-list\">\n<li>Kein &#8222;K\u00e4lteeffekt&#8220;;<\/li>\n\n\n\n<li>Oszillationsmodus des Luftstroms ;<\/li>\n\n\n\n<li>Aufrechterhaltung einer optimalen Luftfeuchtigkeit.<\/li>\n<\/ul>\n<\/div>\n<\/div>\n\n<h2 class=\"wp-block-heading\">Testen Sie unseren Luftk\u00fchler IC22<\/h2>\n\n<p>Wir bieten<strong> eine Miet-\/Testoption f\u00fcr dieses Ger\u00e4t mit einer durchschnittlichen Laufzeit von einem Monat<\/strong> und einer schnellen Lieferung, damit Sie es fast sofort in Ihrer Werkstatt testen k\u00f6nnen. Wenn Sie sich entscheiden, die L\u00f6sung zu best\u00e4tigen, zahlen Sie keinen Unterschied! Wenn nicht, werden wir die Leistung des Ger\u00e4ts bewerten, um Ihnen einen K\u00fchler vorzuschlagen, der Ihren Bed\u00fcrfnissen und Anforderungen besser entspricht.<\/p>\n\n<div class=\"wp-block-buttons is-content-justification-center is-layout-flex wp-container-core-buttons-is-layout-a89b3969 wp-block-buttons-is-layout-flex\">\n<div class=\"wp-block-button\"><a class=\"wp-block-button__link wp-element-button\" href=\"https:\/\/obera.fr\/de\/contact\/\">KONTAKTIEREN SIE UNS<\/a><\/div>\n<\/div>\n","protected":false},"excerpt":{"rendered":"<p>Der umweltfreundliche und wirtschaftliche Verdunstungsfilter-Luftk\u00fchler ist ideal, um in Ihren Arbeitsr\u00e4umen eine k\u00fchlere Luft von etwa 10 bis 20\u00b0C zu erzeugen. OberA Verdunstungsfilter-Luftk\u00fchler: Wie funktioniert er? Die IC22 Verdunstungsk\u00fchler haben Wabenplatten, die st\u00e4ndig mit Wasser getr\u00e4nkt sind. Der Axialventilator an der R\u00fcckseite des Ger\u00e4ts saugt die warme Luft an und leitet sie durch die K\u00fchlpaneele. Warme Luft verdampft und k\u00fchlt sich ab, wenn sie mit Wasser in Ber\u00fchrung kommt. Dieses Ph\u00e4nomen wird als &#8220; K\u00fchleffekt &#8220; bezeichnet und kann die Temperatur der angesaugten Luft auf bis zu 20\u00b0C senken. Die k\u00fchlere und gefilterte Luft wird dann durch das Ger\u00e4t gedr\u00fcckt &#8230; <\/p>\n<p class=\"read-more-container\"><a title=\"Verdunstungsfilter-Luftk\u00fchler IC22\" class=\"read-more button\" href=\"https:\/\/obera.fr\/de\/produits\/rafraichisseurs-air\/rafraichisseurs-par-evaporation-ic\/ic22-filtrant-par-evaporation\/#more-32096\" aria-label=\"Mehr Informationen \u00fcber Verdunstungsfilter-Luftk\u00fchler IC22\">Lire la suite<\/a><\/p>\n","protected":false},"author":4,"featured_media":83739,"parent":32092,"menu_order":0,"comment_status":"closed","ping_status":"closed","template":"","meta":{"_acf_changed":false,"_seopress_robots_primary_cat":"","_seopress_titles_title":"IC22, Industrieller Luftk\u00fchler mit Verdunstungsfilter","_seopress_titles_desc":"Der IC22 ist ein umweltfreundlicher und kosteng\u00fcnstiger Verdunstungsfilter-Luftk\u00fchler, der ideal ist, um in Ihren Arbeitsr\u00e4umen eine k\u00fchlere Luft von ca. 10 bis 20\u00b0C zu erzeugen.","_seopress_robots_index":"","footnotes":""},"class_list":{"0":"post-32096","1":"page","2":"type-page","3":"status-publish","4":"has-post-thumbnail","6":"no-featured-image-padding","7":"resize-featured-image"},"acf":[],"_links":{"self":[{"href":"https:\/\/obera.fr\/de\/wp-json\/wp\/v2\/pages\/32096","targetHints":{"allow":["GET"]}}],"collection":[{"href":"https:\/\/obera.fr\/de\/wp-json\/wp\/v2\/pages"}],"about":[{"href":"https:\/\/obera.fr\/de\/wp-json\/wp\/v2\/types\/page"}],"author":[{"embeddable":true,"href":"https:\/\/obera.fr\/de\/wp-json\/wp\/v2\/users\/4"}],"replies":[{"embeddable":true,"href":"https:\/\/obera.fr\/de\/wp-json\/wp\/v2\/comments?post=32096"}],"version-history":[{"count":14,"href":"https:\/\/obera.fr\/de\/wp-json\/wp\/v2\/pages\/32096\/revisions"}],"predecessor-version":[{"id":136397,"href":"https:\/\/obera.fr\/de\/wp-json\/wp\/v2\/pages\/32096\/revisions\/136397"}],"up":[{"embeddable":true,"href":"https:\/\/obera.fr\/de\/wp-json\/wp\/v2\/pages\/32092"}],"wp:featuredmedia":[{"embeddable":true,"href":"https:\/\/obera.fr\/de\/wp-json\/wp\/v2\/media\/83739"}],"wp:attachment":[{"href":"https:\/\/obera.fr\/de\/wp-json\/wp\/v2\/media?parent=32096"}],"curies":[{"name":"wp","href":"https:\/\/api.w.org\/{rel}","templated":true}]}}