{"id":32110,"date":"2020-08-26T12:58:52","date_gmt":"2020-08-26T10:58:52","guid":{"rendered":"https:\/\/obera.fr\/produkte\/atex-materialien-und-ausruestung\/atex-rueckschlagventil\/"},"modified":"2025-06-02T10:27:52","modified_gmt":"2025-06-02T08:27:52","slug":"clapet-anti-retour","status":"publish","type":"page","link":"https:\/\/obera.fr\/de\/produits\/atex\/clapet-anti-retour\/","title":{"rendered":"ATEX-R\u00fcckschlagventil"},"content":{"rendered":"\n<div class=\"wp-block-columns is-layout-flex wp-container-core-columns-is-layout-28f84493 wp-block-columns-is-layout-flex\">\n<div class=\"wp-block-column is-layout-flow wp-block-column-is-layout-flow\" style=\"flex-basis:33.33%\">\n<figure class=\"wp-block-image aligncenter size-full\"><img decoding=\"async\" width=\"175\" height=\"175\" src=\"https:\/\/obera.fr\/wp-content\/uploads\/2020\/09\/Clapet-anti-retour-ATEX-1-175x175-1.png\" alt=\"Atex-R\u00fcckschlagventil 1 175x175 1\" class=\"wp-image-990\" srcset=\"https:\/\/obera.fr\/wp-content\/uploads\/2020\/09\/Clapet-anti-retour-ATEX-1-175x175-1.png 175w, https:\/\/obera.fr\/wp-content\/uploads\/2020\/09\/Clapet-anti-retour-ATEX-1-175x175-1-150x150.png 150w\" sizes=\"(max-width: 175px) 100vw, 175px\" \/><figcaption class=\"wp-element-caption\">ATEX-R\u00fcckschlagventil<\/figcaption><\/figure>\n<\/div>\n\n\n\n<div class=\"wp-block-column is-layout-flow wp-block-column-is-layout-flow\" style=\"flex-basis:66.66%\">\n<p><strong>ATEX-R\u00fcckschlagventile<\/strong> sind Sicherheitsvorrichtungen, die in der Industrie eingesetzt werden, um zu verhindern, dass Gase oder Fl\u00fcssigkeiten in Rohre und Leitungen zur\u00fcckflie\u00dfen. Sie sind f\u00fcr den Einsatz in potenziell explosiven Umgebungen konzipiert, in denen die Anwesenheit von entflammbaren Gasen oder St\u00e4uben zu Explosionen f\u00fchren und die Sicherheit der Arbeiter gef\u00e4hrden kann. Der Begriff ATEX bezieht sich auf die EU-Richtlinie 2014\/34\/EU, die die Anforderungen f\u00fcr Ger\u00e4te zur Verwendung in explosionsgef\u00e4hrdeten Umgebungen festlegt.  <\/p>\n\n\n\n<p>ATEX-R\u00fcckschlagventile entsprechen dieser Richtlinie und sind so konzipiert, dass sie die h\u00f6chsten Sicherheitsstandards im Bereich des Explosionsschutzes erf\u00fcllen.<\/p>\n\n\n\n<div class=\"wp-block-columns is-layout-flex wp-container-core-columns-is-layout-28f84493 wp-block-columns-is-layout-flex\">\n<div class=\"wp-block-column is-layout-flow wp-block-column-is-layout-flow\" style=\"flex-basis:33.34%\">\n<div class=\"wp-block-buttons is-content-justification-center is-layout-flex wp-container-core-buttons-is-layout-a89b3969 wp-block-buttons-is-layout-flex\">\n<div class=\"wp-block-button\"><a class=\"wp-block-button__link wp-element-button\" href=\"https:\/\/obera.fr\/wp-content\/uploads\/2025\/06\/clapet-anti-retour-atex-de.pdf\" target=\"_blank\" rel=\"noreferrer noopener\">Brosch\u00fcre herunterladen<\/a><\/div>\n<\/div>\n<\/div>\n\n\n\n<div class=\"wp-block-column is-layout-flow wp-block-column-is-layout-flow\" style=\"flex-basis:33.34%\">\n<div class=\"wp-block-buttons is-horizontal is-content-justification-center is-layout-flex wp-container-core-buttons-is-layout-03627597 wp-block-buttons-is-layout-flex\">\n<div class=\"wp-block-button\"><a class=\"wp-block-button__link wp-element-button\" href=\"https:\/\/obera.fr\/de\/contact\/\">Weitere Informationen<\/a><\/div>\n<\/div>\n<\/div>\n\n\n\n<div class=\"wp-block-column is-layout-flow wp-block-column-is-layout-flow\" style=\"flex-basis:33.33%\">\n<div class=\"wp-block-buttons is-content-justification-center is-layout-flex wp-container-core-buttons-is-layout-a89b3969 wp-block-buttons-is-layout-flex\">\n<div class=\"wp-block-button btn-devis-source\"><a class=\"wp-block-button__link wp-element-button\" href=\"https:\/\/obera.fr\/de\/angebotsanfrage\/\">Angebotsanfrage<\/a><\/div>\n<\/div>\n\n\n<script>\r\ndocument.addEventListener('DOMContentLoaded', function() {\r\n    \/\/ 1. On cherche le titre H1 de la page\r\n    var h1 = document.querySelector('h1');\r\n    var productTitle = h1 ? h1.innerText.trim() : \"\";\r\n\r\n    \/\/ 2. On cherche les boutons via la classe CSS .btn-devis-source\r\n    var buttons = document.querySelectorAll('.btn-devis-source a');\r\n\r\n    \/\/ 3. Si on a le titre et les boutons, on ajoute le param\u00e8tre\r\n    if (buttons.length > 0 && productTitle !== \"\") {\r\n        var encodedTitle = encodeURIComponent(productTitle);\r\n\r\n        buttons.forEach(function(btn) {\r\n            var currentHref = btn.getAttribute('href');\r\n            \r\n            \/\/ S\u00e9curit\u00e9 pour ne pas ajouter le param\u00e8tre 2 fois\r\n            if (currentHref.indexOf('sujet=') === -1) {\r\n                var separator = currentHref.indexOf('?') !== -1 ? '&' : '?';\r\n                var newLink = currentHref + separator + 'sujet=' + encodedTitle;\r\n                \r\n                btn.setAttribute('href', newLink);\r\n            }\r\n        });\r\n    }\r\n});\r\n<\/script><\/div>\n<\/div>\n<\/div>\n<\/div>\n\n\n\n<h2 class=\"wp-block-heading\">Funktionsweise eines ATEX-R\u00fcckschlagventils<\/h2>\n\n\n\n<p>Die Funktionsweise von ATEX-R\u00fcckschlagventilen ist recht einfach. Sie werden in Rohren und Kan\u00e4len installiert, um zu verhindern, dass Fl\u00fcssigkeiten in die entgegengesetzte Richtung zur\u00fcckflie\u00dfen.<\/p>\n\n\n\n<p>Die Funktionsweise von ATEX-R\u00fcckschlagventilen ist recht einfach. Sie bestehen aus einem Geh\u00e4use, einer Scheibe und einer Feder. Das Geh\u00e4use wird in den Kanal oder das Transportrohr eingebaut und die Disk wird in das Geh\u00e4use gelegt. Die Feder befindet sich auf der Scheibe und sorgt f\u00fcr einen konstanten Druck auf die Klappe. Wenn die Fl\u00fcssigkeit in die richtige Richtung flie\u00dft, hebt sich die Scheibe, so dass die Fl\u00fcssigkeit durch das Ventil flie\u00dfen kann. Wenn die Fl\u00fcssigkeit versucht, zur\u00fcckzuflie\u00dfen, schlie\u00dft sich die Scheibe automatisch und verhindert so den R\u00fcckfluss der Fl\u00fcssigkeit.<\/p>\n\n\n\n<h2 class=\"wp-block-heading\">Nutzen von ATEX-R\u00fcckschlagventilen<\/h2>\n\n\n\n<p>ATEX-R\u00fcckschlagventile werden in einer Vielzahl von industriellen Anwendungen eingesetzt, u.a. in der \u00d6l- und Gasindustrie, der chemischen Industrie, der Pharmaindustrie, der Lebensmittelindustrie und der Energieerzeugung. Sie werden h\u00e4ufig in Rohrleitungssystemen eingesetzt, um Explosionen und Br\u00e4nde zu verhindern, k\u00f6nnen aber auch in einzelnen Ger\u00e4ten wie Ventilen oder Pumpen verwendet werden.<\/p>\n\n\n\n<p>ATEX-R\u00fcckschlagventile sind besonders wichtig in Industrien, in denen Explosions- oder Brandgefahr besteht. Wenn ein R\u00fcckschlagventil versagt oder nicht richtig funktioniert, k\u00f6nnen brennbare Gase oder Fl\u00fcssigkeiten in das System zur\u00fcckflie\u00dfen, was zu einem Druckaufbau und einer m\u00f6glichen Explosion oder einem Brand f\u00fchren kann. ATEX-R\u00fcckschlagventile sind daher unerl\u00e4sslich, um die Sicherheit der Arbeiter, der Ausr\u00fcstung und der Umwelt in diesen Industrien zu gew\u00e4hrleisten.<\/p>\n\n\n\n<p>Neben ihrem Nutzen f\u00fcr die Vermeidung von Explosionen und Br\u00e4nden haben ATEX-R\u00fcckschlagventile noch weitere Vorteile f\u00fcr Unternehmen. Beispielsweise k\u00f6nnen sie die Wartungskosten senken, indem sie die Lebensdauer der Anlagen verl\u00e4ngern, Ausfallzeiten reduzieren und teure Reparaturen vermeiden. Sie k\u00f6nnen auch zur Verbesserung der Energieeffizienz beitragen, indem sie Druckverluste reduzieren und das Austreten von gef\u00e4hrlichen Stoffen minimieren.<\/p>\n\n\n\n<p>Aufgrund der potenziell gef\u00e4hrlichen Umgebung, in der sie eingesetzt werden, unterliegen ATEX-R\u00fcckschlagventile strengen Vorschriften, um ihre Zuverl\u00e4ssigkeit und Sicherheit zu gew\u00e4hrleisten. Die Design- und Leistungsstandards werden von Organisationen wie der Europ\u00e4ischen Agentur f\u00fcr Sicherheit und Gesundheitsschutz am Arbeitsplatz (EU-OSHA) festgelegt.<\/p>\n\n\n\n<h2 class=\"wp-block-heading\">Technische Merkmale<\/h2>\n\n\n\n<figure class=\"wp-block-table\"><table class=\"has-fixed-layout\"><tbody><tr><td>R\u00fcckschlagventil<\/td><td>Eigenschaften<\/td><\/tr><tr><td>Betriebstemperaturbereich<\/td><td>-20\u00b0C Max. +40\u00b0C<\/td><\/tr><tr><td>Kst max<\/td><td>200 bar m\/s<\/td><\/tr><tr><td>Maximale Luftgeschwindigkeit<\/td><td>30 m\/s<\/td><\/tr><tr><td>Pred max<\/td><td>0,5 bar<\/td><\/tr><tr><td>Arbeitsdruck<\/td><td>50.000 Pa<\/td><\/tr><tr><td>Schutzniveau<\/td><td>St1 (organisch und nicht-metallisch)<\/td><\/tr><tr><td>Anwendungsgebiet<\/td><td>20 &#8211; 21 &#8211; 22 (innen)<br>21 &#8211; 22 (au\u00dfen)<\/td><\/tr><\/tbody><\/table><\/figure>\n\n\n\n<div class=\"wp-block-columns is-layout-flex wp-container-core-columns-is-layout-28f84493 wp-block-columns-is-layout-flex\">\n<div class=\"wp-block-column is-vertically-aligned-center is-layout-flow wp-block-column-is-layout-flow\">\n<div class=\"wp-block-buttons is-content-justification-center is-layout-flex wp-container-core-buttons-is-layout-a89b3969 wp-block-buttons-is-layout-flex\">\n<div class=\"wp-block-button\"><a class=\"wp-block-button__link wp-element-button\" href=\"https:\/\/obera.fr\/contact\/\">Ben\u00f6tigen Sie eine pers\u00f6nliche Beratung ?<\/a><\/div>\n<\/div>\n<\/div>\n<\/div>\n\n\n\n<h2 class=\"wp-block-heading\">Die Vorteile<\/h2>\n\n\n\n<div class=\"wp-block-columns is-layout-flex wp-container-core-columns-is-layout-28f84493 wp-block-columns-is-layout-flex\">\n<div class=\"wp-block-column is-layout-flow wp-block-column-is-layout-flow\">\n<h3 class=\"wp-block-heading has-text-align-center\"><strong>Vorteile<\/strong><\/h3>\n\n\n\n<ul class=\"wp-block-list\">\n<li>Beseitigt das Risiko der Ausbreitung einer Explosion.<\/li>\n\n\n\n<li>Verhindert das Aufwirbeln von Staub beim Abschalten der Anlage.<\/li>\n\n\n\n<li>Hohe Druckfestigkeit<\/li>\n\n\n\n<li>Kein Energieverbrauch<\/li>\n\n\n\n<li>Vollst\u00e4ndig mechanisch, wartungsfrei.<\/li>\n<\/ul>\n<\/div>\n\n\n\n<div class=\"wp-block-column is-layout-flow wp-block-column-is-layout-flow\">\n<h3 class=\"wp-block-heading has-text-align-center\"><strong>Besonderheiten<\/strong><\/h3>\n\n\n\n<ul class=\"wp-block-list\">\n<li>Zertifiziertes Schutzsystem<\/li>\n\n\n\n<li>ATEX-Standards<\/li>\n<\/ul>\n<\/div>\n\n\n\n<div class=\"wp-block-column is-layout-flow wp-block-column-is-layout-flow\">\n<h3 class=\"wp-block-heading has-text-align-center\"><strong>Eigenschaften<\/strong><\/h3>\n\n\n\n<ul class=\"wp-block-list\">\n<li>Material, das unter Qualit\u00e4tssicherung der Produktion hergestellt wird<\/li>\n\n\n\n<li>Erh\u00e4ltlich mit Schellen- oder Flanschmontage.<\/li>\n\n\n\n<li>Geeignet f\u00fcr den Transport von explosiven St\u00e4uben der Klasse St1.<\/li>\n<\/ul>\n<\/div>\n<\/div>\n\n\n\n<h2 class=\"wp-block-heading\">Anwendungen<\/h2>\n\n\n\n<div class=\"wp-block-columns is-layout-flex wp-container-core-columns-is-layout-28f84493 wp-block-columns-is-layout-flex\">\n<div class=\"wp-block-column is-layout-flow wp-block-column-is-layout-flow\">\n<h3 class=\"wp-block-heading has-text-align-center\">Branchen<\/h3>\n\n\n\n<hr class=\"wp-block-separator has-css-opacity is-style-wide\"\/>\n\n\n\n<div class=\"wp-block-columns is-layout-flex wp-container-core-columns-is-layout-28f84493 wp-block-columns-is-layout-flex\">\n<div class=\"wp-block-column is-layout-flow wp-block-column-is-layout-flow\">\n<figure class=\"wp-block-image aligncenter size-large\"><img decoding=\"async\" width=\"70\" height=\"70\" src=\"https:\/\/obera.fr\/wp-content\/uploads\/2020\/08\/industrie-metallurgie.jpg\" alt=\"Metallindustrie\" class=\"wp-image-673\"\/><figcaption class=\"wp-element-caption\">Metallurgie<\/figcaption><\/figure>\n<\/div>\n\n\n\n<div class=\"wp-block-column is-layout-flow wp-block-column-is-layout-flow\">\n<figure class=\"wp-block-image aligncenter size-large\"><img decoding=\"async\" width=\"70\" height=\"70\" src=\"https:\/\/obera.fr\/wp-content\/uploads\/2020\/08\/industrie-agroalimentaire.jpg\" alt=\"Lebensmittel- und Getr\u00e4nkeindustrie\" class=\"wp-image-727\"\/><figcaption class=\"wp-element-caption\">Lebensmittelindustrie<\/figcaption><\/figure>\n<\/div>\n\n\n\n<div class=\"wp-block-column is-layout-flow wp-block-column-is-layout-flow\">\n<figure class=\"wp-block-image aligncenter size-large\"><img decoding=\"async\" width=\"70\" height=\"70\" src=\"https:\/\/obera.fr\/wp-content\/uploads\/2020\/08\/industrie-minerai.jpg\" alt=\"Erzindustrie\" class=\"wp-image-724\"\/><figcaption class=\"wp-element-caption\">Erze<\/figcaption><\/figure>\n<\/div>\n\n\n\n<div class=\"wp-block-column is-layout-flow wp-block-column-is-layout-flow\">\n<figure class=\"wp-block-image aligncenter size-large\"><img decoding=\"async\" width=\"70\" height=\"70\" src=\"https:\/\/obera.fr\/wp-content\/uploads\/2020\/08\/industrie-bois.jpg\" alt=\"Holzindustrie\" class=\"wp-image-672\"\/><figcaption class=\"wp-element-caption\">Holzbearbeitung<\/figcaption><\/figure>\n<\/div>\n\n\n\n<div class=\"wp-block-column is-layout-flow wp-block-column-is-layout-flow\">\n<figure class=\"wp-block-image aligncenter size-large\"><img decoding=\"async\" width=\"70\" height=\"70\" src=\"https:\/\/obera.fr\/wp-content\/uploads\/2020\/08\/industrie-papier-carton.jpg\" alt=\"Industrie Papier Karton\" class=\"wp-image-670\"\/><figcaption class=\"wp-element-caption\">Papier\/Karton<\/figcaption><\/figure>\n<\/div>\n\n\n\n<div class=\"wp-block-column is-layout-flow wp-block-column-is-layout-flow\">\n<figure class=\"wp-block-image aligncenter size-large\"><img decoding=\"async\" width=\"70\" height=\"70\" src=\"https:\/\/obera.fr\/wp-content\/uploads\/2020\/08\/industrie-textile.jpg\" alt=\"Textilindustrie\" class=\"wp-image-671\"\/><figcaption class=\"wp-element-caption\">Textilien<\/figcaption><\/figure>\n<\/div>\n<\/div>\n\n\n\n<p><\/p>\n<\/div>\n<\/div>\n","protected":false},"excerpt":{"rendered":"<p>ATEX-R\u00fcckschlagventile sind Sicherheitsvorrichtungen, die in der Industrie eingesetzt werden, um zu verhindern, dass Gase oder Fl\u00fcssigkeiten in Rohre und Leitungen zur\u00fcckflie\u00dfen. Sie sind f\u00fcr den Einsatz in potenziell explosiven Umgebungen konzipiert, in denen die Anwesenheit von entflammbaren Gasen oder St\u00e4uben zu Explosionen f\u00fchren und die Sicherheit der Arbeiter gef\u00e4hrden kann. Der Begriff ATEX bezieht sich auf die EU-Richtlinie 2014\/34\/EU, die die Anforderungen f\u00fcr Ger\u00e4te zur Verwendung in explosionsgef\u00e4hrdeten Umgebungen festlegt. ATEX-R\u00fcckschlagventile entsprechen dieser Richtlinie und sind so konzipiert, dass sie die h\u00f6chsten Sicherheitsstandards im Bereich des Explosionsschutzes erf\u00fcllen. Funktionsweise eines ATEX-R\u00fcckschlagventils Die Funktionsweise von ATEX-R\u00fcckschlagventilen ist recht einfach. Sie werden &#8230; <\/p>\n<p class=\"read-more-container\"><a title=\"ATEX-R\u00fcckschlagventil\" class=\"read-more button\" href=\"https:\/\/obera.fr\/de\/produits\/atex\/clapet-anti-retour\/#more-32110\" aria-label=\"Mehr Informationen \u00fcber ATEX-R\u00fcckschlagventil\">Lire la suite<\/a><\/p>\n","protected":false},"author":4,"featured_media":83739,"parent":32103,"menu_order":0,"comment_status":"closed","ping_status":"closed","template":"","meta":{"_acf_changed":false,"_seopress_robots_primary_cat":"","_seopress_titles_title":"ATEX-R\u00fcckschlagventil, das einer Explosion standhalten soll","_seopress_titles_desc":"Sie sind in der Lage, die \u00dcbertragung der gef\u00e4hrlichen Auswirkungen einer Explosion zu verhindern und Bereiche mit potenziell explosiver Staubatmosph\u00e4re zu isolieren.","_seopress_robots_index":"","_seopress_analysis_target_kw":"","footnotes":""},"class_list":{"0":"post-32110","1":"page","2":"type-page","3":"status-publish","4":"has-post-thumbnail","6":"no-featured-image-padding","7":"resize-featured-image"},"acf":[],"_links":{"self":[{"href":"https:\/\/obera.fr\/de\/wp-json\/wp\/v2\/pages\/32110","targetHints":{"allow":["GET"]}}],"collection":[{"href":"https:\/\/obera.fr\/de\/wp-json\/wp\/v2\/pages"}],"about":[{"href":"https:\/\/obera.fr\/de\/wp-json\/wp\/v2\/types\/page"}],"author":[{"embeddable":true,"href":"https:\/\/obera.fr\/de\/wp-json\/wp\/v2\/users\/4"}],"replies":[{"embeddable":true,"href":"https:\/\/obera.fr\/de\/wp-json\/wp\/v2\/comments?post=32110"}],"version-history":[{"count":7,"href":"https:\/\/obera.fr\/de\/wp-json\/wp\/v2\/pages\/32110\/revisions"}],"predecessor-version":[{"id":105719,"href":"https:\/\/obera.fr\/de\/wp-json\/wp\/v2\/pages\/32110\/revisions\/105719"}],"up":[{"embeddable":true,"href":"https:\/\/obera.fr\/de\/wp-json\/wp\/v2\/pages\/32103"}],"wp:featuredmedia":[{"embeddable":true,"href":"https:\/\/obera.fr\/de\/wp-json\/wp\/v2\/media\/83739"}],"wp:attachment":[{"href":"https:\/\/obera.fr\/de\/wp-json\/wp\/v2\/media?parent=32110"}],"curies":[{"name":"wp","href":"https:\/\/api.w.org\/{rel}","templated":true}]}}