{"id":32114,"date":"2020-05-01T17:19:45","date_gmt":"2020-05-01T15:19:45","guid":{"rendered":"https:\/\/obera.fr\/produkte\/luftanalysatoren\/"},"modified":"2025-04-22T09:39:09","modified_gmt":"2025-04-22T07:39:09","slug":"analyseurs-air","status":"publish","type":"page","link":"https:\/\/obera.fr\/de\/produits\/analyseurs-air\/","title":{"rendered":"Luftanalysatoren"},"content":{"rendered":"\n<p>OberA verf\u00fcgt \u00fcber eine Reihe von 5 Luftanalysatoren. Diese Ger\u00e4te sind dazu bestimmt, die verschiedenen Luftparameter an Ihrem Arbeitsplatz zu messen. <\/p>\n\n\n<h2 class=\"wp-block-heading\" id=\"les-produits-de-la-gamme-obera\">Die Produkte der OberA-Reihe<\/h2>\n\n<div class=\"wp-block-columns is-layout-flex wp-container-core-columns-is-layout-28f84493 wp-block-columns-is-layout-flex\">\n<div class=\"wp-block-column is-layout-flow wp-block-column-is-layout-flow\">\n<h3 class=\"wp-block-heading has-text-align-center\" id=\"obcare\"><a href=\"https:\/\/obera.fr\/de\/produits\/analyseurs-air\/obcare-co2-sensor\/\">OBCARE<\/a><\/h3>\n\n\n\n<figure class=\"wp-block-image aligncenter size-medium is-resized\"><a href=\"https:\/\/obera.fr\/produits\/analyseurs-air\/capteur-co2-obcare\/\"><img decoding=\"async\" width=\"300\" height=\"212\" src=\"https:\/\/obera.fr\/wp-content\/uploads\/2021\/09\/Capteur_CO2_OBCARE-2-300x212.png\" alt=\"obcare co2 sensor\" class=\"wp-image-6918\" style=\"aspect-ratio:1.4180327868852458;width:216px;height:auto\" srcset=\"https:\/\/obera.fr\/wp-content\/uploads\/2021\/09\/Capteur_CO2_OBCARE-2-300x212.png 300w, https:\/\/obera.fr\/wp-content\/uploads\/2021\/09\/Capteur_CO2_OBCARE-2-768x542.png 768w, https:\/\/obera.fr\/wp-content\/uploads\/2021\/09\/Capteur_CO2_OBCARE-2.png 921w\" sizes=\"(max-width: 300px) 100vw, 300px\" \/><\/a><\/figure>\n\n\n\n<p><\/p>\n\n\n\n<p><a href=\"https:\/\/obera.fr\/de\/produits\/analyseurs-air\/obcare-co2-sensor\/\" data-type=\"page\" data-id=\"6812\"><strong>OBCARE <\/strong>ist ein reiner C02-Sensor<\/a>. Mit Hilfe der NDIR-Technologie (nichtdispersive Infrarotsensoren) mit Selbstkalibrierung ist es sein Ziel, die Konzentration in ppm (Genauigkeit \u00b1 60ppm) pr\u00e4zise und in Echtzeit anzuzeigen.<\/p>\n<\/div>\n\n\n\n<div class=\"wp-block-column is-layout-flow wp-block-column-is-layout-flow\">\n<h3 class=\"wp-block-heading has-text-align-center\" id=\"compteur-de-particules\"><a href=\"https:\/\/obera.fr\/de\/produits\/analyseurs-air\/partikelzaehler\/\">Partikelz\u00e4hler<\/a><\/h3>\n\n\n\n<figure class=\"wp-block-image aligncenter size-thumbnail\"><a href=\"https:\/\/obera.fr\/produits\/analyseurs-air\/compteur-particules\/\"><img decoding=\"async\" width=\"150\" height=\"150\" src=\"https:\/\/obera.fr\/wp-content\/uploads\/2020\/08\/compteur-de-particules-150x150.png\" alt=\"Partikelz&#xE4;hler\" class=\"wp-image-714\" srcset=\"https:\/\/obera.fr\/wp-content\/uploads\/2020\/08\/compteur-de-particules-150x150.png 150w, https:\/\/obera.fr\/wp-content\/uploads\/2020\/08\/compteur-de-particules-300x300.png 300w, https:\/\/obera.fr\/wp-content\/uploads\/2020\/08\/compteur-de-particules.png 433w\" sizes=\"(max-width: 150px) 100vw, 150px\" \/><\/a><\/figure>\n\n\n\n<p>Der <a href=\"https:\/\/obera.fr\/de\/produits\/analyseurs-air\/partikelzaehler\/\" data-type=\"page\" data-id=\"539\">OberA Partikelz\u00e4hler<\/a> kann Staubpartikel von PM0,3 bis PM10 (Partikel von 0,3um bis 10um) messen. Erfassen Sie die Temperatur von 0\u00b0C bis 50\u00b0C und die relative Luftfeuchtigkeit.<\/p>\n<\/div>\n<\/div>\n\n<div style=\"height:30px\" aria-hidden=\"true\" class=\"wp-block-spacer\"><\/div>\n\n<div class=\"wp-block-buttons is-horizontal is-content-justification-center is-layout-flex wp-container-core-buttons-is-layout-03627597 wp-block-buttons-is-layout-flex\">\n<div class=\"wp-block-button\"><a class=\"wp-block-button__link wp-element-button\" href=\"https:\/\/obera.fr\/de\/contact\/\">Weitere Informationen<\/a><\/div>\n<\/div>\n\n<p><\/p>\n\n<h2 class=\"wp-block-heading\" id=\"pourquoi-mesurer-la-qualite-de-mon-air\">Warum sollte ich die Qualit\u00e4t meiner Luft messen?<\/h2>\n\n<p>Luft ist ein wesentliches Element f\u00fcr den Menschen und es ist f\u00fcr die Gesundheit und das Wohlbefinden der Mitarbeiter notwendig, gesunde Luft zu atmen. Es geht darum, die Atemluft Ihrer Mitarbeiter zu analysieren und zu entscheiden, ob es sinnvoll ist, Ihren Arbeitsplatz mit einer Luftaufbereitungsanlage auszustatten. <\/p>\n\n<p>Diese Luftanalyse gibt auch Aufschluss \u00fcber die Art und Konzentration der Schadstoffe an Ihrem Arbeitsplatz, was bei der Auswahl der Filterung Ihrer Luftaufbereitungsanlage hilfreich ist.<\/p>\n","protected":false},"excerpt":{"rendered":"<p>OberA verf\u00fcgt \u00fcber eine Reihe von 5 Luftanalysatoren. Diese Ger\u00e4te sind dazu bestimmt, die verschiedenen Luftparameter an Ihrem Arbeitsplatz zu messen. Die Produkte der OberA-Reihe OBCARE OBCARE ist ein reiner C02-Sensor. Mit Hilfe der NDIR-Technologie (nichtdispersive Infrarotsensoren) mit Selbstkalibrierung ist es sein Ziel, die Konzentration in ppm (Genauigkeit \u00b1 60ppm) pr\u00e4zise und in Echtzeit anzuzeigen. Partikelz\u00e4hler Der OberA Partikelz\u00e4hler kann Staubpartikel von PM0,3 bis PM10 (Partikel von 0,3um bis 10um) messen. Erfassen Sie die Temperatur von 0\u00b0C bis 50\u00b0C und die relative Luftfeuchtigkeit. Warum sollte ich die Qualit\u00e4t meiner Luft messen? Luft ist ein wesentliches Element f\u00fcr den Menschen und &#8230; <\/p>\n<p class=\"read-more-container\"><a title=\"Luftanalysatoren\" class=\"read-more button\" href=\"https:\/\/obera.fr\/de\/produits\/analyseurs-air\/#more-32114\" aria-label=\"Mehr Informationen \u00fcber Luftanalysatoren\">Lire la suite<\/a><\/p>\n","protected":false},"author":4,"featured_media":83739,"parent":11999,"menu_order":7,"comment_status":"closed","ping_status":"closed","template":"","meta":{"_acf_changed":false,"_seopress_robots_primary_cat":"","_seopress_titles_title":"Retrouvez tous nos analyseurs d\u2019air de la gamme oberA","_seopress_titles_desc":"OberA dispose d\u2019une gamme de 5 analyseurs d\u2019air. Ces appareils ont pour but de r\u00e9v\u00e9ler les diff\u00e9rents param\u00e8tres de l\u2019air pr\u00e9sent sur votre lieu de travail.","_seopress_robots_index":"","footnotes":""},"class_list":{"0":"post-32114","1":"page","2":"type-page","3":"status-publish","4":"has-post-thumbnail","6":"no-featured-image-padding","7":"resize-featured-image"},"acf":[],"_links":{"self":[{"href":"https:\/\/obera.fr\/de\/wp-json\/wp\/v2\/pages\/32114","targetHints":{"allow":["GET"]}}],"collection":[{"href":"https:\/\/obera.fr\/de\/wp-json\/wp\/v2\/pages"}],"about":[{"href":"https:\/\/obera.fr\/de\/wp-json\/wp\/v2\/types\/page"}],"author":[{"embeddable":true,"href":"https:\/\/obera.fr\/de\/wp-json\/wp\/v2\/users\/4"}],"replies":[{"embeddable":true,"href":"https:\/\/obera.fr\/de\/wp-json\/wp\/v2\/comments?post=32114"}],"version-history":[{"count":7,"href":"https:\/\/obera.fr\/de\/wp-json\/wp\/v2\/pages\/32114\/revisions"}],"predecessor-version":[{"id":63193,"href":"https:\/\/obera.fr\/de\/wp-json\/wp\/v2\/pages\/32114\/revisions\/63193"}],"up":[{"embeddable":true,"href":"https:\/\/obera.fr\/de\/wp-json\/wp\/v2\/pages\/11999"}],"wp:featuredmedia":[{"embeddable":true,"href":"https:\/\/obera.fr\/de\/wp-json\/wp\/v2\/media\/83739"}],"wp:attachment":[{"href":"https:\/\/obera.fr\/de\/wp-json\/wp\/v2\/media?parent=32114"}],"curies":[{"name":"wp","href":"https:\/\/api.w.org\/{rel}","templated":true}]}}