{"id":32119,"date":"2021-09-17T09:11:07","date_gmt":"2021-09-17T07:11:07","guid":{"rendered":"https:\/\/obera.fr\/produkte\/luftanalysatoren\/obcare-co2-sensor\/"},"modified":"2025-06-03T14:56:05","modified_gmt":"2025-06-03T12:56:05","slug":"capteur-co2-obcare","status":"publish","type":"page","link":"https:\/\/obera.fr\/de\/produits\/analyseurs-air\/capteur-co2-obcare\/","title":{"rendered":"OBCARE CO2-Sensor"},"content":{"rendered":"\n<h2 class=\"wp-block-heading\">Messung der Luftqualit\u00e4t mit Ampeln<\/h2>\n\n\n\n<div class=\"wp-block-columns is-layout-flex wp-container-core-columns-is-layout-28f84493 wp-block-columns-is-layout-flex\">\n<div class=\"wp-block-column is-layout-flow wp-block-column-is-layout-flow\" style=\"flex-basis:33.33%\">\n<figure class=\"wp-block-image aligncenter size-full is-resized\"><img decoding=\"async\" width=\"300\" height=\"212\" src=\"https:\/\/obera.fr\/wp-content\/uploads\/2021\/11\/Capteur_CO2_OBCARE.png\" alt=\"obcare co2 sensor\" class=\"wp-image-7611\" style=\"width:300px;height:212px\"\/><figcaption class=\"wp-element-caption\">OBCARE<\/figcaption><\/figure>\n<\/div>\n\n\n\n<div class=\"wp-block-column is-vertically-aligned-center is-layout-flow wp-block-column-is-layout-flow\" style=\"flex-basis:66.66%\">\n<p>Der <strong>OBCARE <\/strong>CO2-Sensor erm\u00f6glicht die \u00dcberwachung der Luftqualit\u00e4t in geschlossenen R\u00e4umen in Echtzeit. Sein mehrfarbiges Display mit Ampelfarben bietet einen sofortigen \u00dcberblick \u00fcber die Luftqualit\u00e4t und zeigt die <strong>CO2-Konzentration in ppm<\/strong> an. Diese Ampeln sind klare visuelle Anhaltspunkte und warnen die Nutzer vor den zu ergreifenden Ma\u00dfnahmen: <strong>Luftreinigung <\/strong>durch mobile Luftreinigungsanlagen und\/oder <strong>nat\u00fcrliche Bel<\/strong> \u00fcftung durch Ventilation.  <\/p>\n\n\n\n<div class=\"wp-block-columns is-layout-flex wp-container-core-columns-is-layout-28f84493 wp-block-columns-is-layout-flex\">\n<div class=\"wp-block-column is-layout-flow wp-block-column-is-layout-flow\" style=\"flex-basis:33.34%\">\n<div class=\"wp-block-buttons is-content-justification-center is-layout-flex wp-container-core-buttons-is-layout-a89b3969 wp-block-buttons-is-layout-flex\">\n<div class=\"wp-block-button\"><a class=\"wp-block-button__link wp-element-button\" href=\"https:\/\/obera.fr\/wp-content\/uploads\/2025\/06\/de-brochure-obcare.pdf\">Brosch\u00fcre herunterladen<\/a><\/div>\n<\/div>\n<\/div>\n\n\n\n<div class=\"wp-block-column is-layout-flow wp-block-column-is-layout-flow\" style=\"flex-basis:33.34%\">\n<div class=\"wp-block-buttons is-horizontal is-content-justification-center is-layout-flex wp-container-core-buttons-is-layout-03627597 wp-block-buttons-is-layout-flex\">\n<div class=\"wp-block-button\"><a class=\"wp-block-button__link wp-element-button\" href=\"https:\/\/boutique.obera.fr\/52-acheter-capteur-co2-obcare.html\" target=\"_blank\" rel=\"noreferrer noopener\">Kaufen Sie den OBCARE CO2-Sensor  <\/a><\/div>\n<\/div>\n<\/div>\n\n\n\n<div class=\"wp-block-column is-layout-flow wp-block-column-is-layout-flow\" style=\"flex-basis:33.33%\">\n<div class=\"wp-block-buttons is-content-justification-center is-layout-flex wp-container-core-buttons-is-layout-a89b3969 wp-block-buttons-is-layout-flex\">\n<div class=\"wp-block-button btn-devis-source\"><a class=\"wp-block-button__link wp-element-button\" href=\"https:\/\/obera.fr\/de\/angebotsanfrage\/\">Angebotsanfrage<\/a><\/div>\n<\/div>\n\n\n<script>\r\ndocument.addEventListener('DOMContentLoaded', function() {\r\n    \/\/ 1. On cherche le titre H1 de la page\r\n    var h1 = document.querySelector('h1');\r\n    var productTitle = h1 ? h1.innerText.trim() : \"\";\r\n\r\n    \/\/ 2. On cherche les boutons via la classe CSS .btn-devis-source\r\n    var buttons = document.querySelectorAll('.btn-devis-source a');\r\n\r\n    \/\/ 3. Si on a le titre et les boutons, on ajoute le param\u00e8tre\r\n    if (buttons.length > 0 && productTitle !== \"\") {\r\n        var encodedTitle = encodeURIComponent(productTitle);\r\n\r\n        buttons.forEach(function(btn) {\r\n            var currentHref = btn.getAttribute('href');\r\n            \r\n            \/\/ S\u00e9curit\u00e9 pour ne pas ajouter le param\u00e8tre 2 fois\r\n            if (currentHref.indexOf('sujet=') === -1) {\r\n                var separator = currentHref.indexOf('?') !== -1 ? '&' : '?';\r\n                var newLink = currentHref + separator + 'sujet=' + encodedTitle;\r\n                \r\n                btn.setAttribute('href', newLink);\r\n            }\r\n        });\r\n    }\r\n});\r\n<\/script><\/div>\n<\/div>\n<\/div>\n<\/div>\n\n\n\n<h2 class=\"wp-block-heading\">Die Vorteile von OBCARE<\/h2>\n\n\n\n<div class=\"wp-block-columns is-layout-flex wp-container-core-columns-is-layout-28f84493 wp-block-columns-is-layout-flex\">\n<div class=\"wp-block-column is-layout-flow wp-block-column-is-layout-flow\">\n<h3 class=\"wp-block-heading has-text-align-left\">CO2-KaPTEUR<\/h3>\n\n\n\n<p>Der <strong>OBCARE <\/strong>CO2-Sensor erm\u00f6glicht eine kontinuierliche Messung der Luftqualit\u00e4t. Die in ppm angezeigten Informationen sind in Echtzeit. Das Ger\u00e4t ist einfach zu bedienen und leicht zu transportieren.    <\/p>\n<\/div>\n\n\n\n<div class=\"wp-block-column is-layout-flow wp-block-column-is-layout-flow\">\n<h3 class=\"wp-block-heading has-text-align-left\">BEISPIELE AUS DER INDUSTRIE<\/h3>\n\n\n\n<ul class=\"wp-block-list\">\n<li>ERP<\/li>\n\n\n\n<li>B\u00fcros<\/li>\n\n\n\n<li>Sporthallen  <\/li>\n\n\n\n<li>Warter\u00e4ume<\/li>\n\n\n\n<li>Schulen<\/li>\n\n\n\n<li>Open-Space<\/li>\n\n\n\n<li>Vorr\u00e4te<\/li>\n<\/ul>\n<\/div>\n<\/div>\n\n\n\n<h2 class=\"wp-block-heading\">Arten der Zusammenstellung<\/h2>\n\n\n\n<p>Das Ger\u00e4t zur Messung der Luftqualit\u00e4t kann auf einem Tisch oder an der Wand montiert werden. Mit dem<strong>optional erh\u00e4ltlichen<\/strong> Fu\u00df aus rostfreiem Stahl kann er optimal im Raum positioniert werden. Die richtige Positionierung ist von entscheidender Bedeutung und wird sich auf die Repr\u00e4sentativit\u00e4t der Messungen auswirken. Insbesondere sollten Sie vermeiden, die Sensoren auf oder in der N\u00e4he von Fenstern zu platzieren.   <\/p>\n\n\n\n<blockquote class=\"wp-block-quote is-layout-flow wp-block-quote-is-layout-flow\">\n<p>Wir empfehlen die Installation <strong>eines CO2-Sensors pro 40 m\u00b2<\/strong>.<\/p>\n<\/blockquote>\n\n\n\n<div class=\"wp-block-buttons is-horizontal is-content-justification-center is-layout-flex wp-container-core-buttons-is-layout-03627597 wp-block-buttons-is-layout-flex\">\n<div class=\"wp-block-button\"><a class=\"wp-block-button__link wp-element-button\" href=\"https:\/\/obera.fr\/de\/contact\/\">Weitere Informationen<\/a><\/div>\n<\/div>\n\n\n\n<h2 class=\"wp-block-heading\">Technische Merkmale<\/h2>\n\n\n\n<figure class=\"wp-block-table\"><table class=\"has-fixed-layout\"><tbody><tr><td>CO2-Sensor<\/td><td>NDIR-Technologie (nichtdispersiver Infrarotsensor) mit Selbstkalibrierung<br>Messbereich: 0 bis 5000 ppm (+- 60ppm)<\/td><\/tr><tr><td>Feuchtigkeits- und Temperatursensor<\/td><td>Optional<\/td><\/tr><tr><td>Ampelanzeige Gr\u00fcn\/Gelb\/Rot<\/td><td>Gr\u00fcn: &lt; 800 ppm<br>Gelb: 800 &#8211; 2000 ppm<br>Rot &gt; 2000 ppm<\/td><\/tr><tr><td>Akustischer Alarm<\/td><td>Option<br>Der Alarm ert\u00f6nt jede Minute, wenn der Grenzwert \u00fcberschritten wird.<\/td><\/tr><tr><td>Netzkabel<\/td><td>12V-Netzteil mit EU-Stecker im Lieferumfang enthalten (L\u00e4nge: 1,5 Meter)<\/td><\/tr><tr><td>Lebensmittel<\/td><td>12V &#8211; 34V AC\/DC<\/td><\/tr><tr><td>Aufgenommene Leistung<\/td><td>40 &#8211; 80 mA<\/td><\/tr><tr><td>Gemessene physikalische Gr\u00f6\u00dfen<\/td><td>CO2 in ppm<\/td><\/tr><tr><td>Box<\/td><td>Geh\u00e4use aus ABS, wei\u00df RAL 9010<br>L\u00f6cher f\u00fcr Wandmontage<br>Abmessungen 87,5 x 87,5 x 30mm<\/td><\/tr><tr><td>Standfu\u00df f\u00fcr Schreibtischmontage<\/td><td>Optionales Display<br>Fu\u00df aus rostfreiem Stahl<\/td><\/tr><tr><td>Schutzklasse<\/td><td>IP30<\/td><\/tr><\/tbody><\/table><\/figure>\n\n\n\n<div style=\"height:25px\" aria-hidden=\"true\" class=\"wp-block-spacer\"><\/div>\n\n\n\n<h2 class=\"wp-block-heading\">Die anderen Luftanalysatoren von OberA<\/h2>\n\n\n\n<div class=\"wp-block-columns is-layout-flex wp-container-core-columns-is-layout-28f84493 wp-block-columns-is-layout-flex\">\n<div class=\"wp-block-column is-layout-flow wp-block-column-is-layout-flow\">\n<figure class=\"wp-block-image aligncenter size-thumbnail is-resized\"><a href=\"https:\/\/obera.fr\/produits\/analyseurs-air\/compteur-particules\/\"><img decoding=\"async\" width=\"150\" height=\"150\" src=\"https:\/\/obera.fr\/wp-content\/uploads\/2020\/08\/compteur-de-particules-150x150.png\" alt=\"Trotec PC220 Partikelz\u00e4hler - Partikelz\u00e4hler\" class=\"wp-image-714\" style=\"width:150px;height:150px\" srcset=\"https:\/\/obera.fr\/wp-content\/uploads\/2020\/08\/compteur-de-particules-150x150.png 150w, https:\/\/obera.fr\/wp-content\/uploads\/2020\/08\/compteur-de-particules-300x300.png 300w, https:\/\/obera.fr\/wp-content\/uploads\/2020\/08\/compteur-de-particules.png 433w\" sizes=\"(max-width: 150px) 100vw, 150px\" \/><\/a><figcaption class=\"wp-element-caption\">Partikelz\u00e4hler<\/figcaption><\/figure>\n<\/div>\n<\/div>\n","protected":false},"excerpt":{"rendered":"<p>Messung der Luftqualit\u00e4t mit Ampeln Der OBCARE CO2-Sensor erm\u00f6glicht die \u00dcberwachung der Luftqualit\u00e4t in geschlossenen R\u00e4umen in Echtzeit. Sein mehrfarbiges Display mit Ampelfarben bietet einen sofortigen \u00dcberblick \u00fcber die Luftqualit\u00e4t und zeigt die CO2-Konzentration in ppm an. Diese Ampeln sind klare visuelle Anhaltspunkte und warnen die Nutzer vor den zu ergreifenden Ma\u00dfnahmen: Luftreinigung durch mobile Luftreinigungsanlagen und\/oder nat\u00fcrliche Bel \u00fcftung durch Ventilation. Die Vorteile von OBCARE CO2-KaPTEUR Der OBCARE CO2-Sensor erm\u00f6glicht eine kontinuierliche Messung der Luftqualit\u00e4t. Die in ppm angezeigten Informationen sind in Echtzeit. Das Ger\u00e4t ist einfach zu bedienen und leicht zu transportieren. BEISPIELE AUS DER INDUSTRIE Arten der &#8230; <\/p>\n<p class=\"read-more-container\"><a title=\"OBCARE CO2-Sensor\" class=\"read-more button\" href=\"https:\/\/obera.fr\/de\/produits\/analyseurs-air\/capteur-co2-obcare\/#more-32119\" aria-label=\"Mehr Informationen \u00fcber OBCARE CO2-Sensor\">Lire la suite<\/a><\/p>\n","protected":false},"author":4,"featured_media":83739,"parent":32114,"menu_order":0,"comment_status":"closed","ping_status":"closed","template":"","meta":{"_acf_changed":false,"_seopress_robots_primary_cat":"","_seopress_titles_title":"OBCARE CO2-Sensor zur Messung der Luftqualit\u00e4t","_seopress_titles_desc":"Entdecken Sie unseren CO2-Sensor, der sich ideal zur Erg\u00e4nzung einer Behandlung gegen Covid-19 eignet. Zeigt den CO2-Gehalt in ppm an und informiert \u00fcber die Live-Luftqualit\u00e4t.","_seopress_robots_index":"","footnotes":""},"class_list":{"0":"post-32119","1":"page","2":"type-page","3":"status-publish","4":"has-post-thumbnail","6":"no-featured-image-padding","7":"resize-featured-image"},"acf":[],"_links":{"self":[{"href":"https:\/\/obera.fr\/de\/wp-json\/wp\/v2\/pages\/32119","targetHints":{"allow":["GET"]}}],"collection":[{"href":"https:\/\/obera.fr\/de\/wp-json\/wp\/v2\/pages"}],"about":[{"href":"https:\/\/obera.fr\/de\/wp-json\/wp\/v2\/types\/page"}],"author":[{"embeddable":true,"href":"https:\/\/obera.fr\/de\/wp-json\/wp\/v2\/users\/4"}],"replies":[{"embeddable":true,"href":"https:\/\/obera.fr\/de\/wp-json\/wp\/v2\/comments?post=32119"}],"version-history":[{"count":6,"href":"https:\/\/obera.fr\/de\/wp-json\/wp\/v2\/pages\/32119\/revisions"}],"predecessor-version":[{"id":108395,"href":"https:\/\/obera.fr\/de\/wp-json\/wp\/v2\/pages\/32119\/revisions\/108395"}],"up":[{"embeddable":true,"href":"https:\/\/obera.fr\/de\/wp-json\/wp\/v2\/pages\/32114"}],"wp:featuredmedia":[{"embeddable":true,"href":"https:\/\/obera.fr\/de\/wp-json\/wp\/v2\/media\/83739"}],"wp:attachment":[{"href":"https:\/\/obera.fr\/de\/wp-json\/wp\/v2\/media?parent=32119"}],"curies":[{"name":"wp","href":"https:\/\/api.w.org\/{rel}","templated":true}]}}