{"id":32124,"date":"2020-08-26T13:00:52","date_gmt":"2020-08-26T11:00:52","guid":{"rendered":"https:\/\/obera.fr\/produkte\/luftanalysatoren\/partikelzaehler\/"},"modified":"2025-04-17T09:19:10","modified_gmt":"2025-04-17T07:19:10","slug":"compteur-particules","status":"publish","type":"page","link":"https:\/\/obera.fr\/de\/produits\/analyseurs-air\/compteur-particules\/","title":{"rendered":"Partikelz\u00e4hler"},"content":{"rendered":"\n<h2 class=\"wp-block-heading\">\u00dcberwachung des Staubniveaus<\/h2>\n\n\n\n<div class=\"wp-block-columns is-layout-flex wp-container-core-columns-is-layout-28f84493 wp-block-columns-is-layout-flex\">\n<div class=\"wp-block-column is-layout-flow wp-block-column-is-layout-flow\" style=\"flex-basis:33.33%\">\n<figure class=\"wp-block-image aligncenter size-thumbnail\"><img decoding=\"async\" width=\"150\" height=\"150\" src=\"https:\/\/obera.fr\/wp-content\/uploads\/2020\/08\/compteur-de-particules-150x150.png\" alt=\"Partikelz\u00e4hler\" class=\"wp-image-714\" srcset=\"https:\/\/obera.fr\/wp-content\/uploads\/2020\/08\/compteur-de-particules-150x150.png 150w, https:\/\/obera.fr\/wp-content\/uploads\/2020\/08\/compteur-de-particules-300x300.png 300w, https:\/\/obera.fr\/wp-content\/uploads\/2020\/08\/compteur-de-particules.png 433w\" sizes=\"(max-width: 150px) 100vw, 150px\" \/><figcaption class=\"wp-element-caption\">Partikelz\u00e4hler<\/figcaption><\/figure>\n<\/div>\n\n\n\n<div class=\"wp-block-column is-layout-flow wp-block-column-is-layout-flow\" style=\"flex-basis:66.66%\">\n<p>Der <strong>OberA Partikelz\u00e4hler<\/strong> ist ein universelles Instrument zum Z\u00e4hlen von Partikeln in der Luft.  <\/p>\n\n\n\n<p>Er kann sechs verschiedene Staubfraktionen (Partikel von 0,3 bis 10 \u00b5m) berechnen sowie die Luftfeuchtigkeit und die Temperatur erfassen.  <\/p>\n\n\n\n<p>Dies macht den Partikelz\u00e4hler zu einem universellen Ger\u00e4t.<\/p>\n\n\n\n<hr class=\"wp-block-separator has-text-color has-black-color has-css-opacity has-black-background-color has-background is-style-dots\"\/>\n\n\n\n<div class=\"wp-block-columns is-layout-flex wp-container-core-columns-is-layout-28f84493 wp-block-columns-is-layout-flex\">\n<div class=\"wp-block-column is-layout-flow wp-block-column-is-layout-flow\" style=\"flex-basis:33.33%\">\n<div class=\"wp-block-buttons is-layout-flex wp-block-buttons-is-layout-flex\">\n<div class=\"wp-block-button\"><a class=\"wp-block-button__link wp-element-button\" href=\"https:\/\/obera.fr\/wp-content\/uploads\/2025\/04\/brochure-obdt-9883m-de.pdf\">BROSCH\u00dcRE<strong>HERUNTERLADEN<\/strong><\/a><\/div>\n<\/div>\n<\/div>\n\n\n\n<div class=\"wp-block-column is-layout-flow wp-block-column-is-layout-flow\" style=\"flex-basis:33.34%\">\n<div class=\"wp-block-buttons is-horizontal is-content-justification-center is-layout-flex wp-container-core-buttons-is-layout-03627597 wp-block-buttons-is-layout-flex\">\n<div class=\"wp-block-button\"><a class=\"wp-block-button__link wp-element-button\" href=\"https:\/\/obera.fr\/de\/contact\/\">Weitere Informationen<\/a><\/div>\n<\/div>\n<\/div>\n\n\n\n<div class=\"wp-block-column is-layout-flow wp-block-column-is-layout-flow\" style=\"flex-basis:33.34%\">\n<div class=\"wp-block-buttons is-content-justification-center is-layout-flex wp-container-core-buttons-is-layout-a89b3969 wp-block-buttons-is-layout-flex\">\n<div class=\"wp-block-button btn-devis-source\"><a class=\"wp-block-button__link wp-element-button\" href=\"https:\/\/obera.fr\/de\/angebotsanfrage\/\">Angebotsanfrage<\/a><\/div>\n<\/div>\n\n\n<script>\r\ndocument.addEventListener('DOMContentLoaded', function() {\r\n    \/\/ 1. On cherche le titre H1 de la page\r\n    var h1 = document.querySelector('h1');\r\n    var productTitle = h1 ? h1.innerText.trim() : \"\";\r\n\r\n    \/\/ 2. On cherche les boutons via la classe CSS .btn-devis-source\r\n    var buttons = document.querySelectorAll('.btn-devis-source a');\r\n\r\n    \/\/ 3. Si on a le titre et les boutons, on ajoute le param\u00e8tre\r\n    if (buttons.length > 0 && productTitle !== \"\") {\r\n        var encodedTitle = encodeURIComponent(productTitle);\r\n\r\n        buttons.forEach(function(btn) {\r\n            var currentHref = btn.getAttribute('href');\r\n            \r\n            \/\/ S\u00e9curit\u00e9 pour ne pas ajouter le param\u00e8tre 2 fois\r\n            if (currentHref.indexOf('sujet=') === -1) {\r\n                var separator = currentHref.indexOf('?') !== -1 ? '&' : '?';\r\n                var newLink = currentHref + separator + 'sujet=' + encodedTitle;\r\n                \r\n                btn.setAttribute('href', newLink);\r\n            }\r\n        });\r\n    }\r\n});\r\n<\/script><\/div>\n<\/div>\n\n\n\n<p><\/p>\n<\/div>\n<\/div>\n\n\n\n<h2 class=\"wp-block-heading\">Die Vorteile des Partikelz\u00e4hlers<\/h2>\n\n\n\n<div class=\"wp-block-columns is-layout-flex wp-container-core-columns-is-layout-28f84493 wp-block-columns-is-layout-flex\">\n<div class=\"wp-block-column is-layout-flow wp-block-column-is-layout-flow\">\n<h3 class=\"wp-block-heading has-text-align-center\"><strong>Vorteile<\/strong><\/h3>\n\n\n\n<ul class=\"wp-block-list\">\n<li>Erkennt 6 Gr\u00f6\u00dfen (0,3\/0,5\/1,0\/2,5\/5,0\/10 \u03bcm)<\/li>\n\n\n\n<li>Messung von Temperatur und Luftfeuchtigkeit<\/li>\n\n\n\n<li>Integrierte Kamera zur Aufnahme von Bildern und Videos<\/li>\n<\/ul>\n<\/div>\n\n\n\n<div class=\"wp-block-column is-layout-flow wp-block-column-is-layout-flow\">\n<h3 class=\"wp-block-heading has-text-align-center\"><strong>Beispiele f\u00fcr nutzende Industrien<\/strong><\/h3>\n\n\n\n<ul class=\"wp-block-list\">\n<li>Graue S\u00e4le<\/li>\n\n\n\n<li>Mechanische Industrie<\/li>\n\n\n\n<li>Metallurgie<\/li>\n\n\n\n<li>Kunststoffindustrie<\/li>\n\n\n\n<li>Holz<\/li>\n\n\n\n<li>Petrochemie<\/li>\n\n\n\n<li>Polymere und Kunststoffverarbeitung<\/li>\n\n\n\n<li>Pharmazeutisch<\/li>\n\n\n\n<li>Lebensmittelindustrie<\/li>\n<\/ul>\n<\/div>\n<\/div>\n\n\n\n<h2 class=\"wp-block-heading\">Gemessene Schadstoffe<\/h2>\n\n\n\n<div class=\"wp-block-columns is-layout-flex wp-container-core-columns-is-layout-28f84493 wp-block-columns-is-layout-flex\">\n<div class=\"wp-block-column is-layout-flow wp-block-column-is-layout-flow\">\n<h3 class=\"wp-block-heading\"><strong>Staubsensor PM 0,3 bis PM 10<\/strong><\/h3>\n\n\n\n<p>(Partikel von mehr als 0,3 \u00b5g bis 10 \u00b5m)<\/p>\n\n\n\n<p>Der oberA Partikelanalysator ist in der Lage, 6 Partikelgr\u00f6\u00dfen gleichzeitig zu messen. :<\/p>\n\n\n\n<p>0.3\u00b5m \/ 0.5\u00b5m \/ 1\u00b5m \/ 2.5\u00b5m \/ 5\u00b5m \/ 10\u00b5m<\/p>\n<\/div>\n\n\n\n<div class=\"wp-block-column is-layout-flow wp-block-column-is-layout-flow\">\n<h3 class=\"wp-block-heading\"><strong>Temperatursensor<\/strong><\/h3>\n\n\n\n<p>Messbereich von -0 bis +50 \u00b0C<\/p>\n<\/div>\n\n\n\n<div class=\"wp-block-column is-layout-flow wp-block-column-is-layout-flow\">\n<h3 class=\"wp-block-heading\"><strong>Relative Luftfeuchtigkeit<\/strong><\/h3>\n\n\n\n<p>Messung von 0 bis 100% relativer Luftfeuchtigkeit<\/p>\n<\/div>\n<\/div>\n\n\n\n<div class=\"wp-block-buttons is-horizontal is-content-justification-center is-layout-flex wp-container-core-buttons-is-layout-03627597 wp-block-buttons-is-layout-flex\">\n<div class=\"wp-block-button\"><a class=\"wp-block-button__link wp-element-button\" href=\"https:\/\/obera.fr\/wp-content\/uploads\/2024\/02\/brochure-compteur-de-particules-.pdf\">Produktblatt herunterladen<\/a><\/div>\n<\/div>\n\n\n\n<hr class=\"wp-block-separator has-css-opacity is-style-dots\"\/>\n\n\n\n<h2 class=\"wp-block-heading\">Die anderen Luftanalysatoren von OberA<\/h2>\n\n\n\n<div class=\"wp-block-columns is-layout-flex wp-container-core-columns-is-layout-28f84493 wp-block-columns-is-layout-flex\">\n<div class=\"wp-block-column is-layout-flow wp-block-column-is-layout-flow\"><\/div>\n\n\n\n<div class=\"wp-block-column is-layout-flow wp-block-column-is-layout-flow\">\n<figure class=\"wp-block-image aligncenter size-medium is-resized\"><a href=\"https:\/\/obera.fr\/produits\/analyseurs-air\/capteur-co2-obcare\/\"><img decoding=\"async\" width=\"300\" height=\"212\" src=\"https:\/\/obera.fr\/wp-content\/uploads\/2021\/09\/Capteur_CO2_OBCARE-2-300x212.png\" alt=\"obcare co2 sensor\" class=\"wp-image-6918\" srcset=\"https:\/\/obera.fr\/wp-content\/uploads\/2021\/09\/Capteur_CO2_OBCARE-2-300x212.png 300w, https:\/\/obera.fr\/wp-content\/uploads\/2021\/09\/Capteur_CO2_OBCARE-2-768x542.png 768w, https:\/\/obera.fr\/wp-content\/uploads\/2021\/09\/Capteur_CO2_OBCARE-2.png 921w\" sizes=\"(max-width: 300px) 100vw, 300px\" \/><\/a><figcaption class=\"wp-element-caption\">OBCARE<\/figcaption><\/figure>\n<\/div>\n\n\n\n<div class=\"wp-block-column is-layout-flow wp-block-column-is-layout-flow\"><\/div>\n\n\n\n<div class=\"wp-block-column is-layout-flow wp-block-column-is-layout-flow\"><\/div>\n<\/div>\n\n\n\n<p><\/p>\n","protected":false},"excerpt":{"rendered":"<p>\u00dcberwachung des Staubniveaus Der OberA Partikelz\u00e4hler ist ein universelles Instrument zum Z\u00e4hlen von Partikeln in der Luft. Er kann sechs verschiedene Staubfraktionen (Partikel von 0,3 bis 10 \u00b5m) berechnen sowie die Luftfeuchtigkeit und die Temperatur erfassen. Dies macht den Partikelz\u00e4hler zu einem universellen Ger\u00e4t. Die Vorteile des Partikelz\u00e4hlers Vorteile Beispiele f\u00fcr nutzende Industrien Gemessene Schadstoffe Staubsensor PM 0,3 bis PM 10 (Partikel von mehr als 0,3 \u00b5g bis 10 \u00b5m) Der oberA Partikelanalysator ist in der Lage, 6 Partikelgr\u00f6\u00dfen gleichzeitig zu messen. : 0.3\u00b5m \/ 0.5\u00b5m \/ 1\u00b5m \/ 2.5\u00b5m \/ 5\u00b5m \/ 10\u00b5m Temperatursensor Messbereich von -0 bis +50 &#8230; <\/p>\n<p class=\"read-more-container\"><a title=\"Partikelz\u00e4hler\" class=\"read-more button\" href=\"https:\/\/obera.fr\/de\/produits\/analyseurs-air\/compteur-particules\/#more-32124\" aria-label=\"Mehr Informationen \u00fcber Partikelz\u00e4hler\">Lire la suite<\/a><\/p>\n","protected":false},"author":4,"featured_media":83739,"parent":32114,"menu_order":0,"comment_status":"closed","ping_status":"closed","template":"","meta":{"_acf_changed":false,"_seopress_robots_primary_cat":"","_seopress_titles_title":"Z\u00e4hler f\u00fcr Staubpartikel in der Luft","_seopress_titles_desc":"Mit dem oberA-Z\u00e4hler k\u00f6nnen Sie Partikel in der Luft z\u00e4hlen. Er ist in der Lage, sechs verschiedene Staubfraktionen zu berechnen.","_seopress_robots_index":"","_seopress_analysis_target_kw":"","footnotes":""},"class_list":{"0":"post-32124","1":"page","2":"type-page","3":"status-publish","4":"has-post-thumbnail","6":"no-featured-image-padding","7":"resize-featured-image"},"acf":[],"_links":{"self":[{"href":"https:\/\/obera.fr\/de\/wp-json\/wp\/v2\/pages\/32124","targetHints":{"allow":["GET"]}}],"collection":[{"href":"https:\/\/obera.fr\/de\/wp-json\/wp\/v2\/pages"}],"about":[{"href":"https:\/\/obera.fr\/de\/wp-json\/wp\/v2\/types\/page"}],"author":[{"embeddable":true,"href":"https:\/\/obera.fr\/de\/wp-json\/wp\/v2\/users\/4"}],"replies":[{"embeddable":true,"href":"https:\/\/obera.fr\/de\/wp-json\/wp\/v2\/comments?post=32124"}],"version-history":[{"count":5,"href":"https:\/\/obera.fr\/de\/wp-json\/wp\/v2\/pages\/32124\/revisions"}],"predecessor-version":[{"id":83196,"href":"https:\/\/obera.fr\/de\/wp-json\/wp\/v2\/pages\/32124\/revisions\/83196"}],"up":[{"embeddable":true,"href":"https:\/\/obera.fr\/de\/wp-json\/wp\/v2\/pages\/32114"}],"wp:featuredmedia":[{"embeddable":true,"href":"https:\/\/obera.fr\/de\/wp-json\/wp\/v2\/media\/83739"}],"wp:attachment":[{"href":"https:\/\/obera.fr\/de\/wp-json\/wp\/v2\/media?parent=32124"}],"curies":[{"name":"wp","href":"https:\/\/api.w.org\/{rel}","templated":true}]}}