{"id":32149,"date":"2024-04-05T22:42:52","date_gmt":"2024-04-05T20:42:52","guid":{"rendered":"https:\/\/obera.fr\/produkte\/industriestaubsauger\/industriestaubsauger-w2\/"},"modified":"2025-06-03T10:28:28","modified_gmt":"2025-06-03T08:28:28","slug":"w2-haute-filtration-polyvalence","status":"publish","type":"page","link":"https:\/\/obera.fr\/de\/produits\/aspirateurs-industriels\/w2-haute-filtration-polyvalence\/","title":{"rendered":"Industriestaubsauger W2"},"content":{"rendered":"\n<p>Der kompakte und mobile<a href=\"https:\/\/obera.fr\/de\/produits\/aspirateurs-industriels\/\" data-type=\"page\" data-id=\"41\">Industriestaubsauger<\/a> W2 ist eines der effizientesten Ger\u00e4te auf dem Markt und bekannt f\u00fcr seine Robustheit, hohe Filterkapazit\u00e4t und Leistung.<\/p>\n\n\n\n<h2 class=\"wp-block-heading\">W2 Industrie Nass- und Trockensauger: Wie funktioniert er und wo wird er eingesetzt?<\/h2>\n\n\n\n<div class=\"wp-block-columns is-layout-flex wp-container-core-columns-is-layout-28f84493 wp-block-columns-is-layout-flex\">\n<div class=\"wp-block-column is-layout-flow wp-block-column-is-layout-flow\" style=\"flex-basis:33.33%\">\n<figure class=\"wp-block-image size-full is-resized\"><img decoding=\"async\" width=\"711\" height=\"622\" src=\"https:\/\/obera.fr\/wp-content\/uploads\/2024\/10\/w2.png\" alt=\"Industrieller Staubsauger\" class=\"wp-image-35424\" style=\"object-fit:cover;width:300px;height:300px\" srcset=\"https:\/\/obera.fr\/wp-content\/uploads\/2024\/10\/w2.png 711w, https:\/\/obera.fr\/wp-content\/uploads\/2024\/10\/w2-300x262.png 300w\" sizes=\"(max-width: 711px) 100vw, 711px\" \/><\/figure>\n<\/div>\n\n\n\n<div class=\"wp-block-column is-layout-flow wp-block-column-is-layout-flow\" style=\"flex-basis:66.66%\">\n<p>Der Hauptvorteil des<strong>W2 Nass- und Trockensaugers<\/strong> ist seine Vielseitigkeit. Seine Saugkraft erm\u00f6glicht das gleichzeitige Heben und Saugen von festen und fl\u00fcssigen Stoffen. Er verf\u00fcgt \u00fcber zwei einphasige Bypass-Motoren, die von einem soliden Stahlmotorkopf gesch\u00fctzt werden und eine schalld\u00e4mmende Innenverkleidung haben. Der Staubsauger ist mit einem Wasser\/Staub-Trennsystem ausgestattet, um Fl\u00fcssigkeiten aus trockenen Partikeln herauszufiltern. Die aufgesaugten Staubpartikel werden in einem Stahlbeh\u00e4lter gespeichert, w\u00e4hrend die Fl\u00fcssigkeiten in einem Tank gesammelt werden.<\/p>\n\n\n\n<p>Der Industriesauger W2 ist ideal f\u00fcr die <strong>Reinigung<\/strong> und <strong>Handhabung<\/strong> von <strong>kleinen und mittleren Staubmengen<\/strong>. Er ist auch wirksam beim Saugen von festen und fl\u00fcssigen Stoffen. Diese Vielseitigkeit macht sie zu einer perfekten Ausr\u00fcstung f\u00fcr alle Arten von Industrien. Es ist besonders wirksam in der chemischen und pharmazeutischen Industrie, in der Lebensmittel- und M\u00fchlenindustrie sowie in B\u00e4ckereien und bei der Reinigung von Back\u00f6fen.<\/p>\n\n\n\n<div class=\"wp-block-columns is-layout-flex wp-container-core-columns-is-layout-28f84493 wp-block-columns-is-layout-flex\">\n<div class=\"wp-block-column is-layout-flow wp-block-column-is-layout-flow\">\n<div class=\"wp-block-buttons is-layout-flex wp-block-buttons-is-layout-flex\">\n<div class=\"wp-block-button\"><a class=\"wp-block-button__link wp-element-button\" href=\"https:\/\/obera.fr\/wp-content\/uploads\/2025\/06\/brochure-w2-de.pdf\">BROSCH\u00dcRE HERUNTERLADEN<\/a><\/div>\n<\/div>\n<\/div>\n\n\n\n<div class=\"wp-block-column is-layout-flow wp-block-column-is-layout-flow\">\n<div class=\"wp-block-buttons is-horizontal is-content-justification-center is-layout-flex wp-container-core-buttons-is-layout-03627597 wp-block-buttons-is-layout-flex\">\n<div class=\"wp-block-button\"><a class=\"wp-block-button__link wp-element-button\" href=\"https:\/\/obera.fr\/de\/contact\/\">Weitere Informationen<\/a><\/div>\n<\/div>\n<\/div>\n\n\n\n<div class=\"wp-block-column is-layout-flow wp-block-column-is-layout-flow\">\n<div class=\"wp-block-buttons is-content-justification-center is-layout-flex wp-container-core-buttons-is-layout-a89b3969 wp-block-buttons-is-layout-flex\">\n<div class=\"wp-block-button btn-devis-source\"><a class=\"wp-block-button__link wp-element-button\" href=\"https:\/\/obera.fr\/de\/angebotsanfrage\/\">Angebotsanfrage<\/a><\/div>\n<\/div>\n\n\n<script>\r\ndocument.addEventListener('DOMContentLoaded', function() {\r\n    \/\/ 1. On cherche le titre H1 de la page\r\n    var h1 = document.querySelector('h1');\r\n    var productTitle = h1 ? h1.innerText.trim() : \"\";\r\n\r\n    \/\/ 2. On cherche les boutons via la classe CSS .btn-devis-source\r\n    var buttons = document.querySelectorAll('.btn-devis-source a');\r\n\r\n    \/\/ 3. Si on a le titre et les boutons, on ajoute le param\u00e8tre\r\n    if (buttons.length > 0 && productTitle !== \"\") {\r\n        var encodedTitle = encodeURIComponent(productTitle);\r\n\r\n        buttons.forEach(function(btn) {\r\n            var currentHref = btn.getAttribute('href');\r\n            \r\n            \/\/ S\u00e9curit\u00e9 pour ne pas ajouter le param\u00e8tre 2 fois\r\n            if (currentHref.indexOf('sujet=') === -1) {\r\n                var separator = currentHref.indexOf('?') !== -1 ? '&' : '?';\r\n                var newLink = currentHref + separator + 'sujet=' + encodedTitle;\r\n                \r\n                btn.setAttribute('href', newLink);\r\n            }\r\n        });\r\n    }\r\n});\r\n<\/script><\/div>\n<\/div>\n<\/div>\n<\/div>\n\n\n\n<h2 class=\"wp-block-heading\">Industriestaubsauger W2: Hohe Filtration, hohe Mobilit\u00e4t&#8230; alle technischen Daten<\/h2>\n\n\n\n<p>Der Industriestaubsauger W2 steht den gr\u00f6\u00dferen Modellen in nichts nach:<strong> Seine Saugkraft mit einer Filterfl\u00e4che von 20.000 cm2<\/strong> verleiht diesem Ger\u00e4t eine hohe Filtration und eine hohe Mobilit\u00e4t. Mit einem Luftdurchsatz von 360 m3\/h sorgt der Staubsauger f\u00fcr eine bessere Filterung, um die Luftqualit\u00e4t in der Umgebung zu verbessern und Schmutz schneller aufzusaugen.  <\/p>\n\n\n\n<p>Mit einem 420 mm Polyester-Taschenfilter und einer Konstruktion aus Industriestahl (Motor, Filterkammer, Container und Chassis) bietet das Ger\u00e4t maximale Haltbarkeit. Seine zwei einphasigen Motoren sind f\u00fcr den Dauerbetrieb an 7 Tagen pro Woche und 24 Stunden pro Tag kalibriert. Ein weiterer Vorteil ist, dass der Staubsauger \u00fcber ein Reinigungssystem verf\u00fcgt, das abgelagertes Material l\u00f6st und eine Verschmutzung des Ger\u00e4ts verhindert.<\/p>\n\n\n\n<p>Ein weiteres wichtiges technisches Merkmal ist die Filterungseffizienz von bis zu 3 Mikron und der Pocketfilter, der eine hohe Staubbindung gew\u00e4hrleistet, wodurch der W2 Staubsauger eine saubere Ausblasluft garantiert.<\/p>\n\n\n\n<p>Der Nass- und Trockensauger W2 wird mit <strong>Zubeh\u00f6r f\u00fcr Reinigungsprofis<\/strong> geliefert (flexibler Saugschlauch, B\u00fcrsten, D\u00fcse, Adapter).<\/p>\n\n\n\n<blockquote class=\"wp-block-quote is-layout-flow wp-block-quote-is-layout-flow\">\n<p>Optionen: Der Industriestaubsauger W2 ist in der Version f\u00fcr die <strong>ATEX-Zone 22<\/strong> erh\u00e4ltlich, um in Umgebungen mit explosiven St\u00e4uben sicher zu reinigen. Es k\u00f6nnen auch Nomex-Filter (hitzebest\u00e4ndig bis 250\u00b0), Hepa H14, Klasse M PTFE, Klasse L, M oder M wasser- und \u00f6labweisendes Teflon integriert werden. Unsere Teams beraten Sie gerne, welcher Filter f\u00fcr Ihre Produktionsanlagen am besten geeignet ist, abh\u00e4ngig von Ihrer Branche.<\/p>\n<\/blockquote>\n\n\n\n<h3 class=\"wp-block-heading has-text-align-center\">INDUSTRIES<\/h3>\n\n\n\n<div class=\"wp-block-columns is-layout-flex wp-container-core-columns-is-layout-28f84493 wp-block-columns-is-layout-flex\">\n<div class=\"wp-block-column is-layout-flow wp-block-column-is-layout-flow\">\n<hr class=\"wp-block-separator has-alpha-channel-opacity\"\/>\n\n\n\n<div class=\"wp-block-columns is-layout-flex wp-container-core-columns-is-layout-28f84493 wp-block-columns-is-layout-flex\">\n<div class=\"wp-block-column is-layout-flow wp-block-column-is-layout-flow\">\n<figure class=\"wp-block-image aligncenter size-thumbnail is-resized\"><img decoding=\"async\" width=\"150\" height=\"150\" src=\"https:\/\/obera.fr\/wp-content\/uploads\/2022\/02\/Textile-150x150.png\" alt=\"Textilien\" class=\"wp-image-8855\"\/><figcaption class=\"wp-element-caption\">Textilien<\/figcaption><\/figure>\n\n\n\n<figure class=\"wp-block-image aligncenter size-thumbnail is-resized\"><img decoding=\"async\" width=\"150\" height=\"150\" src=\"https:\/\/obera.fr\/wp-content\/uploads\/2022\/02\/Plastique-150x150.png\" alt=\"Kunststoff\" class=\"wp-image-8854\"\/><figcaption class=\"wp-element-caption\">Kunststoff<\/figcaption><\/figure>\n<\/div>\n\n\n\n<div class=\"wp-block-column is-layout-flow wp-block-column-is-layout-flow\">\n<figure class=\"wp-block-image aligncenter size-thumbnail is-resized\"><img decoding=\"async\" width=\"150\" height=\"150\" src=\"https:\/\/obera.fr\/wp-content\/uploads\/2022\/02\/MINERAIS-150x150.png\" alt=\"Erze\" class=\"wp-image-8847\"\/><figcaption class=\"wp-element-caption\">Erze<\/figcaption><\/figure>\n\n\n\n<figure class=\"wp-block-image aligncenter size-thumbnail is-resized\"><img decoding=\"async\" width=\"150\" height=\"150\" src=\"https:\/\/obera.fr\/wp-content\/uploads\/2022\/02\/Metalurgie-150x150.png\" alt=\"Metallurgie\" class=\"wp-image-8857\"\/><figcaption class=\"wp-element-caption\">Metallurgie<\/figcaption><\/figure>\n\n\n\n<figure class=\"wp-block-image aligncenter size-thumbnail is-resized\"><img decoding=\"async\" width=\"150\" height=\"150\" src=\"https:\/\/obera.fr\/wp-content\/uploads\/2023\/02\/sans-titre-2023-02-14t102211.641-150x150.png\" alt=\"Landwirtschaft\" class=\"wp-image-18828\"\/><figcaption class=\"wp-element-caption\">Landwirtschaft<\/figcaption><\/figure>\n<\/div>\n<\/div>\n<\/div>\n\n\n\n<div class=\"wp-block-column is-layout-flow wp-block-column-is-layout-flow\">\n<hr class=\"wp-block-separator has-alpha-channel-opacity\"\/>\n\n\n\n<div class=\"wp-block-columns is-layout-flex wp-container-core-columns-is-layout-28f84493 wp-block-columns-is-layout-flex\">\n<div class=\"wp-block-column is-layout-flow wp-block-column-is-layout-flow\">\n<figure class=\"wp-block-image aligncenter size-thumbnail is-resized\"><img decoding=\"async\" width=\"150\" height=\"150\" src=\"https:\/\/obera.fr\/wp-content\/uploads\/2022\/02\/Chimie-150x150.png\" alt=\"Chemie\" class=\"wp-image-8846\"\/><figcaption class=\"wp-element-caption\">Chemie<\/figcaption><\/figure>\n\n\n\n<figure class=\"wp-block-image aligncenter size-thumbnail is-resized\"><img decoding=\"async\" width=\"150\" height=\"150\" src=\"https:\/\/obera.fr\/wp-content\/uploads\/2022\/02\/Travail-du-bois-150x150.png\" alt=\"Holzbearbeitung\" class=\"wp-image-8856\"\/><figcaption class=\"wp-element-caption\">Holzbearbeitung<\/figcaption><\/figure>\n\n\n\n<figure class=\"wp-block-image aligncenter size-thumbnail is-resized\"><img decoding=\"async\" width=\"150\" height=\"150\" src=\"https:\/\/obera.fr\/wp-content\/uploads\/2023\/02\/sans-titre-2023-02-14t101920.185-150x150.png\" alt=\"Luftfahrt\" class=\"wp-image-18831\"\/><figcaption class=\"wp-element-caption\">Luftfahrt<\/figcaption><\/figure>\n<\/div>\n\n\n\n<div class=\"wp-block-column is-layout-flow wp-block-column-is-layout-flow\">\n<figure class=\"wp-block-image aligncenter size-thumbnail is-resized\"><img decoding=\"async\" width=\"150\" height=\"150\" src=\"https:\/\/obera.fr\/wp-content\/uploads\/2022\/02\/AGROALIMENTAIRE-150x150.png\" alt=\"Lebensmittelindustrie\" class=\"wp-image-8844\"\/><figcaption class=\"wp-element-caption\">Lebensmittelindustrie<\/figcaption><\/figure>\n\n\n\n<figure class=\"wp-block-image aligncenter size-thumbnail is-resized\"><img decoding=\"async\" width=\"150\" height=\"150\" src=\"https:\/\/obera.fr\/wp-content\/uploads\/2022\/02\/Papier-carton-150x150.png\" alt=\"Papier Karton\" class=\"wp-image-8853\"\/><figcaption class=\"wp-element-caption\">Papier\/Karton<\/figcaption><\/figure>\n\n\n\n<figure class=\"wp-block-image aligncenter size-thumbnail is-resized\"><img decoding=\"async\" width=\"150\" height=\"150\" src=\"https:\/\/obera.fr\/wp-content\/uploads\/2023\/02\/sans-titre-2023-02-14t101712.416-150x150.png\" alt=\"Automobil\" class=\"wp-image-18834\"\/><figcaption class=\"wp-element-caption\">Automobil<\/figcaption><\/figure>\n<\/div>\n<\/div>\n<\/div>\n<\/div>\n\n\n\n<figure class=\"wp-block-table\"><table class=\"has-fixed-layout\"><tbody><tr><td>Spannung<\/td><td>V-HZ<\/td><td>230-50<\/td><\/tr><tr><td>Leistung<\/td><td>kW<\/td><td>2&#215;1.1<\/td><\/tr><tr><td>Maximaler Unterdruck<\/td><td>Pa<\/td><td>2.400 Pa<\/td><\/tr><tr><td>Max. Luftdurchsatz<\/td><td>m3\/h<\/td><td>360<\/td><\/tr><tr><td>Durchmesser des Mundst\u00fccks<\/td><td>mm<\/td><td>50<\/td><\/tr><tr><td>Filtertyp<\/td><td><\/td><td>Mit Sterntaschen<\/td><\/tr><tr><td>Fl\u00e4che<\/td><td>cm2<\/td><td>20.000<\/td><\/tr><tr><td>Reinigungssystem<\/td><td><\/td><td>Manuel<\/td><\/tr><tr><td>Erntebeh\u00e4lter<\/td><td><\/td><td>Stahl<\/td><\/tr><tr><td>Entleerungssystem<\/td><td><\/td><td>Abnehmbarer Beh\u00e4lter<\/td><\/tr><tr><td>Kapazit\u00e4t<\/td><td>Liter<\/td><td>40<\/td><\/tr><tr><td>Abmessungen<\/td><td>cm<\/td><td>55x63x115<\/td><\/tr><\/tbody><\/table><\/figure>\n\n\n\n<div class=\"wp-block-buttons is-content-justification-center is-layout-flex wp-container-core-buttons-is-layout-a89b3969 wp-block-buttons-is-layout-flex\">\n<div class=\"wp-block-button\"><a class=\"wp-block-button__link wp-element-button\" href=\"https:\/\/obera.fr\/wp-content\/uploads\/2024\/04\/obera_brochure-w2-fr.pdf\">PRODUKTDATENBLATT HERUNTERLADEN<\/a><\/div>\n<\/div>\n\n\n\n<h2 class=\"wp-block-heading\">Leistungsstark und vielseitig: alle Vorteile des Staubsaugers W2<\/h2>\n\n\n\n<p>Das Modell W2 kombiniert den Komfort eines kompakten Ger\u00e4tes mit der Leistung eines Industriestaubsaugers. Zus\u00e4tzlich zu seiner hohen Mobilit\u00e4t und Saugleistung minimiert seine schalld\u00e4mmende Beschichtung den L\u00e4rm w\u00e4hrend des Betriebs, so dass der Bediener und andere Mitarbeiter in der Werkstatt nicht bel\u00e4stigt werden. Der nach unten gerichtete Austrittsbereich verhindert, dass Staub auf der Oberfl\u00e4che aufgewirbelt wird und den Bediener behindert.<\/p>\n\n\n\n<p>Der Staubsauger ist wartungsfrei und verf\u00fcgt \u00fcber einen vertikal beweglichen Filtersch\u00fcttler, um eine S\u00e4ttigung zu vermeiden und vor allem die manuelle Reinigung zu erleichtern.<\/p>\n\n\n\n<p>Schlie\u00dflich ist seine Vielseitigkeit sein gr\u00f6\u00dfter Vorteil, da das Saugen von festen und fl\u00fcssigen Stoffen eine Vielzahl von Einsatzm\u00f6glichkeiten bietet: Reinigung von B\u00f6den, W\u00e4nden, Baustellen, Werkst\u00e4tten, Maschinen, Gastronomieeinrichtungen, etc.<\/p>\n\n\n\n<div class=\"wp-block-columns is-layout-flex wp-container-core-columns-is-layout-28f84493 wp-block-columns-is-layout-flex\">\n<div class=\"wp-block-column is-layout-flow wp-block-column-is-layout-flow\" style=\"flex-basis:33.34%\">\n<h3 class=\"wp-block-heading\">Vorteile :<\/h3>\n\n\n\n<ul class=\"wp-block-list\">\n<li>Hochfiltersystem, das gleichzeitig feste und fl\u00fcssige St\u00e4ube absaugt;<\/li>\n\n\n\n<li>Ultrakompakt und mobil ;<\/li>\n\n\n\n<li>Geringe Ger\u00e4uschentwicklung bei der Nutzung.  <\/li>\n<\/ul>\n<\/div>\n\n\n\n<div class=\"wp-block-column is-layout-flow wp-block-column-is-layout-flow\" style=\"flex-basis:33.34%\">\n<h3 class=\"wp-block-heading\">Besonderheiten :<\/h3>\n\n\n\n<ul class=\"wp-block-list\">\n<li>Zwei einphasige Motoren mit unabh\u00e4ngigen Schaltern ;<\/li>\n\n\n\n<li>Optional: Hepa-Filter H14, Klasse M, L, M wasser- und \u00f6labweisendes Teflon, M PTFE, Nomex-Filter ;<\/li>\n\n\n\n<li>ATEX-Version f\u00fcr Zone 22 erh\u00e4ltlich.<\/li>\n<\/ul>\n<\/div>\n\n\n\n<div class=\"wp-block-column is-layout-flow wp-block-column-is-layout-flow\" style=\"flex-basis:33.33%\">\n<h3 class=\"wp-block-heading\">Merkmale :<\/h3>\n\n\n\n<ul class=\"wp-block-list\">\n<li>Anzeige f\u00fcr verstopften Filter mit LED-Anzeige ;<\/li>\n\n\n\n<li>Schutz der Ansaugeinheit mit ihrem Sternfilter (Polyester).<\/li>\n<\/ul>\n<\/div>\n<\/div>\n\n\n\n<h2 class=\"wp-block-heading\">M\u00f6chten Sie den W2 Industriestaubsauger in Ihrer Produktionsst\u00e4tte testen?<\/h2>\n\n\n\n<p>Testen Sie die L\u00f6sung in Ihren Werkst\u00e4tten! Wir bieten f\u00fcr alle unsere L\u00f6sungen eine Testphase mit Kaufoption f\u00fcr eine durchschnittliche Dauer von einem Monat an. Nach dem Test entscheiden Sie sich entweder daf\u00fcr oder wir schlagen Ihnen eine L\u00f6sung vor, die besser auf Ihre Bed\u00fcrfnisse zugeschnitten ist.<\/p>\n\n\n\n<div class=\"wp-block-buttons is-content-justification-center is-layout-flex wp-container-core-buttons-is-layout-a89b3969 wp-block-buttons-is-layout-flex\">\n<div class=\"wp-block-button\"><a class=\"wp-block-button__link wp-element-button\" href=\"https:\/\/obera.fr\/de\/contact\/\">TESTEN SIE DEN STAUBSAUGER W2<\/a><\/div>\n<\/div>\n\n\n\n<h2 class=\"wp-block-heading\">Die anderen Industriesauger der Serie<\/h2>\n\n\n\n<div class=\"wp-block-columns is-layout-flex wp-container-core-columns-is-layout-28f84493 wp-block-columns-is-layout-flex\">\n<div class=\"wp-block-column is-layout-flow wp-block-column-is-layout-flow\">\n<figure class=\"wp-block-image aligncenter size-full is-resized\"><a href=\"https:\/\/obera.fr\/produits\/aspirateurs-industriels\/w2-xr-atex-22\/\"><img decoding=\"async\" width=\"566\" height=\"671\" src=\"https:\/\/obera.fr\/wp-content\/uploads\/2024\/10\/w2-xr-2.png\" alt=\"Industrieller Staubsauger\" class=\"wp-image-35431\" style=\"object-fit:cover;width:300px;height:300px\" srcset=\"https:\/\/obera.fr\/wp-content\/uploads\/2024\/10\/w2-xr-2.png 566w, https:\/\/obera.fr\/wp-content\/uploads\/2024\/10\/w2-xr-2-253x300.png 253w\" sizes=\"(max-width: 566px) 100vw, 566px\" \/><\/a><figcaption class=\"wp-element-caption\">W2 XR<\/figcaption><\/figure>\n<\/div>\n\n\n\n<div class=\"wp-block-column is-layout-flow wp-block-column-is-layout-flow\">\n<figure class=\"wp-block-image aligncenter size-full\"><a href=\"https:\/\/obera.fr\/produits\/aspirateurs-industriels\/ventilateurs-aspiration-gamme-eurosog-rg-100-800\/\"><img decoding=\"async\" width=\"600\" height=\"600\" src=\"https:\/\/obera.fr\/wp-content\/uploads\/2024\/04\/obera-ventilateur-aspiration-rg-300-400.jpg\" alt=\"obera Absaugventilator rg 300 400\" class=\"wp-image-29437\" srcset=\"https:\/\/obera.fr\/wp-content\/uploads\/2024\/04\/obera-ventilateur-aspiration-rg-300-400.jpg 600w, https:\/\/obera.fr\/wp-content\/uploads\/2024\/04\/obera-ventilateur-aspiration-rg-300-400-300x300.jpg 300w, https:\/\/obera.fr\/wp-content\/uploads\/2024\/04\/obera-ventilateur-aspiration-rg-300-400-150x150.jpg 150w\" sizes=\"(max-width: 600px) 100vw, 600px\" \/><\/a><figcaption class=\"wp-element-caption\">RG 300\/400<\/figcaption><\/figure>\n<\/div>\n\n\n\n<div class=\"wp-block-column is-layout-flow wp-block-column-is-layout-flow\">\n<figure class=\"wp-block-image aligncenter size-full is-resized\"><a href=\"https:\/\/obera.fr\/produits\/aspirateurs-industriels\/w3-pour-nettoyage-general\/\"><img decoding=\"async\" width=\"658\" height=\"652\" src=\"https:\/\/obera.fr\/wp-content\/uploads\/2024\/10\/w3.png\" alt=\"w3\" class=\"wp-image-35427\" style=\"object-fit:cover;width:300px;height:300px\" srcset=\"https:\/\/obera.fr\/wp-content\/uploads\/2024\/10\/w3.png 658w, https:\/\/obera.fr\/wp-content\/uploads\/2024\/10\/w3-300x297.png 300w, https:\/\/obera.fr\/wp-content\/uploads\/2024\/10\/w3-150x150.png 150w, https:\/\/obera.fr\/wp-content\/uploads\/2024\/10\/w3-24x24.png 24w, https:\/\/obera.fr\/wp-content\/uploads\/2024\/10\/w3-48x48.png 48w, https:\/\/obera.fr\/wp-content\/uploads\/2024\/10\/w3-96x96.png 96w\" sizes=\"(max-width: 658px) 100vw, 658px\" \/><\/a><figcaption class=\"wp-element-caption\">W3<\/figcaption><\/figure>\n<\/div>\n<\/div>\n","protected":false},"excerpt":{"rendered":"<p>Der kompakte und mobileIndustriestaubsauger W2 ist eines der effizientesten Ger\u00e4te auf dem Markt und bekannt f\u00fcr seine Robustheit, hohe Filterkapazit\u00e4t und Leistung. W2 Industrie Nass- und Trockensauger: Wie funktioniert er und wo wird er eingesetzt? Der Hauptvorteil desW2 Nass- und Trockensaugers ist seine Vielseitigkeit. Seine Saugkraft erm\u00f6glicht das gleichzeitige Heben und Saugen von festen und fl\u00fcssigen Stoffen. Er verf\u00fcgt \u00fcber zwei einphasige Bypass-Motoren, die von einem soliden Stahlmotorkopf gesch\u00fctzt werden und eine schalld\u00e4mmende Innenverkleidung haben. Der Staubsauger ist mit einem Wasser\/Staub-Trennsystem ausgestattet, um Fl\u00fcssigkeiten aus trockenen Partikeln herauszufiltern. Die aufgesaugten Staubpartikel werden in einem Stahlbeh\u00e4lter gespeichert, w\u00e4hrend die Fl\u00fcssigkeiten in &#8230; <\/p>\n<p class=\"read-more-container\"><a title=\"Industriestaubsauger W2\" class=\"read-more button\" href=\"https:\/\/obera.fr\/de\/produits\/aspirateurs-industriels\/w2-haute-filtration-polyvalence\/#more-32149\" aria-label=\"Mehr Informationen \u00fcber Industriestaubsauger W2\">Lire la suite<\/a><\/p>\n","protected":false},"author":4,"featured_media":83739,"parent":32135,"menu_order":0,"comment_status":"closed","ping_status":"closed","template":"","meta":{"_acf_changed":false,"_seopress_robots_primary_cat":"","_seopress_titles_title":"W2 Industriesauger: Hohe Filtration und Vielseitigkeit","_seopress_titles_desc":"Entscheiden Sie sich f\u00fcr die W2-Serie mit einem Hochfiltersystem f\u00fcr die gleichzeitige Aufnahme von festen und fl\u00fcssigen St\u00e4uben.","_seopress_robots_index":"","footnotes":""},"class_list":{"0":"post-32149","1":"page","2":"type-page","3":"status-publish","4":"has-post-thumbnail","6":"no-featured-image-padding","7":"resize-featured-image"},"acf":[],"_links":{"self":[{"href":"https:\/\/obera.fr\/de\/wp-json\/wp\/v2\/pages\/32149","targetHints":{"allow":["GET"]}}],"collection":[{"href":"https:\/\/obera.fr\/de\/wp-json\/wp\/v2\/pages"}],"about":[{"href":"https:\/\/obera.fr\/de\/wp-json\/wp\/v2\/types\/page"}],"author":[{"embeddable":true,"href":"https:\/\/obera.fr\/de\/wp-json\/wp\/v2\/users\/4"}],"replies":[{"embeddable":true,"href":"https:\/\/obera.fr\/de\/wp-json\/wp\/v2\/comments?post=32149"}],"version-history":[{"count":15,"href":"https:\/\/obera.fr\/de\/wp-json\/wp\/v2\/pages\/32149\/revisions"}],"predecessor-version":[{"id":107368,"href":"https:\/\/obera.fr\/de\/wp-json\/wp\/v2\/pages\/32149\/revisions\/107368"}],"up":[{"embeddable":true,"href":"https:\/\/obera.fr\/de\/wp-json\/wp\/v2\/pages\/32135"}],"wp:featuredmedia":[{"embeddable":true,"href":"https:\/\/obera.fr\/de\/wp-json\/wp\/v2\/media\/83739"}],"wp:attachment":[{"href":"https:\/\/obera.fr\/de\/wp-json\/wp\/v2\/media?parent=32149"}],"curies":[{"name":"wp","href":"https:\/\/api.w.org\/{rel}","templated":true}]}}