{"id":32151,"date":"2024-04-05T22:55:29","date_gmt":"2024-04-05T20:55:29","guid":{"rendered":"https:\/\/obera.fr\/produkte\/industriestaubsauger\/industriestaubsauger-w2-xr\/"},"modified":"2025-06-03T10:01:57","modified_gmt":"2025-06-03T08:01:57","slug":"w2-xr-atex-22","status":"publish","type":"page","link":"https:\/\/obera.fr\/de\/produits\/aspirateurs-industriels\/w2-xr-atex-22\/","title":{"rendered":"Industriestaubsauger W2 XR"},"content":{"rendered":"\n<p>Entdecken Sie den Industriestaubsauger W2 XR zum Aufsaugen von festen Stoffen und explosionsgesch\u00fctzten Fl\u00fcssigkeiten. Ein kompaktes, mobiles und leistungsstarkes Ger\u00e4t, um das Risiko von Entz\u00fcndungen und Explosionen in Ihren Produktionsst\u00e4tten zu reduzieren.<\/p>\n\n\n\n<h2 class=\"wp-block-heading\">Industriestaubsauger W2 XR mit ATEX-Zertifizierung f\u00fcr Zone 22: Prinzip und Anwendung<\/h2>\n\n\n\n<div class=\"wp-block-columns is-layout-flex wp-container-core-columns-is-layout-28f84493 wp-block-columns-is-layout-flex\">\n<div class=\"wp-block-column is-layout-flow wp-block-column-is-layout-flow\" style=\"flex-basis:33.33%\">\n<figure class=\"wp-block-image size-full is-resized\"><img decoding=\"async\" width=\"566\" height=\"671\" src=\"https:\/\/obera.fr\/wp-content\/uploads\/2024\/10\/w2-xr-2.png\" alt=\"Industrieller Staubsauger\" class=\"wp-image-35431\" style=\"object-fit:cover;width:300px;height:300px\" srcset=\"https:\/\/obera.fr\/wp-content\/uploads\/2024\/10\/w2-xr-2.png 566w, https:\/\/obera.fr\/wp-content\/uploads\/2024\/10\/w2-xr-2-253x300.png 253w\" sizes=\"(max-width: 566px) 100vw, 566px\" \/><\/figure>\n<\/div>\n\n\n\n<div class=\"wp-block-column is-layout-flow wp-block-column-is-layout-flow\" style=\"flex-basis:66.66%\">\n<p>Der<strong>W2 XR Industrie Nass- und Trockensauger<\/strong> ist f\u00fcr das Saugen von festen Stoffen und explosionsgesch\u00fctzten Fl\u00fcssigkeiten konzipiert. Der Taschenfilter aus antistatischem Polyester (Schutz der Filtereinheit) ist so konstruiert, dass er statische Aufladung verhindert. Um eine \u00dcberhitzung zu vermeiden, verf\u00fcgt das Ger\u00e4t \u00fcber einen einphasigen b\u00fcrstenlosen Motor, der weniger W\u00e4rme und Reibung erzeugt als ein B\u00fcrstenmotor. Ein Design, das die ATEX-Bestimmungen in den Zonen der Klasse 22 vollst\u00e4ndig erf\u00fcllt.   <\/p>\n\n\n\n<p>F\u00fcr welche Zwecke? Die W2 XR-Serie wurde kalibriert, um die Risiken in explosionsgef\u00e4hrdeten Bereichen zu minimieren, wie z.B. in der chemischen Industrie, der Lebensmittelverarbeitung, der Holzverarbeitung, der Metallverarbeitung, der Energieerzeugung usw. Der Industriestaubsauger W2 XR erf\u00fcllt die Anforderungen aller Arten von Industrien, in denen brennbare St\u00e4ube entstehen, die zudem gesundheitssch\u00e4dlich sind. <\/p>\n\n\n\n<div class=\"wp-block-columns is-layout-flex wp-container-core-columns-is-layout-28f84493 wp-block-columns-is-layout-flex\">\n<div class=\"wp-block-column is-layout-flow wp-block-column-is-layout-flow\">\n<div class=\"wp-block-buttons is-layout-flex wp-block-buttons-is-layout-flex\">\n<div class=\"wp-block-button\"><a class=\"wp-block-button__link wp-element-button\" href=\"https:\/\/obera.fr\/wp-content\/uploads\/2025\/06\/brochure-w2-xr-de.pdf\">BROSCH\u00dcRE HERUNTERLADEN<\/a><\/div>\n<\/div>\n<\/div>\n\n\n\n<div class=\"wp-block-column is-layout-flow wp-block-column-is-layout-flow\">\n<div class=\"wp-block-buttons is-layout-flex wp-block-buttons-is-layout-flex\">\n<div class=\"wp-block-button\"><a class=\"wp-block-button__link wp-element-button\" href=\"https:\/\/obera.fr\/contact\/\">BRAUCHEN SIE EINE PERS\u00d6NLICHE BERATUNG?<\/a><\/div>\n<\/div>\n<\/div>\n\n\n\n<div class=\"wp-block-column is-layout-flow wp-block-column-is-layout-flow\">\n<div class=\"wp-block-buttons is-content-justification-center is-layout-flex wp-container-core-buttons-is-layout-a89b3969 wp-block-buttons-is-layout-flex\">\n<div class=\"wp-block-button btn-devis-source\"><a class=\"wp-block-button__link wp-element-button\" href=\"https:\/\/obera.fr\/de\/angebotsanfrage\/\">Angebotsanfrage<\/a><\/div>\n<\/div>\n\n\n<script>\r\ndocument.addEventListener('DOMContentLoaded', function() {\r\n    \/\/ 1. On cherche le titre H1 de la page\r\n    var h1 = document.querySelector('h1');\r\n    var productTitle = h1 ? h1.innerText.trim() : \"\";\r\n\r\n    \/\/ 2. On cherche les boutons via la classe CSS .btn-devis-source\r\n    var buttons = document.querySelectorAll('.btn-devis-source a');\r\n\r\n    \/\/ 3. Si on a le titre et les boutons, on ajoute le param\u00e8tre\r\n    if (buttons.length > 0 && productTitle !== \"\") {\r\n        var encodedTitle = encodeURIComponent(productTitle);\r\n\r\n        buttons.forEach(function(btn) {\r\n            var currentHref = btn.getAttribute('href');\r\n            \r\n            \/\/ S\u00e9curit\u00e9 pour ne pas ajouter le param\u00e8tre 2 fois\r\n            if (currentHref.indexOf('sujet=') === -1) {\r\n                var separator = currentHref.indexOf('?') !== -1 ? '&' : '?';\r\n                var newLink = currentHref + separator + 'sujet=' + encodedTitle;\r\n                \r\n                btn.setAttribute('href', newLink);\r\n            }\r\n        });\r\n    }\r\n});\r\n<\/script><\/div>\n<\/div>\n<\/div>\n<\/div>\n\n\n\n<h2 class=\"wp-block-heading\">Was sind die technischen Daten des Industriestaubsaugers W2 XR?<\/h2>\n\n\n\n<p>Der Industriesauger W2 XR produziert einen Luftstrom von bis zu 215 m3\/h und hat eine Leistung von 1,1 kW, was ihm eine hohe Saugleistung verleiht. Er ist mit einem vertikal beweglichen Abreinigungssystem ausgestattet, um die Reinigung zu erleichtern und eine maximale Lebensdauer zu gew\u00e4hrleisten. <a href=\"https:\/\/obera.fr\/de\/produits\/aspirateurs-industriels\/\" data-type=\"page\" data-id=\"41\">Der Staubsauger<\/a> hat einen 40-Liter-Beh\u00e4lter und ist mit einem abnehmbaren Entleerungssystem ausgestattet, um den Beh\u00e4lter zur Abfallentsorgung zu transportieren. Um den Anforderungen aller Industrien gerecht zu werden, sind die Saug-, Filter- und Sammeleinheiten aus rostfreiem Stahl.  <\/p>\n\n\n\n<p>Im Inneren ist die Ansaugeinheit mit einer schalld\u00e4mpfenden Beschichtung versehen und die Filtereinheit ist durch einen antistatischen Polyester-Taschenfilter gesch\u00fctzt. Das Saugsystem hat einen Einlass mit einem Durchmesser von 50 unter dem Filter, so dass Staub, Feststoffe und Fl\u00fcssigkeiten gleichzeitig angesaugt werden k\u00f6nnen.<\/p>\n\n\n\n<p>Das Plus f\u00fcr Reinigungsprofis: Der Staubsauger wird mit Zubeh\u00f6r wie flexiblem Saugschlauch, Teleskoprohr, B\u00fcrsten und Fugend\u00fcse geliefert.<\/p>\n\n\n\n<blockquote class=\"wp-block-quote is-layout-flow wp-block-quote-is-layout-flow\">\n<p>Welche Optionen? Die ATEX-Version des Staubsaugers W2 XR verf\u00fcgt \u00fcber verschiedene Optionen, um sich noch besser an Ihre Bed\u00fcrfnisse anzupassen: Nomex-Filter (Hitzebest\u00e4ndigkeit bis 250\u00b0), Hepa H14 Absolutfilter, Zubeh\u00f6rkorb, Filter der Klasse M, M PTFE, M Teflon, wasser- und \u00f6labweisend, antistatisch Klasse L und M, Beh\u00e4lter und Filterkammer aus INOX-Stahl, Erdung. Lassen Sie sich von unseren Teams beraten, um die besten Optionen f\u00fcr Ihre Branche zu finden.<\/p>\n<\/blockquote>\n\n\n\n<h3 class=\"wp-block-heading has-text-align-center\">INDUSTRIES<\/h3>\n\n\n\n<div class=\"wp-block-columns is-layout-flex wp-container-core-columns-is-layout-28f84493 wp-block-columns-is-layout-flex\">\n<div class=\"wp-block-column is-layout-flow wp-block-column-is-layout-flow\">\n<hr class=\"wp-block-separator has-alpha-channel-opacity\"\/>\n\n\n\n<div class=\"wp-block-columns is-layout-flex wp-container-core-columns-is-layout-28f84493 wp-block-columns-is-layout-flex\">\n<div class=\"wp-block-column is-layout-flow wp-block-column-is-layout-flow\">\n<figure class=\"wp-block-image aligncenter size-thumbnail is-resized\"><img decoding=\"async\" width=\"150\" height=\"150\" src=\"https:\/\/obera.fr\/wp-content\/uploads\/2022\/02\/Textile-150x150.png\" alt=\"Textilien\" class=\"wp-image-8855\"\/><figcaption class=\"wp-element-caption\">Textilien<\/figcaption><\/figure>\n\n\n\n<figure class=\"wp-block-image aligncenter size-thumbnail is-resized\"><img decoding=\"async\" width=\"150\" height=\"150\" src=\"https:\/\/obera.fr\/wp-content\/uploads\/2022\/02\/Plastique-150x150.png\" alt=\"Kunststoff\" class=\"wp-image-8854\"\/><figcaption class=\"wp-element-caption\">Kunststoff<\/figcaption><\/figure>\n<\/div>\n\n\n\n<div class=\"wp-block-column is-layout-flow wp-block-column-is-layout-flow\">\n<figure class=\"wp-block-image aligncenter size-thumbnail is-resized\"><img decoding=\"async\" width=\"150\" height=\"150\" src=\"https:\/\/obera.fr\/wp-content\/uploads\/2022\/02\/MINERAIS-150x150.png\" alt=\"Erze\" class=\"wp-image-8847\"\/><figcaption class=\"wp-element-caption\">Erze<\/figcaption><\/figure>\n\n\n\n<figure class=\"wp-block-image aligncenter size-thumbnail is-resized\"><img decoding=\"async\" width=\"150\" height=\"150\" src=\"https:\/\/obera.fr\/wp-content\/uploads\/2022\/02\/Metalurgie-150x150.png\" alt=\"Metallurgie\" class=\"wp-image-8857\"\/><figcaption class=\"wp-element-caption\">Metallurgie<\/figcaption><\/figure>\n\n\n\n<figure class=\"wp-block-image aligncenter size-thumbnail is-resized\"><img decoding=\"async\" width=\"150\" height=\"150\" src=\"https:\/\/obera.fr\/wp-content\/uploads\/2023\/02\/sans-titre-2023-02-14t102211.641-150x150.png\" alt=\"Landwirtschaft\" class=\"wp-image-18828\"\/><figcaption class=\"wp-element-caption\">Landwirtschaft<\/figcaption><\/figure>\n<\/div>\n<\/div>\n<\/div>\n\n\n\n<div class=\"wp-block-column is-layout-flow wp-block-column-is-layout-flow\">\n<hr class=\"wp-block-separator has-alpha-channel-opacity\"\/>\n\n\n\n<div class=\"wp-block-columns is-layout-flex wp-container-core-columns-is-layout-28f84493 wp-block-columns-is-layout-flex\">\n<div class=\"wp-block-column is-layout-flow wp-block-column-is-layout-flow\">\n<figure class=\"wp-block-image aligncenter size-thumbnail is-resized\"><img decoding=\"async\" width=\"150\" height=\"150\" src=\"https:\/\/obera.fr\/wp-content\/uploads\/2022\/02\/Chimie-150x150.png\" alt=\"Chemie\" class=\"wp-image-8846\"\/><figcaption class=\"wp-element-caption\">Chemie<\/figcaption><\/figure>\n\n\n\n<figure class=\"wp-block-image aligncenter size-thumbnail is-resized\"><img decoding=\"async\" width=\"150\" height=\"150\" src=\"https:\/\/obera.fr\/wp-content\/uploads\/2022\/02\/Travail-du-bois-150x150.png\" alt=\"Holzbearbeitung\" class=\"wp-image-8856\"\/><figcaption class=\"wp-element-caption\">Holzbearbeitung<\/figcaption><\/figure>\n\n\n\n<figure class=\"wp-block-image aligncenter size-thumbnail is-resized\"><img decoding=\"async\" width=\"150\" height=\"150\" src=\"https:\/\/obera.fr\/wp-content\/uploads\/2023\/02\/sans-titre-2023-02-14t101920.185-150x150.png\" alt=\"Luftfahrt\" class=\"wp-image-18831\"\/><figcaption class=\"wp-element-caption\">Luftfahrt<\/figcaption><\/figure>\n<\/div>\n\n\n\n<div class=\"wp-block-column is-layout-flow wp-block-column-is-layout-flow\">\n<figure class=\"wp-block-image aligncenter size-thumbnail is-resized\"><img decoding=\"async\" width=\"150\" height=\"150\" src=\"https:\/\/obera.fr\/wp-content\/uploads\/2022\/02\/AGROALIMENTAIRE-150x150.png\" alt=\"Lebensmittelindustrie\" class=\"wp-image-8844\"\/><figcaption class=\"wp-element-caption\">Lebensmittelindustrie<\/figcaption><\/figure>\n\n\n\n<figure class=\"wp-block-image aligncenter size-thumbnail is-resized\"><img decoding=\"async\" width=\"150\" height=\"150\" src=\"https:\/\/obera.fr\/wp-content\/uploads\/2022\/02\/Papier-carton-150x150.png\" alt=\"Papier Karton\" class=\"wp-image-8853\"\/><figcaption class=\"wp-element-caption\">Papier\/Karton<\/figcaption><\/figure>\n\n\n\n<figure class=\"wp-block-image aligncenter size-thumbnail is-resized\"><img decoding=\"async\" width=\"150\" height=\"150\" src=\"https:\/\/obera.fr\/wp-content\/uploads\/2023\/02\/sans-titre-2023-02-14t101712.416-150x150.png\" alt=\"Automobil\" class=\"wp-image-18834\"\/><figcaption class=\"wp-element-caption\">Automobil<\/figcaption><\/figure>\n<\/div>\n<\/div>\n<\/div>\n<\/div>\n\n\n\n<table id=\"tablepress-198\" class=\"tablepress tablepress-id-198\">\n<tbody class=\"row-striping row-hover\">\n<tr class=\"row-1\">\n\t<td class=\"column-1\">Zones ATEX<\/td><td class=\"column-2\"><\/td><td class=\"column-3\">22<\/td>\n<\/tr>\n<tr class=\"row-2\">\n\t<td class=\"column-1\">Marquage<\/td><td class=\"column-2\"><\/td><td class=\"column-3\">EX II 3D Ex tc IIIB T135\u00b0C X Dc<\/td>\n<\/tr>\n<tr class=\"row-3\">\n\t<td class=\"column-1\">Tension<\/td><td class=\"column-2\">V-HZ<\/td><td class=\"column-3\">230<\/td>\n<\/tr>\n<tr class=\"row-4\">\n\t<td class=\"column-1\">Puissance<\/td><td class=\"column-2\">kW<\/td><td class=\"column-3\">1.1<\/td>\n<\/tr>\n<tr class=\"row-5\">\n\t<td class=\"column-1\">Protection \u00e9lectrique<\/td><td class=\"column-2\">IP<\/td><td class=\"column-3\">55<\/td>\n<\/tr>\n<tr class=\"row-6\">\n\t<td class=\"column-1\">D\u00e9pression maximum<\/td><td class=\"column-2\">Pa<\/td><td class=\"column-3\">2.250 Pa<\/td>\n<\/tr>\n<tr class=\"row-7\">\n\t<td class=\"column-1\">D\u00e9bit d\u2019air max<\/td><td class=\"column-2\">m3\/h<\/td><td class=\"column-3\">215<\/td>\n<\/tr>\n<tr class=\"row-8\">\n\t<td class=\"column-1\">Diam\u00e8tre embouchure<\/td><td class=\"column-2\">mm<\/td><td class=\"column-3\">50<\/td>\n<\/tr>\n<tr class=\"row-9\">\n\t<td class=\"column-1\">Type de filtre<\/td><td class=\"column-2\"><\/td><td class=\"column-3\">\u00c0 poches en \u00e9toile<\/td>\n<\/tr>\n<tr class=\"row-10\">\n\t<td class=\"column-1\">Surface<\/td><td class=\"column-2\">cm2<\/td><td class=\"column-3\">20.000<\/td>\n<\/tr>\n<tr class=\"row-11\">\n\t<td class=\"column-1\">Syst\u00e8me de nettoyage<\/td><td class=\"column-2\"><\/td><td class=\"column-3\">Manuel<\/td>\n<\/tr>\n<tr class=\"row-12\">\n\t<td class=\"column-1\">Bac de r\u00e9colte<\/td><td class=\"column-2\"><\/td><td class=\"column-3\">Acier<\/td>\n<\/tr>\n<tr class=\"row-13\">\n\t<td class=\"column-1\">Syst\u00e8me de vidange<\/td><td class=\"column-2\"><\/td><td class=\"column-3\">Bac d\u00e9crochable<\/td>\n<\/tr>\n<tr class=\"row-14\">\n\t<td class=\"column-1\">Capacit\u00e9<\/td><td class=\"column-2\">litre<\/td><td class=\"column-3\">40<\/td>\n<\/tr>\n<tr class=\"row-15\">\n\t<td class=\"column-1\">Dimensions<\/td><td class=\"column-2\">cm<\/td><td class=\"column-3\">55x63x124<\/td>\n<\/tr>\n<\/tbody>\n<\/table>\n\n\n\n\n<div class=\"wp-block-buttons is-content-justification-center is-layout-flex wp-container-core-buttons-is-layout-a89b3969 wp-block-buttons-is-layout-flex\">\n<div class=\"wp-block-button\"><a class=\"wp-block-button__link wp-element-button\" href=\"https:\/\/obera.fr\/wp-content\/uploads\/2024\/04\/obera_brochure-w2-xr-fr.pdf\">PRODUKTDATENBLATT HERUNTERLADEN<\/a><\/div>\n<\/div>\n\n\n\n<h2 class=\"wp-block-heading\">Staubsauger W2 XR: Die Vorteile eines kompakten Staubsaugers mit hoher Filterung<\/h2>\n\n\n\n<p>Der Industriesauger W2 XR bietet alle Vorteile der W2-Serie, n\u00e4mlich: hohe Mobilit\u00e4t f\u00fcr eine einfache und komfortable Bedienung durch den Bediener. Eine schalld\u00e4mmende Verkleidung um den Motor, um den L\u00e4rm zu minimieren und die Teams nicht zu bel\u00e4stigen.  <\/p>\n\n\n\n<p>Seine Vielseitigkeit ist nat\u00fcrlich ein Schl\u00fcsselkriterium f\u00fcr die Industrie, da die Nass-Trocken-Technologie in Kombination mit der ATEX-Konformit\u00e4t das Saugen von Staub, festen Stoffen und explosionsgesch\u00fctzten Fl\u00fcssigkeiten erm\u00f6glicht. Er ist auch einfach zu warten, da er \u00fcber einen eingebauten Filtertrockner verf\u00fcgt, der die Reinigung vereinfacht. Der Bediener muss nur den Sch\u00fcttelhebel bet\u00e4tigen, um eine sofortige manuelle Reinigung durchzuf\u00fchren.<\/p>\n\n\n\n<p>Der gr\u00f6\u00dfte Vorteil der W2 XR-Serie ist die ATEX-Zertifizierung f\u00fcr Zone 22. Mit diesem Industriestaubsauger erf\u00fcllen Sie Ihre Verpflichtungen zur Einhaltung der Vorschriften. Die Verwendung eines ATEX-zertifizierten Staubsaugers in Zone 22 ist ein Muss, um die Sicherheit Ihrer Mitarbeiter und Ihres Eigentums zu gew\u00e4hrleisten.  <\/p>\n\n\n\n<div class=\"wp-block-columns is-layout-flex wp-container-core-columns-is-layout-28f84493 wp-block-columns-is-layout-flex\">\n<div class=\"wp-block-column is-layout-flow wp-block-column-is-layout-flow\" style=\"flex-basis:33.34%\">\n<h3 class=\"wp-block-heading\">Vorteile :<\/h3>\n\n\n\n<ul class=\"wp-block-list\">\n<li>Kompakter und mobiler Staubsauger ;<\/li>\n\n\n\n<li>Verringerung des Risikos von Allergien und Atemwegserkrankungen ;<\/li>\n\n\n\n<li>Erf\u00fcllt die Anforderungen der ATEX-Verordnung.<\/li>\n<\/ul>\n<\/div>\n\n\n\n<div class=\"wp-block-column is-layout-flow wp-block-column-is-layout-flow\" style=\"flex-basis:33.34%\">\n<h3 class=\"wp-block-heading\">Besonderheiten :<\/h3>\n\n\n\n<ul class=\"wp-block-list\">\n<li>ATEX Zone 22, explosionsgesch\u00fctzte Absaugung von Partikeln, Feststoffen und Fl\u00fcssigkeiten.<\/li>\n<\/ul>\n<\/div>\n\n\n\n<div class=\"wp-block-column is-layout-flow wp-block-column-is-layout-flow\" style=\"flex-basis:33.33%\">\n<h3 class=\"wp-block-heading\">Merkmale :<\/h3>\n\n\n\n<ul class=\"wp-block-list\">\n<li>Taschenfilter aus antistatischem Polyester ;<\/li>\n\n\n\n<li>Einphasiger b\u00fcrstenloser Motor ;<\/li>\n\n\n\n<li>Verstopfungssystem mit Kontrollleuchte.<\/li>\n<\/ul>\n<\/div>\n<\/div>\n\n\n\n<h2 class=\"wp-block-heading\">Haben Sie noch Zweifel, ob der Staubsauger W2 XR f\u00fcr Ihre Branche geeignet ist?<\/h2>\n\n\n\n<p>Bei OberA wissen wir, dass das Niveau des Explosionsrisikos in Zone 22 von vielen Faktoren abh\u00e4ngt: Art des Staubs, Menge, Z\u00fcndquellen&#8230; Um die richtige Absaugl\u00f6sung zu w\u00e4hlen, f\u00fchren wir eine Diagnose in Ihren Werkst\u00e4tten durch und bieten Ihnen einen Test der Ausr\u00fcstung mit Kaufoption an.<\/p>\n\n\n\n<div class=\"wp-block-buttons is-content-justification-center is-layout-flex wp-container-core-buttons-is-layout-a89b3969 wp-block-buttons-is-layout-flex\">\n<div class=\"wp-block-button\"><a class=\"wp-block-button__link wp-element-button\" href=\"https:\/\/obera.fr\/de\/contact\/\">TESTEN SIE DEN STAUBSAUGER W2 XR<\/a><\/div>\n<\/div>\n\n\n\n<h2 class=\"wp-block-heading\">Die anderen Industriesauger der Serie<\/h2>\n\n\n\n<div class=\"wp-block-columns is-layout-flex wp-container-core-columns-is-layout-28f84493 wp-block-columns-is-layout-flex\">\n<div class=\"wp-block-column is-layout-flow wp-block-column-is-layout-flow\">\n<figure class=\"wp-block-image aligncenter size-full is-resized\"><a href=\"https:\/\/obera.fr\/produits\/aspirateurs-industriels\/ventilateurs-aspiration-gamme-eurosog-rg-100-800\/\"><img decoding=\"async\" width=\"600\" height=\"600\" src=\"https:\/\/obera.fr\/wp-content\/uploads\/2024\/04\/obera-ventilateur-aspiration-rg-300-400.jpg\" alt=\"obera Absaugventilator rg 300 400\" class=\"wp-image-29437\" style=\"width:349px;height:auto\" srcset=\"https:\/\/obera.fr\/wp-content\/uploads\/2024\/04\/obera-ventilateur-aspiration-rg-300-400.jpg 600w, https:\/\/obera.fr\/wp-content\/uploads\/2024\/04\/obera-ventilateur-aspiration-rg-300-400-300x300.jpg 300w, https:\/\/obera.fr\/wp-content\/uploads\/2024\/04\/obera-ventilateur-aspiration-rg-300-400-150x150.jpg 150w\" sizes=\"(max-width: 600px) 100vw, 600px\" \/><\/a><figcaption class=\"wp-element-caption\">RG 300\/400<\/figcaption><\/figure>\n<\/div>\n\n\n\n<div class=\"wp-block-column is-layout-flow wp-block-column-is-layout-flow\">\n<figure class=\"wp-block-image aligncenter size-full is-resized\"><a href=\"https:\/\/obera.fr\/produits\/aspirateurs-industriels\/w2-haute-filtration-polyvalence\/\"><img decoding=\"async\" width=\"711\" height=\"622\" src=\"https:\/\/obera.fr\/wp-content\/uploads\/2024\/10\/w2.png\" alt=\"Industrieller Staubsauger\" class=\"wp-image-35424\" style=\"object-fit:cover;width:300px;height:300px\" srcset=\"https:\/\/obera.fr\/wp-content\/uploads\/2024\/10\/w2.png 711w, https:\/\/obera.fr\/wp-content\/uploads\/2024\/10\/w2-300x262.png 300w\" sizes=\"(max-width: 711px) 100vw, 711px\" \/><\/a><figcaption class=\"wp-element-caption\">W2<\/figcaption><\/figure>\n<\/div>\n\n\n\n<div class=\"wp-block-column is-layout-flow wp-block-column-is-layout-flow\">\n<figure class=\"wp-block-image aligncenter size-full is-resized\"><a href=\"https:\/\/obera.fr\/produits\/aspirateurs-industriels\/w3-pour-nettoyage-general\/\"><img decoding=\"async\" width=\"658\" height=\"652\" src=\"https:\/\/obera.fr\/wp-content\/uploads\/2024\/10\/w3.png\" alt=\"w3\" class=\"wp-image-35427\" style=\"object-fit:cover;width:300px;height:300px\" srcset=\"https:\/\/obera.fr\/wp-content\/uploads\/2024\/10\/w3.png 658w, https:\/\/obera.fr\/wp-content\/uploads\/2024\/10\/w3-300x297.png 300w, https:\/\/obera.fr\/wp-content\/uploads\/2024\/10\/w3-150x150.png 150w, https:\/\/obera.fr\/wp-content\/uploads\/2024\/10\/w3-24x24.png 24w, https:\/\/obera.fr\/wp-content\/uploads\/2024\/10\/w3-48x48.png 48w, https:\/\/obera.fr\/wp-content\/uploads\/2024\/10\/w3-96x96.png 96w\" sizes=\"(max-width: 658px) 100vw, 658px\" \/><\/a><figcaption class=\"wp-element-caption\">W3<\/figcaption><\/figure>\n<\/div>\n<\/div>\n","protected":false},"excerpt":{"rendered":"<p>Entdecken Sie den Industriestaubsauger W2 XR zum Aufsaugen von festen Stoffen und explosionsgesch\u00fctzten Fl\u00fcssigkeiten. Ein kompaktes, mobiles und leistungsstarkes Ger\u00e4t, um das Risiko von Entz\u00fcndungen und Explosionen in Ihren Produktionsst\u00e4tten zu reduzieren. Industriestaubsauger W2 XR mit ATEX-Zertifizierung f\u00fcr Zone 22: Prinzip und Anwendung DerW2 XR Industrie Nass- und Trockensauger ist f\u00fcr das Saugen von festen Stoffen und explosionsgesch\u00fctzten Fl\u00fcssigkeiten konzipiert. Der Taschenfilter aus antistatischem Polyester (Schutz der Filtereinheit) ist so konstruiert, dass er statische Aufladung verhindert. Um eine \u00dcberhitzung zu vermeiden, verf\u00fcgt das Ger\u00e4t \u00fcber einen einphasigen b\u00fcrstenlosen Motor, der weniger W\u00e4rme und Reibung erzeugt als ein B\u00fcrstenmotor. Ein Design, &#8230; <\/p>\n<p class=\"read-more-container\"><a title=\"Industriestaubsauger W2 XR\" class=\"read-more button\" href=\"https:\/\/obera.fr\/de\/produits\/aspirateurs-industriels\/w2-xr-atex-22\/#more-32151\" aria-label=\"Mehr Informationen \u00fcber Industriestaubsauger W2 XR\">Lire la suite<\/a><\/p>\n","protected":false},"author":4,"featured_media":83739,"parent":32135,"menu_order":0,"comment_status":"closed","ping_status":"closed","template":"","meta":{"_acf_changed":false,"_seopress_robots_primary_cat":"","_seopress_titles_title":"Industriestaubsauger W2 XR ATEX 22 oberA","_seopress_titles_desc":"Kompakt und leistungsstark: Entdecken Sie die W2 XR-Serie f\u00fcr das Saugen von festen Stoffen und explosionsgesch\u00fctzten Fl\u00fcssigkeiten. Eine Ausstattung, die Sie \u00fcber OberA mit Kaufoption testen k\u00f6nnen.","_seopress_robots_index":"","footnotes":""},"class_list":{"0":"post-32151","1":"page","2":"type-page","3":"status-publish","4":"has-post-thumbnail","6":"no-featured-image-padding","7":"resize-featured-image"},"acf":[],"_links":{"self":[{"href":"https:\/\/obera.fr\/de\/wp-json\/wp\/v2\/pages\/32151","targetHints":{"allow":["GET"]}}],"collection":[{"href":"https:\/\/obera.fr\/de\/wp-json\/wp\/v2\/pages"}],"about":[{"href":"https:\/\/obera.fr\/de\/wp-json\/wp\/v2\/types\/page"}],"author":[{"embeddable":true,"href":"https:\/\/obera.fr\/de\/wp-json\/wp\/v2\/users\/4"}],"replies":[{"embeddable":true,"href":"https:\/\/obera.fr\/de\/wp-json\/wp\/v2\/comments?post=32151"}],"version-history":[{"count":11,"href":"https:\/\/obera.fr\/de\/wp-json\/wp\/v2\/pages\/32151\/revisions"}],"predecessor-version":[{"id":107161,"href":"https:\/\/obera.fr\/de\/wp-json\/wp\/v2\/pages\/32151\/revisions\/107161"}],"up":[{"embeddable":true,"href":"https:\/\/obera.fr\/de\/wp-json\/wp\/v2\/pages\/32135"}],"wp:featuredmedia":[{"embeddable":true,"href":"https:\/\/obera.fr\/de\/wp-json\/wp\/v2\/media\/83739"}],"wp:attachment":[{"href":"https:\/\/obera.fr\/de\/wp-json\/wp\/v2\/media?parent=32151"}],"curies":[{"name":"wp","href":"https:\/\/api.w.org\/{rel}","templated":true}]}}