{"id":32158,"date":"2024-04-05T23:01:46","date_gmt":"2024-04-05T21:01:46","guid":{"rendered":"https:\/\/obera.fr\/produkte\/industriestaubsauger\/w3-industriestaubsauger\/"},"modified":"2025-06-03T10:47:16","modified_gmt":"2025-06-03T08:47:16","slug":"w3-pour-nettoyage-general","status":"publish","type":"page","link":"https:\/\/obera.fr\/de\/produits\/aspirateurs-industriels\/w3-pour-nettoyage-general\/","title":{"rendered":"W3 Industriestaubsauger"},"content":{"rendered":"\n<p>Der W3 Industriesauger ist eine leistungsstarke und einfach zu bedienende <a href=\"https:\/\/obera.fr\/de\/produits\/aspirateurs-industriels\/\" data-type=\"page\" data-id=\"41\">L\u00f6sung<\/a> f\u00fcr die allgemeine Reinigung, die sich an alle Bed\u00fcrfnisse anpasst.<\/p>\n\n<h2 class=\"wp-block-heading\">Prinzip und Anwendungsbereich des W3 Industriestaubsaugers<\/h2>\n\n<div class=\"wp-block-columns is-layout-flex wp-container-core-columns-is-layout-28f84493 wp-block-columns-is-layout-flex\">\n<div class=\"wp-block-column is-layout-flow wp-block-column-is-layout-flow\" style=\"flex-basis:33.33%\">\n<figure class=\"wp-block-image aligncenter size-full is-resized\"><img decoding=\"async\" width=\"658\" height=\"652\" src=\"https:\/\/obera.fr\/wp-content\/uploads\/2024\/10\/w3.png\" alt=\"Industrieller Staubsauger\" class=\"wp-image-35427\" style=\"object-fit:cover;width:300px;height:300px\" srcset=\"https:\/\/obera.fr\/wp-content\/uploads\/2024\/10\/w3.png 658w, https:\/\/obera.fr\/wp-content\/uploads\/2024\/10\/w3-300x297.png 300w, https:\/\/obera.fr\/wp-content\/uploads\/2024\/10\/w3-150x150.png 150w, https:\/\/obera.fr\/wp-content\/uploads\/2024\/10\/w3-24x24.png 24w, https:\/\/obera.fr\/wp-content\/uploads\/2024\/10\/w3-48x48.png 48w, https:\/\/obera.fr\/wp-content\/uploads\/2024\/10\/w3-96x96.png 96w\" sizes=\"(max-width: 658px) 100vw, 658px\" \/><\/figure>\n<\/div>\n\n\n\n<div class=\"wp-block-column is-layout-flow wp-block-column-is-layout-flow\" style=\"flex-basis:66.66%\">\n<p>Der<strong>W3 Industriesauger<\/strong> ist f\u00fcr seine Vielseitigkeit und seinen leisen Betrieb bekannt. Die Luft wird angesaugt und in zwei Str\u00f6me aufgeteilt: Ein Strom wird zur K\u00fchlung des Motors verwendet, der zweite zur Absaugung von Staub und Feststoffen. Ein Ansaugsystem, das nicht nur den Motor vor Verschmutzung sch\u00fctzt, sondern auch feine Partikel zur\u00fcckh\u00e4lt, indem der Luftstrom durch den Staubfilter geleitet wird. Die Bypass-Motoren der W3-Serie bieten daher eine hohe Saugleistung, weniger Wartung und eine l\u00e4ngere Lebensdauer der Ger\u00e4te (weniger Risiko von \u00dcberhitzung und Verschmutzung).<\/p>\n\n\n\n<p>F\u00fcr welchen Anwendungsbereich? Der vielseitige, wendige und praktische Einphasen-Staubsauger W3 ist ideal f\u00fcr die allgemeine Reinigung: Reinigung von B\u00f6den, W\u00e4nden, Baustellen, Werkst\u00e4tten, Produktionsmaschinen usw. Er ist auch eine ausgezeichnete Wahl f\u00fcr die Aufnahme von Feinstaub und allergieausl\u00f6senden Partikeln. Die Herstellung und die vielen M\u00f6glichkeiten der Anpassung machen ihn zu einem Ger\u00e4t, das sich leicht an alle Industriezweige anpassen l\u00e4sst. Er ist besonders effektiv bei der Absaugung von Staub und Feststoffen in mechanischen Werkst\u00e4tten, Lebensmittelbetrieben, Tischlereien, Handwerksbetrieben, Sandstrahlern, Zementwerken und bei der Oberfl\u00e4chenbehandlung.<\/p>\n\n\n\n<div class=\"wp-block-columns is-layout-flex wp-container-core-columns-is-layout-28f84493 wp-block-columns-is-layout-flex\">\n<div class=\"wp-block-column is-layout-flow wp-block-column-is-layout-flow\">\n<div class=\"wp-block-buttons is-layout-flex wp-block-buttons-is-layout-flex\">\n<div class=\"wp-block-button\"><a class=\"wp-block-button__link wp-element-button\" href=\"https:\/\/obera.fr\/wp-content\/uploads\/2025\/06\/brochure-w3-fr.pdf\">BROSCH\u00dcRE HERUNTERLADEN<\/a><\/div>\n<\/div>\n<\/div>\n\n\n\n<div class=\"wp-block-column is-layout-flow wp-block-column-is-layout-flow\">\n<div class=\"wp-block-buttons is-layout-flex wp-block-buttons-is-layout-flex\">\n<div class=\"wp-block-button\"><a class=\"wp-block-button__link wp-element-button\" href=\"https:\/\/obera.fr\/contact\/\">BRAUCHEN SIE EINE PERS\u00d6NLICHE BERATUNG?<\/a><\/div>\n<\/div>\n<\/div>\n\n\n\n<div class=\"wp-block-column is-layout-flow wp-block-column-is-layout-flow\">\n<div class=\"wp-block-buttons is-content-justification-center is-layout-flex wp-container-core-buttons-is-layout-a89b3969 wp-block-buttons-is-layout-flex\">\n<div class=\"wp-block-button btn-devis-source\"><a class=\"wp-block-button__link wp-element-button\" href=\"https:\/\/obera.fr\/de\/angebotsanfrage\/\">Angebotsanfrage<\/a><\/div>\n<\/div>\n\n\n<script>\r\ndocument.addEventListener('DOMContentLoaded', function() {\r\n    \/\/ 1. On cherche le titre H1 de la page\r\n    var h1 = document.querySelector('h1');\r\n    var productTitle = h1 ? h1.innerText.trim() : \"\";\r\n\r\n    \/\/ 2. On cherche les boutons via la classe CSS .btn-devis-source\r\n    var buttons = document.querySelectorAll('.btn-devis-source a');\r\n\r\n    \/\/ 3. Si on a le titre et les boutons, on ajoute le param\u00e8tre\r\n    if (buttons.length > 0 && productTitle !== \"\") {\r\n        var encodedTitle = encodeURIComponent(productTitle);\r\n\r\n        buttons.forEach(function(btn) {\r\n            var currentHref = btn.getAttribute('href');\r\n            \r\n            \/\/ S\u00e9curit\u00e9 pour ne pas ajouter le param\u00e8tre 2 fois\r\n            if (currentHref.indexOf('sujet=') === -1) {\r\n                var separator = currentHref.indexOf('?') !== -1 ? '&' : '?';\r\n                var newLink = currentHref + separator + 'sujet=' + encodedTitle;\r\n                \r\n                btn.setAttribute('href', newLink);\r\n            }\r\n        });\r\n    }\r\n});\r\n<\/script><\/div>\n<\/div>\n<\/div>\n<\/div>\n\n<h2 class=\"wp-block-heading\">Allgemeine Reinigung: Die Eigenschaften des Staubsaugers W3<\/h2>\n\n<p>Der W3 Industriesauger ist in zwei Versionen erh\u00e4ltlich. Er ist mit 3 einphasigen Motoren ausgestattet, die in der 65-Liter-Version 1,1 kW und in der 100-Liter-Version 1,3 kW leisten. Eine technische Besonderheit, die das Ger\u00e4t besonders effektiv beim Saugen von Materialien mit hohem spezifischem Gewicht macht (Kies, Sand, N\u00e4gel, Schrauben, Glasscherben). Der Staubsauger bietet einen maximalen Unterdruck zwischen 2400 und 3600 Pa und einen maximalen Luftstrom zwischen 540 m3\/h und 450 m3\/h, je nach gew\u00e4hlter Version.<\/p>\n\n<p>Trotz seiner 3 Bypass-Motoren ist der W3 Industriesauger sehr leise. Die Saugeinheit ist mit einer schalld\u00e4mpfenden Beschichtung versehen, um den L\u00e4rm auf ein Minimum zu reduzieren.<\/p>\n\n<p>Die Saugvorrichtung ist robust und verf\u00fcgt \u00fcber einen stabilen Stahlkopf. Die Filtereinheit ist ebenfalls aus rostfreiem Stahl (Filterkammer), ebenso wie die auf Rollen montierte Wanne und der Rahmen.  <\/p>\n\n<p>Schlie\u00dflich ist die Filtereinheit mit einem Polyester-Taschenfilter ausgestattet, um den Schutz und eine hohe Staubbindung zu gew\u00e4hrleisten. Die gro\u00dfe Oberfl\u00e4che von 2m2 und die hohe Filtereffizienz (3 Mikron) sorgen au\u00dferdem f\u00fcr eine saubere Abluft.<\/p>\n\n<p>Der Staubsauger W3 enth\u00e4lt Zubeh\u00f6r f\u00fcr den professionellen Einsatz in der Reinigungsbranche: flexibler Saugschlauch, B\u00fcrsten, Fugend\u00fcse, etc.<\/p>\n\n<blockquote class=\"wp-block-quote is-layout-flow wp-block-quote-is-layout-flow\">\n<p>Verf\u00fcgbare Versionen: Der W3 Industriesauger ist in zwei Versionen erh\u00e4ltlich! Eine mit einem Fassungsverm\u00f6gen von 65 Litern und die zweite mit einem Fassungsverm\u00f6gen von 100 Litern. Er ist auch mit 3 einphasigen, dreistufigen Motoren erh\u00e4ltlich, um das Saugen von Materialien mit hohem spezifischem Gewicht zu erm\u00f6glichen.<\/p>\n<\/blockquote>\n\n<h3 class=\"wp-block-heading has-text-align-center\">Optional<\/h3>\n\n<div class=\"wp-block-columns is-layout-flex wp-container-core-columns-is-layout-28f84493 wp-block-columns-is-layout-flex\">\n<div class=\"wp-block-column is-layout-flow wp-block-column-is-layout-flow\" style=\"flex-basis:50%\">\n<ul class=\"wp-block-list\">\n<li>Nomex-Filter &#8211; hitzebest\u00e4ndig bis 250\u00b0;<\/li>\n\n\n\n<li>Absoluter Hepa-Filter H14 ;<\/li>\n\n\n\n<li>Klasse M PTFE-Filter ;<\/li>\n\n\n\n<li>Filter der Klasse M Wasser- und \u00f6labweisendes Teflon ;  <\/li>\n\n\n\n<li>Antistatischer Filter Klasse M ;<\/li>\n<\/ul>\n<\/div>\n\n\n\n<div class=\"wp-block-column is-layout-flow wp-block-column-is-layout-flow\" style=\"flex-basis:50%\">\n<ul class=\"wp-block-list\">\n<li>Beh\u00e4lter und Filterkammer aus Edelstahl;<\/li>\n\n\n\n<li>Erdung ;<\/li>\n\n\n\n<li>Grillkorb mit Ablassventil und F\u00fcllstandsanzeige ;<\/li>\n\n\n\n<li>Container f\u00fcr lange Beutelmatten 20mt ;<\/li>\n\n\n\n<li>Zyklon f\u00fcr Filterschutz.<\/li>\n<\/ul>\n<\/div>\n<\/div>\n\n<h3 class=\"wp-block-heading has-text-align-center\">INDUSTRIES<\/h3>\n\n<div class=\"wp-block-columns is-layout-flex wp-container-core-columns-is-layout-28f84493 wp-block-columns-is-layout-flex\">\n<div class=\"wp-block-column is-layout-flow wp-block-column-is-layout-flow\">\n<hr class=\"wp-block-separator has-alpha-channel-opacity\"\/>\n\n\n\n<div class=\"wp-block-columns is-layout-flex wp-container-core-columns-is-layout-28f84493 wp-block-columns-is-layout-flex\">\n<div class=\"wp-block-column is-layout-flow wp-block-column-is-layout-flow\">\n<figure class=\"wp-block-image aligncenter size-thumbnail is-resized\"><img decoding=\"async\" width=\"150\" height=\"150\" src=\"https:\/\/obera.fr\/wp-content\/uploads\/2022\/02\/Textile-150x150.png\" alt=\"Textilien\" class=\"wp-image-8855\"\/><figcaption class=\"wp-element-caption\">Textilien<\/figcaption><\/figure>\n\n\n\n<figure class=\"wp-block-image aligncenter size-thumbnail is-resized\"><img decoding=\"async\" width=\"150\" height=\"150\" src=\"https:\/\/obera.fr\/wp-content\/uploads\/2022\/02\/Plastique-150x150.png\" alt=\"Kunststoff\" class=\"wp-image-8854\"\/><figcaption class=\"wp-element-caption\">Kunststoff<\/figcaption><\/figure>\n<\/div>\n\n\n\n<div class=\"wp-block-column is-layout-flow wp-block-column-is-layout-flow\">\n<figure class=\"wp-block-image aligncenter size-thumbnail is-resized\"><img decoding=\"async\" width=\"150\" height=\"150\" src=\"https:\/\/obera.fr\/wp-content\/uploads\/2022\/02\/MINERAIS-150x150.png\" alt=\"Erze\" class=\"wp-image-8847\"\/><figcaption class=\"wp-element-caption\">Erze<\/figcaption><\/figure>\n\n\n\n<figure class=\"wp-block-image aligncenter size-thumbnail is-resized\"><img decoding=\"async\" width=\"150\" height=\"150\" src=\"https:\/\/obera.fr\/wp-content\/uploads\/2022\/02\/Metalurgie-150x150.png\" alt=\"Metallurgie\" class=\"wp-image-8857\"\/><figcaption class=\"wp-element-caption\">Metallurgie<\/figcaption><\/figure>\n\n\n\n<figure class=\"wp-block-image aligncenter size-thumbnail is-resized\"><img decoding=\"async\" width=\"150\" height=\"150\" src=\"https:\/\/obera.fr\/wp-content\/uploads\/2023\/02\/sans-titre-2023-02-14t102211.641-150x150.png\" alt=\"Landwirtschaft\" class=\"wp-image-18828\"\/><figcaption class=\"wp-element-caption\">Landwirtschaft<\/figcaption><\/figure>\n<\/div>\n<\/div>\n<\/div>\n\n\n\n<div class=\"wp-block-column is-layout-flow wp-block-column-is-layout-flow\">\n<hr class=\"wp-block-separator has-alpha-channel-opacity\"\/>\n\n\n\n<div class=\"wp-block-columns is-layout-flex wp-container-core-columns-is-layout-28f84493 wp-block-columns-is-layout-flex\">\n<div class=\"wp-block-column is-layout-flow wp-block-column-is-layout-flow\">\n<figure class=\"wp-block-image aligncenter size-thumbnail is-resized\"><img decoding=\"async\" width=\"150\" height=\"150\" src=\"https:\/\/obera.fr\/wp-content\/uploads\/2022\/02\/Chimie-150x150.png\" alt=\"Chemie\" class=\"wp-image-8846\"\/><figcaption class=\"wp-element-caption\">Chemie<\/figcaption><\/figure>\n\n\n\n<figure class=\"wp-block-image aligncenter size-thumbnail is-resized\"><img decoding=\"async\" width=\"150\" height=\"150\" src=\"https:\/\/obera.fr\/wp-content\/uploads\/2022\/02\/Travail-du-bois-150x150.png\" alt=\"Holzbearbeitung\" class=\"wp-image-8856\"\/><figcaption class=\"wp-element-caption\">Holzbearbeitung<\/figcaption><\/figure>\n\n\n\n<figure class=\"wp-block-image aligncenter size-thumbnail is-resized\"><img decoding=\"async\" width=\"150\" height=\"150\" src=\"https:\/\/obera.fr\/wp-content\/uploads\/2023\/02\/sans-titre-2023-02-14t101920.185-150x150.png\" alt=\"Luftfahrt\" class=\"wp-image-18831\"\/><figcaption class=\"wp-element-caption\">Luftfahrt<\/figcaption><\/figure>\n<\/div>\n\n\n\n<div class=\"wp-block-column is-layout-flow wp-block-column-is-layout-flow\">\n<figure class=\"wp-block-image aligncenter size-thumbnail is-resized\"><img decoding=\"async\" width=\"150\" height=\"150\" src=\"https:\/\/obera.fr\/wp-content\/uploads\/2022\/02\/AGROALIMENTAIRE-150x150.png\" alt=\"Lebensmittelindustrie\" class=\"wp-image-8844\"\/><figcaption class=\"wp-element-caption\">Lebensmittelindustrie<\/figcaption><\/figure>\n\n\n\n<figure class=\"wp-block-image aligncenter size-thumbnail is-resized\"><img decoding=\"async\" width=\"150\" height=\"150\" src=\"https:\/\/obera.fr\/wp-content\/uploads\/2022\/02\/Papier-carton-150x150.png\" alt=\"Papier Karton\" class=\"wp-image-8853\"\/><figcaption class=\"wp-element-caption\">Papier\/Karton<\/figcaption><\/figure>\n\n\n\n<figure class=\"wp-block-image aligncenter size-thumbnail is-resized\"><img decoding=\"async\" width=\"150\" height=\"150\" src=\"https:\/\/obera.fr\/wp-content\/uploads\/2023\/02\/sans-titre-2023-02-14t101712.416-150x150.png\" alt=\"Automobil\" class=\"wp-image-18834\"\/><figcaption class=\"wp-element-caption\">Automobil<\/figcaption><\/figure>\n<\/div>\n<\/div>\n<\/div>\n<\/div>\n\n<figure class=\"wp-block-table\"><table class=\"has-fixed-layout\"><tbody><tr><td>Spannung<\/td><td>V-HZ<\/td><td>230<\/td><td>230-50<\/td><\/tr><tr><td>Leistung<\/td><td>kW<\/td><td>3&#215;1.1<\/td><td>3&#215;1.3<\/td><\/tr><tr><td>Maximaler Unterdruck<\/td><td>Pa<\/td><td>2.400 Pa<\/td><td>3.600 Pa<\/td><\/tr><tr><td>Max. Luftdurchsatz<\/td><td>m3\/h<\/td><td>540<\/td><td>450<\/td><\/tr><tr><td>Durchmesser des Mundst\u00fccks<\/td><td>mm<\/td><td>80<\/td><td>80<\/td><\/tr><tr><td>Filtertyp<\/td><td><\/td><td>Mit Sterntaschen<\/td><td>Mit Sterntaschen<\/td><\/tr><tr><td>Fl\u00e4che<\/td><td>cm2<\/td><td>20.000<\/td><td>20.000<\/td><\/tr><tr><td>Reinigungssystem<\/td><td><\/td><td>Manuel<\/td><td>Manuel<\/td><\/tr><tr><td>Erntebeh\u00e4lter<\/td><td><\/td><td>Stahl<\/td><td>Stahl<\/td><\/tr><tr><td>Entleerungssystem<\/td><td><\/td><td>Abnehmbarer Beh\u00e4lter<\/td><td>Abnehmbarer Beh\u00e4lter<\/td><\/tr><tr><td>Kapazit\u00e4t<\/td><td>Liter<\/td><td>65\/100<\/td><td>65\/100<\/td><\/tr><tr><td>Abmessungen<\/td><td>cm<\/td><td>58x60x135<\/td><td>58x60x145<\/td><\/tr><tr><td>Filtermaterial &#8211; Klasse<\/td><td><\/td><td><\/td><td>Polyester-L<\/td><\/tr><\/tbody><\/table><\/figure>\n\n<div class=\"wp-block-buttons is-content-justification-center is-layout-flex wp-container-core-buttons-is-layout-a89b3969 wp-block-buttons-is-layout-flex\">\n<div class=\"wp-block-button\"><a class=\"wp-block-button__link wp-element-button\" href=\"https:\/\/obera.fr\/wp-content\/uploads\/2024\/04\/obera_brochure-w3-fr.pdf\">PRODUKTDATENBLATT HERUNTERLADEN<\/a><\/div>\n<\/div>\n\n<h2 class=\"wp-block-heading\">Die Vorteile des W3 Staubsaugers<\/h2>\n\n<p>Die W3-Serie ist besonders beliebt f\u00fcr ihre Benutzerfreundlichkeit. Alles ist so konzipiert, dass der allgemeine Reinigungsdienst f\u00fcr den Betreiber so einfach wie m\u00f6glich ist. Er verf\u00fcgt unter anderem \u00fcber ein Vakuummeter mit LED-Anzeige, um eine S\u00e4ttigung des Filters zu erkennen. Am Motorkopf befinden sich zwei Griffe, mit denen Sie den Motor zum Auswechseln des Filters einfach anheben k\u00f6nnen. Der einphasige Staubsauger verf\u00fcgt au\u00dferdem \u00fcber ein manuelles Reinigungssystem, das mit einem einfachen Handgriff aktiviert werden kann, so dass der Oberfl\u00e4chentechniker die maximale Saugleistung nutzen kann.<\/p>\n\n<div class=\"wp-block-columns is-layout-flex wp-container-core-columns-is-layout-28f84493 wp-block-columns-is-layout-flex\">\n<div class=\"wp-block-column is-layout-flow wp-block-column-is-layout-flow\" style=\"flex-basis:33.34%\">\n<h3 class=\"wp-block-heading\">Vorteile :<\/h3>\n\n\n\n<ul class=\"wp-block-list\">\n<li>Vakuummeter mit LED-Anzeige, um eine S\u00e4ttigung des Filters vorherzusehen;<\/li>\n\n\n\n<li>Nach unten gerichteter Luftstrom ;<\/li>\n\n\n\n<li>Kompakt, mobil und wendig ;<\/li>\n\n\n\n<li>Vielseitig und leise.<\/li>\n<\/ul>\n<\/div>\n\n\n\n<div class=\"wp-block-column is-layout-flow wp-block-column-is-layout-flow\" style=\"flex-basis:33.34%\">\n<h3 class=\"wp-block-heading\">Besonderheiten :<\/h3>\n\n\n\n<ul class=\"wp-block-list\">\n<li>Drei einphasige Bypass-Motoren mit unabh\u00e4ngigen Schaltern ;<\/li>\n\n\n\n<li>Sternfilter aus Polyester ;<\/li>\n\n\n\n<li>Eine gro\u00dfe Auswahl an Filtern ist verf\u00fcgbar.<\/li>\n<\/ul>\n<\/div>\n\n\n\n<div class=\"wp-block-column is-layout-flow wp-block-column-is-layout-flow\" style=\"flex-basis:33.33%\">\n<h3 class=\"wp-block-heading\">Merkmale :<\/h3>\n\n\n\n<ul class=\"wp-block-list\">\n<li>Erh\u00e4ltlich in 65 Litern oder 100 Litern;<\/li>\n\n\n\n<li>3-st\u00f6ckige Version verf\u00fcgbar ;<\/li>\n\n\n\n<li>Schutz der Ansaugeinheit mit ihrem Sternfilter (Polyester).<\/li>\n<\/ul>\n<\/div>\n<\/div>\n\n<h2 class=\"wp-block-heading\">Testen Sie den einphasigen Industriestaubsauger f\u00fcr die allgemeine Reinigung<\/h2>\n\n<p>Wir bieten Ihnen einen Test in voller Gr\u00f6\u00dfe in Ihrem Betrieb mit Kaufoption f\u00fcr eine durchschnittliche Dauer von einem Monat.<\/p>\n\n<div class=\"wp-block-buttons is-content-justification-center is-layout-flex wp-container-core-buttons-is-layout-a89b3969 wp-block-buttons-is-layout-flex\">\n<div class=\"wp-block-button\"><a class=\"wp-block-button__link wp-element-button\" href=\"https:\/\/obera.fr\/de\/contact\/\">TESTEN SIE DEN STAUBSAUGER W2<\/a><\/div>\n<\/div>\n\n<h2 class=\"wp-block-heading\">Die anderen Industriesauger der Serie<\/h2>\n\n<div class=\"wp-block-columns is-layout-flex wp-container-core-columns-is-layout-28f84493 wp-block-columns-is-layout-flex\">\n<div class=\"wp-block-column is-layout-flow wp-block-column-is-layout-flow\">\n<figure class=\"wp-block-image aligncenter size-full is-resized\"><a href=\"https:\/\/obera.fr\/produits\/aspirateurs-industriels\/w2-xr-atex-22\/\"><img decoding=\"async\" width=\"566\" height=\"671\" src=\"https:\/\/obera.fr\/wp-content\/uploads\/2024\/10\/w2-xr-2.png\" alt=\"Industrieller Staubsauger\" class=\"wp-image-35431\" style=\"object-fit:cover;width:300px;height:300px\" srcset=\"https:\/\/obera.fr\/wp-content\/uploads\/2024\/10\/w2-xr-2.png 566w, https:\/\/obera.fr\/wp-content\/uploads\/2024\/10\/w2-xr-2-253x300.png 253w\" sizes=\"(max-width: 566px) 100vw, 566px\" \/><\/a><figcaption class=\"wp-element-caption\">W2 XR<\/figcaption><\/figure>\n<\/div>\n\n\n\n<div class=\"wp-block-column is-layout-flow wp-block-column-is-layout-flow\">\n<figure class=\"wp-block-image aligncenter size-full is-resized\"><a href=\"https:\/\/obera.fr\/produits\/aspirateurs-industriels\/w2-haute-filtration-polyvalence\/\"><img decoding=\"async\" width=\"711\" height=\"622\" src=\"https:\/\/obera.fr\/wp-content\/uploads\/2024\/10\/w2.png\" alt=\"Industrieller Staubsauger\" class=\"wp-image-35424\" style=\"width:343px;height:auto\" srcset=\"https:\/\/obera.fr\/wp-content\/uploads\/2024\/10\/w2.png 711w, https:\/\/obera.fr\/wp-content\/uploads\/2024\/10\/w2-300x262.png 300w\" sizes=\"(max-width: 711px) 100vw, 711px\" \/><\/a><figcaption class=\"wp-element-caption\">W2<\/figcaption><\/figure>\n<\/div>\n\n\n\n<div class=\"wp-block-column is-layout-flow wp-block-column-is-layout-flow\">\n<figure class=\"wp-block-image aligncenter size-full is-resized\"><a href=\"https:\/\/obera.fr\/produits\/aspirateurs-industriels\/ventilateurs-aspiration-gamme-eurosog-rg-100-800\/\"><img decoding=\"async\" width=\"600\" height=\"600\" src=\"https:\/\/obera.fr\/wp-content\/uploads\/2024\/04\/obera-ventilateur-aspiration-rg-300-400.jpg\" alt=\"obera Absaugventilator rg 300 400\" class=\"wp-image-29437\" style=\"object-fit:cover;width:300px;height:300px\" srcset=\"https:\/\/obera.fr\/wp-content\/uploads\/2024\/04\/obera-ventilateur-aspiration-rg-300-400.jpg 600w, https:\/\/obera.fr\/wp-content\/uploads\/2024\/04\/obera-ventilateur-aspiration-rg-300-400-300x300.jpg 300w, https:\/\/obera.fr\/wp-content\/uploads\/2024\/04\/obera-ventilateur-aspiration-rg-300-400-150x150.jpg 150w\" sizes=\"(max-width: 600px) 100vw, 600px\" \/><\/a><figcaption class=\"wp-element-caption\">RG 300\/400<\/figcaption><\/figure>\n<\/div>\n<\/div>\n","protected":false},"excerpt":{"rendered":"<p>Der W3 Industriesauger ist eine leistungsstarke und einfach zu bedienende L\u00f6sung f\u00fcr die allgemeine Reinigung, die sich an alle Bed\u00fcrfnisse anpasst. Prinzip und Anwendungsbereich des W3 Industriestaubsaugers DerW3 Industriesauger ist f\u00fcr seine Vielseitigkeit und seinen leisen Betrieb bekannt. Die Luft wird angesaugt und in zwei Str\u00f6me aufgeteilt: Ein Strom wird zur K\u00fchlung des Motors verwendet, der zweite zur Absaugung von Staub und Feststoffen. Ein Ansaugsystem, das nicht nur den Motor vor Verschmutzung sch\u00fctzt, sondern auch feine Partikel zur\u00fcckh\u00e4lt, indem der Luftstrom durch den Staubfilter geleitet wird. Die Bypass-Motoren der W3-Serie bieten daher eine hohe Saugleistung, weniger Wartung und eine l\u00e4ngere &#8230; <\/p>\n<p class=\"read-more-container\"><a title=\"W3 Industriestaubsauger\" class=\"read-more button\" href=\"https:\/\/obera.fr\/de\/produits\/aspirateurs-industriels\/w3-pour-nettoyage-general\/#more-32158\" aria-label=\"Mehr Informationen \u00fcber W3 Industriestaubsauger\">Lire la suite<\/a><\/p>\n","protected":false},"author":4,"featured_media":83739,"parent":32135,"menu_order":0,"comment_status":"closed","ping_status":"closed","template":"","meta":{"_acf_changed":false,"_seopress_robots_primary_cat":"","_seopress_titles_title":"W3 Industriesauger f\u00fcr die allgemeine Reinigung OberA","_seopress_titles_desc":"Die W3-Serie ist f\u00fcr die allgemeine Reinigung unerl\u00e4sslich und verf\u00fcgt \u00fcber drei einphasige Motoren, die Leistung und Bedienkomfort kombinieren.","_seopress_robots_index":"","footnotes":""},"class_list":{"0":"post-32158","1":"page","2":"type-page","3":"status-publish","4":"has-post-thumbnail","6":"no-featured-image-padding","7":"resize-featured-image"},"acf":[],"_links":{"self":[{"href":"https:\/\/obera.fr\/de\/wp-json\/wp\/v2\/pages\/32158","targetHints":{"allow":["GET"]}}],"collection":[{"href":"https:\/\/obera.fr\/de\/wp-json\/wp\/v2\/pages"}],"about":[{"href":"https:\/\/obera.fr\/de\/wp-json\/wp\/v2\/types\/page"}],"author":[{"embeddable":true,"href":"https:\/\/obera.fr\/de\/wp-json\/wp\/v2\/users\/4"}],"replies":[{"embeddable":true,"href":"https:\/\/obera.fr\/de\/wp-json\/wp\/v2\/comments?post=32158"}],"version-history":[{"count":12,"href":"https:\/\/obera.fr\/de\/wp-json\/wp\/v2\/pages\/32158\/revisions"}],"predecessor-version":[{"id":107487,"href":"https:\/\/obera.fr\/de\/wp-json\/wp\/v2\/pages\/32158\/revisions\/107487"}],"up":[{"embeddable":true,"href":"https:\/\/obera.fr\/de\/wp-json\/wp\/v2\/pages\/32135"}],"wp:featuredmedia":[{"embeddable":true,"href":"https:\/\/obera.fr\/de\/wp-json\/wp\/v2\/media\/83739"}],"wp:attachment":[{"href":"https:\/\/obera.fr\/de\/wp-json\/wp\/v2\/media?parent=32158"}],"curies":[{"name":"wp","href":"https:\/\/api.w.org\/{rel}","templated":true}]}}