{"id":32165,"date":"2024-04-05T23:11:29","date_gmt":"2024-04-05T21:11:29","guid":{"rendered":"https:\/\/obera.fr\/produkte\/industriestaubsauger\/absaugventilatoren-die-eurosog-rg-100-800-serie\/"},"modified":"2025-06-03T11:24:30","modified_gmt":"2025-06-03T09:24:30","slug":"ventilateurs-aspiration-gamme-eurosog-rg-100-800","status":"publish","type":"page","link":"https:\/\/obera.fr\/de\/produits\/aspirateurs-industriels\/ventilateurs-aspiration-gamme-eurosog-rg-100-800\/","title":{"rendered":"Absaugventilatoren: die EUROSOG RG 100-800 Serie"},"content":{"rendered":"\n<p>Unsere kompakten Ventilatoren der Serie RG 100 bis RG 800 sorgen f\u00fcr eine ges\u00fcndere Umgebung, indem sie die schlechte Luft in Ihren Arbeitsr\u00e4umen absaugen und ausblasen.<\/p>\n\n\n\n<h2 class=\"wp-block-heading\">RG-Serie: Betrieb und Nutzung von Abluftventilatoren<\/h2>\n\n\n\n<div class=\"wp-block-columns is-layout-flex wp-container-core-columns-is-layout-28f84493 wp-block-columns-is-layout-flex\">\n<div class=\"wp-block-column is-layout-flow wp-block-column-is-layout-flow\" style=\"flex-basis:33.33%\">\n<figure class=\"wp-block-image size-full\"><img decoding=\"async\" width=\"600\" height=\"600\" src=\"https:\/\/obera.fr\/wp-content\/uploads\/2024\/04\/obera-ventilateur-aspiration-rg-300-400.jpg\" alt=\"obera Absaugventilator rg 300 400\" class=\"wp-image-29437\" srcset=\"https:\/\/obera.fr\/wp-content\/uploads\/2024\/04\/obera-ventilateur-aspiration-rg-300-400.jpg 600w, https:\/\/obera.fr\/wp-content\/uploads\/2024\/04\/obera-ventilateur-aspiration-rg-300-400-300x300.jpg 300w, https:\/\/obera.fr\/wp-content\/uploads\/2024\/04\/obera-ventilateur-aspiration-rg-300-400-150x150.jpg 150w\" sizes=\"(max-width: 600px) 100vw, 600px\" \/><\/figure>\n<\/div>\n\n\n\n<div class=\"wp-block-column is-layout-flow wp-block-column-is-layout-flow\" style=\"flex-basis:66.66%\">\n<p>Die Ventilatoren der RG-Serie (100, 200, 300, 400, 500, 600, 700, 800) sind L\u00f6sungen f\u00fcr die Absaugung von Staub, Rauch und anderen Schadstoffen, die in Ihren Produktionsst\u00e4tten entstehen. Sie erm\u00f6glichen die Zirkulation von sauberer Luft und Druckentlastung. Das vielseitige und kompakte System saugt die Luft an, indem es durch einen Elektromotor im Geh\u00e4use einen Unterdruck am Eingang des Ventilators erzeugt (Drehung des Fl\u00fcgelrades). Das Geh\u00e4use kanalisiert die angesaugte Luft und bl\u00e4st sie zum Auslass (im Freien), um sie aus dem Arbeitsbereich zu evakuieren. Die RG-Serie kann einen oder mehrere Arbeitspl\u00e4tze\/Maschinen gleichzeitig saugen.      <\/p>\n\n\n\n<p>F\u00fcr welchen Zweck? Diese Ger\u00e4te sind ideal f\u00fcr alle Arten von Industrien, da sie Staub, Gase, Ger\u00fcche und Rauch absaugen k\u00f6nnen. Sie k\u00f6nnen mit Filtern ausgestattet werden, um Feinstaub aufzufangen.  <\/p>\n\n\n\n<div class=\"wp-block-columns is-layout-flex wp-container-core-columns-is-layout-28f84493 wp-block-columns-is-layout-flex\">\n<div class=\"wp-block-column is-layout-flow wp-block-column-is-layout-flow\" style=\"flex-basis:30%\">\n<div class=\"wp-block-buttons is-layout-flex wp-block-buttons-is-layout-flex\">\n<div class=\"wp-block-button\"><a class=\"wp-block-button__link wp-element-button\" href=\"https:\/\/obera.fr\/wp-content\/uploads\/2025\/06\/brochure-rg-100-800-de.pdf\">BROSCH\u00dcRE HERUNTERLADEN<\/a><\/div>\n<\/div>\n<\/div>\n\n\n\n<div class=\"wp-block-column is-layout-flow wp-block-column-is-layout-flow\" style=\"flex-basis:30%\">\n<div class=\"wp-block-buttons is-layout-flex wp-block-buttons-is-layout-flex\">\n<div class=\"wp-block-button\"><a class=\"wp-block-button__link wp-element-button\" href=\"https:\/\/obera.fr\/contact\/\">BRAUCHEN SIE EINE PERS\u00d6NLICHE BERATUNG?<\/a><\/div>\n<\/div>\n<\/div>\n\n\n\n<div class=\"wp-block-column is-layout-flow wp-block-column-is-layout-flow\" style=\"flex-basis:30%\">\n<div class=\"wp-block-buttons is-content-justification-center is-layout-flex wp-container-core-buttons-is-layout-a89b3969 wp-block-buttons-is-layout-flex\">\n<div class=\"wp-block-button btn-devis-source\"><a class=\"wp-block-button__link wp-element-button\" href=\"https:\/\/obera.fr\/de\/angebotsanfrage\/\">Angebotsanfrage<\/a><\/div>\n<\/div>\n\n\n<script>\r\ndocument.addEventListener('DOMContentLoaded', function() {\r\n    \/\/ 1. On cherche le titre H1 de la page\r\n    var h1 = document.querySelector('h1');\r\n    var productTitle = h1 ? h1.innerText.trim() : \"\";\r\n\r\n    \/\/ 2. On cherche les boutons via la classe CSS .btn-devis-source\r\n    var buttons = document.querySelectorAll('.btn-devis-source a');\r\n\r\n    \/\/ 3. Si on a le titre et les boutons, on ajoute le param\u00e8tre\r\n    if (buttons.length > 0 && productTitle !== \"\") {\r\n        var encodedTitle = encodeURIComponent(productTitle);\r\n\r\n        buttons.forEach(function(btn) {\r\n            var currentHref = btn.getAttribute('href');\r\n            \r\n            \/\/ S\u00e9curit\u00e9 pour ne pas ajouter le param\u00e8tre 2 fois\r\n            if (currentHref.indexOf('sujet=') === -1) {\r\n                var separator = currentHref.indexOf('?') !== -1 ? '&' : '?';\r\n                var newLink = currentHref + separator + 'sujet=' + encodedTitle;\r\n                \r\n                btn.setAttribute('href', newLink);\r\n            }\r\n        });\r\n    }\r\n});\r\n<\/script><\/div>\n<\/div>\n<\/div>\n<\/div>\n\n\n\n<h2 class=\"wp-block-heading\">Was sind die technischen Daten der OberA Absaugventilatoren?<\/h2>\n\n\n\n<p>Die RG-Serie bietet verschiedene Motorleistungen von 0,55 kW bis 7,5 kW. So k\u00f6nnen Sie das Modell des Abluftventilators finden, das am besten f\u00fcr Ihre Fl\u00e4che geeignet ist.   <\/p>\n\n\n\n<p>Die Ventilatoren sind aus robusten Materialien gefertigt und optional in lebensmittelechtem Edelstahl f\u00fcr die Lebensmittelindustrie erh\u00e4ltlich, um Korrosion und Staubsch\u00e4den zu vermeiden. Eine weitere Option ist eine funkenfreie Version f\u00fcr Aktivit\u00e4ten, bei denen entflammbarer Staub entsteht. <\/p>\n\n\n\n<blockquote class=\"wp-block-quote is-layout-flow wp-block-quote-is-layout-flow\">\n<p>Gut zu wissen: Unsere Absaugl\u00f6sungen k\u00f6nnen mit unseren Abluftsystemen kombiniert werden. Je nach Ihren Bed\u00fcrfnissen (Art der Schadstoffe, Fl\u00e4che, Branche) empfehlen wir Ihnen die bestm\u00f6gliche Kombination, um eine m\u00f6glichst optimale Luftabsaugung und Lufterneuerung zu gew\u00e4hrleisten. <\/p>\n<\/blockquote>\n\n\n\n<p>Mit Abmessungen von L535 x B450 x H480 f\u00fcr die kompakteste Version bis L820 x B1.000 x H1.198 f\u00fcr das gr\u00f6\u00dfte Modell sind die RG 100 bis RG 800 Ventilatoren platzsparende Ger\u00e4te. F\u00fcr den Komfort der Arbeiter bieten sie auch einen niedrigen Ger\u00e4uschpegel von 83 dB(A) bis 84 dB(A). <\/p>\n\n\n\n<h3 class=\"wp-block-heading has-text-align-center\">INDUSTRIES<\/h3>\n\n\n\n<div class=\"wp-block-columns is-layout-flex wp-container-core-columns-is-layout-28f84493 wp-block-columns-is-layout-flex\">\n<div class=\"wp-block-column is-layout-flow wp-block-column-is-layout-flow\">\n<hr class=\"wp-block-separator has-alpha-channel-opacity\"\/>\n\n\n\n<div class=\"wp-block-columns is-layout-flex wp-container-core-columns-is-layout-28f84493 wp-block-columns-is-layout-flex\">\n<div class=\"wp-block-column is-layout-flow wp-block-column-is-layout-flow\">\n<figure class=\"wp-block-image aligncenter size-thumbnail is-resized\"><img decoding=\"async\" width=\"150\" height=\"150\" src=\"https:\/\/obera.fr\/wp-content\/uploads\/2022\/02\/Textile-150x150.png\" alt=\"Textilien\" class=\"wp-image-8855\"\/><figcaption class=\"wp-element-caption\">Textilien<\/figcaption><\/figure>\n\n\n\n<figure class=\"wp-block-image aligncenter size-thumbnail is-resized\"><img decoding=\"async\" width=\"150\" height=\"150\" src=\"https:\/\/obera.fr\/wp-content\/uploads\/2022\/02\/Plastique-150x150.png\" alt=\"Kunststoff\" class=\"wp-image-8854\"\/><figcaption class=\"wp-element-caption\">Kunststoff<\/figcaption><\/figure>\n<\/div>\n\n\n\n<div class=\"wp-block-column is-layout-flow wp-block-column-is-layout-flow\">\n<figure class=\"wp-block-image aligncenter size-thumbnail is-resized\"><img decoding=\"async\" width=\"150\" height=\"150\" src=\"https:\/\/obera.fr\/wp-content\/uploads\/2022\/02\/MINERAIS-150x150.png\" alt=\"Erze\" class=\"wp-image-8847\"\/><figcaption class=\"wp-element-caption\">Erze<\/figcaption><\/figure>\n\n\n\n<figure class=\"wp-block-image aligncenter size-thumbnail is-resized\"><img decoding=\"async\" width=\"150\" height=\"150\" src=\"https:\/\/obera.fr\/wp-content\/uploads\/2022\/02\/Metalurgie-150x150.png\" alt=\"Metallurgie\" class=\"wp-image-8857\"\/><figcaption class=\"wp-element-caption\">Metallurgie<\/figcaption><\/figure>\n\n\n\n<figure class=\"wp-block-image aligncenter size-thumbnail is-resized\"><img decoding=\"async\" width=\"150\" height=\"150\" src=\"https:\/\/obera.fr\/wp-content\/uploads\/2023\/02\/sans-titre-2023-02-14t102211.641-150x150.png\" alt=\"Landwirtschaft\" class=\"wp-image-18828\"\/><figcaption class=\"wp-element-caption\">Landwirtschaft<\/figcaption><\/figure>\n<\/div>\n<\/div>\n<\/div>\n\n\n\n<div class=\"wp-block-column is-layout-flow wp-block-column-is-layout-flow\">\n<hr class=\"wp-block-separator has-alpha-channel-opacity\"\/>\n\n\n\n<div class=\"wp-block-columns is-layout-flex wp-container-core-columns-is-layout-28f84493 wp-block-columns-is-layout-flex\">\n<div class=\"wp-block-column is-layout-flow wp-block-column-is-layout-flow\">\n<figure class=\"wp-block-image aligncenter size-thumbnail is-resized\"><img decoding=\"async\" width=\"150\" height=\"150\" src=\"https:\/\/obera.fr\/wp-content\/uploads\/2022\/02\/Chimie-150x150.png\" alt=\"Chemie\" class=\"wp-image-8846\"\/><figcaption class=\"wp-element-caption\">Chemie<\/figcaption><\/figure>\n\n\n\n<figure class=\"wp-block-image aligncenter size-thumbnail is-resized\"><img decoding=\"async\" width=\"150\" height=\"150\" src=\"https:\/\/obera.fr\/wp-content\/uploads\/2022\/02\/Travail-du-bois-150x150.png\" alt=\"Holzbearbeitung\" class=\"wp-image-8856\"\/><figcaption class=\"wp-element-caption\">Holzbearbeitung<\/figcaption><\/figure>\n\n\n\n<figure class=\"wp-block-image aligncenter size-thumbnail is-resized\"><img decoding=\"async\" width=\"150\" height=\"150\" src=\"https:\/\/obera.fr\/wp-content\/uploads\/2023\/02\/sans-titre-2023-02-14t101920.185-150x150.png\" alt=\"Luftfahrt\" class=\"wp-image-18831\"\/><figcaption class=\"wp-element-caption\">Luftfahrt<\/figcaption><\/figure>\n<\/div>\n\n\n\n<div class=\"wp-block-column is-layout-flow wp-block-column-is-layout-flow\">\n<figure class=\"wp-block-image aligncenter size-thumbnail is-resized\"><img decoding=\"async\" width=\"150\" height=\"150\" src=\"https:\/\/obera.fr\/wp-content\/uploads\/2022\/02\/AGROALIMENTAIRE-150x150.png\" alt=\"Lebensmittelindustrie\" class=\"wp-image-8844\"\/><figcaption class=\"wp-element-caption\">Lebensmittelindustrie<\/figcaption><\/figure>\n\n\n\n<figure class=\"wp-block-image aligncenter size-thumbnail is-resized\"><img decoding=\"async\" width=\"150\" height=\"150\" src=\"https:\/\/obera.fr\/wp-content\/uploads\/2022\/02\/Papier-carton-150x150.png\" alt=\"Papier Karton\" class=\"wp-image-8853\"\/><figcaption class=\"wp-element-caption\">Papier\/Karton<\/figcaption><\/figure>\n\n\n\n<figure class=\"wp-block-image aligncenter size-thumbnail is-resized\"><img decoding=\"async\" width=\"150\" height=\"150\" src=\"https:\/\/obera.fr\/wp-content\/uploads\/2023\/02\/sans-titre-2023-02-14t101712.416-150x150.png\" alt=\"Automobil\" class=\"wp-image-18834\"\/><figcaption class=\"wp-element-caption\">Automobil<\/figcaption><\/figure>\n<\/div>\n<\/div>\n<\/div>\n<\/div>\n\n\n\n<figure class=\"wp-block-table\"><table class=\"has-fixed-layout\"><thead><tr><th><br>100<\/th><th>200<\/th><th>300<\/th><th>400<\/th><th>500<\/th><th>600<\/th><th>700<\/th><th>800<\/th><\/tr><\/thead><tbody><tr><td>Maximaler Durchfluss m3\/h<\/td><td>1.000<\/td><td>2.000<\/td><td>3.000<\/td><td>3.200<\/td><td>4.000<\/td><td>5.5000<\/td><td>7.000<\/td><td>8.000<\/td><\/tr><tr><td>Anschluss-\/Ausgangsdurchmesser mm<\/td><td>100<\/td><td>150<\/td><td>180<\/td><td>250\/315<\/td><td>250\/315<\/td><td>315\/355<\/td><td>315\/400<\/td><td>355\/400<\/td><\/tr><tr><td>Maximaler Unterdruck Pa<\/td><td>1.400<\/td><td>1.600<\/td><td>2.300<\/td><td>3.150<\/td><td>3.400<\/td><td>3.400<\/td><td>3.400<\/td><td>3.950<\/td><\/tr><tr><td>Versorgungsspannung V<\/td><td>400<\/td><td>400<\/td><td>400<\/td><td>400<\/td><td>400<\/td><td>400<\/td><td>400<\/td><td>400<\/td><\/tr><tr><td>Leistung kW<\/td><td>0.5<\/td><td>1.1<\/td><td>2.2<\/td><td>3.0<\/td><td>4.0<\/td><td>5.5<\/td><td>5.5<\/td><td>7.5<\/td><\/tr><tr><td>Abmessungen (L\/B\/H)<\/td><td>535x450x480<\/td><td>595x520x555<\/td><td>640x535x610<\/td><td>711x700x1.012<\/td><td>711x700x1.012<\/td><td>737x700x1.062<\/td><td>762x700x1.062<\/td><td>820&#215;1.000&#215;1.198<\/td><\/tr><tr><td>Ger\u00e4uschpegel dB(A)<\/td><td>80<\/td><td>82<\/td><td>84<\/td><td>84<\/td><td>84<\/td><td>84<\/td><td>83<\/td><td>84<\/td><\/tr><\/tbody><\/table><\/figure>\n\n\n\n<div class=\"wp-block-buttons is-content-justification-center is-layout-flex wp-container-core-buttons-is-layout-a89b3969 wp-block-buttons-is-layout-flex\">\n<div class=\"wp-block-button\"><a class=\"wp-block-button__link wp-element-button\" href=\"https:\/\/obera.fr\/wp-content\/uploads\/2025\/03\/brochure-rg-100-800-de.pdf\">PRODUKTDATENBLATT HERUNTERLADEN<\/a><\/div>\n<\/div>\n\n\n\n<h2 class=\"wp-block-heading\">Fokus auf die Vorteile der Ventilatoren RG 100 bis RG 800<\/h2>\n\n\n\n<p>Die Vorteile sind in erster Linie menschlicher Natur, da es sich um eine L\u00f6sung handelt, die die Luftqualit\u00e4t und die Sicherheit Ihrer Mitarbeiter erheblich verbessert. Der Ger\u00e4uschpegel ist niedrig, um die Produktivit\u00e4t der Mitarbeiter zu gew\u00e4hrleisten.   <\/p>\n\n\n\n<p>Eine gute Staub- und Rauchabsaugung verringert auch das Risiko von Br\u00e4nden und Explosionen, die entstehen k\u00f6nnen, wenn Staub mit Funken in Ber\u00fchrung kommt oder Produktionsmaschinen verstopft.<\/p>\n\n\n\n<p>Trotz ihres kompakten Designs sind die RG-Serie Absaugventilatoren alle leistungsstark und stellen eine geringe Investition dar, um saubere Luft in Ihren Werkst\u00e4tten zu genie\u00dfen.<\/p>\n\n\n\n<div class=\"wp-block-columns is-layout-flex wp-container-core-columns-is-layout-28f84493 wp-block-columns-is-layout-flex\">\n<div class=\"wp-block-column is-layout-flow wp-block-column-is-layout-flow\" style=\"flex-basis:33.34%\">\n<h3 class=\"wp-block-heading\">Vorteile :<\/h3>\n\n\n\n<ul class=\"wp-block-list\">\n<li>Niedrige Betriebskosten ;<\/li>\n\n\n\n<li>Robuste Konstruktion.<\/li>\n<\/ul>\n<\/div>\n\n\n\n<div class=\"wp-block-column is-layout-flow wp-block-column-is-layout-flow\" style=\"flex-basis:33.34%\">\n<h3 class=\"wp-block-heading\">Besonderheiten :<\/h3>\n\n\n\n<ul class=\"wp-block-list\">\n<li>Kompaktes Design ;<\/li>\n\n\n\n<li>Absaugung an einem oder mehreren Arbeitspl\u00e4tzen oder Maschinen ;<\/li>\n\n\n\n<li>Kombination mit einem Staubabscheider oder einem Abluftsystem m\u00f6glich.<\/li>\n<\/ul>\n<\/div>\n\n\n\n<div class=\"wp-block-column is-layout-flow wp-block-column-is-layout-flow\" style=\"flex-basis:33.33%\">\n<h3 class=\"wp-block-heading\">Merkmale :<\/h3>\n\n\n\n<ul class=\"wp-block-list\">\n<li>Ein breites Spektrum an Motorleistungen, um den Bed\u00fcrfnissen der Industrie gerecht zu werden;<\/li>\n\n\n\n<li>Optional: Lebensmitteltauglicher Edelstahl, Wechselstrom (RG 100 und RG 200), linksseitiger Motor, variabler Auslassdurchmesser, schalld\u00e4mpfendes und wasserdichtes Geh\u00e4use f\u00fcr die Aufstellung im Freien.<\/li>\n<\/ul>\n<\/div>\n<\/div>\n\n\n\n<div class=\"wp-block-buttons is-horizontal is-content-justification-center is-layout-flex wp-container-core-buttons-is-layout-03627597 wp-block-buttons-is-layout-flex\">\n<div class=\"wp-block-button\"><a class=\"wp-block-button__link wp-element-button\" href=\"https:\/\/obera.fr\/de\/contact\/\">Weitere Informationen<\/a><\/div>\n<\/div>\n\n\n\n<h2 class=\"wp-block-heading\">Die anderen Industriesauger der Serie<\/h2>\n\n\n\n<div class=\"wp-block-columns is-layout-flex wp-container-core-columns-is-layout-28f84493 wp-block-columns-is-layout-flex\">\n<div class=\"wp-block-column is-layout-flow wp-block-column-is-layout-flow\">\n<figure class=\"wp-block-image aligncenter size-full is-resized\"><img decoding=\"async\" width=\"566\" height=\"671\" src=\"https:\/\/obera.fr\/wp-content\/uploads\/2024\/10\/w2-xr-2.png\" alt=\"Industrieller Staubsauger\" class=\"wp-image-35431\" style=\"aspect-ratio:1;object-fit:cover;width:282px;height:auto\" srcset=\"https:\/\/obera.fr\/wp-content\/uploads\/2024\/10\/w2-xr-2.png 566w, https:\/\/obera.fr\/wp-content\/uploads\/2024\/10\/w2-xr-2-253x300.png 253w\" sizes=\"(max-width: 566px) 100vw, 566px\" \/><figcaption class=\"wp-element-caption\">W2 XR<\/figcaption><\/figure>\n<\/div>\n\n\n\n<div class=\"wp-block-column is-layout-flow wp-block-column-is-layout-flow\">\n<figure class=\"wp-block-image aligncenter size-full is-resized\"><img decoding=\"async\" width=\"711\" height=\"622\" src=\"https:\/\/obera.fr\/wp-content\/uploads\/2024\/10\/w2.png\" alt=\"Industrieller Staubsauger\" class=\"wp-image-35424\" style=\"object-fit:cover;width:300px;height:300px\" srcset=\"https:\/\/obera.fr\/wp-content\/uploads\/2024\/10\/w2.png 711w, https:\/\/obera.fr\/wp-content\/uploads\/2024\/10\/w2-300x262.png 300w\" sizes=\"(max-width: 711px) 100vw, 711px\" \/><figcaption class=\"wp-element-caption\">W2<\/figcaption><\/figure>\n<\/div>\n\n\n\n<div class=\"wp-block-column is-layout-flow wp-block-column-is-layout-flow\">\n<figure class=\"wp-block-image aligncenter size-full is-resized\"><img decoding=\"async\" width=\"658\" height=\"652\" src=\"https:\/\/obera.fr\/wp-content\/uploads\/2024\/10\/w3.png\" alt=\"w3\" class=\"wp-image-35427\" style=\"object-fit:cover;width:300px;height:300px\" srcset=\"https:\/\/obera.fr\/wp-content\/uploads\/2024\/10\/w3.png 658w, https:\/\/obera.fr\/wp-content\/uploads\/2024\/10\/w3-300x297.png 300w, https:\/\/obera.fr\/wp-content\/uploads\/2024\/10\/w3-150x150.png 150w, https:\/\/obera.fr\/wp-content\/uploads\/2024\/10\/w3-24x24.png 24w, https:\/\/obera.fr\/wp-content\/uploads\/2024\/10\/w3-48x48.png 48w, https:\/\/obera.fr\/wp-content\/uploads\/2024\/10\/w3-96x96.png 96w\" sizes=\"(max-width: 658px) 100vw, 658px\" \/><figcaption class=\"wp-element-caption\">W3<\/figcaption><\/figure>\n<\/div>\n<\/div>\n\n\n\n<p><\/p>\n","protected":false},"excerpt":{"rendered":"<p>Unsere kompakten Ventilatoren der Serie RG 100 bis RG 800 sorgen f\u00fcr eine ges\u00fcndere Umgebung, indem sie die schlechte Luft in Ihren Arbeitsr\u00e4umen absaugen und ausblasen. RG-Serie: Betrieb und Nutzung von Abluftventilatoren Die Ventilatoren der RG-Serie (100, 200, 300, 400, 500, 600, 700, 800) sind L\u00f6sungen f\u00fcr die Absaugung von Staub, Rauch und anderen Schadstoffen, die in Ihren Produktionsst\u00e4tten entstehen. Sie erm\u00f6glichen die Zirkulation von sauberer Luft und Druckentlastung. Das vielseitige und kompakte System saugt die Luft an, indem es durch einen Elektromotor im Geh\u00e4use einen Unterdruck am Eingang des Ventilators erzeugt (Drehung des Fl\u00fcgelrades). Das Geh\u00e4use kanalisiert die angesaugte &#8230; <\/p>\n<p class=\"read-more-container\"><a title=\"Absaugventilatoren: die EUROSOG RG 100-800 Serie\" class=\"read-more button\" href=\"https:\/\/obera.fr\/de\/produits\/aspirateurs-industriels\/ventilateurs-aspiration-gamme-eurosog-rg-100-800\/#more-32165\" aria-label=\"Mehr Informationen \u00fcber Absaugventilatoren: die EUROSOG RG 100-800 Serie\">Lire la suite<\/a><\/p>\n","protected":false},"author":4,"featured_media":83739,"parent":32135,"menu_order":0,"comment_status":"closed","ping_status":"closed","template":"","meta":{"_acf_changed":false,"_seopress_robots_primary_cat":"","_seopress_titles_title":"Absaugventilatoren EUROSOG RG - OberA","_seopress_titles_desc":"Entdecken Sie die Saugeinheiten RG 100 bis RG 800. Sie wurden entwickelt, um die Luftqualit\u00e4t durch die Absaugung von Staub, Ger\u00fcchen, Rauch und Gasen erheblich zu verbessern.","_seopress_robots_index":"","footnotes":""},"class_list":{"0":"post-32165","1":"page","2":"type-page","3":"status-publish","4":"has-post-thumbnail","6":"no-featured-image-padding","7":"resize-featured-image"},"acf":[],"_links":{"self":[{"href":"https:\/\/obera.fr\/de\/wp-json\/wp\/v2\/pages\/32165","targetHints":{"allow":["GET"]}}],"collection":[{"href":"https:\/\/obera.fr\/de\/wp-json\/wp\/v2\/pages"}],"about":[{"href":"https:\/\/obera.fr\/de\/wp-json\/wp\/v2\/types\/page"}],"author":[{"embeddable":true,"href":"https:\/\/obera.fr\/de\/wp-json\/wp\/v2\/users\/4"}],"replies":[{"embeddable":true,"href":"https:\/\/obera.fr\/de\/wp-json\/wp\/v2\/comments?post=32165"}],"version-history":[{"count":6,"href":"https:\/\/obera.fr\/de\/wp-json\/wp\/v2\/pages\/32165\/revisions"}],"predecessor-version":[{"id":107626,"href":"https:\/\/obera.fr\/de\/wp-json\/wp\/v2\/pages\/32165\/revisions\/107626"}],"up":[{"embeddable":true,"href":"https:\/\/obera.fr\/de\/wp-json\/wp\/v2\/pages\/32135"}],"wp:featuredmedia":[{"embeddable":true,"href":"https:\/\/obera.fr\/de\/wp-json\/wp\/v2\/media\/83739"}],"wp:attachment":[{"href":"https:\/\/obera.fr\/de\/wp-json\/wp\/v2\/media?parent=32165"}],"curies":[{"name":"wp","href":"https:\/\/api.w.org\/{rel}","templated":true}]}}