{"id":32167,"date":"2020-08-26T12:33:11","date_gmt":"2020-08-26T10:33:11","guid":{"rendered":"https:\/\/obera.fr\/produkte\/oelnebelfilter\/"},"modified":"2025-04-22T09:37:57","modified_gmt":"2025-04-22T07:37:57","slug":"filtres-brouillard-huile","status":"publish","type":"page","link":"https:\/\/obera.fr\/de\/produits\/filtres-brouillard-huile\/","title":{"rendered":"\u00d6lnebelfilter"},"content":{"rendered":"\n<p>Ein <strong>Hochleistungs-\u00d6lnebelfilter<\/strong>, der direkt an die Produktionsmaschine angeschlossen werden kann.<\/p>\n\n<h2 class=\"wp-block-heading\" id=\"notre-gamme-de-filtres-a-brouillard-d-huile\">Unser Angebot an \u00d6lnebelfiltern<\/h2>\n\n<div class=\"wp-block-columns is-layout-flex wp-container-core-columns-is-layout-28f84493 wp-block-columns-is-layout-flex\">\n<div class=\"wp-block-column is-vertically-aligned-top is-layout-flow wp-block-column-is-layout-flow\">\n<h3 class=\"wp-block-heading has-text-align-center\" id=\"oilmac\"><a href=\"https:\/\/obera.fr\/de\/produits\/filtres-brouillard-huile\/oilmac\/\">Oilmac<\/a><\/h3>\n\n\n\n<figure class=\"wp-block-image aligncenter size-medium\"><a href=\"https:\/\/obera.fr\/produits\/filtres-brouillard-huile\/oilmac\/\"><img decoding=\"async\" width=\"300\" height=\"300\" src=\"https:\/\/obera.fr\/wp-content\/uploads\/2020\/08\/filtre-compact-OILMAC-300x300.png\" alt=\"Oilmac Kompaktfilter\" class=\"wp-image-641\" srcset=\"https:\/\/obera.fr\/wp-content\/uploads\/2020\/08\/filtre-compact-OILMAC-300x300.png 300w, https:\/\/obera.fr\/wp-content\/uploads\/2020\/08\/filtre-compact-OILMAC-150x150.png 150w, https:\/\/obera.fr\/wp-content\/uploads\/2020\/08\/filtre-compact-OILMAC.png 600w\" sizes=\"(max-width: 300px) 100vw, 300px\" \/><\/a><\/figure>\n\n\n\n<p><strong>OILMAC <\/strong>ist ein <a href=\"https:\/\/obera.fr\/de\/produits\/filtres-brouillard-huile\/oilmac\/\" data-type=\"page\" data-id=\"585\">kompakter und leistungsstarker Filter<\/a>, der \u00d6l- und Emulsionsnebel, Rauch und Aerosole behandeln kann. Normalerweise wird das Ger\u00e4t direkt an der Produktionsmaschine installiert und \u00fcber einen flexiblen Schlauch angeschlossen.  <\/p>\n\n\n\n<p>Mit einer vierstufigen Hochleistungsfilterung, einschlie\u00dflich eines HEPA 13 Endfilters, werden Partikel zu 99,95% herausgefiltert und die Luft kann direkt in den Arbeitsbereich zur\u00fcckgef\u00fchrt werden. Der Wartungsaufwand ist geringer, da die Filter ohne Werkzeug ausgetauscht werden k\u00f6nnen. <\/p>\n<\/div>\n\n\n\n<div class=\"wp-block-column is-vertically-aligned-top is-layout-flow wp-block-column-is-layout-flow\">\n<h3 class=\"wp-block-heading has-text-align-center\" id=\"afs\"><a href=\"https:\/\/obera.fr\/de\/produits\/filtres-brouillard-huile\/afs\/\">AFS<\/a><\/h3>\n\n\n\n<figure class=\"wp-block-image aligncenter size-medium\"><a href=\"https:\/\/obera.fr\/produits\/filtres-brouillard-huile\/afs\/\"><img decoding=\"async\" width=\"300\" height=\"300\" src=\"https:\/\/obera.fr\/wp-content\/uploads\/2020\/08\/AFS-installation-centralisee-brouillards-huiles-300x300.png\" alt=\"Afs-Zentralinstallations-&#xD6;lnebel\" class=\"wp-image-643\" srcset=\"https:\/\/obera.fr\/wp-content\/uploads\/2020\/08\/AFS-installation-centralisee-brouillards-huiles-300x300.png 300w, https:\/\/obera.fr\/wp-content\/uploads\/2020\/08\/AFS-installation-centralisee-brouillards-huiles-150x150.png 150w, https:\/\/obera.fr\/wp-content\/uploads\/2020\/08\/AFS-installation-centralisee-brouillards-huiles.png 433w\" sizes=\"(max-width: 300px) 100vw, 300px\" \/><\/a><\/figure>\n\n\n\n<p><strong>AFS<\/strong> ist eine <a href=\"https:\/\/obera.fr\/de\/produits\/filtres-brouillard-huile\/afs\/\" data-type=\"page\" data-id=\"590\">zentrale Anlage f\u00fcr \u00d6lnebel und Emulsionen, Rauch und Aerosole<\/a>. Dies ist eine ma\u00dfgeschneiderte L\u00f6sung, um Ihre Bearbeitungsmaschinen direkt auszustatten. Dieses Ger\u00e4t besteht aus 5 Filterstufen, darunter ein absoluter Endfilter vom Typ HEPA 13, der eine Filterungseffizienz von 99,95% garantiert.  <\/p>\n\n\n\n<p>Es sind verschiedene Konfigurationen m\u00f6glich: Recycling und Wiedereinf\u00fchrung der gefilterten Luft in das Geb\u00e4ude oder Abzug der gefilterten Luft und Einf\u00fchrung von Frischluft mit W\u00e4rmer\u00fcckgewinnung \u00fcber einen W\u00e4rmetauscher. Beide Konfigurationen erm\u00f6glichen eine maximale Wiederverwendung der in den abgesaugten Luftstr\u00f6men enthaltenen W\u00e4rme. <\/p>\n\n\n\n<p><\/p>\n<\/div>\n<\/div>\n\n<div class=\"wp-block-buttons is-horizontal is-content-justification-center is-layout-flex wp-container-core-buttons-is-layout-03627597 wp-block-buttons-is-layout-flex\">\n<div class=\"wp-block-button\"><a class=\"wp-block-button__link wp-element-button\" href=\"https:\/\/obera.fr\/de\/contact\/\">Weitere Informationen<\/a><\/div>\n<\/div>\n","protected":false},"excerpt":{"rendered":"<p>Ein Hochleistungs-\u00d6lnebelfilter, der direkt an die Produktionsmaschine angeschlossen werden kann. Unser Angebot an \u00d6lnebelfiltern Oilmac OILMAC ist ein kompakter und leistungsstarker Filter, der \u00d6l- und Emulsionsnebel, Rauch und Aerosole behandeln kann. Normalerweise wird das Ger\u00e4t direkt an der Produktionsmaschine installiert und \u00fcber einen flexiblen Schlauch angeschlossen. Mit einer vierstufigen Hochleistungsfilterung, einschlie\u00dflich eines HEPA 13 Endfilters, werden Partikel zu 99,95% herausgefiltert und die Luft kann direkt in den Arbeitsbereich zur\u00fcckgef\u00fchrt werden. Der Wartungsaufwand ist geringer, da die Filter ohne Werkzeug ausgetauscht werden k\u00f6nnen. AFS AFS ist eine zentrale Anlage f\u00fcr \u00d6lnebel und Emulsionen, Rauch und Aerosole. Dies ist eine ma\u00dfgeschneiderte L\u00f6sung, &#8230; <\/p>\n<p class=\"read-more-container\"><a title=\"\u00d6lnebelfilter\" class=\"read-more button\" href=\"https:\/\/obera.fr\/de\/produits\/filtres-brouillard-huile\/#more-32167\" aria-label=\"Mehr Informationen \u00fcber \u00d6lnebelfilter\">Lire la suite<\/a><\/p>\n","protected":false},"author":4,"featured_media":83739,"parent":11999,"menu_order":10,"comment_status":"closed","ping_status":"closed","template":"","meta":{"_acf_changed":false,"_seopress_robots_primary_cat":"","_seopress_titles_title":"Filtres \u00e0 brouillard d\u2019huile industriels - oberA","_seopress_titles_desc":"Retrouvez notre gamme de filtres \u00e0 brouillard d'huile haute performance \u00e0 connecter directement sur la machine de production, OILMAC et AFS.","_seopress_robots_index":"","footnotes":""},"class_list":{"0":"post-32167","1":"page","2":"type-page","3":"status-publish","4":"has-post-thumbnail","6":"no-featured-image-padding","7":"resize-featured-image"},"acf":[],"_links":{"self":[{"href":"https:\/\/obera.fr\/de\/wp-json\/wp\/v2\/pages\/32167","targetHints":{"allow":["GET"]}}],"collection":[{"href":"https:\/\/obera.fr\/de\/wp-json\/wp\/v2\/pages"}],"about":[{"href":"https:\/\/obera.fr\/de\/wp-json\/wp\/v2\/types\/page"}],"author":[{"embeddable":true,"href":"https:\/\/obera.fr\/de\/wp-json\/wp\/v2\/users\/4"}],"replies":[{"embeddable":true,"href":"https:\/\/obera.fr\/de\/wp-json\/wp\/v2\/comments?post=32167"}],"version-history":[{"count":5,"href":"https:\/\/obera.fr\/de\/wp-json\/wp\/v2\/pages\/32167\/revisions"}],"predecessor-version":[{"id":65840,"href":"https:\/\/obera.fr\/de\/wp-json\/wp\/v2\/pages\/32167\/revisions\/65840"}],"up":[{"embeddable":true,"href":"https:\/\/obera.fr\/de\/wp-json\/wp\/v2\/pages\/11999"}],"wp:featuredmedia":[{"embeddable":true,"href":"https:\/\/obera.fr\/de\/wp-json\/wp\/v2\/media\/83739"}],"wp:attachment":[{"href":"https:\/\/obera.fr\/de\/wp-json\/wp\/v2\/media?parent=32167"}],"curies":[{"name":"wp","href":"https:\/\/api.w.org\/{rel}","templated":true}]}}