{"id":32173,"date":"2020-08-26T13:06:25","date_gmt":"2020-08-26T11:06:25","guid":{"rendered":"https:\/\/obera.fr\/produkte\/oelnebelfilter\/afs-oelnebelfilter\/"},"modified":"2025-06-03T13:06:06","modified_gmt":"2025-06-03T11:06:06","slug":"afs","status":"publish","type":"page","link":"https:\/\/obera.fr\/de\/produits\/filtres-brouillard-huile\/afs\/","title":{"rendered":"AFS \u00d6lnebelfilter"},"content":{"rendered":"\n<p>AFS <a href=\"https:\/\/obera.fr\/de\/produits\/filtres-brouillard-huile\/\" data-type=\"page\" data-id=\"376\">\u00d6lnebelfilter<\/a> sind die ma\u00dfgeschneiderte L\u00f6sung, um Ihre Bearbeitungsmaschinen direkt auszur\u00fcsten oder zentral abzusaugen.<\/p>\n\n\n\n<p>Die AFS-Serie deckt einen Ansaugbereich <strong>von 400 bis 16.000 m\u00b3\/h<\/strong> ab.<\/p>\n\n\n\n<h2 class=\"wp-block-heading\">Zentrale Anlagen f\u00fcr \u00d6lnebel und Emulsionen, Rauch und Aerosole<\/h2>\n\n\n\n<div class=\"wp-block-columns is-layout-flex wp-container-core-columns-is-layout-28f84493 wp-block-columns-is-layout-flex\">\n<div class=\"wp-block-column is-layout-flow wp-block-column-is-layout-flow\" style=\"flex-basis:33.33%\">\n<figure class=\"wp-block-image aligncenter size-medium\"><img decoding=\"async\" width=\"300\" height=\"300\" src=\"https:\/\/obera.fr\/wp-content\/uploads\/2020\/08\/AFS-installation-centralisee-brouillards-huiles-300x300.png\" alt=\"Afs-Zentralinstallations-\u00d6lnebel\" class=\"wp-image-643\" srcset=\"https:\/\/obera.fr\/wp-content\/uploads\/2020\/08\/AFS-installation-centralisee-brouillards-huiles-300x300.png 300w, https:\/\/obera.fr\/wp-content\/uploads\/2020\/08\/AFS-installation-centralisee-brouillards-huiles-150x150.png 150w, https:\/\/obera.fr\/wp-content\/uploads\/2020\/08\/AFS-installation-centralisee-brouillards-huiles.png 433w\" sizes=\"(max-width: 300px) 100vw, 300px\" \/><\/figure>\n<\/div>\n\n\n\n<div class=\"wp-block-column is-layout-flow wp-block-column-is-layout-flow\" style=\"flex-basis:66.66%\">\n<p>Die <strong>AFS-Technologie<\/strong> besteht aus 5 Behandlungsstufen: Metallgitterfilter, Polyesterfilze und der AFS-Longlife-Separator, der das Herzst\u00fcck der Behandlung bildet.<\/p>\n\n\n\n<p>Die Ger\u00e4te sind mit einer <strong>absoluten Endfilterung des Typs HEPA H13<\/strong> ausgestattet (garantierter Standardwirkungsgrad &gt;99,95% auf Partikel von 0,3\u00b5m). Aufgrund der sehr hohen Effizienz der Hauptfilterung haben die Absolutfilter eine sehr lange Lebensdauer, selbst bei einem kontinuierlichen 3-Schichten-Betrieb.<\/p>\n\n\n\n<p>Es sind verschiedene Konfigurationen m\u00f6glich: Umluft und R\u00fcckf\u00fchrung der gefilterten Luft in das Geb\u00e4ude oder Abzug der gefilterten Luft und Zufuhr von Frischluft mit W\u00e4rmer\u00fcckgewinnung \u00fcber einen W\u00e4rmetauscher. <strong>AFS-L\u00f6sungen<\/strong> f\u00fcr die Absaugung (Recycling oder W\u00e4rmetauscher) erm\u00f6glichen eine maximale Wiederverwendung der in den abgesaugten Luftstr\u00f6men enthaltenen Kalorien.<\/p>\n\n\n\n<hr class=\"wp-block-separator has-text-color has-black-color has-css-opacity has-black-background-color has-background is-style-dots\"\/>\n\n\n\n<div class=\"wp-block-columns is-layout-flex wp-container-core-columns-is-layout-28f84493 wp-block-columns-is-layout-flex\">\n<div class=\"wp-block-column is-layout-flow wp-block-column-is-layout-flow\" style=\"flex-basis:33.33%\">\n<div class=\"wp-block-buttons is-layout-flex wp-block-buttons-is-layout-flex\">\n<div class=\"wp-block-button\"><a class=\"wp-block-button__link wp-element-button\" href=\"https:\/\/obera.fr\/wp-content\/uploads\/2025\/06\/brochure-afs-de.pdf\">BROSCH\u00dcRE HERUNTERLADEN<\/a><\/div>\n<\/div>\n<\/div>\n\n\n\n<div class=\"wp-block-column is-layout-flow wp-block-column-is-layout-flow\" style=\"flex-basis:33.34%\">\n<div class=\"wp-block-buttons is-horizontal is-content-justification-center is-layout-flex wp-container-core-buttons-is-layout-03627597 wp-block-buttons-is-layout-flex\">\n<div class=\"wp-block-button\"><a class=\"wp-block-button__link wp-element-button\" href=\"https:\/\/obera.fr\/de\/contact\/\">Weitere Informationen<\/a><\/div>\n<\/div>\n<\/div>\n\n\n\n<div class=\"wp-block-column is-layout-flow wp-block-column-is-layout-flow\" style=\"flex-basis:33.34%\">\n<div class=\"wp-block-buttons is-content-justification-center is-layout-flex wp-container-core-buttons-is-layout-a89b3969 wp-block-buttons-is-layout-flex\">\n<div class=\"wp-block-button btn-devis-source\"><a class=\"wp-block-button__link wp-element-button\" href=\"https:\/\/obera.fr\/de\/angebotsanfrage\/\">Angebotsanfrage<\/a><\/div>\n<\/div>\n\n\n<script>\r\ndocument.addEventListener('DOMContentLoaded', function() {\r\n    \/\/ 1. On cherche le titre H1 de la page\r\n    var h1 = document.querySelector('h1');\r\n    var productTitle = h1 ? h1.innerText.trim() : \"\";\r\n\r\n    \/\/ 2. On cherche les boutons via la classe CSS .btn-devis-source\r\n    var buttons = document.querySelectorAll('.btn-devis-source a');\r\n\r\n    \/\/ 3. Si on a le titre et les boutons, on ajoute le param\u00e8tre\r\n    if (buttons.length > 0 && productTitle !== \"\") {\r\n        var encodedTitle = encodeURIComponent(productTitle);\r\n\r\n        buttons.forEach(function(btn) {\r\n            var currentHref = btn.getAttribute('href');\r\n            \r\n            \/\/ S\u00e9curit\u00e9 pour ne pas ajouter le param\u00e8tre 2 fois\r\n            if (currentHref.indexOf('sujet=') === -1) {\r\n                var separator = currentHref.indexOf('?') !== -1 ? '&' : '?';\r\n                var newLink = currentHref + separator + 'sujet=' + encodedTitle;\r\n                \r\n                btn.setAttribute('href', newLink);\r\n            }\r\n        });\r\n    }\r\n});\r\n<\/script><\/div>\n<\/div>\n\n\n\n<p><\/p>\n<\/div>\n<\/div>\n\n\n\n<h2 class=\"wp-block-heading\">Die Vorteile von AFS<\/h2>\n\n\n\n<div class=\"wp-block-columns is-layout-flex wp-container-core-columns-is-layout-28f84493 wp-block-columns-is-layout-flex\">\n<div class=\"wp-block-column is-layout-flow wp-block-column-is-layout-flow\">\n<h3 class=\"wp-block-heading has-text-align-center\"><strong>Vorteile<\/strong><\/h3>\n\n\n\n<ul class=\"wp-block-list\">\n<li>Einfacher Anschluss an die Produktionsmaschine<\/li>\n\n\n\n<li>Auf der Maschine oder zentralisiert<\/li>\n\n\n\n<li>Kompaktes System<\/li>\n\n\n\n<li>5 Filterstufen f\u00fcr eine effiziente Luftbehandlung<\/li>\n\n\n\n<li>Filterwechsel und Wartung ohne Werkzeug<\/li>\n<\/ul>\n<\/div>\n\n\n\n<div class=\"wp-block-column is-layout-flow wp-block-column-is-layout-flow\">\n<h3 class=\"wp-block-heading has-text-align-center\"><strong>Besonderheiten<\/strong><\/h3>\n\n\n\n<ul class=\"wp-block-list\">\n<li>Patentierte werkzeuglose Filterwechselvorrichtung<\/li>\n\n\n\n<li>Manuelle Reinigung des Ger\u00e4ts<\/li>\n\n\n\n<li>Mechanische Filterung<\/li>\n<\/ul>\n<\/div>\n\n\n\n<div class=\"wp-block-column is-layout-flow wp-block-column-is-layout-flow\">\n<h3 class=\"wp-block-heading has-text-align-center\"><strong>Eigenschaften<\/strong><\/h3>\n\n\n\n<ul class=\"wp-block-list\">\n<li>Extraktion von \u00d6lnebel und Emulsionen, Rauch und Aerosolen<\/li>\n\n\n\n<li>Installation direkt auf der CNC-Maschine oder zentralisiert<\/li>\n<\/ul>\n<\/div>\n<\/div>\n\n\n\n<h2 class=\"wp-block-heading\">Anwendungen<\/h2>\n\n\n\n<div class=\"wp-block-columns is-layout-flex wp-container-core-columns-is-layout-28f84493 wp-block-columns-is-layout-flex\">\n<div class=\"wp-block-column is-layout-flow wp-block-column-is-layout-flow\">\n<h3 class=\"wp-block-heading has-text-align-center\">Schadstoffe<\/h3>\n\n\n\n<hr class=\"wp-block-separator has-css-opacity is-style-wide\"\/>\n\n\n\n<div class=\"wp-block-columns is-layout-flex wp-container-core-columns-is-layout-28f84493 wp-block-columns-is-layout-flex\">\n<div class=\"wp-block-column is-layout-flow wp-block-column-is-layout-flow\">\n<figure class=\"wp-block-image aligncenter size-large\"><img decoding=\"async\" width=\"70\" height=\"70\" src=\"https:\/\/obera.fr\/wp-content\/uploads\/2020\/08\/industrie-brouillard-huile.jpg\" alt=\"Industrie Nebel \u00d6l\" class=\"wp-image-721\"\/><figcaption class=\"wp-element-caption\">\u00d6lnebel<\/figcaption><\/figure>\n<\/div>\n\n\n\n<div class=\"wp-block-column is-layout-flow wp-block-column-is-layout-flow\">\n<figure class=\"wp-block-image aligncenter size-large\"><img decoding=\"async\" width=\"70\" height=\"70\" src=\"https:\/\/obera.fr\/wp-content\/uploads\/2020\/08\/industrie-fumees.jpg\" alt=\"Industrie Rauch\" class=\"wp-image-722\"\/><figcaption class=\"wp-element-caption\">Rauch<\/figcaption><\/figure>\n\n\n\n<figure class=\"wp-block-image aligncenter size-large\"><img decoding=\"async\" width=\"70\" height=\"70\" src=\"https:\/\/obera.fr\/wp-content\/uploads\/2020\/09\/cov.png\" alt=\"Cov\" class=\"wp-image-959\"\/><figcaption class=\"wp-element-caption\">VOC<\/figcaption><\/figure>\n<\/div>\n<\/div>\n<\/div>\n\n\n\n<div class=\"wp-block-column is-layout-flow wp-block-column-is-layout-flow\">\n<h3 class=\"wp-block-heading has-text-align-center\">Branchen<\/h3>\n\n\n\n<hr class=\"wp-block-separator has-css-opacity is-style-wide\"\/>\n\n\n\n<div class=\"wp-block-columns is-layout-flex wp-container-core-columns-is-layout-28f84493 wp-block-columns-is-layout-flex\">\n<div class=\"wp-block-column is-layout-flow wp-block-column-is-layout-flow\">\n<figure class=\"wp-block-image aligncenter size-large\"><img decoding=\"async\" width=\"70\" height=\"70\" src=\"https:\/\/obera.fr\/wp-content\/uploads\/2020\/08\/industrie-metallurgie.jpg\" alt=\"Metallindustrie\" class=\"wp-image-673\"\/><figcaption class=\"wp-element-caption\">Metallurgie<\/figcaption><\/figure>\n<\/div>\n\n\n\n<div class=\"wp-block-column is-layout-flow wp-block-column-is-layout-flow\"><\/div>\n<\/div>\n<\/div>\n<\/div>\n\n\n\n<div class=\"wp-block-buttons is-content-justification-center is-layout-flex wp-container-core-buttons-is-layout-a89b3969 wp-block-buttons-is-layout-flex\">\n<div class=\"wp-block-button is-style-outline is-style-outline--1\"><a class=\"wp-block-button__link wp-element-button\" href=\"https:\/\/obera.fr\/wp-content\/uploads\/2025\/04\/afs-de.pdf\">Produktblatt herunterladen<\/a><\/div>\n<\/div>\n\n\n\n<hr class=\"wp-block-separator has-css-opacity is-style-dots\"\/>\n\n\n\n<h2 class=\"wp-block-heading\">Andere \u00d6lnebelfilter von der Marke OberA<\/h2>\n\n\n\n<div class=\"wp-block-columns is-layout-flex wp-container-core-columns-is-layout-28f84493 wp-block-columns-is-layout-flex\">\n<div class=\"wp-block-column is-layout-flow wp-block-column-is-layout-flow\">\n<figure class=\"wp-block-image aligncenter size-medium\"><a href=\"https:\/\/obera.fr\/produits\/filtres-brouillard-huile\/oilmac\/\"><img decoding=\"async\" width=\"300\" height=\"300\" src=\"https:\/\/obera.fr\/wp-content\/uploads\/2020\/08\/filtre-compact-OILMAC-300x300.png\" alt=\"OILMAC Compact Filter\" class=\"wp-image-641\" srcset=\"https:\/\/obera.fr\/wp-content\/uploads\/2020\/08\/filtre-compact-OILMAC-300x300.png 300w, https:\/\/obera.fr\/wp-content\/uploads\/2020\/08\/filtre-compact-OILMAC-150x150.png 150w, https:\/\/obera.fr\/wp-content\/uploads\/2020\/08\/filtre-compact-OILMAC.png 600w\" sizes=\"(max-width: 300px) 100vw, 300px\" \/><\/a><figcaption class=\"wp-element-caption\">\u00d6LMAC<\/figcaption><\/figure>\n<\/div>\n\n\n\n<div class=\"wp-block-column is-layout-flow wp-block-column-is-layout-flow\"><\/div>\n<\/div>\n\n\n\n<p><\/p>\n","protected":false},"excerpt":{"rendered":"<p>AFS \u00d6lnebelfilter sind die ma\u00dfgeschneiderte L\u00f6sung, um Ihre Bearbeitungsmaschinen direkt auszur\u00fcsten oder zentral abzusaugen. Die AFS-Serie deckt einen Ansaugbereich von 400 bis 16.000 m\u00b3\/h ab. Zentrale Anlagen f\u00fcr \u00d6lnebel und Emulsionen, Rauch und Aerosole Die AFS-Technologie besteht aus 5 Behandlungsstufen: Metallgitterfilter, Polyesterfilze und der AFS-Longlife-Separator, der das Herzst\u00fcck der Behandlung bildet. Die Ger\u00e4te sind mit einer absoluten Endfilterung des Typs HEPA H13 ausgestattet (garantierter Standardwirkungsgrad &gt;99,95% auf Partikel von 0,3\u00b5m). Aufgrund der sehr hohen Effizienz der Hauptfilterung haben die Absolutfilter eine sehr lange Lebensdauer, selbst bei einem kontinuierlichen 3-Schichten-Betrieb. Es sind verschiedene Konfigurationen m\u00f6glich: Umluft und R\u00fcckf\u00fchrung der gefilterten Luft &#8230; <\/p>\n<p class=\"read-more-container\"><a title=\"AFS \u00d6lnebelfilter\" class=\"read-more button\" href=\"https:\/\/obera.fr\/de\/produits\/filtres-brouillard-huile\/afs\/#more-32173\" aria-label=\"Mehr Informationen \u00fcber AFS \u00d6lnebelfilter\">Lire la suite<\/a><\/p>\n","protected":false},"author":4,"featured_media":83739,"parent":32167,"menu_order":0,"comment_status":"closed","ping_status":"closed","template":"","meta":{"_acf_changed":false,"_seopress_robots_primary_cat":"","_seopress_titles_title":"Zentrale \u00d6lnebelanlagen AFS","_seopress_titles_desc":"AFS \u00d6lnebelfilter sind die ma\u00dfgeschneiderte L\u00f6sung, um Ihre Bearbeitungsmaschinen direkt auszur\u00fcsten oder zentral abzusaugen.","_seopress_robots_index":"","_seopress_analysis_target_kw":"","footnotes":""},"class_list":{"0":"post-32173","1":"page","2":"type-page","3":"status-publish","4":"has-post-thumbnail","6":"no-featured-image-padding","7":"resize-featured-image"},"acf":[],"_links":{"self":[{"href":"https:\/\/obera.fr\/de\/wp-json\/wp\/v2\/pages\/32173","targetHints":{"allow":["GET"]}}],"collection":[{"href":"https:\/\/obera.fr\/de\/wp-json\/wp\/v2\/pages"}],"about":[{"href":"https:\/\/obera.fr\/de\/wp-json\/wp\/v2\/types\/page"}],"author":[{"embeddable":true,"href":"https:\/\/obera.fr\/de\/wp-json\/wp\/v2\/users\/4"}],"replies":[{"embeddable":true,"href":"https:\/\/obera.fr\/de\/wp-json\/wp\/v2\/comments?post=32173"}],"version-history":[{"count":8,"href":"https:\/\/obera.fr\/de\/wp-json\/wp\/v2\/pages\/32173\/revisions"}],"predecessor-version":[{"id":107859,"href":"https:\/\/obera.fr\/de\/wp-json\/wp\/v2\/pages\/32173\/revisions\/107859"}],"up":[{"embeddable":true,"href":"https:\/\/obera.fr\/de\/wp-json\/wp\/v2\/pages\/32167"}],"wp:featuredmedia":[{"embeddable":true,"href":"https:\/\/obera.fr\/de\/wp-json\/wp\/v2\/media\/83739"}],"wp:attachment":[{"href":"https:\/\/obera.fr\/de\/wp-json\/wp\/v2\/media?parent=32173"}],"curies":[{"name":"wp","href":"https:\/\/api.w.org\/{rel}","templated":true}]}}