{"id":32187,"date":"2020-08-26T12:33:34","date_gmt":"2020-08-26T10:33:34","guid":{"rendered":"https:\/\/obera.fr\/produkte\/industriesaugrohre\/"},"modified":"2025-04-22T09:38:24","modified_gmt":"2025-04-22T07:38:24","slug":"tuyauteries-industrielles","status":"publish","type":"page","link":"https:\/\/obera.fr\/de\/produits\/tuyauteries-industrielles\/","title":{"rendered":"Industriesaugrohre"},"content":{"rendered":"\n<p>Industrielle Absaugleitungen sind ein entscheidendes Element in der industriellen Luftbehandlung, da sie verschiedene Schadstoffe wie Rauch, Staub, Abgase usw. transportieren k\u00f6nnen. Die Wahl der richtigen Rohrleitungen ist jedoch entscheidend, um eine optimale Leistung des Saugsystems zu gew\u00e4hrleisten. <\/p>\n\n<p>Eine gro\u00dfe Auswahl an Rohrleitungen zum Transport von Staub und Schadstoffen.<\/p>\n\n<h2 class=\"wp-block-heading\">Unser Angebot an Saugrohren<\/h2>\n\n<div class=\"wp-block-columns is-layout-flex wp-container-core-columns-is-layout-28f84493 wp-block-columns-is-layout-flex\">\n<div class=\"wp-block-column is-layout-flow wp-block-column-is-layout-flow\">\n<h3 class=\"wp-block-heading has-text-align-center\"><a href=\"https:\/\/obera.fr\/de\/produits\/tuyauteries-industrielles\/gaines-lisses-acier\/\">Glatte Kan\u00e4le <br\/>aus Stahl Hochdrucknetz<\/a><\/h3>\n\n\n\n<figure class=\"wp-block-image aligncenter size-medium is-resized\"><a href=\"https:\/\/obera.fr\/produits\/tuyauteries-industrielles\/gaines-lisses-acier\/\"><img decoding=\"async\" width=\"300\" height=\"300\" src=\"https:\/\/obera.fr\/wp-content\/uploads\/2020\/11\/Gaines-lisses-300x300.jpg\" alt=\"Glatte H&#xFC;llen\" class=\"wp-image-1735\" style=\"width:225px;height:225px\" srcset=\"https:\/\/obera.fr\/wp-content\/uploads\/2020\/11\/Gaines-lisses-300x300.jpg 300w, https:\/\/obera.fr\/wp-content\/uploads\/2020\/11\/Gaines-lisses-150x150.jpg 150w, https:\/\/obera.fr\/wp-content\/uploads\/2020\/11\/Gaines-lisses.jpg 433w\" sizes=\"(max-width: 300px) 100vw, 300px\" \/><\/a><\/figure>\n<\/div>\n\n\n\n<div class=\"wp-block-column is-layout-flow wp-block-column-is-layout-flow\">\n<h3 class=\"wp-block-heading has-text-align-center\"><a href=\"https:\/\/obera.fr\/de\/produits\/tuyauteries-industrielles\/gaines-spiralees\/\">Spiralkan\u00e4le f\u00fcr Rauch und D\u00e4mpfe<\/a><\/h3>\n\n\n\n<figure class=\"wp-block-image aligncenter size-large is-resized\"><a href=\"https:\/\/obera.fr\/produits\/tuyauteries-industrielles\/gaines-spiralees\/\"><img decoding=\"async\" src=\"https:\/\/obera.fr\/wp-content\/uploads\/2024\/02\/sr.webp\" alt=\"Spiral&#xE4;rmel\" style=\"aspect-ratio:1;width:223px;height:auto\"\/><\/a><\/figure>\n<\/div>\n\n\n\n<div class=\"wp-block-column is-layout-flow wp-block-column-is-layout-flow\">\n<h3 class=\"wp-block-heading has-text-align-center\"><a href=\"https:\/\/obera.fr\/de\/produits\/tuyauteries-industrielles\/basse-moyenne-haute-pression\/\">Nieder-, Mittel- und Hochdruckrohrleitungen f\u00fcr Entstaubung<\/a><\/h3>\n\n\n\n<figure class=\"wp-block-image aligncenter size-medium is-resized\"><a href=\"https:\/\/obera.fr\/produits\/tuyauteries-industrielles\/basse-moyenne-haute-pression\/\"><img decoding=\"async\" width=\"220\" height=\"300\" src=\"https:\/\/obera.fr\/wp-content\/uploads\/2020\/11\/Tuyauterie-basse-moyenne-haute-pression-220x300.jpg\" alt=\"Rohrleitungen f&#xFC;r niedrigen, mittleren und hohen Druck\" class=\"wp-image-1734\" style=\"width:165px;height:225px\" srcset=\"https:\/\/obera.fr\/wp-content\/uploads\/2020\/11\/Tuyauterie-basse-moyenne-haute-pression-220x300.jpg 220w, https:\/\/obera.fr\/wp-content\/uploads\/2020\/11\/Tuyauterie-basse-moyenne-haute-pression.jpg 428w\" sizes=\"(max-width: 220px) 100vw, 220px\" \/><\/a><\/figure>\n<\/div>\n<\/div>\n\n<p>Es gibt verschiedene Arten von industriellen Rohrleitungen, einschlie\u00dflich Spiralschl\u00e4uchen, glatten Schl\u00e4uchen und Nieder-, Mittel- und Hochdruckrohrleitungen. Jeder dieser Rohrleitungstypen hat spezifische Vor- und Nachteile, die von den Anforderungen der jeweiligen Anwendung abh\u00e4ngen. <\/p>\n\n<h3 class=\"wp-block-heading\">Glatte H\u00fcllen<\/h3>\n\n<p>Die glatten Kan\u00e4le bieten einen geringen Str\u00f6mungswiderstand, was zu einer maximalen Saugleistung f\u00fchrt. Sie sind auch leicht zu reinigen, was sie ideal f\u00fcr Anwendungen macht, bei denen Hygiene eine wichtige Rolle spielt. Sie haben jedoch eine geringere Flexibilit\u00e4t als Spiralschl\u00e4uche, was die Installation erschweren kann.  <\/p>\n\n<h3 class=\"wp-block-heading\">Spiralschl\u00e4uche<\/h3>\n\n<p>Spiralschl\u00e4uche sind ideal f\u00fcr Anwendungen, die eine hohe Flexibilit\u00e4t erfordern, da sie gebogen und gedreht werden k\u00f6nnen, ohne zu rei\u00dfen oder sich zu verformen. Sie sind au\u00dferdem vibrations- und sto\u00dffest und eignen sich daher f\u00fcr den Einsatz in hektischen Umgebungen. Spiralschl\u00e4uche haben jedoch einen h\u00f6heren Str\u00f6mungswiderstand als glatte Schl\u00e4uche, was zu einem Druckverlust und einer verminderten Saugleistung f\u00fchren kann.  <\/p>\n\n<h3 class=\"wp-block-heading\">Nieder-, Mittel- und Hochdruckrohrleitungen<\/h3>\n\n<p>Schlie\u00dflich bieten Nieder-, Mittel- und Hochdruckleitungen je nach den Anforderungen der Anwendung spezifische Vorteile. Niederdruckleitungen sind f\u00fcr Anwendungen mit niedrigem Saugdruck geeignet, w\u00e4hrend Mittel- und Hochdruckleitungen f\u00fcr Anwendungen mit h\u00f6herem Saugdruck erforderlich sind. Die Wahl der richtigen Rohrleitungen ist daher f\u00fcr eine optimale Leistung des Saugsystems von entscheidender Bedeutung.  <\/p>\n\n<h2 class=\"wp-block-heading\">Schlussfolgerung<\/h2>\n\n<p>Zusammenfassend l\u00e4sst sich sagen, dass die Wahl der richtigen industriellen Rohrleitungen f\u00fcr eine optimale Leistung des Ansaugsystems im Bereich der industriellen Luftbehandlung von entscheidender Bedeutung ist. Spiralschl\u00e4uche, glatte Schl\u00e4uche und Nieder-, Mittel- und Hochdruckschl\u00e4uche bieten je nach den Anforderungen der Anwendung spezifische Vorteile, und es ist wichtig, jede Option sorgf\u00e4ltig zu pr\u00fcfen, bevor eine endg\u00fcltige Wahl getroffen wird. <\/p>\n\n<div class=\"wp-block-buttons is-horizontal is-content-justification-center is-layout-flex wp-container-core-buttons-is-layout-03627597 wp-block-buttons-is-layout-flex\">\n<div class=\"wp-block-button\"><a class=\"wp-block-button__link wp-element-button\" href=\"https:\/\/obera.fr\/de\/contact\/\">Weitere Informationen<\/a><\/div>\n<\/div>\n","protected":false},"excerpt":{"rendered":"<p>Industrielle Absaugleitungen sind ein entscheidendes Element in der industriellen Luftbehandlung, da sie verschiedene Schadstoffe wie Rauch, Staub, Abgase usw. transportieren k\u00f6nnen. Die Wahl der richtigen Rohrleitungen ist jedoch entscheidend, um eine optimale Leistung des Saugsystems zu gew\u00e4hrleisten. Eine gro\u00dfe Auswahl an Rohrleitungen zum Transport von Staub und Schadstoffen. Unser Angebot an Saugrohren Glatte Kan\u00e4le aus Stahl Hochdrucknetz Spiralkan\u00e4le f\u00fcr Rauch und D\u00e4mpfe Nieder-, Mittel- und Hochdruckrohrleitungen f\u00fcr Entstaubung Es gibt verschiedene Arten von industriellen Rohrleitungen, einschlie\u00dflich Spiralschl\u00e4uchen, glatten Schl\u00e4uchen und Nieder-, Mittel- und Hochdruckrohrleitungen. Jeder dieser Rohrleitungstypen hat spezifische Vor- und Nachteile, die von den Anforderungen der jeweiligen Anwendung abh\u00e4ngen. &#8230; <\/p>\n<p class=\"read-more-container\"><a title=\"Industriesaugrohre\" class=\"read-more button\" href=\"https:\/\/obera.fr\/de\/produits\/tuyauteries-industrielles\/#more-32187\" aria-label=\"Mehr Informationen \u00fcber Industriesaugrohre\">Lire la suite<\/a><\/p>\n","protected":false},"author":4,"featured_media":83739,"parent":11999,"menu_order":11,"comment_status":"closed","ping_status":"closed","template":"","meta":{"_acf_changed":false,"_seopress_robots_primary_cat":"","_seopress_titles_title":"Tuyauteries industrielles: acheminer poussi\u00e8res \/ polluants","_seopress_titles_desc":"Une large gamme de tuyauterie afin d\u2019acheminer les poussi\u00e8res et polluants : Gaines lisses en acier, spiral\u00e9es et tuyauterie basse, moyenne et haute pression.","_seopress_robots_index":"","_seopress_analysis_target_kw":"","footnotes":""},"class_list":{"0":"post-32187","1":"page","2":"type-page","3":"status-publish","4":"has-post-thumbnail","6":"no-featured-image-padding","7":"resize-featured-image"},"acf":[],"_links":{"self":[{"href":"https:\/\/obera.fr\/de\/wp-json\/wp\/v2\/pages\/32187","targetHints":{"allow":["GET"]}}],"collection":[{"href":"https:\/\/obera.fr\/de\/wp-json\/wp\/v2\/pages"}],"about":[{"href":"https:\/\/obera.fr\/de\/wp-json\/wp\/v2\/types\/page"}],"author":[{"embeddable":true,"href":"https:\/\/obera.fr\/de\/wp-json\/wp\/v2\/users\/4"}],"replies":[{"embeddable":true,"href":"https:\/\/obera.fr\/de\/wp-json\/wp\/v2\/comments?post=32187"}],"version-history":[{"count":4,"href":"https:\/\/obera.fr\/de\/wp-json\/wp\/v2\/pages\/32187\/revisions"}],"predecessor-version":[{"id":65813,"href":"https:\/\/obera.fr\/de\/wp-json\/wp\/v2\/pages\/32187\/revisions\/65813"}],"up":[{"embeddable":true,"href":"https:\/\/obera.fr\/de\/wp-json\/wp\/v2\/pages\/11999"}],"wp:featuredmedia":[{"embeddable":true,"href":"https:\/\/obera.fr\/de\/wp-json\/wp\/v2\/media\/83739"}],"wp:attachment":[{"href":"https:\/\/obera.fr\/de\/wp-json\/wp\/v2\/media?parent=32187"}],"curies":[{"name":"wp","href":"https:\/\/api.w.org\/{rel}","templated":true}]}}