{"id":62073,"date":"2021-07-23T14:22:11","date_gmt":"2021-07-23T12:22:11","guid":{"rendered":"https:\/\/obera.fr\/achat-merci\/"},"modified":"2025-02-17T11:38:19","modified_gmt":"2025-02-17T09:38:19","slug":"achat-merci","status":"publish","type":"page","link":"https:\/\/obera.fr\/de\/achat-merci\/","title":{"rendered":"Vielen Dank f\u00fcr Ihre Bestellung bei obera.de"},"content":{"rendered":"\n<p>W\u00e4hrend Sie auf Ihre Bestellung warten, k\u00f6nnen Sie die neuesten Artikel des Blogs lesen.<\/p>\n<ul class=\"wp-block-latest-posts__list is-grid columns-2 wp-block-latest-posts\"><li><div class=\"wp-block-latest-posts__featured-image aligncenter\"><a href=\"https:\/\/obera.fr\/de\/gewinnung-von-materialien\/absaug-und-entstaubungsloesungen-fuer-die-materialgewinnung\/\" aria-label=\"Absaug- und Entstaubungsl\u00f6sungen f\u00fcr die Materialgewinnung\"><img decoding=\"async\" width=\"1024\" height=\"576\" src=\"https:\/\/obera.fr\/wp-content\/uploads\/2025\/08\/extraction-materiaux-1024x576.jpg\" class=\"attachment-large size-large wp-post-image\" alt=\"Materialgewinnung\" style=\"max-width:500px;\" srcset=\"https:\/\/obera.fr\/wp-content\/uploads\/2025\/08\/extraction-materiaux-1024x576.jpg 1024w, https:\/\/obera.fr\/wp-content\/uploads\/2025\/08\/extraction-materiaux-300x169.jpg 300w, https:\/\/obera.fr\/wp-content\/uploads\/2025\/08\/extraction-materiaux-768x432.jpg 768w, https:\/\/obera.fr\/wp-content\/uploads\/2025\/08\/extraction-materiaux-1536x864.jpg 1536w, https:\/\/obera.fr\/wp-content\/uploads\/2025\/08\/extraction-materiaux.jpg 1600w\" sizes=\"(max-width: 1024px) 100vw, 1024px\" \/><\/a><\/div><a class=\"wp-block-latest-posts__post-title\" href=\"https:\/\/obera.fr\/de\/gewinnung-von-materialien\/absaug-und-entstaubungsloesungen-fuer-die-materialgewinnung\/\">Absaug- und Entstaubungsl\u00f6sungen f\u00fcr die Materialgewinnung<\/a><div class=\"wp-block-latest-posts__post-excerpt\">Die Materialgewinnung erzeugt zwangsl\u00e4ufig R\u00fcckst\u00e4nde, die unbedingt kontrolliert werden m\u00fcssen, um die Gesundheit und Sicherheit der Arbeitnehmer zu sch\u00fctzen.<\/div><\/li>\n<li><div class=\"wp-block-latest-posts__featured-image aligncenter\"><a href=\"https:\/\/obera.fr\/de\/elektronik-elektrizitat\/absaug-und-filtrationsloesungen-von-obera-fuer-die-elektronikindustrie\/\" aria-label=\"Absaug- und Filtrationsl\u00f6sungen von oberA f\u00fcr die Elektronikindustrie\"><img decoding=\"async\" width=\"1024\" height=\"576\" src=\"https:\/\/obera.fr\/wp-content\/uploads\/2025\/08\/electricite-electronique-1024x576.jpg\" class=\"attachment-large size-large wp-post-image\" alt=\"Elektronische Elektrik\" style=\"max-width:500px;\" srcset=\"https:\/\/obera.fr\/wp-content\/uploads\/2025\/08\/electricite-electronique-1024x576.jpg 1024w, https:\/\/obera.fr\/wp-content\/uploads\/2025\/08\/electricite-electronique-300x169.jpg 300w, https:\/\/obera.fr\/wp-content\/uploads\/2025\/08\/electricite-electronique-768x432.jpg 768w, https:\/\/obera.fr\/wp-content\/uploads\/2025\/08\/electricite-electronique-1536x864.jpg 1536w, https:\/\/obera.fr\/wp-content\/uploads\/2025\/08\/electricite-electronique.jpg 1600w\" sizes=\"(max-width: 1024px) 100vw, 1024px\" \/><\/a><\/div><a class=\"wp-block-latest-posts__post-title\" href=\"https:\/\/obera.fr\/de\/elektronik-elektrizitat\/absaug-und-filtrationsloesungen-von-obera-fuer-die-elektronikindustrie\/\">Absaug- und Filtrationsl\u00f6sungen von oberA f\u00fcr die Elektronikindustrie<\/a><div class=\"wp-block-latest-posts__post-excerpt\">In der Elektronikindustrie wirkt sich die Luftqualit\u00e4t direkt auf die Zuverl\u00e4ssigkeit der Komponenten und die Gesundheit der Bediener aus.<\/div><\/li>\n<li><div class=\"wp-block-latest-posts__featured-image aligncenter\"><a href=\"https:\/\/obera.fr\/de\/restauratoren-von-kunstwerken-und-kunstler\/die-bedeutung-von-absaugung-und-filterung-im-kuenstlerischen-umfeld\/\" aria-label=\"Die Bedeutung von Absaugung und Filterung im k\u00fcnstlerischen Umfeld\"><img decoding=\"async\" width=\"1024\" height=\"576\" src=\"https:\/\/obera.fr\/wp-content\/uploads\/2025\/08\/restaurateurs-oeuvre-art-1024x576.jpg\" class=\"attachment-large size-large wp-post-image\" alt=\"Restauratoren von Kunstwerken\" style=\"max-width:500px;\" srcset=\"https:\/\/obera.fr\/wp-content\/uploads\/2025\/08\/restaurateurs-oeuvre-art-1024x576.jpg 1024w, https:\/\/obera.fr\/wp-content\/uploads\/2025\/08\/restaurateurs-oeuvre-art-300x169.jpg 300w, https:\/\/obera.fr\/wp-content\/uploads\/2025\/08\/restaurateurs-oeuvre-art-768x432.jpg 768w, https:\/\/obera.fr\/wp-content\/uploads\/2025\/08\/restaurateurs-oeuvre-art-1536x864.jpg 1536w, https:\/\/obera.fr\/wp-content\/uploads\/2025\/08\/restaurateurs-oeuvre-art.jpg 1600w\" sizes=\"(max-width: 1024px) 100vw, 1024px\" \/><\/a><\/div><a class=\"wp-block-latest-posts__post-title\" href=\"https:\/\/obera.fr\/de\/restauratoren-von-kunstwerken-und-kunstler\/die-bedeutung-von-absaugung-und-filterung-im-kuenstlerischen-umfeld\/\">Die Bedeutung von Absaugung und Filterung im k\u00fcnstlerischen Umfeld<\/a><div class=\"wp-block-latest-posts__post-excerpt\">Die Restaurierung von Kunstwerken und k\u00fcnstlerisches Schaffen setzen Fachleute t\u00e4glich L\u00f6sungsmitteln, Harzen und Feinstaub aus, die unbedingt beherrscht werden m\u00fcssen.<\/div><\/li>\n<li><div class=\"wp-block-latest-posts__featured-image aligncenter\"><a href=\"https:\/\/obera.fr\/de\/armee-und-verteidigung\/loesungen-zur-absaugung-und-filterung-von-schadstoffen-fuer-den-militaersektor\/\" aria-label=\"L\u00f6sungen zur Absaugung und Filterung von Schadstoffen f\u00fcr den Milit\u00e4rsektor\"><img decoding=\"async\" width=\"1024\" height=\"576\" src=\"https:\/\/obera.fr\/wp-content\/uploads\/2025\/08\/armee-defense-1024x576.jpg\" class=\"attachment-large size-large wp-post-image\" alt=\"Armee Verteidigung\" style=\"max-width:500px;\" srcset=\"https:\/\/obera.fr\/wp-content\/uploads\/2025\/08\/armee-defense-1024x576.jpg 1024w, https:\/\/obera.fr\/wp-content\/uploads\/2025\/08\/armee-defense-300x169.jpg 300w, https:\/\/obera.fr\/wp-content\/uploads\/2025\/08\/armee-defense-768x432.jpg 768w, https:\/\/obera.fr\/wp-content\/uploads\/2025\/08\/armee-defense-1536x864.jpg 1536w, https:\/\/obera.fr\/wp-content\/uploads\/2025\/08\/armee-defense.jpg 1600w\" sizes=\"(max-width: 1024px) 100vw, 1024px\" \/><\/a><\/div><a class=\"wp-block-latest-posts__post-title\" href=\"https:\/\/obera.fr\/de\/armee-und-verteidigung\/loesungen-zur-absaugung-und-filterung-von-schadstoffen-fuer-den-militaersektor\/\">L\u00f6sungen zur Absaugung und Filterung von Schadstoffen f\u00fcr den Milit\u00e4rsektor<\/a><div class=\"wp-block-latest-posts__post-excerpt\">Milit\u00e4rische Infrastrukturen erfordern eine absolute Kontrolle der Arbeitsumgebung, um die Gesundheit der Bediener und die Langlebigkeit der taktischen Ausr\u00fcstung zu sch\u00fctzen.<\/div><\/li>\n<li><div class=\"wp-block-latest-posts__featured-image aligncenter\"><a href=\"https:\/\/obera.fr\/de\/sante\/obera-loesungen-fuer-absaugung-filtration-und-luftreinigung-fuer-die-gesundheit\/\" aria-label=\"OberA L\u00f6sungen f\u00fcr Absaugung, Filtration und Luftreinigung f\u00fcr die Gesundheit\"><img decoding=\"async\" width=\"1024\" height=\"682\" src=\"https:\/\/obera.fr\/wp-content\/uploads\/2025\/06\/masque-classique-1024x682.webp\" class=\"attachment-large size-large wp-post-image\" alt=\"klassische Maske\" style=\"max-width:500px;\" srcset=\"https:\/\/obera.fr\/wp-content\/uploads\/2025\/06\/masque-classique-1024x682.webp 1024w, https:\/\/obera.fr\/wp-content\/uploads\/2025\/06\/masque-classique-300x200.webp 300w, https:\/\/obera.fr\/wp-content\/uploads\/2025\/06\/masque-classique-768x512.webp 768w, https:\/\/obera.fr\/wp-content\/uploads\/2025\/06\/masque-classique.webp 1280w\" sizes=\"(max-width: 1024px) 100vw, 1024px\" \/><\/a><\/div><a class=\"wp-block-latest-posts__post-title\" href=\"https:\/\/obera.fr\/de\/sante\/obera-loesungen-fuer-absaugung-filtration-und-luftreinigung-fuer-die-gesundheit\/\">OberA L\u00f6sungen f\u00fcr Absaugung, Filtration und Luftreinigung f\u00fcr die Gesundheit<\/a><div class=\"wp-block-latest-posts__post-excerpt\">Die Verbesserung der Innenraumluftqualit\u00e4t ist zu einer zentralen Herausforderung der \u00f6ffentlichen Gesundheit geworden, um Mitarbeitende in jeder industriellen oder terti\u00e4ren Umgebung zu sch\u00fctzen.<\/div><\/li>\n<li><a class=\"wp-block-latest-posts__post-title\" href=\"https:\/\/obera.fr\/de\/presse\/53-der-mitarbeiter-sind-der-meinung-dass-ihr-unternehmen-nicht-bereit-ist-hitzewellen-effektiv-zu-bewaeltigen\/\">53 % der Mitarbeiter sind der Meinung, dass ihr Unternehmen nicht bereit ist, Hitzewellen effektiv zu bew\u00e4ltigen.<\/a><div class=\"wp-block-latest-posts__post-excerpt\">OberA f\u00fchrte eine Umfrage unter 4.203 Erwerbst\u00e4tigen in Frankreich durch, um besser zu verstehen, wie Mitarbeiter Hitzewellen an ihrem Arbeitsplatz wahrnehmen und erleben.<\/div><\/li>\n<li><div class=\"wp-block-latest-posts__featured-image aligncenter\"><a href=\"https:\/\/obera.fr\/de\/verbundwerkstoffe\/voc-emissionen-bei-der-infusion-von-verbundwerkstoffen\/\" aria-label=\"VOC-Emissionen bei der Infusion von Verbundwerkstoffen\"><img decoding=\"async\" width=\"1024\" height=\"181\" src=\"https:\/\/obera.fr\/wp-content\/uploads\/2026\/03\/industrie-composite-opti-1024x181.jpg\" class=\"attachment-large size-large wp-post-image\" alt=\"optimale Verbundwerkstoffindustrie\" style=\"max-width:500px;\" srcset=\"https:\/\/obera.fr\/wp-content\/uploads\/2026\/03\/industrie-composite-opti-1024x181.jpg 1024w, https:\/\/obera.fr\/wp-content\/uploads\/2026\/03\/industrie-composite-opti-300x53.jpg 300w, https:\/\/obera.fr\/wp-content\/uploads\/2026\/03\/industrie-composite-opti-768x136.jpg 768w, https:\/\/obera.fr\/wp-content\/uploads\/2026\/03\/industrie-composite-opti-1536x272.jpg 1536w, https:\/\/obera.fr\/wp-content\/uploads\/2026\/03\/industrie-composite-opti.jpg 1980w\" sizes=\"(max-width: 1024px) 100vw, 1024px\" \/><\/a><\/div><a class=\"wp-block-latest-posts__post-title\" href=\"https:\/\/obera.fr\/de\/verbundwerkstoffe\/voc-emissionen-bei-der-infusion-von-verbundwerkstoffen\/\">VOC-Emissionen bei der Infusion von Verbundwerkstoffen<\/a><div class=\"wp-block-latest-posts__post-excerpt\">Die Vakuuminfusion ist ein weit verbreitetes Verfahren zur Herstellung gro\u00dfformatiger Verbundbauteile. Bei diesem Verfahren werden die Verst\u00e4rkungsfasern mit einem unter Vakuum angesaugten Fl\u00fcssigharz impr\u00e4gniert. <\/div><\/li>\n<li><div class=\"wp-block-latest-posts__featured-image aligncenter\"><a href=\"https:\/\/obera.fr\/de\/verbundwerkstoffe\/epoxidharzdaempfe-in-der-verbundwerkstoffindustrie\/\" aria-label=\"Epoxidharzd\u00e4mpfe in der Verbundwerkstoffindustrie\"><img decoding=\"async\" width=\"1024\" height=\"181\" src=\"https:\/\/obera.fr\/wp-content\/uploads\/2026\/03\/materiaux-composites-opti-1024x181.jpg\" class=\"attachment-large size-large wp-post-image\" alt=\"materiaux composites opti\" style=\"max-width:500px;\" srcset=\"https:\/\/obera.fr\/wp-content\/uploads\/2026\/03\/materiaux-composites-opti-1024x181.jpg 1024w, https:\/\/obera.fr\/wp-content\/uploads\/2026\/03\/materiaux-composites-opti-300x53.jpg 300w, https:\/\/obera.fr\/wp-content\/uploads\/2026\/03\/materiaux-composites-opti-768x136.jpg 768w, https:\/\/obera.fr\/wp-content\/uploads\/2026\/03\/materiaux-composites-opti-1536x272.jpg 1536w, https:\/\/obera.fr\/wp-content\/uploads\/2026\/03\/materiaux-composites-opti.jpg 1980w\" sizes=\"(max-width: 1024px) 100vw, 1024px\" \/><\/a><\/div><a class=\"wp-block-latest-posts__post-title\" href=\"https:\/\/obera.fr\/de\/verbundwerkstoffe\/epoxidharzdaempfe-in-der-verbundwerkstoffindustrie\/\">Epoxidharzd\u00e4mpfe in der Verbundwerkstoffindustrie<\/a><div class=\"wp-block-latest-posts__post-excerpt\">Epoxidharze werden in gro\u00dfem Umfang bei der Herstellung von Verbundwerkstoffen mit hoher mechanischer Leistung eingesetzt.<\/div><\/li>\n<\/ul>","protected":false},"excerpt":{"rendered":"<p>W\u00e4hrend Sie auf Ihre Bestellung warten, k\u00f6nnen Sie die neuesten Artikel des Blogs lesen.<\/p>\n","protected":false},"author":4,"featured_media":0,"parent":0,"menu_order":0,"comment_status":"closed","ping_status":"closed","template":"","meta":{"_acf_changed":false,"_seopress_robots_primary_cat":"","_seopress_titles_title":"","_seopress_titles_desc":"","_seopress_robots_index":"yes","footnotes":""},"class_list":{"0":"post-62073","1":"page","2":"type-page","3":"status-publish","5":"no-featured-image-padding"},"acf":[],"_links":{"self":[{"href":"https:\/\/obera.fr\/de\/wp-json\/wp\/v2\/pages\/62073","targetHints":{"allow":["GET"]}}],"collection":[{"href":"https:\/\/obera.fr\/de\/wp-json\/wp\/v2\/pages"}],"about":[{"href":"https:\/\/obera.fr\/de\/wp-json\/wp\/v2\/types\/page"}],"author":[{"embeddable":true,"href":"https:\/\/obera.fr\/de\/wp-json\/wp\/v2\/users\/4"}],"replies":[{"embeddable":true,"href":"https:\/\/obera.fr\/de\/wp-json\/wp\/v2\/comments?post=62073"}],"version-history":[{"count":1,"href":"https:\/\/obera.fr\/de\/wp-json\/wp\/v2\/pages\/62073\/revisions"}],"predecessor-version":[{"id":62075,"href":"https:\/\/obera.fr\/de\/wp-json\/wp\/v2\/pages\/62073\/revisions\/62075"}],"wp:attachment":[{"href":"https:\/\/obera.fr\/de\/wp-json\/wp\/v2\/media?parent=62073"}],"curies":[{"name":"wp","href":"https:\/\/api.w.org\/{rel}","templated":true}]}}