{"id":63952,"date":"2020-05-01T17:28:48","date_gmt":"2020-05-01T15:28:48","guid":{"rendered":"https:\/\/obera.fr\/mentions-legales\/"},"modified":"2026-03-04T11:52:53","modified_gmt":"2026-03-04T09:52:53","slug":"mentions-legales","status":"publish","type":"page","link":"https:\/\/obera.fr\/de\/mentions-legales\/","title":{"rendered":"Rechtliche Hinweise"},"content":{"rendered":"\n<h2 class=\"wp-block-heading\" id=\"l-annonceur\">Der Werbetreibende<\/h2>\n\n<p>Diese Website wird von oberA, mit einem Kapital von 20.000 \u20ac, mit Sitz in 4 Rue Denis Papin 67400 Illkirch-Graffenstaden, unter der SIRET-Nummer 832 913 487 00027, NAF-Code 4674B, herausgegeben und Ihnen zur Verf\u00fcgung gestellt.<\/p>\n\n<p>Die Website dient dazu, Ihnen Informationen \u00fcber den Anbieter und Links zu verschiedenen Internetseiten bereitzustellen. Die Website ist Eigentum des Anbieters.<\/p>\n\n<p>Diese Website wird gehostet von Name des Hosts: o2switch SAS mit einem Kapital von 100.000 \u20ac, Adresse: Chemin des Pardiaux, 63000 Clermont-Ferrand, SIRET: 510 909 807 00032 RCS Clermont Ferrand.<\/p>\n\n<h2 class=\"wp-block-heading\" id=\"respect-des-droits-de-propriete-et-marques\">Achtung von Eigentumsrechten und Marken<\/h2>\n\n<p>Alle Elemente, die Sie auf der Website sehen, h\u00f6ren oder lesen, sowie die Website selbst sind urheberrechtlich gesch\u00fctzt. Sie d\u00fcrfen in keinem Fall die Website oder Elemente der Website, wie Texte, Bilder oder T\u00f6ne, ohne die vorherige schriftliche Genehmigung des Anbieters nutzen, verbreiten, kopieren, reproduzieren, modifizieren, verf\u00e4lschen oder \u00fcbertragen. Die auf der Website erscheinenden Marken und Logos sind Eigentum des Anbieters oder werden mit Genehmigung genutzt. Ohne die schriftliche Genehmigung des Anbieters oder des Dritten, der die Rechte an der auf der Website erscheinenden Marke oder dem Logo besitzt, kann kein Recht oder keine Lizenz an einem dieser Elemente \u00fcbertragen werden. Der Anbieter beh\u00e4lt sich das Recht vor, jede Verletzung seiner geistigen Eigentumsrechte, auch im Rahmen einer strafrechtlichen Verfolgung, zu verfolgen.<\/p>\n\n<h2 class=\"wp-block-heading\" id=\"respect-des-images\">Respekt f\u00fcr Bilder<\/h2>\n\n<p>Die auf der Website erscheinenden Bilder oder Fotografien von Personen oder Orten sind Eigentum des Anbieters und\/oder werden vom Anbieter mit Zustimmung der Rechteinhaber verwendet. Die Verwendung dieser Bilder oder Fotografien ist ohne spezifische und ausdr\u00fcckliche Genehmigung des Anbieters untersagt. Jede unbefugte Nutzung kann eine Verletzung von Urheberrechten, Bildrechten, Pers\u00f6nlichkeitsrechten oder anderen f\u00fcr die Kommunikation oder Werbung geltenden Vorschriften darstellen.<\/p>\n\n<h3 class=\"wp-block-heading\">Kredite<\/h3>\n\n<ul class=\"wp-block-list\">\n<li>Gestaltung der Startseite durch <a href=\"https:\/\/pleaseagency.com\/\" data-type=\"link\" data-id=\"https:\/\/pleaseagency.com\/\">PLEASE CREATIVE AGENCY <\/a> <\/li>\n<\/ul>\n\n<h2 class=\"wp-block-heading\" id=\"mise-en-garde-generale\">Allgemeine Warnung<\/h2>\n\n<p>Der Anbieter haftet nicht f\u00fcr Sch\u00e4den, die sich aus dem Zugriff auf oder der Nutzung der Website ergeben k\u00f6nnten, einschlie\u00dflich aller Besch\u00e4digungen oder Viren, die Ihre Computerausr\u00fcstung oder andere G\u00fcter infizieren k\u00f6nnten. Obwohl der Anbieter sich in angemessener Weise bem\u00fcht, die auf der Website ver\u00f6ffentlichten Informationen zu aktualisieren, kann der Anbieter nicht f\u00fcr Fehler oder Auslassungen verantwortlich gemacht werden.<\/p>\n\n<h2 class=\"wp-block-heading\" id=\"exclusion-de-responsabilite-et-indemnisation\">Haftungsausschluss und Entsch\u00e4digung<\/h2>\n\n<p>Der Anbieter oder jede andere Partei, die im Zusammenhang mit der Website t\u00e4tig ist, haftet nicht f\u00fcr direkte, indirekte oder sonstige Sch\u00e4den, die sich aus dem Zugriff auf oder der Nutzung der Website oder der darin enthaltenen Informationen ergeben k\u00f6nnten. Sie werden den Anbieter und seine Tochtergesellschaften sowie seine Direktoren, F\u00fchrungskr\u00e4fte, Mitarbeiter, Vertreter, Lizenznehmer oder jede andere an der Erstellung, Produktion und Verbreitung der Website beteiligte Person von allen Anspr\u00fcchen, Haftungen, Kosten und Auslagen freistellen, verteidigen und schadlos halten, die sich aus Ihrer Verletzung dieser Nutzungsbedingungen oder im Zusammenhang mit Ihrer Nutzung der Website ergeben.<\/p>\n\n<h2 class=\"wp-block-heading\" id=\"informations-personnelles\">Pers\u00f6nliche Informationen<\/h2>\n\n<p>Unter pers\u00f6nlichen Informationen versteht man &#8222;Informationen, die in jeglicher Form, direkt oder indirekt, die Identifizierung der nat\u00fcrlichen Personen, auf die sie sich beziehen, erm\u00f6glichen&#8220; (Auszug aus Artikel 4 des Gesetzes Nr. 78-17 vom 6. Januar 1978).<\/p>\n\n<p>Dazu geh\u00f6ren zum Beispiel :<\/p>\n\n<ul class=\"wp-block-list\">\n<li>eines Namens,<\/li>\n\n\n\n<li>eine Postadresse,<\/li>\n\n\n\n<li>eine Telefonnummer,<\/li>\n\n\n\n<li>eine E-Mail-Adresse.<\/li>\n<\/ul>\n\n<p>Die Technik, die die automatische Konfiguration der Website zum Zeitpunkt Ihrer Anmeldung und die Vorauswahl von Informationen erm\u00f6glicht, ist die der Cookies.<\/p>\n\n<p>Das bedeutet, dass die Konfiguration der Website mit Ihrem Computer verkn\u00fcpft ist und dass daher alle Personen, die Ihren Computer benutzen, eine identisch konfigurierte Website haben.<\/p>\n\n<h2 class=\"wp-block-heading\" id=\"utilisation-de-vos-donnees-personnelles-communication-a-des-tiers\">Nutzung Ihrer pers\u00f6nlichen Daten &#8211; Weitergabe an Dritte<\/h2>\n\n<p>Durch die Nutzung dieser Website stimmen Sie der Verwendung Ihrer pers\u00f6nlichen Daten durch unsere Website zu, die Sie mitgeteilt haben oder die durch den Betrieb der Website gesammelt werden. Diese Daten sind notwendig, um Ihnen insbesondere Newsletter zuzusenden und Ihnen die Nutzung bestimmter von dieser Website angebotener Dienste zu erm\u00f6glichen.<\/p>\n\n<p>Gem\u00e4\u00df dem Gesetz vom 6. Januar 1978 haben Sie ein Recht auf Zugang, Berichtigung oder Widerspruch bez\u00fcglich der \u00fcber Sie gesammelten personenbezogenen Daten. Diese Rechte k\u00f6nnen durch Senden einer E-Mail oder eines Briefes an den Anbieter ausge\u00fcbt werden.<\/p>\n\n<p>Wir weisen Sie darauf hin, dass wir \u00fcber den Betrieb der Website automatisch Informationen sammeln, insbesondere \u00fcber die Seiten der Website, die Sie am meisten interessieren, um auf der Grundlage dieser Informationen Analysen und Statistiken zu erstellen, um Ihre W\u00fcnsche und Interessen besser kennenzulernen. So k\u00f6nnen wir Ihnen, vorbehaltlich des Folgenden, gezielte Informationen entsprechend Ihren Interessen zukommen lassen. Es ist m\u00f6glich, dass wir zu diesem Zweck Cookies verwenden.<\/p>\n\n<p>Wir k\u00f6nnen die so gesammelten personenbezogenen Daten, mit Ausnahme Ihrer E-Mail-Adresse, an Dritte unserer Wahl weitergeben, wie z. B. unsere Dienstleister oder Lieferanten, die an der Bereitstellung der angebotenen Dienste mitwirken. Die Weitergabe dieser Informationen an diese Lieferanten und Dienstleister kann f\u00fcr die Erbringung der Leistungen notwendig sein. Sie k\u00f6nnen der Weitergabe Ihrer Daten an Dritte ausdr\u00fccklich per E-Mail und\/oder per Brief an den Anbieter widersprechen.<\/p>\n\n<h2 class=\"wp-block-heading\" id=\"concernant-votre-adresse-e-mail\">In Bezug auf Ihre E-Mail-Adresse<\/h2>\n\n<p>Indem Sie uns Ihre E-Mail-Adresse mitteilen, beh\u00e4lt sich der Anbieter die M\u00f6glichkeit vor, Ihnen per E-Mail Newsletter und alle Informationen zu unseren Produkten und Dienstleistungen zuzusenden. Wenn Sie solche Nachrichten nicht erhalten m\u00f6chten, k\u00f6nnen Sie sich jederzeit abmelden, indem Sie auf den daf\u00fcr vorgesehenen Link klicken, der bei jedem Newsletter-Versand vorhanden ist.<\/p>\n\n<p>Dar\u00fcber hinaus k\u00f6nnen wir Ihre E-Mail-Adresse an Dritte weitergeben, die Ihnen unaufgeforderte Nachrichten per E-Mail senden k\u00f6nnten, die f\u00fcr Sie von Interesse sein k\u00f6nnten. Sie k\u00f6nnen uns jederzeit, insbesondere per E-Mail, kontaktieren, um die Einstellung einer solchen Weitergabe Ihrer E-Mail-Adresse zu verlangen.<\/p>\n\n<p>Gem\u00e4\u00df dem franz\u00f6sischen Recht k\u00f6nnen diese Informationen vom Inserenten an jede nat\u00fcrliche, juristische oder administrative Person weitergegeben werden, die das Recht hat, dies zu verlangen.<\/p>\n\n<p>Schlie\u00dflich erstellt der Anbieter aus den Nutzerdaten (personenbezogene oder nicht-personenbezogene Informationen) statistische Analysen f\u00fcr eigene Zwecke. Da diese aus diesen Analysen resultierenden Daten aggregiert und somit vollst\u00e4ndig anonym sind, kann der Anbieter sie gegebenenfalls an Dritte abtreten oder verkaufen.<\/p>\n\n<h2 class=\"wp-block-heading\" id=\"abonnement-a-la-newsletter-l-annonceur\">Abonnement des Newsletters des Inserenten<\/h2>\n\n<p>So k\u00f6nnen Sie sich \u00fcber die Website f\u00fcr den Newsletter der Website des Werbetreibenden anmelden.<\/p>\n\n<p>Dieser Newsletter dient dazu, Sie \u00fcber Dienstleistungen und neue Produkte des Inserenten zu informieren.<\/p>\n\n<p>Sie k\u00f6nnen die betreffende Website jederzeit per E-Mail dar\u00fcber informieren, dass Sie den Newsletter nicht mehr abonnieren m\u00f6chten, indem Sie auf &#8222;Abmelden&#8220; oder einen \u00e4hnlichen Hinweis klicken.<\/p>\n\n<p>Die Nutzungsbedingungen f\u00fcr Ihre pers\u00f6nlichen Daten sind die der betreffenden Website. Wir bitten Sie daher, diese Bedingungen auf der betreffenden Website zur Kenntnis zu nehmen.<\/p>\n\n<h2 class=\"wp-block-heading\" id=\"liens-externes\">Externe Links<\/h2>\n\n<p>Der Anbieter bietet Links von seiner Website zu anderen verbundenen und nicht verbundenen Websites an. Diese Websites sind unabh\u00e4ngig von der Website. Der Anbieter erstellt oder kontrolliert diese Websites nicht. Links zu allen Websites stellen in keinem Fall eine Billigung oder Partnerschaft zwischen dem Anbieter und diesen Websites dar. Daher kann der Anbieter nicht f\u00fcr deren Inhalte, Produkte, Werbung oder alle auf diesen Websites pr\u00e4sentierten Elemente oder Dienstleistungen verantwortlich gemacht werden. Wir weisen Sie darauf hin, dass verbundene oder nicht verbundene Websites ihren eigenen Nutzungsbedingungen und Datenschutzrichtlinien unterliegen.<\/p>\n\n<h2 class=\"wp-block-heading\" id=\"droit-applicable\">Anwendbares Recht<\/h2>\n\n<p>Diese Website unterliegt dem franz\u00f6sischen Recht.<\/p>\n\n<h2 class=\"wp-block-heading\" id=\"modification-des-conditions\">\u00c4nderung der Bedingungen<\/h2>\n\n<p>Der Anbieter beh\u00e4lt sich das Recht vor, diese Allgemeinen Gesch\u00e4ftsbedingungen jederzeit und ohne Vorank\u00fcndigung zu \u00e4ndern oder allgemeiner zu aktualisieren. Wir laden Sie daher ein, diese regelm\u00e4\u00dfig zu konsultieren.<\/p>\n\n<h2 class=\"wp-block-heading\" id=\"comment-nous-contacter-si-vous-avez-des-questions-sur-cette-charte\">Wie k\u00f6nnen Sie uns kontaktieren, wenn Sie Fragen zu dieser Charta haben?<\/h2>\n\n<p>Bitte teilen Sie uns Ihre W\u00fcnsche und Kommentare mit.<\/p>\n\n<p>Sollten Sie der Meinung sein, dass Ihre Daten w\u00e4hrend Ihres Besuchs auf dieser Website nicht Ihren W\u00fcnschen entsprechend verarbeitet wurden, bitten wir Sie, uns dies mitzuteilen. Wir werden Ihnen so schnell wie m\u00f6glich antworten.<\/p>\n\n<p>Wenn Sie in Zukunft nicht mehr nach einem Besuch auf dieser Website kontaktiert werden m\u00f6chten, wenn Sie eine von Ihnen \u00fcbermittelte pers\u00f6nliche Information \u00fcberpr\u00fcfen, korrigieren oder aktualisieren m\u00f6chten, <a href=\"https:\/\/obera.fr\/de\/contact\/\" data-type=\"page\" data-id=\"124\">schreiben Sie uns<\/a> bitte.<\/p>\n\n<p>Zuletzt ge\u00e4ndert am 24. April 2017.<\/p>\n","protected":false},"excerpt":{"rendered":"<p>Der Werbetreibende Diese Website wird von oberA, mit einem Kapital von 20.000 \u20ac, mit Sitz in 4 Rue Denis Papin 67400 Illkirch-Graffenstaden, unter der SIRET-Nummer 832 913 487 00027, NAF-Code 4674B, herausgegeben und Ihnen zur Verf\u00fcgung gestellt. Die Website dient dazu, Ihnen Informationen \u00fcber den Anbieter und Links zu verschiedenen Internetseiten bereitzustellen. Die Website ist Eigentum des Anbieters. Diese Website wird gehostet von Name des Hosts: o2switch SAS mit einem Kapital von 100.000 \u20ac, Adresse: Chemin des Pardiaux, 63000 Clermont-Ferrand, SIRET: 510 909 807 00032 RCS Clermont Ferrand. Achtung von Eigentumsrechten und Marken Alle Elemente, die Sie auf der Website &#8230; <\/p>\n<p class=\"read-more-container\"><a title=\"Rechtliche Hinweise\" class=\"read-more button\" href=\"https:\/\/obera.fr\/de\/mentions-legales\/#more-63952\" aria-label=\"Mehr Informationen \u00fcber Rechtliche Hinweise\">Lire la suite<\/a><\/p>\n","protected":false},"author":4,"featured_media":103618,"parent":0,"menu_order":0,"comment_status":"closed","ping_status":"closed","template":"","meta":{"_acf_changed":false,"_seopress_robots_primary_cat":"","_seopress_titles_title":"Mentions l\u00e9gales oberA.fr","_seopress_titles_desc":"Ce site est \u00e9dit\u00e9 et vous est propos\u00e9 par oberA, au capital de 20 000 \u20ac sous le num\u00e9ro SIRET 832 913 487 00019, code NAF 282514.","_seopress_robots_index":"yes","_seopress_analysis_target_kw":"","footnotes":""},"class_list":{"0":"post-63952","1":"page","2":"type-page","3":"status-publish","4":"has-post-thumbnail","6":"no-featured-image-padding","7":"resize-featured-image"},"acf":[],"_links":{"self":[{"href":"https:\/\/obera.fr\/de\/wp-json\/wp\/v2\/pages\/63952","targetHints":{"allow":["GET"]}}],"collection":[{"href":"https:\/\/obera.fr\/de\/wp-json\/wp\/v2\/pages"}],"about":[{"href":"https:\/\/obera.fr\/de\/wp-json\/wp\/v2\/types\/page"}],"author":[{"embeddable":true,"href":"https:\/\/obera.fr\/de\/wp-json\/wp\/v2\/users\/4"}],"replies":[{"embeddable":true,"href":"https:\/\/obera.fr\/de\/wp-json\/wp\/v2\/comments?post=63952"}],"version-history":[{"count":4,"href":"https:\/\/obera.fr\/de\/wp-json\/wp\/v2\/pages\/63952\/revisions"}],"predecessor-version":[{"id":141096,"href":"https:\/\/obera.fr\/de\/wp-json\/wp\/v2\/pages\/63952\/revisions\/141096"}],"wp:featuredmedia":[{"embeddable":true,"href":"https:\/\/obera.fr\/de\/wp-json\/wp\/v2\/media\/103618"}],"wp:attachment":[{"href":"https:\/\/obera.fr\/de\/wp-json\/wp\/v2\/media?parent=63952"}],"curies":[{"name":"wp","href":"https:\/\/api.w.org\/{rel}","templated":true}]}}