{"id":67295,"date":"2025-01-17T11:13:01","date_gmt":"2025-01-17T09:13:01","guid":{"rendered":"https:\/\/obera.fr\/produits\/depoussiereurs-industriels\/dustlight\/"},"modified":"2025-07-11T11:18:54","modified_gmt":"2025-07-11T09:18:54","slug":"dustlight","status":"publish","type":"page","link":"https:\/\/obera.fr\/de\/produits\/depoussiereurs-industriels\/dustlight\/","title":{"rendered":"\u00dcbernehmen Sie mit dem Dustlight die Kontrolle \u00fcber Ihre Arbeitsumgebung."},"content":{"rendered":"\n<div class=\"wp-block-columns is-layout-flex wp-container-core-columns-is-layout-28f84493 wp-block-columns-is-layout-flex\">\n<div class=\"wp-block-column is-layout-flow wp-block-column-is-layout-flow\">\n<div class=\"wp-block-media-text has-media-on-the-right is-stacked-on-mobile\" style=\"grid-template-columns:auto 33%\"><div class=\"wp-block-media-text__content\">\n<p>OberA ist stolz darauf, Ihnen den <strong>Dustlight<\/strong> vorzustellen, einen innovativen, tragbaren Analysator, der f\u00fcr die pr\u00e4zise Erkennung und Analyse von Feinstaub entwickelt wurde.  <\/p>\n\n\n\n<p>Dieses kompakte, zuverl\u00e4ssige und einfach zu bedienende Ger\u00e4t ist das ideale Werkzeug f\u00fcr Fachleute und Industrieunternehmen, die die Luftqualit\u00e4t \u00fcberwachen und Schwebstoffe identifizieren m\u00f6chten.<\/p>\n<\/div><figure class=\"wp-block-media-text__media\"><img decoding=\"async\" src=\"https:\/\/lh7-rt.googleusercontent.com\/docsz\/AD_4nXePsRD5Y4gAIBhHibguQOn0U6fgzh-p6iUVppCy2PUUWG4S_QIvoTfNJeagK6httptlC4XtT9kmxghV9258tIgq2J0QFwvU7BowEB_Xe_4_rgzVdEW0mM97dpA7WZj9dGkQUsTtMadi1obMqCXsxII?key=QO8r7RmlolM9MhCfcv5-73XE\" alt=\"Pr\u00e4vention von Staubrisiken | Arbeit-Arbeit.gouv.fr | Ministerium f\u00fcr Arbeit, Gesundheit, Solidarit\u00e4t und Familie\"\/><\/figure><\/div>\n\n\n\n<div style=\"height:41px\" aria-hidden=\"true\" class=\"wp-block-spacer\"><\/div>\n\n\n\n<div class=\"wp-block-buttons is-content-justification-center is-layout-flex wp-container-core-buttons-is-layout-a89b3969 wp-block-buttons-is-layout-flex\">\n<div class=\"wp-block-button\"><a class=\"wp-block-button__link has-text-align-center wp-element-button\" href=\"https:\/\/obera.fr\/formulaire-dustlight\/\">KOSTENLOSER 20-TAGE-TEST<\/a><\/div>\n<\/div>\n<\/div>\n<\/div>\n\n<p><\/p>\n\n<p><\/p>\n\n<h2 class=\"wp-block-heading\">Sch\u00fctzen Sie sich vor der unsichtbaren Gefahr von lungeng\u00e4ngigem Staub am Arbeitsplatz.<\/h2>\n\n<figure class=\"wp-block-image aligncenter is-resized\"><img decoding=\"async\" src=\"https:\/\/lh7-rt.googleusercontent.com\/docsz\/AD_4nXcOS0Hfg67TC29tD0YKTlwhEbY82uCB9DoKqHN4byLMiiWnWb6_cUR2kTh4CxjF9WQI7qzrJx1chS1E8L9qU3zGeBgcCaStWF9a7mYnCr73_ylzp9tDc1LItbkRpO8_Eg6aBoXNFQRLSfcDQnw1RmM?key=QO8r7RmlolM9MhCfcv5-73XE\" alt=\"Ein Bild mit Text, Elektronische Ger&#xE4;te, Elektronisches Ger&#xE4;t, Screenshot&#10;&#10;Automatisch generierte Beschreibung\" style=\"width:617px;height:auto\"\/><figcaption class=\"wp-element-caption\"><strong>Tragbarer Feinstaubanalysator<\/strong><\/figcaption><\/figure>\n\n<p>Mit dem Dustlight-Messger\u00e4t k\u00f6nnen Sie die Staubkonzentration genau messen.  <\/p>\n\n<p>in industriellen Umgebungen und sch\u00fctzen Sie Ihre Gesundheit und die Ihrer Mitarbeiter.<\/p>\n\n<p><\/p>\n\n<p>Atembarer Feinstaub kann zu ernsthaften Gesundheitsproblemen wie Atemwegserkrankungen, Herz-Kreislauf-Problemen und Krebs f\u00fchren.<\/p>\n\n<p><\/p>\n\n<p>Mit <strong>Dustlight<\/strong> k\u00f6nnen Sie diese Risiken effektiv minimieren, indem Sie die Staubbelastung messen und geeignete Schutzma\u00dfnahmen ergreifen.<\/p>\n\n<p><\/p>\n\n<p><strong>Dustlight<\/strong> misst die Staubbelastung jede Sekunde.  <\/p>\n\n<p>Die Werte k\u00f6nnen in unserer Smartphone- und Web-Applikation eingesehen und als Bericht heruntergeladen werden.  <\/p>\n\n<p><\/p>\n\n<h2 class=\"wp-block-heading\">Schaffen Sie eine sichere Arbeitsumgebung und investieren Sie in die Gesundheit Ihrer Mitarbeiter mit dem Dustlight Staubmonitor.<\/h2>\n\n<p><\/p>\n\n<p><strong>Schalten Sie ihn einfach ein, um sicher zu arbeiten!<\/strong><\/p>\n\n<p><\/p>\n\n<ul class=\"wp-block-list\">\n<li><strong>Kartierung und \u00dcberwachung der Staubkonzentrationen in Echtzeit<\/strong>: <strong>PM10, PM2.5 und PM1 <\/strong> <\/li>\n\n\n\n<li><strong>Fr\u00fchzeitige Warnung vor der Notwendigkeit, einen Atemschutz zu tragen<\/strong><\/li>\n\n\n\n<li><strong>Sichtbarmachung des Risikos der Exposition gegen\u00fcber gef\u00e4hrlichen St\u00e4uben (CMR)<\/strong><\/li>\n\n\n\n<li><strong>Identifizierung und Sichtbarmachung von Verschmutzungsquellen, um sie besser behandeln zu k\u00f6nnen<\/strong><\/li>\n\n\n\n<li><strong>Schutz der Arbeiter in Fabriken und auf Baustellen<\/strong><\/li>\n\n\n\n<li><strong>Nachweis von alveoleng\u00e4ngigem Staub<\/strong><\/li>\n\n\n\n<li><strong>Antizipation von Regulierungsma\u00dfnahmen<\/strong><\/li>\n\n\n\n<li><strong>Validierung einer implementierten L\u00f6sung<\/strong><\/li>\n<\/ul>\n\n<div class=\"wp-block-media-text has-media-on-the-right is-stacked-on-mobile\" style=\"grid-template-columns:auto 20%\"><div class=\"wp-block-media-text__content\">\n<p class=\"has-text-align-center\"><strong>Innovative L\u00f6sung  <\/strong><\/p>\n\n\n\n<p class=\"has-text-align-center\"><strong>Hilft, kritische Situationen in Echtzeit zu erkennen,<\/strong> <strong>Beitrag zum Schutz der Gesundheit<\/strong> <strong>der Gesundheit der Arbeitnehmer: PREVENTION <\/strong> <\/p>\n<\/div><figure class=\"wp-block-media-text__media\"><img decoding=\"async\" src=\"https:\/\/lh7-rt.googleusercontent.com\/docsz\/AD_4nXeMFP13jbj-PgQg3zsXKleNzM21nevJo4ZMdadvv0-GNt5HN84xZQB6mAnWebn-wFPR-rT_1JpVNez2htbLY9d4Ve75JkuKUHIqs0fLQs9OeMiTljWOFxzfyO-fptezwx-JAYi4g5NCkfxQYE6Rrw?key=QO8r7RmlolM9MhCfcv5-73XE\" alt=\"Click Fast - Chest Strap\"\/><\/figure><\/div>\n\n<h3 class=\"wp-block-heading\">Einfach, zuverl\u00e4ssig und robust<\/h3>\n\n<p>Sofortige Erkennung: eine sehr effiziente und genaue Ma\u00dfnahme.<\/p>\n\n<p>Schnelle Bewertung der Staubbelastung mit farbiger Anzeige und akustischer Warnung.<\/p>\n\n<p>Ampel-System, das die \u00dcberschreitung der Grenzwerte schnell und deutlich anzeigt, so dass Sie sofort handeln k\u00f6nnen.<\/p>\n\n<h3 class=\"wp-block-heading\">Anwendungsbereiche<\/h3>\n\n<ul class=\"wp-block-list\">\n<li>Holzindustrie: Spezieller Algorithmus zur Messung des Staubs von Hart- und Weichholz<\/li>\n\n\n\n<li>Schwei\u00dfen: \u00dcberwachung von Schwei\u00dfrauch und Metallstaub.<\/li>\n\n\n\n<li>Messung geeignet f\u00fcr Substanzen wie Siliziumdioxid und Pulver<\/li>\n\n\n\n<li>Lebensmittelindustrie<\/li>\n\n\n\n<li>Konfigurierbar f\u00fcr spezifische Anwendungen<\/li>\n<\/ul>\n\n<h3 class=\"wp-block-heading\">Technologie und Innovationen<\/h3>\n\n<ul class=\"wp-block-list\">\n<li>Photometrischer Lasersensor<\/li>\n\n\n\n<li>Schnelle und genaue Erkennung von Partikeln<\/li>\n\n\n\n<li>Schutz des Sensors<\/li>\n\n\n\n<li>Gefilterter Luftstrom und automatisches Reinigungssystem f\u00fcr eine l\u00e4ngere Lebensdauer.<\/li>\n<\/ul>\n\n<h3 class=\"wp-block-heading\">Getestet und genehmigt<\/h3>\n\n<p>Validiert durch das Institut f\u00fcr Gefahrstoffforschung (IGF)  <\/p>\n\n<p><\/p>\n\n<figure class=\"wp-block-image aligncenter is-resized\"><img decoding=\"async\" src=\"https:\/\/lh7-rt.googleusercontent.com\/docsz\/AD_4nXdpqfRaq3oGk9dAXgZ7x3rjs5SzASfAHYKydUkBgvmnTjZ5JgpSdlKbZKnVxPfWPOjTUifc5SLMAcyDv4ciV6yYT5AQcLkpX61KeDgoaoVP7TC-bwCWL_w0JA6woMYYZDAlgg7ewWyzWQmlIVx4LA?key=QO8r7RmlolM9MhCfcv5-73XE\" alt=\"Dustlight respirable dust Measuring device for monitoring air quality in the workplace, robust and portable for industrial use. Gr&#xFC;ne LED zeigt an, dass die Staubbelastung unter dem Schwellenwert liegt.\" style=\"width:458px;height:auto\"\/><\/figure>\n\n<h2 class=\"wp-block-heading\">Hauptmerkmale<\/h2>\n\n<h3 class=\"wp-block-heading\">Genaue Messungen<\/h3>\n\n<p>\u00dcberwachung von Staub PM10, PM2.5 und PM1 mit einer Aufl\u00f6sung von 1 \u00b5g\/m\u00b3.<\/p>\n\n<h3 class=\"wp-block-heading\">Visuelles Warnsystem  <\/h3>\n\n<ul class=\"wp-block-list\">\n<li>LED-Anzeige und Signallicht (gr\u00fcn, gelb, rot) basierend auf den Grenzwerten<\/li>\n\n\n\n<li>der TRGS 900 (entspricht dem deutschen Arbeitsplatzgrenzwert)<\/li>\n\n\n\n<li>Anzeige der aktuellen Belastung mit alveoleng\u00e4ngigem Staub<\/li>\n\n\n\n<li>Batterielebensdauer bis zu 40 Stunden (Eco-Modus) + Ladestatus<\/li>\n<\/ul>\n\n<h3 class=\"wp-block-heading\">Robustheit<\/h3>\n\n<ul class=\"wp-block-list\">\n<li>Fortgeschrittene Staubschutzausr\u00fcstung  <\/li>\n\n\n\n<li>f\u00fcr eine maximale Lebensdauer (Vorfilter, gefilterte Luft, Selbstreinigung)<\/li>\n\n\n\n<li>Patentiertes Schutzsystem f\u00fcr dauerhaft saubere Sensoren<\/li>\n\n\n\n<li>Staubfreie Ladebuchse<\/li>\n<\/ul>\n\n<h3 class=\"wp-block-heading\">Flexible Befestigung<\/h3>\n\n<ul class=\"wp-block-list\">\n<li>Patentiertes Klick-Fast-System, anpassbar (Clip, Klettverschluss, Patch)<\/li>\n<\/ul>\n\n<h3 class=\"wp-block-heading\">Technische Daten<\/h3>\n\n<ul class=\"wp-block-list\">\n<li>Abmessungen: 69 x 69 x 32,5 mm (ohne Clip)<\/li>\n\n\n\n<li>Gewicht: 149 g<\/li>\n\n\n\n<li>Batterie: Lithium-Ionen, a<\/li>\n\n\n\n<li>Schutzklasse: IP4X<\/li>\n\n\n\n<li>Temperatur bei Betrieb : -10 bis +50 \u00b0C<\/li>\n\n\n\n<li>Messbereich: 0 &#8211; 10.000 \u00b5g\/m\u00b3.<\/li>\n\n\n\n<li>Verbundene Dienstleistungen<\/li>\n\n\n\n<li>Spezifische Konfigurationen: Anpassung an spezifische Umgebungen  <\/li>\n\n\n\n<li>(z.B. Holz, Schwei\u00dfen).<\/li>\n\n\n\n<li>Wartung: J\u00e4hrlicher Service einschlie\u00dflich Reinigung, Neukalibrierung und Software-Update.<\/li>\n<\/ul>\n\n<h2 class=\"wp-block-heading\">Dustlight ist jetzt \u00fcber die neue Webanwendung und die Smartphone-Anwendung zug\u00e4nglich.  <\/h2>\n\n<ul class=\"wp-block-list\">\n<li>Modernste Messtechnologie, die den Staubgehalt auf die Sekunde genau erfasst.  <\/li>\n\n\n\n<li>Integriertes Warnsystem, das zur Einhaltung der Luftqualit\u00e4tsstandards beitr\u00e4gt<\/li>\n\n\n\n<li>Individuelle Anpassung der Grenzwerte in der Anwendung und der Webanwendung<\/li>\n\n\n\n<li>Warnung durch akustische und farbige Signale, wenn die von Ihnen festgelegten Grenzwerte \u00fcberschritten werden, um fr\u00fchzeitig Entscheidungen treffen zu k\u00f6nnen.<\/li>\n\n\n\n<li>Erweiterte Berichte und Datenanalyse &#8211; Direkter Download von Risikobewertungsberichten &#8211; eine wichtige Unterst\u00fctzung f\u00fcr die ESG-Berichterstattung.\n<ul class=\"wp-block-list\">\n<li>CSV- oder PDF-Format<\/li>\n<\/ul>\n<\/li>\n<\/ul>\n\n<figure class=\"wp-block-image aligncenter is-resized\"><img decoding=\"async\" src=\"https:\/\/lh7-rt.googleusercontent.com\/docsz\/AD_4nXfpUeAu-RQ97rEMo0ogKOvI3id8fXZbwSMJwAgs-GtmaJ_Q5nyjpb40R12sTCs5kSWbL5tB4dLEl37jMKzpdX0-E-_fW3yQnN7Lb1c_7lYFSPlGmw0UjR5Ubi1ZHw8JTmPjIJIIkzYCGP9bS9qSE6Y?key=QO8r7RmlolM9MhCfcv5-73XE\" alt=\"Ein Bild mit Text, Multimedia, elektronischen Ger&#xE4;ten, Software&#10;&#10;Automatisch generierte Beschreibung\" style=\"width:800px;height:auto\"\/><\/figure>\n\n<p class=\"has-text-align-center\"><strong>Bestellen Sie Ihr Dustlight noch heute  <\/strong><\/p>\n\n<p class=\"has-text-align-center\"><strong>und sorgen Sie f\u00fcr ein sichereres Arbeitsumfeld!<\/strong><\/p>\n\n<div class=\"wp-block-buttons is-content-justification-center is-layout-flex wp-container-core-buttons-is-layout-a89b3969 wp-block-buttons-is-layout-flex\">\n<div class=\"wp-block-button\"><a class=\"wp-block-button__link has-text-align-center wp-element-button\" href=\"https:\/\/obera.fr\/formulaire-dustlight\/\">KOSTENLOSER 20-TAGE-TEST<\/a><\/div>\n<\/div>\n","protected":false},"excerpt":{"rendered":"<p>OberA ist stolz darauf, Ihnen den Dustlight vorzustellen, einen innovativen, tragbaren Analysator, der f\u00fcr die pr\u00e4zise Erkennung und Analyse von Feinstaub entwickelt wurde. Dieses kompakte, zuverl\u00e4ssige und einfach zu bedienende Ger\u00e4t ist das ideale Werkzeug f\u00fcr Fachleute und Industrieunternehmen, die die Luftqualit\u00e4t \u00fcberwachen und Schwebstoffe identifizieren m\u00f6chten. Sch\u00fctzen Sie sich vor der unsichtbaren Gefahr von lungeng\u00e4ngigem Staub am Arbeitsplatz. Mit dem Dustlight-Messger\u00e4t k\u00f6nnen Sie die Staubkonzentration genau messen. in industriellen Umgebungen und sch\u00fctzen Sie Ihre Gesundheit und die Ihrer Mitarbeiter. Atembarer Feinstaub kann zu ernsthaften Gesundheitsproblemen wie Atemwegserkrankungen, Herz-Kreislauf-Problemen und Krebs f\u00fchren. Mit Dustlight k\u00f6nnen Sie diese Risiken effektiv minimieren, &#8230; <\/p>\n<p class=\"read-more-container\"><a title=\"\u00dcbernehmen Sie mit dem Dustlight die Kontrolle \u00fcber Ihre Arbeitsumgebung.\" class=\"read-more button\" href=\"https:\/\/obera.fr\/de\/produits\/depoussiereurs-industriels\/dustlight\/#more-67295\" aria-label=\"Mehr Informationen \u00fcber \u00dcbernehmen Sie mit dem Dustlight die Kontrolle \u00fcber Ihre Arbeitsumgebung.\">Lire la suite<\/a><\/p>\n","protected":false},"author":4,"featured_media":103618,"parent":32379,"menu_order":0,"comment_status":"closed","ping_status":"closed","template":"","meta":{"_acf_changed":false,"_seopress_robots_primary_cat":"","_seopress_titles_title":"\u00dcbernehmen Sie mit dem Dustlight die Kontrolle \u00fcber Ihre Arbeitsumgebung.","_seopress_titles_desc":"Entdecken Sie den Dustlight von OberA, einen pr\u00e4zisen und kompakten tragbaren Analysator f\u00fcr die Feinstaubmessung. Ideal zur \u00dcberwachung der Luftqualit\u00e4t.","_seopress_robots_index":"","footnotes":""},"class_list":{"0":"post-67295","1":"page","2":"type-page","3":"status-publish","4":"has-post-thumbnail","6":"no-featured-image-padding","7":"resize-featured-image"},"acf":[],"_links":{"self":[{"href":"https:\/\/obera.fr\/de\/wp-json\/wp\/v2\/pages\/67295","targetHints":{"allow":["GET"]}}],"collection":[{"href":"https:\/\/obera.fr\/de\/wp-json\/wp\/v2\/pages"}],"about":[{"href":"https:\/\/obera.fr\/de\/wp-json\/wp\/v2\/types\/page"}],"author":[{"embeddable":true,"href":"https:\/\/obera.fr\/de\/wp-json\/wp\/v2\/users\/4"}],"replies":[{"embeddable":true,"href":"https:\/\/obera.fr\/de\/wp-json\/wp\/v2\/comments?post=67295"}],"version-history":[{"count":4,"href":"https:\/\/obera.fr\/de\/wp-json\/wp\/v2\/pages\/67295\/revisions"}],"predecessor-version":[{"id":121612,"href":"https:\/\/obera.fr\/de\/wp-json\/wp\/v2\/pages\/67295\/revisions\/121612"}],"up":[{"embeddable":true,"href":"https:\/\/obera.fr\/de\/wp-json\/wp\/v2\/pages\/32379"}],"wp:featuredmedia":[{"embeddable":true,"href":"https:\/\/obera.fr\/de\/wp-json\/wp\/v2\/media\/103618"}],"wp:attachment":[{"href":"https:\/\/obera.fr\/de\/wp-json\/wp\/v2\/media?parent=67295"}],"curies":[{"name":"wp","href":"https:\/\/api.w.org\/{rel}","templated":true}]}}