{"id":47213,"date":"2021-09-17T09:11:07","date_gmt":"2021-09-17T07:11:07","guid":{"rendered":"https:\/\/obera.fr\/%ce%b1%ce%b9%cf%83%ce%b8%ce%b7%cf%84%ce%ae%cf%81%ce%b1%cf%82-co2-obcare\/"},"modified":"2025-11-15T17:19:42","modified_gmt":"2025-11-15T15:19:42","slug":"capteur-co2-obcare","status":"publish","type":"page","link":"https:\/\/obera.fr\/el\/produits\/analyseurs-air\/capteur-co2-obcare\/","title":{"rendered":"\u0391\u03b9\u03c3\u03b8\u03b7\u03c4\u03ae\u03c1\u03b1\u03c2 CO2 OBCARE"},"content":{"rendered":"\n<h2 class=\"wp-block-heading\">\u039c\u03ad\u03c4\u03c1\u03b7\u03c3\u03b7 \u03c4\u03b7\u03c2 \u03c0\u03bf\u03b9\u03cc\u03c4\u03b7\u03c4\u03b1\u03c2 \u03c4\u03bf\u03c5 \u03b1\u03ad\u03c1\u03b1 \u03bc\u03b5 \u03c6\u03c9\u03c4\u03b5\u03b9\u03bd\u03bf\u03cd\u03c2 \u03c3\u03b7\u03bc\u03b1\u03c4\u03bf\u03b4\u03cc\u03c4\u03b5\u03c2<\/h2>\n\n\n\n<div class=\"wp-block-columns is-layout-flex wp-container-core-columns-is-layout-28f84493 wp-block-columns-is-layout-flex\">\n<div class=\"wp-block-column is-layout-flow wp-block-column-is-layout-flow\" style=\"flex-basis:33.33%\">\n<figure class=\"wp-block-image aligncenter size-full is-resized\"><img decoding=\"async\" width=\"300\" height=\"212\" src=\"https:\/\/obera.fr\/wp-content\/uploads\/2021\/11\/Capteur_CO2_OBCARE.png\" alt=\"\u03b1\u03b9\u03c3\u03b8\u03b7\u03c4\u03ae\u03c1\u03b1\u03c2 co2 obcare\" class=\"wp-image-7611\" style=\"width:300px;height:212px\"\/><figcaption class=\"wp-element-caption\">OBCARE<\/figcaption><\/figure>\n<\/div>\n\n\n\n<div class=\"wp-block-column is-vertically-aligned-center is-layout-flow wp-block-column-is-layout-flow\" style=\"flex-basis:66.66%\">\n<p>\u039f \u03b1\u03b9\u03c3\u03b8\u03b7\u03c4\u03ae\u03c1\u03b1\u03c2 CO2 <strong>OBCARE <\/strong>\u03c0\u03b1\u03c1\u03b1\u03ba\u03bf\u03bb\u03bf\u03c5\u03b8\u03b5\u03af \u03c4\u03b7\u03bd \u03c0\u03bf\u03b9\u03cc\u03c4\u03b7\u03c4\u03b1 \u03c4\u03bf\u03c5 \u03b1\u03ad\u03c1\u03b1 \u03c3\u03b5 \u03ba\u03bb\u03b5\u03b9\u03c3\u03c4\u03bf\u03cd\u03c2 \u03c7\u03ce\u03c1\u03bf\u03c5\u03c2 \u03c3\u03b5 \u03c0\u03c1\u03b1\u03b3\u03bc\u03b1\u03c4\u03b9\u03ba\u03cc \u03c7\u03c1\u03cc\u03bd\u03bf. \u0397 \u03c0\u03bf\u03bb\u03cd\u03c7\u03c1\u03c9\u03bc\u03b7 \u03bf\u03b8\u03cc\u03bd\u03b7 \u03c4\u03bf\u03c5 \u03bc\u03b5 \u03c4\u03b9\u03c2 \u03c0\u03c1\u03bf\u03b5\u03b9\u03b4\u03bf\u03c0\u03bf\u03b9\u03b7\u03c4\u03b9\u03ba\u03ad\u03c2 \u03bb\u03c5\u03c7\u03bd\u03af\u03b5\u03c2 \u03b4\u03af\u03bd\u03b5\u03b9 \u03ac\u03bc\u03b5\u03c3\u03b7 \u03b5\u03b9\u03ba\u03cc\u03bd\u03b1 \u03c4\u03b7\u03c2 \u03c0\u03bf\u03b9\u03cc\u03c4\u03b7\u03c4\u03b1\u03c2 \u03c4\u03bf\u03c5 \u03b1\u03ad\u03c1\u03b1 \u03ba\u03b1\u03b9 \u03b5\u03bc\u03c6\u03b1\u03bd\u03af\u03b6\u03b5\u03b9 \u03c4\u03b7 <strong>\u03c3\u03c5\u03b3\u03ba\u03ad\u03bd\u03c4\u03c1\u03c9\u03c3\u03b7 \u03c4\u03bf\u03c5 CO2 \u03c3\u03b5 ppm<\/strong>. \u0391\u03c5\u03c4\u03ad\u03c2 \u03bf\u03b9 \u03bb\u03c5\u03c7\u03bd\u03af\u03b5\u03c2 \u03c0\u03b1\u03c1\u03ad\u03c7\u03bf\u03c5\u03bd \u03c3\u03b1\u03c6\u03b5\u03af\u03c2 \u03bf\u03c0\u03c4\u03b9\u03ba\u03ad\u03c2 \u03b5\u03bd\u03b4\u03b5\u03af\u03be\u03b5\u03b9\u03c2 \u03ba\u03b1\u03b9 \u03c0\u03c1\u03bf\u03b5\u03b9\u03b4\u03bf\u03c0\u03bf\u03b9\u03bf\u03cd\u03bd \u03c4\u03bf\u03c5\u03c2 \u03c7\u03c1\u03ae\u03c3\u03c4\u03b5\u03c2 \u03b3\u03b9\u03b1 \u03c4\u03b9\u03c2 \u03b5\u03bd\u03ad\u03c1\u03b3\u03b5\u03b9\u03b5\u03c2 \u03c0\u03bf\u03c5 \u03c0\u03c1\u03ad\u03c0\u03b5\u03b9 \u03bd\u03b1 \u03ba\u03ac\u03bd\u03bf\u03c5\u03bd: \u03bd\u03b1 <strong>\u03ba\u03b1\u03b8\u03b1\u03c1\u03af\u03c3\u03bf\u03c5\u03bd \u03c4\u03bf\u03bd \u03b1\u03ad\u03c1\u03b1 <\/strong>\u03bc\u03b5 \u03c4\u03b7\u03bd \u03b5\u03b3\u03ba\u03b1\u03c4\u03ac\u03c3\u03c4\u03b1\u03c3\u03b7 \u03ba\u03b9\u03bd\u03b7\u03c4\u03ce\u03bd \u03bc\u03bf\u03bd\u03ac\u03b4\u03c9\u03bd \u03ba\u03b1\u03b8\u03b1\u03c1\u03b9\u03c3\u03bc\u03bf\u03cd \u03b1\u03ad\u03c1\u03b1 \u03ae\/\u03ba\u03b1\u03b9 <strong>\u03bd\u03b1 \u03b1\u03b5\u03c1\u03af\u03c3\u03bf\u03c5\u03bd \u03bc\u03b5 \u03c6\u03c5\u03c3\u03b9\u03ba\u03cc \u03c4\u03c1\u03cc\u03c0\u03bf<\/strong>.  <\/p>\n\n\n\n<div class=\"wp-block-columns is-layout-flex wp-container-core-columns-is-layout-28f84493 wp-block-columns-is-layout-flex\">\n<div class=\"wp-block-column is-layout-flow wp-block-column-is-layout-flow\" style=\"flex-basis:33.34%\">\n<div class=\"wp-block-buttons is-content-justification-center is-layout-flex wp-container-core-buttons-is-layout-a89b3969 wp-block-buttons-is-layout-flex\">\n<div class=\"wp-block-button\"><a class=\"wp-block-button__link wp-element-button\" href=\"https:\/\/obera.fr\/wp-content\/uploads\/2025\/06\/en-brochure-obcare.pdf\">\u039a\u03b1\u03c4\u03b5\u03b2\u03ac\u03c3\u03c4\u03b5 \u03c4\u03bf \u03c6\u03c5\u03bb\u03bb\u03ac\u03b4\u03b9\u03bf<\/a><\/div>\n<\/div>\n<\/div>\n\n\n\n<div class=\"wp-block-column is-layout-flow wp-block-column-is-layout-flow\" style=\"flex-basis:33.34%\">\n<div class=\"wp-block-buttons is-horizontal is-content-justification-center is-layout-flex wp-container-core-buttons-is-layout-03627597 wp-block-buttons-is-layout-flex\">\n<div class=\"wp-block-button\"><a class=\"wp-block-button__link wp-element-button\" href=\"https:\/\/boutique.obera.fr\/52-acheter-capteur-co2-obcare.html\" target=\"_blank\" rel=\"noreferrer noopener\">\u0391\u03b3\u03bf\u03c1\u03ac\u03c3\u03c4\u03b5 \u03c4\u03bf\u03bd \u03b1\u03b9\u03c3\u03b8\u03b7\u03c4\u03ae\u03c1\u03b1 CO2 OBCARE  <\/a><\/div>\n<\/div>\n<\/div>\n\n\n\n<div class=\"wp-block-column is-layout-flow wp-block-column-is-layout-flow\" style=\"flex-basis:33.33%\">\n<div class=\"wp-block-buttons is-content-justification-center is-layout-flex wp-container-core-buttons-is-layout-a89b3969 wp-block-buttons-is-layout-flex\">\n<div class=\"wp-block-button btn-devis-source\"><a class=\"wp-block-button__link wp-element-button\" href=\"https:\/\/obera.fr\/el\/devis\/\">\u0396\u03b7\u03c4\u03ae\u03c3\u03c4\u03b5 \u03c0\u03c1\u03bf\u03c3\u03c6\u03bf\u03c1\u03ac<\/a><\/div>\n<\/div>\n\n\n<script>\r\ndocument.addEventListener('DOMContentLoaded', function() {\r\n    \/\/ 1. On cherche le titre H1 de la page\r\n    var h1 = document.querySelector('h1');\r\n    var productTitle = h1 ? h1.innerText.trim() : \"\";\r\n\r\n    \/\/ 2. On cherche les boutons via la classe CSS .btn-devis-source\r\n    var buttons = document.querySelectorAll('.btn-devis-source a');\r\n\r\n    \/\/ 3. Si on a le titre et les boutons, on ajoute le param\u00e8tre\r\n    if (buttons.length > 0 && productTitle !== \"\") {\r\n        var encodedTitle = encodeURIComponent(productTitle);\r\n\r\n        buttons.forEach(function(btn) {\r\n            var currentHref = btn.getAttribute('href');\r\n            \r\n            \/\/ S\u00e9curit\u00e9 pour ne pas ajouter le param\u00e8tre 2 fois\r\n            if (currentHref.indexOf('sujet=') === -1) {\r\n                var separator = currentHref.indexOf('?') !== -1 ? '&' : '?';\r\n                var newLink = currentHref + separator + 'sujet=' + encodedTitle;\r\n                \r\n                btn.setAttribute('href', newLink);\r\n            }\r\n        });\r\n    }\r\n});\r\n<\/script><\/div>\n<\/div>\n<\/div>\n<\/div>\n\n\n\n<h2 class=\"wp-block-heading\">\u03a4\u03b1 \u03c0\u03bb\u03b5\u03bf\u03bd\u03b5\u03ba\u03c4\u03ae\u03bc\u03b1\u03c4\u03b1 \u03c4\u03bf\u03c5 OBCARE<\/h2>\n\n\n\n<div class=\"wp-block-columns is-layout-flex wp-container-core-columns-is-layout-28f84493 wp-block-columns-is-layout-flex\">\n<div class=\"wp-block-column is-layout-flow wp-block-column-is-layout-flow\">\n<h3 class=\"wp-block-heading has-text-align-left\">\u03ba\u03b1\u03a0\u03c4\u03ae\u03c1\u03b1 CO2<\/h3>\n\n\n\n<p>\u039f \u03b1\u03b9\u03c3\u03b8\u03b7\u03c4\u03ae\u03c1\u03b1\u03c2 CO2 <strong>\u03c4\u03bf\u03c5 OBCARE <\/strong>\u03bc\u03b5\u03c4\u03c1\u03ac \u03c3\u03c5\u03bd\u03b5\u03c7\u03ce\u03c2 \u03c4\u03b7\u03bd \u03c0\u03bf\u03b9\u03cc\u03c4\u03b7\u03c4\u03b1 \u03c4\u03bf\u03c5 \u03b1\u03ad\u03c1\u03b1. \u039f\u03b9 \u03c0\u03bb\u03b7\u03c1\u03bf\u03c6\u03bf\u03c1\u03af\u03b5\u03c2 \u03c0\u03bf\u03c5 \u03b5\u03bc\u03c6\u03b1\u03bd\u03af\u03b6\u03bf\u03bd\u03c4\u03b1\u03b9 \u03c3\u03b5 ppm \u03b4\u03af\u03bd\u03bf\u03bd\u03c4\u03b1\u03b9 \u03c3\u03b5 \u03c0\u03c1\u03b1\u03b3\u03bc\u03b1\u03c4\u03b9\u03ba\u03cc \u03c7\u03c1\u03cc\u03bd\u03bf. \u0397 \u03c3\u03c5\u03c3\u03ba\u03b5\u03c5\u03ae \u03b5\u03b3\u03ba\u03b1\u03b8\u03af\u03c3\u03c4\u03b1\u03c4\u03b1\u03b9 \u03ba\u03b1\u03b9 \u03bc\u03b5\u03c4\u03b1\u03ba\u03b9\u03bd\u03b5\u03af\u03c4\u03b1\u03b9 \u03b5\u03cd\u03ba\u03bf\u03bb\u03b1.    <\/p>\n<\/div>\n\n\n\n<div class=\"wp-block-column is-layout-flow wp-block-column-is-layout-flow\">\n<h3 class=\"wp-block-heading has-text-align-left\">\u03a0\u0391\u03a1\u0391\u0394\u0395\u038a\u0393\u039c\u0391\u03a4\u0391 \u0392\u0399\u039f\u039c\u0397\u03a7\u0391\u039d\u0399\u038f\u039d<\/h3>\n\n\n\n<ul class=\"wp-block-list\">\n<li>ERP<\/li>\n\n\n\n<li>\u0393\u03c1\u03b1\u03c6\u03b5\u03af\u03b1<\/li>\n\n\n\n<li>\u0391\u03b8\u03bb\u03b7\u03c4\u03b9\u03ba\u03ad\u03c2 \u03b1\u03af\u03b8\u03bf\u03c5\u03c3\u03b5\u03c2  <\/li>\n\n\n\n<li>\u0391\u03af\u03b8\u03bf\u03c5\u03c3\u03b5\u03c2 \u03b1\u03bd\u03b1\u03bc\u03bf\u03bd\u03ae\u03c2<\/li>\n\n\n\n<li>\u03a3\u03c7\u03bf\u03bb\u03b5\u03af\u03b1<\/li>\n\n\n\n<li>\u0391\u03bd\u03bf\u03b9\u03c7\u03c4\u03bf\u03af \u03c7\u03ce\u03c1\u03bf\u03b9<\/li>\n\n\n\n<li>\u039c\u03b5\u03c4\u03bf\u03c7\u03ad\u03c2<\/li>\n<\/ul>\n<\/div>\n<\/div>\n\n\n\n<h2 class=\"wp-block-heading\">\u03a4\u03cd\u03c0\u03bf\u03b9 \u03c3\u03c5\u03bd\u03b1\u03c1\u03bc\u03bf\u03bb\u03cc\u03b3\u03b7\u03c3\u03b7\u03c2<\/h2>\n\n\n\n<p>\u039f \u03bc\u03b5\u03c4\u03c1\u03b7\u03c4\u03ae\u03c2 \u03c0\u03bf\u03b9\u03cc\u03c4\u03b7\u03c4\u03b1\u03c2 \u03b1\u03ad\u03c1\u03b1 \u03bc\u03c0\u03bf\u03c1\u03b5\u03af \u03bd\u03b1 \u03c4\u03bf\u03c0\u03bf\u03b8\u03b5\u03c4\u03b7\u03b8\u03b5\u03af \u03c3\u03b5 \u03c4\u03c1\u03b1\u03c0\u03ad\u03b6\u03b9 \u03ae \u03c3\u03b5 \u03c4\u03bf\u03af\u03c7\u03bf. \u0397 \u03b2\u03ac\u03c3\u03b7 \u03c4\u03bf\u03c5 \u03b1\u03c0\u03cc \u03b1\u03bd\u03bf\u03be\u03b5\u03af\u03b4\u03c9\u03c4\u03bf \u03c7\u03ac\u03bb\u03c5\u03b2\u03b1<strong>(\u03b4\u03b9\u03b1\u03c4\u03af\u03b8\u03b5\u03c4\u03b1\u03b9 \u03c0\u03c1\u03bf\u03b1\u03b9\u03c1\u03b5\u03c4\u03b9\u03ba\u03ac<\/strong>) \u03b5\u03c0\u03b9\u03c4\u03c1\u03ad\u03c0\u03b5\u03b9 \u03c4\u03b7 \u03b2\u03ad\u03bb\u03c4\u03b9\u03c3\u03c4\u03b7 \u03c4\u03bf\u03c0\u03bf\u03b8\u03ad\u03c4\u03b7\u03c3\u03ae \u03c4\u03bf\u03c5 \u03b5\u03bd\u03c4\u03cc\u03c2 \u03c4\u03bf\u03c5 \u03c7\u03ce\u03c1\u03bf\u03c5. \u0397 \u03ba\u03b1\u03bb\u03ae \u03c4\u03bf\u03c0\u03bf\u03b8\u03ad\u03c4\u03b7\u03c3\u03b7 \u03b5\u03af\u03bd\u03b1\u03b9 \u03b1\u03c0\u03b1\u03c1\u03b1\u03af\u03c4\u03b7\u03c4\u03b7 \u03ba\u03b1\u03b9 \u03b8\u03b1 \u03ad\u03c7\u03b5\u03b9 \u03b1\u03bd\u03c4\u03af\u03ba\u03c4\u03c5\u03c0\u03bf \u03c3\u03c4\u03b7\u03bd \u03b1\u03bd\u03c4\u03b9\u03c0\u03c1\u03bf\u03c3\u03c9\u03c0\u03b5\u03c5\u03c4\u03b9\u03ba\u03cc\u03c4\u03b7\u03c4\u03b1 \u03c4\u03c9\u03bd \u03bc\u03b5\u03c4\u03c1\u03ae\u03c3\u03b5\u03c9\u03bd. \u0395\u03b9\u03b4\u03b9\u03ba\u03cc\u03c4\u03b5\u03c1\u03b1, \u03b1\u03c0\u03bf\u03c6\u03cd\u03b3\u03b5\u03c4\u03b5 \u03c4\u03b7\u03bd \u03c4\u03bf\u03c0\u03bf\u03b8\u03ad\u03c4\u03b7\u03c3\u03b7 \u03c4\u03c9\u03bd \u03b1\u03b9\u03c3\u03b8\u03b7\u03c4\u03ae\u03c1\u03c9\u03bd \u03c3\u03b5 \u03c0\u03b1\u03c1\u03ac\u03b8\u03c5\u03c1\u03b1 \u03ae \u03c3\u03b5 \u03ba\u03bf\u03bd\u03c4\u03b9\u03bd\u03ae \u03b1\u03c0\u03cc\u03c3\u03c4\u03b1\u03c3\u03b7.   <\/p>\n\n\n\n<blockquote class=\"wp-block-quote is-layout-flow wp-block-quote-is-layout-flow\">\n<p>\u03a3\u03c5\u03bd\u03b9\u03c3\u03c4\u03bf\u03cd\u03bc\u03b5 <strong>\u03c4\u03b7\u03bd \u03b5\u03b3\u03ba\u03b1\u03c4\u03ac\u03c3\u03c4\u03b1\u03c3\u03b7 \u03b5\u03bd\u03cc\u03c2 \u03b1\u03b9\u03c3\u03b8\u03b7\u03c4\u03ae\u03c1\u03b1 CO2 \u03b1\u03bd\u03ac 40 m\u00b2 \u03c7\u03ce\u03c1\u03bf\u03c5<\/strong>.<\/p>\n<\/blockquote>\n\n\n\n<div class=\"wp-block-buttons is-horizontal is-content-justification-center is-layout-flex wp-container-core-buttons-is-layout-03627597 wp-block-buttons-is-layout-flex\">\n<div class=\"wp-block-button has-custom-width wp-block-button__width-100\"><a class=\"wp-block-button__link wp-element-button\" href=\"https:\/\/obera.fr\/el\/%CE%B5%CF%80%CE%B9%CE%BA%CE%BF%CE%B9%CE%BD%CF%89%CE%BD%CE%AE%CF%83%CF%84%CE%B5-%CE%BC%CE%B1%CE%B6%CE%AF-%CE%BC%CE%B1%CF%82\/\">\u039c\u03ac\u03b8\u03b5\u03c4\u03b5 \u03c0\u03b5\u03c1\u03b9\u03c3\u03c3\u03cc\u03c4\u03b5\u03c1\u03b1<\/a><\/div>\n<\/div>\n\n\n\n<h2 class=\"wp-block-heading\">\u03a4\u03b5\u03c7\u03bd\u03b9\u03ba\u03ad\u03c2 \u03c0\u03c1\u03bf\u03b4\u03b9\u03b1\u03b3\u03c1\u03b1\u03c6\u03ad\u03c2<\/h2>\n\n\n\n<figure class=\"wp-block-table\"><table class=\"has-fixed-layout\"><tbody><tr><td>\u0391\u03b9\u03c3\u03b8\u03b7\u03c4\u03ae\u03c1\u03b1\u03c2 CO2<\/td><td>\u03a4\u03b5\u03c7\u03bd\u03bf\u03bb\u03bf\u03b3\u03af\u03b1 NDIR (\u03b1\u03b9\u03c3\u03b8\u03b7\u03c4\u03ae\u03c1\u03b1\u03c2 \u03c5\u03c0\u03b5\u03c1\u03cd\u03b8\u03c1\u03c9\u03bd \u03c7\u03c9\u03c1\u03af\u03c2 \u03b4\u03b9\u03b1\u03c3\u03c0\u03bf\u03c1\u03ac) \u03bc\u03b5 \u03b1\u03c5\u03c4\u03cc\u03bc\u03b1\u03c4\u03b7 \u03b2\u03b1\u03b8\u03bc\u03bf\u03bd\u03cc\u03bc\u03b7\u03c3\u03b7<br>\u0395\u03cd\u03c1\u03bf\u03c2 \u03bc\u03ad\u03c4\u03c1\u03b7\u03c3\u03b7\u03c2: 0 \u03ad\u03c9\u03c2 5000 ppm (+- 60ppm)<\/td><\/tr><tr><td>\u0391\u03b9\u03c3\u03b8\u03b7\u03c4\u03ae\u03c1\u03b1\u03c2 \u03c5\u03b3\u03c1\u03b1\u03c3\u03af\u03b1\u03c2 \u03ba\u03b1\u03b9 \u03b8\u03b5\u03c1\u03bc\u03bf\u03ba\u03c1\u03b1\u03c3\u03af\u03b1\u03c2<\/td><td>\u03a0\u03c1\u03bf\u03b1\u03b9\u03c1\u03b5\u03c4\u03b9\u03ba\u03cc<\/td><\/tr><tr><td>\u039f\u03b8\u03cc\u03bd\u03b7 \u03c0\u03c1\u03ac\u03c3\u03b9\u03bd\u03bf\u03c5\/\u03ba\u03af\u03c4\u03c1\u03b9\u03bd\u03bf\u03c5\/\u03ba\u03cc\u03ba\u03ba\u03b9\u03bd\u03bf\u03c5 \u03c6\u03c9\u03c4\u03b5\u03b9\u03bd\u03bf\u03cd \u03c3\u03b7\u03bc\u03b1\u03c4\u03bf\u03b4\u03cc\u03c4\u03b7<\/td><td>\u03a0\u03c1\u03ac\u03c3\u03b9\u03bd\u03bf: &lt; 800 ppm<br>\u039a\u03af\u03c4\u03c1\u03b9\u03bd\u03bf: 800 &#8211; 2000 ppm<br>\u039a\u03cc\u03ba\u03ba\u03b9\u03bd\u03bf &gt; 2000 ppm<\/td><\/tr><tr><td>\u0397\u03c7\u03b7\u03c4\u03b9\u03ba\u03cc\u03c2 \u03c3\u03c5\u03bd\u03b1\u03b3\u03b5\u03c1\u03bc\u03cc\u03c2<\/td><td>\u0395\u03c0\u03b9\u03bb\u03bf\u03b3\u03ae<br>\u039f \u03c3\u03c5\u03bd\u03b1\u03b3\u03b5\u03c1\u03bc\u03cc\u03c2 \u03b7\u03c7\u03b5\u03af \u03ba\u03ac\u03b8\u03b5 \u03bb\u03b5\u03c0\u03c4\u03cc \u03cc\u03c4\u03b1\u03bd \u03c5\u03c0\u03b5\u03c1\u03b2\u03b1\u03af\u03bd\u03b5\u03c4\u03b1\u03b9 \u03c4\u03bf \u03cc\u03c1\u03b9\u03bf.<\/td><\/tr><tr><td>\u039a\u03b1\u03bb\u03ce\u03b4\u03b9\u03bf \u03c4\u03c1\u03bf\u03c6\u03bf\u03b4\u03bf\u03c3\u03af\u03b1\u03c2<\/td><td>\u03a0\u03b5\u03c1\u03b9\u03bb\u03b1\u03bc\u03b2\u03ac\u03bd\u03b5\u03c4\u03b1\u03b9 \u03c4\u03c1\u03bf\u03c6\u03bf\u03b4\u03bf\u03c4\u03b9\u03ba\u03cc 12V \u03bc\u03b5 \u03c3\u03cd\u03bd\u03b4\u03b5\u03c3\u03bc\u03bf \u0395\u0395 (\u03bc\u03ae\u03ba\u03bf\u03c2: 1,5 \u03bc\u03ad\u03c4\u03c1\u03b1)<\/td><\/tr><tr><td>\u03a0\u03b1\u03c1\u03bf\u03c7\u03ae \u03c1\u03b5\u03cd\u03bc\u03b1\u03c4\u03bf\u03c2<\/td><td>12V &#8211; 34V AC\/DC<\/td><\/tr><tr><td>\u039a\u03b1\u03c4\u03b1\u03bd\u03ac\u03bb\u03c9\u03c3\u03b7 \u03b5\u03bd\u03ad\u03c1\u03b3\u03b5\u03b9\u03b1\u03c2<\/td><td>40 &#8211; 80 mA<\/td><\/tr><tr><td>\u039c\u03b5\u03c4\u03c1\u03bf\u03cd\u03bc\u03b5\u03bd\u03b1 \u03c6\u03c5\u03c3\u03b9\u03ba\u03ac \u03bc\u03b5\u03b3\u03ad\u03b8\u03b7<\/td><td>CO2 \u03c3\u03b5 ppm<\/td><\/tr><tr><td>\u039a\u03bf\u03c5\u03c4\u03af<\/td><td>\u039a\u03ad\u03bb\u03c5\u03c6\u03bf\u03c2 ABS, \u03bb\u03b5\u03c5\u03ba\u03cc RAL 9010<br>\u03a4\u03c1\u03cd\u03c0\u03b5\u03c2 \u03b3\u03b9\u03b1 \u03b5\u03c0\u03af\u03c4\u03bf\u03b9\u03c7\u03b7 \u03c4\u03bf\u03c0\u03bf\u03b8\u03ad\u03c4\u03b7\u03c3\u03b7<br>\u0394\u03b9\u03b1\u03c3\u03c4\u03ac\u03c3\u03b5\u03b9\u03c2 87,5 x 87,5 x 30mm<\/td><\/tr><tr><td>\u0392\u03ac\u03c3\u03b7 \u03b3\u03b9\u03b1 \u03c4\u03bf\u03c0\u03bf\u03b8\u03ad\u03c4\u03b7\u03c3\u03b7 \u03c3\u03b5 \u03b3\u03c1\u03b1\u03c6\u03b5\u03af\u03bf<\/td><td>\u03a0\u03c1\u03bf\u03b1\u03b9\u03c1\u03b5\u03c4\u03b9\u03ba\u03ae \u03b2\u03ac\u03c3\u03b7 \u03c0\u03c1\u03bf\u03b2\u03bf\u03bb\u03ae\u03c2<br>\u0392\u03ac\u03c3\u03b7 \u03b1\u03c0\u03cc \u03b1\u03bd\u03bf\u03be\u03b5\u03af\u03b4\u03c9\u03c4\u03bf \u03c7\u03ac\u03bb\u03c5\u03b2\u03b1<\/td><\/tr><tr><td>\u039a\u03b1\u03c4\u03b7\u03b3\u03bf\u03c1\u03af\u03b1 \u03c0\u03c1\u03bf\u03c3\u03c4\u03b1\u03c3\u03af\u03b1\u03c2<\/td><td>IP30<\/td><\/tr><\/tbody><\/table><\/figure>\n\n\n\n<div style=\"height:25px\" aria-hidden=\"true\" class=\"wp-block-spacer\"><\/div>\n\n\n\n<h2 class=\"wp-block-heading\">\u0386\u03bb\u03bb\u03bf\u03b9 \u03b1\u03bd\u03b1\u03bb\u03c5\u03c4\u03ad\u03c2 \u03b1\u03ad\u03c1\u03b1 OberA<\/h2>\n\n\n\n<div class=\"wp-block-columns is-layout-flex wp-container-core-columns-is-layout-28f84493 wp-block-columns-is-layout-flex\">\n<div class=\"wp-block-column is-layout-flow wp-block-column-is-layout-flow\">\n<figure class=\"wp-block-image aligncenter size-thumbnail is-resized\"><a href=\"https:\/\/obera.fr\/produits\/analyseurs-air\/compteur-particules\/\"><img decoding=\"async\" width=\"150\" height=\"150\" src=\"https:\/\/obera.fr\/wp-content\/uploads\/2020\/08\/compteur-de-particules-150x150.png\" alt=\"\u039c\u03b5\u03c4\u03c1\u03b7\u03c4\u03ae\u03c2 \u03c3\u03c9\u03bc\u03b1\u03c4\u03b9\u03b4\u03af\u03c9\u03bd Trotec PC220 - \u039c\u03b5\u03c4\u03c1\u03b7\u03c4\u03ae\u03c2 \u03c3\u03c9\u03bc\u03b1\u03c4\u03b9\u03b4\u03af\u03c9\u03bd\" class=\"wp-image-714\" style=\"width:150px;height:150px\" srcset=\"https:\/\/obera.fr\/wp-content\/uploads\/2020\/08\/compteur-de-particules-150x150.png 150w, https:\/\/obera.fr\/wp-content\/uploads\/2020\/08\/compteur-de-particules-300x300.png 300w, https:\/\/obera.fr\/wp-content\/uploads\/2020\/08\/compteur-de-particules.png 433w\" sizes=\"(max-width: 150px) 100vw, 150px\" \/><\/a><figcaption class=\"wp-element-caption\">\u039c\u03b5\u03c4\u03c1\u03b7\u03c4\u03ae\u03c2 \u03c3\u03c9\u03bc\u03b1\u03c4\u03b9\u03b4\u03af\u03c9\u03bd<\/figcaption><\/figure>\n<\/div>\n<\/div>\n","protected":false},"excerpt":{"rendered":"<p>\u039c\u03ad\u03c4\u03c1\u03b7\u03c3\u03b7 \u03c4\u03b7\u03c2 \u03c0\u03bf\u03b9\u03cc\u03c4\u03b7\u03c4\u03b1\u03c2 \u03c4\u03bf\u03c5 \u03b1\u03ad\u03c1\u03b1 \u03bc\u03b5 \u03c6\u03c9\u03c4\u03b5\u03b9\u03bd\u03bf\u03cd\u03c2 \u03c3\u03b7\u03bc\u03b1\u03c4\u03bf\u03b4\u03cc\u03c4\u03b5\u03c2 \u039f \u03b1\u03b9\u03c3\u03b8\u03b7\u03c4\u03ae\u03c1\u03b1\u03c2 CO2 OBCARE \u03c0\u03b1\u03c1\u03b1\u03ba\u03bf\u03bb\u03bf\u03c5\u03b8\u03b5\u03af \u03c4\u03b7\u03bd \u03c0\u03bf\u03b9\u03cc\u03c4\u03b7\u03c4\u03b1 \u03c4\u03bf\u03c5 \u03b1\u03ad\u03c1\u03b1 \u03c3\u03b5 \u03ba\u03bb\u03b5\u03b9\u03c3\u03c4\u03bf\u03cd\u03c2 \u03c7\u03ce\u03c1\u03bf\u03c5\u03c2 \u03c3\u03b5 \u03c0\u03c1\u03b1\u03b3\u03bc\u03b1\u03c4\u03b9\u03ba\u03cc \u03c7\u03c1\u03cc\u03bd\u03bf. \u0397 \u03c0\u03bf\u03bb\u03cd\u03c7\u03c1\u03c9\u03bc\u03b7 \u03bf\u03b8\u03cc\u03bd\u03b7 \u03c4\u03bf\u03c5 \u03bc\u03b5 \u03c4\u03b9\u03c2 \u03c0\u03c1\u03bf\u03b5\u03b9\u03b4\u03bf\u03c0\u03bf\u03b9\u03b7\u03c4\u03b9\u03ba\u03ad\u03c2 \u03bb\u03c5\u03c7\u03bd\u03af\u03b5\u03c2 \u03b4\u03af\u03bd\u03b5\u03b9 \u03ac\u03bc\u03b5\u03c3\u03b7 \u03b5\u03b9\u03ba\u03cc\u03bd\u03b1 \u03c4\u03b7\u03c2 \u03c0\u03bf\u03b9\u03cc\u03c4\u03b7\u03c4\u03b1\u03c2 \u03c4\u03bf\u03c5 \u03b1\u03ad\u03c1\u03b1 \u03ba\u03b1\u03b9 \u03b5\u03bc\u03c6\u03b1\u03bd\u03af\u03b6\u03b5\u03b9 \u03c4\u03b7 \u03c3\u03c5\u03b3\u03ba\u03ad\u03bd\u03c4\u03c1\u03c9\u03c3\u03b7 \u03c4\u03bf\u03c5 CO2 \u03c3\u03b5 ppm. \u0391\u03c5\u03c4\u03ad\u03c2 \u03bf\u03b9 \u03bb\u03c5\u03c7\u03bd\u03af\u03b5\u03c2 \u03c0\u03b1\u03c1\u03ad\u03c7\u03bf\u03c5\u03bd \u03c3\u03b1\u03c6\u03b5\u03af\u03c2 \u03bf\u03c0\u03c4\u03b9\u03ba\u03ad\u03c2 \u03b5\u03bd\u03b4\u03b5\u03af\u03be\u03b5\u03b9\u03c2 \u03ba\u03b1\u03b9 \u03c0\u03c1\u03bf\u03b5\u03b9\u03b4\u03bf\u03c0\u03bf\u03b9\u03bf\u03cd\u03bd \u03c4\u03bf\u03c5\u03c2 \u03c7\u03c1\u03ae\u03c3\u03c4\u03b5\u03c2 \u03b3\u03b9\u03b1 \u03c4\u03b9\u03c2 \u03b5\u03bd\u03ad\u03c1\u03b3\u03b5\u03b9\u03b5\u03c2 \u03c0\u03bf\u03c5 \u03c0\u03c1\u03ad\u03c0\u03b5\u03b9 \u03bd\u03b1 \u03ba\u03ac\u03bd\u03bf\u03c5\u03bd: \u03bd\u03b1 \u03ba\u03b1\u03b8\u03b1\u03c1\u03af\u03c3\u03bf\u03c5\u03bd \u03c4\u03bf\u03bd \u03b1\u03ad\u03c1\u03b1 \u03bc\u03b5 \u03c4\u03b7\u03bd \u03b5\u03b3\u03ba\u03b1\u03c4\u03ac\u03c3\u03c4\u03b1\u03c3\u03b7 \u03ba\u03b9\u03bd\u03b7\u03c4\u03ce\u03bd \u03bc\u03bf\u03bd\u03ac\u03b4\u03c9\u03bd \u03ba\u03b1\u03b8\u03b1\u03c1\u03b9\u03c3\u03bc\u03bf\u03cd \u03b1\u03ad\u03c1\u03b1 \u03ae\/\u03ba\u03b1\u03b9 \u03bd\u03b1 \u03b1\u03b5\u03c1\u03af\u03c3\u03bf\u03c5\u03bd \u03bc\u03b5 \u03c6\u03c5\u03c3\u03b9\u03ba\u03cc \u03c4\u03c1\u03cc\u03c0\u03bf. \u03a4\u03b1 \u03c0\u03bb\u03b5\u03bf\u03bd\u03b5\u03ba\u03c4\u03ae\u03bc\u03b1\u03c4\u03b1 \u03c4\u03bf\u03c5 OBCARE \u03ba\u03b1\u03a0\u03c4\u03ae\u03c1\u03b1 CO2 \u039f \u03b1\u03b9\u03c3\u03b8\u03b7\u03c4\u03ae\u03c1\u03b1\u03c2 CO2 \u03c4\u03bf\u03c5 OBCARE \u03bc\u03b5\u03c4\u03c1\u03ac \u03c3\u03c5\u03bd\u03b5\u03c7\u03ce\u03c2 \u03c4\u03b7\u03bd \u03c0\u03bf\u03b9\u03cc\u03c4\u03b7\u03c4\u03b1 \u03c4\u03bf\u03c5 \u03b1\u03ad\u03c1\u03b1. \u039f\u03b9 \u03c0\u03bb\u03b7\u03c1\u03bf\u03c6\u03bf\u03c1\u03af\u03b5\u03c2 &#8230; <\/p>\n<p class=\"read-more-container\"><a title=\"\u0391\u03b9\u03c3\u03b8\u03b7\u03c4\u03ae\u03c1\u03b1\u03c2 CO2 OBCARE\" class=\"read-more button\" href=\"https:\/\/obera.fr\/el\/produits\/analyseurs-air\/capteur-co2-obcare\/#more-47213\" aria-label=\"Read more about \u0391\u03b9\u03c3\u03b8\u03b7\u03c4\u03ae\u03c1\u03b1\u03c2 CO2 OBCARE\">Lire la suite<\/a><\/p>\n","protected":false},"author":4,"featured_media":83740,"parent":48341,"menu_order":0,"comment_status":"closed","ping_status":"closed","template":"","meta":{"_acf_changed":false,"_seopress_robots_primary_cat":"","_seopress_titles_title":"\u0391\u03b9\u03c3\u03b8\u03b7\u03c4\u03ae\u03c1\u03b1\u03c2 CO2 OBCARE \u03b3\u03b9\u03b1 \u03c4\u03b7 \u03bc\u03ad\u03c4\u03c1\u03b7\u03c3\u03b7 \u03c4\u03b7\u03c2 \u03c0\u03bf\u03b9\u03cc\u03c4\u03b7\u03c4\u03b1\u03c2 \u03c4\u03bf\u03c5 \u03b1\u03ad\u03c1\u03b1","_seopress_titles_desc":"\u0391\u03bd\u03b1\u03ba\u03b1\u03bb\u03cd\u03c8\u03c4\u03b5 \u03c4\u03bf\u03bd \u03b1\u03b9\u03c3\u03b8\u03b7\u03c4\u03ae\u03c1\u03b1 CO2, \u03b9\u03b4\u03b1\u03bd\u03b9\u03ba\u03cc \u03b3\u03b9\u03b1 \u03c4\u03b7 \u03c3\u03c5\u03bc\u03c0\u03bb\u03ae\u03c1\u03c9\u03c3\u03b7 \u03bc\u03b9\u03b1\u03c2 \u03b8\u03b5\u03c1\u03b1\u03c0\u03b5\u03af\u03b1\u03c2 \u03ba\u03b1\u03c4\u03ac \u03c4\u03bf\u03c5 covid-19. \u0394\u03b5\u03af\u03c7\u03bd\u03b5\u03b9 \u03c4\u03b1 \u03b5\u03c0\u03af\u03c0\u03b5\u03b4\u03b1 CO2 \u03c3\u03b5 ppm \u03ba\u03b1\u03b9 \u03c0\u03b1\u03c1\u03ad\u03c7\u03b5\u03b9 \u03c0\u03bb\u03b7\u03c1\u03bf\u03c6\u03bf\u03c1\u03af\u03b5\u03c2 \u03b3\u03b9\u03b1 \u03c4\u03b7\u03bd \u03c0\u03bf\u03b9\u03cc\u03c4\u03b7\u03c4\u03b1 \u03c4\u03bf\u03c5 \u03b1\u03ad\u03c1\u03b1 \u03c3\u03b5 \u03b6\u03c9\u03bd\u03c4\u03b1\u03bd\u03ae \u03bc\u03b5\u03c4\u03ac\u03b4\u03bf\u03c3\u03b7.","_seopress_robots_index":"","footnotes":""},"class_list":{"0":"post-47213","1":"page","2":"type-page","3":"status-publish","4":"has-post-thumbnail","6":"no-featured-image-padding","7":"resize-featured-image"},"acf":[],"_links":{"self":[{"href":"https:\/\/obera.fr\/el\/wp-json\/wp\/v2\/pages\/47213","targetHints":{"allow":["GET"]}}],"collection":[{"href":"https:\/\/obera.fr\/el\/wp-json\/wp\/v2\/pages"}],"about":[{"href":"https:\/\/obera.fr\/el\/wp-json\/wp\/v2\/types\/page"}],"author":[{"embeddable":true,"href":"https:\/\/obera.fr\/el\/wp-json\/wp\/v2\/users\/4"}],"replies":[{"embeddable":true,"href":"https:\/\/obera.fr\/el\/wp-json\/wp\/v2\/comments?post=47213"}],"version-history":[{"count":6,"href":"https:\/\/obera.fr\/el\/wp-json\/wp\/v2\/pages\/47213\/revisions"}],"predecessor-version":[{"id":108420,"href":"https:\/\/obera.fr\/el\/wp-json\/wp\/v2\/pages\/47213\/revisions\/108420"}],"up":[{"embeddable":true,"href":"https:\/\/obera.fr\/el\/wp-json\/wp\/v2\/pages\/48341"}],"wp:featuredmedia":[{"embeddable":true,"href":"https:\/\/obera.fr\/el\/wp-json\/wp\/v2\/media\/83740"}],"wp:attachment":[{"href":"https:\/\/obera.fr\/el\/wp-json\/wp\/v2\/media?parent=47213"}],"curies":[{"name":"wp","href":"https:\/\/api.w.org\/{rel}","templated":true}]}}